{"id":930,"date":"2025-07-25T06:25:00","date_gmt":"2025-07-25T06:25:00","guid":{"rendered":"https:\/\/www.kassiopeia.fi\/ravintola-freja\/?page_id=930"},"modified":"2025-10-02T11:36:00","modified_gmt":"2025-10-02T08:36:00","slug":"sustainability","status":"publish","type":"page","link":"https:\/\/www.kassiopeia.fi\/ravintola-freja\/en\/sustainability\/","title":{"rendered":"Sustainability"},"content":{"rendered":"\n<div class=\"wp-block-cover alignfull is-light cover-hero wavesx wp-duotone-unset-1\" style=\"margin-top:0px;margin-bottom:0px;padding-top:0px;padding-right:0px;padding-bottom:0px;padding-left:0px;min-height:430px;aspect-ratio:unset;\"><img loading=\"lazy\" decoding=\"async\" width=\"2000\" height=\"1333\" class=\"wp-block-cover__image-background wp-image-1531 size-full\" alt=\"\" src=\"https:\/\/www.kassiopeia.fi\/ravintola-freja\/wp-content\/uploads\/sites\/6\/2025\/09\/hotelmatts_ymparistomerkki-5.jpg\" style=\"object-position:29% 55%\" data-object-fit=\"cover\" data-object-position=\"29% 55%\" srcset=\"https:\/\/www.kassiopeia.fi\/ravintola-freja\/wp-content\/uploads\/sites\/6\/2025\/09\/hotelmatts_ymparistomerkki-5.jpg 2000w, https:\/\/www.kassiopeia.fi\/ravintola-freja\/wp-content\/uploads\/sites\/6\/2025\/09\/hotelmatts_ymparistomerkki-5-300x200.jpg 300w, https:\/\/www.kassiopeia.fi\/ravintola-freja\/wp-content\/uploads\/sites\/6\/2025\/09\/hotelmatts_ymparistomerkki-5-1024x682.jpg 1024w, https:\/\/www.kassiopeia.fi\/ravintola-freja\/wp-content\/uploads\/sites\/6\/2025\/09\/hotelmatts_ymparistomerkki-5-768x512.jpg 768w, https:\/\/www.kassiopeia.fi\/ravintola-freja\/wp-content\/uploads\/sites\/6\/2025\/09\/hotelmatts_ymparistomerkki-5-1536x1024.jpg 1536w\" sizes=\"auto, (max-width: 2000px) 100vw, 2000px\" \/><span aria-hidden=\"true\" class=\"wp-block-cover__background has-black-background-color has-background-dim-0 has-background-dim\"><\/span><div class=\"wp-block-cover__inner-container is-layout-flow wp-container-core-cover-is-layout-6e17fc20 wp-block-cover-is-layout-flow\">\n<p class=\"has-text-align-center has-large-font-size\"><\/p>\n<\/div><\/div>\n\n\n\n<div class=\"breadcrumb-container\"><ul id=\"breadcrumbs\" class=\"breadcrumbs\"><li class=\"item-home\"><a class=\"bread-link bread-home\" href=\"https:\/\/www.kassiopeia.fi\/ravintola-freja\" title=\"Ravintola Freja\">Ravintola Freja<\/a><\/li><li class=\"separator separator-home\"> \/ <\/li><\/ul><\/div>\n<style>\n    \n<\/style>\n\n\n<div class=\"wp-block-group alignfull is-layout-constrained wp-container-core-group-is-layout-8d7cd119 wp-block-group-is-layout-constrained\" style=\"margin-top:var(--wp--preset--spacing--60);margin-bottom:var(--wp--preset--spacing--60);padding-top:0;padding-right:var(--wp--preset--spacing--40);padding-bottom:0;padding-left:var(--wp--preset--spacing--40)\">\n<div class=\"wp-block-group alignwide ingress is-layout-constrained wp-block-group-is-layout-constrained\">\n<h1 class=\"wp-block-heading has-text-align-center\" id=\"h-sustainability\" style=\"margin-bottom:var(--wp--preset--spacing--60)\">Sustainability<\/h1>\n<\/div>\n<\/div>\n\n\n\n<div class=\"wp-block-media-text alignwide is-stacked-on-mobile is-vertically-aligned-center is-image-fill-element has-general-1-background-color has-background\" style=\"margin-bottom:var(--wp--preset--spacing--70);padding-top:0;padding-bottom:0\"><figure class=\"wp-block-media-text__media\"><img loading=\"lazy\" decoding=\"async\" width=\"1000\" height=\"799\" src=\"https:\/\/www.kassiopeia.fi\/ravintola-freja\/wp-content\/uploads\/sites\/6\/2025\/07\/Hotel-Matts_Ravintola-Freja_FI_Joutsen_C_service.jpg\" alt=\"The Nordic Swan Ecolabel, ID numeber 4055 0580.\" class=\"wp-image-917 size-full\" style=\"object-position:50% 54%\" srcset=\"https:\/\/www.kassiopeia.fi\/ravintola-freja\/wp-content\/uploads\/sites\/6\/2025\/07\/Hotel-Matts_Ravintola-Freja_FI_Joutsen_C_service.jpg 1000w, https:\/\/www.kassiopeia.fi\/ravintola-freja\/wp-content\/uploads\/sites\/6\/2025\/07\/Hotel-Matts_Ravintola-Freja_FI_Joutsen_C_service-300x240.jpg 300w, https:\/\/www.kassiopeia.fi\/ravintola-freja\/wp-content\/uploads\/sites\/6\/2025\/07\/Hotel-Matts_Ravintola-Freja_FI_Joutsen_C_service-768x614.jpg 768w\" sizes=\"auto, (max-width: 1000px) 100vw, 1000px\" \/><\/figure><div class=\"wp-block-media-text__content\">\n<h3 class=\"wp-block-heading\" id=\"h-we-have-the-nordic-swan-ecolabel-amp-the-sustainable-travel-finland-label\">We Have the Nordic Swan Ecolabel &amp; the Sustainable Travel Finland label <\/h3>\n\n\n\n<p>The Joutsenmerkki (<a href=\"https:\/\/joutsenmerkki.fi\/briefly-in-english\/\" target=\"_blank\" rel=\"noreferrer noopener\">The Nordic Swan Ecolabel<\/a>) for environmental work was awarded to Restaurant Freja and Hotel Matts in early 2024. The label is granted by Ymp\u00e4rist\u00f6merkint\u00e4 Suomi Oy (The Finnish Ecolabel).<br><br>Restaurant Freja and Hotel Matts achieved <a href=\"https:\/\/www.visitfinland.fi\/en\/liiketoiminnan-kehittaminen\/vastuullinen-matkailu\/sustainable-travel-finland\" target=\"_blank\" rel=\"noreferrer noopener\">the Sustainable Travel Finland (STF) label <\/a>in the spring of 2025. The label is awarded to tourism companies and destinations for their long-term and practical efforts towards sustainable tourism. Achieving the label demonstrates that the company is committed to environmental responsibility, respecting local culture, enhancing customer experience, and promoting staff well-being. The STF label is granted by\u00a0<a href=\"https:\/\/www.visitfinland.fi\/en\/liiketoiminnan-kehittaminen\/vastuullinen-matkailu\/sustainable-travel-finland\" target=\"_blank\" rel=\"noreferrer noopener\">Visit Finland<\/a>.<\/p>\n\n\n\n<p>Hotel Matts and Restaurant Freja are part of the Finnish Kassiopeia Hotels &amp; Restaurants chain. Read more about our sustainability efforts&nbsp;<a href=\"https:\/\/www.kassiopeia.fi\/en\/sustainability\/\" target=\"_blank\" rel=\"noreferrer noopener\">on Kassiopeia Hotels &amp; Restaurants\u2019 website.<\/a><\/p>\n\n\n\n<p>Our customers can also influence the sustainability of their visit through their own choices and actions! We have compiled tips for a responsible restaurant visit together with the Nordic Swan Ecolabel.<\/p>\n\n\n\n<div class=\"wp-block-buttons is-layout-flex wp-block-buttons-is-layout-flex\">\n<div class=\"wp-block-button\"><a class=\"wp-block-button__link wp-element-button\" href=\"https:\/\/www.kassiopeia.fi\/en\/sustainability\/responsible-restaurant-visit\/\" target=\"_blank\" rel=\"noreferrer noopener\">Check out the tips for responsible restaurant visit!<\/a><\/div>\n<\/div>\n<\/div><\/div>\n","protected":false},"excerpt":{"rendered":"<p>Sustainability<\/p>\n","protected":false},"author":7,"featured_media":0,"parent":0,"menu_order":0,"comment_status":"closed","ping_status":"closed","template":"","meta":{"_acf_changed":false,"footnotes":""},"class_list":["post-930","page","type-page","status-publish","hentry"],"acf":[],"yoast_head":"<!-- This site is optimized with the Yoast SEO Premium plugin v27.2 (Yoast SEO v27.2) - https:\/\/yoast.com\/product\/yoast-seo-premium-wordpress\/ -->\n<title>Sustainability - Restaurant Freja<\/title>\n<meta name=\"description\" content=\"The Nordic Swan Ecolabel for environmental work was awarded to Restaurant Freja in early 2024. Read more!\" \/>\n<meta name=\"robots\" content=\"index, follow, max-snippet:-1, max-image-preview:large, max-video-preview:-1\" \/>\n<link rel=\"canonical\" href=\"https:\/\/www.kassiopeia.fi\/ravintola-freja\/en\/sustainability\/\" \/>\n<meta property=\"og:locale\" content=\"en_US\" \/>\n<meta property=\"og:type\" content=\"article\" \/>\n<meta property=\"og:title\" content=\"Sustainability\" \/>\n<meta property=\"og:description\" content=\"The Nordic Swan Ecolabel for environmental work was awarded to Restaurant Freja in early 2024. Read more!\" \/>\n<meta property=\"og:url\" content=\"https:\/\/www.kassiopeia.fi\/ravintola-freja\/en\/sustainability\/\" \/>\n<meta property=\"og:site_name\" content=\"Ravintola Freja\" \/>\n<meta property=\"article:modified_time\" content=\"2025-10-02T08:36:00+00:00\" \/>\n<meta property=\"og:image\" content=\"https:\/\/www.kassiopeia.fi\/ravintola-freja\/wp-content\/uploads\/sites\/6\/2025\/09\/hotelmatts_ymparistomerkki-5.jpg\" \/>\n<meta name=\"twitter:card\" content=\"summary_large_image\" \/>\n<meta name=\"twitter:label1\" content=\"Est. reading time\" \/>\n\t<meta name=\"twitter:data1\" content=\"2 minutes\" \/>\n<script type=\"application\/ld+json\" class=\"yoast-schema-graph\">{\"@context\":\"https:\/\/schema.org\",\"@graph\":[{\"@type\":\"WebPage\",\"@id\":\"https:\/\/www.kassiopeia.fi\/ravintola-freja\/en\/sustainability\/\",\"url\":\"https:\/\/www.kassiopeia.fi\/ravintola-freja\/en\/sustainability\/\",\"name\":\"Sustainability - Restaurant Freja\",\"isPartOf\":{\"@id\":\"https:\/\/www.kassiopeia.fi\/ravintola-freja\/#website\"},\"primaryImageOfPage\":{\"@id\":\"https:\/\/www.kassiopeia.fi\/ravintola-freja\/en\/sustainability\/#primaryimage\"},\"image\":{\"@id\":\"https:\/\/www.kassiopeia.fi\/ravintola-freja\/en\/sustainability\/#primaryimage\"},\"thumbnailUrl\":\"https:\/\/www.kassiopeia.fi\/ravintola-freja\/wp-content\/uploads\/sites\/6\/2025\/09\/hotelmatts_ymparistomerkki-5.jpg\",\"datePublished\":\"2025-07-25T06:25:00+00:00\",\"dateModified\":\"2025-10-02T08:36:00+00:00\",\"description\":\"The Nordic Swan Ecolabel for environmental work was awarded to Restaurant Freja in early 2024. Read more!\",\"breadcrumb\":{\"@id\":\"https:\/\/www.kassiopeia.fi\/ravintola-freja\/en\/sustainability\/#breadcrumb\"},\"inLanguage\":\"en-US\",\"potentialAction\":[{\"@type\":\"ReadAction\",\"target\":[\"https:\/\/www.kassiopeia.fi\/ravintola-freja\/en\/sustainability\/\"]}]},{\"@type\":\"ImageObject\",\"inLanguage\":\"en-US\",\"@id\":\"https:\/\/www.kassiopeia.fi\/ravintola-freja\/en\/sustainability\/#primaryimage\",\"url\":\"https:\/\/www.kassiopeia.fi\/ravintola-freja\/wp-content\/uploads\/sites\/6\/2025\/09\/hotelmatts_ymparistomerkki-5.jpg\",\"contentUrl\":\"https:\/\/www.kassiopeia.fi\/ravintola-freja\/wp-content\/uploads\/sites\/6\/2025\/09\/hotelmatts_ymparistomerkki-5.jpg\",\"width\":2000,\"height\":1333,\"caption\":\"Ravintola Frejalla on joutsenmerkki.\"},{\"@type\":\"BreadcrumbList\",\"@id\":\"https:\/\/www.kassiopeia.fi\/ravintola-freja\/en\/sustainability\/#breadcrumb\",\"itemListElement\":[{\"@type\":\"ListItem\",\"position\":1,\"name\":\"Home\",\"item\":\"https:\/\/www.kassiopeia.fi\/ravintola-freja\/\"},{\"@type\":\"ListItem\",\"position\":2,\"name\":\"Sustainability\"}]},{\"@type\":\"WebSite\",\"@id\":\"https:\/\/www.kassiopeia.fi\/ravintola-freja\/#website\",\"url\":\"https:\/\/www.kassiopeia.fi\/ravintola-freja\/\",\"name\":\"Ravintola Freja\",\"description\":\"\",\"potentialAction\":[{\"@type\":\"SearchAction\",\"target\":{\"@type\":\"EntryPoint\",\"urlTemplate\":\"https:\/\/www.kassiopeia.fi\/ravintola-freja\/?s={search_term_string}\"},\"query-input\":{\"@type\":\"PropertyValueSpecification\",\"valueRequired\":true,\"valueName\":\"search_term_string\"}}],\"inLanguage\":\"en-US\"}]}<\/script>\n<!-- \/ Yoast SEO Premium plugin. -->","yoast_head_json":{"title":"Sustainability - Restaurant Freja","description":"The Nordic Swan Ecolabel for environmental work was awarded to Restaurant Freja in early 2024. Read more!","robots":{"index":"index","follow":"follow","max-snippet":"max-snippet:-1","max-image-preview":"max-image-preview:large","max-video-preview":"max-video-preview:-1"},"canonical":"https:\/\/www.kassiopeia.fi\/ravintola-freja\/en\/sustainability\/","og_locale":"en_US","og_type":"article","og_title":"Sustainability","og_description":"The Nordic Swan Ecolabel for environmental work was awarded to Restaurant Freja in early 2024. Read more!","og_url":"https:\/\/www.kassiopeia.fi\/ravintola-freja\/en\/sustainability\/","og_site_name":"Ravintola Freja","article_modified_time":"2025-10-02T08:36:00+00:00","og_image":[{"url":"https:\/\/www.kassiopeia.fi\/ravintola-freja\/wp-content\/uploads\/sites\/6\/2025\/09\/hotelmatts_ymparistomerkki-5.jpg","type":"","width":"","height":""}],"twitter_card":"summary_large_image","twitter_misc":{"Est. reading time":"2 minutes"},"schema":{"@context":"https:\/\/schema.org","@graph":[{"@type":"WebPage","@id":"https:\/\/www.kassiopeia.fi\/ravintola-freja\/en\/sustainability\/","url":"https:\/\/www.kassiopeia.fi\/ravintola-freja\/en\/sustainability\/","name":"Sustainability - Restaurant Freja","isPartOf":{"@id":"https:\/\/www.kassiopeia.fi\/ravintola-freja\/#website"},"primaryImageOfPage":{"@id":"https:\/\/www.kassiopeia.fi\/ravintola-freja\/en\/sustainability\/#primaryimage"},"image":{"@id":"https:\/\/www.kassiopeia.fi\/ravintola-freja\/en\/sustainability\/#primaryimage"},"thumbnailUrl":"https:\/\/www.kassiopeia.fi\/ravintola-freja\/wp-content\/uploads\/sites\/6\/2025\/09\/hotelmatts_ymparistomerkki-5.jpg","datePublished":"2025-07-25T06:25:00+00:00","dateModified":"2025-10-02T08:36:00+00:00","description":"The Nordic Swan Ecolabel for environmental work was awarded to Restaurant Freja in early 2024. Read more!","breadcrumb":{"@id":"https:\/\/www.kassiopeia.fi\/ravintola-freja\/en\/sustainability\/#breadcrumb"},"inLanguage":"en-US","potentialAction":[{"@type":"ReadAction","target":["https:\/\/www.kassiopeia.fi\/ravintola-freja\/en\/sustainability\/"]}]},{"@type":"ImageObject","inLanguage":"en-US","@id":"https:\/\/www.kassiopeia.fi\/ravintola-freja\/en\/sustainability\/#primaryimage","url":"https:\/\/www.kassiopeia.fi\/ravintola-freja\/wp-content\/uploads\/sites\/6\/2025\/09\/hotelmatts_ymparistomerkki-5.jpg","contentUrl":"https:\/\/www.kassiopeia.fi\/ravintola-freja\/wp-content\/uploads\/sites\/6\/2025\/09\/hotelmatts_ymparistomerkki-5.jpg","width":2000,"height":1333,"caption":"Ravintola Frejalla on joutsenmerkki."},{"@type":"BreadcrumbList","@id":"https:\/\/www.kassiopeia.fi\/ravintola-freja\/en\/sustainability\/#breadcrumb","itemListElement":[{"@type":"ListItem","position":1,"name":"Home","item":"https:\/\/www.kassiopeia.fi\/ravintola-freja\/"},{"@type":"ListItem","position":2,"name":"Sustainability"}]},{"@type":"WebSite","@id":"https:\/\/www.kassiopeia.fi\/ravintola-freja\/#website","url":"https:\/\/www.kassiopeia.fi\/ravintola-freja\/","name":"Ravintola Freja","description":"","potentialAction":[{"@type":"SearchAction","target":{"@type":"EntryPoint","urlTemplate":"https:\/\/www.kassiopeia.fi\/ravintola-freja\/?s={search_term_string}"},"query-input":{"@type":"PropertyValueSpecification","valueRequired":true,"valueName":"search_term_string"}}],"inLanguage":"en-US"}]}},"lang":"en","translations":{"en":930,"fi":383},"pll_sync_post":[],"_links":{"self":[{"href":"https:\/\/www.kassiopeia.fi\/ravintola-freja\/wp-json\/wp\/v2\/pages\/930","targetHints":{"allow":["GET"]}}],"collection":[{"href":"https:\/\/www.kassiopeia.fi\/ravintola-freja\/wp-json\/wp\/v2\/pages"}],"about":[{"href":"https:\/\/www.kassiopeia.fi\/ravintola-freja\/wp-json\/wp\/v2\/types\/page"}],"author":[{"embeddable":true,"href":"https:\/\/www.kassiopeia.fi\/ravintola-freja\/wp-json\/wp\/v2\/users\/7"}],"replies":[{"embeddable":true,"href":"https:\/\/www.kassiopeia.fi\/ravintola-freja\/wp-json\/wp\/v2\/comments?post=930"}],"version-history":[{"count":11,"href":"https:\/\/www.kassiopeia.fi\/ravintola-freja\/wp-json\/wp\/v2\/pages\/930\/revisions"}],"predecessor-version":[{"id":2037,"href":"https:\/\/www.kassiopeia.fi\/ravintola-freja\/wp-json\/wp\/v2\/pages\/930\/revisions\/2037"}],"wp:attachment":[{"href":"https:\/\/www.kassiopeia.fi\/ravintola-freja\/wp-json\/wp\/v2\/media?parent=930"}],"curies":[{"name":"wp","href":"https:\/\/api.w.org\/{rel}","templated":true}]}}