{"id":824,"date":"2025-07-23T07:25:05","date_gmt":"2025-07-23T07:25:05","guid":{"rendered":"https:\/\/www.kassiopeia.fi\/ravintola-freja\/?page_id=824"},"modified":"2026-04-08T10:59:06","modified_gmt":"2026-04-08T07:59:06","slug":"star-member-2","status":"publish","type":"page","link":"https:\/\/www.kassiopeia.fi\/ravintola-freja\/en\/star-member-2\/","title":{"rendered":"Star Member"},"content":{"rendered":"\n<div class=\"wp-block-cover alignfull cover-hero wavesx wp-duotone-unset-1\" style=\"margin-top:0px;margin-bottom:0px;padding-top:0px;padding-right:0px;padding-bottom:0px;padding-left:0px;min-height:430px;aspect-ratio:unset;\"><img loading=\"lazy\" decoding=\"async\" width=\"2000\" height=\"1445\" class=\"wp-block-cover__image-background wp-image-2213 size-full\" alt=\"Kassiopeia Star Member loyalty customers dining at Restaurant Freja.\" src=\"https:\/\/www.kassiopeia.fi\/ravintola-freja\/wp-content\/uploads\/sites\/6\/2025\/10\/starmember_hero-1.jpg\" data-object-fit=\"cover\" srcset=\"https:\/\/www.kassiopeia.fi\/ravintola-freja\/wp-content\/uploads\/sites\/6\/2025\/10\/starmember_hero-1.jpg 2000w, https:\/\/www.kassiopeia.fi\/ravintola-freja\/wp-content\/uploads\/sites\/6\/2025\/10\/starmember_hero-1-300x217.jpg 300w, https:\/\/www.kassiopeia.fi\/ravintola-freja\/wp-content\/uploads\/sites\/6\/2025\/10\/starmember_hero-1-1024x740.jpg 1024w, https:\/\/www.kassiopeia.fi\/ravintola-freja\/wp-content\/uploads\/sites\/6\/2025\/10\/starmember_hero-1-768x555.jpg 768w, https:\/\/www.kassiopeia.fi\/ravintola-freja\/wp-content\/uploads\/sites\/6\/2025\/10\/starmember_hero-1-1536x1110.jpg 1536w\" sizes=\"auto, (max-width: 2000px) 100vw, 2000px\" \/><span aria-hidden=\"true\" class=\"wp-block-cover__background has-black-background-color has-background-dim-0 has-background-dim\"><\/span><div class=\"wp-block-cover__inner-container is-layout-flow wp-container-core-cover-is-layout-6e17fc20 wp-block-cover-is-layout-flow\">\n<p class=\"has-text-align-center has-large-font-size\"><\/p>\n<\/div><\/div>\n\n\n\n<div class=\"breadcrumb-container\"><ul id=\"breadcrumbs\" class=\"breadcrumbs\"><li class=\"item-home\"><a class=\"bread-link bread-home\" href=\"https:\/\/www.kassiopeia.fi\/ravintola-freja\" title=\"Ravintola Freja\">Ravintola Freja<\/a><\/li><li class=\"separator separator-home\"> \/ <\/li><\/ul><\/div>\n<style>\n    \n<\/style>\n\n\n<div class=\"wp-block-group alignfull is-layout-constrained wp-container-core-group-is-layout-8d7cd119 wp-block-group-is-layout-constrained\" style=\"margin-top:var(--wp--preset--spacing--60);margin-bottom:var(--wp--preset--spacing--60);padding-top:0;padding-right:var(--wp--preset--spacing--40);padding-bottom:0;padding-left:var(--wp--preset--spacing--40)\">\n<div class=\"wp-block-group alignwide ingress is-layout-constrained wp-block-group-is-layout-constrained\">\n<h1 class=\"wp-block-heading has-text-align-center\" id=\"h-already-a-star-member\" style=\"margin-bottom:var(--wp--preset--spacing--60)\">ALREADY A STAR MEMBER?<\/h1>\n\n\n\n<p class=\"has-text-align-center\">Restaurant Freja is part of the Finnish Kassiopeia Hotels &amp; Restaurants group. By downloading the free Cardu app to your phone, you can become a Kassiopeia Star Member and instantly enjoy loyalty benefits at all Kassiopeia hotels and restaurants.<\/p>\n\n\n\n<div class=\"wp-block-buttons is-content-justification-center is-layout-flex wp-container-core-buttons-is-layout-a89b3969 wp-block-buttons-is-layout-flex\">\n<div class=\"wp-block-button\"><a class=\"wp-block-button__link wp-element-button\" href=\"http:\/\/www.cardu.com\/kassiopeia-star-member\" target=\"_blank\" rel=\"noreferrer noopener\">JOIN AS A STAR MEMBER<\/a><\/div>\n<\/div>\n<\/div>\n<\/div>\n\n\n\n<div class=\"wp-block-group alignfull has-background is-layout-constrained wp-container-core-group-is-layout-e6062249 wp-block-group-is-layout-constrained\" style=\"background-color:#fae5e1;margin-top:var(--wp--preset--spacing--60);margin-bottom:0;padding-top:var(--wp--preset--spacing--70);padding-right:var(--wp--preset--spacing--40);padding-bottom:var(--wp--preset--spacing--70);padding-left:var(--wp--preset--spacing--40)\">\n<h2 class=\"wp-block-heading has-text-align-center has-blue-color has-text-color has-link-color wp-elements-e809f207c3adc6e5b51632c27eb4f7b4\" id=\"h-star-member-benefits-at-restaurant-freja\" style=\"text-transform:uppercase\">Star Member Benefits at Restaurant Freja<\/h2>\n\n\n<script>\n\/\/---------------------------------\n\/\/ Initialize the OffersImagesScroller if not present\n\/\/---------------------------------\nif (typeof offers_images_scroller === 'undefined') {\n    var offers_images_scroller = new OffersImagesScroller();\n    offers_images_scroller.init();\n}\n\n\/\/---------------------------------\n\/\/ Show more button on mobile\n\/\/---------------------------------\ndocument.addEventListener('DOMContentLoaded', function() {\n    if (typeof offers_images_scroller === 'undefined') {\n        var offers_images_scroller = new OffersImagesScroller();\n        offers_images_scroller.init();\n    }\n    document.querySelectorAll('.mobile-show-all-button').forEach(function(button) {\n        button.addEventListener('click', function(e) {\n            e.preventDefault();\n            const parent = button.closest('.kassiopeia-offer-items');\n            if (parent) parent.classList.add('show-all-on-mobile');\n        });\n    });\n});\n<\/script>\n\n\n\n<p><em>Restaurant-specific benefits vary and can be found in Cardu <a href=\"https:\/\/www.kassiopeia.fi\/en\/star-members\/#join-as-star-member\" target=\"_blank\" rel=\"noreferrer noopener\">(see how to activate your benefits)<\/a>. Discounts do not apply to promotional items and cannot be combined with other offers. Discounts cannot be used for private events or in conjunction with group menus.<\/em><\/p>\n<\/div>\n\n\n\n<div class=\"wp-block-group alignfull is-layout-constrained wp-container-core-group-is-layout-12563e28 wp-block-group-is-layout-constrained\" style=\"margin-top:var(--wp--preset--spacing--60);margin-bottom:var(--wp--preset--spacing--70);padding-top:0;padding-right:var(--wp--preset--spacing--40);padding-bottom:0;padding-left:var(--wp--preset--spacing--40)\">\n<div class=\"wp-block-group alignwide ingress is-layout-constrained wp-block-group-is-layout-constrained\">\n<div class=\"wp-block-group is-content-justification-center is-nowrap is-layout-flex wp-container-core-group-is-layout-3c8805c5 wp-block-group-is-layout-flex\">\n<figure class=\"wp-block-image size-large is-resized\"><a href=\"https:\/\/www.facebook.com\/ravintolafreja\/\" target=\"_blank\" rel=\" noreferrer noopener\"><img loading=\"lazy\" decoding=\"async\" width=\"200\" height=\"200\" src=\"https:\/\/www.kassiopeia.fi\/ravintola-freja\/wp-content\/uploads\/sites\/6\/2025\/07\/FB-Freja.svg\" alt=\"\" class=\"wp-image-195\" style=\"width:37px\"\/><\/a><\/figure>\n\n\n\n<figure class=\"wp-block-image size-large is-resized\"><a href=\"https:\/\/www.instagram.com\/ravintolafreja\/\" target=\"_blank\" rel=\" noreferrer noopener\"><img loading=\"lazy\" decoding=\"async\" width=\"200\" height=\"200\" src=\"https:\/\/www.kassiopeia.fi\/ravintola-freja\/wp-content\/uploads\/sites\/6\/2025\/07\/IG-Freja.svg\" alt=\"\" class=\"wp-image-196\" style=\"width:37px\"\/><\/a><\/figure>\n\n\n\n<figure class=\"wp-block-image size-large is-resized\"><a href=\"https:\/\/www.youtube.com\/@kassiopeiahotelsrestaurants\" target=\"_blank\" rel=\" noreferrer noopener\"><img loading=\"lazy\" decoding=\"async\" width=\"200\" height=\"200\" src=\"https:\/\/www.kassiopeia.fi\/ravintola-freja\/wp-content\/uploads\/sites\/6\/2025\/07\/YT-Freja.svg\" alt=\"\" class=\"wp-image-199\" style=\"width:37px\"\/><\/a><\/figure>\n<\/div>\n\n\n\n<p class=\"has-text-align-center\">Suomenlahdentie 7, 02230 Espoo FI | <a href=\"mailto:freja@kassiopeia.fi\">freja@kassiopeia.fi<\/a> |Phone: +358 44 414 8056 (Mon-Sat)<\/p>\n<\/div>\n<\/div>\n\n\n\n<div class=\"wp-block-group alignfull is-layout-constrained wp-container-core-group-is-layout-3ea18fcc wp-block-group-is-layout-constrained\" style=\"margin-top:var(--wp--preset--spacing--60);margin-bottom:var(--wp--preset--spacing--60);padding-top:0;padding-right:var(--wp--preset--spacing--40);padding-bottom:0;padding-left:var(--wp--preset--spacing--40)\">\n<div class=\"wp-block-group alignwide is-layout-constrained wp-container-core-group-is-layout-b4832bf0 wp-block-group-is-layout-constrained\" style=\"margin-top:var(--wp--preset--spacing--60);margin-bottom:var(--wp--preset--spacing--60);padding-top:0;padding-right:0;padding-bottom:0;padding-left:0\">\n<div class=\"wp-block-create-block-lahjakortti\" style=\"background-image: url(https:\/\/www.kassiopeia.fi\/ravintola-freja\/wp-content\/uploads\/sites\/6\/2025\/07\/fre_lahjakortti_bg.jpg); background-position-x: 50%; background-position-y: 50%;\">\n\t<div class=\"lahjakortti-content\" style=\"background: #ffffffad;\">\n\t\t\n<h2 class=\"wp-block-heading has-text-align-center has-panorama-2-color has-text-color has-link-color wp-elements-e21c472cea773a5016b3661289b595aa\" id=\"h-restaurant-gift-card-0\" style=\"font-style:normal;font-weight:700\">Restaurant Gift Card<\/h2>\n\n<p class=\"has-text-align-center\">Give the gift of a delicious experience. A gift card is a perfect choice when you want to give something memorable instead of a material gift \u2013 it\u2019s a delightful surprise!<\/p>\n\n<div class=\"wp-block-buttons is-content-justification-center is-layout-flex wp-container-core-buttons-is-layout-a89b3969 wp-block-buttons-is-layout-flex\">\n<div class=\"wp-block-button\"><a class=\"wp-block-button__link has-general-1-color has-panorama-2-background-color has-text-color has-background has-link-color wp-element-button\" href=\"https:\/\/shop.kassiopeia.fi\/shop\/lang\/en\" style=\"border-style:none;border-width:0px;border-radius:0px\" target=\"_blank\" rel=\"noreferrer noopener\"><strong>Buy a Gift Card<\/strong><\/a><\/div>\n<\/div>\n\t<\/div>\n\t<img decoding=\"async\" class=\"image-l\" src=\"https:\/\/www.kassiopeia.fi\/ravintola-freja\/wp-content\/uploads\/sites\/6\/2025\/07\/lahjakortti_rusetti_alaosa.png\">\n\t<img decoding=\"async\" class=\"image-r\" src=\"https:\/\/www.kassiopeia.fi\/ravintola-freja\/wp-content\/uploads\/sites\/6\/2025\/07\/lahjakortti_rusetti_ylaosa.png\">\n<\/div><\/div>\n<\/div>\n","protected":false},"excerpt":{"rendered":"<p>ALREADY A STAR MEMBER? Restaurant Freja is part of the Finnish Kassiopeia Hotels &amp; Restaurants group. By downloading the free Cardu app to your phone, you can become a Kassiopeia Star Member and instantly enjoy loyalty benefits at all Kassiopeia hotels and restaurants. Star Member Benefits at Restaurant Freja Restaurant-specific benefits vary and can be [&hellip;]<\/p>\n","protected":false},"author":7,"featured_media":0,"parent":0,"menu_order":0,"comment_status":"closed","ping_status":"closed","template":"","meta":{"_acf_changed":false,"footnotes":""},"class_list":["post-824","page","type-page","status-publish","hentry"],"acf":[],"yoast_head":"<!-- This site is optimized with the Yoast SEO Premium plugin v27.2 (Yoast SEO v27.2) - https:\/\/yoast.com\/product\/yoast-seo-premium-wordpress\/ -->\n<title>Join as a Star Member | Benefits at Restaurant Freja &amp; More<\/title>\n<meta name=\"description\" content=\"Become a Star Member and enjoy instant loyalty benefits at Restaurant Freja and all Kassiopeia Hotels &amp; Restaurants. Read more!\" \/>\n<meta name=\"robots\" content=\"index, follow, max-snippet:-1, max-image-preview:large, max-video-preview:-1\" \/>\n<link rel=\"canonical\" href=\"https:\/\/www.kassiopeia.fi\/ravintola-freja\/en\/star-member-2\/\" \/>\n<meta property=\"og:locale\" content=\"en_US\" \/>\n<meta property=\"og:type\" content=\"article\" \/>\n<meta property=\"og:title\" content=\"Star Member\" \/>\n<meta property=\"og:description\" content=\"Become a Star Member and enjoy instant loyalty benefits at Restaurant Freja and all Kassiopeia Hotels &amp; Restaurants. Read more!\" \/>\n<meta property=\"og:url\" content=\"https:\/\/www.kassiopeia.fi\/ravintola-freja\/en\/star-member-2\/\" \/>\n<meta property=\"og:site_name\" content=\"Ravintola Freja\" \/>\n<meta property=\"article:modified_time\" content=\"2026-04-08T07:59:06+00:00\" \/>\n<meta property=\"og:image\" content=\"https:\/\/www.kassiopeia.fi\/ravintola-freja\/wp-content\/uploads\/sites\/6\/2025\/10\/starmember_hero-1.jpg\" \/>\n\t<meta property=\"og:image:width\" content=\"2000\" \/>\n\t<meta property=\"og:image:height\" content=\"1445\" \/>\n\t<meta property=\"og:image:type\" content=\"image\/jpeg\" \/>\n<meta name=\"twitter:card\" content=\"summary_large_image\" \/>\n<meta name=\"twitter:label1\" content=\"Est. reading time\" \/>\n\t<meta name=\"twitter:data1\" content=\"2 minutes\" \/>\n<script type=\"application\/ld+json\" class=\"yoast-schema-graph\">{\"@context\":\"https:\/\/schema.org\",\"@graph\":[{\"@type\":\"WebPage\",\"@id\":\"https:\/\/www.kassiopeia.fi\/ravintola-freja\/en\/star-member-2\/\",\"url\":\"https:\/\/www.kassiopeia.fi\/ravintola-freja\/en\/star-member-2\/\",\"name\":\"Join as a Star Member | Benefits at Restaurant Freja & More\",\"isPartOf\":{\"@id\":\"https:\/\/www.kassiopeia.fi\/ravintola-freja\/#website\"},\"primaryImageOfPage\":{\"@id\":\"https:\/\/www.kassiopeia.fi\/ravintola-freja\/en\/star-member-2\/#primaryimage\"},\"image\":{\"@id\":\"https:\/\/www.kassiopeia.fi\/ravintola-freja\/en\/star-member-2\/#primaryimage\"},\"thumbnailUrl\":\"https:\/\/www.kassiopeia.fi\/ravintola-freja\/wp-content\/uploads\/sites\/6\/2025\/10\/starmember_hero-1.jpg\",\"datePublished\":\"2025-07-23T07:25:05+00:00\",\"dateModified\":\"2026-04-08T07:59:06+00:00\",\"description\":\"Become a Star Member and enjoy instant loyalty benefits at Restaurant Freja and all Kassiopeia Hotels & Restaurants. Read more!\",\"breadcrumb\":{\"@id\":\"https:\/\/www.kassiopeia.fi\/ravintola-freja\/en\/star-member-2\/#breadcrumb\"},\"inLanguage\":\"en-US\",\"potentialAction\":[{\"@type\":\"ReadAction\",\"target\":[\"https:\/\/www.kassiopeia.fi\/ravintola-freja\/en\/star-member-2\/\"]}]},{\"@type\":\"ImageObject\",\"inLanguage\":\"en-US\",\"@id\":\"https:\/\/www.kassiopeia.fi\/ravintola-freja\/en\/star-member-2\/#primaryimage\",\"url\":\"https:\/\/www.kassiopeia.fi\/ravintola-freja\/wp-content\/uploads\/sites\/6\/2025\/10\/starmember_hero-1.jpg\",\"contentUrl\":\"https:\/\/www.kassiopeia.fi\/ravintola-freja\/wp-content\/uploads\/sites\/6\/2025\/10\/starmember_hero-1.jpg\",\"width\":2000,\"height\":1445,\"caption\":\"Kassiopeian Star Member -kanta-asiakkaat sy\u00f6m\u00e4ss\u00e4 Ravintola Frejassa.\"},{\"@type\":\"BreadcrumbList\",\"@id\":\"https:\/\/www.kassiopeia.fi\/ravintola-freja\/en\/star-member-2\/#breadcrumb\",\"itemListElement\":[{\"@type\":\"ListItem\",\"position\":1,\"name\":\"Home\",\"item\":\"https:\/\/www.kassiopeia.fi\/ravintola-freja\/\"},{\"@type\":\"ListItem\",\"position\":2,\"name\":\"Star Member\"}]},{\"@type\":\"WebSite\",\"@id\":\"https:\/\/www.kassiopeia.fi\/ravintola-freja\/#website\",\"url\":\"https:\/\/www.kassiopeia.fi\/ravintola-freja\/\",\"name\":\"Ravintola Freja\",\"description\":\"\",\"potentialAction\":[{\"@type\":\"SearchAction\",\"target\":{\"@type\":\"EntryPoint\",\"urlTemplate\":\"https:\/\/www.kassiopeia.fi\/ravintola-freja\/?s={search_term_string}\"},\"query-input\":{\"@type\":\"PropertyValueSpecification\",\"valueRequired\":true,\"valueName\":\"search_term_string\"}}],\"inLanguage\":\"en-US\"}]}<\/script>\n<!-- \/ Yoast SEO Premium plugin. -->","yoast_head_json":{"title":"Join as a Star Member | Benefits at Restaurant Freja & More","description":"Become a Star Member and enjoy instant loyalty benefits at Restaurant Freja and all Kassiopeia Hotels & Restaurants. Read more!","robots":{"index":"index","follow":"follow","max-snippet":"max-snippet:-1","max-image-preview":"max-image-preview:large","max-video-preview":"max-video-preview:-1"},"canonical":"https:\/\/www.kassiopeia.fi\/ravintola-freja\/en\/star-member-2\/","og_locale":"en_US","og_type":"article","og_title":"Star Member","og_description":"Become a Star Member and enjoy instant loyalty benefits at Restaurant Freja and all Kassiopeia Hotels & Restaurants. Read more!","og_url":"https:\/\/www.kassiopeia.fi\/ravintola-freja\/en\/star-member-2\/","og_site_name":"Ravintola Freja","article_modified_time":"2026-04-08T07:59:06+00:00","og_image":[{"width":2000,"height":1445,"url":"https:\/\/www.kassiopeia.fi\/ravintola-freja\/wp-content\/uploads\/sites\/6\/2025\/10\/starmember_hero-1.jpg","type":"image\/jpeg"}],"twitter_card":"summary_large_image","twitter_misc":{"Est. reading time":"2 minutes"},"schema":{"@context":"https:\/\/schema.org","@graph":[{"@type":"WebPage","@id":"https:\/\/www.kassiopeia.fi\/ravintola-freja\/en\/star-member-2\/","url":"https:\/\/www.kassiopeia.fi\/ravintola-freja\/en\/star-member-2\/","name":"Join as a Star Member | Benefits at Restaurant Freja & More","isPartOf":{"@id":"https:\/\/www.kassiopeia.fi\/ravintola-freja\/#website"},"primaryImageOfPage":{"@id":"https:\/\/www.kassiopeia.fi\/ravintola-freja\/en\/star-member-2\/#primaryimage"},"image":{"@id":"https:\/\/www.kassiopeia.fi\/ravintola-freja\/en\/star-member-2\/#primaryimage"},"thumbnailUrl":"https:\/\/www.kassiopeia.fi\/ravintola-freja\/wp-content\/uploads\/sites\/6\/2025\/10\/starmember_hero-1.jpg","datePublished":"2025-07-23T07:25:05+00:00","dateModified":"2026-04-08T07:59:06+00:00","description":"Become a Star Member and enjoy instant loyalty benefits at Restaurant Freja and all Kassiopeia Hotels & Restaurants. Read more!","breadcrumb":{"@id":"https:\/\/www.kassiopeia.fi\/ravintola-freja\/en\/star-member-2\/#breadcrumb"},"inLanguage":"en-US","potentialAction":[{"@type":"ReadAction","target":["https:\/\/www.kassiopeia.fi\/ravintola-freja\/en\/star-member-2\/"]}]},{"@type":"ImageObject","inLanguage":"en-US","@id":"https:\/\/www.kassiopeia.fi\/ravintola-freja\/en\/star-member-2\/#primaryimage","url":"https:\/\/www.kassiopeia.fi\/ravintola-freja\/wp-content\/uploads\/sites\/6\/2025\/10\/starmember_hero-1.jpg","contentUrl":"https:\/\/www.kassiopeia.fi\/ravintola-freja\/wp-content\/uploads\/sites\/6\/2025\/10\/starmember_hero-1.jpg","width":2000,"height":1445,"caption":"Kassiopeian Star Member -kanta-asiakkaat sy\u00f6m\u00e4ss\u00e4 Ravintola Frejassa."},{"@type":"BreadcrumbList","@id":"https:\/\/www.kassiopeia.fi\/ravintola-freja\/en\/star-member-2\/#breadcrumb","itemListElement":[{"@type":"ListItem","position":1,"name":"Home","item":"https:\/\/www.kassiopeia.fi\/ravintola-freja\/"},{"@type":"ListItem","position":2,"name":"Star Member"}]},{"@type":"WebSite","@id":"https:\/\/www.kassiopeia.fi\/ravintola-freja\/#website","url":"https:\/\/www.kassiopeia.fi\/ravintola-freja\/","name":"Ravintola Freja","description":"","potentialAction":[{"@type":"SearchAction","target":{"@type":"EntryPoint","urlTemplate":"https:\/\/www.kassiopeia.fi\/ravintola-freja\/?s={search_term_string}"},"query-input":{"@type":"PropertyValueSpecification","valueRequired":true,"valueName":"search_term_string"}}],"inLanguage":"en-US"}]}},"lang":"en","translations":{"en":824,"fi":379},"pll_sync_post":[],"_links":{"self":[{"href":"https:\/\/www.kassiopeia.fi\/ravintola-freja\/wp-json\/wp\/v2\/pages\/824","targetHints":{"allow":["GET"]}}],"collection":[{"href":"https:\/\/www.kassiopeia.fi\/ravintola-freja\/wp-json\/wp\/v2\/pages"}],"about":[{"href":"https:\/\/www.kassiopeia.fi\/ravintola-freja\/wp-json\/wp\/v2\/types\/page"}],"author":[{"embeddable":true,"href":"https:\/\/www.kassiopeia.fi\/ravintola-freja\/wp-json\/wp\/v2\/users\/7"}],"replies":[{"embeddable":true,"href":"https:\/\/www.kassiopeia.fi\/ravintola-freja\/wp-json\/wp\/v2\/comments?post=824"}],"version-history":[{"count":15,"href":"https:\/\/www.kassiopeia.fi\/ravintola-freja\/wp-json\/wp\/v2\/pages\/824\/revisions"}],"predecessor-version":[{"id":3374,"href":"https:\/\/www.kassiopeia.fi\/ravintola-freja\/wp-json\/wp\/v2\/pages\/824\/revisions\/3374"}],"wp:attachment":[{"href":"https:\/\/www.kassiopeia.fi\/ravintola-freja\/wp-json\/wp\/v2\/media?parent=824"}],"curies":[{"name":"wp","href":"https:\/\/api.w.org\/{rel}","templated":true}]}}