{"id":391,"date":"2025-07-07T13:09:50","date_gmt":"2025-07-07T13:09:50","guid":{"rendered":"https:\/\/www.kassiopeia.fi\/ravintola-freja\/?page_id=391"},"modified":"2025-10-02T14:54:31","modified_gmt":"2025-10-02T11:54:31","slug":"meista","status":"publish","type":"page","link":"https:\/\/www.kassiopeia.fi\/ravintola-freja\/meista\/","title":{"rendered":"Meist\u00e4"},"content":{"rendered":"\n<div class=\"wp-block-cover alignfull is-light cover-hero wavesx wp-duotone-unset-1\" style=\"margin-top:0px;margin-bottom:0px;padding-top:0px;padding-right:0px;padding-bottom:0px;padding-left:0px;min-height:430px;aspect-ratio:unset;\"><img loading=\"lazy\" decoding=\"async\" width=\"2000\" height=\"930\" class=\"wp-block-cover__image-background wp-image-2153 size-full\" alt=\"Ravintola Frejan illallissali.\" src=\"https:\/\/www.kassiopeia.fi\/ravintola-freja\/wp-content\/uploads\/sites\/6\/2025\/10\/meista_hero.jpg\" style=\"object-position:47% 66%\" data-object-fit=\"cover\" data-object-position=\"47% 66%\" srcset=\"https:\/\/www.kassiopeia.fi\/ravintola-freja\/wp-content\/uploads\/sites\/6\/2025\/10\/meista_hero.jpg 2000w, https:\/\/www.kassiopeia.fi\/ravintola-freja\/wp-content\/uploads\/sites\/6\/2025\/10\/meista_hero-300x140.jpg 300w, https:\/\/www.kassiopeia.fi\/ravintola-freja\/wp-content\/uploads\/sites\/6\/2025\/10\/meista_hero-1024x476.jpg 1024w, https:\/\/www.kassiopeia.fi\/ravintola-freja\/wp-content\/uploads\/sites\/6\/2025\/10\/meista_hero-768x357.jpg 768w, https:\/\/www.kassiopeia.fi\/ravintola-freja\/wp-content\/uploads\/sites\/6\/2025\/10\/meista_hero-1536x714.jpg 1536w\" sizes=\"auto, (max-width: 2000px) 100vw, 2000px\" \/><span aria-hidden=\"true\" class=\"wp-block-cover__background has-black-background-color has-background-dim-0 has-background-dim\"><\/span><div class=\"wp-block-cover__inner-container is-layout-flow wp-container-core-cover-is-layout-6e17fc20 wp-block-cover-is-layout-flow\">\n<p class=\"has-text-align-center has-large-font-size\"><\/p>\n<\/div><\/div>\n\n\n\n<div class=\"breadcrumb-container\"><ul id=\"breadcrumbs\" class=\"breadcrumbs\"><li class=\"item-home\"><a class=\"bread-link bread-home\" href=\"https:\/\/www.kassiopeia.fi\/ravintola-freja\" title=\"Ravintola Freja\">Ravintola Freja<\/a><\/li><li class=\"separator separator-home\"> \/ <\/li><\/ul><\/div>\n<style>\n    \n<\/style>\n\n\n<div class=\"wp-block-group alignfull is-layout-constrained wp-container-core-group-is-layout-8d7cd119 wp-block-group-is-layout-constrained\" style=\"margin-top:var(--wp--preset--spacing--60);margin-bottom:var(--wp--preset--spacing--60);padding-top:0;padding-right:var(--wp--preset--spacing--40);padding-bottom:0;padding-left:var(--wp--preset--spacing--40)\">\n<div class=\"wp-block-group alignwide ingress is-layout-constrained wp-block-group-is-layout-constrained\">\n<h1 class=\"wp-block-heading has-text-align-center\" id=\"h-tutustu-ravintola-frejaan-meista\" style=\"margin-bottom:var(--wp--preset--spacing--60)\">Tutustu ravintola Frejaan \u2212 meist\u00e4<\/h1>\n<\/div>\n<\/div>\n\n\n\n<div class=\"wp-block-media-text alignwide is-stacked-on-mobile is-vertically-aligned-center is-image-fill-element has-general-1-background-color has-background\" style=\"margin-bottom:var(--wp--preset--spacing--70)\"><figure class=\"wp-block-media-text__media\"><img loading=\"lazy\" decoding=\"async\" width=\"1000\" height=\"1000\" src=\"https:\/\/www.kassiopeia.fi\/ravintola-freja\/wp-content\/uploads\/sites\/6\/2025\/07\/konsta-ravintola-freja-espoo.jpg\" alt=\"Keitti\u00f6p\u00e4\u00e4llikk\u00f6 Konsta Elomaan\" class=\"wp-image-546 size-full\" style=\"object-position:39% 17%\" srcset=\"https:\/\/www.kassiopeia.fi\/ravintola-freja\/wp-content\/uploads\/sites\/6\/2025\/07\/konsta-ravintola-freja-espoo.jpg 1000w, https:\/\/www.kassiopeia.fi\/ravintola-freja\/wp-content\/uploads\/sites\/6\/2025\/07\/konsta-ravintola-freja-espoo-300x300.jpg 300w, https:\/\/www.kassiopeia.fi\/ravintola-freja\/wp-content\/uploads\/sites\/6\/2025\/07\/konsta-ravintola-freja-espoo-150x150.jpg 150w, https:\/\/www.kassiopeia.fi\/ravintola-freja\/wp-content\/uploads\/sites\/6\/2025\/07\/konsta-ravintola-freja-espoo-768x768.jpg 768w\" sizes=\"auto, (max-width: 1000px) 100vw, 1000px\" \/><\/figure><div class=\"wp-block-media-text__content\">\n<h2 class=\"wp-block-heading\" id=\"h-sesongin-mukaan-pohjoisesta-inspiroitunutta\">Sesongin mukaan \u2013 pohjoisesta inspiroitunutta<\/h2>\n\n\n\n<p>Ravintola Frejan keitti\u00f6ss\u00e4 elet\u00e4\u00e4n vuoden rytmiss\u00e4 ja kunnioitetaan pohjoisia makuja. Keitti\u00f6p\u00e4\u00e4llikk\u00f6 Konsta Elomaan johdolla syntyy konstailematonta ruokaa, jossa sesongin parhaat raaka-aineet ja pohjoisen keitti\u00f6n perinteet kohtaavat modernin otteen.<\/p>\n\n\n\n<p>Freja on paikka, jossa kiire unohtuu. Aamu alkaa runsaalla buffetilla, p\u00e4iv\u00e4 jatkuu ravitsevalla lounaalla ja ilta p\u00e4\u00e4ttyy tunnelmalliseen illalliseen. Freja on keidas keskell\u00e4 Matinkyl\u00e4\u00e4 \u2013 t\u00e4\u00e4ll\u00e4 voi heng\u00e4ht\u00e4\u00e4 hetken ja uppoutua makuihin, jotka el\u00e4v\u00e4t vuodenaikojen mukana.<\/p>\n\n\n\n<p>Lue lis\u00e4\u00e4:&nbsp;<a href=\"https:\/\/www.kassiopeia.fi\/ajankohtaista\/meet-the-chef-konsta-elomaa\/\" target=\"_blank\" rel=\"noreferrer noopener\">Meet the Chef: Konsta Elomaa<\/a><\/p>\n<\/div><\/div>\n\n\n\n<div class=\"wp-block-media-text alignwide has-media-on-the-right is-stacked-on-mobile is-vertically-aligned-center is-image-fill-element has-general-1-background-color has-background\" style=\"margin-bottom:var(--wp--preset--spacing--70)\"><div class=\"wp-block-media-text__content\">\n<h2 class=\"wp-block-heading\" id=\"h-taustaa\">Taustaa<\/h2>\n\n\n\n<p class=\"has-text-align-left\">Frejan taustalta l\u00f6ytyy&nbsp;<a href=\"https:\/\/www.kassiopeia.fi\/\" target=\"_blank\" rel=\"noreferrer noopener\">Kassiopeia Hotels &amp; Restaurants<\/a>, joka on vuonna 1997 perustettu suomalainen yritys. Ravintola Freja on yksi monista Kassiopeian ravintoloista, joista l\u00e4hin sisarravintola l\u00f6ytyy vain parin kilometrin p\u00e4\u00e4st\u00e4. Saatatkin tuntea t\u00e4m\u00e4n viihtyis\u00e4n rantakahvilan nimelt\u00e4, nimitt\u00e4in kyseess\u00e4 on&nbsp;<a href=\"https:\/\/nokkalanmajakka.fi\/index.php\" target=\"_blank\" rel=\"noreferrer noopener\">Nokkalan Majakka<\/a>!<\/p>\n\n\n\n<p class=\"has-text-align-left\">Kassiopeialla on my\u00f6s hotelleja: Freja sijaitsee uuden&nbsp;<a href=\"https:\/\/www.hotelmatts.fi\/\" target=\"_blank\" rel=\"noreferrer noopener\">Hotel Mattsin<\/a>&nbsp;katutasossa ja kaksi muuta hotellia l\u00f6ytyv\u00e4t upeasta Suomen Lapista.&nbsp;<a href=\"https:\/\/levipanorama.fi\/\" target=\"_blank\" rel=\"noreferrer noopener\">Maisemahotelli Levi Panorama<\/a>&nbsp;ravintoloineen, kokouspalveluineen ja elokuvateattereineen l\u00f6ytyy Levitunturin rinteest\u00e4, ja kodikas&nbsp;<a href=\"https:\/\/www.k5levi.fi\/\" target=\"_blank\" rel=\"noreferrer noopener\">Hotel K5 Levi<\/a>&nbsp;palveluineen Levin tunturikyl\u00e4n tuntumasta.<\/p>\n<\/div><figure class=\"wp-block-media-text__media\"><img loading=\"lazy\" decoding=\"async\" width=\"1000\" height=\"667\" src=\"https:\/\/www.kassiopeia.fi\/ravintola-freja\/wp-content\/uploads\/sites\/6\/2025\/10\/nokkalan-majakka-ulkoa-illalla.jpg\" alt=\"Nokkalan Majakka -rantakahvila-ravintola Espoossa.\" class=\"wp-image-2008 size-full\" style=\"object-position:50% 50%\" srcset=\"https:\/\/www.kassiopeia.fi\/ravintola-freja\/wp-content\/uploads\/sites\/6\/2025\/10\/nokkalan-majakka-ulkoa-illalla.jpg 1000w, https:\/\/www.kassiopeia.fi\/ravintola-freja\/wp-content\/uploads\/sites\/6\/2025\/10\/nokkalan-majakka-ulkoa-illalla-300x200.jpg 300w, https:\/\/www.kassiopeia.fi\/ravintola-freja\/wp-content\/uploads\/sites\/6\/2025\/10\/nokkalan-majakka-ulkoa-illalla-768x512.jpg 768w\" sizes=\"auto, (max-width: 1000px) 100vw, 1000px\" \/><\/figure><\/div>\n\n\n\n<div class=\"wp-block-media-text alignwide is-stacked-on-mobile is-vertically-aligned-center is-image-fill-element has-general-1-background-color has-background\" style=\"margin-bottom:var(--wp--preset--spacing--70)\"><figure class=\"wp-block-media-text__media\"><img loading=\"lazy\" decoding=\"async\" width=\"1000\" height=\"1000\" src=\"https:\/\/www.kassiopeia.fi\/ravintola-freja\/wp-content\/uploads\/sites\/6\/2025\/07\/hotelmatts_ymparistomerkki-5-1000x1000-1.jpg\" alt=\"\" class=\"wp-image-209 size-full\" style=\"object-position:50% 50%\" srcset=\"https:\/\/www.kassiopeia.fi\/ravintola-freja\/wp-content\/uploads\/sites\/6\/2025\/07\/hotelmatts_ymparistomerkki-5-1000x1000-1.jpg 1000w, https:\/\/www.kassiopeia.fi\/ravintola-freja\/wp-content\/uploads\/sites\/6\/2025\/07\/hotelmatts_ymparistomerkki-5-1000x1000-1-300x300.jpg 300w, https:\/\/www.kassiopeia.fi\/ravintola-freja\/wp-content\/uploads\/sites\/6\/2025\/07\/hotelmatts_ymparistomerkki-5-1000x1000-1-150x150.jpg 150w, https:\/\/www.kassiopeia.fi\/ravintola-freja\/wp-content\/uploads\/sites\/6\/2025\/07\/hotelmatts_ymparistomerkki-5-1000x1000-1-768x768.jpg 768w\" sizes=\"auto, (max-width: 1000px) 100vw, 1000px\" \/><\/figure><div class=\"wp-block-media-text__content\">\n<h2 class=\"wp-block-heading\" id=\"h-vastuullisuus-ravintola-frejassa\">Vastuullisuus Ravintola Frejassa<\/h2>\n\n\n\n<p class=\"has-text-align-left\">Ravintola Frejalle ja Hotel Mattsille on my\u00f6nnetty alkuvuodesta 2024 ymp\u00e4rist\u00f6ty\u00f6st\u00e4 kertova&nbsp;<a href=\"https:\/\/www.kassiopeia.fi\/joutsenmerkki\" target=\"_blank\" rel=\"noreferrer noopener\">Joutsenmerkki<\/a>. Kev\u00e4\u00e4ll\u00e4 2025 Hotel Mattsille ja Ravintola Frejalle on my\u00f6nnetty my\u00f6s <strong>Sustainable Travel Finland (STF) -merkki.<\/strong>&nbsp;<\/p>\n\n\n\n<p class=\"has-text-align-left\"><strong><a href=\"https:\/\/www.kassiopeia.fi\/ravintola-freja\/vastuullisuus\/\">Lue lis\u00e4\u00e4 vastuullisuudestamme t\u00e4\u00e4lt\u00e4!<\/a><\/strong><\/p>\n<\/div><\/div>\n","protected":false},"excerpt":{"rendered":"<p>Tutustu ravintola Frejaan \u2212 meist\u00e4 Sesongin mukaan \u2013 pohjoisesta inspiroitunutta Ravintola Frejan keitti\u00f6ss\u00e4 elet\u00e4\u00e4n vuoden rytmiss\u00e4 ja kunnioitetaan pohjoisia makuja. Keitti\u00f6p\u00e4\u00e4llikk\u00f6 Konsta Elomaan johdolla syntyy konstailematonta ruokaa, jossa sesongin parhaat raaka-aineet ja pohjoisen keitti\u00f6n perinteet kohtaavat modernin otteen. Freja on paikka, jossa kiire unohtuu. Aamu alkaa runsaalla buffetilla, p\u00e4iv\u00e4 jatkuu ravitsevalla lounaalla ja ilta p\u00e4\u00e4ttyy [&hellip;]<\/p>\n","protected":false},"author":1,"featured_media":0,"parent":0,"menu_order":0,"comment_status":"closed","ping_status":"closed","template":"","meta":{"_acf_changed":false,"footnotes":""},"class_list":["post-391","page","type-page","status-publish","hentry"],"acf":[],"yoast_head":"<!-- This site is optimized with the Yoast SEO Premium plugin v27.2 (Yoast SEO v27.2) - https:\/\/yoast.com\/product\/yoast-seo-premium-wordpress\/ -->\n<title>Meist\u00e4 - Ravintola Freja<\/title>\n<meta name=\"description\" content=\"Ravintola Frejan keitti\u00f6ss\u00e4 elet\u00e4\u00e4n vuoden rytmiss\u00e4 ja kunnioitetaan pohjoisia makuja. Sijaitsemme Espoon Matinkyl\u00e4ss\u00e4. Lue lis\u00e4\u00e4 meist\u00e4!\" \/>\n<meta name=\"robots\" content=\"index, follow, max-snippet:-1, max-image-preview:large, max-video-preview:-1\" \/>\n<link rel=\"canonical\" href=\"https:\/\/www.kassiopeia.fi\/ravintola-freja\/meista\/\" \/>\n<meta property=\"og:locale\" content=\"en_US\" \/>\n<meta property=\"og:type\" content=\"article\" \/>\n<meta property=\"og:title\" content=\"Meist\u00e4\" \/>\n<meta property=\"og:description\" content=\"Ravintola Frejan keitti\u00f6ss\u00e4 elet\u00e4\u00e4n vuoden rytmiss\u00e4 ja kunnioitetaan pohjoisia makuja. Sijaitsemme Espoon Matinkyl\u00e4ss\u00e4. Lue lis\u00e4\u00e4 meist\u00e4!\" \/>\n<meta property=\"og:url\" content=\"https:\/\/www.kassiopeia.fi\/ravintola-freja\/meista\/\" \/>\n<meta property=\"og:site_name\" content=\"Ravintola Freja\" \/>\n<meta property=\"article:modified_time\" content=\"2025-10-02T11:54:31+00:00\" \/>\n<meta property=\"og:image\" content=\"https:\/\/www.kassiopeia.fi\/ravintola-freja\/wp-content\/uploads\/sites\/6\/2025\/10\/meista_hero.jpg\" \/>\n<meta name=\"twitter:card\" content=\"summary_large_image\" \/>\n<meta name=\"twitter:label1\" content=\"Est. reading time\" \/>\n\t<meta name=\"twitter:data1\" content=\"2 minutes\" \/>\n<script type=\"application\/ld+json\" class=\"yoast-schema-graph\">{\"@context\":\"https:\/\/schema.org\",\"@graph\":[{\"@type\":\"WebPage\",\"@id\":\"https:\/\/www.kassiopeia.fi\/ravintola-freja\/meista\/\",\"url\":\"https:\/\/www.kassiopeia.fi\/ravintola-freja\/meista\/\",\"name\":\"Meist\u00e4 - Ravintola Freja\",\"isPartOf\":{\"@id\":\"https:\/\/www.kassiopeia.fi\/ravintola-freja\/#website\"},\"primaryImageOfPage\":{\"@id\":\"https:\/\/www.kassiopeia.fi\/ravintola-freja\/meista\/#primaryimage\"},\"image\":{\"@id\":\"https:\/\/www.kassiopeia.fi\/ravintola-freja\/meista\/#primaryimage\"},\"thumbnailUrl\":\"https:\/\/www.kassiopeia.fi\/ravintola-freja\/wp-content\/uploads\/sites\/6\/2025\/10\/meista_hero.jpg\",\"datePublished\":\"2025-07-07T13:09:50+00:00\",\"dateModified\":\"2025-10-02T11:54:31+00:00\",\"description\":\"Ravintola Frejan keitti\u00f6ss\u00e4 elet\u00e4\u00e4n vuoden rytmiss\u00e4 ja kunnioitetaan pohjoisia makuja. Sijaitsemme Espoon Matinkyl\u00e4ss\u00e4. Lue lis\u00e4\u00e4 meist\u00e4!\",\"breadcrumb\":{\"@id\":\"https:\/\/www.kassiopeia.fi\/ravintola-freja\/meista\/#breadcrumb\"},\"inLanguage\":\"en-US\",\"potentialAction\":[{\"@type\":\"ReadAction\",\"target\":[\"https:\/\/www.kassiopeia.fi\/ravintola-freja\/meista\/\"]}]},{\"@type\":\"ImageObject\",\"inLanguage\":\"en-US\",\"@id\":\"https:\/\/www.kassiopeia.fi\/ravintola-freja\/meista\/#primaryimage\",\"url\":\"https:\/\/www.kassiopeia.fi\/ravintola-freja\/wp-content\/uploads\/sites\/6\/2025\/10\/meista_hero.jpg\",\"contentUrl\":\"https:\/\/www.kassiopeia.fi\/ravintola-freja\/wp-content\/uploads\/sites\/6\/2025\/10\/meista_hero.jpg\",\"width\":2000,\"height\":930,\"caption\":\"Ravintola Frejan illallissali.\"},{\"@type\":\"BreadcrumbList\",\"@id\":\"https:\/\/www.kassiopeia.fi\/ravintola-freja\/meista\/#breadcrumb\",\"itemListElement\":[{\"@type\":\"ListItem\",\"position\":1,\"name\":\"Home\",\"item\":\"https:\/\/www.kassiopeia.fi\/ravintola-freja\/\"},{\"@type\":\"ListItem\",\"position\":2,\"name\":\"Meist\u00e4\"}]},{\"@type\":\"WebSite\",\"@id\":\"https:\/\/www.kassiopeia.fi\/ravintola-freja\/#website\",\"url\":\"https:\/\/www.kassiopeia.fi\/ravintola-freja\/\",\"name\":\"Ravintola Freja\",\"description\":\"\",\"potentialAction\":[{\"@type\":\"SearchAction\",\"target\":{\"@type\":\"EntryPoint\",\"urlTemplate\":\"https:\/\/www.kassiopeia.fi\/ravintola-freja\/?s={search_term_string}\"},\"query-input\":{\"@type\":\"PropertyValueSpecification\",\"valueRequired\":true,\"valueName\":\"search_term_string\"}}],\"inLanguage\":\"en-US\"}]}<\/script>\n<!-- \/ Yoast SEO Premium plugin. -->","yoast_head_json":{"title":"Meist\u00e4 - Ravintola Freja","description":"Ravintola Frejan keitti\u00f6ss\u00e4 elet\u00e4\u00e4n vuoden rytmiss\u00e4 ja kunnioitetaan pohjoisia makuja. Sijaitsemme Espoon Matinkyl\u00e4ss\u00e4. Lue lis\u00e4\u00e4 meist\u00e4!","robots":{"index":"index","follow":"follow","max-snippet":"max-snippet:-1","max-image-preview":"max-image-preview:large","max-video-preview":"max-video-preview:-1"},"canonical":"https:\/\/www.kassiopeia.fi\/ravintola-freja\/meista\/","og_locale":"en_US","og_type":"article","og_title":"Meist\u00e4","og_description":"Ravintola Frejan keitti\u00f6ss\u00e4 elet\u00e4\u00e4n vuoden rytmiss\u00e4 ja kunnioitetaan pohjoisia makuja. Sijaitsemme Espoon Matinkyl\u00e4ss\u00e4. Lue lis\u00e4\u00e4 meist\u00e4!","og_url":"https:\/\/www.kassiopeia.fi\/ravintola-freja\/meista\/","og_site_name":"Ravintola Freja","article_modified_time":"2025-10-02T11:54:31+00:00","og_image":[{"url":"https:\/\/www.kassiopeia.fi\/ravintola-freja\/wp-content\/uploads\/sites\/6\/2025\/10\/meista_hero.jpg","type":"","width":"","height":""}],"twitter_card":"summary_large_image","twitter_misc":{"Est. reading time":"2 minutes"},"schema":{"@context":"https:\/\/schema.org","@graph":[{"@type":"WebPage","@id":"https:\/\/www.kassiopeia.fi\/ravintola-freja\/meista\/","url":"https:\/\/www.kassiopeia.fi\/ravintola-freja\/meista\/","name":"Meist\u00e4 - Ravintola Freja","isPartOf":{"@id":"https:\/\/www.kassiopeia.fi\/ravintola-freja\/#website"},"primaryImageOfPage":{"@id":"https:\/\/www.kassiopeia.fi\/ravintola-freja\/meista\/#primaryimage"},"image":{"@id":"https:\/\/www.kassiopeia.fi\/ravintola-freja\/meista\/#primaryimage"},"thumbnailUrl":"https:\/\/www.kassiopeia.fi\/ravintola-freja\/wp-content\/uploads\/sites\/6\/2025\/10\/meista_hero.jpg","datePublished":"2025-07-07T13:09:50+00:00","dateModified":"2025-10-02T11:54:31+00:00","description":"Ravintola Frejan keitti\u00f6ss\u00e4 elet\u00e4\u00e4n vuoden rytmiss\u00e4 ja kunnioitetaan pohjoisia makuja. Sijaitsemme Espoon Matinkyl\u00e4ss\u00e4. Lue lis\u00e4\u00e4 meist\u00e4!","breadcrumb":{"@id":"https:\/\/www.kassiopeia.fi\/ravintola-freja\/meista\/#breadcrumb"},"inLanguage":"en-US","potentialAction":[{"@type":"ReadAction","target":["https:\/\/www.kassiopeia.fi\/ravintola-freja\/meista\/"]}]},{"@type":"ImageObject","inLanguage":"en-US","@id":"https:\/\/www.kassiopeia.fi\/ravintola-freja\/meista\/#primaryimage","url":"https:\/\/www.kassiopeia.fi\/ravintola-freja\/wp-content\/uploads\/sites\/6\/2025\/10\/meista_hero.jpg","contentUrl":"https:\/\/www.kassiopeia.fi\/ravintola-freja\/wp-content\/uploads\/sites\/6\/2025\/10\/meista_hero.jpg","width":2000,"height":930,"caption":"Ravintola Frejan illallissali."},{"@type":"BreadcrumbList","@id":"https:\/\/www.kassiopeia.fi\/ravintola-freja\/meista\/#breadcrumb","itemListElement":[{"@type":"ListItem","position":1,"name":"Home","item":"https:\/\/www.kassiopeia.fi\/ravintola-freja\/"},{"@type":"ListItem","position":2,"name":"Meist\u00e4"}]},{"@type":"WebSite","@id":"https:\/\/www.kassiopeia.fi\/ravintola-freja\/#website","url":"https:\/\/www.kassiopeia.fi\/ravintola-freja\/","name":"Ravintola Freja","description":"","potentialAction":[{"@type":"SearchAction","target":{"@type":"EntryPoint","urlTemplate":"https:\/\/www.kassiopeia.fi\/ravintola-freja\/?s={search_term_string}"},"query-input":{"@type":"PropertyValueSpecification","valueRequired":true,"valueName":"search_term_string"}}],"inLanguage":"en-US"}]}},"lang":"fi","translations":{"fi":391,"en":836},"pll_sync_post":[],"_links":{"self":[{"href":"https:\/\/www.kassiopeia.fi\/ravintola-freja\/wp-json\/wp\/v2\/pages\/391","targetHints":{"allow":["GET"]}}],"collection":[{"href":"https:\/\/www.kassiopeia.fi\/ravintola-freja\/wp-json\/wp\/v2\/pages"}],"about":[{"href":"https:\/\/www.kassiopeia.fi\/ravintola-freja\/wp-json\/wp\/v2\/types\/page"}],"author":[{"embeddable":true,"href":"https:\/\/www.kassiopeia.fi\/ravintola-freja\/wp-json\/wp\/v2\/users\/1"}],"replies":[{"embeddable":true,"href":"https:\/\/www.kassiopeia.fi\/ravintola-freja\/wp-json\/wp\/v2\/comments?post=391"}],"version-history":[{"count":12,"href":"https:\/\/www.kassiopeia.fi\/ravintola-freja\/wp-json\/wp\/v2\/pages\/391\/revisions"}],"predecessor-version":[{"id":2164,"href":"https:\/\/www.kassiopeia.fi\/ravintola-freja\/wp-json\/wp\/v2\/pages\/391\/revisions\/2164"}],"wp:attachment":[{"href":"https:\/\/www.kassiopeia.fi\/ravintola-freja\/wp-json\/wp\/v2\/media?parent=391"}],"curies":[{"name":"wp","href":"https:\/\/api.w.org\/{rel}","templated":true}]}}