{"id":383,"date":"2025-07-07T13:06:39","date_gmt":"2025-07-07T13:06:39","guid":{"rendered":"https:\/\/www.kassiopeia.fi\/ravintola-freja\/?page_id=383"},"modified":"2025-10-02T11:37:19","modified_gmt":"2025-10-02T08:37:19","slug":"vastuullisuus","status":"publish","type":"page","link":"https:\/\/www.kassiopeia.fi\/ravintola-freja\/vastuullisuus\/","title":{"rendered":"Vastuullisuus"},"content":{"rendered":"\n<div class=\"wp-block-cover alignfull is-light cover-hero wavesx wp-duotone-unset-1\" style=\"margin-top:0px;margin-bottom:0px;padding-top:0px;padding-right:0px;padding-bottom:0px;padding-left:0px;min-height:430px;aspect-ratio:unset;\"><img loading=\"lazy\" decoding=\"async\" width=\"2000\" height=\"1333\" class=\"wp-block-cover__image-background wp-image-1531 size-full\" alt=\"\" src=\"https:\/\/www.kassiopeia.fi\/ravintola-freja\/wp-content\/uploads\/sites\/6\/2025\/09\/hotelmatts_ymparistomerkki-5.jpg\" style=\"object-position:26% 52%\" data-object-fit=\"cover\" data-object-position=\"26% 52%\" srcset=\"https:\/\/www.kassiopeia.fi\/ravintola-freja\/wp-content\/uploads\/sites\/6\/2025\/09\/hotelmatts_ymparistomerkki-5.jpg 2000w, https:\/\/www.kassiopeia.fi\/ravintola-freja\/wp-content\/uploads\/sites\/6\/2025\/09\/hotelmatts_ymparistomerkki-5-300x200.jpg 300w, https:\/\/www.kassiopeia.fi\/ravintola-freja\/wp-content\/uploads\/sites\/6\/2025\/09\/hotelmatts_ymparistomerkki-5-1024x682.jpg 1024w, https:\/\/www.kassiopeia.fi\/ravintola-freja\/wp-content\/uploads\/sites\/6\/2025\/09\/hotelmatts_ymparistomerkki-5-768x512.jpg 768w, https:\/\/www.kassiopeia.fi\/ravintola-freja\/wp-content\/uploads\/sites\/6\/2025\/09\/hotelmatts_ymparistomerkki-5-1536x1024.jpg 1536w\" sizes=\"auto, (max-width: 2000px) 100vw, 2000px\" \/><span aria-hidden=\"true\" class=\"wp-block-cover__background has-black-background-color has-background-dim-0 has-background-dim\"><\/span><div class=\"wp-block-cover__inner-container is-layout-flow wp-container-core-cover-is-layout-6e17fc20 wp-block-cover-is-layout-flow\">\n<p class=\"has-text-align-center has-large-font-size\"><\/p>\n<\/div><\/div>\n\n\n\n<div class=\"breadcrumb-container\"><ul id=\"breadcrumbs\" class=\"breadcrumbs\"><li class=\"item-home\"><a class=\"bread-link bread-home\" href=\"https:\/\/www.kassiopeia.fi\/ravintola-freja\" title=\"Ravintola Freja\">Ravintola Freja<\/a><\/li><li class=\"separator separator-home\"> \/ <\/li><\/ul><\/div>\n<style>\n    \n<\/style>\n\n\n<div class=\"wp-block-group alignfull is-layout-constrained wp-container-core-group-is-layout-8d7cd119 wp-block-group-is-layout-constrained\" style=\"margin-top:var(--wp--preset--spacing--60);margin-bottom:var(--wp--preset--spacing--60);padding-top:0;padding-right:var(--wp--preset--spacing--40);padding-bottom:0;padding-left:var(--wp--preset--spacing--40)\">\n<div class=\"wp-block-group alignwide ingress is-layout-constrained wp-block-group-is-layout-constrained\">\n<h1 class=\"wp-block-heading has-text-align-center\" id=\"h-vastuullisuus\" style=\"margin-bottom:var(--wp--preset--spacing--60)\">Vastuullisuus<\/h1>\n<\/div>\n<\/div>\n\n\n\n<div class=\"wp-block-media-text alignwide is-stacked-on-mobile is-vertically-aligned-center is-image-fill-element has-general-1-background-color has-background\" style=\"margin-bottom:var(--wp--preset--spacing--70);padding-top:0;padding-bottom:0\"><figure class=\"wp-block-media-text__media\"><img loading=\"lazy\" decoding=\"async\" width=\"1000\" height=\"799\" src=\"https:\/\/www.kassiopeia.fi\/ravintola-freja\/wp-content\/uploads\/sites\/6\/2025\/07\/Hotel-Matts_Ravintola-Freja_FI_Joutsen_C_service.jpg\" alt=\"Joutsenmerkki, my\u00f6nnetty numero 4055 0580.\" class=\"wp-image-917 size-full\" style=\"object-position:50% 54%\" srcset=\"https:\/\/www.kassiopeia.fi\/ravintola-freja\/wp-content\/uploads\/sites\/6\/2025\/07\/Hotel-Matts_Ravintola-Freja_FI_Joutsen_C_service.jpg 1000w, https:\/\/www.kassiopeia.fi\/ravintola-freja\/wp-content\/uploads\/sites\/6\/2025\/07\/Hotel-Matts_Ravintola-Freja_FI_Joutsen_C_service-300x240.jpg 300w, https:\/\/www.kassiopeia.fi\/ravintola-freja\/wp-content\/uploads\/sites\/6\/2025\/07\/Hotel-Matts_Ravintola-Freja_FI_Joutsen_C_service-768x614.jpg 768w\" sizes=\"auto, (max-width: 1000px) 100vw, 1000px\" \/><\/figure><div class=\"wp-block-media-text__content\">\n<h3 class=\"wp-block-heading\" id=\"h-meilla-on-joutsenmerkki-amp-sustainable-travel-finland-stf-merkki\">Meill\u00e4 on Joutsenmerkki &amp; Sustainable Travel Finland (STF) -merkki<\/h3>\n\n\n\n<p>Ravintola Frejalle ja Hotel Mattsille on my\u00f6nnetty alkuvuodesta 2024 ymp\u00e4rist\u00f6ty\u00f6st\u00e4 kertova&nbsp;<a href=\"https:\/\/www.kassiopeia.fi\/joutsenmerkki\" target=\"_blank\" rel=\"noreferrer noopener\">Joutsenmerkki<\/a>. Merkin my\u00f6nt\u00e4\u00e4&nbsp;<a href=\"https:\/\/joutsenmerkki.fi\/\" target=\"_blank\" rel=\"noreferrer noopener\">Ymp\u00e4rist\u00f6merkint\u00e4 Suomi Oy<\/a>.<\/p>\n\n\n\n<p>Kev\u00e4\u00e4ll\u00e4 2025 Hotel Mattsille ja Ravintola Frejalle my\u00f6nnettiin <strong>Sustainable Travel Finland (STF) -merkki<\/strong>. Merkki my\u00f6nnet\u00e4\u00e4n matkailutoimijoille pitk\u00e4j\u00e4nteisest\u00e4 ja k\u00e4yt\u00e4nn\u00f6nl\u00e4heisest\u00e4 ty\u00f6st\u00e4 kest\u00e4v\u00e4n matkailun hyv\u00e4ksi. Merkin saavuttaminen osoittaa, ett\u00e4 yritys on sitoutunut ymp\u00e4rist\u00f6vastuuseen, paikallisen kulttuurin kunnioittamiseen, asiakaskokemuksen kehitt\u00e4miseen ja henkil\u00f6st\u00f6n hyvinvointiin. STF -merkin my\u00f6nt\u00e4\u00e4&nbsp;<a href=\"https:\/\/www.visitfinland.fi\/liiketoiminnan-kehittaminen\/vastuullinen-matkailu\/sustainable-travel-finland\" target=\"_blank\" rel=\"noreferrer noopener\">Visit Finland.<\/a><br><br>Hotel Matts ja Ravintola Freja kuuluvat kotimaiseen Kassiopeia Hotels &amp; Restaurants -hotelleihin ja ravintoloihin. Lue lis\u00e4\u00e4 vastuullisuusty\u00f6st\u00e4mme&nbsp;<a href=\"https:\/\/www.kassiopeia.fi\/vastuullisuus\/\" target=\"_blank\" rel=\"noreferrer noopener\">Kassiopeia Hotels &amp; Restaurantsin sivulta<\/a>.<\/p>\n\n\n\n<p>My\u00f6s asiakkaamme voivat omien valintojensa ja toimintansa kautta vaikuttaa vierailun vastuullisuuteen!<br>Katso vinkkilista&nbsp;<a href=\"https:\/\/www.kassiopeia.fi\/vastuullisuus\/vinkit-vastuulliseen-ravintolakayntiin\/\" target=\"_blank\" rel=\"noreferrer noopener\">Kassiopeia Hotels &amp; Restaurantsin sivulta.<\/a>&nbsp;Olemme koonneet vastuullisen ravintolak\u00e4ynnin vinkit yhdess\u00e4 Joutsenmerkin kanssa kanssa.&nbsp;<\/p>\n\n\n\n<div class=\"wp-block-buttons is-layout-flex wp-block-buttons-is-layout-flex\">\n<div class=\"wp-block-button\"><a class=\"wp-block-button__link wp-element-button\" href=\"https:\/\/www.kassiopeia.fi\/vastuullisuus\/vinkit-vastuulliseen-ravintolakayntiin\/\" target=\"_blank\" rel=\"noreferrer noopener\">Katso vinkit vastuulliseen ravintolak\u00e4yntiin<\/a><\/div>\n<\/div>\n<\/div><\/div>\n","protected":false},"excerpt":{"rendered":"<p>Vastuullisuus<\/p>\n","protected":false},"author":1,"featured_media":0,"parent":0,"menu_order":0,"comment_status":"closed","ping_status":"closed","template":"","meta":{"_acf_changed":false,"footnotes":""},"class_list":["post-383","page","type-page","status-publish","hentry"],"acf":[],"yoast_head":"<!-- This site is optimized with the Yoast SEO Premium plugin v27.2 (Yoast SEO v27.2) - https:\/\/yoast.com\/product\/yoast-seo-premium-wordpress\/ -->\n<title>Vastuullisuus - Ravintola Freja<\/title>\n<meta name=\"description\" content=\"Ravintola Frejalle on my\u00f6nnetty ymp\u00e4rist\u00f6ty\u00f6st\u00e4 kertova Joutsenmerkki sek\u00e4 Sustainable Travel Finland (STF) -merkki. Lue lis\u00e4\u00e4!\" \/>\n<meta name=\"robots\" content=\"index, follow, max-snippet:-1, max-image-preview:large, max-video-preview:-1\" \/>\n<link rel=\"canonical\" href=\"https:\/\/www.kassiopeia.fi\/ravintola-freja\/vastuullisuus\/\" \/>\n<meta property=\"og:locale\" content=\"en_US\" \/>\n<meta property=\"og:type\" content=\"article\" \/>\n<meta property=\"og:title\" content=\"Vastuullisuus\" \/>\n<meta property=\"og:description\" content=\"Ravintola Frejalle on my\u00f6nnetty ymp\u00e4rist\u00f6ty\u00f6st\u00e4 kertova Joutsenmerkki sek\u00e4 Sustainable Travel Finland (STF) -merkki. Lue lis\u00e4\u00e4!\" \/>\n<meta property=\"og:url\" content=\"https:\/\/www.kassiopeia.fi\/ravintola-freja\/vastuullisuus\/\" \/>\n<meta property=\"og:site_name\" content=\"Ravintola Freja\" \/>\n<meta property=\"article:modified_time\" content=\"2025-10-02T08:37:19+00:00\" \/>\n<meta property=\"og:image\" content=\"https:\/\/www.kassiopeia.fi\/ravintola-freja\/wp-content\/uploads\/sites\/6\/2025\/09\/hotelmatts_ymparistomerkki-5.jpg\" \/>\n<meta name=\"twitter:card\" content=\"summary_large_image\" \/>\n<meta name=\"twitter:label1\" content=\"Est. reading time\" \/>\n\t<meta name=\"twitter:data1\" content=\"1 minute\" \/>\n<script type=\"application\/ld+json\" class=\"yoast-schema-graph\">{\"@context\":\"https:\/\/schema.org\",\"@graph\":[{\"@type\":\"WebPage\",\"@id\":\"https:\/\/www.kassiopeia.fi\/ravintola-freja\/vastuullisuus\/\",\"url\":\"https:\/\/www.kassiopeia.fi\/ravintola-freja\/vastuullisuus\/\",\"name\":\"Vastuullisuus - Ravintola Freja\",\"isPartOf\":{\"@id\":\"https:\/\/www.kassiopeia.fi\/ravintola-freja\/#website\"},\"primaryImageOfPage\":{\"@id\":\"https:\/\/www.kassiopeia.fi\/ravintola-freja\/vastuullisuus\/#primaryimage\"},\"image\":{\"@id\":\"https:\/\/www.kassiopeia.fi\/ravintola-freja\/vastuullisuus\/#primaryimage\"},\"thumbnailUrl\":\"https:\/\/www.kassiopeia.fi\/ravintola-freja\/wp-content\/uploads\/sites\/6\/2025\/09\/hotelmatts_ymparistomerkki-5.jpg\",\"datePublished\":\"2025-07-07T13:06:39+00:00\",\"dateModified\":\"2025-10-02T08:37:19+00:00\",\"description\":\"Ravintola Frejalle on my\u00f6nnetty ymp\u00e4rist\u00f6ty\u00f6st\u00e4 kertova Joutsenmerkki sek\u00e4 Sustainable Travel Finland (STF) -merkki. Lue lis\u00e4\u00e4!\",\"breadcrumb\":{\"@id\":\"https:\/\/www.kassiopeia.fi\/ravintola-freja\/vastuullisuus\/#breadcrumb\"},\"inLanguage\":\"en-US\",\"potentialAction\":[{\"@type\":\"ReadAction\",\"target\":[\"https:\/\/www.kassiopeia.fi\/ravintola-freja\/vastuullisuus\/\"]}]},{\"@type\":\"ImageObject\",\"inLanguage\":\"en-US\",\"@id\":\"https:\/\/www.kassiopeia.fi\/ravintola-freja\/vastuullisuus\/#primaryimage\",\"url\":\"https:\/\/www.kassiopeia.fi\/ravintola-freja\/wp-content\/uploads\/sites\/6\/2025\/09\/hotelmatts_ymparistomerkki-5.jpg\",\"contentUrl\":\"https:\/\/www.kassiopeia.fi\/ravintola-freja\/wp-content\/uploads\/sites\/6\/2025\/09\/hotelmatts_ymparistomerkki-5.jpg\",\"width\":2000,\"height\":1333,\"caption\":\"Ravintola Frejalla on joutsenmerkki.\"},{\"@type\":\"BreadcrumbList\",\"@id\":\"https:\/\/www.kassiopeia.fi\/ravintola-freja\/vastuullisuus\/#breadcrumb\",\"itemListElement\":[{\"@type\":\"ListItem\",\"position\":1,\"name\":\"Home\",\"item\":\"https:\/\/www.kassiopeia.fi\/ravintola-freja\/\"},{\"@type\":\"ListItem\",\"position\":2,\"name\":\"Vastuullisuus\"}]},{\"@type\":\"WebSite\",\"@id\":\"https:\/\/www.kassiopeia.fi\/ravintola-freja\/#website\",\"url\":\"https:\/\/www.kassiopeia.fi\/ravintola-freja\/\",\"name\":\"Ravintola Freja\",\"description\":\"\",\"potentialAction\":[{\"@type\":\"SearchAction\",\"target\":{\"@type\":\"EntryPoint\",\"urlTemplate\":\"https:\/\/www.kassiopeia.fi\/ravintola-freja\/?s={search_term_string}\"},\"query-input\":{\"@type\":\"PropertyValueSpecification\",\"valueRequired\":true,\"valueName\":\"search_term_string\"}}],\"inLanguage\":\"en-US\"}]}<\/script>\n<!-- \/ Yoast SEO Premium plugin. -->","yoast_head_json":{"title":"Vastuullisuus - Ravintola Freja","description":"Ravintola Frejalle on my\u00f6nnetty ymp\u00e4rist\u00f6ty\u00f6st\u00e4 kertova Joutsenmerkki sek\u00e4 Sustainable Travel Finland (STF) -merkki. Lue lis\u00e4\u00e4!","robots":{"index":"index","follow":"follow","max-snippet":"max-snippet:-1","max-image-preview":"max-image-preview:large","max-video-preview":"max-video-preview:-1"},"canonical":"https:\/\/www.kassiopeia.fi\/ravintola-freja\/vastuullisuus\/","og_locale":"en_US","og_type":"article","og_title":"Vastuullisuus","og_description":"Ravintola Frejalle on my\u00f6nnetty ymp\u00e4rist\u00f6ty\u00f6st\u00e4 kertova Joutsenmerkki sek\u00e4 Sustainable Travel Finland (STF) -merkki. Lue lis\u00e4\u00e4!","og_url":"https:\/\/www.kassiopeia.fi\/ravintola-freja\/vastuullisuus\/","og_site_name":"Ravintola Freja","article_modified_time":"2025-10-02T08:37:19+00:00","og_image":[{"url":"https:\/\/www.kassiopeia.fi\/ravintola-freja\/wp-content\/uploads\/sites\/6\/2025\/09\/hotelmatts_ymparistomerkki-5.jpg","type":"","width":"","height":""}],"twitter_card":"summary_large_image","twitter_misc":{"Est. reading time":"1 minute"},"schema":{"@context":"https:\/\/schema.org","@graph":[{"@type":"WebPage","@id":"https:\/\/www.kassiopeia.fi\/ravintola-freja\/vastuullisuus\/","url":"https:\/\/www.kassiopeia.fi\/ravintola-freja\/vastuullisuus\/","name":"Vastuullisuus - Ravintola Freja","isPartOf":{"@id":"https:\/\/www.kassiopeia.fi\/ravintola-freja\/#website"},"primaryImageOfPage":{"@id":"https:\/\/www.kassiopeia.fi\/ravintola-freja\/vastuullisuus\/#primaryimage"},"image":{"@id":"https:\/\/www.kassiopeia.fi\/ravintola-freja\/vastuullisuus\/#primaryimage"},"thumbnailUrl":"https:\/\/www.kassiopeia.fi\/ravintola-freja\/wp-content\/uploads\/sites\/6\/2025\/09\/hotelmatts_ymparistomerkki-5.jpg","datePublished":"2025-07-07T13:06:39+00:00","dateModified":"2025-10-02T08:37:19+00:00","description":"Ravintola Frejalle on my\u00f6nnetty ymp\u00e4rist\u00f6ty\u00f6st\u00e4 kertova Joutsenmerkki sek\u00e4 Sustainable Travel Finland (STF) -merkki. Lue lis\u00e4\u00e4!","breadcrumb":{"@id":"https:\/\/www.kassiopeia.fi\/ravintola-freja\/vastuullisuus\/#breadcrumb"},"inLanguage":"en-US","potentialAction":[{"@type":"ReadAction","target":["https:\/\/www.kassiopeia.fi\/ravintola-freja\/vastuullisuus\/"]}]},{"@type":"ImageObject","inLanguage":"en-US","@id":"https:\/\/www.kassiopeia.fi\/ravintola-freja\/vastuullisuus\/#primaryimage","url":"https:\/\/www.kassiopeia.fi\/ravintola-freja\/wp-content\/uploads\/sites\/6\/2025\/09\/hotelmatts_ymparistomerkki-5.jpg","contentUrl":"https:\/\/www.kassiopeia.fi\/ravintola-freja\/wp-content\/uploads\/sites\/6\/2025\/09\/hotelmatts_ymparistomerkki-5.jpg","width":2000,"height":1333,"caption":"Ravintola Frejalla on joutsenmerkki."},{"@type":"BreadcrumbList","@id":"https:\/\/www.kassiopeia.fi\/ravintola-freja\/vastuullisuus\/#breadcrumb","itemListElement":[{"@type":"ListItem","position":1,"name":"Home","item":"https:\/\/www.kassiopeia.fi\/ravintola-freja\/"},{"@type":"ListItem","position":2,"name":"Vastuullisuus"}]},{"@type":"WebSite","@id":"https:\/\/www.kassiopeia.fi\/ravintola-freja\/#website","url":"https:\/\/www.kassiopeia.fi\/ravintola-freja\/","name":"Ravintola Freja","description":"","potentialAction":[{"@type":"SearchAction","target":{"@type":"EntryPoint","urlTemplate":"https:\/\/www.kassiopeia.fi\/ravintola-freja\/?s={search_term_string}"},"query-input":{"@type":"PropertyValueSpecification","valueRequired":true,"valueName":"search_term_string"}}],"inLanguage":"en-US"}]}},"lang":"fi","translations":{"fi":383,"en":930},"pll_sync_post":[],"_links":{"self":[{"href":"https:\/\/www.kassiopeia.fi\/ravintola-freja\/wp-json\/wp\/v2\/pages\/383","targetHints":{"allow":["GET"]}}],"collection":[{"href":"https:\/\/www.kassiopeia.fi\/ravintola-freja\/wp-json\/wp\/v2\/pages"}],"about":[{"href":"https:\/\/www.kassiopeia.fi\/ravintola-freja\/wp-json\/wp\/v2\/types\/page"}],"author":[{"embeddable":true,"href":"https:\/\/www.kassiopeia.fi\/ravintola-freja\/wp-json\/wp\/v2\/users\/1"}],"replies":[{"embeddable":true,"href":"https:\/\/www.kassiopeia.fi\/ravintola-freja\/wp-json\/wp\/v2\/comments?post=383"}],"version-history":[{"count":18,"href":"https:\/\/www.kassiopeia.fi\/ravintola-freja\/wp-json\/wp\/v2\/pages\/383\/revisions"}],"predecessor-version":[{"id":2039,"href":"https:\/\/www.kassiopeia.fi\/ravintola-freja\/wp-json\/wp\/v2\/pages\/383\/revisions\/2039"}],"wp:attachment":[{"href":"https:\/\/www.kassiopeia.fi\/ravintola-freja\/wp-json\/wp\/v2\/media?parent=383"}],"curies":[{"name":"wp","href":"https:\/\/api.w.org\/{rel}","templated":true}]}}