{"id":379,"date":"2025-07-07T13:05:11","date_gmt":"2025-07-07T13:05:11","guid":{"rendered":"https:\/\/www.kassiopeia.fi\/ravintola-freja\/?page_id=379"},"modified":"2026-04-08T10:58:17","modified_gmt":"2026-04-08T07:58:17","slug":"star-member","status":"publish","type":"page","link":"https:\/\/www.kassiopeia.fi\/ravintola-freja\/star-member\/","title":{"rendered":"Star Member"},"content":{"rendered":"\n<div class=\"wp-block-cover alignfull cover-hero wavesx wp-duotone-unset-1\" style=\"margin-top:0px;margin-bottom:0px;padding-top:0px;padding-right:0px;padding-bottom:0px;padding-left:0px;min-height:430px;aspect-ratio:unset;\"><img loading=\"lazy\" decoding=\"async\" width=\"2000\" height=\"1445\" class=\"wp-block-cover__image-background wp-image-2213 size-full\" alt=\"Kassiopeian Star Member -kanta-asiakkaat sy\u00f6m\u00e4ss\u00e4 Ravintola Frejassa.\" src=\"https:\/\/www.kassiopeia.fi\/ravintola-freja\/wp-content\/uploads\/sites\/6\/2025\/10\/starmember_hero-1.jpg\" data-object-fit=\"cover\" srcset=\"https:\/\/www.kassiopeia.fi\/ravintola-freja\/wp-content\/uploads\/sites\/6\/2025\/10\/starmember_hero-1.jpg 2000w, https:\/\/www.kassiopeia.fi\/ravintola-freja\/wp-content\/uploads\/sites\/6\/2025\/10\/starmember_hero-1-300x217.jpg 300w, https:\/\/www.kassiopeia.fi\/ravintola-freja\/wp-content\/uploads\/sites\/6\/2025\/10\/starmember_hero-1-1024x740.jpg 1024w, https:\/\/www.kassiopeia.fi\/ravintola-freja\/wp-content\/uploads\/sites\/6\/2025\/10\/starmember_hero-1-768x555.jpg 768w, https:\/\/www.kassiopeia.fi\/ravintola-freja\/wp-content\/uploads\/sites\/6\/2025\/10\/starmember_hero-1-1536x1110.jpg 1536w\" sizes=\"auto, (max-width: 2000px) 100vw, 2000px\" \/><span aria-hidden=\"true\" class=\"wp-block-cover__background has-black-background-color has-background-dim-0 has-background-dim\"><\/span><div class=\"wp-block-cover__inner-container is-layout-flow wp-container-core-cover-is-layout-6e17fc20 wp-block-cover-is-layout-flow\">\n<p class=\"has-text-align-center has-large-font-size\"><\/p>\n<\/div><\/div>\n\n\n\n<div class=\"breadcrumb-container\"><ul id=\"breadcrumbs\" class=\"breadcrumbs\"><li class=\"item-home\"><a class=\"bread-link bread-home\" href=\"https:\/\/www.kassiopeia.fi\/ravintola-freja\" title=\"Ravintola Freja\">Ravintola Freja<\/a><\/li><li class=\"separator separator-home\"> \/ <\/li><\/ul><\/div>\n<style>\n    \n<\/style>\n\n\n<div class=\"wp-block-group alignfull is-layout-constrained wp-container-core-group-is-layout-8d7cd119 wp-block-group-is-layout-constrained\" style=\"margin-top:var(--wp--preset--spacing--60);margin-bottom:var(--wp--preset--spacing--60);padding-top:0;padding-right:var(--wp--preset--spacing--40);padding-bottom:0;padding-left:var(--wp--preset--spacing--40)\">\n<div class=\"wp-block-group alignwide ingress is-layout-constrained wp-block-group-is-layout-constrained\">\n<h1 class=\"wp-block-heading has-text-align-center\" id=\"h-oletko-jo-star-member\" style=\"margin-bottom:var(--wp--preset--spacing--60)\">Oletko jo Star Member?<\/h1>\n\n\n\n<p class=\"has-text-align-center\">Ravintola Freja kuuluu kotimaiseen Kassiopeia Hotels &amp; Restaurants hotelli- ja ravintolaketjuun. Lataamalla ilmaisen Cardu-sovelluksen puhelimeesi voit liitty\u00e4 Kassiopeian Star Memberiksi ja saat heti k\u00e4ytt\u00f6\u00f6si kanta-asiakasetuja kaikissa&nbsp;Kassiopeian hotelleissa ja ravintoloissa.<\/p>\n\n\n\n<div class=\"wp-block-buttons is-content-justification-center is-layout-flex wp-container-core-buttons-is-layout-a89b3969 wp-block-buttons-is-layout-flex\">\n<div class=\"wp-block-button\"><a class=\"wp-block-button__link wp-element-button\" href=\"http:\/\/www.cardu.com\/kassiopeia-star-member\" target=\"_blank\" rel=\"noreferrer noopener\">LIITY STAR MEMBERIKSI<\/a><\/div>\n<\/div>\n<\/div>\n<\/div>\n\n\n\n<div class=\"wp-block-group alignfull has-background is-layout-constrained wp-container-core-group-is-layout-e6062249 wp-block-group-is-layout-constrained\" style=\"background-color:#fae5e1;margin-top:var(--wp--preset--spacing--60);margin-bottom:0;padding-top:var(--wp--preset--spacing--70);padding-right:var(--wp--preset--spacing--40);padding-bottom:var(--wp--preset--spacing--70);padding-left:var(--wp--preset--spacing--40)\">\n<h2 class=\"wp-block-heading has-text-align-center has-blue-color has-text-color has-link-color wp-elements-4450e8617c538e4c43c7be00acb34cc9\" id=\"h-star-member-edut-nbsp-ravintola-frejassa\" style=\"text-transform:uppercase\">Star Member edut&nbsp;Ravintola Frejassa<\/h2>\n\n\n<div class='kassiopeia-offer-items item-count-2' data-count='2'>\n            <div class='scroller-container'><a href='https:\/\/www.kassiopeia.fi\/star-member\/' target='_blank' class='kassiopeia-offer-item'>\n<section class=\"wp-block-group kassiopeia-offer-item-content is-layout-flow wp-block-group-is-layout-flow\">\n<div class=\"wp-block-cover alignfull is-light kassiopeia-offer-cover\" style=\"min-height:300px;aspect-ratio:unset;\"><img decoding=\"async\" class=\"wp-block-cover__image-background wp-image-6784 size-full\" alt=\"Ravintola Feejan alkuruoka-annos.\" src=\"https:\/\/www.kassiopeia.fi\/wp-content\/uploads\/2024\/12\/ravintola-freja-alkuruoka-annos-kesa-2.jpg\" data-object-fit=\"cover\"\/><span aria-hidden=\"true\" class=\"wp-block-cover__background has-background-dim-0 has-background-dim\" style=\"background-color:#afa5a6\"><\/span><div class=\"wp-block-cover__inner-container is-layout-flow wp-block-cover-is-layout-flow\">\n<div class=\"wp-block-group kassiopeia-offer-tag is-layout-flow wp-block-group-is-layout-flow\">\n<p class=\"kassiopeia-offer-title\">\u00c0 la carte-annokset<\/p>\n\n\n\n<h2 class=\"wp-block-heading kassiopeia-offer-price\" id=\"h-10\">-10 %<\/h2>\n\n\n\n<p class=\"kassiopeia-offer-description\"><\/p>\n<\/div>\n<\/div><\/div>\n\n\n\n<div class=\"wp-block-group kassiopeia-offer-textcontent is-layout-flow wp-block-group-is-layout-flow\">\n<h3 class=\"wp-block-heading kassiopeia-offer-textcontent-title\" id=\"h-star-membereille-10-alennus-a-la-carte-annoksista\">Star Membereille 10 % alennus \u00e0 la carte-annoksista<\/h3>\n\n\n\n<p class=\"kassiopeia-offer-textcontent-description\">Kun maksaja on Star Member -kanta-asiakas, koskee etu koko ryhm\u00e4\u00e4. Liity Star Memberiksi!<\/p>\n<\/div>\n<\/section>\n<\/a><a href='https:\/\/www.kassiopeia.fi\/star-member\/' target='_blank' class='kassiopeia-offer-item'>\n<section class=\"wp-block-group kassiopeia-offer-item-content is-layout-flow wp-block-group-is-layout-flow\">\n<div class=\"wp-block-cover alignfull kassiopeia-offer-cover\" style=\"min-height:300px;aspect-ratio:unset;\"><img decoding=\"async\" class=\"wp-block-cover__image-background wp-image-6791 size-full\" alt=\"Kilistely\u00e4 viinilaseilla.\" src=\"https:\/\/www.kassiopeia.fi\/wp-content\/uploads\/2024\/12\/kilistely-viinilaseilla.jpg\" data-object-fit=\"cover\"\/><span aria-hidden=\"true\" class=\"wp-block-cover__background has-background-dim-0 has-background-dim\" style=\"background-color:#afa5a6\"><\/span><div class=\"wp-block-cover__inner-container is-layout-flow wp-block-cover-is-layout-flow\">\n<div class=\"wp-block-group kassiopeia-offer-tag is-layout-flow wp-block-group-is-layout-flow\">\n<p class=\"kassiopeia-offer-title\">Talon viini<\/p>\n\n\n\n<h2 class=\"wp-block-heading kassiopeia-offer-price\" id=\"h-29-plo\">29 \u20ac\/plo<\/h2>\n\n\n\n<p class=\"kassiopeia-offer-description\">(norm. 44\u20ac\/ plo)<\/p>\n<\/div>\n<\/div><\/div>\n\n\n\n<div class=\"wp-block-group kassiopeia-offer-textcontent is-layout-flow wp-block-group-is-layout-flow\">\n<h3 class=\"wp-block-heading kassiopeia-offer-textcontent-title\" id=\"h-star-membereille-talon-viini-29-pullo-puna-tai-valkoviini\">Star Membereille talon viini 29 \u20ac\/pullo (puna- tai valkoviini)<\/h3>\n\n\n\n<p class=\"kassiopeia-offer-textcontent-description\">Etu on henkil\u00f6kohtainen eik\u00e4 sit\u00e4 voi hy\u00f6dynt\u00e4\u00e4 yksityistilaisuuksien ja ryhm\u00e4menujen yhteydess\u00e4.<\/p>\n<\/div>\n<\/section>\n<\/a><\/div>\n            <img class='slider-arrow slider-arrow-left' alt='Slide to right arrow' src='https:\/\/www.kassiopeia.fi\/ravintola-freja\/wp-content\/plugins\/kassiopeia-custom-blocks\/assets\/kassiopeia_slider_arrow_left.svg' aria-hidden='true' tabindex='-1'>\n            <img class='slider-arrow slider-arrow-right' alt='Slide to left arrow' src='https:\/\/www.kassiopeia.fi\/ravintola-freja\/wp-content\/plugins\/kassiopeia-custom-blocks\/assets\/kassiopeia_slider_arrow_left.svg' aria-hidden='true' tabindex='-1'>\n            <a class='wp-block-button__link wp-element-button mobile-show-all-button'>Load more<\/a>\n          <\/div><script>\n\/\/---------------------------------\n\/\/ Initialize the OffersImagesScroller if not present\n\/\/---------------------------------\nif (typeof offers_images_scroller === 'undefined') {\n    var offers_images_scroller = new OffersImagesScroller();\n    offers_images_scroller.init();\n}\n\n\/\/---------------------------------\n\/\/ Show more button on mobile\n\/\/---------------------------------\ndocument.addEventListener('DOMContentLoaded', function() {\n    if (typeof offers_images_scroller === 'undefined') {\n        var offers_images_scroller = new OffersImagesScroller();\n        offers_images_scroller.init();\n    }\n    document.querySelectorAll('.mobile-show-all-button').forEach(function(button) {\n        button.addEventListener('click', function(e) {\n            e.preventDefault();\n            const parent = button.closest('.kassiopeia-offer-items');\n            if (parent) parent.classList.add('show-all-on-mobile');\n        });\n    });\n});\n<\/script>\n\n\n\n<p><em>Vaihtuvat ravintolakohtaiset edut l\u00f6yd\u00e4t Cardusta&nbsp;(katso&nbsp;<a href=\"https:\/\/www.kassiopeia.fi\/star-member\/#kuinka\" target=\"_blank\" rel=\"noreferrer noopener\">Kuinka saan edut k\u00e4ytt\u00f6\u00f6ni<\/a>). Alennusta ei saa tarjoushintaisista tuotteista eik\u00e4 sit\u00e4 voi yhdist\u00e4\u00e4 muihin etuihin. Alennusta ei voi hy\u00f6dynt\u00e4\u00e4 yksityistilaisuuksissa tai ryhm\u00e4menujen yhteydess\u00e4.<\/em><\/p>\n<\/div>\n\n\n\n<div class=\"wp-block-group alignfull is-layout-constrained wp-container-core-group-is-layout-12563e28 wp-block-group-is-layout-constrained\" style=\"margin-top:var(--wp--preset--spacing--60);margin-bottom:var(--wp--preset--spacing--70);padding-top:0;padding-right:var(--wp--preset--spacing--40);padding-bottom:0;padding-left:var(--wp--preset--spacing--40)\">\n<div class=\"wp-block-group alignwide ingress is-layout-constrained wp-block-group-is-layout-constrained\">\n<div class=\"wp-block-group is-content-justification-center is-nowrap is-layout-flex wp-container-core-group-is-layout-3c8805c5 wp-block-group-is-layout-flex\">\n<figure class=\"wp-block-image size-large is-resized\"><a href=\"https:\/\/www.facebook.com\/ravintolafreja\/\" target=\"_blank\" rel=\" noreferrer noopener\"><img loading=\"lazy\" decoding=\"async\" width=\"200\" height=\"200\" src=\"https:\/\/www.kassiopeia.fi\/ravintola-freja\/wp-content\/uploads\/sites\/6\/2025\/07\/FB-Freja.svg\" alt=\"\" class=\"wp-image-195\" style=\"width:37px\"\/><\/a><\/figure>\n\n\n\n<figure class=\"wp-block-image size-large is-resized\"><a href=\"https:\/\/www.instagram.com\/ravintolafreja\/\" target=\"_blank\" rel=\" noreferrer noopener\"><img loading=\"lazy\" decoding=\"async\" width=\"200\" height=\"200\" src=\"https:\/\/www.kassiopeia.fi\/ravintola-freja\/wp-content\/uploads\/sites\/6\/2025\/07\/IG-Freja.svg\" alt=\"\" class=\"wp-image-196\" style=\"width:37px\"\/><\/a><\/figure>\n\n\n\n<figure class=\"wp-block-image size-large is-resized\"><a href=\"https:\/\/www.youtube.com\/@kassiopeiahotelsrestaurants\" target=\"_blank\" rel=\" noreferrer noopener\"><img loading=\"lazy\" decoding=\"async\" width=\"200\" height=\"200\" src=\"https:\/\/www.kassiopeia.fi\/ravintola-freja\/wp-content\/uploads\/sites\/6\/2025\/07\/YT-Freja.svg\" alt=\"\" class=\"wp-image-199\" style=\"width:37px\"\/><\/a><\/figure>\n<\/div>\n\n\n\n<p class=\"has-text-align-center\">Suomenlahdentie 7, 02230 Espoo | <a href=\"mailto:freja@kassiopeia.fi\">freja@kassiopeia.fi<\/a> | Puh. +358 44 414 8056 (ma-la)<\/p>\n<\/div>\n<\/div>\n\n\n\n<div class=\"wp-block-group alignfull is-layout-constrained wp-container-core-group-is-layout-3ea18fcc wp-block-group-is-layout-constrained\" style=\"margin-top:var(--wp--preset--spacing--60);margin-bottom:var(--wp--preset--spacing--60);padding-top:0;padding-right:var(--wp--preset--spacing--40);padding-bottom:0;padding-left:var(--wp--preset--spacing--40)\">\n<div class=\"wp-block-group alignwide is-layout-constrained wp-container-core-group-is-layout-b4832bf0 wp-block-group-is-layout-constrained\" style=\"margin-top:var(--wp--preset--spacing--60);margin-bottom:var(--wp--preset--spacing--60);padding-top:0;padding-right:0;padding-bottom:0;padding-left:0\">\n<div class=\"wp-block-create-block-lahjakortti\" style=\"background-image: url(https:\/\/www.kassiopeia.fi\/ravintola-freja\/wp-content\/uploads\/sites\/6\/2025\/07\/fre_lahjakortti_bg.jpg); background-position-x: 50%; background-position-y: 50%;\">\n\t<div class=\"lahjakortti-content\" style=\"background: #ffffffad;\">\n\t\t\n<h2 class=\"wp-block-heading has-text-align-center has-panorama-2-color has-text-color has-link-color wp-elements-aeef02f162171dbad388082bf05b70ac\" id=\"h-lahjakortti-ravintolaan\" style=\"font-style:normal;font-weight:700\">Lahjakortti ravintolaan<\/h2>\n\n<p class=\"has-text-align-center\">Anna lahjaksi maistuva el\u00e4mys. Lahjakortti on oiva lahja silloin, kun haluat antaa tavaran sijaan lahjaksi el\u00e4myksen &#8211; se yll\u00e4tt\u00e4\u00e4 ja ihastuttaa!<\/p>\n\n<div class=\"wp-block-buttons is-content-justification-center is-layout-flex wp-container-core-buttons-is-layout-a89b3969 wp-block-buttons-is-layout-flex\">\n<div class=\"wp-block-button\"><a class=\"wp-block-button__link wp-element-button\" href=\"https:\/\/shop.kassiopeia.fi\/shop\/lang\/fi\" target=\"_blank\" rel=\"noreferrer noopener\">OSTA LAHJAKORTTI<\/a><\/div>\n<\/div>\n\t<\/div>\n\t<img decoding=\"async\" class=\"image-l\" src=\"https:\/\/www.kassiopeia.fi\/ravintola-freja\/wp-content\/uploads\/sites\/6\/2025\/07\/lahjakortti_rusetti_alaosa.png\">\n\t<img decoding=\"async\" class=\"image-r\" src=\"https:\/\/www.kassiopeia.fi\/ravintola-freja\/wp-content\/uploads\/sites\/6\/2025\/07\/lahjakortti_rusetti_ylaosa.png\">\n<\/div><\/div>\n<\/div>\n","protected":false},"excerpt":{"rendered":"<p>Oletko jo Star Member? Ravintola Freja kuuluu kotimaiseen Kassiopeia Hotels &amp; Restaurants hotelli- ja ravintolaketjuun. Lataamalla ilmaisen Cardu-sovelluksen puhelimeesi voit liitty\u00e4 Kassiopeian Star Memberiksi ja saat heti k\u00e4ytt\u00f6\u00f6si kanta-asiakasetuja kaikissa&nbsp;Kassiopeian hotelleissa ja ravintoloissa. Star Member edut&nbsp;Ravintola Frejassa Vaihtuvat ravintolakohtaiset edut l\u00f6yd\u00e4t Cardusta&nbsp;(katso&nbsp;Kuinka saan edut k\u00e4ytt\u00f6\u00f6ni). Alennusta ei saa tarjoushintaisista tuotteista eik\u00e4 sit\u00e4 voi yhdist\u00e4\u00e4 muihin [&hellip;]<\/p>\n","protected":false},"author":1,"featured_media":0,"parent":0,"menu_order":0,"comment_status":"closed","ping_status":"closed","template":"","meta":{"_acf_changed":false,"footnotes":""},"class_list":["post-379","page","type-page","status-publish","hentry"],"acf":[],"yoast_head":"<!-- This site is optimized with the Yoast SEO Premium plugin v27.2 (Yoast SEO v27.2) - https:\/\/yoast.com\/product\/yoast-seo-premium-wordpress\/ -->\n<title>Star Member - Ravintola Freja<\/title>\n<meta name=\"description\" content=\"Liity Kassiopeian Star Memberiksi, niin saat edut k\u00e4ytt\u00f6\u00f6si Ravintola Frejassa. Kurkkaa edut ja liity Star Memberiksi!\" \/>\n<meta name=\"robots\" content=\"index, follow, max-snippet:-1, max-image-preview:large, max-video-preview:-1\" \/>\n<link rel=\"canonical\" href=\"https:\/\/www.kassiopeia.fi\/ravintola-freja\/star-member\/\" \/>\n<meta property=\"og:locale\" content=\"en_US\" \/>\n<meta property=\"og:type\" content=\"article\" \/>\n<meta property=\"og:title\" content=\"Star Member\" \/>\n<meta property=\"og:description\" content=\"Liity Kassiopeian Star Memberiksi, niin saat edut k\u00e4ytt\u00f6\u00f6si Ravintola Frejassa. Kurkkaa edut ja liity Star Memberiksi!\" \/>\n<meta property=\"og:url\" content=\"https:\/\/www.kassiopeia.fi\/ravintola-freja\/star-member\/\" \/>\n<meta property=\"og:site_name\" content=\"Ravintola Freja\" \/>\n<meta property=\"article:modified_time\" content=\"2026-04-08T07:58:17+00:00\" \/>\n<meta property=\"og:image\" content=\"https:\/\/www.kassiopeia.fi\/ravintola-freja\/wp-content\/uploads\/sites\/6\/2025\/10\/starmember_hero-1.jpg\" \/>\n\t<meta property=\"og:image:width\" content=\"2000\" \/>\n\t<meta property=\"og:image:height\" content=\"1445\" \/>\n\t<meta property=\"og:image:type\" content=\"image\/jpeg\" \/>\n<meta name=\"twitter:card\" content=\"summary_large_image\" \/>\n<meta name=\"twitter:label1\" content=\"Est. reading time\" \/>\n\t<meta name=\"twitter:data1\" content=\"2 minutes\" \/>\n<script type=\"application\/ld+json\" class=\"yoast-schema-graph\">{\"@context\":\"https:\/\/schema.org\",\"@graph\":[{\"@type\":\"WebPage\",\"@id\":\"https:\/\/www.kassiopeia.fi\/ravintola-freja\/star-member\/\",\"url\":\"https:\/\/www.kassiopeia.fi\/ravintola-freja\/star-member\/\",\"name\":\"Star Member - Ravintola Freja\",\"isPartOf\":{\"@id\":\"https:\/\/www.kassiopeia.fi\/ravintola-freja\/#website\"},\"primaryImageOfPage\":{\"@id\":\"https:\/\/www.kassiopeia.fi\/ravintola-freja\/star-member\/#primaryimage\"},\"image\":{\"@id\":\"https:\/\/www.kassiopeia.fi\/ravintola-freja\/star-member\/#primaryimage\"},\"thumbnailUrl\":\"https:\/\/www.kassiopeia.fi\/ravintola-freja\/wp-content\/uploads\/sites\/6\/2025\/10\/starmember_hero-1.jpg\",\"datePublished\":\"2025-07-07T13:05:11+00:00\",\"dateModified\":\"2026-04-08T07:58:17+00:00\",\"description\":\"Liity Kassiopeian Star Memberiksi, niin saat edut k\u00e4ytt\u00f6\u00f6si Ravintola Frejassa. Kurkkaa edut ja liity Star Memberiksi!\",\"breadcrumb\":{\"@id\":\"https:\/\/www.kassiopeia.fi\/ravintola-freja\/star-member\/#breadcrumb\"},\"inLanguage\":\"en-US\",\"potentialAction\":[{\"@type\":\"ReadAction\",\"target\":[\"https:\/\/www.kassiopeia.fi\/ravintola-freja\/star-member\/\"]}]},{\"@type\":\"ImageObject\",\"inLanguage\":\"en-US\",\"@id\":\"https:\/\/www.kassiopeia.fi\/ravintola-freja\/star-member\/#primaryimage\",\"url\":\"https:\/\/www.kassiopeia.fi\/ravintola-freja\/wp-content\/uploads\/sites\/6\/2025\/10\/starmember_hero-1.jpg\",\"contentUrl\":\"https:\/\/www.kassiopeia.fi\/ravintola-freja\/wp-content\/uploads\/sites\/6\/2025\/10\/starmember_hero-1.jpg\",\"width\":2000,\"height\":1445,\"caption\":\"Kassiopeian Star Member -kanta-asiakkaat sy\u00f6m\u00e4ss\u00e4 Ravintola Frejassa.\"},{\"@type\":\"BreadcrumbList\",\"@id\":\"https:\/\/www.kassiopeia.fi\/ravintola-freja\/star-member\/#breadcrumb\",\"itemListElement\":[{\"@type\":\"ListItem\",\"position\":1,\"name\":\"Home\",\"item\":\"https:\/\/www.kassiopeia.fi\/ravintola-freja\/\"},{\"@type\":\"ListItem\",\"position\":2,\"name\":\"Star Member\"}]},{\"@type\":\"WebSite\",\"@id\":\"https:\/\/www.kassiopeia.fi\/ravintola-freja\/#website\",\"url\":\"https:\/\/www.kassiopeia.fi\/ravintola-freja\/\",\"name\":\"Ravintola Freja\",\"description\":\"\",\"potentialAction\":[{\"@type\":\"SearchAction\",\"target\":{\"@type\":\"EntryPoint\",\"urlTemplate\":\"https:\/\/www.kassiopeia.fi\/ravintola-freja\/?s={search_term_string}\"},\"query-input\":{\"@type\":\"PropertyValueSpecification\",\"valueRequired\":true,\"valueName\":\"search_term_string\"}}],\"inLanguage\":\"en-US\"}]}<\/script>\n<!-- \/ Yoast SEO Premium plugin. -->","yoast_head_json":{"title":"Star Member - Ravintola Freja","description":"Liity Kassiopeian Star Memberiksi, niin saat edut k\u00e4ytt\u00f6\u00f6si Ravintola Frejassa. Kurkkaa edut ja liity Star Memberiksi!","robots":{"index":"index","follow":"follow","max-snippet":"max-snippet:-1","max-image-preview":"max-image-preview:large","max-video-preview":"max-video-preview:-1"},"canonical":"https:\/\/www.kassiopeia.fi\/ravintola-freja\/star-member\/","og_locale":"en_US","og_type":"article","og_title":"Star Member","og_description":"Liity Kassiopeian Star Memberiksi, niin saat edut k\u00e4ytt\u00f6\u00f6si Ravintola Frejassa. Kurkkaa edut ja liity Star Memberiksi!","og_url":"https:\/\/www.kassiopeia.fi\/ravintola-freja\/star-member\/","og_site_name":"Ravintola Freja","article_modified_time":"2026-04-08T07:58:17+00:00","og_image":[{"width":2000,"height":1445,"url":"https:\/\/www.kassiopeia.fi\/ravintola-freja\/wp-content\/uploads\/sites\/6\/2025\/10\/starmember_hero-1.jpg","type":"image\/jpeg"}],"twitter_card":"summary_large_image","twitter_misc":{"Est. reading time":"2 minutes"},"schema":{"@context":"https:\/\/schema.org","@graph":[{"@type":"WebPage","@id":"https:\/\/www.kassiopeia.fi\/ravintola-freja\/star-member\/","url":"https:\/\/www.kassiopeia.fi\/ravintola-freja\/star-member\/","name":"Star Member - Ravintola Freja","isPartOf":{"@id":"https:\/\/www.kassiopeia.fi\/ravintola-freja\/#website"},"primaryImageOfPage":{"@id":"https:\/\/www.kassiopeia.fi\/ravintola-freja\/star-member\/#primaryimage"},"image":{"@id":"https:\/\/www.kassiopeia.fi\/ravintola-freja\/star-member\/#primaryimage"},"thumbnailUrl":"https:\/\/www.kassiopeia.fi\/ravintola-freja\/wp-content\/uploads\/sites\/6\/2025\/10\/starmember_hero-1.jpg","datePublished":"2025-07-07T13:05:11+00:00","dateModified":"2026-04-08T07:58:17+00:00","description":"Liity Kassiopeian Star Memberiksi, niin saat edut k\u00e4ytt\u00f6\u00f6si Ravintola Frejassa. Kurkkaa edut ja liity Star Memberiksi!","breadcrumb":{"@id":"https:\/\/www.kassiopeia.fi\/ravintola-freja\/star-member\/#breadcrumb"},"inLanguage":"en-US","potentialAction":[{"@type":"ReadAction","target":["https:\/\/www.kassiopeia.fi\/ravintola-freja\/star-member\/"]}]},{"@type":"ImageObject","inLanguage":"en-US","@id":"https:\/\/www.kassiopeia.fi\/ravintola-freja\/star-member\/#primaryimage","url":"https:\/\/www.kassiopeia.fi\/ravintola-freja\/wp-content\/uploads\/sites\/6\/2025\/10\/starmember_hero-1.jpg","contentUrl":"https:\/\/www.kassiopeia.fi\/ravintola-freja\/wp-content\/uploads\/sites\/6\/2025\/10\/starmember_hero-1.jpg","width":2000,"height":1445,"caption":"Kassiopeian Star Member -kanta-asiakkaat sy\u00f6m\u00e4ss\u00e4 Ravintola Frejassa."},{"@type":"BreadcrumbList","@id":"https:\/\/www.kassiopeia.fi\/ravintola-freja\/star-member\/#breadcrumb","itemListElement":[{"@type":"ListItem","position":1,"name":"Home","item":"https:\/\/www.kassiopeia.fi\/ravintola-freja\/"},{"@type":"ListItem","position":2,"name":"Star Member"}]},{"@type":"WebSite","@id":"https:\/\/www.kassiopeia.fi\/ravintola-freja\/#website","url":"https:\/\/www.kassiopeia.fi\/ravintola-freja\/","name":"Ravintola Freja","description":"","potentialAction":[{"@type":"SearchAction","target":{"@type":"EntryPoint","urlTemplate":"https:\/\/www.kassiopeia.fi\/ravintola-freja\/?s={search_term_string}"},"query-input":{"@type":"PropertyValueSpecification","valueRequired":true,"valueName":"search_term_string"}}],"inLanguage":"en-US"}]}},"lang":"fi","translations":{"fi":379,"en":824},"pll_sync_post":[],"_links":{"self":[{"href":"https:\/\/www.kassiopeia.fi\/ravintola-freja\/wp-json\/wp\/v2\/pages\/379","targetHints":{"allow":["GET"]}}],"collection":[{"href":"https:\/\/www.kassiopeia.fi\/ravintola-freja\/wp-json\/wp\/v2\/pages"}],"about":[{"href":"https:\/\/www.kassiopeia.fi\/ravintola-freja\/wp-json\/wp\/v2\/types\/page"}],"author":[{"embeddable":true,"href":"https:\/\/www.kassiopeia.fi\/ravintola-freja\/wp-json\/wp\/v2\/users\/1"}],"replies":[{"embeddable":true,"href":"https:\/\/www.kassiopeia.fi\/ravintola-freja\/wp-json\/wp\/v2\/comments?post=379"}],"version-history":[{"count":19,"href":"https:\/\/www.kassiopeia.fi\/ravintola-freja\/wp-json\/wp\/v2\/pages\/379\/revisions"}],"predecessor-version":[{"id":3373,"href":"https:\/\/www.kassiopeia.fi\/ravintola-freja\/wp-json\/wp\/v2\/pages\/379\/revisions\/3373"}],"wp:attachment":[{"href":"https:\/\/www.kassiopeia.fi\/ravintola-freja\/wp-json\/wp\/v2\/media?parent=379"}],"curies":[{"name":"wp","href":"https:\/\/api.w.org\/{rel}","templated":true}]}}