{"id":3281,"date":"2026-03-20T14:14:31","date_gmt":"2026-03-20T12:14:31","guid":{"rendered":"https:\/\/www.kassiopeia.fi\/ravintola-freja\/?page_id=3281"},"modified":"2026-04-07T09:28:05","modified_gmt":"2026-04-07T06:28:05","slug":"easter-brunch","status":"publish","type":"page","link":"https:\/\/www.kassiopeia.fi\/ravintola-freja\/en\/easter-brunch\/","title":{"rendered":"Easter Brunch"},"content":{"rendered":"\n<div class=\"wp-block-cover alignfull is-light cover-hero wavesx wp-duotone-unset-1\" style=\"margin-top:0px;margin-bottom:0px;padding-top:0px;padding-right:0px;padding-bottom:0px;padding-left:0px;min-height:430px;aspect-ratio:unset;\"><img loading=\"lazy\" decoding=\"async\" width=\"2000\" height=\"1333\" class=\"wp-block-cover__image-background wp-image-3285 size-full\" alt=\"Frejan lauantaibrunssi.\" src=\"https:\/\/www.kassiopeia.fi\/ravintola-freja\/wp-content\/uploads\/sites\/6\/2026\/03\/kevainen-brunssi-freja.jpg\" data-object-fit=\"cover\" srcset=\"https:\/\/www.kassiopeia.fi\/ravintola-freja\/wp-content\/uploads\/sites\/6\/2026\/03\/kevainen-brunssi-freja.jpg 2000w, https:\/\/www.kassiopeia.fi\/ravintola-freja\/wp-content\/uploads\/sites\/6\/2026\/03\/kevainen-brunssi-freja-300x200.jpg 300w, https:\/\/www.kassiopeia.fi\/ravintola-freja\/wp-content\/uploads\/sites\/6\/2026\/03\/kevainen-brunssi-freja-1024x682.jpg 1024w, https:\/\/www.kassiopeia.fi\/ravintola-freja\/wp-content\/uploads\/sites\/6\/2026\/03\/kevainen-brunssi-freja-768x512.jpg 768w, https:\/\/www.kassiopeia.fi\/ravintola-freja\/wp-content\/uploads\/sites\/6\/2026\/03\/kevainen-brunssi-freja-1536x1024.jpg 1536w\" sizes=\"auto, (max-width: 2000px) 100vw, 2000px\" \/><span aria-hidden=\"true\" class=\"wp-block-cover__background has-black-background-color has-background-dim-0 has-background-dim\"><\/span><div class=\"wp-block-cover__inner-container is-layout-flow wp-container-core-cover-is-layout-6e17fc20 wp-block-cover-is-layout-flow\">\n<h1 class=\"wp-block-heading has-text-align-center has-general-1-color has-text-color has-link-color has-large-font-size wp-elements-0cf344c2efcb6597673067e9b117e259\" id=\"h-\"><\/h1>\n<\/div><\/div>\n\n\n\n<div class=\"breadcrumb-container\"><ul id=\"breadcrumbs\" class=\"breadcrumbs\"><li class=\"item-home\"><a class=\"bread-link bread-home\" href=\"https:\/\/www.kassiopeia.fi\/ravintola-freja\" title=\"Ravintola Freja\">Ravintola Freja<\/a><\/li><li class=\"separator separator-home\"> \/ <\/li><\/ul><\/div>\n<style>\n    \n<\/style>\n\n\n<div class=\"wp-block-group alignfull is-layout-constrained wp-container-core-group-is-layout-8d7cd119 wp-block-group-is-layout-constrained\" style=\"margin-top:var(--wp--preset--spacing--60);margin-bottom:var(--wp--preset--spacing--60);padding-top:0;padding-right:var(--wp--preset--spacing--40);padding-bottom:0;padding-left:var(--wp--preset--spacing--40)\">\n<div class=\"wp-block-group alignwide ingress is-layout-constrained wp-block-group-is-layout-constrained\">\n<h1 class=\"wp-block-heading has-text-align-center\" id=\"h-easter-brunch-2027-espoo-matinkyla\">Easter Brunch 2027 \u2013 Espoo, Matinkyl\u00e4<\/h1>\n\n\n\n<p class=\"has-text-align-center\">Welcome to celebrate Easter with a delicious brunch.<\/p>\n\n\n\n<p class=\"has-text-align-center\"><strong>EASTER BRUNCH<\/strong><br><strong>See you at the Easter Brunch again in spring 2027!<\/strong><\/p>\n<\/div>\n<\/div>\n\n\n\n\n\n<div class=\"wp-block-group alignfull is-layout-constrained wp-container-core-group-is-layout-73d04ce3 wp-block-group-is-layout-constrained\" style=\"margin-top:0px;margin-bottom:0px;padding-top:0;padding-right:var(--wp--preset--spacing--40);padding-bottom:0;padding-left:var(--wp--preset--spacing--40)\">\n<div class=\"wp-block-columns alignwide is-layout-flex wp-container-core-columns-is-layout-08c01c1c wp-block-columns-is-layout-flex\">\n<div class=\"wp-block-column is-layout-flow wp-block-column-is-layout-flow\" style=\"padding-top:var(--wp--preset--spacing--70);padding-right:0;padding-bottom:var(--wp--preset--spacing--70);padding-left:0\">\n<h2 class=\"wp-block-heading has-text-align-left\" id=\"h-how-to-get-to-freja\" style=\"margin-top:0;margin-bottom:0;padding-top:0;padding-bottom:0\">How to Get to Freja?<\/h2>\n\n\n\n<p><strong>Address:<\/strong> <a href=\"https:\/\/www.google.fi\/maps\/place\/Ravintola+Freja\/@60.1592951,24.7339844,413m\/data=!3m2!1e3!4b1!4m6!3m5!1s0x468df576513ae6ab:0xbfa66997ef90bb29!8m2!3d60.1592925!4d24.7365593!16s%2Fg%2F11n5hdrxtl?entry=ttu&amp;g_ep=EgoyMDI2MDIwMy4wIKXMDSoASAFQAw%3D%3D\" target=\"_blank\" rel=\"noreferrer noopener\">Suomenlahdentie 7, 02230 Espoo<\/a><\/p>\n\n\n\n<p>We are located in Matinkyl\u00e4, Espoo, next to L\u00e4nsiv\u00e4yl\u00e4 and Ring Road II (Keh\u00e4 2), in connection with <strong>Hotel Matts<\/strong>. You can easily reach us by metro \u2014 the western exit of Matinkyl\u00e4 metro station leads directly to our entrance. Buses to Iso Omena shopping centre also stop nearby.<\/p>\n\n\n\n<p>As a customer of Restaurant Freja, you receive <strong>4 hours of free parking<\/strong> in the Hotel Matts parking garage (subject to availability) when you enter your vehicle\u2019s registration number into the tablet located next to the front door of Restaurant Freja, or provide your registration number at the Hotel Matts reception.<\/p>\n\n\n\n<p><a href=\"https:\/\/www.kassiopeia.fi\/ravintola-freja\/en\/contact-info\/\">View more detailed arrival and parking instructions here.<\/a><\/p>\n<\/div>\n\n\n\n<div class=\"wp-block-column is-layout-flow wp-container-core-column-is-layout-d343a57a wp-block-column-is-layout-flow\" style=\"padding-top:var(--wp--preset--spacing--60);padding-right:0;padding-bottom:var(--wp--preset--spacing--60);padding-left:0\">\n<figure class=\"wp-block-image size-full is-resized\"><img loading=\"lazy\" decoding=\"async\" width=\"857\" height=\"1024\" src=\"https:\/\/www.kassiopeia.fi\/ravintola-freja\/wp-content\/uploads\/sites\/6\/2025\/07\/ravintola-freja-kartta-857x1024-1.png\" alt=\"Ravintola Frejan kartta. Ravintola Freja sijaitsee suomenlahdentiell\u00e4 Espoon Matinkyl\u00e4ss\u00e4. The entrance to the Hotel Matts\u2019 parking is on the Suomenlahdentie through the parking garage of the Iso Omena shopping center. \" class=\"wp-image-203\" style=\"width:500px\" srcset=\"https:\/\/www.kassiopeia.fi\/ravintola-freja\/wp-content\/uploads\/sites\/6\/2025\/07\/ravintola-freja-kartta-857x1024-1.png 857w, https:\/\/www.kassiopeia.fi\/ravintola-freja\/wp-content\/uploads\/sites\/6\/2025\/07\/ravintola-freja-kartta-857x1024-1-251x300.png 251w, https:\/\/www.kassiopeia.fi\/ravintola-freja\/wp-content\/uploads\/sites\/6\/2025\/07\/ravintola-freja-kartta-857x1024-1-768x918.png 768w\" sizes=\"auto, (max-width: 857px) 100vw, 857px\" \/><\/figure>\n<\/div>\n<\/div>\n<\/div>\n\n\n\n<div class=\"wp-block-group alignfull is-layout-constrained wp-container-core-group-is-layout-6003e2ed wp-block-group-is-layout-constrained\" style=\"margin-top:var(--wp--preset--spacing--60);margin-bottom:0;padding-top:var(--wp--preset--spacing--40);padding-right:var(--wp--preset--spacing--40);padding-bottom:0;padding-left:var(--wp--preset--spacing--40)\">\n<div class=\"wp-block-columns alignwide is-layout-flex wp-container-core-columns-is-layout-fe4a19cd wp-block-columns-is-layout-flex\">\n<div class=\"wp-block-column is-layout-flow wp-block-column-is-layout-flow\" style=\"padding-bottom:3%\">\n<div class=\"wp-block-columns alignwide is-not-stacked-on-mobile is-layout-flex wp-container-core-columns-is-layout-90d9e455 wp-block-columns-is-layout-flex\">\n<div class=\"wp-block-column is-layout-flow wp-block-column-is-layout-flow\">\n<figure class=\"wp-block-image aligncenter size-full openable-image\"><img loading=\"lazy\" decoding=\"async\" width=\"1000\" height=\"1000\" src=\"https:\/\/www.kassiopeia.fi\/ravintola-freja\/wp-content\/uploads\/sites\/6\/2025\/07\/paasiaisbrunssi-kattaus-freja-tulpaanit.jpg\" alt=\"Ravintola Frejan brunssi katettuna p\u00f6yt\u00e4\u00e4n.\" class=\"wp-image-751\" style=\"aspect-ratio:1;object-fit:cover\" srcset=\"https:\/\/www.kassiopeia.fi\/ravintola-freja\/wp-content\/uploads\/sites\/6\/2025\/07\/paasiaisbrunssi-kattaus-freja-tulpaanit.jpg 1000w, https:\/\/www.kassiopeia.fi\/ravintola-freja\/wp-content\/uploads\/sites\/6\/2025\/07\/paasiaisbrunssi-kattaus-freja-tulpaanit-300x300.jpg 300w, https:\/\/www.kassiopeia.fi\/ravintola-freja\/wp-content\/uploads\/sites\/6\/2025\/07\/paasiaisbrunssi-kattaus-freja-tulpaanit-150x150.jpg 150w, https:\/\/www.kassiopeia.fi\/ravintola-freja\/wp-content\/uploads\/sites\/6\/2025\/07\/paasiaisbrunssi-kattaus-freja-tulpaanit-768x768.jpg 768w\" sizes=\"auto, (max-width: 1000px) 100vw, 1000px\" \/><\/figure>\n<\/div>\n\n\n\n<div class=\"wp-block-column is-layout-flow wp-block-column-is-layout-flow\">\n<figure class=\"wp-block-image aligncenter size-full openable-image\"><img loading=\"lazy\" decoding=\"async\" width=\"1080\" height=\"1080\" src=\"https:\/\/www.kassiopeia.fi\/ravintola-freja\/wp-content\/uploads\/sites\/6\/2025\/07\/kesabrunssi-freja-6-1080X1080.jpg\" alt=\"Ravintola Frejan brunssilla kuohuvaa.\" class=\"wp-image-753\" style=\"aspect-ratio:1;object-fit:cover\" srcset=\"https:\/\/www.kassiopeia.fi\/ravintola-freja\/wp-content\/uploads\/sites\/6\/2025\/07\/kesabrunssi-freja-6-1080X1080.jpg 1080w, https:\/\/www.kassiopeia.fi\/ravintola-freja\/wp-content\/uploads\/sites\/6\/2025\/07\/kesabrunssi-freja-6-1080X1080-300x300.jpg 300w, https:\/\/www.kassiopeia.fi\/ravintola-freja\/wp-content\/uploads\/sites\/6\/2025\/07\/kesabrunssi-freja-6-1080X1080-1024x1024.jpg 1024w, https:\/\/www.kassiopeia.fi\/ravintola-freja\/wp-content\/uploads\/sites\/6\/2025\/07\/kesabrunssi-freja-6-1080X1080-150x150.jpg 150w, https:\/\/www.kassiopeia.fi\/ravintola-freja\/wp-content\/uploads\/sites\/6\/2025\/07\/kesabrunssi-freja-6-1080X1080-768x768.jpg 768w\" sizes=\"auto, (max-width: 1080px) 100vw, 1080px\" \/><\/figure>\n<\/div>\n<\/div>\n<\/div>\n\n\n\n<div class=\"wp-block-column is-layout-flow wp-block-column-is-layout-flow\" style=\"padding-bottom:3%\">\n<div class=\"wp-block-columns alignwide is-not-stacked-on-mobile is-layout-flex wp-container-core-columns-is-layout-90d9e455 wp-block-columns-is-layout-flex\">\n<div class=\"wp-block-column is-layout-flow wp-block-column-is-layout-flow\">\n<figure class=\"wp-block-image aligncenter size-full openable-image\"><img loading=\"lazy\" decoding=\"async\" width=\"800\" height=\"800\" src=\"https:\/\/www.kassiopeia.fi\/ravintola-freja\/wp-content\/uploads\/sites\/6\/2025\/07\/freja-brunssi-alkupalat-800.jpg\" alt=\"Ravintola Frejan brunssin alkupalat katettuna.\" class=\"wp-image-752\" style=\"aspect-ratio:1;object-fit:cover\" srcset=\"https:\/\/www.kassiopeia.fi\/ravintola-freja\/wp-content\/uploads\/sites\/6\/2025\/07\/freja-brunssi-alkupalat-800.jpg 800w, https:\/\/www.kassiopeia.fi\/ravintola-freja\/wp-content\/uploads\/sites\/6\/2025\/07\/freja-brunssi-alkupalat-800-300x300.jpg 300w, https:\/\/www.kassiopeia.fi\/ravintola-freja\/wp-content\/uploads\/sites\/6\/2025\/07\/freja-brunssi-alkupalat-800-150x150.jpg 150w, https:\/\/www.kassiopeia.fi\/ravintola-freja\/wp-content\/uploads\/sites\/6\/2025\/07\/freja-brunssi-alkupalat-800-768x768.jpg 768w\" sizes=\"auto, (max-width: 800px) 100vw, 800px\" \/><\/figure>\n<\/div>\n\n\n\n<div class=\"wp-block-column is-layout-flow wp-block-column-is-layout-flow\">\n<figure class=\"wp-block-image aligncenter size-full openable-image\"><img loading=\"lazy\" decoding=\"async\" width=\"2000\" height=\"1317\" src=\"https:\/\/www.kassiopeia.fi\/ravintola-freja\/wp-content\/uploads\/sites\/6\/2025\/10\/brunssi3_hero.jpg\" alt=\"Ravintola Frejan brunssi katettuna p\u00f6yt\u00e4\u00e4n.\" class=\"wp-image-2174\" style=\"aspect-ratio:1;object-fit:cover\" srcset=\"https:\/\/www.kassiopeia.fi\/ravintola-freja\/wp-content\/uploads\/sites\/6\/2025\/10\/brunssi3_hero.jpg 2000w, https:\/\/www.kassiopeia.fi\/ravintola-freja\/wp-content\/uploads\/sites\/6\/2025\/10\/brunssi3_hero-300x198.jpg 300w, https:\/\/www.kassiopeia.fi\/ravintola-freja\/wp-content\/uploads\/sites\/6\/2025\/10\/brunssi3_hero-1024x674.jpg 1024w, https:\/\/www.kassiopeia.fi\/ravintola-freja\/wp-content\/uploads\/sites\/6\/2025\/10\/brunssi3_hero-768x506.jpg 768w, https:\/\/www.kassiopeia.fi\/ravintola-freja\/wp-content\/uploads\/sites\/6\/2025\/10\/brunssi3_hero-1536x1011.jpg 1536w\" sizes=\"auto, (max-width: 2000px) 100vw, 2000px\" \/><\/figure>\n<\/div>\n<\/div>\n<\/div>\n<\/div>\n<\/div>\n\n\n\n<div class=\"wp-block-group alignfull is-layout-constrained wp-container-core-group-is-layout-12563e28 wp-block-group-is-layout-constrained\" style=\"margin-top:var(--wp--preset--spacing--60);margin-bottom:var(--wp--preset--spacing--70);padding-top:0;padding-right:var(--wp--preset--spacing--40);padding-bottom:0;padding-left:var(--wp--preset--spacing--40)\">\n<div class=\"wp-block-group alignwide ingress is-layout-constrained wp-block-group-is-layout-constrained\">\n<div class=\"wp-block-group is-content-justification-center is-nowrap is-layout-flex wp-container-core-group-is-layout-3c8805c5 wp-block-group-is-layout-flex\">\n<figure class=\"wp-block-image size-large is-resized\"><a href=\"https:\/\/www.facebook.com\/ravintolafreja\/\" target=\"_blank\" rel=\" noreferrer noopener\"><img loading=\"lazy\" decoding=\"async\" width=\"200\" height=\"200\" src=\"https:\/\/www.kassiopeia.fi\/ravintola-freja\/wp-content\/uploads\/sites\/6\/2025\/07\/FB-Freja.svg\" alt=\"\" class=\"wp-image-195\" style=\"width:37px\"\/><\/a><\/figure>\n\n\n\n<figure class=\"wp-block-image size-large is-resized\"><a href=\"https:\/\/www.instagram.com\/ravintolafreja\/\" target=\"_blank\" rel=\" noreferrer noopener\"><img loading=\"lazy\" decoding=\"async\" width=\"200\" height=\"200\" src=\"https:\/\/www.kassiopeia.fi\/ravintola-freja\/wp-content\/uploads\/sites\/6\/2025\/07\/IG-Freja.svg\" alt=\"\" class=\"wp-image-196\" style=\"width:37px\"\/><\/a><\/figure>\n\n\n\n<figure class=\"wp-block-image size-large is-resized\"><a href=\"https:\/\/www.youtube.com\/@kassiopeiahotelsrestaurants\" target=\"_blank\" rel=\" noreferrer noopener\"><img loading=\"lazy\" decoding=\"async\" width=\"200\" height=\"200\" src=\"https:\/\/www.kassiopeia.fi\/ravintola-freja\/wp-content\/uploads\/sites\/6\/2025\/07\/YT-Freja.svg\" alt=\"\" class=\"wp-image-199\" style=\"width:37px\"\/><\/a><\/figure>\n<\/div>\n\n\n\n<p class=\"has-text-align-center\">Suomenlahdentie 7, 02230 Espoo FI | <a href=\"mailto:freja@kassiopeia.fi\">freja@kassiopeia.fi<\/a> |Phone: +358 44 414 8056 (Mon-Sat)<\/p>\n<\/div>\n<\/div>\n\n\n\n<div class=\"wp-block-group alignfull is-layout-constrained wp-container-core-group-is-layout-3ea18fcc wp-block-group-is-layout-constrained\" style=\"margin-top:var(--wp--preset--spacing--60);margin-bottom:var(--wp--preset--spacing--60);padding-top:0;padding-right:var(--wp--preset--spacing--40);padding-bottom:0;padding-left:var(--wp--preset--spacing--40)\">\n<div class=\"wp-block-group alignwide is-layout-constrained wp-container-core-group-is-layout-b4832bf0 wp-block-group-is-layout-constrained\" style=\"margin-top:var(--wp--preset--spacing--60);margin-bottom:var(--wp--preset--spacing--60);padding-top:0;padding-right:0;padding-bottom:0;padding-left:0\">\n<div class=\"wp-block-create-block-lahjakortti\" style=\"background-image: url(https:\/\/www.kassiopeia.fi\/ravintola-freja\/wp-content\/uploads\/sites\/6\/2025\/07\/fre_lahjakortti_bg.jpg); background-position-x: 50%; background-position-y: 50%;\">\n\t<div class=\"lahjakortti-content\" style=\"background: #ffffffad;\">\n\t\t\n<h2 class=\"wp-block-heading has-text-align-center has-panorama-2-color has-text-color has-link-color wp-elements-e21c472cea773a5016b3661289b595aa\" id=\"h-restaurant-gift-card-0\" style=\"font-style:normal;font-weight:700\">Restaurant Gift Card<\/h2>\n\n<p class=\"has-text-align-center\">Give the gift of a delicious experience. A gift card is a perfect choice when you want to give something memorable instead of a material gift \u2013 it\u2019s a delightful surprise!<\/p>\n\n<div class=\"wp-block-buttons is-content-justification-center is-layout-flex wp-container-core-buttons-is-layout-a89b3969 wp-block-buttons-is-layout-flex\">\n<div class=\"wp-block-button\"><a class=\"wp-block-button__link has-general-1-color has-panorama-2-background-color has-text-color has-background has-link-color wp-element-button\" href=\"https:\/\/shop.kassiopeia.fi\/shop\/lang\/en\" style=\"border-style:none;border-width:0px;border-radius:0px\" target=\"_blank\" rel=\"noreferrer noopener\"><strong>Buy a Gift Card<\/strong><\/a><\/div>\n<\/div>\n\t<\/div>\n\t<img decoding=\"async\" class=\"image-l\" src=\"https:\/\/www.kassiopeia.fi\/ravintola-freja\/wp-content\/uploads\/sites\/6\/2025\/07\/lahjakortti_rusetti_alaosa.png\">\n\t<img decoding=\"async\" class=\"image-r\" src=\"https:\/\/www.kassiopeia.fi\/ravintola-freja\/wp-content\/uploads\/sites\/6\/2025\/07\/lahjakortti_rusetti_ylaosa.png\">\n<\/div><\/div>\n<\/div>\n","protected":false},"excerpt":{"rendered":"<p>Easter Brunch 2027 \u2013 Espoo, Matinkyl\u00e4 Welcome to celebrate Easter with a delicious brunch. EASTER BRUNCHSee you at the Easter Brunch again in spring 2027!<\/p>\n","protected":false},"author":7,"featured_media":0,"parent":0,"menu_order":0,"comment_status":"closed","ping_status":"closed","template":"","meta":{"_acf_changed":false,"footnotes":""},"class_list":["post-3281","page","type-page","status-publish","hentry"],"acf":[],"yoast_head":"<!-- This site is optimized with the Yoast SEO Premium plugin v27.2 (Yoast SEO v27.2) - https:\/\/yoast.com\/product\/yoast-seo-premium-wordpress\/ -->\n<title>Easter Brunch 2027 | Restaurant Freja, Espoo<\/title>\n<meta name=\"description\" content=\"Welcome to celebrate Easter with a delicious brunch. View the menu and book a table!\" \/>\n<meta name=\"robots\" content=\"index, follow, max-snippet:-1, max-image-preview:large, max-video-preview:-1\" \/>\n<link rel=\"canonical\" href=\"https:\/\/www.kassiopeia.fi\/ravintola-freja\/en\/easter-brunch\/\" \/>\n<meta property=\"og:locale\" content=\"en_US\" \/>\n<meta property=\"og:type\" content=\"article\" \/>\n<meta property=\"og:title\" content=\"Easter Brunch\" \/>\n<meta property=\"og:description\" content=\"Welcome to celebrate Easter with a delicious brunch. View the menu and book a table!\" \/>\n<meta property=\"og:url\" content=\"https:\/\/www.kassiopeia.fi\/ravintola-freja\/en\/easter-brunch\/\" \/>\n<meta property=\"og:site_name\" content=\"Ravintola Freja\" \/>\n<meta property=\"article:modified_time\" content=\"2026-04-07T06:28:05+00:00\" \/>\n<meta property=\"og:image\" content=\"https:\/\/www.kassiopeia.fi\/ravintola-freja\/wp-content\/uploads\/sites\/6\/2026\/03\/kevainen-brunssi-freja.jpg\" \/>\n\t<meta property=\"og:image:width\" content=\"2000\" \/>\n\t<meta property=\"og:image:height\" content=\"1333\" \/>\n\t<meta property=\"og:image:type\" content=\"image\/jpeg\" \/>\n<meta name=\"twitter:card\" content=\"summary_large_image\" \/>\n<meta name=\"twitter:label1\" content=\"Est. reading time\" \/>\n\t<meta name=\"twitter:data1\" content=\"5 minutes\" \/>\n<script type=\"application\/ld+json\" class=\"yoast-schema-graph\">{\"@context\":\"https:\/\/schema.org\",\"@graph\":[{\"@type\":\"WebPage\",\"@id\":\"https:\/\/www.kassiopeia.fi\/ravintola-freja\/en\/easter-brunch\/\",\"url\":\"https:\/\/www.kassiopeia.fi\/ravintola-freja\/en\/easter-brunch\/\",\"name\":\"Easter Brunch 2027 | Restaurant Freja, Espoo\",\"isPartOf\":{\"@id\":\"https:\/\/www.kassiopeia.fi\/ravintola-freja\/#website\"},\"primaryImageOfPage\":{\"@id\":\"https:\/\/www.kassiopeia.fi\/ravintola-freja\/en\/easter-brunch\/#primaryimage\"},\"image\":{\"@id\":\"https:\/\/www.kassiopeia.fi\/ravintola-freja\/en\/easter-brunch\/#primaryimage\"},\"thumbnailUrl\":\"https:\/\/www.kassiopeia.fi\/ravintola-freja\/wp-content\/uploads\/sites\/6\/2026\/03\/kevainen-brunssi-freja.jpg\",\"datePublished\":\"2026-03-20T12:14:31+00:00\",\"dateModified\":\"2026-04-07T06:28:05+00:00\",\"description\":\"Welcome to celebrate Easter with a delicious brunch. View the menu and book a table!\",\"breadcrumb\":{\"@id\":\"https:\/\/www.kassiopeia.fi\/ravintola-freja\/en\/easter-brunch\/#breadcrumb\"},\"inLanguage\":\"en-US\",\"potentialAction\":[{\"@type\":\"ReadAction\",\"target\":[\"https:\/\/www.kassiopeia.fi\/ravintola-freja\/en\/easter-brunch\/\"]}]},{\"@type\":\"ImageObject\",\"inLanguage\":\"en-US\",\"@id\":\"https:\/\/www.kassiopeia.fi\/ravintola-freja\/en\/easter-brunch\/#primaryimage\",\"url\":\"https:\/\/www.kassiopeia.fi\/ravintola-freja\/wp-content\/uploads\/sites\/6\/2026\/03\/kevainen-brunssi-freja.jpg\",\"contentUrl\":\"https:\/\/www.kassiopeia.fi\/ravintola-freja\/wp-content\/uploads\/sites\/6\/2026\/03\/kevainen-brunssi-freja.jpg\",\"width\":2000,\"height\":1333,\"caption\":\"Frejan lauantaibrunssi.\"},{\"@type\":\"BreadcrumbList\",\"@id\":\"https:\/\/www.kassiopeia.fi\/ravintola-freja\/en\/easter-brunch\/#breadcrumb\",\"itemListElement\":[{\"@type\":\"ListItem\",\"position\":1,\"name\":\"Home\",\"item\":\"https:\/\/www.kassiopeia.fi\/ravintola-freja\/\"},{\"@type\":\"ListItem\",\"position\":2,\"name\":\"Easter Brunch\"}]},{\"@type\":\"WebSite\",\"@id\":\"https:\/\/www.kassiopeia.fi\/ravintola-freja\/#website\",\"url\":\"https:\/\/www.kassiopeia.fi\/ravintola-freja\/\",\"name\":\"Ravintola Freja\",\"description\":\"\",\"potentialAction\":[{\"@type\":\"SearchAction\",\"target\":{\"@type\":\"EntryPoint\",\"urlTemplate\":\"https:\/\/www.kassiopeia.fi\/ravintola-freja\/?s={search_term_string}\"},\"query-input\":{\"@type\":\"PropertyValueSpecification\",\"valueRequired\":true,\"valueName\":\"search_term_string\"}}],\"inLanguage\":\"en-US\"}]}<\/script>\n<!-- \/ Yoast SEO Premium plugin. -->","yoast_head_json":{"title":"Easter Brunch 2027 | Restaurant Freja, Espoo","description":"Welcome to celebrate Easter with a delicious brunch. View the menu and book a table!","robots":{"index":"index","follow":"follow","max-snippet":"max-snippet:-1","max-image-preview":"max-image-preview:large","max-video-preview":"max-video-preview:-1"},"canonical":"https:\/\/www.kassiopeia.fi\/ravintola-freja\/en\/easter-brunch\/","og_locale":"en_US","og_type":"article","og_title":"Easter Brunch","og_description":"Welcome to celebrate Easter with a delicious brunch. View the menu and book a table!","og_url":"https:\/\/www.kassiopeia.fi\/ravintola-freja\/en\/easter-brunch\/","og_site_name":"Ravintola Freja","article_modified_time":"2026-04-07T06:28:05+00:00","og_image":[{"width":2000,"height":1333,"url":"https:\/\/www.kassiopeia.fi\/ravintola-freja\/wp-content\/uploads\/sites\/6\/2026\/03\/kevainen-brunssi-freja.jpg","type":"image\/jpeg"}],"twitter_card":"summary_large_image","twitter_misc":{"Est. reading time":"5 minutes"},"schema":{"@context":"https:\/\/schema.org","@graph":[{"@type":"WebPage","@id":"https:\/\/www.kassiopeia.fi\/ravintola-freja\/en\/easter-brunch\/","url":"https:\/\/www.kassiopeia.fi\/ravintola-freja\/en\/easter-brunch\/","name":"Easter Brunch 2027 | Restaurant Freja, Espoo","isPartOf":{"@id":"https:\/\/www.kassiopeia.fi\/ravintola-freja\/#website"},"primaryImageOfPage":{"@id":"https:\/\/www.kassiopeia.fi\/ravintola-freja\/en\/easter-brunch\/#primaryimage"},"image":{"@id":"https:\/\/www.kassiopeia.fi\/ravintola-freja\/en\/easter-brunch\/#primaryimage"},"thumbnailUrl":"https:\/\/www.kassiopeia.fi\/ravintola-freja\/wp-content\/uploads\/sites\/6\/2026\/03\/kevainen-brunssi-freja.jpg","datePublished":"2026-03-20T12:14:31+00:00","dateModified":"2026-04-07T06:28:05+00:00","description":"Welcome to celebrate Easter with a delicious brunch. View the menu and book a table!","breadcrumb":{"@id":"https:\/\/www.kassiopeia.fi\/ravintola-freja\/en\/easter-brunch\/#breadcrumb"},"inLanguage":"en-US","potentialAction":[{"@type":"ReadAction","target":["https:\/\/www.kassiopeia.fi\/ravintola-freja\/en\/easter-brunch\/"]}]},{"@type":"ImageObject","inLanguage":"en-US","@id":"https:\/\/www.kassiopeia.fi\/ravintola-freja\/en\/easter-brunch\/#primaryimage","url":"https:\/\/www.kassiopeia.fi\/ravintola-freja\/wp-content\/uploads\/sites\/6\/2026\/03\/kevainen-brunssi-freja.jpg","contentUrl":"https:\/\/www.kassiopeia.fi\/ravintola-freja\/wp-content\/uploads\/sites\/6\/2026\/03\/kevainen-brunssi-freja.jpg","width":2000,"height":1333,"caption":"Frejan lauantaibrunssi."},{"@type":"BreadcrumbList","@id":"https:\/\/www.kassiopeia.fi\/ravintola-freja\/en\/easter-brunch\/#breadcrumb","itemListElement":[{"@type":"ListItem","position":1,"name":"Home","item":"https:\/\/www.kassiopeia.fi\/ravintola-freja\/"},{"@type":"ListItem","position":2,"name":"Easter Brunch"}]},{"@type":"WebSite","@id":"https:\/\/www.kassiopeia.fi\/ravintola-freja\/#website","url":"https:\/\/www.kassiopeia.fi\/ravintola-freja\/","name":"Ravintola Freja","description":"","potentialAction":[{"@type":"SearchAction","target":{"@type":"EntryPoint","urlTemplate":"https:\/\/www.kassiopeia.fi\/ravintola-freja\/?s={search_term_string}"},"query-input":{"@type":"PropertyValueSpecification","valueRequired":true,"valueName":"search_term_string"}}],"inLanguage":"en-US"}]}},"lang":"en","translations":{"en":3281},"pll_sync_post":[],"_links":{"self":[{"href":"https:\/\/www.kassiopeia.fi\/ravintola-freja\/wp-json\/wp\/v2\/pages\/3281","targetHints":{"allow":["GET"]}}],"collection":[{"href":"https:\/\/www.kassiopeia.fi\/ravintola-freja\/wp-json\/wp\/v2\/pages"}],"about":[{"href":"https:\/\/www.kassiopeia.fi\/ravintola-freja\/wp-json\/wp\/v2\/types\/page"}],"author":[{"embeddable":true,"href":"https:\/\/www.kassiopeia.fi\/ravintola-freja\/wp-json\/wp\/v2\/users\/7"}],"replies":[{"embeddable":true,"href":"https:\/\/www.kassiopeia.fi\/ravintola-freja\/wp-json\/wp\/v2\/comments?post=3281"}],"version-history":[{"count":5,"href":"https:\/\/www.kassiopeia.fi\/ravintola-freja\/wp-json\/wp\/v2\/pages\/3281\/revisions"}],"predecessor-version":[{"id":3360,"href":"https:\/\/www.kassiopeia.fi\/ravintola-freja\/wp-json\/wp\/v2\/pages\/3281\/revisions\/3360"}],"wp:attachment":[{"href":"https:\/\/www.kassiopeia.fi\/ravintola-freja\/wp-json\/wp\/v2\/media?parent=3281"}],"curies":[{"name":"wp","href":"https:\/\/api.w.org\/{rel}","templated":true}]}}