{"id":2294,"date":"2025-10-07T11:10:20","date_gmt":"2025-10-07T08:10:20","guid":{"rendered":"https:\/\/www.kassiopeia.fi\/ravintola-freja\/?page_id=2294"},"modified":"2025-10-07T11:18:18","modified_gmt":"2025-10-07T08:18:18","slug":"tilaa-uutiskirje","status":"publish","type":"page","link":"https:\/\/www.kassiopeia.fi\/ravintola-freja\/tilaa-uutiskirje\/","title":{"rendered":"Tilaa uutiskirje"},"content":{"rendered":"\n<div style=\"height:115px\" aria-hidden=\"true\" class=\"wp-block-spacer\"><\/div>\n\n\n\n<div class=\"breadcrumb-container\"><ul id=\"breadcrumbs\" class=\"breadcrumbs\"><li class=\"item-home\"><a class=\"bread-link bread-home\" href=\"https:\/\/www.kassiopeia.fi\/ravintola-freja\" title=\"Ravintola Freja\">Ravintola Freja<\/a><\/li><li class=\"separator separator-home\"> \/ <\/li><\/ul><\/div>\n<style>\n    \n<\/style>\n\n\n<div style=\"height:23px\" aria-hidden=\"true\" class=\"wp-block-spacer\"><\/div>\n\n\n\n<div class=\"wp-block-group alignfull has-brand-3-background-color has-background is-layout-constrained wp-container-core-group-is-layout-c75e7cd3 wp-block-group-is-layout-constrained\" style=\"margin-top:0;margin-bottom:0;padding-top:0;padding-right:var(--wp--preset--spacing--40);padding-bottom:0;padding-left:var(--wp--preset--spacing--40)\">\n<div class=\"wp-block-media-text is-stacked-on-mobile is-image-fill-element waves\" style=\"padding-top:0;padding-bottom:0\"><figure class=\"wp-block-media-text__media\"><img loading=\"lazy\" decoding=\"async\" width=\"952\" height=\"635\" src=\"https:\/\/www.kassiopeia.fi\/ravintola-freja\/wp-content\/uploads\/sites\/6\/2025\/07\/ravintola_freja_3_ruokalajin_menu.jpg\" alt=\"\" class=\"wp-image-201 size-full\" style=\"object-position:50% 50%\" srcset=\"https:\/\/www.kassiopeia.fi\/ravintola-freja\/wp-content\/uploads\/sites\/6\/2025\/07\/ravintola_freja_3_ruokalajin_menu.jpg 952w, https:\/\/www.kassiopeia.fi\/ravintola-freja\/wp-content\/uploads\/sites\/6\/2025\/07\/ravintola_freja_3_ruokalajin_menu-300x200.jpg 300w, https:\/\/www.kassiopeia.fi\/ravintola-freja\/wp-content\/uploads\/sites\/6\/2025\/07\/ravintola_freja_3_ruokalajin_menu-768x512.jpg 768w\" sizes=\"auto, (max-width: 952px) 100vw, 952px\" \/><\/figure><div class=\"wp-block-media-text__content\">\n<h2 class=\"wp-block-heading has-text-align-left\">Seuraa meit\u00e4 &amp; tilaa uutiskirje<\/h2>\n\n\n\n<p class=\"has-text-align-left\">Seuraamalla meit\u00e4 somessa ja tilaamalla Kassiopeian uutiskirjeen kuulet aina ensimm\u00e4isen\u00e4, mit\u00e4 meille kuuluu ja mit\u00e4 erityist\u00e4 meill\u00e4 on tarjota juuri sinulle!<\/p>\n\n\n\n<div class=\"wp-block-group is-content-justification-left is-nowrap is-layout-flex wp-container-core-group-is-layout-f286d47d wp-block-group-is-layout-flex\">\n<figure class=\"wp-block-image size-large is-resized\"><a href=\"https:\/\/www.facebook.com\/ravintolafreja\" target=\"_blank\" rel=\" noreferrer noopener\"><img loading=\"lazy\" decoding=\"async\" width=\"200\" height=\"200\" src=\"https:\/\/www.kassiopeia.fi\/ravintola-freja\/wp-content\/uploads\/sites\/6\/2025\/07\/FB-Freja.svg\" alt=\"\" class=\"wp-image-195\" style=\"width:37px\"\/><\/a><\/figure>\n\n\n\n<figure class=\"wp-block-image size-large is-resized\"><a href=\"https:\/\/www.instagram.com\/ravintolafreja\/\" target=\"_blank\" rel=\" noreferrer noopener\"><img loading=\"lazy\" decoding=\"async\" width=\"200\" height=\"200\" src=\"https:\/\/www.kassiopeia.fi\/ravintola-freja\/wp-content\/uploads\/sites\/6\/2025\/07\/IG-Freja.svg\" alt=\"\" class=\"wp-image-196\" style=\"width:37px\"\/><\/a><\/figure>\n\n\n\n<figure class=\"wp-block-image size-large is-resized\"><a href=\"https:\/\/www.youtube.com\/@kassiopeiahotelsrestaurants\" target=\"_blank\" rel=\" noreferrer noopener\"><img loading=\"lazy\" decoding=\"async\" width=\"200\" height=\"200\" src=\"https:\/\/www.kassiopeia.fi\/ravintola-freja\/wp-content\/uploads\/sites\/6\/2025\/07\/YT-Freja.svg\" alt=\"\" class=\"wp-image-199\" style=\"width:37px\"\/><\/a><\/figure>\n<\/div>\n\n\n\n<h3 class=\"wp-block-heading\" id=\"h-tilaa-uutiskirje\">Tilaa uutiskirje<\/h3>\n\n\n\n<p>*S\u00e4hk\u00f6posti<\/p>\n\n\n\n<!-- Begin Mailchimp Signup Form -->\n<link href=\"\/\/cdn-images.mailchimp.com\/embedcode\/classic-10_7.css\" rel=\"stylesheet\" type=\"text\/css\">\n<style type=\"text\/css\">\n\t#mc_embed_signup{ clear:left; font:14px Helvetica,Arial,sans-serif; }\n\t\/* Add your own Mailchimp form style overrides in your site stylesheet or in this style block.\n\t   We recommend moving this block and the preceding CSS link to the HEAD of your HTML file. *\/\n<\/style>\n<div id=\"mc_embed_signup\">\n<!-- Default url: https:\/\/kassiopeia.us19.list-manage.com\/subscribe\/post?u=33850eb1e7c31da1ea014e051&amp;id=2942877fad -->\n\t<form action=\"https:\/\/kassiopeia.us19.list-manage.com\/subscribe\/post?u=33850eb1e7c31da1ea014e051&amp;id=2942877fad\" method=\"post\" id=\"mc-embedded-subscribe-form\" name=\"mc-embedded-subscribe-form\" class=\"validate\" target=\"_blank\" novalidate>\n\t\t<div id=\"mc_embed_signup_scroll\">\n\t\t\t<div class=\"mc-field-group\">\n\t\t\t\t<label for=\"mce-EMAIL\" style=\"font-size:17px;\"><span class=\"asterisk\"><\/span><\/label>\n\t\t\t\t<input type=\"hidden\" value=\"Freja\" name=\"MMERGE1\" class=\"\" id=\"mce-MMERGE1\">\n\t\t\t\t<input type=\"email\" value=\"\" name=\"EMAIL\" class=\"required email\" id=\"mce-EMAIL\">\n\t\t\t<\/div>\n\t\t\t<div id=\"mce-responses\" class=\"clear\">\n\t\t\t\t<div class=\"response\" id=\"mce-error-response\" style=\"display:none\"><\/div>\n\t\t\t\t<div class=\"response\" id=\"mce-success-response\" style=\"display:none\"><\/div>\n\t\t\t<\/div>    <!-- real people should not fill this in and expect good things - do not remove this or risk form bot signups-->\n\t\t\t<div style=\"position: absolute; left: -5000px;\" aria-hidden=\"true\"><input type=\"text\" name=\"b_33850eb1e7c31da1ea014e051_2942877fad\" tabindex=\"-1\" value=\"\"><\/div>\n\t\t\t<div class=\"clear\"><input type=\"submit\" value=\"Tilaa uutiskirje\" name=\"subscribe\" id=\"mc-embedded-subscribe\" class=\"button\"><\/div>\n\t\t<\/div>\n\t<\/form>\n<\/div>\n\n<script type='text\/javascript' src='\/\/s3.amazonaws.com\/downloads.mailchimp.com\/js\/mc-validate.js'><\/script>\n\n<script type='text\/javascript'>\n(function($) {\n\twindow.fnames = new Array();\n\twindow.ftypes = new Array();\n\tfnames[0]='EMAIL';\n\tftypes[0]='email';\n\tfnames[1]='MMERGE1';\n\tftypes[1]='text';\n});\n<\/script><\/div><\/div>\n<\/div>\n","protected":false},"excerpt":{"rendered":"<p>Seuraa meit\u00e4 &amp; tilaa uutiskirje Seuraamalla meit\u00e4 somessa ja tilaamalla Kassiopeian uutiskirjeen kuulet aina ensimm\u00e4isen\u00e4, mit\u00e4 meille kuuluu ja mit\u00e4 erityist\u00e4 meill\u00e4 on tarjota juuri sinulle! Tilaa uutiskirje *S\u00e4hk\u00f6posti<\/p>\n","protected":false},"author":1,"featured_media":0,"parent":0,"menu_order":0,"comment_status":"closed","ping_status":"closed","template":"","meta":{"_acf_changed":false,"footnotes":""},"class_list":["post-2294","page","type-page","status-publish","hentry"],"acf":[],"yoast_head":"<!-- This site is optimized with the Yoast SEO Premium plugin v27.2 (Yoast SEO v27.2) - https:\/\/yoast.com\/product\/yoast-seo-premium-wordpress\/ -->\n<title>Tilaa uutiskirje - Ravintola Freja<\/title>\n<meta name=\"robots\" content=\"index, follow, max-snippet:-1, max-image-preview:large, max-video-preview:-1\" \/>\n<link rel=\"canonical\" href=\"https:\/\/www.kassiopeia.fi\/ravintola-freja\/tilaa-uutiskirje\/\" \/>\n<meta property=\"og:locale\" content=\"en_US\" \/>\n<meta property=\"og:type\" content=\"article\" \/>\n<meta property=\"og:title\" content=\"Tilaa uutiskirje\" \/>\n<meta property=\"og:description\" content=\"Seuraa meit\u00e4 &amp; tilaa uutiskirje Seuraamalla meit\u00e4 somessa ja tilaamalla Kassiopeian uutiskirjeen kuulet aina ensimm\u00e4isen\u00e4, mit\u00e4 meille kuuluu ja mit\u00e4 erityist\u00e4 meill\u00e4 on tarjota juuri sinulle! Tilaa uutiskirje *S\u00e4hk\u00f6posti\" \/>\n<meta property=\"og:url\" content=\"https:\/\/www.kassiopeia.fi\/ravintola-freja\/tilaa-uutiskirje\/\" \/>\n<meta property=\"og:site_name\" content=\"Ravintola Freja\" \/>\n<meta property=\"article:modified_time\" content=\"2025-10-07T08:18:18+00:00\" \/>\n<meta property=\"og:image\" content=\"https:\/\/www.kassiopeia.fi\/ravintola-freja\/wp-content\/uploads\/sites\/6\/2025\/07\/ravintola_freja_3_ruokalajin_menu.jpg\" \/>\n<meta name=\"twitter:card\" content=\"summary_large_image\" \/>\n<meta name=\"twitter:label1\" content=\"Est. reading time\" \/>\n\t<meta name=\"twitter:data1\" content=\"1 minute\" \/>\n<script type=\"application\/ld+json\" class=\"yoast-schema-graph\">{\"@context\":\"https:\/\/schema.org\",\"@graph\":[{\"@type\":\"WebPage\",\"@id\":\"https:\/\/www.kassiopeia.fi\/ravintola-freja\/tilaa-uutiskirje\/\",\"url\":\"https:\/\/www.kassiopeia.fi\/ravintola-freja\/tilaa-uutiskirje\/\",\"name\":\"Tilaa uutiskirje - Ravintola Freja\",\"isPartOf\":{\"@id\":\"https:\/\/www.kassiopeia.fi\/ravintola-freja\/#website\"},\"primaryImageOfPage\":{\"@id\":\"https:\/\/www.kassiopeia.fi\/ravintola-freja\/tilaa-uutiskirje\/#primaryimage\"},\"image\":{\"@id\":\"https:\/\/www.kassiopeia.fi\/ravintola-freja\/tilaa-uutiskirje\/#primaryimage\"},\"thumbnailUrl\":\"https:\/\/www.kassiopeia.fi\/ravintola-freja\/wp-content\/uploads\/sites\/6\/2025\/07\/ravintola_freja_3_ruokalajin_menu.jpg\",\"datePublished\":\"2025-10-07T08:10:20+00:00\",\"dateModified\":\"2025-10-07T08:18:18+00:00\",\"breadcrumb\":{\"@id\":\"https:\/\/www.kassiopeia.fi\/ravintola-freja\/tilaa-uutiskirje\/#breadcrumb\"},\"inLanguage\":\"en-US\",\"potentialAction\":[{\"@type\":\"ReadAction\",\"target\":[\"https:\/\/www.kassiopeia.fi\/ravintola-freja\/tilaa-uutiskirje\/\"]}]},{\"@type\":\"ImageObject\",\"inLanguage\":\"en-US\",\"@id\":\"https:\/\/www.kassiopeia.fi\/ravintola-freja\/tilaa-uutiskirje\/#primaryimage\",\"url\":\"https:\/\/www.kassiopeia.fi\/ravintola-freja\/wp-content\/uploads\/sites\/6\/2025\/07\/ravintola_freja_3_ruokalajin_menu.jpg\",\"contentUrl\":\"https:\/\/www.kassiopeia.fi\/ravintola-freja\/wp-content\/uploads\/sites\/6\/2025\/07\/ravintola_freja_3_ruokalajin_menu.jpg\",\"width\":952,\"height\":635},{\"@type\":\"BreadcrumbList\",\"@id\":\"https:\/\/www.kassiopeia.fi\/ravintola-freja\/tilaa-uutiskirje\/#breadcrumb\",\"itemListElement\":[{\"@type\":\"ListItem\",\"position\":1,\"name\":\"Home\",\"item\":\"https:\/\/www.kassiopeia.fi\/ravintola-freja\/\"},{\"@type\":\"ListItem\",\"position\":2,\"name\":\"Tilaa uutiskirje\"}]},{\"@type\":\"WebSite\",\"@id\":\"https:\/\/www.kassiopeia.fi\/ravintola-freja\/#website\",\"url\":\"https:\/\/www.kassiopeia.fi\/ravintola-freja\/\",\"name\":\"Ravintola Freja\",\"description\":\"\",\"potentialAction\":[{\"@type\":\"SearchAction\",\"target\":{\"@type\":\"EntryPoint\",\"urlTemplate\":\"https:\/\/www.kassiopeia.fi\/ravintola-freja\/?s={search_term_string}\"},\"query-input\":{\"@type\":\"PropertyValueSpecification\",\"valueRequired\":true,\"valueName\":\"search_term_string\"}}],\"inLanguage\":\"en-US\"}]}<\/script>\n<!-- \/ Yoast SEO Premium plugin. -->","yoast_head_json":{"title":"Tilaa uutiskirje - Ravintola Freja","robots":{"index":"index","follow":"follow","max-snippet":"max-snippet:-1","max-image-preview":"max-image-preview:large","max-video-preview":"max-video-preview:-1"},"canonical":"https:\/\/www.kassiopeia.fi\/ravintola-freja\/tilaa-uutiskirje\/","og_locale":"en_US","og_type":"article","og_title":"Tilaa uutiskirje","og_description":"Seuraa meit\u00e4 &amp; tilaa uutiskirje Seuraamalla meit\u00e4 somessa ja tilaamalla Kassiopeian uutiskirjeen kuulet aina ensimm\u00e4isen\u00e4, mit\u00e4 meille kuuluu ja mit\u00e4 erityist\u00e4 meill\u00e4 on tarjota juuri sinulle! Tilaa uutiskirje *S\u00e4hk\u00f6posti","og_url":"https:\/\/www.kassiopeia.fi\/ravintola-freja\/tilaa-uutiskirje\/","og_site_name":"Ravintola Freja","article_modified_time":"2025-10-07T08:18:18+00:00","og_image":[{"url":"https:\/\/www.kassiopeia.fi\/ravintola-freja\/wp-content\/uploads\/sites\/6\/2025\/07\/ravintola_freja_3_ruokalajin_menu.jpg","type":"","width":"","height":""}],"twitter_card":"summary_large_image","twitter_misc":{"Est. reading time":"1 minute"},"schema":{"@context":"https:\/\/schema.org","@graph":[{"@type":"WebPage","@id":"https:\/\/www.kassiopeia.fi\/ravintola-freja\/tilaa-uutiskirje\/","url":"https:\/\/www.kassiopeia.fi\/ravintola-freja\/tilaa-uutiskirje\/","name":"Tilaa uutiskirje - Ravintola Freja","isPartOf":{"@id":"https:\/\/www.kassiopeia.fi\/ravintola-freja\/#website"},"primaryImageOfPage":{"@id":"https:\/\/www.kassiopeia.fi\/ravintola-freja\/tilaa-uutiskirje\/#primaryimage"},"image":{"@id":"https:\/\/www.kassiopeia.fi\/ravintola-freja\/tilaa-uutiskirje\/#primaryimage"},"thumbnailUrl":"https:\/\/www.kassiopeia.fi\/ravintola-freja\/wp-content\/uploads\/sites\/6\/2025\/07\/ravintola_freja_3_ruokalajin_menu.jpg","datePublished":"2025-10-07T08:10:20+00:00","dateModified":"2025-10-07T08:18:18+00:00","breadcrumb":{"@id":"https:\/\/www.kassiopeia.fi\/ravintola-freja\/tilaa-uutiskirje\/#breadcrumb"},"inLanguage":"en-US","potentialAction":[{"@type":"ReadAction","target":["https:\/\/www.kassiopeia.fi\/ravintola-freja\/tilaa-uutiskirje\/"]}]},{"@type":"ImageObject","inLanguage":"en-US","@id":"https:\/\/www.kassiopeia.fi\/ravintola-freja\/tilaa-uutiskirje\/#primaryimage","url":"https:\/\/www.kassiopeia.fi\/ravintola-freja\/wp-content\/uploads\/sites\/6\/2025\/07\/ravintola_freja_3_ruokalajin_menu.jpg","contentUrl":"https:\/\/www.kassiopeia.fi\/ravintola-freja\/wp-content\/uploads\/sites\/6\/2025\/07\/ravintola_freja_3_ruokalajin_menu.jpg","width":952,"height":635},{"@type":"BreadcrumbList","@id":"https:\/\/www.kassiopeia.fi\/ravintola-freja\/tilaa-uutiskirje\/#breadcrumb","itemListElement":[{"@type":"ListItem","position":1,"name":"Home","item":"https:\/\/www.kassiopeia.fi\/ravintola-freja\/"},{"@type":"ListItem","position":2,"name":"Tilaa uutiskirje"}]},{"@type":"WebSite","@id":"https:\/\/www.kassiopeia.fi\/ravintola-freja\/#website","url":"https:\/\/www.kassiopeia.fi\/ravintola-freja\/","name":"Ravintola Freja","description":"","potentialAction":[{"@type":"SearchAction","target":{"@type":"EntryPoint","urlTemplate":"https:\/\/www.kassiopeia.fi\/ravintola-freja\/?s={search_term_string}"},"query-input":{"@type":"PropertyValueSpecification","valueRequired":true,"valueName":"search_term_string"}}],"inLanguage":"en-US"}]}},"lang":"fi","translations":{"fi":2294},"pll_sync_post":[],"_links":{"self":[{"href":"https:\/\/www.kassiopeia.fi\/ravintola-freja\/wp-json\/wp\/v2\/pages\/2294","targetHints":{"allow":["GET"]}}],"collection":[{"href":"https:\/\/www.kassiopeia.fi\/ravintola-freja\/wp-json\/wp\/v2\/pages"}],"about":[{"href":"https:\/\/www.kassiopeia.fi\/ravintola-freja\/wp-json\/wp\/v2\/types\/page"}],"author":[{"embeddable":true,"href":"https:\/\/www.kassiopeia.fi\/ravintola-freja\/wp-json\/wp\/v2\/users\/1"}],"replies":[{"embeddable":true,"href":"https:\/\/www.kassiopeia.fi\/ravintola-freja\/wp-json\/wp\/v2\/comments?post=2294"}],"version-history":[{"count":6,"href":"https:\/\/www.kassiopeia.fi\/ravintola-freja\/wp-json\/wp\/v2\/pages\/2294\/revisions"}],"predecessor-version":[{"id":2308,"href":"https:\/\/www.kassiopeia.fi\/ravintola-freja\/wp-json\/wp\/v2\/pages\/2294\/revisions\/2308"}],"wp:attachment":[{"href":"https:\/\/www.kassiopeia.fi\/ravintola-freja\/wp-json\/wp\/v2\/media?parent=2294"}],"curies":[{"name":"wp","href":"https:\/\/api.w.org\/{rel}","templated":true}]}}