{"id":2108,"date":"2025-10-02T13:44:28","date_gmt":"2025-10-02T10:44:28","guid":{"rendered":"https:\/\/www.kassiopeia.fi\/ravintola-freja\/?page_id=2108"},"modified":"2026-02-04T12:12:43","modified_gmt":"2026-02-04T10:12:43","slug":"menu-2","status":"publish","type":"page","link":"https:\/\/www.kassiopeia.fi\/ravintola-freja\/en\/menu-2\/","title":{"rendered":"Menu"},"content":{"rendered":"\n<div class=\"wp-block-cover alignfull is-light cover-hero wavesx wp-duotone-unset-1\" style=\"margin-top:0px;margin-bottom:0px;padding-top:0px;padding-right:0px;padding-bottom:0px;padding-left:0px;min-height:430px;aspect-ratio:unset;\"><img loading=\"lazy\" decoding=\"async\" width=\"2000\" height=\"1237\" class=\"wp-block-cover__image-background wp-image-2167 size-full\" alt=\"Ravintola Frejan alkupalat tarjoiltuna p\u00f6yt\u00e4\u00e4n.\" src=\"https:\/\/www.kassiopeia.fi\/ravintola-freja\/wp-content\/uploads\/sites\/6\/2025\/10\/etusivu_hero.jpg\" style=\"object-position:52% 72%\" data-object-fit=\"cover\" data-object-position=\"52% 72%\" srcset=\"https:\/\/www.kassiopeia.fi\/ravintola-freja\/wp-content\/uploads\/sites\/6\/2025\/10\/etusivu_hero.jpg 2000w, https:\/\/www.kassiopeia.fi\/ravintola-freja\/wp-content\/uploads\/sites\/6\/2025\/10\/etusivu_hero-300x186.jpg 300w, https:\/\/www.kassiopeia.fi\/ravintola-freja\/wp-content\/uploads\/sites\/6\/2025\/10\/etusivu_hero-1024x633.jpg 1024w, https:\/\/www.kassiopeia.fi\/ravintola-freja\/wp-content\/uploads\/sites\/6\/2025\/10\/etusivu_hero-768x475.jpg 768w, https:\/\/www.kassiopeia.fi\/ravintola-freja\/wp-content\/uploads\/sites\/6\/2025\/10\/etusivu_hero-1536x950.jpg 1536w\" sizes=\"auto, (max-width: 2000px) 100vw, 2000px\" \/><span aria-hidden=\"true\" class=\"wp-block-cover__background has-black-background-color has-background-dim-0 has-background-dim\"><\/span><div class=\"wp-block-cover__inner-container is-layout-flow wp-container-core-cover-is-layout-6e17fc20 wp-block-cover-is-layout-flow\">\n<p class=\"has-text-align-center has-large-font-size\"><\/p>\n<\/div><\/div>\n\n\n\n<div class=\"breadcrumb-container\"><ul id=\"breadcrumbs\" class=\"breadcrumbs\"><li class=\"item-home\"><a class=\"bread-link bread-home\" href=\"https:\/\/www.kassiopeia.fi\/ravintola-freja\" title=\"Ravintola Freja\">Ravintola Freja<\/a><\/li><li class=\"separator separator-home\"> \/ <\/li><\/ul><\/div>\n<style>\n    \n<\/style>\n\n\n<div class=\"wp-block-group alignfull is-layout-constrained wp-container-core-group-is-layout-8d7cd119 wp-block-group-is-layout-constrained\" style=\"margin-top:var(--wp--preset--spacing--60);margin-bottom:var(--wp--preset--spacing--60);padding-top:0;padding-right:var(--wp--preset--spacing--40);padding-bottom:0;padding-left:var(--wp--preset--spacing--40)\">\n<div class=\"wp-block-group alignwide ingress is-layout-constrained wp-block-group-is-layout-constrained\">\n<h1 class=\"wp-block-heading has-text-align-center\" id=\"h-restaurant-freja-menus\" style=\"margin-bottom:var(--wp--preset--spacing--60)\">RESTAURANT FREJA MENUS<\/h1>\n\n\n\n<p class=\"has-text-align-center\">A warm welcome to Restaurant Freja! Enjoy a relaxed atmosphere and delicious food from morning to evening \u2013 inspired by the fresh, high-quality ingredients of Nordic cuisine.<\/p>\n<\/div>\n<\/div>\n\n\n\n<div class=\"wp-block-group alignfull has-beige-light-background-color has-background is-layout-constrained wp-container-core-group-is-layout-e6062249 wp-block-group-is-layout-constrained\" style=\"margin-top:var(--wp--preset--spacing--60);margin-bottom:0;padding-top:var(--wp--preset--spacing--70);padding-right:var(--wp--preset--spacing--40);padding-bottom:var(--wp--preset--spacing--70);padding-left:var(--wp--preset--spacing--40)\">\n<div class=\"wp-block-columns is-layout-flex wp-container-core-columns-is-layout-28f84493 wp-block-columns-is-layout-flex\">\n<div class=\"wp-block-column is-layout-flow wp-block-column-is-layout-flow\">\n<figure class=\"wp-block-image size-full\"><a href=\"https:\/\/www.kassiopeia.fi\/ravintola-freja\/en\/breakfast\/\"><img loading=\"lazy\" decoding=\"async\" width=\"1000\" height=\"1000\" src=\"https:\/\/www.kassiopeia.fi\/ravintola-freja\/wp-content\/uploads\/sites\/6\/2025\/07\/nainen-ravintola-frejan-aamiaisella.jpg\" alt=\"Nainen sy\u00f6m\u00e4ss\u00e4 Ravintola Frejan aamiaisella.\" class=\"wp-image-673\" style=\"aspect-ratio:4\/3;object-fit:cover\" srcset=\"https:\/\/www.kassiopeia.fi\/ravintola-freja\/wp-content\/uploads\/sites\/6\/2025\/07\/nainen-ravintola-frejan-aamiaisella.jpg 1000w, https:\/\/www.kassiopeia.fi\/ravintola-freja\/wp-content\/uploads\/sites\/6\/2025\/07\/nainen-ravintola-frejan-aamiaisella-300x300.jpg 300w, https:\/\/www.kassiopeia.fi\/ravintola-freja\/wp-content\/uploads\/sites\/6\/2025\/07\/nainen-ravintola-frejan-aamiaisella-150x150.jpg 150w, https:\/\/www.kassiopeia.fi\/ravintola-freja\/wp-content\/uploads\/sites\/6\/2025\/07\/nainen-ravintola-frejan-aamiaisella-768x768.jpg 768w\" sizes=\"auto, (max-width: 1000px) 100vw, 1000px\" \/><\/a><\/figure>\n\n\n\n<h2 class=\"wp-block-heading\" id=\"h-breakfast\" style=\"margin-top:var(--wp--preset--spacing--30);margin-bottom:var(--wp--preset--spacing--50)\"><a href=\"https:\/\/www.kassiopeia.fi\/ravintola-freja\/en\/breakfast\/\">BREAKFAST \u2192<\/a><\/h2>\n<\/div>\n\n\n\n<div class=\"wp-block-column is-layout-flow wp-block-column-is-layout-flow\">\n<figure class=\"wp-block-image size-full\"><a href=\"https:\/\/www.kassiopeia.fi\/ravintola-freja\/en\/brunch\/\"><img loading=\"lazy\" decoding=\"async\" width=\"2000\" height=\"1317\" src=\"https:\/\/www.kassiopeia.fi\/ravintola-freja\/wp-content\/uploads\/sites\/6\/2025\/10\/brunssi3_hero.jpg\" alt=\"Ravintola Frejan brunssi katettuna p\u00f6yt\u00e4\u00e4n.\" class=\"wp-image-2174\" style=\"aspect-ratio:4\/3;object-fit:cover\" srcset=\"https:\/\/www.kassiopeia.fi\/ravintola-freja\/wp-content\/uploads\/sites\/6\/2025\/10\/brunssi3_hero.jpg 2000w, https:\/\/www.kassiopeia.fi\/ravintola-freja\/wp-content\/uploads\/sites\/6\/2025\/10\/brunssi3_hero-300x198.jpg 300w, https:\/\/www.kassiopeia.fi\/ravintola-freja\/wp-content\/uploads\/sites\/6\/2025\/10\/brunssi3_hero-1024x674.jpg 1024w, https:\/\/www.kassiopeia.fi\/ravintola-freja\/wp-content\/uploads\/sites\/6\/2025\/10\/brunssi3_hero-768x506.jpg 768w, https:\/\/www.kassiopeia.fi\/ravintola-freja\/wp-content\/uploads\/sites\/6\/2025\/10\/brunssi3_hero-1536x1011.jpg 1536w\" sizes=\"auto, (max-width: 2000px) 100vw, 2000px\" \/><\/a><\/figure>\n\n\n\n<h2 class=\"wp-block-heading\" id=\"h-brunch\" style=\"margin-top:var(--wp--preset--spacing--30);margin-bottom:var(--wp--preset--spacing--50)\"><a href=\"https:\/\/www.kassiopeia.fi\/ravintola-freja\/en\/brunch\/\">BRUNCH \u2192<\/a><\/h2>\n<\/div>\n\n\n\n<div class=\"wp-block-column is-layout-flow wp-block-column-is-layout-flow\">\n<figure class=\"wp-block-image size-full\"><a href=\"https:\/\/www.kassiopeia.fi\/ravintola-freja\/en\/lunch\/\"><img loading=\"lazy\" decoding=\"async\" width=\"1000\" height=\"1334\" src=\"https:\/\/www.kassiopeia.fi\/ravintola-freja\/wp-content\/uploads\/sites\/6\/2025\/09\/haitari_lounas_mob.jpg\" alt=\"Lounaskeitto Ravintola Frejassa.\" class=\"wp-image-1138\" style=\"aspect-ratio:4\/3;object-fit:cover\" srcset=\"https:\/\/www.kassiopeia.fi\/ravintola-freja\/wp-content\/uploads\/sites\/6\/2025\/09\/haitari_lounas_mob.jpg 1000w, https:\/\/www.kassiopeia.fi\/ravintola-freja\/wp-content\/uploads\/sites\/6\/2025\/09\/haitari_lounas_mob-225x300.jpg 225w, https:\/\/www.kassiopeia.fi\/ravintola-freja\/wp-content\/uploads\/sites\/6\/2025\/09\/haitari_lounas_mob-768x1025.jpg 768w\" sizes=\"auto, (max-width: 1000px) 100vw, 1000px\" \/><\/a><\/figure>\n\n\n\n<h2 class=\"wp-block-heading\" id=\"h-lunch\" style=\"margin-top:var(--wp--preset--spacing--30);margin-bottom:var(--wp--preset--spacing--50)\"><a href=\"https:\/\/www.kassiopeia.fi\/ravintola-freja\/en\/lunch\/\">LUNCH \u2192<\/a><\/h2>\n<\/div>\n\n\n\n<div class=\"wp-block-column is-layout-flow wp-block-column-is-layout-flow\">\n<figure class=\"wp-block-image size-full\"><a href=\"https:\/\/www.kassiopeia.fi\/ravintola-freja\/en\/bistro-menu\/\"><img loading=\"lazy\" decoding=\"async\" width=\"2000\" height=\"1262\" src=\"https:\/\/www.kassiopeia.fi\/ravintola-freja\/wp-content\/uploads\/sites\/6\/2026\/01\/Freja_bistro_alasivun_hero.jpg\" alt=\"Ravintola Frejan bistromenun annoksia.\" class=\"wp-image-2939\" style=\"aspect-ratio:4\/3;object-fit:cover\" srcset=\"https:\/\/www.kassiopeia.fi\/ravintola-freja\/wp-content\/uploads\/sites\/6\/2026\/01\/Freja_bistro_alasivun_hero.jpg 2000w, https:\/\/www.kassiopeia.fi\/ravintola-freja\/wp-content\/uploads\/sites\/6\/2026\/01\/Freja_bistro_alasivun_hero-300x189.jpg 300w, https:\/\/www.kassiopeia.fi\/ravintola-freja\/wp-content\/uploads\/sites\/6\/2026\/01\/Freja_bistro_alasivun_hero-1024x646.jpg 1024w, https:\/\/www.kassiopeia.fi\/ravintola-freja\/wp-content\/uploads\/sites\/6\/2026\/01\/Freja_bistro_alasivun_hero-768x485.jpg 768w, https:\/\/www.kassiopeia.fi\/ravintola-freja\/wp-content\/uploads\/sites\/6\/2026\/01\/Freja_bistro_alasivun_hero-1536x969.jpg 1536w\" sizes=\"auto, (max-width: 2000px) 100vw, 2000px\" \/><\/a><\/figure>\n\n\n\n<h2 class=\"wp-block-heading\" id=\"h-bistromenu\" style=\"margin-top:var(--wp--preset--spacing--30);margin-bottom:var(--wp--preset--spacing--50)\"><a href=\"https:\/\/www.kassiopeia.fi\/ravintola-freja\/en\/bistro-menu\/\">BISTROMENU \u2192<\/a><\/h2>\n<\/div>\n<\/div>\n<\/div>\n\n\n\n<div class=\"wp-block-group alignfull has-background is-layout-constrained wp-container-core-group-is-layout-0c9c989a wp-block-group-is-layout-constrained\" style=\"background-color:#fae5e1;margin-top:0;margin-bottom:0;padding-top:var(--wp--preset--spacing--70);padding-right:var(--wp--preset--spacing--40);padding-bottom:var(--wp--preset--spacing--70);padding-left:var(--wp--preset--spacing--40)\">\n<h2 class=\"wp-block-heading has-text-align-center has-blue-color has-text-color has-link-color wp-elements-8c98c198f62999b77a72e9cd4f5d5c4e\" id=\"h-events-at-freja\" style=\"text-transform:uppercase\">Events at Freja<\/h2>\n\n\n<script>\n\/\/---------------------------------\n\/\/ Initialize the OffersImagesScroller if not present\n\/\/---------------------------------\nif (typeof offers_images_scroller === 'undefined') {\n    var offers_images_scroller = new OffersImagesScroller();\n    offers_images_scroller.init();\n}\n\n\/\/---------------------------------\n\/\/ Show more button on mobile\n\/\/---------------------------------\ndocument.addEventListener('DOMContentLoaded', function() {\n    if (typeof offers_images_scroller === 'undefined') {\n        var offers_images_scroller = new OffersImagesScroller();\n        offers_images_scroller.init();\n    }\n    document.querySelectorAll('.mobile-show-all-button').forEach(function(button) {\n        button.addEventListener('click', function(e) {\n            e.preventDefault();\n            const parent = button.closest('.kassiopeia-offer-items');\n            if (parent) parent.classList.add('show-all-on-mobile');\n        });\n    });\n});\n<\/script>\n<\/div>\n\n\n\n<div class=\"wp-block-group alignfull is-layout-constrained wp-container-core-group-is-layout-12563e28 wp-block-group-is-layout-constrained\" style=\"margin-top:var(--wp--preset--spacing--60);margin-bottom:var(--wp--preset--spacing--70);padding-top:0;padding-right:var(--wp--preset--spacing--40);padding-bottom:0;padding-left:var(--wp--preset--spacing--40)\">\n<div class=\"wp-block-group alignwide ingress is-layout-constrained wp-block-group-is-layout-constrained\">\n<div class=\"wp-block-group is-content-justification-center is-nowrap is-layout-flex wp-container-core-group-is-layout-3c8805c5 wp-block-group-is-layout-flex\">\n<figure class=\"wp-block-image size-large is-resized\"><a href=\"https:\/\/www.facebook.com\/ravintolafreja\/\" target=\"_blank\" rel=\" noreferrer noopener\"><img loading=\"lazy\" decoding=\"async\" width=\"200\" height=\"200\" src=\"https:\/\/www.kassiopeia.fi\/ravintola-freja\/wp-content\/uploads\/sites\/6\/2025\/07\/FB-Freja.svg\" alt=\"\" class=\"wp-image-195\" style=\"width:37px\"\/><\/a><\/figure>\n\n\n\n<figure class=\"wp-block-image size-large is-resized\"><a href=\"https:\/\/www.instagram.com\/ravintolafreja\/\" target=\"_blank\" rel=\" noreferrer noopener\"><img loading=\"lazy\" decoding=\"async\" width=\"200\" height=\"200\" src=\"https:\/\/www.kassiopeia.fi\/ravintola-freja\/wp-content\/uploads\/sites\/6\/2025\/07\/IG-Freja.svg\" alt=\"\" class=\"wp-image-196\" style=\"width:37px\"\/><\/a><\/figure>\n\n\n\n<figure class=\"wp-block-image size-large is-resized\"><a href=\"https:\/\/www.youtube.com\/@kassiopeiahotelsrestaurants\" target=\"_blank\" rel=\" noreferrer noopener\"><img loading=\"lazy\" decoding=\"async\" width=\"200\" height=\"200\" src=\"https:\/\/www.kassiopeia.fi\/ravintola-freja\/wp-content\/uploads\/sites\/6\/2025\/07\/YT-Freja.svg\" alt=\"\" class=\"wp-image-199\" style=\"width:37px\"\/><\/a><\/figure>\n<\/div>\n\n\n\n<p class=\"has-text-align-center\">Suomenlahdentie 7, 02230 Espoo FI | <a href=\"mailto:freja@kassiopeia.fi\">freja@kassiopeia.fi<\/a> |Phone: +358 44 414 8056 (Mon-Sat)<\/p>\n<\/div>\n<\/div>\n\n\n\n<div class=\"wp-block-group alignfull is-layout-constrained wp-container-core-group-is-layout-3ea18fcc wp-block-group-is-layout-constrained\" style=\"margin-top:var(--wp--preset--spacing--60);margin-bottom:var(--wp--preset--spacing--60);padding-top:0;padding-right:var(--wp--preset--spacing--40);padding-bottom:0;padding-left:var(--wp--preset--spacing--40)\">\n<div class=\"wp-block-group alignwide is-layout-constrained wp-container-core-group-is-layout-b4832bf0 wp-block-group-is-layout-constrained\" style=\"margin-top:var(--wp--preset--spacing--60);margin-bottom:var(--wp--preset--spacing--60);padding-top:0;padding-right:0;padding-bottom:0;padding-left:0\">\n<div class=\"wp-block-create-block-lahjakortti\" style=\"background-image: url(https:\/\/www.kassiopeia.fi\/ravintola-freja\/wp-content\/uploads\/sites\/6\/2025\/07\/fre_lahjakortti_bg.jpg); background-position-x: 50%; background-position-y: 50%;\">\n\t<div class=\"lahjakortti-content\" style=\"background: #ffffffad;\">\n\t\t\n<h2 class=\"wp-block-heading has-text-align-center has-panorama-2-color has-text-color has-link-color wp-elements-e21c472cea773a5016b3661289b595aa\" id=\"h-restaurant-gift-card-0\" style=\"font-style:normal;font-weight:700\">Restaurant Gift Card<\/h2>\n\n<p class=\"has-text-align-center\">Give the gift of a delicious experience. A gift card is a perfect choice when you want to give something memorable instead of a material gift \u2013 it\u2019s a delightful surprise!<\/p>\n\n<div class=\"wp-block-buttons is-content-justification-center is-layout-flex wp-container-core-buttons-is-layout-a89b3969 wp-block-buttons-is-layout-flex\">\n<div class=\"wp-block-button\"><a class=\"wp-block-button__link has-general-1-color has-panorama-2-background-color has-text-color has-background has-link-color wp-element-button\" href=\"https:\/\/shop.kassiopeia.fi\/shop\/lang\/en\" style=\"border-style:none;border-width:0px;border-radius:0px\" target=\"_blank\" rel=\"noreferrer noopener\"><strong>Buy a Gift Card<\/strong><\/a><\/div>\n<\/div>\n\t<\/div>\n\t<img decoding=\"async\" class=\"image-l\" src=\"https:\/\/www.kassiopeia.fi\/ravintola-freja\/wp-content\/uploads\/sites\/6\/2025\/07\/lahjakortti_rusetti_alaosa.png\">\n\t<img decoding=\"async\" class=\"image-r\" src=\"https:\/\/www.kassiopeia.fi\/ravintola-freja\/wp-content\/uploads\/sites\/6\/2025\/07\/lahjakortti_rusetti_ylaosa.png\">\n<\/div><\/div>\n<\/div>\n","protected":false},"excerpt":{"rendered":"<p>RESTAURANT FREJA MENUS A warm welcome to Restaurant Freja! Enjoy a relaxed atmosphere and delicious food from morning to evening \u2013 inspired by the fresh, high-quality ingredients of Nordic cuisine. BREAKFAST \u2192 BRUNCH \u2192 LUNCH \u2192 BISTROMENU \u2192 Events at Freja<\/p>\n","protected":false},"author":1,"featured_media":0,"parent":0,"menu_order":0,"comment_status":"closed","ping_status":"closed","template":"","meta":{"_acf_changed":false,"footnotes":""},"class_list":["post-2108","page","type-page","status-publish","hentry"],"acf":[],"yoast_head":"<!-- This site is optimized with the Yoast SEO Premium plugin v27.2 (Yoast SEO v27.2) - https:\/\/yoast.com\/product\/yoast-seo-premium-wordpress\/ -->\n<title>Restaurant Freja&#039;s Menus | Espoo, Matinkyl\u00e4<\/title>\n<meta name=\"description\" content=\"Restaurant Freja in Espoo serves breakfast, lunch, and dinner \u2013 and on Saturdays, it\u2019s time to enjoy our delicious brunch. Explore our menus!\" \/>\n<meta name=\"robots\" content=\"index, follow, max-snippet:-1, max-image-preview:large, max-video-preview:-1\" \/>\n<link rel=\"canonical\" href=\"https:\/\/www.kassiopeia.fi\/ravintola-freja\/en\/menu-2\/\" \/>\n<meta property=\"og:locale\" content=\"en_US\" \/>\n<meta property=\"og:type\" content=\"article\" \/>\n<meta property=\"og:title\" content=\"Menu\" \/>\n<meta property=\"og:description\" content=\"Restaurant Freja in Espoo serves breakfast, lunch, and dinner \u2013 and on Saturdays, it\u2019s time to enjoy our delicious brunch. Explore our menus!\" \/>\n<meta property=\"og:url\" content=\"https:\/\/www.kassiopeia.fi\/ravintola-freja\/en\/menu-2\/\" \/>\n<meta property=\"og:site_name\" content=\"Ravintola Freja\" \/>\n<meta property=\"article:modified_time\" content=\"2026-02-04T10:12:43+00:00\" \/>\n<meta property=\"og:image\" content=\"https:\/\/www.kassiopeia.fi\/ravintola-freja\/wp-content\/uploads\/sites\/6\/2025\/10\/etusivu_hero.jpg\" \/>\n\t<meta property=\"og:image:width\" content=\"2000\" \/>\n\t<meta property=\"og:image:height\" content=\"1237\" \/>\n\t<meta property=\"og:image:type\" content=\"image\/jpeg\" \/>\n<meta name=\"twitter:card\" content=\"summary_large_image\" \/>\n<meta name=\"twitter:label1\" content=\"Est. reading time\" \/>\n\t<meta name=\"twitter:data1\" content=\"2 minutes\" \/>\n<script type=\"application\/ld+json\" class=\"yoast-schema-graph\">{\"@context\":\"https:\/\/schema.org\",\"@graph\":[{\"@type\":\"WebPage\",\"@id\":\"https:\/\/www.kassiopeia.fi\/ravintola-freja\/en\/menu-2\/\",\"url\":\"https:\/\/www.kassiopeia.fi\/ravintola-freja\/en\/menu-2\/\",\"name\":\"Restaurant Freja's Menus | Espoo, Matinkyl\u00e4\",\"isPartOf\":{\"@id\":\"https:\/\/www.kassiopeia.fi\/ravintola-freja\/#website\"},\"primaryImageOfPage\":{\"@id\":\"https:\/\/www.kassiopeia.fi\/ravintola-freja\/en\/menu-2\/#primaryimage\"},\"image\":{\"@id\":\"https:\/\/www.kassiopeia.fi\/ravintola-freja\/en\/menu-2\/#primaryimage\"},\"thumbnailUrl\":\"https:\/\/www.kassiopeia.fi\/ravintola-freja\/wp-content\/uploads\/sites\/6\/2025\/10\/etusivu_hero.jpg\",\"datePublished\":\"2025-10-02T10:44:28+00:00\",\"dateModified\":\"2026-02-04T10:12:43+00:00\",\"description\":\"Restaurant Freja in Espoo serves breakfast, lunch, and dinner \u2013 and on Saturdays, it\u2019s time to enjoy our delicious brunch. Explore our menus!\",\"breadcrumb\":{\"@id\":\"https:\/\/www.kassiopeia.fi\/ravintola-freja\/en\/menu-2\/#breadcrumb\"},\"inLanguage\":\"en-US\",\"potentialAction\":[{\"@type\":\"ReadAction\",\"target\":[\"https:\/\/www.kassiopeia.fi\/ravintola-freja\/en\/menu-2\/\"]}]},{\"@type\":\"ImageObject\",\"inLanguage\":\"en-US\",\"@id\":\"https:\/\/www.kassiopeia.fi\/ravintola-freja\/en\/menu-2\/#primaryimage\",\"url\":\"https:\/\/www.kassiopeia.fi\/ravintola-freja\/wp-content\/uploads\/sites\/6\/2025\/10\/etusivu_hero.jpg\",\"contentUrl\":\"https:\/\/www.kassiopeia.fi\/ravintola-freja\/wp-content\/uploads\/sites\/6\/2025\/10\/etusivu_hero.jpg\",\"width\":2000,\"height\":1237,\"caption\":\"Ravintola Frejan alkupalat tarjoiltuna p\u00f6yt\u00e4\u00e4n.\"},{\"@type\":\"BreadcrumbList\",\"@id\":\"https:\/\/www.kassiopeia.fi\/ravintola-freja\/en\/menu-2\/#breadcrumb\",\"itemListElement\":[{\"@type\":\"ListItem\",\"position\":1,\"name\":\"Home\",\"item\":\"https:\/\/www.kassiopeia.fi\/ravintola-freja\/\"},{\"@type\":\"ListItem\",\"position\":2,\"name\":\"Menu\"}]},{\"@type\":\"WebSite\",\"@id\":\"https:\/\/www.kassiopeia.fi\/ravintola-freja\/#website\",\"url\":\"https:\/\/www.kassiopeia.fi\/ravintola-freja\/\",\"name\":\"Ravintola Freja\",\"description\":\"\",\"potentialAction\":[{\"@type\":\"SearchAction\",\"target\":{\"@type\":\"EntryPoint\",\"urlTemplate\":\"https:\/\/www.kassiopeia.fi\/ravintola-freja\/?s={search_term_string}\"},\"query-input\":{\"@type\":\"PropertyValueSpecification\",\"valueRequired\":true,\"valueName\":\"search_term_string\"}}],\"inLanguage\":\"en-US\"}]}<\/script>\n<!-- \/ Yoast SEO Premium plugin. -->","yoast_head_json":{"title":"Restaurant Freja's Menus | Espoo, Matinkyl\u00e4","description":"Restaurant Freja in Espoo serves breakfast, lunch, and dinner \u2013 and on Saturdays, it\u2019s time to enjoy our delicious brunch. Explore our menus!","robots":{"index":"index","follow":"follow","max-snippet":"max-snippet:-1","max-image-preview":"max-image-preview:large","max-video-preview":"max-video-preview:-1"},"canonical":"https:\/\/www.kassiopeia.fi\/ravintola-freja\/en\/menu-2\/","og_locale":"en_US","og_type":"article","og_title":"Menu","og_description":"Restaurant Freja in Espoo serves breakfast, lunch, and dinner \u2013 and on Saturdays, it\u2019s time to enjoy our delicious brunch. Explore our menus!","og_url":"https:\/\/www.kassiopeia.fi\/ravintola-freja\/en\/menu-2\/","og_site_name":"Ravintola Freja","article_modified_time":"2026-02-04T10:12:43+00:00","og_image":[{"width":2000,"height":1237,"url":"https:\/\/www.kassiopeia.fi\/ravintola-freja\/wp-content\/uploads\/sites\/6\/2025\/10\/etusivu_hero.jpg","type":"image\/jpeg"}],"twitter_card":"summary_large_image","twitter_misc":{"Est. reading time":"2 minutes"},"schema":{"@context":"https:\/\/schema.org","@graph":[{"@type":"WebPage","@id":"https:\/\/www.kassiopeia.fi\/ravintola-freja\/en\/menu-2\/","url":"https:\/\/www.kassiopeia.fi\/ravintola-freja\/en\/menu-2\/","name":"Restaurant Freja's Menus | Espoo, Matinkyl\u00e4","isPartOf":{"@id":"https:\/\/www.kassiopeia.fi\/ravintola-freja\/#website"},"primaryImageOfPage":{"@id":"https:\/\/www.kassiopeia.fi\/ravintola-freja\/en\/menu-2\/#primaryimage"},"image":{"@id":"https:\/\/www.kassiopeia.fi\/ravintola-freja\/en\/menu-2\/#primaryimage"},"thumbnailUrl":"https:\/\/www.kassiopeia.fi\/ravintola-freja\/wp-content\/uploads\/sites\/6\/2025\/10\/etusivu_hero.jpg","datePublished":"2025-10-02T10:44:28+00:00","dateModified":"2026-02-04T10:12:43+00:00","description":"Restaurant Freja in Espoo serves breakfast, lunch, and dinner \u2013 and on Saturdays, it\u2019s time to enjoy our delicious brunch. Explore our menus!","breadcrumb":{"@id":"https:\/\/www.kassiopeia.fi\/ravintola-freja\/en\/menu-2\/#breadcrumb"},"inLanguage":"en-US","potentialAction":[{"@type":"ReadAction","target":["https:\/\/www.kassiopeia.fi\/ravintola-freja\/en\/menu-2\/"]}]},{"@type":"ImageObject","inLanguage":"en-US","@id":"https:\/\/www.kassiopeia.fi\/ravintola-freja\/en\/menu-2\/#primaryimage","url":"https:\/\/www.kassiopeia.fi\/ravintola-freja\/wp-content\/uploads\/sites\/6\/2025\/10\/etusivu_hero.jpg","contentUrl":"https:\/\/www.kassiopeia.fi\/ravintola-freja\/wp-content\/uploads\/sites\/6\/2025\/10\/etusivu_hero.jpg","width":2000,"height":1237,"caption":"Ravintola Frejan alkupalat tarjoiltuna p\u00f6yt\u00e4\u00e4n."},{"@type":"BreadcrumbList","@id":"https:\/\/www.kassiopeia.fi\/ravintola-freja\/en\/menu-2\/#breadcrumb","itemListElement":[{"@type":"ListItem","position":1,"name":"Home","item":"https:\/\/www.kassiopeia.fi\/ravintola-freja\/"},{"@type":"ListItem","position":2,"name":"Menu"}]},{"@type":"WebSite","@id":"https:\/\/www.kassiopeia.fi\/ravintola-freja\/#website","url":"https:\/\/www.kassiopeia.fi\/ravintola-freja\/","name":"Ravintola Freja","description":"","potentialAction":[{"@type":"SearchAction","target":{"@type":"EntryPoint","urlTemplate":"https:\/\/www.kassiopeia.fi\/ravintola-freja\/?s={search_term_string}"},"query-input":{"@type":"PropertyValueSpecification","valueRequired":true,"valueName":"search_term_string"}}],"inLanguage":"en-US"}]}},"lang":"en","translations":{"en":2108},"pll_sync_post":[],"_links":{"self":[{"href":"https:\/\/www.kassiopeia.fi\/ravintola-freja\/wp-json\/wp\/v2\/pages\/2108","targetHints":{"allow":["GET"]}}],"collection":[{"href":"https:\/\/www.kassiopeia.fi\/ravintola-freja\/wp-json\/wp\/v2\/pages"}],"about":[{"href":"https:\/\/www.kassiopeia.fi\/ravintola-freja\/wp-json\/wp\/v2\/types\/page"}],"author":[{"embeddable":true,"href":"https:\/\/www.kassiopeia.fi\/ravintola-freja\/wp-json\/wp\/v2\/users\/1"}],"replies":[{"embeddable":true,"href":"https:\/\/www.kassiopeia.fi\/ravintola-freja\/wp-json\/wp\/v2\/comments?post=2108"}],"version-history":[{"count":6,"href":"https:\/\/www.kassiopeia.fi\/ravintola-freja\/wp-json\/wp\/v2\/pages\/2108\/revisions"}],"predecessor-version":[{"id":2989,"href":"https:\/\/www.kassiopeia.fi\/ravintola-freja\/wp-json\/wp\/v2\/pages\/2108\/revisions\/2989"}],"wp:attachment":[{"href":"https:\/\/www.kassiopeia.fi\/ravintola-freja\/wp-json\/wp\/v2\/media?parent=2108"}],"curies":[{"name":"wp","href":"https:\/\/api.w.org\/{rel}","templated":true}]}}