{"id":936,"date":"2025-07-15T15:27:56","date_gmt":"2025-07-15T12:27:56","guid":{"rendered":"https:\/\/www.kassiopeia.fi\/levi-summit\/?page_id=936"},"modified":"2025-10-02T13:23:05","modified_gmt":"2025-10-02T10:23:05","slug":"venues","status":"publish","type":"page","link":"https:\/\/www.kassiopeia.fi\/levi-summit\/en\/venues\/","title":{"rendered":"Venues"},"content":{"rendered":"\n<div class=\"wp-block-cover alignfull is-light has-parallax cover-hero wp-duotone-unset-1\" style=\"margin-top:0px;margin-bottom:0px;padding-top:0px;padding-right:0px;padding-bottom:0px;padding-left:0px;min-height:100vh;aspect-ratio:unset;\"><div role=\"img\" aria-label=\"Levi Summitin suuri ja n\u00e4ytt\u00e4v\u00e4 aulatila.\" class=\"wp-block-cover__image-background wp-image-405 size-full has-parallax\" style=\"background-position:50% 50%;background-image:url(https:\/\/www.kassiopeia.fi\/levi-summit\/wp-content\/uploads\/sites\/5\/2025\/04\/levi-summitin-aulanakyma.jpg)\"><\/div><span aria-hidden=\"true\" class=\"wp-block-cover__background has-levi-summit-4-background-color has-background-dim-0 has-background-dim\"><\/span><div class=\"wp-block-cover__inner-container is-layout-flow wp-container-core-cover-is-layout-6e17fc20 wp-block-cover-is-layout-flow\">\n<p class=\"has-text-align-center has-large-font-size\"><\/p>\n<\/div><\/div>\n\n\n\n<div class=\"wp-block-group alignfull has-background is-layout-constrained wp-container-core-group-is-layout-8657f4d6 wp-block-group-is-layout-constrained\" style=\"background-color:#f7f7f7;margin-top:0;margin-bottom:0;padding-top:var(--wp--preset--spacing--60);padding-right:var(--wp--preset--spacing--40);padding-bottom:var(--wp--preset--spacing--60);padding-left:var(--wp--preset--spacing--40)\">\n<h1 class=\"wp-block-heading has-text-align-center has-large-font-size\" id=\"h-venues\">Venues<\/h1>\n\n\n\n<p class=\"has-text-align-center has-general-2-color has-text-color has-link-color has-large-font-size wp-elements-f6e33a697c23804fa3256b20d7cf0e26\">Looking to host a conference, seminar, product launch, or team-building event? Our adaptable spaces and professional staff guarantee a successful event, no matter the occasion. Located in the stunning Levi Summit Event Center, you\u2019ll have access to event technology, ensuring smooth presentations and dynamic networking opportunities.<\/p>\n\n\n\n<div class=\"wp-block-buttons is-content-justification-center is-layout-flex wp-container-core-buttons-is-layout-a89b3969 wp-block-buttons-is-layout-flex\">\n<div class=\"wp-block-button\"><a class=\"wp-block-button__link wp-element-button\" href=\"https:\/\/www.kassiopeia.fi\/levi-summit\/en\/offer-request\/\">Offer request<\/a><\/div>\n<\/div>\n<\/div>\n\n\n\n<div class=\"wp-block-group is-layout-constrained wp-container-core-group-is-layout-97829e9f wp-block-group-is-layout-constrained\" style=\"padding-right:var(--wp--preset--spacing--40);padding-left:var(--wp--preset--spacing--40)\"><div class='kassiopeia-floormap-block'>\n<div class='floormap-selector-buttons mobile'><button class='selector-button' type='button' data-floorid='988'>1st floor<\/button><button class='selector-button' type='button' data-floorid='987'>Downstairs<\/button><\/div>\n<div class='selector-column'>\n    <div class='floormap-selector-buttons'><button class='selector-button' type='button' data-floorid='988'>1st floor<\/button><button class='selector-button' type='button' data-floorid='987'>Downstairs<\/button><\/div>\n    <!-- General info container -->\n    <div class='floormap-main-info active'>\n    \n<h2 class=\"wp-block-heading\" id=\"h-levi-summit-facilities\">Levi Summit Facilities<\/h2>\n\n\n\n<p>We offer the most stunning setting in Lapland for meetings throughout the year. Our versatile venues, set amidst breathtaking fell scenery, provide the perfect environment for hosting events and celebrations of any size. See additional information about the facilities from the blue dots on the attached map. You can also explore our spaces through virtual images:<\/p>\n\n\n\n<p><a href=\"https:\/\/my.matterport.com\/show\/?m=9JxChALiS3f\" target=\"_blank\" rel=\"noreferrer noopener\">1. Summit Nordic meeting rooms<\/a><br><a href=\"https:\/\/my.matterport.com\/show\/?m=MFAbPzYGrtd\" target=\"_blank\" rel=\"noreferrer noopener\">2. Lobby &amp; Exhibition area<\/a><br><a href=\"https:\/\/my.matterport.com\/show\/?m=yCkUDGe1T3y\" target=\"_blank\" rel=\"noreferrer noopener\">3. Auditorium<\/a><br><a href=\"https:\/\/my.matterport.com\/show\/?m=yCkUDGe1T3y\" target=\"_blank\" rel=\"noreferrer noopener\">4. Stage<\/a><br>5. Backstage<br>6. Freight elevator<br>7. Soiella Caf\u00e9 &amp; Restaurant <\/p>\n\n\n\n<p><a href=\"https:\/\/www.kassiopeia.fi\/levi-summit\/wp-content\/uploads\/sites\/5\/2026\/02\/Levi-Summit-Venue-Info-20260223.pdf\" target=\"_blank\" rel=\"noreferrer noopener\">View the technical specifications of the Levi Summit&#8217;s AV system<\/a> (PDF, 862 KB)<\/p>\n\n    <\/div>\n    <!-- Downloads -->\n    \n<\/div><div class='floors-column'>\n    <div class='floors-3d-container'><div class='floor-image item item-1' data-floorid='987' \n        title='Floor 1'>\n            <div class='floormap-pin-dot' style='left: 36.87648818651%; top: 42.540304252681%; transform: translate(-50%, -50%); cursor: pointer;' title='Samiland Exhibition'><\/div><div class='floormap-pin-dot' style='left: 71.202460000681%; top: 18.914877916341%; transform: translate(-50%, -50%); cursor: pointer;' title='Outdoor Exhibition'><\/div>\n            <img src='https:\/\/www.kassiopeia.fi\/levi-summit\/wp-content\/uploads\/sites\/5\/2025\/05\/levisummit_karttapohja_alakerta.png' alt='Floor 1' \/>\n            <!-- <img src='https:\/\/www.kassiopeia.fi\/levi-summit\/wp-content\/uploads\/sites\/5\/2025\/05\/levisummit_karttapohja_alakerta.png' alt='Floor 1' class='shadow'\/> -->\n        <\/div><div class='floor-image item item-2' data-floorid='988' \n        title='Floor 2'>\n            <div class='floormap-pin-dot' style='left: 44.054393696113%; top: 75.289498140246%; transform: translate(-50%, -50%); cursor: pointer;' title='Auditorium'><\/div><div class='floormap-pin-dot' style='left: 44.054393696113%; top: 43.886161535732%; transform: translate(-50%, -50%); cursor: pointer;' title='Lobby and Exhibition area'><\/div><div class='floormap-pin-dot' style='left: 72.766015734526%; top: 18.76349225212%; transform: translate(-50%, -50%); cursor: pointer;' title='Spiella'><\/div><div class='floormap-pin-dot' style='left: 70.522920262775%; top: 75.289498140246%; transform: translate(-50%, -50%); cursor: pointer;' title='Stage Front'><\/div><div class='floormap-pin-dot' style='left: 36.87648818651%; top: 26.614326403249%; transform: translate(-50%, -50%); cursor: pointer;' title='Summit Nordic Meeting Rooms (1-7 spaces)'><\/div><div class='floormap-pin-dot' style='left: 79.340371251367%; top: 92.161181115476%; transform: translate(-50%, -50%); cursor: pointer;' title='Freight Elevator'><\/div><div class='floormap-pin-dot' style='left: 89.364922225484%; top: 75.289498140246%; transform: translate(-50%, -50%); cursor: pointer;' title='Backstage'><\/div><div class='floormap-pin-dot' style='left: 79.046683055429%; top: 75.513807687421%; transform: translate(-50%, -50%); cursor: pointer;' title='Stage Back'><\/div>\n            <img src='https:\/\/www.kassiopeia.fi\/levi-summit\/wp-content\/uploads\/sites\/5\/2025\/05\/levisummit_karttapohja_ylakerta.png' alt='Floor 2' \/>\n            <!-- <img src='https:\/\/www.kassiopeia.fi\/levi-summit\/wp-content\/uploads\/sites\/5\/2025\/05\/levisummit_karttapohja_ylakerta.png' alt='Floor 2' class='shadow'\/> -->\n        <\/div><\/div>\n<\/div><div class='extra-info-column'><div class='floormap-general-info active'><\/div><\/div><div class='single-floor-column'><\/div><\/div><script>\n    document.addEventListener('DOMContentLoaded', function () {\n        const container = document.querySelector('.kassiopeia-floormap-block');\n        if (container && typeof Floormap !== 'undefined') {\n            console.log('Initializing Floormap with container:', container);\n            new Floormap(container, 'https:\/\/www.kassiopeia.fi\/levi-summit\/wp-json\/','','https:\/\/www.kassiopeia.fi\/levi-summit\/wp-content\/plugins\/kassiopeia-custom-blocks\/blocks\/floormap\/floormap_block\/assets\/');\n        }\n    });\n<\/script><\/div>\n\n\n\n<div class=\"wp-block-columns alignwide is-layout-flex wp-container-core-columns-is-layout-f176861b wp-block-columns-is-layout-flex\" id=\"facilities\" style=\"padding-top:var(--wp--preset--spacing--50);padding-right:var(--wp--preset--spacing--40);padding-bottom:var(--wp--preset--spacing--50);padding-left:var(--wp--preset--spacing--40)\">\n<div class=\"wp-block-column is-layout-flow wp-block-column-is-layout-flow\">\n<figure class=\"wp-block-table\"><table class=\"has-fixed-layout\"><thead><tr><th class=\"has-text-align-left\" data-align=\"left\">Summit Nordic meeting rooms<\/th><th class=\"has-text-align-center\" data-align=\"center\">m\u00b2<\/th><th class=\"has-text-align-center\" data-align=\"center\">Persons<\/th><\/tr><\/thead><tbody><tr><td class=\"has-text-align-left\" data-align=\"left\">1 room<\/td><td class=\"has-text-align-center\" data-align=\"center\">35-55<\/td><td class=\"has-text-align-center\" data-align=\"center\">10-30<\/td><\/tr><tr><td class=\"has-text-align-left\" data-align=\"left\">2 rooms combined<\/td><td class=\"has-text-align-center\" data-align=\"center\">90-110<\/td><td class=\"has-text-align-center\" data-align=\"center\">30-68<\/td><\/tr><tr><td class=\"has-text-align-left\" data-align=\"left\">3 rooms combined<\/td><td class=\"has-text-align-center\" data-align=\"center\">145-165<\/td><td class=\"has-text-align-center\" data-align=\"center\">60-96<\/td><\/tr><tr><td class=\"has-text-align-left\" data-align=\"left\">4 rooms combined<\/td><td class=\"has-text-align-center\" data-align=\"center\">200-220<\/td><td class=\"has-text-align-center\" data-align=\"center\">90-128<\/td><\/tr><tr><td class=\"has-text-align-left\" data-align=\"left\">5 rooms combined<\/td><td class=\"has-text-align-center\" data-align=\"center\">255-275<\/td><td class=\"has-text-align-center\" data-align=\"center\">110-160<\/td><\/tr><tr><td class=\"has-text-align-left\" data-align=\"left\">6 rooms combined<\/td><td class=\"has-text-align-center\" data-align=\"center\">310<\/td><td class=\"has-text-align-center\" data-align=\"center\">120-180<\/td><\/tr><\/tbody><\/table><\/figure>\n\n\n\n<div style=\"height:50px\" aria-hidden=\"true\" class=\"wp-block-spacer\"><\/div>\n\n\n\n<figure class=\"wp-block-table\"><table class=\"has-fixed-layout\"><thead><tr><th class=\"has-text-align-left\" data-align=\"left\">Other facilities<\/th><th class=\"has-text-align-center\" data-align=\"center\">m\u00b2<\/th><th class=\"has-text-align-center\" data-align=\"center\">Persons<\/th><\/tr><\/thead><tbody><tr><td class=\"has-text-align-left\" data-align=\"left\">Lobby and Exhibitions<\/td><td class=\"has-text-align-center\" data-align=\"center\">416<\/td><td class=\"has-text-align-center\" data-align=\"center\"><\/td><\/tr><tr><td class=\"has-text-align-left\" data-align=\"left\">Auditorium front<\/td><td class=\"has-text-align-center\" data-align=\"center\">215<\/td><td class=\"has-text-align-center\" data-align=\"center\">220<\/td><\/tr><tr><td class=\"has-text-align-left\" data-align=\"left\">Auditorium back<\/td><td class=\"has-text-align-center\" data-align=\"center\">255<\/td><td class=\"has-text-align-center\" data-align=\"center\">216<\/td><\/tr><tr><td class=\"has-text-align-left\" data-align=\"left\">Auditorium<\/td><td class=\"has-text-align-center\" data-align=\"center\">470<\/td><td class=\"has-text-align-center\" data-align=\"center\">436<\/td><\/tr><tr><td class=\"has-text-align-left\" data-align=\"left\">Stage<\/td><td class=\"has-text-align-center\" data-align=\"center\">138<\/td><td class=\"has-text-align-center\" data-align=\"center\"><\/td><\/tr><tr><td class=\"has-text-align-left\" data-align=\"left\">Backstage<\/td><td class=\"has-text-align-center\" data-align=\"center\">40<\/td><td class=\"has-text-align-center\" data-align=\"center\">max. 20<\/td><\/tr><tr><td class=\"has-text-align-left\" data-align=\"left\">Freight elevator (max. 5000 kg)<\/td><td class=\"has-text-align-center\" data-align=\"center\">15,5<\/td><td class=\"has-text-align-center\" data-align=\"center\"><\/td><\/tr><tr><td class=\"has-text-align-left\" data-align=\"left\">Spiella Caf\u00e9 &amp; Restaurant<\/td><td class=\"has-text-align-center\" data-align=\"center\">140<\/td><td class=\"has-text-align-center\" data-align=\"center\">60<\/td><\/tr><tr><td class=\"has-text-align-left\" data-align=\"left\">Samiland Exhibition (downstairs)<\/td><td class=\"has-text-align-center\" data-align=\"center\"><\/td><td class=\"has-text-align-center\" data-align=\"center\"><\/td><\/tr><\/tbody><\/table><\/figure>\n<\/div>\n<\/div>\n\n\n\n<div class=\"wp-block-group alignfull is-layout-constrained wp-container-core-group-is-layout-12843e03 wp-block-group-is-layout-constrained\" style=\"margin-top:0;margin-bottom:0;padding-top:var(--wp--preset--spacing--60);padding-right:var(--wp--preset--spacing--40);padding-bottom:var(--wp--preset--spacing--50);padding-left:var(--wp--preset--spacing--40)\">\n<div class=\"wp-block-columns are-vertically-aligned-center is-layout-flex wp-container-core-columns-is-layout-28f84493 wp-block-columns-is-layout-flex\">\n<div class=\"wp-block-column is-vertically-aligned-center is-layout-flow wp-block-column-is-layout-flow\">\n<figure class=\"wp-block-image size-full\"><img loading=\"lazy\" decoding=\"async\" width=\"1024\" height=\"683\" src=\"https:\/\/www.kassiopeia.fi\/levi-summit\/wp-content\/uploads\/sites\/5\/2025\/02\/levisummit-kokoukset-ja-juhlat.jpg\" alt=\"Levi Summitin tarjoilija tuo virvokkeita palaverissa oleville henkil\u00f6ille.\" class=\"wp-image-13\" srcset=\"https:\/\/www.kassiopeia.fi\/levi-summit\/wp-content\/uploads\/sites\/5\/2025\/02\/levisummit-kokoukset-ja-juhlat.jpg 1024w, https:\/\/www.kassiopeia.fi\/levi-summit\/wp-content\/uploads\/sites\/5\/2025\/02\/levisummit-kokoukset-ja-juhlat-300x200.jpg 300w, https:\/\/www.kassiopeia.fi\/levi-summit\/wp-content\/uploads\/sites\/5\/2025\/02\/levisummit-kokoukset-ja-juhlat-768x512.jpg 768w\" sizes=\"auto, (max-width: 1024px) 100vw, 1024px\" \/><\/figure>\n<\/div>\n\n\n\n<div class=\"wp-block-column is-vertically-aligned-center is-layout-flow wp-block-column-is-layout-flow\">\n<h2 class=\"wp-block-heading\" id=\"h-our-dedicated-team-will-handle-every-aspect-of-your-event\">Our dedicated team will handle every aspect of your event<\/h2>\n\n\n\n<p>Whether you are planning a large conference or an intimate board meeting, our flexible spaces, breathtaking views, and comprehensive services make Levi Summit the perfect choice for your event.<\/p>\n\n\n\n<p>From setup to catering, with tailored options ranging from breakfast and coffee breaks to formal gala dinners. For added convenience, we can assist with various services, including technical equipment, entertainment, and transportation via gondola or bus, arranged through our trusted partners.<\/p>\n<\/div>\n<\/div>\n<\/div>\n","protected":false},"excerpt":{"rendered":"<p>Venues Looking to host a conference, seminar, product launch, or team-building event? Our adaptable spaces and professional staff guarantee a successful event, no matter the occasion. Located in the stunning Levi Summit Event Center, you\u2019ll have access to event technology, ensuring smooth presentations and dynamic networking opportunities. Summit Nordic meeting rooms m\u00b2 Persons 1 room [&hellip;]<\/p>\n","protected":false},"author":4,"featured_media":0,"parent":0,"menu_order":0,"comment_status":"closed","ping_status":"closed","template":"","meta":{"_acf_changed":false,"footnotes":""},"class_list":["post-936","page","type-page","status-publish","hentry"],"acf":[],"yoast_head":"<!-- This site is optimized with the Yoast SEO Premium plugin v27.2 (Yoast SEO v27.2) - https:\/\/yoast.com\/product\/yoast-seo-premium-wordpress\/ -->\n<title>Venues - Levi Summit<\/title>\n<meta name=\"description\" content=\"Levi Summit\u2019s unique venues meeting spaces on the slopes of Levi Fell, surrounded by stunning views and year-round activities. Learn more!\" \/>\n<meta name=\"robots\" content=\"index, follow, max-snippet:-1, max-image-preview:large, max-video-preview:-1\" \/>\n<link rel=\"canonical\" href=\"https:\/\/www.kassiopeia.fi\/levi-summit\/en\/venues\/\" \/>\n<meta property=\"og:locale\" content=\"fi_FI\" \/>\n<meta property=\"og:type\" content=\"article\" \/>\n<meta property=\"og:title\" content=\"Venues\" \/>\n<meta property=\"og:description\" content=\"Levi Summit\u2019s unique venues meeting spaces on the slopes of Levi Fell, surrounded by stunning views and year-round activities. Learn more!\" \/>\n<meta property=\"og:url\" content=\"https:\/\/www.kassiopeia.fi\/levi-summit\/en\/venues\/\" \/>\n<meta property=\"og:site_name\" content=\"Levi Summit\" \/>\n<meta property=\"article:publisher\" content=\"https:\/\/www.facebook.com\/LeviSummitEventCenter\/\" \/>\n<meta property=\"article:modified_time\" content=\"2025-10-02T10:23:05+00:00\" \/>\n<meta property=\"og:image\" content=\"https:\/\/www.kassiopeia.fi\/levi-summit\/wp-content\/uploads\/sites\/5\/2025\/02\/levisummit-kokoukset-ja-juhlat.jpg\" \/>\n<meta name=\"twitter:card\" content=\"summary_large_image\" \/>\n<meta name=\"twitter:label1\" content=\"Arvioitu lukuaika\" \/>\n\t<meta name=\"twitter:data1\" content=\"2 minuuttia\" \/>\n<script type=\"application\/ld+json\" class=\"yoast-schema-graph\">{\"@context\":\"https:\/\/schema.org\",\"@graph\":[{\"@type\":\"WebPage\",\"@id\":\"https:\/\/www.kassiopeia.fi\/levi-summit\/en\/venues\/\",\"url\":\"https:\/\/www.kassiopeia.fi\/levi-summit\/en\/venues\/\",\"name\":\"Venues - Levi Summit\",\"isPartOf\":{\"@id\":\"https:\/\/www.kassiopeia.fi\/levi-summit\/#website\"},\"primaryImageOfPage\":{\"@id\":\"https:\/\/www.kassiopeia.fi\/levi-summit\/en\/venues\/#primaryimage\"},\"image\":{\"@id\":\"https:\/\/www.kassiopeia.fi\/levi-summit\/en\/venues\/#primaryimage\"},\"thumbnailUrl\":\"https:\/\/www.kassiopeia.fi\/levi-summit\/wp-content\/uploads\/sites\/5\/2025\/02\/levisummit-kokoukset-ja-juhlat.jpg\",\"datePublished\":\"2025-07-15T12:27:56+00:00\",\"dateModified\":\"2025-10-02T10:23:05+00:00\",\"description\":\"Levi Summit\u2019s unique venues meeting spaces on the slopes of Levi Fell, surrounded by stunning views and year-round activities. Learn more!\",\"breadcrumb\":{\"@id\":\"https:\/\/www.kassiopeia.fi\/levi-summit\/en\/venues\/#breadcrumb\"},\"inLanguage\":\"fi\",\"potentialAction\":[{\"@type\":\"ReadAction\",\"target\":[\"https:\/\/www.kassiopeia.fi\/levi-summit\/en\/venues\/\"]}]},{\"@type\":\"ImageObject\",\"inLanguage\":\"fi\",\"@id\":\"https:\/\/www.kassiopeia.fi\/levi-summit\/en\/venues\/#primaryimage\",\"url\":\"https:\/\/www.kassiopeia.fi\/levi-summit\/wp-content\/uploads\/sites\/5\/2025\/02\/levisummit-kokoukset-ja-juhlat.jpg\",\"contentUrl\":\"https:\/\/www.kassiopeia.fi\/levi-summit\/wp-content\/uploads\/sites\/5\/2025\/02\/levisummit-kokoukset-ja-juhlat.jpg\",\"width\":1024,\"height\":683,\"caption\":\"Levi Summitin tarjoilija tuo virvokkeita palaverissa oleville henkil\u00f6ille.\"},{\"@type\":\"BreadcrumbList\",\"@id\":\"https:\/\/www.kassiopeia.fi\/levi-summit\/en\/venues\/#breadcrumb\",\"itemListElement\":[{\"@type\":\"ListItem\",\"position\":1,\"name\":\"Etusivu\",\"item\":\"https:\/\/www.kassiopeia.fi\/levi-summit\/\"},{\"@type\":\"ListItem\",\"position\":2,\"name\":\"Venues\"}]},{\"@type\":\"WebSite\",\"@id\":\"https:\/\/www.kassiopeia.fi\/levi-summit\/#website\",\"url\":\"https:\/\/www.kassiopeia.fi\/levi-summit\/\",\"name\":\"Levi Summit\",\"description\":\"\",\"potentialAction\":[{\"@type\":\"SearchAction\",\"target\":{\"@type\":\"EntryPoint\",\"urlTemplate\":\"https:\/\/www.kassiopeia.fi\/levi-summit\/?s={search_term_string}\"},\"query-input\":{\"@type\":\"PropertyValueSpecification\",\"valueRequired\":true,\"valueName\":\"search_term_string\"}}],\"inLanguage\":\"fi\"}]}<\/script>\n<!-- \/ Yoast SEO Premium plugin. -->","yoast_head_json":{"title":"Venues - Levi Summit","description":"Levi Summit\u2019s unique venues meeting spaces on the slopes of Levi Fell, surrounded by stunning views and year-round activities. Learn more!","robots":{"index":"index","follow":"follow","max-snippet":"max-snippet:-1","max-image-preview":"max-image-preview:large","max-video-preview":"max-video-preview:-1"},"canonical":"https:\/\/www.kassiopeia.fi\/levi-summit\/en\/venues\/","og_locale":"fi_FI","og_type":"article","og_title":"Venues","og_description":"Levi Summit\u2019s unique venues meeting spaces on the slopes of Levi Fell, surrounded by stunning views and year-round activities. Learn more!","og_url":"https:\/\/www.kassiopeia.fi\/levi-summit\/en\/venues\/","og_site_name":"Levi Summit","article_publisher":"https:\/\/www.facebook.com\/LeviSummitEventCenter\/","article_modified_time":"2025-10-02T10:23:05+00:00","og_image":[{"url":"https:\/\/www.kassiopeia.fi\/levi-summit\/wp-content\/uploads\/sites\/5\/2025\/02\/levisummit-kokoukset-ja-juhlat.jpg","type":"","width":"","height":""}],"twitter_card":"summary_large_image","twitter_misc":{"Arvioitu lukuaika":"2 minuuttia"},"schema":{"@context":"https:\/\/schema.org","@graph":[{"@type":"WebPage","@id":"https:\/\/www.kassiopeia.fi\/levi-summit\/en\/venues\/","url":"https:\/\/www.kassiopeia.fi\/levi-summit\/en\/venues\/","name":"Venues - Levi Summit","isPartOf":{"@id":"https:\/\/www.kassiopeia.fi\/levi-summit\/#website"},"primaryImageOfPage":{"@id":"https:\/\/www.kassiopeia.fi\/levi-summit\/en\/venues\/#primaryimage"},"image":{"@id":"https:\/\/www.kassiopeia.fi\/levi-summit\/en\/venues\/#primaryimage"},"thumbnailUrl":"https:\/\/www.kassiopeia.fi\/levi-summit\/wp-content\/uploads\/sites\/5\/2025\/02\/levisummit-kokoukset-ja-juhlat.jpg","datePublished":"2025-07-15T12:27:56+00:00","dateModified":"2025-10-02T10:23:05+00:00","description":"Levi Summit\u2019s unique venues meeting spaces on the slopes of Levi Fell, surrounded by stunning views and year-round activities. Learn more!","breadcrumb":{"@id":"https:\/\/www.kassiopeia.fi\/levi-summit\/en\/venues\/#breadcrumb"},"inLanguage":"fi","potentialAction":[{"@type":"ReadAction","target":["https:\/\/www.kassiopeia.fi\/levi-summit\/en\/venues\/"]}]},{"@type":"ImageObject","inLanguage":"fi","@id":"https:\/\/www.kassiopeia.fi\/levi-summit\/en\/venues\/#primaryimage","url":"https:\/\/www.kassiopeia.fi\/levi-summit\/wp-content\/uploads\/sites\/5\/2025\/02\/levisummit-kokoukset-ja-juhlat.jpg","contentUrl":"https:\/\/www.kassiopeia.fi\/levi-summit\/wp-content\/uploads\/sites\/5\/2025\/02\/levisummit-kokoukset-ja-juhlat.jpg","width":1024,"height":683,"caption":"Levi Summitin tarjoilija tuo virvokkeita palaverissa oleville henkil\u00f6ille."},{"@type":"BreadcrumbList","@id":"https:\/\/www.kassiopeia.fi\/levi-summit\/en\/venues\/#breadcrumb","itemListElement":[{"@type":"ListItem","position":1,"name":"Etusivu","item":"https:\/\/www.kassiopeia.fi\/levi-summit\/"},{"@type":"ListItem","position":2,"name":"Venues"}]},{"@type":"WebSite","@id":"https:\/\/www.kassiopeia.fi\/levi-summit\/#website","url":"https:\/\/www.kassiopeia.fi\/levi-summit\/","name":"Levi Summit","description":"","potentialAction":[{"@type":"SearchAction","target":{"@type":"EntryPoint","urlTemplate":"https:\/\/www.kassiopeia.fi\/levi-summit\/?s={search_term_string}"},"query-input":{"@type":"PropertyValueSpecification","valueRequired":true,"valueName":"search_term_string"}}],"inLanguage":"fi"}]}},"lang":"en","translations":{"en":936,"fi":19},"pll_sync_post":[],"_links":{"self":[{"href":"https:\/\/www.kassiopeia.fi\/levi-summit\/wp-json\/wp\/v2\/pages\/936","targetHints":{"allow":["GET"]}}],"collection":[{"href":"https:\/\/www.kassiopeia.fi\/levi-summit\/wp-json\/wp\/v2\/pages"}],"about":[{"href":"https:\/\/www.kassiopeia.fi\/levi-summit\/wp-json\/wp\/v2\/types\/page"}],"author":[{"embeddable":true,"href":"https:\/\/www.kassiopeia.fi\/levi-summit\/wp-json\/wp\/v2\/users\/4"}],"replies":[{"embeddable":true,"href":"https:\/\/www.kassiopeia.fi\/levi-summit\/wp-json\/wp\/v2\/comments?post=936"}],"version-history":[{"count":41,"href":"https:\/\/www.kassiopeia.fi\/levi-summit\/wp-json\/wp\/v2\/pages\/936\/revisions"}],"predecessor-version":[{"id":2509,"href":"https:\/\/www.kassiopeia.fi\/levi-summit\/wp-json\/wp\/v2\/pages\/936\/revisions\/2509"}],"wp:attachment":[{"href":"https:\/\/www.kassiopeia.fi\/levi-summit\/wp-json\/wp\/v2\/media?parent=936"}],"curies":[{"name":"wp","href":"https:\/\/api.w.org\/{rel}","templated":true}]}}