{"id":846,"date":"2025-07-15T09:28:57","date_gmt":"2025-07-15T06:28:57","guid":{"rendered":"https:\/\/www.kassiopeia.fi\/levi-summit\/?page_id=846"},"modified":"2025-09-26T09:16:35","modified_gmt":"2025-09-26T06:16:35","slug":"yhteystiedot","status":"publish","type":"page","link":"https:\/\/www.kassiopeia.fi\/levi-summit\/yhteystiedot\/","title":{"rendered":"Yhteystiedot"},"content":{"rendered":"\n<div class=\"wp-block-cover alignfull is-light has-parallax cover-hero wp-duotone-unset-1\" style=\"margin-top:0px;margin-bottom:0px;padding-top:0px;padding-right:0px;padding-bottom:0px;padding-left:0px;min-height:100vh;aspect-ratio:unset;\"><div role=\"img\" aria-label=\"&quot;&quot;\" class=\"wp-block-cover__image-background wp-image-2033 size-full has-parallax\" style=\"background-position:50% 50%;background-image:url(https:\/\/www.kassiopeia.fi\/levi-summit\/wp-content\/uploads\/sites\/5\/2025\/09\/summit_hero1.jpg)\"><\/div><span aria-hidden=\"true\" class=\"wp-block-cover__background has-levi-summit-4-background-color has-background-dim-0 has-background-dim\"><\/span><div class=\"wp-block-cover__inner-container is-layout-flow wp-container-core-cover-is-layout-6e17fc20 wp-block-cover-is-layout-flow\">\n<div class=\"wp-block-group is-layout-constrained wp-container-core-group-is-layout-00f579c5 wp-block-group-is-layout-constrained\">\n<h1 class=\"wp-block-heading has-text-align-center has-general-1-color has-text-color has-link-color has-large-font-size wp-elements-0cf344c2efcb6597673067e9b117e259\" id=\"h-\"><\/h1>\n<\/div>\n<\/div><\/div>\n\n\n\n<div class=\"wp-block-group alignfull is-layout-constrained wp-container-core-group-is-layout-12843e03 wp-block-group-is-layout-constrained\" style=\"margin-top:0;margin-bottom:0;padding-top:var(--wp--preset--spacing--60);padding-right:var(--wp--preset--spacing--40);padding-bottom:var(--wp--preset--spacing--50);padding-left:var(--wp--preset--spacing--40)\">\n<div class=\"wp-block-media-text is-stacked-on-mobile is-vertically-aligned-center\" style=\"padding-top:0;padding-bottom:0;grid-template-columns:58% auto\"><figure class=\"wp-block-media-text__media\"><img loading=\"lazy\" decoding=\"async\" width=\"1024\" height=\"673\" src=\"https:\/\/www.kassiopeia.fi\/levi-summit\/wp-content\/uploads\/sites\/5\/2025\/09\/kartta_summittiin-1-1024x673.jpg\" alt=\"&quot;&quot;\" class=\"wp-image-1893 size-full\" srcset=\"https:\/\/www.kassiopeia.fi\/levi-summit\/wp-content\/uploads\/sites\/5\/2025\/09\/kartta_summittiin-1-1024x673.jpg 1024w, https:\/\/www.kassiopeia.fi\/levi-summit\/wp-content\/uploads\/sites\/5\/2025\/09\/kartta_summittiin-1-300x197.jpg 300w, https:\/\/www.kassiopeia.fi\/levi-summit\/wp-content\/uploads\/sites\/5\/2025\/09\/kartta_summittiin-1-768x505.jpg 768w, https:\/\/www.kassiopeia.fi\/levi-summit\/wp-content\/uploads\/sites\/5\/2025\/09\/kartta_summittiin-1-1536x1010.jpg 1536w, https:\/\/www.kassiopeia.fi\/levi-summit\/wp-content\/uploads\/sites\/5\/2025\/09\/kartta_summittiin-1.jpg 1565w\" sizes=\"auto, (max-width: 1024px) 100vw, 1024px\" \/><\/figure><div class=\"wp-block-media-text__content\">\n<h1 class=\"wp-block-heading\" id=\"h-yhteystiedot\">Yhteystiedot<\/h1>\n\n\n\n<h4 class=\"wp-block-heading\" id=\"h-levi-summit-ja-hotel-levi-panorama\"><strong>Levi Summit ja Hotel Levi Panorama<\/strong><\/h4>\n\n\n\n<p>Osoite: Tunturitie 205, 99130 Levi<br>Puh. 016 336 3000 \/ panorama@kassiopeia.fi<\/p>\n\n\n\n<h4 class=\"wp-block-heading\" id=\"h-ryhmat-kokoustilat-tapahtumat\">Ryhm\u00e4t, kokoustilat, tapahtumat<\/h4>\n\n\n\n<p>Myyntipalvelumme auttaa ma-pe klo 9\u201316. Puh. 040 456 2059 \/ sales@kassiopeia.fi<\/p>\n\n\n\n<div class=\"wp-block-buttons is-content-justification-left is-layout-flex wp-container-core-buttons-is-layout-fc4fd283 wp-block-buttons-is-layout-flex\">\n<div class=\"wp-block-button\"><a class=\"wp-block-button__link has-text-align-left wp-element-button\">Pyyd\u00e4 tarjous<\/a><\/div>\n<\/div>\n<\/div><\/div>\n<\/div>\n\n\n\n<h2 class=\"wp-block-heading has-text-align-center\" id=\"h-aukioloajat-ja-saapuminen\">Aukioloajat ja saapuminen<\/h2>\n\n\n\n<div class=\"wp-block-group alignfull is-layout-constrained wp-container-core-group-is-layout-12843e03 wp-block-group-is-layout-constrained\" style=\"margin-top:0;margin-bottom:0;padding-top:var(--wp--preset--spacing--60);padding-right:var(--wp--preset--spacing--40);padding-bottom:var(--wp--preset--spacing--50);padding-left:var(--wp--preset--spacing--40)\">\n<div class=\"wp-block-media-text is-stacked-on-mobile is-vertically-aligned-center\" style=\"padding-top:0;padding-bottom:0;grid-template-columns:40% auto\"><figure class=\"wp-block-media-text__media\"><img loading=\"lazy\" decoding=\"async\" width=\"1024\" height=\"579\" src=\"https:\/\/www.kassiopeia.fi\/levi-summit\/wp-content\/uploads\/sites\/5\/2025\/09\/spiella-talvella-1024x579.jpg\" alt=\"&quot;&quot;\" class=\"wp-image-2364 size-full\" srcset=\"https:\/\/www.kassiopeia.fi\/levi-summit\/wp-content\/uploads\/sites\/5\/2025\/09\/spiella-talvella-1024x579.jpg 1024w, https:\/\/www.kassiopeia.fi\/levi-summit\/wp-content\/uploads\/sites\/5\/2025\/09\/spiella-talvella-300x170.jpg 300w, https:\/\/www.kassiopeia.fi\/levi-summit\/wp-content\/uploads\/sites\/5\/2025\/09\/spiella-talvella-768x434.jpg 768w, https:\/\/www.kassiopeia.fi\/levi-summit\/wp-content\/uploads\/sites\/5\/2025\/09\/spiella-talvella-1536x869.jpg 1536w, https:\/\/www.kassiopeia.fi\/levi-summit\/wp-content\/uploads\/sites\/5\/2025\/09\/spiella-talvella-2048x1158.jpg 2048w\" sizes=\"auto, (max-width: 1024px) 100vw, 1024px\" \/><\/figure><div class=\"wp-block-media-text__content\">\n\n<style>\n    #wp-block-acf-tietokentat-1925169328 p {\n        margin: 0px;\n        margin-bottom: 9px;\n        <br \/>\n<b>Warning<\/b>:  Undefined variable $textAlign in <b>\/var\/www\/kassiopeia.fi\/git-repo\/kassiopeia\/kassiopeia-custom-blocks\/blocks\/tietokentat\/block.php<\/b> on line <b>74<\/b><br \/>\n    }\n<\/style>\n\n<div class=\"align wp-block-acf-tietokentat has-text-color has-black-color\" id=\"wp-block-acf-tietokentat-1925169328\"><h3 style=\"text-align: center;\">Spiellan aukioloajat<\/h3>\n<p style=\"text-align: center;\">Suljettu.<\/p>\n<p style=\"text-align: center;\">Elokuvan\u00e4yt\u00f6sten yhteydess\u00e4 Spiella on avoinna 30 min. ennen n\u00e4yt\u00f6st\u00e4, jolloin Spiellasta voi ostaa liput, elokuvaherkut sek\u00e4 -juomat.<\/p>\n<p style=\"text-align: center;\"><em>Kahvila avoinna 26.6.\u201326.9.2026<\/em><br \/>\n<em>ti-la 11.00\u201317.00<\/em><\/p>\n<p style=\"text-align: center;\"><strong>Osoite<\/strong>: Tunturitie 205, 99130 Levi<br \/>\n<strong>Puh<\/strong>: 044 703 6534<\/p>\n<\/div>\n<\/div><\/div>\n\n\n\n<div class=\"wp-block-media-text has-media-on-the-right is-stacked-on-mobile is-vertically-aligned-center\" style=\"padding-top:0;padding-bottom:0;grid-template-columns:auto 40%\"><div class=\"wp-block-media-text__content\">\n<h3 class=\"wp-block-heading\" id=\"h-express-gondolilla\"><strong>Express Gondolilla<\/strong><\/h3>\n\n\n\n<p>Levin kyl\u00e4n ja Hotel Levi Panoraman v\u00e4lill\u00e4 kulkee Levi Ski Resortin operoima Express -gondolihissi, jolla p\u00e4\u00e4set helposti yl\u00f6s ja alas.<br><br>Express Gondoli -liput Zero Pointista tai Hotel Levi Panoraman vastaanotosta.<\/p>\n\n\n\n\n<style>\n    #wp-block-acf-tietokentat-58913288 p {\n        margin: 0px;\n        margin-bottom: 9px;\n        <br \/>\n<b>Warning<\/b>:  Undefined variable $textAlign in <b>\/var\/www\/kassiopeia.fi\/git-repo\/kassiopeia\/kassiopeia-custom-blocks\/blocks\/tietokentat\/block.php<\/b> on line <b>74<\/b><br \/>\n    }\n<\/style>\n\n<div class=\"align wp-block-acf-tietokentat has-text-color has-black-color\" id=\"wp-block-acf-tietokentat-58913288\"><h3 style=\"text-align: left;\">Levi Express -n\u00e4k\u00f6alahissin liikenn\u00f6inti<\/h3>\n<p><strong>13.4.\u20133.5.2026<br \/>\n<\/strong>P\u00e4ivitt\u00e4in klo 9.30\u201319.00.<\/p>\n<p><em>4.5.-11.6.2026 Kiinni<br \/>\n<\/em><em>12.6.-26.9.2026 10-18<br \/>\n<\/em><em>27.9.-2.10.2026 Kiinni<br \/>\n<\/em><em>3.10.-12.11.2026 9.30-19<\/em><\/p>\n<\/div>\n<\/div><figure class=\"wp-block-media-text__media\"><img loading=\"lazy\" decoding=\"async\" width=\"1024\" height=\"947\" src=\"https:\/\/www.kassiopeia.fi\/levi-summit\/wp-content\/uploads\/sites\/5\/2025\/03\/levi-gondolihissi-talvella-1024x947.jpg\" alt=\"Levin gondolihissi nousee yl\u00f6s tunturin huipulle talvipakkasella.\" class=\"wp-image-174 size-full\" srcset=\"https:\/\/www.kassiopeia.fi\/levi-summit\/wp-content\/uploads\/sites\/5\/2025\/03\/levi-gondolihissi-talvella-1024x947.jpg 1024w, https:\/\/www.kassiopeia.fi\/levi-summit\/wp-content\/uploads\/sites\/5\/2025\/03\/levi-gondolihissi-talvella-300x278.jpg 300w, https:\/\/www.kassiopeia.fi\/levi-summit\/wp-content\/uploads\/sites\/5\/2025\/03\/levi-gondolihissi-talvella-768x710.jpg 768w, https:\/\/www.kassiopeia.fi\/levi-summit\/wp-content\/uploads\/sites\/5\/2025\/03\/levi-gondolihissi-talvella.jpg 1440w\" sizes=\"auto, (max-width: 1024px) 100vw, 1024px\" \/><\/figure><\/div>\n\n\n\n<div class=\"wp-block-media-text is-stacked-on-mobile is-vertically-aligned-center\" style=\"padding-top:0;padding-bottom:0;grid-template-columns:40% auto\"><figure class=\"wp-block-media-text__media\"><img loading=\"lazy\" decoding=\"async\" width=\"1024\" height=\"794\" src=\"https:\/\/www.kassiopeia.fi\/levi-summit\/wp-content\/uploads\/sites\/5\/2025\/03\/hotel-levi-panoraman-parkkipaikka-talvella-1024x794.jpg\" alt=\"Hotel Levi Panoraman suuri parkkipaikka kauniina talviaamuna.\" class=\"wp-image-176 size-full\" srcset=\"https:\/\/www.kassiopeia.fi\/levi-summit\/wp-content\/uploads\/sites\/5\/2025\/03\/hotel-levi-panoraman-parkkipaikka-talvella-1024x794.jpg 1024w, https:\/\/www.kassiopeia.fi\/levi-summit\/wp-content\/uploads\/sites\/5\/2025\/03\/hotel-levi-panoraman-parkkipaikka-talvella-300x233.jpg 300w, https:\/\/www.kassiopeia.fi\/levi-summit\/wp-content\/uploads\/sites\/5\/2025\/03\/hotel-levi-panoraman-parkkipaikka-talvella-768x596.jpg 768w, https:\/\/www.kassiopeia.fi\/levi-summit\/wp-content\/uploads\/sites\/5\/2025\/03\/hotel-levi-panoraman-parkkipaikka-talvella-1536x1191.jpg 1536w, https:\/\/www.kassiopeia.fi\/levi-summit\/wp-content\/uploads\/sites\/5\/2025\/03\/hotel-levi-panoraman-parkkipaikka-talvella.jpg 1644w\" sizes=\"auto, (max-width: 1024px) 100vw, 1024px\" \/><\/figure><div class=\"wp-block-media-text__content\">\n<h3 class=\"wp-block-heading\" id=\"shuttle\"><strong>N\u00e4in saavut autolla<\/strong><\/h3>\n\n\n\n<p>Levin keskustasta on autolla matkaa noin 2 kilometri\u00e4 etel\u00e4\u00e4n Levintiet\u00e4, jolta k\u00e4\u00e4nn\u00f6s Tunturitielle K-Raudan ja Poron bensis \/ Poronportin v\u00e4list\u00e4. Tunturitiet\u00e4 jatketaan 2 kilometri\u00e4, jolloin saavutaan Koutalaelle. Hotellin piha-alueella on suuri, maksuton parkkialue, johon parkkia ei voi varata etuk\u00e4teen vaan saat autopaikan saapuessasi hotelliin. Lis\u00e4ksi meill\u00e4 on maksullinen s\u00e4hk\u00f6auton latauspiste (hinta 15 \u20ac \/ lataus). L\u00e4mmitystolppapaikkoja on 46 kpl.<\/p>\n\n\n\n<p><strong>Muistathan rekister\u00f6id\u00e4 autosi pys\u00e4k\u00f6innin Summitin aulasta l\u00f6ytyv\u00e4\u00e4n parkkitablettiin!<\/strong><\/p>\n<\/div><\/div>\n\n\n\n<div class=\"wp-block-media-text has-media-on-the-right is-stacked-on-mobile is-vertically-aligned-center\" style=\"padding-top:0;padding-bottom:0;grid-template-columns:auto 40%\"><div class=\"wp-block-media-text__content\">\n<h3 class=\"wp-block-heading\" id=\"h-bussilla-kittilan-lentokentalta\"><strong>Bussilla Kittil\u00e4n lentokent\u00e4lt\u00e4<\/strong><\/h3>\n\n\n\n<p>Kittil\u00e4n lentokent\u00e4lt\u00e4 matkaa on noin 15 kilometri\u00e4. Bussiin p\u00e4\u00e4set suoraan lentokent\u00e4lt\u00e4. <\/p>\n\n\n\n<p>Paluumatka bussilla Kittil\u00e4n lentokent\u00e4lle tulee varata Levi Summitin naapurissa olevasta Hotel Levi Panoraman vastaanotosta l\u00e4ht\u00f6\u00e4 edelt\u00e4v\u00e4n\u00e4 p\u00e4iv\u00e4n\u00e4. Bussi ei pys\u00e4hdy Levi Summitilla automaattisesti, vaan hotellin vastaanotto ilmoittaa kuljettajalle hotellin pys\u00e4kilt\u00e4 noudettavat matkustajat.<\/p>\n\n\n\n<p>Aikataulut, hinnat ja lis\u00e4tiedot l\u00f6yd\u00e4t osoitteesta: <a href=\"https:\/\/tunturilinjat.fi\/aikataulut\/\" target=\"_blank\" rel=\"noreferrer noopener\">https:\/\/tunturilinjat.fi\/aikataulut<\/a><\/p>\n<\/div><figure class=\"wp-block-media-text__media\"><img loading=\"lazy\" decoding=\"async\" width=\"1024\" height=\"930\" src=\"https:\/\/www.kassiopeia.fi\/levi-summit\/wp-content\/uploads\/sites\/5\/2025\/04\/linja-autolla-levi-summitiin-1024x930.jpg\" alt=\"Linja-auto Kittil\u00e4n lentokent\u00e4ll\u00e4, jolla p\u00e4\u00e4set suoraan Levi Summitille.\" class=\"wp-image-411 size-full\" srcset=\"https:\/\/www.kassiopeia.fi\/levi-summit\/wp-content\/uploads\/sites\/5\/2025\/04\/linja-autolla-levi-summitiin-1024x930.jpg 1024w, https:\/\/www.kassiopeia.fi\/levi-summit\/wp-content\/uploads\/sites\/5\/2025\/04\/linja-autolla-levi-summitiin-300x273.jpg 300w, https:\/\/www.kassiopeia.fi\/levi-summit\/wp-content\/uploads\/sites\/5\/2025\/04\/linja-autolla-levi-summitiin-768x698.jpg 768w, https:\/\/www.kassiopeia.fi\/levi-summit\/wp-content\/uploads\/sites\/5\/2025\/04\/linja-autolla-levi-summitiin.jpg 1200w\" sizes=\"auto, (max-width: 1024px) 100vw, 1024px\" \/><\/figure><\/div>\n\n\n\n<div class=\"wp-block-media-text is-stacked-on-mobile is-vertically-aligned-center\" style=\"padding-top:0;padding-bottom:0;grid-template-columns:40% auto\"><figure class=\"wp-block-media-text__media\"><img loading=\"lazy\" decoding=\"async\" width=\"929\" height=\"1024\" src=\"https:\/\/www.kassiopeia.fi\/levi-summit\/wp-content\/uploads\/sites\/5\/2025\/03\/levin-portaat-koutalaelle-929x1024.jpg\" alt=\"Portaiden alkup\u00e4\u00e4, josta noustaan 766 porrasta yl\u00f6s Levi Summitiin.\" class=\"wp-image-184 size-full\" srcset=\"https:\/\/www.kassiopeia.fi\/levi-summit\/wp-content\/uploads\/sites\/5\/2025\/03\/levin-portaat-koutalaelle-929x1024.jpg 929w, https:\/\/www.kassiopeia.fi\/levi-summit\/wp-content\/uploads\/sites\/5\/2025\/03\/levin-portaat-koutalaelle-272x300.jpg 272w, https:\/\/www.kassiopeia.fi\/levi-summit\/wp-content\/uploads\/sites\/5\/2025\/03\/levin-portaat-koutalaelle-768x847.jpg 768w, https:\/\/www.kassiopeia.fi\/levi-summit\/wp-content\/uploads\/sites\/5\/2025\/03\/levin-portaat-koutalaelle-1393x1536.jpg 1393w, https:\/\/www.kassiopeia.fi\/levi-summit\/wp-content\/uploads\/sites\/5\/2025\/03\/levin-portaat-koutalaelle.jpg 1800w\" sizes=\"auto, (max-width: 929px) 100vw, 929px\" \/><\/figure><div class=\"wp-block-media-text__content\">\n<h3 class=\"wp-block-heading\" id=\"h-levin-kylalta-portaita-pitkin\"><strong>Levin kyl\u00e4lt\u00e4 portaita pitkin<\/strong><\/h3>\n\n\n\n<p>Levin keskustasta, Levi Hotel Span takapihalta l\u00e4htev\u00e4t portaat viev\u00e4t mets\u00e4n l\u00e4pi suoraan Levi Summitille. Portaissa on yhteens\u00e4 766 askelmaa, ja v\u00e4lill\u00e4 on muutama tasanne penkkeineen. Huomioithan, ett\u00e4 portaissa ei ole s\u00e4\u00e4nn\u00f6llist\u00e4 talvikunnossapitoa, portaat saattavat olla lumiset ja liukkaat mik\u00e4li lumipyry yll\u00e4tt\u00e4\u00e4 tai mik\u00e4li Eturinteen lumetus on k\u00e4ynniss\u00e4.<\/p>\n<\/div><\/div>\n<\/div>\n","protected":false},"excerpt":{"rendered":"<p>Yhteystiedot Levi Summit ja Hotel Levi Panorama Osoite: Tunturitie 205, 99130 LeviPuh. 016 336 3000 \/ panorama@kassiopeia.fi Ryhm\u00e4t, kokoustilat, tapahtumat Myyntipalvelumme auttaa ma-pe klo 9\u201316. Puh. 040 456 2059 \/ sales@kassiopeia.fi Aukioloajat ja saapuminen Express Gondolilla Levin kyl\u00e4n ja Hotel Levi Panoraman v\u00e4lill\u00e4 kulkee Levi Ski Resortin operoima Express -gondolihissi, jolla p\u00e4\u00e4set helposti yl\u00f6s ja [&hellip;]<\/p>\n","protected":false},"author":4,"featured_media":0,"parent":0,"menu_order":0,"comment_status":"closed","ping_status":"closed","template":"","meta":{"_acf_changed":false,"footnotes":""},"class_list":["post-846","page","type-page","status-publish","hentry"],"acf":[],"yoast_head":"<!-- This site is optimized with the Yoast SEO Premium plugin v27.2 (Yoast SEO v27.2) - https:\/\/yoast.com\/product\/yoast-seo-premium-wordpress\/ -->\n<title>Yhteystiedot - Levi Summit<\/title>\n<meta name=\"description\" content=\"Autolla saavut Levin keskustasta noin 2 km etel\u00e4\u00e4n Levintiet\u00e4, jolta k\u00e4\u00e4nn\u00f6s Tunturitielle huoltoaseman risteyksest\u00e4. Lue lis\u00e4\u00e4!\" \/>\n<meta name=\"robots\" content=\"index, follow, max-snippet:-1, max-image-preview:large, max-video-preview:-1\" \/>\n<link rel=\"canonical\" href=\"https:\/\/www.kassiopeia.fi\/levi-summit\/yhteystiedot\/\" \/>\n<meta property=\"og:locale\" content=\"fi_FI\" \/>\n<meta property=\"og:type\" content=\"article\" \/>\n<meta property=\"og:title\" content=\"Yhteystiedot\" \/>\n<meta property=\"og:description\" content=\"Autolla saavut Levin keskustasta noin 2 km etel\u00e4\u00e4n Levintiet\u00e4, jolta k\u00e4\u00e4nn\u00f6s Tunturitielle huoltoaseman risteyksest\u00e4. Lue lis\u00e4\u00e4!\" \/>\n<meta property=\"og:url\" content=\"https:\/\/www.kassiopeia.fi\/levi-summit\/yhteystiedot\/\" \/>\n<meta property=\"og:site_name\" content=\"Levi Summit\" \/>\n<meta property=\"article:publisher\" content=\"https:\/\/www.facebook.com\/LeviSummitEventCenter\/\" \/>\n<meta property=\"article:modified_time\" content=\"2025-09-26T06:16:35+00:00\" \/>\n<meta property=\"og:image\" content=\"https:\/\/www.kassiopeia.fi\/levi-summit\/wp-content\/uploads\/sites\/5\/2025\/09\/kartta_summittiin-1.jpg\" \/>\n\t<meta property=\"og:image:width\" content=\"1565\" \/>\n\t<meta property=\"og:image:height\" content=\"1029\" \/>\n\t<meta property=\"og:image:type\" content=\"image\/jpeg\" \/>\n<meta name=\"twitter:card\" content=\"summary_large_image\" \/>\n<meta name=\"twitter:label1\" content=\"Arvioitu lukuaika\" \/>\n\t<meta name=\"twitter:data1\" content=\"3 minuuttia\" \/>\n<script type=\"application\/ld+json\" class=\"yoast-schema-graph\">{\"@context\":\"https:\/\/schema.org\",\"@graph\":[{\"@type\":\"WebPage\",\"@id\":\"https:\/\/www.kassiopeia.fi\/levi-summit\/yhteystiedot\/\",\"url\":\"https:\/\/www.kassiopeia.fi\/levi-summit\/yhteystiedot\/\",\"name\":\"Yhteystiedot - Levi Summit\",\"isPartOf\":{\"@id\":\"https:\/\/www.kassiopeia.fi\/levi-summit\/#website\"},\"primaryImageOfPage\":{\"@id\":\"https:\/\/www.kassiopeia.fi\/levi-summit\/yhteystiedot\/#primaryimage\"},\"image\":{\"@id\":\"https:\/\/www.kassiopeia.fi\/levi-summit\/yhteystiedot\/#primaryimage\"},\"thumbnailUrl\":\"https:\/\/www.kassiopeia.fi\/levi-summit\/wp-content\/uploads\/sites\/5\/2025\/09\/kartta_summittiin-1-1024x673.jpg\",\"datePublished\":\"2025-07-15T06:28:57+00:00\",\"dateModified\":\"2025-09-26T06:16:35+00:00\",\"description\":\"Autolla saavut Levin keskustasta noin 2 km etel\u00e4\u00e4n Levintiet\u00e4, jolta k\u00e4\u00e4nn\u00f6s Tunturitielle huoltoaseman risteyksest\u00e4. Lue lis\u00e4\u00e4!\",\"breadcrumb\":{\"@id\":\"https:\/\/www.kassiopeia.fi\/levi-summit\/yhteystiedot\/#breadcrumb\"},\"inLanguage\":\"fi\",\"potentialAction\":[{\"@type\":\"ReadAction\",\"target\":[\"https:\/\/www.kassiopeia.fi\/levi-summit\/yhteystiedot\/\"]}]},{\"@type\":\"ImageObject\",\"inLanguage\":\"fi\",\"@id\":\"https:\/\/www.kassiopeia.fi\/levi-summit\/yhteystiedot\/#primaryimage\",\"url\":\"https:\/\/www.kassiopeia.fi\/levi-summit\/wp-content\/uploads\/sites\/5\/2025\/09\/kartta_summittiin-1.jpg\",\"contentUrl\":\"https:\/\/www.kassiopeia.fi\/levi-summit\/wp-content\/uploads\/sites\/5\/2025\/09\/kartta_summittiin-1.jpg\",\"width\":1565,\"height\":1029,\"caption\":\"\\\"\\\"\"},{\"@type\":\"BreadcrumbList\",\"@id\":\"https:\/\/www.kassiopeia.fi\/levi-summit\/yhteystiedot\/#breadcrumb\",\"itemListElement\":[{\"@type\":\"ListItem\",\"position\":1,\"name\":\"Etusivu\",\"item\":\"https:\/\/www.kassiopeia.fi\/levi-summit\/\"},{\"@type\":\"ListItem\",\"position\":2,\"name\":\"Yhteystiedot\"}]},{\"@type\":\"WebSite\",\"@id\":\"https:\/\/www.kassiopeia.fi\/levi-summit\/#website\",\"url\":\"https:\/\/www.kassiopeia.fi\/levi-summit\/\",\"name\":\"Levi Summit\",\"description\":\"\",\"potentialAction\":[{\"@type\":\"SearchAction\",\"target\":{\"@type\":\"EntryPoint\",\"urlTemplate\":\"https:\/\/www.kassiopeia.fi\/levi-summit\/?s={search_term_string}\"},\"query-input\":{\"@type\":\"PropertyValueSpecification\",\"valueRequired\":true,\"valueName\":\"search_term_string\"}}],\"inLanguage\":\"fi\"}]}<\/script>\n<!-- \/ Yoast SEO Premium plugin. -->","yoast_head_json":{"title":"Yhteystiedot - Levi Summit","description":"Autolla saavut Levin keskustasta noin 2 km etel\u00e4\u00e4n Levintiet\u00e4, jolta k\u00e4\u00e4nn\u00f6s Tunturitielle huoltoaseman risteyksest\u00e4. Lue lis\u00e4\u00e4!","robots":{"index":"index","follow":"follow","max-snippet":"max-snippet:-1","max-image-preview":"max-image-preview:large","max-video-preview":"max-video-preview:-1"},"canonical":"https:\/\/www.kassiopeia.fi\/levi-summit\/yhteystiedot\/","og_locale":"fi_FI","og_type":"article","og_title":"Yhteystiedot","og_description":"Autolla saavut Levin keskustasta noin 2 km etel\u00e4\u00e4n Levintiet\u00e4, jolta k\u00e4\u00e4nn\u00f6s Tunturitielle huoltoaseman risteyksest\u00e4. Lue lis\u00e4\u00e4!","og_url":"https:\/\/www.kassiopeia.fi\/levi-summit\/yhteystiedot\/","og_site_name":"Levi Summit","article_publisher":"https:\/\/www.facebook.com\/LeviSummitEventCenter\/","article_modified_time":"2025-09-26T06:16:35+00:00","og_image":[{"width":1565,"height":1029,"url":"https:\/\/www.kassiopeia.fi\/levi-summit\/wp-content\/uploads\/sites\/5\/2025\/09\/kartta_summittiin-1.jpg","type":"image\/jpeg"}],"twitter_card":"summary_large_image","twitter_misc":{"Arvioitu lukuaika":"3 minuuttia"},"schema":{"@context":"https:\/\/schema.org","@graph":[{"@type":"WebPage","@id":"https:\/\/www.kassiopeia.fi\/levi-summit\/yhteystiedot\/","url":"https:\/\/www.kassiopeia.fi\/levi-summit\/yhteystiedot\/","name":"Yhteystiedot - Levi Summit","isPartOf":{"@id":"https:\/\/www.kassiopeia.fi\/levi-summit\/#website"},"primaryImageOfPage":{"@id":"https:\/\/www.kassiopeia.fi\/levi-summit\/yhteystiedot\/#primaryimage"},"image":{"@id":"https:\/\/www.kassiopeia.fi\/levi-summit\/yhteystiedot\/#primaryimage"},"thumbnailUrl":"https:\/\/www.kassiopeia.fi\/levi-summit\/wp-content\/uploads\/sites\/5\/2025\/09\/kartta_summittiin-1-1024x673.jpg","datePublished":"2025-07-15T06:28:57+00:00","dateModified":"2025-09-26T06:16:35+00:00","description":"Autolla saavut Levin keskustasta noin 2 km etel\u00e4\u00e4n Levintiet\u00e4, jolta k\u00e4\u00e4nn\u00f6s Tunturitielle huoltoaseman risteyksest\u00e4. Lue lis\u00e4\u00e4!","breadcrumb":{"@id":"https:\/\/www.kassiopeia.fi\/levi-summit\/yhteystiedot\/#breadcrumb"},"inLanguage":"fi","potentialAction":[{"@type":"ReadAction","target":["https:\/\/www.kassiopeia.fi\/levi-summit\/yhteystiedot\/"]}]},{"@type":"ImageObject","inLanguage":"fi","@id":"https:\/\/www.kassiopeia.fi\/levi-summit\/yhteystiedot\/#primaryimage","url":"https:\/\/www.kassiopeia.fi\/levi-summit\/wp-content\/uploads\/sites\/5\/2025\/09\/kartta_summittiin-1.jpg","contentUrl":"https:\/\/www.kassiopeia.fi\/levi-summit\/wp-content\/uploads\/sites\/5\/2025\/09\/kartta_summittiin-1.jpg","width":1565,"height":1029,"caption":"\"\""},{"@type":"BreadcrumbList","@id":"https:\/\/www.kassiopeia.fi\/levi-summit\/yhteystiedot\/#breadcrumb","itemListElement":[{"@type":"ListItem","position":1,"name":"Etusivu","item":"https:\/\/www.kassiopeia.fi\/levi-summit\/"},{"@type":"ListItem","position":2,"name":"Yhteystiedot"}]},{"@type":"WebSite","@id":"https:\/\/www.kassiopeia.fi\/levi-summit\/#website","url":"https:\/\/www.kassiopeia.fi\/levi-summit\/","name":"Levi Summit","description":"","potentialAction":[{"@type":"SearchAction","target":{"@type":"EntryPoint","urlTemplate":"https:\/\/www.kassiopeia.fi\/levi-summit\/?s={search_term_string}"},"query-input":{"@type":"PropertyValueSpecification","valueRequired":true,"valueName":"search_term_string"}}],"inLanguage":"fi"}]}},"lang":"fi","translations":{"fi":846,"en":2036},"pll_sync_post":[],"_links":{"self":[{"href":"https:\/\/www.kassiopeia.fi\/levi-summit\/wp-json\/wp\/v2\/pages\/846","targetHints":{"allow":["GET"]}}],"collection":[{"href":"https:\/\/www.kassiopeia.fi\/levi-summit\/wp-json\/wp\/v2\/pages"}],"about":[{"href":"https:\/\/www.kassiopeia.fi\/levi-summit\/wp-json\/wp\/v2\/types\/page"}],"author":[{"embeddable":true,"href":"https:\/\/www.kassiopeia.fi\/levi-summit\/wp-json\/wp\/v2\/users\/4"}],"replies":[{"embeddable":true,"href":"https:\/\/www.kassiopeia.fi\/levi-summit\/wp-json\/wp\/v2\/comments?post=846"}],"version-history":[{"count":19,"href":"https:\/\/www.kassiopeia.fi\/levi-summit\/wp-json\/wp\/v2\/pages\/846\/revisions"}],"predecessor-version":[{"id":2369,"href":"https:\/\/www.kassiopeia.fi\/levi-summit\/wp-json\/wp\/v2\/pages\/846\/revisions\/2369"}],"wp:attachment":[{"href":"https:\/\/www.kassiopeia.fi\/levi-summit\/wp-json\/wp\/v2\/media?parent=846"}],"curies":[{"name":"wp","href":"https:\/\/api.w.org\/{rel}","templated":true}]}}