{"id":755,"date":"2025-07-14T11:24:47","date_gmt":"2025-07-14T08:24:47","guid":{"rendered":"https:\/\/www.kassiopeia.fi\/levi-summit\/?page_id=755"},"modified":"2025-09-09T14:11:22","modified_gmt":"2025-09-09T11:11:22","slug":"meista","status":"publish","type":"page","link":"https:\/\/www.kassiopeia.fi\/levi-summit\/meista\/","title":{"rendered":"Meist\u00e4"},"content":{"rendered":"\n<div class=\"wp-block-cover alignfull is-light cover-hero wp-duotone-unset-1\" style=\"margin-top:0px;margin-bottom:0px;padding-top:0px;padding-right:0px;padding-bottom:0px;padding-left:0px;min-height:400px;aspect-ratio:unset;\"><img loading=\"lazy\" decoding=\"async\" width=\"2000\" height=\"1138\" class=\"wp-block-cover__image-background wp-image-933 size-full\" alt=\"\" src=\"https:\/\/www.kassiopeia.fi\/levi-summit\/wp-content\/uploads\/sites\/5\/2025\/07\/vastaanottovirkailija-kassiopeian-hotellissa.jpg\" style=\"object-position:65% 34%\" data-object-fit=\"cover\" data-object-position=\"65% 34%\" srcset=\"https:\/\/www.kassiopeia.fi\/levi-summit\/wp-content\/uploads\/sites\/5\/2025\/07\/vastaanottovirkailija-kassiopeian-hotellissa.jpg 2000w, https:\/\/www.kassiopeia.fi\/levi-summit\/wp-content\/uploads\/sites\/5\/2025\/07\/vastaanottovirkailija-kassiopeian-hotellissa-300x171.jpg 300w, https:\/\/www.kassiopeia.fi\/levi-summit\/wp-content\/uploads\/sites\/5\/2025\/07\/vastaanottovirkailija-kassiopeian-hotellissa-1024x583.jpg 1024w, https:\/\/www.kassiopeia.fi\/levi-summit\/wp-content\/uploads\/sites\/5\/2025\/07\/vastaanottovirkailija-kassiopeian-hotellissa-768x437.jpg 768w, https:\/\/www.kassiopeia.fi\/levi-summit\/wp-content\/uploads\/sites\/5\/2025\/07\/vastaanottovirkailija-kassiopeian-hotellissa-1536x874.jpg 1536w\" sizes=\"auto, (max-width: 2000px) 100vw, 2000px\" \/><span aria-hidden=\"true\" class=\"wp-block-cover__background has-levi-summit-4-background-color has-background-dim-0 has-background-dim\"><\/span><div class=\"wp-block-cover__inner-container is-layout-flow wp-container-core-cover-is-layout-6e17fc20 wp-block-cover-is-layout-flow\">\n<div class=\"wp-block-group is-layout-constrained wp-container-core-group-is-layout-00f579c5 wp-block-group-is-layout-constrained\">\n<h1 class=\"wp-block-heading has-text-align-center has-general-1-color has-text-color has-link-color has-large-font-size wp-elements-0cf344c2efcb6597673067e9b117e259\" id=\"h-\"><\/h1>\n<\/div>\n<\/div><\/div>\n\n\n\n<div class=\"wp-block-group alignfull is-layout-constrained wp-container-core-group-is-layout-12843e03 wp-block-group-is-layout-constrained\" style=\"margin-top:0;margin-bottom:0;padding-top:var(--wp--preset--spacing--60);padding-right:var(--wp--preset--spacing--40);padding-bottom:var(--wp--preset--spacing--50);padding-left:var(--wp--preset--spacing--40)\">\n<div class=\"wp-block-columns are-vertically-aligned-center is-layout-flex wp-container-core-columns-is-layout-28f84493 wp-block-columns-is-layout-flex\">\n<div class=\"wp-block-column is-vertically-aligned-center is-layout-flow wp-block-column-is-layout-flow\" style=\"flex-basis:35%\">\n<figure class=\"wp-block-image size-full\" style=\"margin-right:var(--wp--preset--spacing--50)\"><img loading=\"lazy\" decoding=\"async\" width=\"347\" height=\"607\" src=\"https:\/\/www.kassiopeia.fi\/levi-summit\/wp-content\/uploads\/sites\/5\/2025\/05\/kassiopeia-kartta.png\" alt=\"&quot;&quot;\" class=\"wp-image-693\" srcset=\"https:\/\/www.kassiopeia.fi\/levi-summit\/wp-content\/uploads\/sites\/5\/2025\/05\/kassiopeia-kartta.png 347w, https:\/\/www.kassiopeia.fi\/levi-summit\/wp-content\/uploads\/sites\/5\/2025\/05\/kassiopeia-kartta-171x300.png 171w\" sizes=\"auto, (max-width: 347px) 100vw, 347px\" \/><\/figure>\n<\/div>\n\n\n\n<div class=\"wp-block-column is-vertically-aligned-center is-layout-flow wp-block-column-is-layout-flow\" style=\"flex-basis:65%\">\n<h1 class=\"wp-block-heading\" id=\"h-meista\">Meist\u00e4<\/h1>\n\n\n\n<p>Tapahtumakeskus Levi Summit on osa <a href=\"https:\/\/www.kassiopeia.fi\" target=\"_blank\" rel=\"noreferrer noopener\">Kassiopeia Hotels &amp; Restaurantsin<\/a> uniikkia palvelukokonaisuutta, joka suomalaisena majoitus- ja ravintola-alan yrityksen\u00e4 tarjoaa korkeatasoisia hotelli-, ravintola- ja kokouspalveluita Levill\u00e4 ja Espoossa. Kassiopeia Hotels &amp; Restaurantsin taustalla on vuonna 1997 perustettu Kassiopeia Finland Oy. Levi Summit on toiminut tapahtumakeskuksena Levin Koutalaella vuodesta 2008. Vuonna 2009 Levi Summitin viereen valmistui Hotel Levi Panorama sek\u00e4 Levi Chalets -huoneistot.<\/p>\n<\/div>\n<\/div>\n<\/div>\n\n\n\n<div class=\"wp-block-columns are-vertically-aligned-center is-layout-flex wp-container-core-columns-is-layout-28f84493 wp-block-columns-is-layout-flex\">\n<div class=\"wp-block-column is-vertically-aligned-center is-layout-flow wp-block-column-is-layout-flow\" style=\"padding-right:var(--wp--preset--spacing--40);padding-left:var(--wp--preset--spacing--40);flex-basis:45%\">\n<h2 class=\"wp-block-heading\" id=\"h-raataloimme-kokoukset-aina-yksilollisesti\"><strong>R\u00e4\u00e4t\u00e4l\u00f6imme kokoukset aina yksil\u00f6llisesti<\/strong><\/h2>\n\n\n\n<p>Rakennamme palvelukokonaisuuden ja suunnittelemme tilaisuuden aina asiakkaidemme tarpeiden mukaisesti sis\u00e4lt\u00e4en sopivan tilakokonaisuuden, kokoustarjoilut ja majoitukset.<\/p>\n<\/div>\n\n\n\n<div class=\"wp-block-column is-vertically-aligned-center is-layout-flow wp-block-column-is-layout-flow\" style=\"flex-basis:55%\">\n<figure class=\"wp-block-image size-full\"><img loading=\"lazy\" decoding=\"async\" width=\"800\" height=\"600\" src=\"https:\/\/www.kassiopeia.fi\/levi-summit\/wp-content\/uploads\/sites\/5\/2025\/03\/kokous-levi-summitissa-levilla.jpg\" alt=\"Ryhm\u00e4 ihmisi\u00e4 keskustelee Levi Summitin kokoustilassa.\" class=\"wp-image-225\" srcset=\"https:\/\/www.kassiopeia.fi\/levi-summit\/wp-content\/uploads\/sites\/5\/2025\/03\/kokous-levi-summitissa-levilla.jpg 800w, https:\/\/www.kassiopeia.fi\/levi-summit\/wp-content\/uploads\/sites\/5\/2025\/03\/kokous-levi-summitissa-levilla-300x225.jpg 300w, https:\/\/www.kassiopeia.fi\/levi-summit\/wp-content\/uploads\/sites\/5\/2025\/03\/kokous-levi-summitissa-levilla-768x576.jpg 768w\" sizes=\"auto, (max-width: 800px) 100vw, 800px\" \/><\/figure>\n<\/div>\n<\/div>\n\n\n\n<div class=\"wp-block-group alignfull is-layout-constrained wp-container-core-group-is-layout-12843e03 wp-block-group-is-layout-constrained\" style=\"margin-top:0;margin-bottom:0;padding-top:var(--wp--preset--spacing--60);padding-right:var(--wp--preset--spacing--40);padding-bottom:var(--wp--preset--spacing--50);padding-left:var(--wp--preset--spacing--40)\">\n<p><\/p>\n\n\n\n<div class=\"wp-block-columns are-vertically-aligned-center is-layout-flex wp-container-core-columns-is-layout-28f84493 wp-block-columns-is-layout-flex\">\n<div class=\"wp-block-column is-vertically-aligned-center is-layout-flow wp-block-column-is-layout-flow\" style=\"flex-basis:55%\">\n<figure class=\"wp-block-image size-full\"><img loading=\"lazy\" decoding=\"async\" width=\"1024\" height=\"503\" src=\"https:\/\/www.kassiopeia.fi\/levi-summit\/wp-content\/uploads\/sites\/5\/2025\/05\/levi-opastekartta-valk-tausta_1366px-1024x503-1.jpg\" alt=\"Levi Summit sijaitsee Levitunturissa, Koutalaella, aivan tunturin huipun tuntumassa. Levi Summitin v\u00e4litt\u00f6m\u00e4ss\u00e4 yhteydess\u00e4 on Hotel Levi Panorama sek\u00e4 Levi Gondolihissit.\" class=\"wp-image-702\" srcset=\"https:\/\/www.kassiopeia.fi\/levi-summit\/wp-content\/uploads\/sites\/5\/2025\/05\/levi-opastekartta-valk-tausta_1366px-1024x503-1.jpg 1024w, https:\/\/www.kassiopeia.fi\/levi-summit\/wp-content\/uploads\/sites\/5\/2025\/05\/levi-opastekartta-valk-tausta_1366px-1024x503-1-300x147.jpg 300w, https:\/\/www.kassiopeia.fi\/levi-summit\/wp-content\/uploads\/sites\/5\/2025\/05\/levi-opastekartta-valk-tausta_1366px-1024x503-1-768x377.jpg 768w\" sizes=\"auto, (max-width: 1024px) 100vw, 1024px\" \/><\/figure>\n<\/div>\n\n\n\n<div class=\"wp-block-column is-vertically-aligned-center is-layout-flow wp-block-column-is-layout-flow\" style=\"flex-basis:45%\">\n<h2 class=\"wp-block-heading\" id=\"h-kassiopeian-hotellit-ja-ravintolat-levilla\">Kassiopeian hotellit ja ravintolat Levill\u00e4<\/h2>\n\n\n\n<p>Meill\u00e4 on Levill\u00e4 kaksi hotellia sek\u00e4 tilavia huoneistoja perheiden ja ryhmien tarpeisiin. Hotelleissamme on lis\u00e4ksi kattavat ravintolapalvelut, sek\u00e4 erilaisia tiloja monenkokoisiin yksitystilaisuuksiin.<\/p>\n<\/div>\n<\/div>\n<\/div>\n\n\n\n<div class=\"wp-block-group alignfull has-background is-layout-constrained wp-container-core-group-is-layout-12843e03 wp-block-group-is-layout-constrained\" style=\"background-color:#e1e2e2;margin-top:0;margin-bottom:0;padding-top:var(--wp--preset--spacing--60);padding-right:var(--wp--preset--spacing--40);padding-bottom:var(--wp--preset--spacing--50);padding-left:var(--wp--preset--spacing--40)\">\n<div class=\"wp-block-group alignfull has-hotel-matts-12-background-color has-background is-layout-constrained wp-container-core-group-is-layout-0c9c989a wp-block-group-is-layout-constrained\" style=\"margin-top:0;margin-bottom:0;padding-top:var(--wp--preset--spacing--70);padding-right:var(--wp--preset--spacing--40);padding-bottom:var(--wp--preset--spacing--70);padding-left:var(--wp--preset--spacing--40)\">\n<div class=\"wp-block-columns is-layout-flex wp-container-core-columns-is-layout-28f84493 wp-block-columns-is-layout-flex\">\n<div class=\"wp-block-column has-white-background-color has-background is-layout-flow wp-block-column-is-layout-flow\">\n<div class=\"wp-block-group is-vertical is-layout-flex wp-container-core-group-is-layout-4b827052 wp-block-group-is-layout-flex\">\n<figure class=\"wp-block-image size-full\"><img loading=\"lazy\" decoding=\"async\" width=\"1333\" height=\"915\" src=\"https:\/\/www.kassiopeia.fi\/levi-summit\/wp-content\/uploads\/sites\/5\/2025\/05\/hotel-levi-panorama.jpg\" alt=\"Hotel Levi Panorama ja Levi Summit kes\u00e4ll\u00e4.\" class=\"wp-image-466\" style=\"aspect-ratio:16\/9;object-fit:cover\" srcset=\"https:\/\/www.kassiopeia.fi\/levi-summit\/wp-content\/uploads\/sites\/5\/2025\/05\/hotel-levi-panorama.jpg 1333w, https:\/\/www.kassiopeia.fi\/levi-summit\/wp-content\/uploads\/sites\/5\/2025\/05\/hotel-levi-panorama-300x206.jpg 300w, https:\/\/www.kassiopeia.fi\/levi-summit\/wp-content\/uploads\/sites\/5\/2025\/05\/hotel-levi-panorama-1024x703.jpg 1024w, https:\/\/www.kassiopeia.fi\/levi-summit\/wp-content\/uploads\/sites\/5\/2025\/05\/hotel-levi-panorama-768x527.jpg 768w\" sizes=\"auto, (max-width: 1333px) 100vw, 1333px\" \/><\/figure>\n\n\n\n<div class=\"wp-block-group is-layout-constrained wp-container-core-group-is-layout-9f0a0b74 wp-block-group-is-layout-constrained\" style=\"margin-top:0;margin-bottom:0;padding-top:var(--wp--preset--spacing--40);padding-right:var(--wp--preset--spacing--50);padding-bottom:var(--wp--preset--spacing--60);padding-left:var(--wp--preset--spacing--50)\">\n<h3 class=\"wp-block-heading\" id=\"h-hotel-levi-panorama-amp-levi-chalets\">Hotel Levi Panorama &amp; Levi Chalets<\/h3>\n\n\n\n<p>Levi Summitin yhteydess\u00e4 sijaitseva Hotel Levi Panorama tarjoaa majoitus- ja ravintolapalvelut niin lomaan kuin erilaisiin tapahtumiin.<\/p>\n\n\n\n<div class=\"wp-block-buttons is-layout-flex wp-block-buttons-is-layout-flex\">\n<div class=\"wp-block-button\"><a class=\"wp-block-button__link wp-element-button\" href=\"https:\/\/kassiopeia.fi\/levi-panorama\" target=\"_blank\" rel=\"noreferrer noopener\">Katso lis\u00e4\u00e4: levipanorama.fi<\/a><\/div>\n<\/div>\n<\/div>\n<\/div>\n<\/div>\n\n\n\n<div class=\"wp-block-column has-white-background-color has-background is-layout-flow wp-block-column-is-layout-flow\">\n<div class=\"wp-block-group is-vertical is-layout-flex wp-container-core-group-is-layout-4b827052 wp-block-group-is-layout-flex\">\n<figure class=\"wp-block-image size-full\"><img loading=\"lazy\" decoding=\"async\" width=\"800\" height=\"600\" src=\"https:\/\/www.kassiopeia.fi\/levi-summit\/wp-content\/uploads\/sites\/5\/2025\/03\/hotel_k5_standard_huone_800x600.jpg\" alt=\"Hotel K5 Levin kodikas standard-huone.\" class=\"wp-image-252\" style=\"aspect-ratio:16\/9;object-fit:cover\" srcset=\"https:\/\/www.kassiopeia.fi\/levi-summit\/wp-content\/uploads\/sites\/5\/2025\/03\/hotel_k5_standard_huone_800x600.jpg 800w, https:\/\/www.kassiopeia.fi\/levi-summit\/wp-content\/uploads\/sites\/5\/2025\/03\/hotel_k5_standard_huone_800x600-300x225.jpg 300w, https:\/\/www.kassiopeia.fi\/levi-summit\/wp-content\/uploads\/sites\/5\/2025\/03\/hotel_k5_standard_huone_800x600-768x576.jpg 768w\" sizes=\"auto, (max-width: 800px) 100vw, 800px\" \/><\/figure>\n\n\n\n<div class=\"wp-block-group is-layout-constrained wp-container-core-group-is-layout-9f0a0b74 wp-block-group-is-layout-constrained\" style=\"margin-top:0;margin-bottom:0;padding-top:var(--wp--preset--spacing--40);padding-right:var(--wp--preset--spacing--50);padding-bottom:var(--wp--preset--spacing--60);padding-left:var(--wp--preset--spacing--50)\">\n<h3 class=\"wp-block-heading\" id=\"h-hotel-k5-levi-amp-k5-villas-paritalohuoneistot\">Hotel K5 Levi &amp; K5 Villas -paritalohuoneistot<\/h3>\n\n\n\n<p>Kodikas talvikauden hotellimme Hotel K5 Levi sek\u00e4 ymp\u00e4ri vuoden avoinna olevat K5 Villas -paritalohuoneistot sijaitsevat Levin kyl\u00e4n l\u00e4heisyydess\u00e4.<\/p>\n\n\n\n<div class=\"wp-block-buttons is-layout-flex wp-block-buttons-is-layout-flex\">\n<div class=\"wp-block-button\"><a class=\"wp-block-button__link wp-element-button\" href=\"https:\/\/kassiopeia.fi\/hotel-k5-levi\" target=\"_blank\" rel=\"noreferrer noopener\">Katso lis\u00e4\u00e4: k5levi.fi<\/a><\/div>\n<\/div>\n<\/div>\n<\/div>\n<\/div>\n<\/div>\n<\/div>\n<\/div>\n\n\n\n<div class=\"wp-block-group alignfull is-layout-constrained wp-container-core-group-is-layout-12843e03 wp-block-group-is-layout-constrained\" style=\"margin-top:0;margin-bottom:0;padding-top:var(--wp--preset--spacing--60);padding-right:var(--wp--preset--spacing--40);padding-bottom:var(--wp--preset--spacing--50);padding-left:var(--wp--preset--spacing--40)\">\n<div class=\"wp-block-columns are-vertically-aligned-center is-layout-flex wp-container-core-columns-is-layout-28f84493 wp-block-columns-is-layout-flex\">\n<div class=\"wp-block-column is-vertically-aligned-center is-layout-flow wp-block-column-is-layout-flow\" style=\"flex-basis:45%\">\n<h2 class=\"wp-block-heading\" id=\"h-liity-kassiopeian-kanta-asiakkaaksi-ja-saat-edut-heti-kayttoosi\"><strong>Liity Kassiopeian kanta-asiakkaaksi ja saat edut heti k\u00e4ytt\u00f6\u00f6si<\/strong><\/h2>\n\n\n\n<p>Kassiopeian Star Member -kanta-asiakkaana sinulla on k\u00e4yt\u00f6ss\u00e4si sek\u00e4 pysyvi\u00e4 etuja ett\u00e4 kausittain vaihtuvia ajankohtaisia etuja hotelleissamme ja ravintoloissamme Espoossa ja Levill\u00e4 sek\u00e4 elokuvateatteri Cinema Levi Summitissa.<\/p>\n\n\n\n<p><a href=\"https:\/\/www.kassiopeia.fi\/kassiopeia-star-member\/\" target=\"_blank\" rel=\"noreferrer noopener\">Tutustu lis\u00e4\u00e4 ja liity Star Member -kanta-asiakkaaksi!<\/a><\/p>\n<\/div>\n\n\n\n<div class=\"wp-block-column is-vertically-aligned-center is-layout-flow wp-block-column-is-layout-flow\" style=\"flex-basis:55%\">\n<figure class=\"wp-block-image size-full\"><img loading=\"lazy\" decoding=\"async\" width=\"1132\" height=\"693\" src=\"https:\/\/www.kassiopeia.fi\/levi-summit\/wp-content\/uploads\/sites\/5\/2025\/03\/kassiopeia-star-member-kanta-asiakkaita-ruokailemassa-levin-ravintolassa.jpg\" alt=\"Kassiopeian Star Member -kanta-asiakkaita ruokap\u00f6yd\u00e4n \u00e4\u00e4rell\u00e4.\" class=\"wp-image-248\" srcset=\"https:\/\/www.kassiopeia.fi\/levi-summit\/wp-content\/uploads\/sites\/5\/2025\/03\/kassiopeia-star-member-kanta-asiakkaita-ruokailemassa-levin-ravintolassa.jpg 1132w, https:\/\/www.kassiopeia.fi\/levi-summit\/wp-content\/uploads\/sites\/5\/2025\/03\/kassiopeia-star-member-kanta-asiakkaita-ruokailemassa-levin-ravintolassa-300x184.jpg 300w, https:\/\/www.kassiopeia.fi\/levi-summit\/wp-content\/uploads\/sites\/5\/2025\/03\/kassiopeia-star-member-kanta-asiakkaita-ruokailemassa-levin-ravintolassa-1024x627.jpg 1024w, https:\/\/www.kassiopeia.fi\/levi-summit\/wp-content\/uploads\/sites\/5\/2025\/03\/kassiopeia-star-member-kanta-asiakkaita-ruokailemassa-levin-ravintolassa-768x470.jpg 768w\" sizes=\"auto, (max-width: 1132px) 100vw, 1132px\" \/><\/figure>\n<\/div>\n<\/div>\n<\/div>\n","protected":false},"excerpt":{"rendered":"<p>Meist\u00e4 Tapahtumakeskus Levi Summit on osa Kassiopeia Hotels &amp; Restaurantsin uniikkia palvelukokonaisuutta, joka suomalaisena majoitus- ja ravintola-alan yrityksen\u00e4 tarjoaa korkeatasoisia hotelli-, ravintola- ja kokouspalveluita Levill\u00e4 ja Espoossa. Kassiopeia Hotels &amp; Restaurantsin taustalla on vuonna 1997 perustettu Kassiopeia Finland Oy. Levi Summit on toiminut tapahtumakeskuksena Levin Koutalaella vuodesta 2008. Vuonna 2009 Levi Summitin viereen valmistui Hotel [&hellip;]<\/p>\n","protected":false},"author":4,"featured_media":0,"parent":0,"menu_order":0,"comment_status":"closed","ping_status":"closed","template":"","meta":{"_acf_changed":false,"footnotes":""},"class_list":["post-755","page","type-page","status-publish","hentry"],"acf":[],"yoast_head":"<!-- This site is optimized with the Yoast SEO Premium plugin v27.2 (Yoast SEO v27.2) - https:\/\/yoast.com\/product\/yoast-seo-premium-wordpress\/ -->\n<title>Meist\u00e4 - Levi Summit<\/title>\n<meta name=\"description\" content=\"Tapahtumakeskus Levi Summit on osa Kassiopeia Hotels &amp; Restaurantsin uniikkia palvelukokonaisuutta. Lue lis\u00e4\u00e4!\" \/>\n<meta name=\"robots\" content=\"index, follow, max-snippet:-1, max-image-preview:large, max-video-preview:-1\" \/>\n<link rel=\"canonical\" href=\"https:\/\/www.kassiopeia.fi\/levi-summit\/meista\/\" \/>\n<meta property=\"og:locale\" content=\"fi_FI\" \/>\n<meta property=\"og:type\" content=\"article\" \/>\n<meta property=\"og:title\" content=\"Meist\u00e4\" \/>\n<meta property=\"og:description\" content=\"Tapahtumakeskus Levi Summit on osa Kassiopeia Hotels &amp; Restaurantsin uniikkia palvelukokonaisuutta. Lue lis\u00e4\u00e4!\" \/>\n<meta property=\"og:url\" content=\"https:\/\/www.kassiopeia.fi\/levi-summit\/meista\/\" \/>\n<meta property=\"og:site_name\" content=\"Levi Summit\" \/>\n<meta property=\"article:publisher\" content=\"https:\/\/www.facebook.com\/LeviSummitEventCenter\/\" \/>\n<meta property=\"article:modified_time\" content=\"2025-09-09T11:11:22+00:00\" \/>\n<meta property=\"og:image\" content=\"https:\/\/www.kassiopeia.fi\/levi-summit\/wp-content\/uploads\/sites\/5\/2025\/07\/vastaanottovirkailija-kassiopeian-hotellissa.jpg\" \/>\n\t<meta property=\"og:image:width\" content=\"2000\" \/>\n\t<meta property=\"og:image:height\" content=\"1138\" \/>\n\t<meta property=\"og:image:type\" content=\"image\/jpeg\" \/>\n<meta name=\"twitter:card\" content=\"summary_large_image\" \/>\n<meta name=\"twitter:label1\" content=\"Arvioitu lukuaika\" \/>\n\t<meta name=\"twitter:data1\" content=\"3 minuuttia\" \/>\n<script type=\"application\/ld+json\" class=\"yoast-schema-graph\">{\"@context\":\"https:\/\/schema.org\",\"@graph\":[{\"@type\":\"WebPage\",\"@id\":\"https:\/\/www.kassiopeia.fi\/levi-summit\/meista\/\",\"url\":\"https:\/\/www.kassiopeia.fi\/levi-summit\/meista\/\",\"name\":\"Meist\u00e4 - Levi Summit\",\"isPartOf\":{\"@id\":\"https:\/\/www.kassiopeia.fi\/levi-summit\/#website\"},\"primaryImageOfPage\":{\"@id\":\"https:\/\/www.kassiopeia.fi\/levi-summit\/meista\/#primaryimage\"},\"image\":{\"@id\":\"https:\/\/www.kassiopeia.fi\/levi-summit\/meista\/#primaryimage\"},\"thumbnailUrl\":\"https:\/\/www.kassiopeia.fi\/levi-summit\/wp-content\/uploads\/sites\/5\/2025\/07\/vastaanottovirkailija-kassiopeian-hotellissa.jpg\",\"datePublished\":\"2025-07-14T08:24:47+00:00\",\"dateModified\":\"2025-09-09T11:11:22+00:00\",\"description\":\"Tapahtumakeskus Levi Summit on osa Kassiopeia Hotels & Restaurantsin uniikkia palvelukokonaisuutta. Lue lis\u00e4\u00e4!\",\"breadcrumb\":{\"@id\":\"https:\/\/www.kassiopeia.fi\/levi-summit\/meista\/#breadcrumb\"},\"inLanguage\":\"fi\",\"potentialAction\":[{\"@type\":\"ReadAction\",\"target\":[\"https:\/\/www.kassiopeia.fi\/levi-summit\/meista\/\"]}]},{\"@type\":\"ImageObject\",\"inLanguage\":\"fi\",\"@id\":\"https:\/\/www.kassiopeia.fi\/levi-summit\/meista\/#primaryimage\",\"url\":\"https:\/\/www.kassiopeia.fi\/levi-summit\/wp-content\/uploads\/sites\/5\/2025\/07\/vastaanottovirkailija-kassiopeian-hotellissa.jpg\",\"contentUrl\":\"https:\/\/www.kassiopeia.fi\/levi-summit\/wp-content\/uploads\/sites\/5\/2025\/07\/vastaanottovirkailija-kassiopeian-hotellissa.jpg\",\"width\":2000,\"height\":1138,\"caption\":\"\\\"\\\"\"},{\"@type\":\"BreadcrumbList\",\"@id\":\"https:\/\/www.kassiopeia.fi\/levi-summit\/meista\/#breadcrumb\",\"itemListElement\":[{\"@type\":\"ListItem\",\"position\":1,\"name\":\"Etusivu\",\"item\":\"https:\/\/www.kassiopeia.fi\/levi-summit\/\"},{\"@type\":\"ListItem\",\"position\":2,\"name\":\"Meist\u00e4\"}]},{\"@type\":\"WebSite\",\"@id\":\"https:\/\/www.kassiopeia.fi\/levi-summit\/#website\",\"url\":\"https:\/\/www.kassiopeia.fi\/levi-summit\/\",\"name\":\"Levi Summit\",\"description\":\"\",\"potentialAction\":[{\"@type\":\"SearchAction\",\"target\":{\"@type\":\"EntryPoint\",\"urlTemplate\":\"https:\/\/www.kassiopeia.fi\/levi-summit\/?s={search_term_string}\"},\"query-input\":{\"@type\":\"PropertyValueSpecification\",\"valueRequired\":true,\"valueName\":\"search_term_string\"}}],\"inLanguage\":\"fi\"}]}<\/script>\n<!-- \/ Yoast SEO Premium plugin. -->","yoast_head_json":{"title":"Meist\u00e4 - Levi Summit","description":"Tapahtumakeskus Levi Summit on osa Kassiopeia Hotels & Restaurantsin uniikkia palvelukokonaisuutta. Lue lis\u00e4\u00e4!","robots":{"index":"index","follow":"follow","max-snippet":"max-snippet:-1","max-image-preview":"max-image-preview:large","max-video-preview":"max-video-preview:-1"},"canonical":"https:\/\/www.kassiopeia.fi\/levi-summit\/meista\/","og_locale":"fi_FI","og_type":"article","og_title":"Meist\u00e4","og_description":"Tapahtumakeskus Levi Summit on osa Kassiopeia Hotels & Restaurantsin uniikkia palvelukokonaisuutta. Lue lis\u00e4\u00e4!","og_url":"https:\/\/www.kassiopeia.fi\/levi-summit\/meista\/","og_site_name":"Levi Summit","article_publisher":"https:\/\/www.facebook.com\/LeviSummitEventCenter\/","article_modified_time":"2025-09-09T11:11:22+00:00","og_image":[{"width":2000,"height":1138,"url":"https:\/\/www.kassiopeia.fi\/levi-summit\/wp-content\/uploads\/sites\/5\/2025\/07\/vastaanottovirkailija-kassiopeian-hotellissa.jpg","type":"image\/jpeg"}],"twitter_card":"summary_large_image","twitter_misc":{"Arvioitu lukuaika":"3 minuuttia"},"schema":{"@context":"https:\/\/schema.org","@graph":[{"@type":"WebPage","@id":"https:\/\/www.kassiopeia.fi\/levi-summit\/meista\/","url":"https:\/\/www.kassiopeia.fi\/levi-summit\/meista\/","name":"Meist\u00e4 - Levi Summit","isPartOf":{"@id":"https:\/\/www.kassiopeia.fi\/levi-summit\/#website"},"primaryImageOfPage":{"@id":"https:\/\/www.kassiopeia.fi\/levi-summit\/meista\/#primaryimage"},"image":{"@id":"https:\/\/www.kassiopeia.fi\/levi-summit\/meista\/#primaryimage"},"thumbnailUrl":"https:\/\/www.kassiopeia.fi\/levi-summit\/wp-content\/uploads\/sites\/5\/2025\/07\/vastaanottovirkailija-kassiopeian-hotellissa.jpg","datePublished":"2025-07-14T08:24:47+00:00","dateModified":"2025-09-09T11:11:22+00:00","description":"Tapahtumakeskus Levi Summit on osa Kassiopeia Hotels & Restaurantsin uniikkia palvelukokonaisuutta. Lue lis\u00e4\u00e4!","breadcrumb":{"@id":"https:\/\/www.kassiopeia.fi\/levi-summit\/meista\/#breadcrumb"},"inLanguage":"fi","potentialAction":[{"@type":"ReadAction","target":["https:\/\/www.kassiopeia.fi\/levi-summit\/meista\/"]}]},{"@type":"ImageObject","inLanguage":"fi","@id":"https:\/\/www.kassiopeia.fi\/levi-summit\/meista\/#primaryimage","url":"https:\/\/www.kassiopeia.fi\/levi-summit\/wp-content\/uploads\/sites\/5\/2025\/07\/vastaanottovirkailija-kassiopeian-hotellissa.jpg","contentUrl":"https:\/\/www.kassiopeia.fi\/levi-summit\/wp-content\/uploads\/sites\/5\/2025\/07\/vastaanottovirkailija-kassiopeian-hotellissa.jpg","width":2000,"height":1138,"caption":"\"\""},{"@type":"BreadcrumbList","@id":"https:\/\/www.kassiopeia.fi\/levi-summit\/meista\/#breadcrumb","itemListElement":[{"@type":"ListItem","position":1,"name":"Etusivu","item":"https:\/\/www.kassiopeia.fi\/levi-summit\/"},{"@type":"ListItem","position":2,"name":"Meist\u00e4"}]},{"@type":"WebSite","@id":"https:\/\/www.kassiopeia.fi\/levi-summit\/#website","url":"https:\/\/www.kassiopeia.fi\/levi-summit\/","name":"Levi Summit","description":"","potentialAction":[{"@type":"SearchAction","target":{"@type":"EntryPoint","urlTemplate":"https:\/\/www.kassiopeia.fi\/levi-summit\/?s={search_term_string}"},"query-input":{"@type":"PropertyValueSpecification","valueRequired":true,"valueName":"search_term_string"}}],"inLanguage":"fi"}]}},"lang":"fi","translations":{"fi":755,"en":899},"pll_sync_post":[],"_links":{"self":[{"href":"https:\/\/www.kassiopeia.fi\/levi-summit\/wp-json\/wp\/v2\/pages\/755","targetHints":{"allow":["GET"]}}],"collection":[{"href":"https:\/\/www.kassiopeia.fi\/levi-summit\/wp-json\/wp\/v2\/pages"}],"about":[{"href":"https:\/\/www.kassiopeia.fi\/levi-summit\/wp-json\/wp\/v2\/types\/page"}],"author":[{"embeddable":true,"href":"https:\/\/www.kassiopeia.fi\/levi-summit\/wp-json\/wp\/v2\/users\/4"}],"replies":[{"embeddable":true,"href":"https:\/\/www.kassiopeia.fi\/levi-summit\/wp-json\/wp\/v2\/comments?post=755"}],"version-history":[{"count":27,"href":"https:\/\/www.kassiopeia.fi\/levi-summit\/wp-json\/wp\/v2\/pages\/755\/revisions"}],"predecessor-version":[{"id":2318,"href":"https:\/\/www.kassiopeia.fi\/levi-summit\/wp-json\/wp\/v2\/pages\/755\/revisions\/2318"}],"wp:attachment":[{"href":"https:\/\/www.kassiopeia.fi\/levi-summit\/wp-json\/wp\/v2\/media?parent=755"}],"curies":[{"name":"wp","href":"https:\/\/api.w.org\/{rel}","templated":true}]}}