{"id":2699,"date":"2025-11-18T15:04:18","date_gmt":"2025-11-18T13:04:18","guid":{"rendered":"https:\/\/www.kassiopeia.fi\/levi-summit\/?page_id=2699"},"modified":"2026-02-24T09:47:16","modified_gmt":"2026-02-24T07:47:16","slug":"synttarihuone","status":"publish","type":"page","link":"https:\/\/www.kassiopeia.fi\/levi-summit\/synttarihuone\/","title":{"rendered":"Syntt\u00e4rihuone"},"content":{"rendered":"\n<div class=\"wp-block-cover alignfull is-light has-parallax cover-hero wp-duotone-unset-1\" style=\"margin-top:0px;margin-bottom:0px;padding-top:0px;padding-right:0px;padding-bottom:0px;padding-left:0px;min-height:100vh;aspect-ratio:unset;\"><div class=\"wp-block-cover__image-background wp-image-2700 size-full has-parallax\" style=\"background-position:50% 50%;background-image:url(https:\/\/www.kassiopeia.fi\/levi-summit\/wp-content\/uploads\/sites\/5\/2025\/11\/synttarihuone-1.jpg)\"><\/div><span aria-hidden=\"true\" class=\"wp-block-cover__background has-levi-summit-4-background-color has-background-dim-0 has-background-dim\"><\/span><div class=\"wp-block-cover__inner-container is-layout-flow wp-container-core-cover-is-layout-6e17fc20 wp-block-cover-is-layout-flow\">\n<p class=\"has-text-align-center has-large-font-size\"><\/p>\n<\/div><\/div>\n\n\n\n<div class=\"wp-block-group alignfull has-background is-layout-constrained wp-container-core-group-is-layout-8657f4d6 wp-block-group-is-layout-constrained\" style=\"background-color:#f7f7f7;margin-top:0;margin-bottom:0;padding-top:var(--wp--preset--spacing--60);padding-right:var(--wp--preset--spacing--40);padding-bottom:var(--wp--preset--spacing--60);padding-left:var(--wp--preset--spacing--40)\">\n<h1 class=\"wp-block-heading has-text-align-center has-levi-summit-4-color has-text-color has-link-color has-large-font-size wp-elements-76f414477e545449989131671d9d5f56\" id=\"h-levi-summitin-synttarihuone\">Levi Summitin syntt\u00e4rihuone<\/h1>\n\n\n\n<div class=\"wp-block-group alignwide is-layout-constrained wp-block-group-is-layout-constrained\">\n<p class=\"has-text-align-center has-large-font-size\">Levi Summitin  syntt\u00e4rihuone tekee juhlap\u00e4iv\u00e4st\u00e4 ikimuistoisen! <\/p>\n<\/div>\n<\/div>\n\n\n\n<div class=\"wp-block-group alignfull is-layout-constrained wp-container-core-group-is-layout-12843e03 wp-block-group-is-layout-constrained\" style=\"margin-top:0;margin-bottom:0;padding-top:var(--wp--preset--spacing--60);padding-right:var(--wp--preset--spacing--40);padding-bottom:var(--wp--preset--spacing--50);padding-left:var(--wp--preset--spacing--40)\">\n<div class=\"wp-block-columns are-vertically-aligned-center is-layout-flex wp-container-core-columns-is-layout-28f84493 wp-block-columns-is-layout-flex\">\n<div class=\"wp-block-column is-vertically-aligned-center is-layout-flow wp-block-column-is-layout-flow\">\n<figure class=\"wp-block-image size-full\"><img loading=\"lazy\" decoding=\"async\" width=\"1500\" height=\"1639\" src=\"https:\/\/www.kassiopeia.fi\/levi-summit\/wp-content\/uploads\/sites\/5\/2025\/11\/Children_Enjoying_Birthday_Dinner-2.jpg\" alt=\"\" class=\"wp-image-2701\" srcset=\"https:\/\/www.kassiopeia.fi\/levi-summit\/wp-content\/uploads\/sites\/5\/2025\/11\/Children_Enjoying_Birthday_Dinner-2.jpg 1500w, https:\/\/www.kassiopeia.fi\/levi-summit\/wp-content\/uploads\/sites\/5\/2025\/11\/Children_Enjoying_Birthday_Dinner-2-275x300.jpg 275w, https:\/\/www.kassiopeia.fi\/levi-summit\/wp-content\/uploads\/sites\/5\/2025\/11\/Children_Enjoying_Birthday_Dinner-2-937x1024.jpg 937w, https:\/\/www.kassiopeia.fi\/levi-summit\/wp-content\/uploads\/sites\/5\/2025\/11\/Children_Enjoying_Birthday_Dinner-2-768x839.jpg 768w, https:\/\/www.kassiopeia.fi\/levi-summit\/wp-content\/uploads\/sites\/5\/2025\/11\/Children_Enjoying_Birthday_Dinner-2-1406x1536.jpg 1406w\" sizes=\"auto, (max-width: 1500px) 100vw, 1500px\" \/><\/figure>\n<\/div>\n\n\n\n<div class=\"wp-block-column is-vertically-aligned-center is-layout-flow wp-block-column-is-layout-flow\">\n<h2 class=\"wp-block-heading\" id=\"h-helpot-ja-hauskat-synttarijuhlat\"><strong>Helpot ja hauskat syntt\u00e4rijuhlat!<\/strong><br><\/h2>\n\n\n\n<p>Varaa yksityinen syntt\u00e4ritila ja viet\u00e4 hauskat juhlat ennen elokuvan alkua! Syntym\u00e4p\u00e4iv\u00e4pakettiimme sis\u00e4ltyy:<\/p>\n\n\n\n<ul class=\"wp-block-list\">\n<li>Syntt\u00e4rihuoneen k\u00e4ytt\u00f6; kaksi tuntia ennen elokuvaa<\/li>\n\n\n\n<li>Juhlatila koristeltuna<\/li>\n\n\n\n<li>Hampurilaisateria jokaiselle lapselle<\/li>\n\n\n\n<li>Elokuva valitussa n\u00e4yt\u00f6ksess\u00e4 Levi Summit Cinemassa<\/li>\n\n\n\n<li>Leffaherkut (popcornit ja irtokarkit)<\/li>\n<\/ul>\n\n\n\n<div style=\"height:25px\" aria-hidden=\"true\" class=\"wp-block-spacer\"><\/div>\n\n\n\n<p class=\"has-text-align-center has-x-large-font-size\"><strong>30 \u20ac  \/ lapsi<\/strong><\/p>\n\n\n\n<div style=\"height:25px\" aria-hidden=\"true\" class=\"wp-block-spacer\"><\/div>\n\n\n\n<p>Syntym\u00e4p\u00e4iv\u00e4kakun voit tilata suoraan yhteisty\u00f6kumppaneidemme kautta <\/p>\n\n\n\n<ul class=\"wp-block-list\">\n<li>Kakkuatelier Pelagia <a href=\"mailto:kakkuatelier.pelagia@gmail.com\" target=\"_blank\" rel=\"noreferrer noopener\">kakkuatelier.pelagia@gmail.com<\/a><\/li>\n\n\n\n<li>Ennunkaakut <a href=\"mailto:ennunkaakut@gmail.com\">ennunkaakut@gmail.com<\/a>  <\/li>\n<\/ul>\n\n\n\n<p>Voit my\u00f6s tuoda oman kakun juhliin.<\/p>\n\n\n\n<p><br><em>Minimim\u00e4\u00e4r\u00e4 juhlijoita on 5 lasta. Tilaisuuden aikana syntt\u00e4rihuoneessa tulee olla nimetty vastuuhenkil\u00f6, joka huolehtii juhlijoiden turvallisuudesta ja valvonnasta. Valittu elokuva tulee olla ik\u00e4rajaltaan sopiva kaikille juhlijoille. Ik\u00e4rajat perustuvat virallisiin luokituksiin, ja niiden noudattaminen on tilaisuuden vastuuhenkil\u00f6n vastuulla. Huomioithan, ett\u00e4 syntt\u00e4rihuone ei ole en\u00e4\u00e4 k\u00e4ytett\u00e4viss\u00e4 elokuvan j\u00e4lkeen. <\/em><\/p>\n<\/div>\n<\/div>\n<\/div>\n\n\n\n<div class=\"wp-block-group alignfull is-layout-constrained wp-container-core-group-is-layout-12843e03 wp-block-group-is-layout-constrained\" style=\"margin-top:0;margin-bottom:0;padding-top:var(--wp--preset--spacing--60);padding-right:var(--wp--preset--spacing--40);padding-bottom:var(--wp--preset--spacing--50);padding-left:var(--wp--preset--spacing--40)\">\n<div class=\"wp-block-columns are-vertically-aligned-center is-layout-flex wp-container-core-columns-is-layout-28f84493 wp-block-columns-is-layout-flex\">\n<div class=\"wp-block-column is-vertically-aligned-center is-layout-flow wp-block-column-is-layout-flow\">\n<h2 class=\"wp-block-heading\" id=\"h-tutustu-elokuvaohjelmistoomme\"><strong>Tutustu elokuvaohjelmistoomme<\/strong><\/h2>\n\n\n\n<p>Tutustu elokuvaohjelmistoomme! Etk\u00f6 l\u00f6yd\u00e4 sopivaa ajankohtaa tai elokuvaa? Kysy meilt\u00e4 lis\u00e4\u00e4 yksityisn\u00e4yt\u00f6ksist\u00e4! <\/p>\n\n\n\n<p><a href=\"https:\/\/www.kassiopeia.fi\/levi-summit\/cinema\/\">Levi Summit Cinemat elokuvat<\/a><\/p>\n<\/div>\n\n\n\n<div class=\"wp-block-column is-vertically-aligned-center is-layout-flow wp-block-column-is-layout-flow\">\n<figure class=\"wp-block-image size-full\"><img loading=\"lazy\" decoding=\"async\" width=\"1920\" height=\"620\" src=\"https:\/\/www.kassiopeia.fi\/levi-summit\/wp-content\/uploads\/sites\/5\/2025\/05\/cinema-levi-summit-teema.jpg\" alt=\"&quot;&quot;\" class=\"wp-image-640\" srcset=\"https:\/\/www.kassiopeia.fi\/levi-summit\/wp-content\/uploads\/sites\/5\/2025\/05\/cinema-levi-summit-teema.jpg 1920w, https:\/\/www.kassiopeia.fi\/levi-summit\/wp-content\/uploads\/sites\/5\/2025\/05\/cinema-levi-summit-teema-300x97.jpg 300w, https:\/\/www.kassiopeia.fi\/levi-summit\/wp-content\/uploads\/sites\/5\/2025\/05\/cinema-levi-summit-teema-1024x331.jpg 1024w, https:\/\/www.kassiopeia.fi\/levi-summit\/wp-content\/uploads\/sites\/5\/2025\/05\/cinema-levi-summit-teema-768x248.jpg 768w, https:\/\/www.kassiopeia.fi\/levi-summit\/wp-content\/uploads\/sites\/5\/2025\/05\/cinema-levi-summit-teema-1536x496.jpg 1536w\" sizes=\"auto, (max-width: 1920px) 100vw, 1920px\" \/><\/figure>\n<\/div>\n<\/div>\n<\/div>\n\n\n\n<div class=\"wp-block-group alignfull has-background is-layout-constrained wp-container-core-group-is-layout-bdbbb34e wp-block-group-is-layout-constrained\" style=\"background-color:#f7f7f7;padding-top:var(--wp--preset--spacing--60);padding-right:var(--wp--preset--spacing--40);padding-bottom:var(--wp--preset--spacing--70);padding-left:var(--wp--preset--spacing--40)\">\n<h2 class=\"wp-block-heading has-text-align-center\" id=\"h-varaa-nyt\">Varaa nyt!<\/h2>\n\n\n\n<div class=\"wp-block-columns is-layout-flex wp-container-core-columns-is-layout-28f84493 wp-block-columns-is-layout-flex\">\n<div class=\"wp-block-column is-layout-flow wp-block-column-is-layout-flow\">\n<p class=\"has-text-align-center\">Lasten syntym\u00e4p\u00e4ivien j\u00e4rjest\u00e4minen meill\u00e4 on helppoa!  Ota yhteytt\u00e4 <em>\u2013<\/em> j\u00e4rjestet\u00e4\u00e4n teille ikimuistoiset syntym\u00e4p\u00e4iv\u00e4t!<\/p>\n\n\n\n\n<style>\n    #wp-block-acf-tietokentat-649216360 p {\n        margin: 0px;\n        margin-bottom: 9px;\n        <br \/>\n<b>Warning<\/b>:  Undefined variable $textAlign in <b>\/var\/www\/kassiopeia.fi\/git-repo\/kassiopeia\/kassiopeia-custom-blocks\/blocks\/tietokentat\/block.php<\/b> on line <b>74<\/b><br \/>\n    }\n<\/style>\n\n<div class=\"align wp-block-acf-tietokentat has-text-color has-black-color\" id=\"wp-block-acf-tietokentat-649216360\"><p style=\"text-align: center;\"><strong>Myyntipalvelu<\/strong><\/p>\n<p style=\"text-align: center;\"><a href=\"mailto:sales@kassiopeia.fi\" target=\"_blank\" rel=\"noreferrer noopener\">sales@kassiopeia.fi<\/a><br \/>\nPuh. +358 40 456 2059<br \/>\n(Palvelemme ma\u2013pe klo 9\u201316)<\/p>\n<\/div>\n<\/div>\n<\/div>\n<\/div>\n\n\n\n<figure class=\"wp-block-gallery has-nested-images columns-default is-cropped wp-block-gallery-2 is-layout-flex wp-block-gallery-is-layout-flex\">\n<figure class=\"wp-block-image size-large\"><img loading=\"lazy\" decoding=\"async\" width=\"1024\" height=\"1024\" data-id=\"2704\" src=\"https:\/\/www.kassiopeia.fi\/levi-summit\/wp-content\/uploads\/sites\/5\/2025\/11\/synttarihuone-4-1024x1024.jpg\" alt=\"\" class=\"wp-image-2704\" srcset=\"https:\/\/www.kassiopeia.fi\/levi-summit\/wp-content\/uploads\/sites\/5\/2025\/11\/synttarihuone-4-1024x1024.jpg 1024w, https:\/\/www.kassiopeia.fi\/levi-summit\/wp-content\/uploads\/sites\/5\/2025\/11\/synttarihuone-4-300x300.jpg 300w, https:\/\/www.kassiopeia.fi\/levi-summit\/wp-content\/uploads\/sites\/5\/2025\/11\/synttarihuone-4-150x150.jpg 150w, https:\/\/www.kassiopeia.fi\/levi-summit\/wp-content\/uploads\/sites\/5\/2025\/11\/synttarihuone-4-768x768.jpg 768w, https:\/\/www.kassiopeia.fi\/levi-summit\/wp-content\/uploads\/sites\/5\/2025\/11\/synttarihuone-4.jpg 1500w\" sizes=\"auto, (max-width: 1024px) 100vw, 1024px\" \/><\/figure>\n\n\n\n<figure class=\"wp-block-image size-large\"><img loading=\"lazy\" decoding=\"async\" width=\"1024\" height=\"1024\" data-id=\"2703\" src=\"https:\/\/www.kassiopeia.fi\/levi-summit\/wp-content\/uploads\/sites\/5\/2025\/11\/synttarihuone-5-1024x1024.jpg\" alt=\"\" class=\"wp-image-2703\" srcset=\"https:\/\/www.kassiopeia.fi\/levi-summit\/wp-content\/uploads\/sites\/5\/2025\/11\/synttarihuone-5-1024x1024.jpg 1024w, https:\/\/www.kassiopeia.fi\/levi-summit\/wp-content\/uploads\/sites\/5\/2025\/11\/synttarihuone-5-300x300.jpg 300w, https:\/\/www.kassiopeia.fi\/levi-summit\/wp-content\/uploads\/sites\/5\/2025\/11\/synttarihuone-5-150x150.jpg 150w, https:\/\/www.kassiopeia.fi\/levi-summit\/wp-content\/uploads\/sites\/5\/2025\/11\/synttarihuone-5-768x768.jpg 768w, https:\/\/www.kassiopeia.fi\/levi-summit\/wp-content\/uploads\/sites\/5\/2025\/11\/synttarihuone-5.jpg 1500w\" sizes=\"auto, (max-width: 1024px) 100vw, 1024px\" \/><\/figure>\n\n\n\n<figure class=\"wp-block-image size-large\"><img loading=\"lazy\" decoding=\"async\" width=\"1024\" height=\"1024\" data-id=\"2702\" src=\"https:\/\/www.kassiopeia.fi\/levi-summit\/wp-content\/uploads\/sites\/5\/2025\/11\/synttarihuone-3-1024x1024.jpg\" alt=\"\" class=\"wp-image-2702\" srcset=\"https:\/\/www.kassiopeia.fi\/levi-summit\/wp-content\/uploads\/sites\/5\/2025\/11\/synttarihuone-3-1024x1024.jpg 1024w, https:\/\/www.kassiopeia.fi\/levi-summit\/wp-content\/uploads\/sites\/5\/2025\/11\/synttarihuone-3-300x300.jpg 300w, https:\/\/www.kassiopeia.fi\/levi-summit\/wp-content\/uploads\/sites\/5\/2025\/11\/synttarihuone-3-150x150.jpg 150w, https:\/\/www.kassiopeia.fi\/levi-summit\/wp-content\/uploads\/sites\/5\/2025\/11\/synttarihuone-3-768x768.jpg 768w, https:\/\/www.kassiopeia.fi\/levi-summit\/wp-content\/uploads\/sites\/5\/2025\/11\/synttarihuone-3.jpg 1500w\" sizes=\"auto, (max-width: 1024px) 100vw, 1024px\" \/><\/figure>\n<\/figure>\n","protected":false},"excerpt":{"rendered":"<p>Levi Summitin syntt\u00e4rihuone Levi Summitin syntt\u00e4rihuone tekee juhlap\u00e4iv\u00e4st\u00e4 ikimuistoisen! Helpot ja hauskat syntt\u00e4rijuhlat! Varaa yksityinen syntt\u00e4ritila ja viet\u00e4 hauskat juhlat ennen elokuvan alkua! Syntym\u00e4p\u00e4iv\u00e4pakettiimme sis\u00e4ltyy: 30 \u20ac \/ lapsi Syntym\u00e4p\u00e4iv\u00e4kakun voit tilata suoraan yhteisty\u00f6kumppaneidemme kautta Voit my\u00f6s tuoda oman kakun juhliin. Minimim\u00e4\u00e4r\u00e4 juhlijoita on 5 lasta. Tilaisuuden aikana syntt\u00e4rihuoneessa tulee olla nimetty vastuuhenkil\u00f6, joka huolehtii [&hellip;]<\/p>\n","protected":false},"author":8,"featured_media":0,"parent":0,"menu_order":0,"comment_status":"closed","ping_status":"closed","template":"","meta":{"_acf_changed":false,"footnotes":""},"class_list":["post-2699","page","type-page","status-publish","hentry"],"acf":[],"yoast_head":"<!-- This site is optimized with the Yoast SEO Premium plugin v27.2 (Yoast SEO v27.2) - https:\/\/yoast.com\/product\/yoast-seo-premium-wordpress\/ -->\n<title>Syntt\u00e4rihuone - Levi Summit<\/title>\n<meta name=\"description\" content=\"Varaa yksityinen syntt\u00e4ritila ja viet\u00e4 hauskat juhlat ennen elokuvan alkua! Tutustu lasten syntt\u00e4ripakettiimme!\" \/>\n<meta name=\"robots\" content=\"index, follow, max-snippet:-1, max-image-preview:large, max-video-preview:-1\" \/>\n<link rel=\"canonical\" href=\"https:\/\/www.kassiopeia.fi\/levi-summit\/synttarihuone\/\" \/>\n<meta property=\"og:locale\" content=\"fi_FI\" \/>\n<meta property=\"og:type\" content=\"article\" \/>\n<meta property=\"og:title\" content=\"Syntt\u00e4rihuone\" \/>\n<meta property=\"og:description\" content=\"Varaa yksityinen syntt\u00e4ritila ja viet\u00e4 hauskat juhlat ennen elokuvan alkua! Tutustu lasten syntt\u00e4ripakettiimme!\" \/>\n<meta property=\"og:url\" content=\"https:\/\/www.kassiopeia.fi\/levi-summit\/synttarihuone\/\" \/>\n<meta property=\"og:site_name\" content=\"Levi Summit\" \/>\n<meta property=\"article:publisher\" content=\"https:\/\/www.facebook.com\/LeviSummitEventCenter\/\" \/>\n<meta property=\"article:modified_time\" content=\"2026-02-24T07:47:16+00:00\" \/>\n<meta property=\"og:image\" content=\"https:\/\/www.kassiopeia.fi\/levi-summit\/wp-content\/uploads\/sites\/5\/2025\/11\/Children_Enjoying_Birthday_Dinner-2.jpg\" \/>\n\t<meta property=\"og:image:width\" content=\"1500\" \/>\n\t<meta property=\"og:image:height\" content=\"1639\" \/>\n\t<meta property=\"og:image:type\" content=\"image\/jpeg\" \/>\n<meta name=\"twitter:card\" content=\"summary_large_image\" \/>\n<meta name=\"twitter:label1\" content=\"Arvioitu lukuaika\" \/>\n\t<meta name=\"twitter:data1\" content=\"2 minuuttia\" \/>\n<script type=\"application\/ld+json\" class=\"yoast-schema-graph\">{\"@context\":\"https:\/\/schema.org\",\"@graph\":[{\"@type\":\"WebPage\",\"@id\":\"https:\/\/www.kassiopeia.fi\/levi-summit\/synttarihuone\/\",\"url\":\"https:\/\/www.kassiopeia.fi\/levi-summit\/synttarihuone\/\",\"name\":\"Syntt\u00e4rihuone - Levi Summit\",\"isPartOf\":{\"@id\":\"https:\/\/www.kassiopeia.fi\/levi-summit\/#website\"},\"primaryImageOfPage\":{\"@id\":\"https:\/\/www.kassiopeia.fi\/levi-summit\/synttarihuone\/#primaryimage\"},\"image\":{\"@id\":\"https:\/\/www.kassiopeia.fi\/levi-summit\/synttarihuone\/#primaryimage\"},\"thumbnailUrl\":\"https:\/\/www.kassiopeia.fi\/levi-summit\/wp-content\/uploads\/sites\/5\/2025\/11\/Children_Enjoying_Birthday_Dinner-2.jpg\",\"datePublished\":\"2025-11-18T13:04:18+00:00\",\"dateModified\":\"2026-02-24T07:47:16+00:00\",\"description\":\"Varaa yksityinen syntt\u00e4ritila ja viet\u00e4 hauskat juhlat ennen elokuvan alkua! Tutustu lasten syntt\u00e4ripakettiimme!\",\"breadcrumb\":{\"@id\":\"https:\/\/www.kassiopeia.fi\/levi-summit\/synttarihuone\/#breadcrumb\"},\"inLanguage\":\"fi\",\"potentialAction\":[{\"@type\":\"ReadAction\",\"target\":[\"https:\/\/www.kassiopeia.fi\/levi-summit\/synttarihuone\/\"]}]},{\"@type\":\"ImageObject\",\"inLanguage\":\"fi\",\"@id\":\"https:\/\/www.kassiopeia.fi\/levi-summit\/synttarihuone\/#primaryimage\",\"url\":\"https:\/\/www.kassiopeia.fi\/levi-summit\/wp-content\/uploads\/sites\/5\/2025\/11\/Children_Enjoying_Birthday_Dinner-2.jpg\",\"contentUrl\":\"https:\/\/www.kassiopeia.fi\/levi-summit\/wp-content\/uploads\/sites\/5\/2025\/11\/Children_Enjoying_Birthday_Dinner-2.jpg\",\"width\":1500,\"height\":1639},{\"@type\":\"BreadcrumbList\",\"@id\":\"https:\/\/www.kassiopeia.fi\/levi-summit\/synttarihuone\/#breadcrumb\",\"itemListElement\":[{\"@type\":\"ListItem\",\"position\":1,\"name\":\"Etusivu\",\"item\":\"https:\/\/www.kassiopeia.fi\/levi-summit\/\"},{\"@type\":\"ListItem\",\"position\":2,\"name\":\"Syntt\u00e4rihuone\"}]},{\"@type\":\"WebSite\",\"@id\":\"https:\/\/www.kassiopeia.fi\/levi-summit\/#website\",\"url\":\"https:\/\/www.kassiopeia.fi\/levi-summit\/\",\"name\":\"Levi Summit\",\"description\":\"\",\"potentialAction\":[{\"@type\":\"SearchAction\",\"target\":{\"@type\":\"EntryPoint\",\"urlTemplate\":\"https:\/\/www.kassiopeia.fi\/levi-summit\/?s={search_term_string}\"},\"query-input\":{\"@type\":\"PropertyValueSpecification\",\"valueRequired\":true,\"valueName\":\"search_term_string\"}}],\"inLanguage\":\"fi\"}]}<\/script>\n<!-- \/ Yoast SEO Premium plugin. -->","yoast_head_json":{"title":"Syntt\u00e4rihuone - Levi Summit","description":"Varaa yksityinen syntt\u00e4ritila ja viet\u00e4 hauskat juhlat ennen elokuvan alkua! Tutustu lasten syntt\u00e4ripakettiimme!","robots":{"index":"index","follow":"follow","max-snippet":"max-snippet:-1","max-image-preview":"max-image-preview:large","max-video-preview":"max-video-preview:-1"},"canonical":"https:\/\/www.kassiopeia.fi\/levi-summit\/synttarihuone\/","og_locale":"fi_FI","og_type":"article","og_title":"Syntt\u00e4rihuone","og_description":"Varaa yksityinen syntt\u00e4ritila ja viet\u00e4 hauskat juhlat ennen elokuvan alkua! Tutustu lasten syntt\u00e4ripakettiimme!","og_url":"https:\/\/www.kassiopeia.fi\/levi-summit\/synttarihuone\/","og_site_name":"Levi Summit","article_publisher":"https:\/\/www.facebook.com\/LeviSummitEventCenter\/","article_modified_time":"2026-02-24T07:47:16+00:00","og_image":[{"width":1500,"height":1639,"url":"https:\/\/www.kassiopeia.fi\/levi-summit\/wp-content\/uploads\/sites\/5\/2025\/11\/Children_Enjoying_Birthday_Dinner-2.jpg","type":"image\/jpeg"}],"twitter_card":"summary_large_image","twitter_misc":{"Arvioitu lukuaika":"2 minuuttia"},"schema":{"@context":"https:\/\/schema.org","@graph":[{"@type":"WebPage","@id":"https:\/\/www.kassiopeia.fi\/levi-summit\/synttarihuone\/","url":"https:\/\/www.kassiopeia.fi\/levi-summit\/synttarihuone\/","name":"Syntt\u00e4rihuone - Levi Summit","isPartOf":{"@id":"https:\/\/www.kassiopeia.fi\/levi-summit\/#website"},"primaryImageOfPage":{"@id":"https:\/\/www.kassiopeia.fi\/levi-summit\/synttarihuone\/#primaryimage"},"image":{"@id":"https:\/\/www.kassiopeia.fi\/levi-summit\/synttarihuone\/#primaryimage"},"thumbnailUrl":"https:\/\/www.kassiopeia.fi\/levi-summit\/wp-content\/uploads\/sites\/5\/2025\/11\/Children_Enjoying_Birthday_Dinner-2.jpg","datePublished":"2025-11-18T13:04:18+00:00","dateModified":"2026-02-24T07:47:16+00:00","description":"Varaa yksityinen syntt\u00e4ritila ja viet\u00e4 hauskat juhlat ennen elokuvan alkua! Tutustu lasten syntt\u00e4ripakettiimme!","breadcrumb":{"@id":"https:\/\/www.kassiopeia.fi\/levi-summit\/synttarihuone\/#breadcrumb"},"inLanguage":"fi","potentialAction":[{"@type":"ReadAction","target":["https:\/\/www.kassiopeia.fi\/levi-summit\/synttarihuone\/"]}]},{"@type":"ImageObject","inLanguage":"fi","@id":"https:\/\/www.kassiopeia.fi\/levi-summit\/synttarihuone\/#primaryimage","url":"https:\/\/www.kassiopeia.fi\/levi-summit\/wp-content\/uploads\/sites\/5\/2025\/11\/Children_Enjoying_Birthday_Dinner-2.jpg","contentUrl":"https:\/\/www.kassiopeia.fi\/levi-summit\/wp-content\/uploads\/sites\/5\/2025\/11\/Children_Enjoying_Birthday_Dinner-2.jpg","width":1500,"height":1639},{"@type":"BreadcrumbList","@id":"https:\/\/www.kassiopeia.fi\/levi-summit\/synttarihuone\/#breadcrumb","itemListElement":[{"@type":"ListItem","position":1,"name":"Etusivu","item":"https:\/\/www.kassiopeia.fi\/levi-summit\/"},{"@type":"ListItem","position":2,"name":"Syntt\u00e4rihuone"}]},{"@type":"WebSite","@id":"https:\/\/www.kassiopeia.fi\/levi-summit\/#website","url":"https:\/\/www.kassiopeia.fi\/levi-summit\/","name":"Levi Summit","description":"","potentialAction":[{"@type":"SearchAction","target":{"@type":"EntryPoint","urlTemplate":"https:\/\/www.kassiopeia.fi\/levi-summit\/?s={search_term_string}"},"query-input":{"@type":"PropertyValueSpecification","valueRequired":true,"valueName":"search_term_string"}}],"inLanguage":"fi"}]}},"lang":"fi","translations":{"fi":2699,"en":3266},"pll_sync_post":[],"_links":{"self":[{"href":"https:\/\/www.kassiopeia.fi\/levi-summit\/wp-json\/wp\/v2\/pages\/2699","targetHints":{"allow":["GET"]}}],"collection":[{"href":"https:\/\/www.kassiopeia.fi\/levi-summit\/wp-json\/wp\/v2\/pages"}],"about":[{"href":"https:\/\/www.kassiopeia.fi\/levi-summit\/wp-json\/wp\/v2\/types\/page"}],"author":[{"embeddable":true,"href":"https:\/\/www.kassiopeia.fi\/levi-summit\/wp-json\/wp\/v2\/users\/8"}],"replies":[{"embeddable":true,"href":"https:\/\/www.kassiopeia.fi\/levi-summit\/wp-json\/wp\/v2\/comments?post=2699"}],"version-history":[{"count":5,"href":"https:\/\/www.kassiopeia.fi\/levi-summit\/wp-json\/wp\/v2\/pages\/2699\/revisions"}],"predecessor-version":[{"id":3238,"href":"https:\/\/www.kassiopeia.fi\/levi-summit\/wp-json\/wp\/v2\/pages\/2699\/revisions\/3238"}],"wp:attachment":[{"href":"https:\/\/www.kassiopeia.fi\/levi-summit\/wp-json\/wp\/v2\/media?parent=2699"}],"curies":[{"name":"wp","href":"https:\/\/api.w.org\/{rel}","templated":true}]}}