{"id":200,"date":"2025-03-12T14:04:21","date_gmt":"2025-03-12T12:04:21","guid":{"rendered":"https:\/\/www.kassiopeia.fi\/levi-summit\/?page_id=200"},"modified":"2025-12-01T15:46:07","modified_gmt":"2025-12-01T13:46:07","slug":"vastuullisuus","status":"publish","type":"page","link":"https:\/\/www.kassiopeia.fi\/levi-summit\/vastuullisuus\/","title":{"rendered":"Vastuullisuus"},"content":{"rendered":"\n<div class=\"wp-block-cover alignfull is-light has-parallax cover-hero wp-duotone-unset-1\" style=\"margin-top:0px;margin-bottom:0px;padding-top:0px;padding-right:0px;padding-bottom:0px;padding-left:0px;min-height:100vh;aspect-ratio:unset;\"><div role=\"img\" aria-label=\"&quot;&quot;\" class=\"wp-block-cover__image-background wp-image-773 size-full has-parallax\" style=\"background-position:50% 50%;background-image:url(https:\/\/www.kassiopeia.fi\/levi-summit\/wp-content\/uploads\/sites\/5\/2025\/07\/kahvila-levi-spiella-cafe.jpg)\"><\/div><span aria-hidden=\"true\" class=\"wp-block-cover__background has-levi-summit-4-background-color has-background-dim-0 has-background-dim\"><\/span><div class=\"wp-block-cover__inner-container is-layout-flow wp-container-core-cover-is-layout-6e17fc20 wp-block-cover-is-layout-flow\">\n<div class=\"wp-block-group is-layout-constrained wp-container-core-group-is-layout-00f579c5 wp-block-group-is-layout-constrained\">\n<h1 class=\"wp-block-heading has-text-align-center has-general-1-color has-text-color has-link-color has-large-font-size wp-elements-0cf344c2efcb6597673067e9b117e259\" id=\"h-\"><\/h1>\n<\/div>\n<\/div><\/div>\n\n\n\n<div class=\"wp-block-group alignfull is-layout-constrained wp-container-core-group-is-layout-12843e03 wp-block-group-is-layout-constrained\" style=\"margin-top:0;margin-bottom:0;padding-top:var(--wp--preset--spacing--60);padding-right:var(--wp--preset--spacing--40);padding-bottom:var(--wp--preset--spacing--50);padding-left:var(--wp--preset--spacing--40)\">\n<div class=\"wp-block-columns are-vertically-aligned-center is-layout-flex wp-container-core-columns-is-layout-28f84493 wp-block-columns-is-layout-flex\">\n<div class=\"wp-block-column is-vertically-aligned-center is-layout-flow wp-block-column-is-layout-flow\" style=\"flex-basis:55%\">\n<h1 class=\"wp-block-heading\" id=\"h-vastuullisuus\">Vastuullisuus<\/h1>\n\n\n\n<p>Kongressikeskus Levi Summitille on my\u00f6nnetty ymp\u00e4rist\u00f6ty\u00f6st\u00e4 kertova&nbsp;<a href=\"https:\/\/www.kassiopeia.fi\/joutsenmerkki\/\" target=\"_blank\" rel=\"noreferrer noopener\">Joutsenmerkki<\/a> sek\u00e4 STF-merkki (Sustainable Travel Finland). Joutsenmerkin my\u00f6nt\u00e4\u00e4 <a href=\"https:\/\/joutsenmerkki.fi\/\" target=\"_blank\" rel=\"noreferrer noopener\">Ymp\u00e4rist\u00f6merkint\u00e4 Suomi Oy<\/a> ja STF-merkin my\u00f6nt\u00e4\u00e4 <a href=\"https:\/\/www.visitfinland.com\/en\/practical-tips\/sustainability\/\" target=\"_blank\" rel=\"noreferrer noopener nofollow\">Visit Finland.<\/a><\/p>\n\n\n\n<p>Kongressikeskus Levi Summit kuuluu kotimaiseen Kassiopeia Hotels &amp; Restaurants -yrityksiin. Lue lis\u00e4\u00e4 vastuullisuusty\u00f6st\u00e4mme <a href=\"http:\/\/www.kassiopeia.fi\/vastuullisuus\/?_gl=1*1y42dbg*_gcl_au*MTkyODYwMDY5MC4xNzA1MDY3MDUw\" target=\"_blank\" rel=\"noreferrer noopener\">Kassiopeia Hotels &amp; Restaurantsin sivulta<\/a>.<\/p>\n<\/div>\n\n\n\n<div class=\"wp-block-column is-vertically-aligned-center is-layout-flow wp-block-column-is-layout-flow\" style=\"flex-basis:45%\">\n<figure class=\"wp-block-image size-full\"><img loading=\"lazy\" decoding=\"async\" width=\"592\" height=\"614\" src=\"https:\/\/www.kassiopeia.fi\/levi-summit\/wp-content\/uploads\/sites\/5\/2025\/05\/joutsenmerkki-stf.png\" alt=\"&quot;&quot;\" class=\"wp-image-440\" srcset=\"https:\/\/www.kassiopeia.fi\/levi-summit\/wp-content\/uploads\/sites\/5\/2025\/05\/joutsenmerkki-stf.png 592w, https:\/\/www.kassiopeia.fi\/levi-summit\/wp-content\/uploads\/sites\/5\/2025\/05\/joutsenmerkki-stf-289x300.png 289w\" sizes=\"auto, (max-width: 592px) 100vw, 592px\" \/><\/figure>\n<\/div>\n<\/div>\n<\/div>\n\n\n\n<div class=\"wp-block-group alignfull is-layout-constrained wp-container-core-group-is-layout-12843e03 wp-block-group-is-layout-constrained\" id=\"joutsenmerkki\" style=\"margin-top:0;margin-bottom:0;padding-top:var(--wp--preset--spacing--60);padding-right:var(--wp--preset--spacing--40);padding-bottom:var(--wp--preset--spacing--50);padding-left:var(--wp--preset--spacing--40)\">\n<div class=\"wp-block-columns are-vertically-aligned-center is-layout-flex wp-container-core-columns-is-layout-28f84493 wp-block-columns-is-layout-flex\">\n<div class=\"wp-block-column is-vertically-aligned-center is-layout-flow wp-block-column-is-layout-flow\" style=\"flex-basis:45%\">\n<h2 class=\"wp-block-heading has-text-align-left\" id=\"h-olemme-stf-ja-joutsenmerkitty-kongressikeskus\">Olemme STF- ja Joutsenmerkitty kongressikeskus<\/h2>\n\n\n\n<h3 class=\"wp-block-heading\" id=\"h-levi-summitissa-toimimme-ymparistoa-kunnioittaen\"><strong>Levi Summitissa toimimme ymp\u00e4rist\u00f6\u00e4 kunnioittaen<\/strong><\/h3>\n\n\n\n<ul class=\"wp-block-list\">\n<li>henkil\u00f6kuntaa koulutetaan ymp\u00e4rist\u00f6asioista<\/li>\n\n\n\n<li>j\u00e4tteet lajitellaan ja niiden m\u00e4\u00e4r\u00e4\u00e4 v\u00e4hennet\u00e4\u00e4n<\/li>\n\n\n\n<li>tarjoilemme kasvisruokaa ja luomua<\/li>\n\n\n\n<li>kertak\u00e4ytt\u00f6astiat on kielletty<\/li>\n\n\n\n<li>hankinnoissa suositaan ymp\u00e4rist\u00f6merkittyj\u00e4 tuotteita ja palveluita<\/li>\n\n\n\n<li>kongressikeskuksella on alhainen energian- ja vedenkulutus<\/li>\n<\/ul>\n<\/div>\n\n\n\n<div class=\"wp-block-column is-vertically-aligned-center is-layout-flow wp-block-column-is-layout-flow\" style=\"flex-basis:55%\">\n<figure class=\"wp-block-image size-full\"><img loading=\"lazy\" decoding=\"async\" width=\"1024\" height=\"683\" src=\"https:\/\/www.kassiopeia.fi\/levi-summit\/wp-content\/uploads\/sites\/5\/2025\/02\/levisummit-kokoukset-ja-juhlat.jpg\" alt=\"Levi Summitin tarjoilija tuo virvokkeita palaverissa oleville henkil\u00f6ille.\" class=\"wp-image-13\" srcset=\"https:\/\/www.kassiopeia.fi\/levi-summit\/wp-content\/uploads\/sites\/5\/2025\/02\/levisummit-kokoukset-ja-juhlat.jpg 1024w, https:\/\/www.kassiopeia.fi\/levi-summit\/wp-content\/uploads\/sites\/5\/2025\/02\/levisummit-kokoukset-ja-juhlat-300x200.jpg 300w, https:\/\/www.kassiopeia.fi\/levi-summit\/wp-content\/uploads\/sites\/5\/2025\/02\/levisummit-kokoukset-ja-juhlat-768x512.jpg 768w\" sizes=\"auto, (max-width: 1024px) 100vw, 1024px\" \/><\/figure>\n<\/div>\n<\/div>\n<\/div>\n\n\n\n<div class=\"wp-block-group alignfull is-layout-constrained wp-container-core-group-is-layout-12843e03 wp-block-group-is-layout-constrained\" id=\"vinkkeja-vastuulliseen-tapahtumavierailuun\" style=\"margin-top:0;margin-bottom:0;padding-top:var(--wp--preset--spacing--60);padding-right:var(--wp--preset--spacing--40);padding-bottom:var(--wp--preset--spacing--50);padding-left:var(--wp--preset--spacing--40)\">\n<div class=\"wp-block-columns are-vertically-aligned-top is-layout-flex wp-container-core-columns-is-layout-28f84493 wp-block-columns-is-layout-flex\">\n<div class=\"wp-block-column is-vertically-aligned-top is-layout-flow wp-block-column-is-layout-flow\" style=\"flex-basis:45%\">\n<h3 class=\"wp-block-heading has-text-align-left\" id=\"h-vinkkeja-vastuulliseen-tapahtumavierailuun\"><strong>Vinkkej\u00e4 vastuulliseen tapahtumavierailuun<\/strong><\/h3>\n\n\n\n<h4 class=\"wp-block-heading\" id=\"h-anna-palautetta\">Anna palautetta<\/h4>\n\n\n\n<p>Kerro meille, miten tapahtumavierailusi sujui ja onko jotain, miss\u00e4 pystyisimme vastuullisuusasioissa viel\u00e4 parantamaan.<\/p>\n\n\n\n<h4 class=\"wp-block-heading\" id=\"h-ruoka\">Ruoka<\/h4>\n\n\n\n<p>Meill\u00e4 tarjoillaan kest\u00e4v\u00e4mp\u00e4\u00e4 ruokaa, kuten luomua ja kasvisruokaa. V\u00e4lt\u00e4th\u00e4n ruokah\u00e4vikki\u00e4 ottamalla lautaselle vain sen verran kuin jaksat sy\u00f6d\u00e4.<\/p>\n\n\n\n<h3 class=\"wp-block-heading\" id=\"h-kierratys\"><strong>Kierr\u00e4tys<\/strong><\/h3>\n\n\n\n<p>Huomasit varmaankin, ett\u00e4 tapahtumapaikalta l\u00f6ytyy lajittelupisteet. Muistathan siis lajitella j\u00e4tteesi oikein ja v\u00e4ltt\u00e4\u00e4 turhaa kulutusta.<\/p>\n\n\n\n<h3 class=\"wp-block-heading\" id=\"h-majoitus\"><strong>Majoitus<\/strong><\/h3>\n\n\n\n<p>Suosi ymp\u00e4rist\u00f6merkittyj\u00e4 hotelleja valitessasi majoitusta tapahtuman ajaksi. Niiss\u00e4 ymp\u00e4rist\u00f6 on huomioitu kokonaisvaltaisesti. Kassiopeian Levin hotellit <a href=\"https:\/\/levipanorama.fi\/\" target=\"_blank\" rel=\"noreferrer noopener\">Hotel Levi Panorama<\/a> sek\u00e4 <a href=\"https:\/\/www.k5levi.fi\/\" target=\"_blank\" rel=\"noreferrer noopener\">Hotel K5 Levi<\/a> ovat Joutsemerkittyj\u00e4 ja STF ymp\u00e4rist\u00f6merkittyj\u00e4 hotelleja.\u00a0<\/p>\n\n\n\n<h3 class=\"wp-block-heading\" id=\"h-tiedosta\"><strong>Tiedosta<\/strong><\/h3>\n\n\n\n<p>T\u00e4m\u00e4 kongressikeskus on Joutsenmerkitty. Se tarkoittaa muun muassa, ett\u00e4 energiankulutusta v\u00e4hennet\u00e4\u00e4n, tarjolla on kest\u00e4v\u00e4mp\u00e4\u00e4 ruokaa ja tilat on siivottu ymp\u00e4rist\u00f6merkitysti. Teeth\u00e4n my\u00f6s oman osasi huomioimalla ymp\u00e4rist\u00f6n kongressikeskuksessa.<\/p>\n<\/div>\n\n\n\n<div class=\"wp-block-column is-vertically-aligned-top is-layout-flow wp-block-column-is-layout-flow\" style=\"flex-basis:55%\">\n<figure class=\"wp-block-image size-full\"><img loading=\"lazy\" decoding=\"async\" width=\"1331\" height=\"2000\" src=\"https:\/\/www.kassiopeia.fi\/levi-summit\/wp-content\/uploads\/sites\/5\/2025\/12\/spiella-ruoka-annos_2.jpg\" alt=\"&quot;&quot;\" class=\"wp-image-2865\" srcset=\"https:\/\/www.kassiopeia.fi\/levi-summit\/wp-content\/uploads\/sites\/5\/2025\/12\/spiella-ruoka-annos_2.jpg 1331w, https:\/\/www.kassiopeia.fi\/levi-summit\/wp-content\/uploads\/sites\/5\/2025\/12\/spiella-ruoka-annos_2-200x300.jpg 200w, https:\/\/www.kassiopeia.fi\/levi-summit\/wp-content\/uploads\/sites\/5\/2025\/12\/spiella-ruoka-annos_2-681x1024.jpg 681w, https:\/\/www.kassiopeia.fi\/levi-summit\/wp-content\/uploads\/sites\/5\/2025\/12\/spiella-ruoka-annos_2-768x1154.jpg 768w, https:\/\/www.kassiopeia.fi\/levi-summit\/wp-content\/uploads\/sites\/5\/2025\/12\/spiella-ruoka-annos_2-1022x1536.jpg 1022w\" sizes=\"auto, (max-width: 1331px) 100vw, 1331px\" \/><\/figure>\n<\/div>\n<\/div>\n<\/div>\n\n\n\n<div class=\"wp-block-group alignfull is-layout-constrained wp-container-core-group-is-layout-12843e03 wp-block-group-is-layout-constrained\" id=\"vinkkeja-vastuulliselle-tapahtumajarjestajalle\" style=\"margin-top:0;margin-bottom:0;padding-top:var(--wp--preset--spacing--60);padding-right:var(--wp--preset--spacing--40);padding-bottom:var(--wp--preset--spacing--50);padding-left:var(--wp--preset--spacing--40)\">\n<div class=\"wp-block-columns are-vertically-aligned-top is-layout-flex wp-container-core-columns-is-layout-28f84493 wp-block-columns-is-layout-flex\">\n<div class=\"wp-block-column is-vertically-aligned-top is-layout-flow wp-block-column-is-layout-flow\" style=\"flex-basis:45%\">\n<h2 class=\"wp-block-heading has-text-align-left\" id=\"h-vinkkeja-vastuulliselle-kokousjarjestajalle\">Vinkkej\u00e4 vastuulliselle kokousj\u00e4rjest\u00e4j\u00e4lle<\/h2>\n\n\n\n<h3 class=\"wp-block-heading\" id=\"h-kulutus\"><strong>Kulutus<\/strong><\/h3>\n\n\n\n<p>Harkitse kulutusta esimerkiksi v\u00e4hent\u00e4m\u00e4ll\u00e4 turhaa paperin k\u00e4ytt\u00e4mist\u00e4.<\/p>\n\n\n\n<h3 class=\"wp-block-heading\" id=\"h-tarjoilut\"><strong>Tarjoilut<\/strong><\/h3>\n\n\n\n<p>Huomioi kest\u00e4v\u00e4mpi ruoka my\u00f6s tarjoiluissa ja suosi kasvisruokaa. Ilmoitathan catering-palvelulle my\u00f6s tarkan osallistujam\u00e4\u00e4r\u00e4n, jotta h\u00e4vikin m\u00e4\u00e4r\u00e4\u00e4 pystyt\u00e4\u00e4n ehk\u00e4isem\u00e4\u00e4n.<\/p>\n\n\n\n<h3 class=\"wp-block-heading\" id=\"h-majoitus-0\"><strong>Majoitus<\/strong><\/h3>\n\n\n\n<p>Jos j\u00e4rjest\u00e4t osallistujille majoitusta, suosi ymp\u00e4rist\u00f6merkittyj\u00e4 vaihtoehtoja. Joutsenmerkki takaa, ett\u00e4 hotelleissa ymp\u00e4rist\u00f6 huomioidaan kokonaisvaltaisesti. Kassiopeian Levin hotelleille, <a href=\"https:\/\/levipanorama.fi\/\" target=\"_blank\" rel=\"noreferrer noopener\">Hotel Levi Panoramalle<\/a>\u00a0sek\u00e4\u00a0<a href=\"https:\/\/www.k5levi.fi\/\" target=\"_blank\" rel=\"noreferrer noopener\">Hotel K5 Leville,<\/a>\u00a0on my\u00f6nnetty Joutsenmerkit.\u00a0<\/p>\n\n\n\n<h3 class=\"wp-block-heading\" id=\"h-painotuotteet\"><strong>Painotuotteet<\/strong><\/h3>\n\n\n\n<p>Jos tarvitset tapahtumaasi varten painotuotteita, tilaa ne ymp\u00e4rist\u00f6merkittyin\u00e4. N\u00e4in pienenn\u00e4t painotuotteiden ymp\u00e4rist\u00f6vaikutuksia.<\/p>\n\n\n\n<h3 class=\"wp-block-heading\" id=\"h-ohjeistus\"><strong>Ohjeistus<\/strong><\/h3>\n\n\n\n<p>Kannusta osallistujia etuk\u00e4teen hy\u00f6dynt\u00e4m\u00e4\u00e4n julkista liikennett\u00e4 tai kimppakyytej\u00e4 saapuessaan tapahtumaan.<\/p>\n\n\n\n<h3 class=\"wp-block-heading\" id=\"h-tiedota\"><strong>Tiedota<\/strong><\/h3>\n\n\n\n<p>Ymp\u00e4rist\u00f6asiat on huomioitu kokonaisvaltaisesti k\u00e4ytt\u00e4m\u00e4ss\u00e4nne kongressikeskuksessa. Tiedota tapahtuman ty\u00f6ntekij\u00f6it\u00e4 sek\u00e4 osallistujia tilan Joutsenmerkist\u00e4 ja ota ymp\u00e4rist\u00f6 huomioon kokousta j\u00e4rjest\u00e4ess\u00e4nne.<\/p>\n\n\n\n<div style=\"height:40px\" aria-hidden=\"true\" class=\"wp-block-spacer\"><\/div>\n\n\n\n<p><em>Vinkit vastuulliseen tapahtumavierailuun sek\u00e4 vinkit vastuulliselle kokousj\u00e4rjest\u00e4j\u00e4lle on tehty yhteisty\u00f6ss\u00e4 <a href=\"http:\/\/www.joutsenmerkki.fi\" target=\"_blank\" rel=\"noreferrer noopener\">Joutsenmerkin<\/a> kanssa.<\/em><\/p>\n<\/div>\n\n\n\n<div class=\"wp-block-column is-vertically-aligned-top is-layout-flow wp-block-column-is-layout-flow\" style=\"flex-basis:55%\">\n<figure class=\"wp-block-image size-full\"><img loading=\"lazy\" decoding=\"async\" width=\"1280\" height=\"1871\" src=\"https:\/\/www.kassiopeia.fi\/levi-summit\/wp-content\/uploads\/sites\/5\/2025\/03\/vastuullinen-kokous-levi-summitissa.jpg\" alt=\"Henkil\u00f6it\u00e4 upeiden tunturimaisemien \u00e4\u00e4rell\u00e4 maisemakokoustilassa Levi Summitissa.\" class=\"wp-image-209\" srcset=\"https:\/\/www.kassiopeia.fi\/levi-summit\/wp-content\/uploads\/sites\/5\/2025\/03\/vastuullinen-kokous-levi-summitissa.jpg 1280w, https:\/\/www.kassiopeia.fi\/levi-summit\/wp-content\/uploads\/sites\/5\/2025\/03\/vastuullinen-kokous-levi-summitissa-205x300.jpg 205w, https:\/\/www.kassiopeia.fi\/levi-summit\/wp-content\/uploads\/sites\/5\/2025\/03\/vastuullinen-kokous-levi-summitissa-701x1024.jpg 701w, https:\/\/www.kassiopeia.fi\/levi-summit\/wp-content\/uploads\/sites\/5\/2025\/03\/vastuullinen-kokous-levi-summitissa-768x1123.jpg 768w, https:\/\/www.kassiopeia.fi\/levi-summit\/wp-content\/uploads\/sites\/5\/2025\/03\/vastuullinen-kokous-levi-summitissa-1051x1536.jpg 1051w\" sizes=\"auto, (max-width: 1280px) 100vw, 1280px\" \/><\/figure>\n<\/div>\n<\/div>\n<\/div>\n","protected":false},"excerpt":{"rendered":"<p>Vastuullisuus Kongressikeskus Levi Summitille on my\u00f6nnetty ymp\u00e4rist\u00f6ty\u00f6st\u00e4 kertova&nbsp;Joutsenmerkki sek\u00e4 STF-merkki (Sustainable Travel Finland). Joutsenmerkin my\u00f6nt\u00e4\u00e4 Ymp\u00e4rist\u00f6merkint\u00e4 Suomi Oy ja STF-merkin my\u00f6nt\u00e4\u00e4 Visit Finland. Kongressikeskus Levi Summit kuuluu kotimaiseen Kassiopeia Hotels &amp; Restaurants -yrityksiin. Lue lis\u00e4\u00e4 vastuullisuusty\u00f6st\u00e4mme Kassiopeia Hotels &amp; Restaurantsin sivulta. Olemme STF- ja Joutsenmerkitty kongressikeskus Levi Summitissa toimimme ymp\u00e4rist\u00f6\u00e4 kunnioittaen Vinkkej\u00e4 vastuulliseen tapahtumavierailuun Anna [&hellip;]<\/p>\n","protected":false},"author":4,"featured_media":0,"parent":0,"menu_order":0,"comment_status":"closed","ping_status":"closed","template":"","meta":{"_acf_changed":false,"footnotes":""},"class_list":["post-200","page","type-page","status-publish","hentry"],"acf":[],"yoast_head":"<!-- This site is optimized with the Yoast SEO Premium plugin v27.2 (Yoast SEO v27.2) - https:\/\/yoast.com\/product\/yoast-seo-premium-wordpress\/ -->\n<title>Vastuullisuus - Levi Summit<\/title>\n<meta name=\"description\" content=\"Tapahtumakeskus Levi Summitille on my\u00f6nnetty alkuvuodesta 2024 ymp\u00e4rist\u00f6ty\u00f6st\u00e4 kertova\u00a0Joutsenmerkki. Lue lis\u00e4\u00e4!\" \/>\n<meta name=\"robots\" content=\"index, follow, max-snippet:-1, max-image-preview:large, max-video-preview:-1\" \/>\n<link rel=\"canonical\" href=\"https:\/\/www.kassiopeia.fi\/levi-summit\/vastuullisuus\/\" \/>\n<meta property=\"og:locale\" content=\"fi_FI\" \/>\n<meta property=\"og:type\" content=\"article\" \/>\n<meta property=\"og:title\" content=\"Vastuullisuus\" \/>\n<meta property=\"og:description\" content=\"Tapahtumakeskus Levi Summitille on my\u00f6nnetty alkuvuodesta 2024 ymp\u00e4rist\u00f6ty\u00f6st\u00e4 kertova\u00a0Joutsenmerkki. Lue lis\u00e4\u00e4!\" \/>\n<meta property=\"og:url\" content=\"https:\/\/www.kassiopeia.fi\/levi-summit\/vastuullisuus\/\" \/>\n<meta property=\"og:site_name\" content=\"Levi Summit\" \/>\n<meta property=\"article:publisher\" content=\"https:\/\/www.facebook.com\/LeviSummitEventCenter\/\" \/>\n<meta property=\"article:modified_time\" content=\"2025-12-01T13:46:07+00:00\" \/>\n<meta property=\"og:image\" content=\"https:\/\/www.kassiopeia.fi\/levi-summit\/wp-content\/uploads\/sites\/5\/2025\/05\/joutsenmerkki-stf.png\" \/>\n\t<meta property=\"og:image:width\" content=\"592\" \/>\n\t<meta property=\"og:image:height\" content=\"614\" \/>\n\t<meta property=\"og:image:type\" content=\"image\/png\" \/>\n<meta name=\"twitter:card\" content=\"summary_large_image\" \/>\n<meta name=\"twitter:label1\" content=\"Arvioitu lukuaika\" \/>\n\t<meta name=\"twitter:data1\" content=\"3 minuuttia\" \/>\n<script type=\"application\/ld+json\" class=\"yoast-schema-graph\">{\"@context\":\"https:\/\/schema.org\",\"@graph\":[{\"@type\":\"WebPage\",\"@id\":\"https:\/\/www.kassiopeia.fi\/levi-summit\/vastuullisuus\/\",\"url\":\"https:\/\/www.kassiopeia.fi\/levi-summit\/vastuullisuus\/\",\"name\":\"Vastuullisuus - Levi Summit\",\"isPartOf\":{\"@id\":\"https:\/\/www.kassiopeia.fi\/levi-summit\/#website\"},\"primaryImageOfPage\":{\"@id\":\"https:\/\/www.kassiopeia.fi\/levi-summit\/vastuullisuus\/#primaryimage\"},\"image\":{\"@id\":\"https:\/\/www.kassiopeia.fi\/levi-summit\/vastuullisuus\/#primaryimage\"},\"thumbnailUrl\":\"https:\/\/www.kassiopeia.fi\/levi-summit\/wp-content\/uploads\/sites\/5\/2025\/05\/joutsenmerkki-stf.png\",\"datePublished\":\"2025-03-12T12:04:21+00:00\",\"dateModified\":\"2025-12-01T13:46:07+00:00\",\"description\":\"Tapahtumakeskus Levi Summitille on my\u00f6nnetty alkuvuodesta 2024 ymp\u00e4rist\u00f6ty\u00f6st\u00e4 kertova\u00a0Joutsenmerkki. Lue lis\u00e4\u00e4!\",\"breadcrumb\":{\"@id\":\"https:\/\/www.kassiopeia.fi\/levi-summit\/vastuullisuus\/#breadcrumb\"},\"inLanguage\":\"fi\",\"potentialAction\":[{\"@type\":\"ReadAction\",\"target\":[\"https:\/\/www.kassiopeia.fi\/levi-summit\/vastuullisuus\/\"]}]},{\"@type\":\"ImageObject\",\"inLanguage\":\"fi\",\"@id\":\"https:\/\/www.kassiopeia.fi\/levi-summit\/vastuullisuus\/#primaryimage\",\"url\":\"https:\/\/www.kassiopeia.fi\/levi-summit\/wp-content\/uploads\/sites\/5\/2025\/05\/joutsenmerkki-stf.png\",\"contentUrl\":\"https:\/\/www.kassiopeia.fi\/levi-summit\/wp-content\/uploads\/sites\/5\/2025\/05\/joutsenmerkki-stf.png\",\"width\":592,\"height\":614,\"caption\":\"\\\"\\\"\"},{\"@type\":\"BreadcrumbList\",\"@id\":\"https:\/\/www.kassiopeia.fi\/levi-summit\/vastuullisuus\/#breadcrumb\",\"itemListElement\":[{\"@type\":\"ListItem\",\"position\":1,\"name\":\"Etusivu\",\"item\":\"https:\/\/www.kassiopeia.fi\/levi-summit\/\"},{\"@type\":\"ListItem\",\"position\":2,\"name\":\"Vastuullisuus\"}]},{\"@type\":\"WebSite\",\"@id\":\"https:\/\/www.kassiopeia.fi\/levi-summit\/#website\",\"url\":\"https:\/\/www.kassiopeia.fi\/levi-summit\/\",\"name\":\"Levi Summit\",\"description\":\"\",\"potentialAction\":[{\"@type\":\"SearchAction\",\"target\":{\"@type\":\"EntryPoint\",\"urlTemplate\":\"https:\/\/www.kassiopeia.fi\/levi-summit\/?s={search_term_string}\"},\"query-input\":{\"@type\":\"PropertyValueSpecification\",\"valueRequired\":true,\"valueName\":\"search_term_string\"}}],\"inLanguage\":\"fi\"}]}<\/script>\n<!-- \/ Yoast SEO Premium plugin. -->","yoast_head_json":{"title":"Vastuullisuus - Levi Summit","description":"Tapahtumakeskus Levi Summitille on my\u00f6nnetty alkuvuodesta 2024 ymp\u00e4rist\u00f6ty\u00f6st\u00e4 kertova\u00a0Joutsenmerkki. Lue lis\u00e4\u00e4!","robots":{"index":"index","follow":"follow","max-snippet":"max-snippet:-1","max-image-preview":"max-image-preview:large","max-video-preview":"max-video-preview:-1"},"canonical":"https:\/\/www.kassiopeia.fi\/levi-summit\/vastuullisuus\/","og_locale":"fi_FI","og_type":"article","og_title":"Vastuullisuus","og_description":"Tapahtumakeskus Levi Summitille on my\u00f6nnetty alkuvuodesta 2024 ymp\u00e4rist\u00f6ty\u00f6st\u00e4 kertova\u00a0Joutsenmerkki. Lue lis\u00e4\u00e4!","og_url":"https:\/\/www.kassiopeia.fi\/levi-summit\/vastuullisuus\/","og_site_name":"Levi Summit","article_publisher":"https:\/\/www.facebook.com\/LeviSummitEventCenter\/","article_modified_time":"2025-12-01T13:46:07+00:00","og_image":[{"width":592,"height":614,"url":"https:\/\/www.kassiopeia.fi\/levi-summit\/wp-content\/uploads\/sites\/5\/2025\/05\/joutsenmerkki-stf.png","type":"image\/png"}],"twitter_card":"summary_large_image","twitter_misc":{"Arvioitu lukuaika":"3 minuuttia"},"schema":{"@context":"https:\/\/schema.org","@graph":[{"@type":"WebPage","@id":"https:\/\/www.kassiopeia.fi\/levi-summit\/vastuullisuus\/","url":"https:\/\/www.kassiopeia.fi\/levi-summit\/vastuullisuus\/","name":"Vastuullisuus - Levi Summit","isPartOf":{"@id":"https:\/\/www.kassiopeia.fi\/levi-summit\/#website"},"primaryImageOfPage":{"@id":"https:\/\/www.kassiopeia.fi\/levi-summit\/vastuullisuus\/#primaryimage"},"image":{"@id":"https:\/\/www.kassiopeia.fi\/levi-summit\/vastuullisuus\/#primaryimage"},"thumbnailUrl":"https:\/\/www.kassiopeia.fi\/levi-summit\/wp-content\/uploads\/sites\/5\/2025\/05\/joutsenmerkki-stf.png","datePublished":"2025-03-12T12:04:21+00:00","dateModified":"2025-12-01T13:46:07+00:00","description":"Tapahtumakeskus Levi Summitille on my\u00f6nnetty alkuvuodesta 2024 ymp\u00e4rist\u00f6ty\u00f6st\u00e4 kertova\u00a0Joutsenmerkki. Lue lis\u00e4\u00e4!","breadcrumb":{"@id":"https:\/\/www.kassiopeia.fi\/levi-summit\/vastuullisuus\/#breadcrumb"},"inLanguage":"fi","potentialAction":[{"@type":"ReadAction","target":["https:\/\/www.kassiopeia.fi\/levi-summit\/vastuullisuus\/"]}]},{"@type":"ImageObject","inLanguage":"fi","@id":"https:\/\/www.kassiopeia.fi\/levi-summit\/vastuullisuus\/#primaryimage","url":"https:\/\/www.kassiopeia.fi\/levi-summit\/wp-content\/uploads\/sites\/5\/2025\/05\/joutsenmerkki-stf.png","contentUrl":"https:\/\/www.kassiopeia.fi\/levi-summit\/wp-content\/uploads\/sites\/5\/2025\/05\/joutsenmerkki-stf.png","width":592,"height":614,"caption":"\"\""},{"@type":"BreadcrumbList","@id":"https:\/\/www.kassiopeia.fi\/levi-summit\/vastuullisuus\/#breadcrumb","itemListElement":[{"@type":"ListItem","position":1,"name":"Etusivu","item":"https:\/\/www.kassiopeia.fi\/levi-summit\/"},{"@type":"ListItem","position":2,"name":"Vastuullisuus"}]},{"@type":"WebSite","@id":"https:\/\/www.kassiopeia.fi\/levi-summit\/#website","url":"https:\/\/www.kassiopeia.fi\/levi-summit\/","name":"Levi Summit","description":"","potentialAction":[{"@type":"SearchAction","target":{"@type":"EntryPoint","urlTemplate":"https:\/\/www.kassiopeia.fi\/levi-summit\/?s={search_term_string}"},"query-input":{"@type":"PropertyValueSpecification","valueRequired":true,"valueName":"search_term_string"}}],"inLanguage":"fi"}]}},"lang":"fi","translations":{"fi":200,"en":996},"pll_sync_post":[],"_links":{"self":[{"href":"https:\/\/www.kassiopeia.fi\/levi-summit\/wp-json\/wp\/v2\/pages\/200","targetHints":{"allow":["GET"]}}],"collection":[{"href":"https:\/\/www.kassiopeia.fi\/levi-summit\/wp-json\/wp\/v2\/pages"}],"about":[{"href":"https:\/\/www.kassiopeia.fi\/levi-summit\/wp-json\/wp\/v2\/types\/page"}],"author":[{"embeddable":true,"href":"https:\/\/www.kassiopeia.fi\/levi-summit\/wp-json\/wp\/v2\/users\/4"}],"replies":[{"embeddable":true,"href":"https:\/\/www.kassiopeia.fi\/levi-summit\/wp-json\/wp\/v2\/comments?post=200"}],"version-history":[{"count":41,"href":"https:\/\/www.kassiopeia.fi\/levi-summit\/wp-json\/wp\/v2\/pages\/200\/revisions"}],"predecessor-version":[{"id":2867,"href":"https:\/\/www.kassiopeia.fi\/levi-summit\/wp-json\/wp\/v2\/pages\/200\/revisions\/2867"}],"wp:attachment":[{"href":"https:\/\/www.kassiopeia.fi\/levi-summit\/wp-json\/wp\/v2\/media?parent=200"}],"curies":[{"name":"wp","href":"https:\/\/api.w.org\/{rel}","templated":true}]}}