{"id":1600,"date":"2025-08-20T15:30:11","date_gmt":"2025-08-20T12:30:11","guid":{"rendered":"https:\/\/www.kassiopeia.fi\/levi-summit\/?page_id=1600"},"modified":"2025-09-03T14:38:09","modified_gmt":"2025-09-03T11:38:09","slug":"juhlat","status":"publish","type":"page","link":"https:\/\/www.kassiopeia.fi\/levi-summit\/juhlat\/","title":{"rendered":"Juhlat"},"content":{"rendered":"\n<div class=\"wp-block-cover alignfull is-light has-parallax cover-hero wp-duotone-unset-1\" style=\"margin-top:0px;margin-bottom:0px;padding-top:0px;padding-right:0px;padding-bottom:0px;padding-left:0px;min-height:100vh;aspect-ratio:unset;\"><div role=\"img\" aria-label=\"&quot;&quot;\" class=\"wp-block-cover__image-background wp-image-2176 size-full has-parallax\" style=\"background-position:50% 50%;background-image:url(https:\/\/www.kassiopeia.fi\/levi-summit\/wp-content\/uploads\/sites\/5\/2025\/09\/haapariskunta-levilla-2.jpg)\"><\/div><span aria-hidden=\"true\" class=\"wp-block-cover__background has-levi-summit-4-background-color has-background-dim-0 has-background-dim\"><\/span><div class=\"wp-block-cover__inner-container is-layout-flow wp-container-core-cover-is-layout-6e17fc20 wp-block-cover-is-layout-flow\">\n<p class=\"has-text-align-center has-large-font-size\"><\/p>\n<\/div><\/div>\n\n\n\n<div class=\"wp-block-group alignfull has-background is-layout-constrained wp-container-core-group-is-layout-8657f4d6 wp-block-group-is-layout-constrained\" style=\"background-color:#f7f7f7;margin-top:0;margin-bottom:0;padding-top:var(--wp--preset--spacing--60);padding-right:var(--wp--preset--spacing--40);padding-bottom:var(--wp--preset--spacing--60);padding-left:var(--wp--preset--spacing--40)\">\n<h1 class=\"wp-block-heading has-text-align-center has-levi-summit-4-color has-text-color has-link-color has-large-font-size wp-elements-e4b4cf606452a89338247d553773d3bd\" id=\"h-juhlat\">Juhlat<\/h1>\n\n\n\n<div class=\"wp-block-group alignwide is-layout-constrained wp-block-group-is-layout-constrained\">\n<p class=\"has-text-align-center has-large-font-size\">Tapahtumakeskus Summitin tilat taipuvat monenlaisiin juhliin. Juhlap\u00e4iv\u00e4n\u00e4 ei tarvitse huolehtia vieraiden viihtyvyydest\u00e4 tai k\u00e4yt\u00e4nn\u00f6n j\u00e4rjestelyist\u00e4, sill\u00e4 saat halutessasi kaikki palvelut saman katson alta. Ehk\u00e4p\u00e4 unelmasi on h\u00e4\u00e4t Levill\u00e4 tai suunnitelmissa on yrityksen juhlatapahtuma Levitunturissa upeiden maisemien \u00e4\u00e4rell\u00e4. Levi Summit toimii my\u00f6s ravintolatilana, jossa voi j\u00e4rjest\u00e4\u00e4 mm. jopa 450 henkil\u00f6n banketti-illallisen. Tilat muuntuvat my\u00f6s h\u00e4\u00e4juhlien viettopaikaksi sek\u00e4 yritys tilaisuuksien edustustiloiksi.<\/p>\n\n\n\n<div class=\"wp-block-buttons is-horizontal is-content-justification-center is-layout-flex wp-container-core-buttons-is-layout-03627597 wp-block-buttons-is-layout-flex\">\n<div class=\"wp-block-button\"><a class=\"wp-block-button__link wp-element-button\" href=\"https:\/\/www.kassiopeia.fi\/levi-summit\/tarjouspyynto\/\">Pyyd\u00e4 tarjous juhlatilaisuudesta<\/a><\/div>\n<\/div>\n<\/div>\n<\/div>\n\n\n\n<div class=\"wp-block-group alignfull is-layout-constrained wp-container-core-group-is-layout-12843e03 wp-block-group-is-layout-constrained\" style=\"margin-top:0;margin-bottom:0;padding-top:var(--wp--preset--spacing--60);padding-right:var(--wp--preset--spacing--40);padding-bottom:var(--wp--preset--spacing--50);padding-left:var(--wp--preset--spacing--40)\">\n<div class=\"wp-block-columns are-vertically-aligned-center is-layout-flex wp-container-core-columns-is-layout-28f84493 wp-block-columns-is-layout-flex\">\n<div class=\"wp-block-column is-vertically-aligned-center is-layout-flow wp-block-column-is-layout-flow\">\n<figure class=\"wp-block-image size-full\"><img loading=\"lazy\" decoding=\"async\" width=\"1200\" height=\"1309\" src=\"https:\/\/www.kassiopeia.fi\/levi-summit\/wp-content\/uploads\/sites\/5\/2025\/08\/juhlabuffet.jpg\" alt=\"&quot;&quot;\" class=\"wp-image-1523\" srcset=\"https:\/\/www.kassiopeia.fi\/levi-summit\/wp-content\/uploads\/sites\/5\/2025\/08\/juhlabuffet.jpg 1200w, https:\/\/www.kassiopeia.fi\/levi-summit\/wp-content\/uploads\/sites\/5\/2025\/08\/juhlabuffet-275x300.jpg 275w, https:\/\/www.kassiopeia.fi\/levi-summit\/wp-content\/uploads\/sites\/5\/2025\/08\/juhlabuffet-939x1024.jpg 939w, https:\/\/www.kassiopeia.fi\/levi-summit\/wp-content\/uploads\/sites\/5\/2025\/08\/juhlabuffet-768x838.jpg 768w\" sizes=\"auto, (max-width: 1200px) 100vw, 1200px\" \/><\/figure>\n<\/div>\n\n\n\n<div class=\"wp-block-column is-vertically-aligned-center is-layout-flow wp-block-column-is-layout-flow\">\n<h2 class=\"wp-block-heading\" id=\"h-juhlaruokailu-toiveidesi-mukaan\">Juhlaruokailu toiveidesi mukaan<\/h2>\n\n\n\n<p>R\u00e4\u00e4t\u00e4l\u00f6imme tilaisuuden luonteen huomioon ottaen my\u00f6s<br>erilaiset cocktail-tarjoilut sek\u00e4 juhlavat istuvat illalliset,<br>h\u00e4\u00e4juhlat, gaalatapahtumat tai get together -tyyppiset<br>p\u00e4iv\u00e4lliset. Alta l\u00f6ytyy valmiit juhlamenut.<\/p>\n\n\n\n<ul class=\"wp-block-list\">\n<li><a href=\"https:\/\/www.kassiopeia.fi\/levi-summit\/wp-content\/uploads\/sites\/5\/2025\/09\/Ryhmabuffet-menu-25-26-FIN.pdf\" target=\"_blank\" rel=\"noreferrer noopener\">Katso buffetmenu (pdf 353 kt)<\/a><\/li>\n\n\n\n<li><a href=\"https:\/\/www.kassiopeia.fi\/levi-summit\/wp-content\/uploads\/sites\/5\/2025\/09\/Ryhmalautas-menu-25-26-FIN.pdf\" target=\"_blank\" rel=\"noreferrer noopener\">Katso lautastarjoillut menumme (pdf 161 kt)<\/a><\/li>\n<\/ul>\n\n\n\n<div style=\"height:15px\" aria-hidden=\"true\" class=\"wp-block-spacer\"><\/div>\n\n\n\n<p>Autamme sinua mielell\u00e4mme juhlatilaisuutesi suunnittelussa!<br>sales@kassiopeia.fi | puh. 040 456 2059<\/p>\n<\/div>\n<\/div>\n<\/div>\n\n\n\n<div class=\"wp-block-group alignfull has-background is-layout-constrained wp-container-core-group-is-layout-1fd5867f wp-block-group-is-layout-constrained\" style=\"background-color:#f7f7f7;padding-top:var(--wp--preset--spacing--70);padding-right:var(--wp--preset--spacing--40);padding-bottom:var(--wp--preset--spacing--70);padding-left:var(--wp--preset--spacing--40)\">\n<h2 class=\"wp-block-heading alignwide\" id=\"h-poytamuodot\">P\u00f6yt\u00e4muodot<\/h2>\n\n\n\n<div class=\"wp-block-columns alignwide is-layout-flex wp-container-core-columns-is-layout-b5449230 wp-block-columns-is-layout-flex\" style=\"padding-top:var(--wp--preset--spacing--50);padding-right:0;padding-bottom:var(--wp--preset--spacing--50);padding-left:0\">\n<div class=\"wp-block-column has-general-1-background-color has-background is-layout-flow wp-block-column-is-layout-flow\">\n<div class=\"wp-block-media-text is-stacked-on-mobile is-image-fill-element\"><figure class=\"wp-block-media-text__media\"><img loading=\"lazy\" decoding=\"async\" width=\"275\" height=\"300\" src=\"https:\/\/www.kassiopeia.fi\/levi-summit\/wp-content\/uploads\/sites\/5\/2025\/08\/Summit-juhlat-neliopoydat.jpg\" alt=\"&quot;&quot;\" class=\"wp-image-1482 size-full\" style=\"object-position:50% 50%\"\/><\/figure><div class=\"wp-block-media-text__content\">\n<div class=\"wp-block-group is-layout-constrained wp-container-core-group-is-layout-97829e9f wp-block-group-is-layout-constrained\" style=\"padding-right:var(--wp--preset--spacing--40);padding-left:var(--wp--preset--spacing--40)\">\n<figure class=\"wp-block-image size-thumbnail is-resized\"><img loading=\"lazy\" decoding=\"async\" width=\"122\" height=\"115\" src=\"https:\/\/www.kassiopeia.fi\/levi-summit\/wp-content\/uploads\/sites\/5\/2025\/08\/nelio-poytamuoto.svg\" alt=\"&quot;&quot;\" class=\"wp-image-1484\" style=\"width:auto;height:100px\"\/><\/figure>\n\n\n\n<h3 class=\"wp-block-heading\" id=\"h-neliopoydat\" style=\"text-transform:uppercase\">Neli\u00f6p\u00f6yd\u00e4t<\/h3>\n\n\n\n<p>35-275 m\u00b2<br>10-160 hl\u00f6\u00e4<br>1-5 tilaa k\u00e4yt\u00f6ss\u00e4<\/p>\n<\/div>\n<\/div><\/div>\n<\/div>\n\n\n\n<div class=\"wp-block-column has-general-1-background-color has-background is-layout-flow wp-block-column-is-layout-flow\">\n<div class=\"wp-block-media-text is-stacked-on-mobile is-image-fill-element\"><figure class=\"wp-block-media-text__media\"><img loading=\"lazy\" decoding=\"async\" width=\"275\" height=\"300\" src=\"https:\/\/www.kassiopeia.fi\/levi-summit\/wp-content\/uploads\/sites\/5\/2025\/08\/Cocktail.jpg\" alt=\"&quot;&quot;\" class=\"wp-image-1488 size-full\" style=\"object-position:50% 50%\"\/><\/figure><div class=\"wp-block-media-text__content\">\n<div class=\"wp-block-group is-layout-constrained wp-container-core-group-is-layout-97829e9f wp-block-group-is-layout-constrained\" style=\"padding-right:var(--wp--preset--spacing--40);padding-left:var(--wp--preset--spacing--40)\">\n<figure class=\"wp-block-image size-thumbnail is-resized\"><img loading=\"lazy\" decoding=\"async\" width=\"146\" height=\"85\" src=\"https:\/\/www.kassiopeia.fi\/levi-summit\/wp-content\/uploads\/sites\/5\/2025\/08\/hrgerrjtrhyttgrhehejuAsset-1-1.svg\" alt=\"&quot;&quot;\" class=\"wp-image-1490\" style=\"width:auto;height:100px\"\/><\/figure>\n\n\n\n<h3 class=\"wp-block-heading\" id=\"h-cocktail\" style=\"text-transform:uppercase\">Cocktail<\/h3>\n\n\n\n<p>35-275 m\u00b2<br>10-160 hl\u00f6\u00e4<br>1-5 tilaa k\u00e4yt\u00f6ss\u00e4<\/p>\n<\/div>\n<\/div><\/div>\n<\/div>\n<\/div>\n\n\n\n<div class=\"wp-block-columns alignwide is-layout-flex wp-container-core-columns-is-layout-b5449230 wp-block-columns-is-layout-flex\" style=\"padding-top:var(--wp--preset--spacing--50);padding-right:0;padding-bottom:var(--wp--preset--spacing--50);padding-left:0\">\n<div class=\"wp-block-column has-general-1-background-color has-background is-layout-flow wp-block-column-is-layout-flow\">\n<div class=\"wp-block-media-text is-stacked-on-mobile is-image-fill-element\"><figure class=\"wp-block-media-text__media\"><img loading=\"lazy\" decoding=\"async\" width=\"275\" height=\"300\" src=\"https:\/\/www.kassiopeia.fi\/levi-summit\/wp-content\/uploads\/sites\/5\/2025\/08\/Summit-juhlat.jpg\" alt=\"&quot;&quot;\" class=\"wp-image-1487 size-full\" style=\"object-position:50% 50%\"\/><\/figure><div class=\"wp-block-media-text__content\">\n<div class=\"wp-block-group is-layout-constrained wp-container-core-group-is-layout-97829e9f wp-block-group-is-layout-constrained\" style=\"padding-right:var(--wp--preset--spacing--40);padding-left:var(--wp--preset--spacing--40)\">\n<figure class=\"wp-block-image size-thumbnail is-resized\"><img loading=\"lazy\" decoding=\"async\" width=\"166\" height=\"79\" src=\"https:\/\/www.kassiopeia.fi\/levi-summit\/wp-content\/uploads\/sites\/5\/2025\/08\/pitkat-poydat-levi-summit.svg\" alt=\"&quot;&quot;\" class=\"wp-image-1494\" style=\"width:auto;height:100px\"\/><\/figure>\n\n\n\n<h3 class=\"wp-block-heading\" id=\"h-pitkat-poydat\" style=\"text-transform:uppercase\">Pitk\u00e4t p\u00f6yd\u00e4t<\/h3>\n\n\n\n<p>35-275 m\u00b2<br>10-160 hl\u00f6\u00e4<br>1-5 tilaa k\u00e4yt\u00f6ss\u00e4<\/p>\n<\/div>\n<\/div><\/div>\n<\/div>\n\n\n\n<div class=\"wp-block-column has-general-1-background-color has-background is-layout-flow wp-block-column-is-layout-flow\">\n<div class=\"wp-block-media-text is-stacked-on-mobile is-image-fill-element\"><figure class=\"wp-block-media-text__media\"><img loading=\"lazy\" decoding=\"async\" width=\"275\" height=\"300\" src=\"https:\/\/www.kassiopeia.fi\/levi-summit\/wp-content\/uploads\/sites\/5\/2025\/08\/raataloity-poytamuoto-levi-summit.jpg\" alt=\"&quot;&quot;\" class=\"wp-image-1499 size-full\" style=\"object-position:50% 50%\"\/><\/figure><div class=\"wp-block-media-text__content\">\n<div class=\"wp-block-group is-layout-constrained wp-container-core-group-is-layout-97829e9f wp-block-group-is-layout-constrained\" style=\"padding-right:var(--wp--preset--spacing--40);padding-left:var(--wp--preset--spacing--40)\">\n<figure class=\"wp-block-image size-thumbnail is-resized\"><img loading=\"lazy\" decoding=\"async\" width=\"142\" height=\"88\" src=\"https:\/\/www.kassiopeia.fi\/levi-summit\/wp-content\/uploads\/sites\/5\/2025\/08\/raataloity-poytamuoto-levi-summit.svg\" alt=\"&quot;&quot;\" class=\"wp-image-1501\" style=\"width:auto;height:100px\"\/><\/figure>\n\n\n\n<h3 class=\"wp-block-heading\" id=\"h-raataloity\" style=\"text-transform:uppercase\">R\u00e4\u00e4t\u00e4l\u00f6ity<\/h3>\n\n\n\n<p>35-275 m\u00b2<br>10-160 hl\u00f6\u00e4<br>1-5 tilaa k\u00e4yt\u00f6ss\u00e4<\/p>\n<\/div>\n<\/div><\/div>\n<\/div>\n<\/div>\n<\/div>\n\n\n\n<div class=\"wp-block-group alignfull is-layout-constrained wp-container-core-group-is-layout-12843e03 wp-block-group-is-layout-constrained\" style=\"margin-top:0;margin-bottom:0;padding-top:var(--wp--preset--spacing--60);padding-right:var(--wp--preset--spacing--40);padding-bottom:var(--wp--preset--spacing--50);padding-left:var(--wp--preset--spacing--40)\">\n<div class=\"wp-block-columns are-vertically-aligned-center is-layout-flex wp-container-core-columns-is-layout-28f84493 wp-block-columns-is-layout-flex\">\n<div class=\"wp-block-column is-vertically-aligned-center is-layout-flow wp-block-column-is-layout-flow\">\n<h2 class=\"wp-block-heading\" id=\"h-yhteista-aikaa-ja-aktiviteetteja\">Yhteist\u00e4 aikaa ja aktiviteetteja<\/h2>\n\n\n\n<p>Levi tarjoaa jokaiselle vuodenajalle loputtoman m\u00e4\u00e4r\u00e4n aktiviteetteja, joita voit yhdist\u00e4\u00e4 vierailuusi Levill\u00e4. Talvisin voi esimerkiksi lasketella, hiiht\u00e4\u00e4, lumikenk\u00e4ill\u00e4, l\u00e4hte\u00e4 koiravaljakkoajaelulle tai osallistua vauhdikkaaseen laserpeliin ulkona. Kes\u00e4aikaan voi l\u00e4hte\u00e4 tutustumaan luontoon jalkaisin, py\u00f6rill\u00e4, ratsastaen tai vesiteitse esimerkiksi meloen. Levill\u00e4 on my\u00f6s mm. luonnonkaunis 9-reik\u00e4inen Levi Golfin golfkentt\u00e4 ja frisbeegolfrata.<\/p>\n\n\n\n<p><strong><a href=\"https:\/\/www.youtube.com\/watch?v=Qm-Ya-Vi6yY&amp;t=6s\" target=\"_blank\" rel=\"noreferrer noopener\">Katso video<\/a> Levi Summitin tapahtumatiloista ja upeista maisemista.<\/strong><\/p>\n<\/div>\n\n\n\n<div class=\"wp-block-column is-vertically-aligned-center is-layout-flow wp-block-column-is-layout-flow\">\n<figure class=\"wp-block-image size-full\"><img loading=\"lazy\" decoding=\"async\" width=\"2000\" height=\"1335\" src=\"https:\/\/www.kassiopeia.fi\/levi-summit\/wp-content\/uploads\/sites\/5\/2025\/09\/Gondoli_pariskunta.jpg\" alt=\"&quot;&quot;\" class=\"wp-image-2163\" srcset=\"https:\/\/www.kassiopeia.fi\/levi-summit\/wp-content\/uploads\/sites\/5\/2025\/09\/Gondoli_pariskunta.jpg 2000w, https:\/\/www.kassiopeia.fi\/levi-summit\/wp-content\/uploads\/sites\/5\/2025\/09\/Gondoli_pariskunta-300x200.jpg 300w, https:\/\/www.kassiopeia.fi\/levi-summit\/wp-content\/uploads\/sites\/5\/2025\/09\/Gondoli_pariskunta-1024x684.jpg 1024w, https:\/\/www.kassiopeia.fi\/levi-summit\/wp-content\/uploads\/sites\/5\/2025\/09\/Gondoli_pariskunta-768x513.jpg 768w, https:\/\/www.kassiopeia.fi\/levi-summit\/wp-content\/uploads\/sites\/5\/2025\/09\/Gondoli_pariskunta-1536x1025.jpg 1536w\" sizes=\"auto, (max-width: 2000px) 100vw, 2000px\" \/><\/figure>\n<\/div>\n<\/div>\n<\/div>\n","protected":false},"excerpt":{"rendered":"<p>Juhlat Tapahtumakeskus Summitin tilat taipuvat monenlaisiin juhliin. Juhlap\u00e4iv\u00e4n\u00e4 ei tarvitse huolehtia vieraiden viihtyvyydest\u00e4 tai k\u00e4yt\u00e4nn\u00f6n j\u00e4rjestelyist\u00e4, sill\u00e4 saat halutessasi kaikki palvelut saman katson alta. Ehk\u00e4p\u00e4 unelmasi on h\u00e4\u00e4t Levill\u00e4 tai suunnitelmissa on yrityksen juhlatapahtuma Levitunturissa upeiden maisemien \u00e4\u00e4rell\u00e4. Levi Summit toimii my\u00f6s ravintolatilana, jossa voi j\u00e4rjest\u00e4\u00e4 mm. jopa 450 henkil\u00f6n banketti-illallisen. Tilat muuntuvat my\u00f6s h\u00e4\u00e4juhlien [&hellip;]<\/p>\n","protected":false},"author":4,"featured_media":0,"parent":0,"menu_order":0,"comment_status":"closed","ping_status":"closed","template":"","meta":{"_acf_changed":false,"footnotes":""},"class_list":["post-1600","page","type-page","status-publish","hentry"],"acf":[],"yoast_head":"<!-- This site is optimized with the Yoast SEO Premium plugin v27.2 (Yoast SEO v27.2) - https:\/\/yoast.com\/product\/yoast-seo-premium-wordpress\/ -->\n<title>Juhlat - Levi Summit<\/title>\n<meta name=\"description\" content=\"Levi Summitin ainutlaatuiset kokoustilat Levitunturin Koutalella, monipuolisten aktiviteettien \u00e4\u00e4rell\u00e4. Katso lis\u00e4\u00e4!\" \/>\n<meta name=\"robots\" content=\"index, follow, max-snippet:-1, max-image-preview:large, max-video-preview:-1\" \/>\n<link rel=\"canonical\" href=\"https:\/\/www.kassiopeia.fi\/levi-summit\/juhlat\/\" \/>\n<meta property=\"og:locale\" content=\"fi_FI\" \/>\n<meta property=\"og:type\" content=\"article\" \/>\n<meta property=\"og:title\" content=\"Juhlat\" \/>\n<meta property=\"og:description\" content=\"Levi Summitin ainutlaatuiset kokoustilat Levitunturin Koutalella, monipuolisten aktiviteettien \u00e4\u00e4rell\u00e4. Katso lis\u00e4\u00e4!\" \/>\n<meta property=\"og:url\" content=\"https:\/\/www.kassiopeia.fi\/levi-summit\/juhlat\/\" \/>\n<meta property=\"og:site_name\" content=\"Levi Summit\" \/>\n<meta property=\"article:publisher\" content=\"https:\/\/www.facebook.com\/LeviSummitEventCenter\/\" \/>\n<meta property=\"article:modified_time\" content=\"2025-09-03T11:38:09+00:00\" \/>\n<meta property=\"og:image\" content=\"https:\/\/www.kassiopeia.fi\/levi-summit\/wp-content\/uploads\/sites\/5\/2025\/08\/juhlabuffet.jpg\" \/>\n\t<meta property=\"og:image:width\" content=\"1200\" \/>\n\t<meta property=\"og:image:height\" content=\"1309\" \/>\n\t<meta property=\"og:image:type\" content=\"image\/jpeg\" \/>\n<meta name=\"twitter:card\" content=\"summary_large_image\" \/>\n<meta name=\"twitter:label1\" content=\"Arvioitu lukuaika\" \/>\n\t<meta name=\"twitter:data1\" content=\"4 minuuttia\" \/>\n<script type=\"application\/ld+json\" class=\"yoast-schema-graph\">{\"@context\":\"https:\/\/schema.org\",\"@graph\":[{\"@type\":\"WebPage\",\"@id\":\"https:\/\/www.kassiopeia.fi\/levi-summit\/juhlat\/\",\"url\":\"https:\/\/www.kassiopeia.fi\/levi-summit\/juhlat\/\",\"name\":\"Juhlat - Levi Summit\",\"isPartOf\":{\"@id\":\"https:\/\/www.kassiopeia.fi\/levi-summit\/#website\"},\"primaryImageOfPage\":{\"@id\":\"https:\/\/www.kassiopeia.fi\/levi-summit\/juhlat\/#primaryimage\"},\"image\":{\"@id\":\"https:\/\/www.kassiopeia.fi\/levi-summit\/juhlat\/#primaryimage\"},\"thumbnailUrl\":\"https:\/\/www.kassiopeia.fi\/levi-summit\/wp-content\/uploads\/sites\/5\/2025\/08\/juhlabuffet.jpg\",\"datePublished\":\"2025-08-20T12:30:11+00:00\",\"dateModified\":\"2025-09-03T11:38:09+00:00\",\"description\":\"Levi Summitin ainutlaatuiset kokoustilat Levitunturin Koutalella, monipuolisten aktiviteettien \u00e4\u00e4rell\u00e4. Katso lis\u00e4\u00e4!\",\"breadcrumb\":{\"@id\":\"https:\/\/www.kassiopeia.fi\/levi-summit\/juhlat\/#breadcrumb\"},\"inLanguage\":\"fi\",\"potentialAction\":[{\"@type\":\"ReadAction\",\"target\":[\"https:\/\/www.kassiopeia.fi\/levi-summit\/juhlat\/\"]}]},{\"@type\":\"ImageObject\",\"inLanguage\":\"fi\",\"@id\":\"https:\/\/www.kassiopeia.fi\/levi-summit\/juhlat\/#primaryimage\",\"url\":\"https:\/\/www.kassiopeia.fi\/levi-summit\/wp-content\/uploads\/sites\/5\/2025\/08\/juhlabuffet.jpg\",\"contentUrl\":\"https:\/\/www.kassiopeia.fi\/levi-summit\/wp-content\/uploads\/sites\/5\/2025\/08\/juhlabuffet.jpg\",\"width\":1200,\"height\":1309,\"caption\":\"\\\"\\\"\"},{\"@type\":\"BreadcrumbList\",\"@id\":\"https:\/\/www.kassiopeia.fi\/levi-summit\/juhlat\/#breadcrumb\",\"itemListElement\":[{\"@type\":\"ListItem\",\"position\":1,\"name\":\"Etusivu\",\"item\":\"https:\/\/www.kassiopeia.fi\/levi-summit\/\"},{\"@type\":\"ListItem\",\"position\":2,\"name\":\"Juhlat\"}]},{\"@type\":\"WebSite\",\"@id\":\"https:\/\/www.kassiopeia.fi\/levi-summit\/#website\",\"url\":\"https:\/\/www.kassiopeia.fi\/levi-summit\/\",\"name\":\"Levi Summit\",\"description\":\"\",\"potentialAction\":[{\"@type\":\"SearchAction\",\"target\":{\"@type\":\"EntryPoint\",\"urlTemplate\":\"https:\/\/www.kassiopeia.fi\/levi-summit\/?s={search_term_string}\"},\"query-input\":{\"@type\":\"PropertyValueSpecification\",\"valueRequired\":true,\"valueName\":\"search_term_string\"}}],\"inLanguage\":\"fi\"}]}<\/script>\n<!-- \/ Yoast SEO Premium plugin. -->","yoast_head_json":{"title":"Juhlat - Levi Summit","description":"Levi Summitin ainutlaatuiset kokoustilat Levitunturin Koutalella, monipuolisten aktiviteettien \u00e4\u00e4rell\u00e4. Katso lis\u00e4\u00e4!","robots":{"index":"index","follow":"follow","max-snippet":"max-snippet:-1","max-image-preview":"max-image-preview:large","max-video-preview":"max-video-preview:-1"},"canonical":"https:\/\/www.kassiopeia.fi\/levi-summit\/juhlat\/","og_locale":"fi_FI","og_type":"article","og_title":"Juhlat","og_description":"Levi Summitin ainutlaatuiset kokoustilat Levitunturin Koutalella, monipuolisten aktiviteettien \u00e4\u00e4rell\u00e4. Katso lis\u00e4\u00e4!","og_url":"https:\/\/www.kassiopeia.fi\/levi-summit\/juhlat\/","og_site_name":"Levi Summit","article_publisher":"https:\/\/www.facebook.com\/LeviSummitEventCenter\/","article_modified_time":"2025-09-03T11:38:09+00:00","og_image":[{"width":1200,"height":1309,"url":"https:\/\/www.kassiopeia.fi\/levi-summit\/wp-content\/uploads\/sites\/5\/2025\/08\/juhlabuffet.jpg","type":"image\/jpeg"}],"twitter_card":"summary_large_image","twitter_misc":{"Arvioitu lukuaika":"4 minuuttia"},"schema":{"@context":"https:\/\/schema.org","@graph":[{"@type":"WebPage","@id":"https:\/\/www.kassiopeia.fi\/levi-summit\/juhlat\/","url":"https:\/\/www.kassiopeia.fi\/levi-summit\/juhlat\/","name":"Juhlat - Levi Summit","isPartOf":{"@id":"https:\/\/www.kassiopeia.fi\/levi-summit\/#website"},"primaryImageOfPage":{"@id":"https:\/\/www.kassiopeia.fi\/levi-summit\/juhlat\/#primaryimage"},"image":{"@id":"https:\/\/www.kassiopeia.fi\/levi-summit\/juhlat\/#primaryimage"},"thumbnailUrl":"https:\/\/www.kassiopeia.fi\/levi-summit\/wp-content\/uploads\/sites\/5\/2025\/08\/juhlabuffet.jpg","datePublished":"2025-08-20T12:30:11+00:00","dateModified":"2025-09-03T11:38:09+00:00","description":"Levi Summitin ainutlaatuiset kokoustilat Levitunturin Koutalella, monipuolisten aktiviteettien \u00e4\u00e4rell\u00e4. Katso lis\u00e4\u00e4!","breadcrumb":{"@id":"https:\/\/www.kassiopeia.fi\/levi-summit\/juhlat\/#breadcrumb"},"inLanguage":"fi","potentialAction":[{"@type":"ReadAction","target":["https:\/\/www.kassiopeia.fi\/levi-summit\/juhlat\/"]}]},{"@type":"ImageObject","inLanguage":"fi","@id":"https:\/\/www.kassiopeia.fi\/levi-summit\/juhlat\/#primaryimage","url":"https:\/\/www.kassiopeia.fi\/levi-summit\/wp-content\/uploads\/sites\/5\/2025\/08\/juhlabuffet.jpg","contentUrl":"https:\/\/www.kassiopeia.fi\/levi-summit\/wp-content\/uploads\/sites\/5\/2025\/08\/juhlabuffet.jpg","width":1200,"height":1309,"caption":"\"\""},{"@type":"BreadcrumbList","@id":"https:\/\/www.kassiopeia.fi\/levi-summit\/juhlat\/#breadcrumb","itemListElement":[{"@type":"ListItem","position":1,"name":"Etusivu","item":"https:\/\/www.kassiopeia.fi\/levi-summit\/"},{"@type":"ListItem","position":2,"name":"Juhlat"}]},{"@type":"WebSite","@id":"https:\/\/www.kassiopeia.fi\/levi-summit\/#website","url":"https:\/\/www.kassiopeia.fi\/levi-summit\/","name":"Levi Summit","description":"","potentialAction":[{"@type":"SearchAction","target":{"@type":"EntryPoint","urlTemplate":"https:\/\/www.kassiopeia.fi\/levi-summit\/?s={search_term_string}"},"query-input":{"@type":"PropertyValueSpecification","valueRequired":true,"valueName":"search_term_string"}}],"inLanguage":"fi"}]}},"lang":"fi","translations":{"fi":1600},"pll_sync_post":[],"_links":{"self":[{"href":"https:\/\/www.kassiopeia.fi\/levi-summit\/wp-json\/wp\/v2\/pages\/1600","targetHints":{"allow":["GET"]}}],"collection":[{"href":"https:\/\/www.kassiopeia.fi\/levi-summit\/wp-json\/wp\/v2\/pages"}],"about":[{"href":"https:\/\/www.kassiopeia.fi\/levi-summit\/wp-json\/wp\/v2\/types\/page"}],"author":[{"embeddable":true,"href":"https:\/\/www.kassiopeia.fi\/levi-summit\/wp-json\/wp\/v2\/users\/4"}],"replies":[{"embeddable":true,"href":"https:\/\/www.kassiopeia.fi\/levi-summit\/wp-json\/wp\/v2\/comments?post=1600"}],"version-history":[{"count":33,"href":"https:\/\/www.kassiopeia.fi\/levi-summit\/wp-json\/wp\/v2\/pages\/1600\/revisions"}],"predecessor-version":[{"id":2179,"href":"https:\/\/www.kassiopeia.fi\/levi-summit\/wp-json\/wp\/v2\/pages\/1600\/revisions\/2179"}],"wp:attachment":[{"href":"https:\/\/www.kassiopeia.fi\/levi-summit\/wp-json\/wp\/v2\/media?parent=1600"}],"curies":[{"name":"wp","href":"https:\/\/api.w.org\/{rel}","templated":true}]}}