{"id":1472,"date":"2025-08-20T10:58:23","date_gmt":"2025-08-20T07:58:23","guid":{"rendered":"https:\/\/www.kassiopeia.fi\/levi-summit\/?page_id=1472"},"modified":"2025-08-22T15:05:34","modified_gmt":"2025-08-22T12:05:34","slug":"kokousmajoitus","status":"publish","type":"page","link":"https:\/\/www.kassiopeia.fi\/levi-summit\/kokousmajoitus\/","title":{"rendered":"Kokousmajoitus"},"content":{"rendered":"\n<div class=\"wp-block-cover alignfull is-light has-parallax cover-hero wp-duotone-unset-1\" style=\"margin-top:0px;margin-bottom:0px;padding-top:0px;padding-right:0px;padding-bottom:0px;padding-left:0px;min-height:100vh;aspect-ratio:unset;\"><div role=\"img\" aria-label=\"&quot;&quot;\" class=\"wp-block-cover__image-background wp-image-1562 size-full has-parallax\" style=\"background-position:50% 50%;background-image:url(https:\/\/www.kassiopeia.fi\/levi-summit\/wp-content\/uploads\/sites\/5\/2025\/08\/hotel-levi-panorama-kokousmajoitus-levi.jpg)\"><\/div><span aria-hidden=\"true\" class=\"wp-block-cover__background has-levi-summit-4-background-color has-background-dim-0 has-background-dim\"><\/span><div class=\"wp-block-cover__inner-container is-layout-flow wp-container-core-cover-is-layout-6e17fc20 wp-block-cover-is-layout-flow\">\n<p class=\"has-text-align-center has-large-font-size\"><\/p>\n<\/div><\/div>\n\n\n\n<h1 class=\"wp-block-heading has-text-align-center has-large-font-size\" id=\"h-kokousmajoitus\">Kokousmajoitus<\/h1>\n\n\n\n<p class=\"has-text-align-center has-general-2-color has-text-color has-link-color has-large-font-size wp-elements-ba3811f646baf9c939d26494e4ba640b\">Tapahtumakeskus Levi Summitin yhteydess\u00e4 sijaitseva Hotel Levi Panorama majoittaa kokousvieraat mukavasti. Hotellin palvelut, neuvottelutilat ja ravintolat t\u00e4ydent\u00e4v\u00e4t tarjontaa, ja yhdess\u00e4 Levi Panorama ja Levi Summit muodostavat vaivattoman kokonaisuuden erilaisten tilaisuuksien j\u00e4rjest\u00e4miseen.<\/p>\n\n\n\n<div class=\"wp-block-columns alignwide is-layout-flex wp-container-core-columns-is-layout-f176861b wp-block-columns-is-layout-flex\" style=\"padding-top:var(--wp--preset--spacing--50);padding-right:var(--wp--preset--spacing--40);padding-bottom:var(--wp--preset--spacing--50);padding-left:var(--wp--preset--spacing--40)\">\n<div class=\"wp-block-column is-layout-flow wp-block-column-is-layout-flow\">\n<figure class=\"wp-block-image size-full\"><img loading=\"lazy\" decoding=\"async\" width=\"1322\" height=\"1322\" src=\"https:\/\/www.kassiopeia.fi\/levi-summit\/wp-content\/uploads\/sites\/5\/2025\/08\/hotel-levi-panorama-talvinen-ulkokuva-edited.jpg\" alt=\"Tapahtumakeskus Levi Summit ja Hotel Lei Panorama Levitunturin Koutalalella talvisena iltana.\" class=\"wp-image-1415\" srcset=\"https:\/\/www.kassiopeia.fi\/levi-summit\/wp-content\/uploads\/sites\/5\/2025\/08\/hotel-levi-panorama-talvinen-ulkokuva-edited.jpg 1322w, https:\/\/www.kassiopeia.fi\/levi-summit\/wp-content\/uploads\/sites\/5\/2025\/08\/hotel-levi-panorama-talvinen-ulkokuva-edited-300x300.jpg 300w, https:\/\/www.kassiopeia.fi\/levi-summit\/wp-content\/uploads\/sites\/5\/2025\/08\/hotel-levi-panorama-talvinen-ulkokuva-edited-1024x1024.jpg 1024w, https:\/\/www.kassiopeia.fi\/levi-summit\/wp-content\/uploads\/sites\/5\/2025\/08\/hotel-levi-panorama-talvinen-ulkokuva-edited-150x150.jpg 150w, https:\/\/www.kassiopeia.fi\/levi-summit\/wp-content\/uploads\/sites\/5\/2025\/08\/hotel-levi-panorama-talvinen-ulkokuva-edited-768x768.jpg 768w\" sizes=\"auto, (max-width: 1322px) 100vw, 1322px\" \/><\/figure>\n<\/div>\n\n\n\n<div class=\"wp-block-column is-layout-flow wp-block-column-is-layout-flow\">\n<h2 class=\"wp-block-heading\" id=\"h-upea-maisemahotelli-ja-ravintolapalvelut-levin-eturinteessa\">Upea maisemahotelli ja ravintolapalvelut Levin eturinteess\u00e4<\/h2>\n\n\n\n<p>Tapahtumakeskus Levi Summit ja Hotel Levi Panorama sijaitsevat korkealla Levitunturin eturinteen laella, merenpinnasta korkeus on yli 300 metri\u00e4. Suuri osa hotellihuoneista avaa kauniin mets\u00e4maiseman sek\u00e4 n\u00e4kym\u00e4n rinteeseen. Levi Summista on kulku sis\u00e4kautta Hotel Levi Panoramaan. Kokouksen j\u00e4lkeen p\u00e4\u00e4set hotellin pihasta suoraan rinteeseen ja vaellusreiteille.<\/p>\n\n\n\n<p><a href=\"https:\/\/levipanorama.fi\/\" target=\"_blank\" rel=\"noreferrer noopener\">Siirry Hotel Levi Panoraman sivulle.<\/a><\/p>\n<\/div>\n<\/div>\n\n\n\n<div class=\"wp-block-columns alignwide is-layout-flex wp-container-core-columns-is-layout-f176861b wp-block-columns-is-layout-flex\" style=\"padding-top:var(--wp--preset--spacing--50);padding-right:var(--wp--preset--spacing--40);padding-bottom:var(--wp--preset--spacing--50);padding-left:var(--wp--preset--spacing--40)\">\n<div class=\"wp-block-column is-layout-flow wp-block-column-is-layout-flow\">\n<figure class=\"wp-block-image size-full\"><img loading=\"lazy\" decoding=\"async\" width=\"1200\" height=\"1200\" src=\"https:\/\/www.kassiopeia.fi\/levi-summit\/wp-content\/uploads\/sites\/5\/2025\/08\/levi-kesamaisema-1200x1200px.jpg\" alt=\"&quot;&quot;\" class=\"wp-image-1581\" srcset=\"https:\/\/www.kassiopeia.fi\/levi-summit\/wp-content\/uploads\/sites\/5\/2025\/08\/levi-kesamaisema-1200x1200px.jpg 1200w, https:\/\/www.kassiopeia.fi\/levi-summit\/wp-content\/uploads\/sites\/5\/2025\/08\/levi-kesamaisema-1200x1200px-300x300.jpg 300w, https:\/\/www.kassiopeia.fi\/levi-summit\/wp-content\/uploads\/sites\/5\/2025\/08\/levi-kesamaisema-1200x1200px-1024x1024.jpg 1024w, https:\/\/www.kassiopeia.fi\/levi-summit\/wp-content\/uploads\/sites\/5\/2025\/08\/levi-kesamaisema-1200x1200px-150x150.jpg 150w, https:\/\/www.kassiopeia.fi\/levi-summit\/wp-content\/uploads\/sites\/5\/2025\/08\/levi-kesamaisema-1200x1200px-768x768.jpg 768w\" sizes=\"auto, (max-width: 1200px) 100vw, 1200px\" \/><\/figure>\n<\/div>\n\n\n\n<div class=\"wp-block-column is-layout-flow wp-block-column-is-layout-flow\">\n<div class=\"wp-block-group alignfull is-layout-constrained wp-container-core-group-is-layout-fc35f68c wp-block-group-is-layout-constrained\" style=\"margin-top:0;margin-bottom:0;padding-top:0;padding-right:var(--wp--preset--spacing--40);padding-bottom:var(--wp--preset--spacing--50);padding-left:var(--wp--preset--spacing--40)\">\n<figure class=\"wp-block-table\"><table class=\"has-fixed-layout\"><thead><tr><th colspan=\"2\">Hotel Levi Panorama, huoneet ja huoneistot<\/th><th>Kpl<\/th><\/tr><\/thead><tbody><tr><td colspan=\"2\">Standard-huone<\/td><td>47<\/td><\/tr><tr><td colspan=\"2\">Standard View -huone<\/td><td>40<\/td><\/tr><tr><td colspan=\"2\">Superior-huone<\/td><td>60<\/td><\/tr><tr><td colspan=\"2\">Superior-perhehuone<\/td><td>5<\/td><\/tr><tr><td colspan=\"2\">Deluxe-huone<\/td><td>7<\/td><\/tr><tr><td colspan=\"2\">Deluxe-sviitti<\/td><td>5<\/td><\/tr><tr><td colspan=\"2\">Sky Suite &amp; Sky Sviitti Deluxe<\/td><td>3 + 3<\/td><\/tr><tr><td colspan=\"2\">Chalet-huoneistot<\/td><td>14<\/td><\/tr><tr><td colspan=\"2\"><strong>Hotel Levi Panorama, muut tilat<\/strong><\/td><td><strong>Asiakaspaikat<\/strong><\/td><\/tr><tr><td colspan=\"2\">Ravintola Panorama, 1. krs (ravintolan takaosa)<\/td><td>250<\/td><\/tr><tr><td colspan=\"2\">Ravintola Panorama, 1. krs (ravintolan etuosa)<\/td><td>60<\/td><\/tr><tr><td colspan=\"2\">Ravintola Panorama, 2. krs<\/td><td>200<\/td><\/tr><tr><td colspan=\"2\">Panorama Sky Bar, 7.krs<\/td><td>100<\/td><\/tr><tr><td colspan=\"2\">Kabinetit, 2 kpl<\/td><td>12-14<\/td><\/tr><tr><td colspan=\"2\">Saunaosasto, 7. krs<\/td><td><\/td><\/tr><\/tbody><\/table><\/figure>\n<\/div>\n<\/div>\n<\/div>\n\n\n\n<div class=\"wp-block-buttons is-content-justification-center is-layout-flex wp-container-core-buttons-is-layout-a89b3969 wp-block-buttons-is-layout-flex\">\n<div class=\"wp-block-button\"><a class=\"wp-block-button__link wp-element-button\" href=\"https:\/\/www.kassiopeia.fi\/levi-summit\/tarjouspyynto\/\">Pyyd\u00e4 tarjous majoituksesta<\/a><\/div>\n<\/div>\n","protected":false},"excerpt":{"rendered":"<p>Kokousmajoitus Tapahtumakeskus Levi Summitin yhteydess\u00e4 sijaitseva Hotel Levi Panorama majoittaa kokousvieraat mukavasti. Hotellin palvelut, neuvottelutilat ja ravintolat t\u00e4ydent\u00e4v\u00e4t tarjontaa, ja yhdess\u00e4 Levi Panorama ja Levi Summit muodostavat vaivattoman kokonaisuuden erilaisten tilaisuuksien j\u00e4rjest\u00e4miseen. Upea maisemahotelli ja ravintolapalvelut Levin eturinteess\u00e4 Tapahtumakeskus Levi Summit ja Hotel Levi Panorama sijaitsevat korkealla Levitunturin eturinteen laella, merenpinnasta korkeus on yli 300 [&hellip;]<\/p>\n","protected":false},"author":4,"featured_media":0,"parent":0,"menu_order":0,"comment_status":"closed","ping_status":"closed","template":"","meta":{"_acf_changed":false,"footnotes":""},"class_list":["post-1472","page","type-page","status-publish","hentry"],"acf":[],"yoast_head":"<!-- This site is optimized with the Yoast SEO Premium plugin v27.2 (Yoast SEO v27.2) - https:\/\/yoast.com\/product\/yoast-seo-premium-wordpress\/ -->\n<title>Kokousmajoitus - Levi Summit<\/title>\n<meta name=\"description\" content=\"Tapahtumakeskus Levi Summitin yhteydess\u00e4 sijaitseva Hotel Levi Panorama majoittaa kokousvieraat mukavasti. Lue lis\u00e4\u00e4!\" \/>\n<meta name=\"robots\" content=\"index, follow, max-snippet:-1, max-image-preview:large, max-video-preview:-1\" \/>\n<link rel=\"canonical\" href=\"https:\/\/www.kassiopeia.fi\/levi-summit\/kokousmajoitus\/\" \/>\n<meta property=\"og:locale\" content=\"fi_FI\" \/>\n<meta property=\"og:type\" content=\"article\" \/>\n<meta property=\"og:title\" content=\"Kokousmajoitus\" \/>\n<meta property=\"og:description\" content=\"Tapahtumakeskus Levi Summitin yhteydess\u00e4 sijaitseva Hotel Levi Panorama majoittaa kokousvieraat mukavasti. Lue lis\u00e4\u00e4!\" \/>\n<meta property=\"og:url\" content=\"https:\/\/www.kassiopeia.fi\/levi-summit\/kokousmajoitus\/\" \/>\n<meta property=\"og:site_name\" content=\"Levi Summit\" \/>\n<meta property=\"article:publisher\" content=\"https:\/\/www.facebook.com\/LeviSummitEventCenter\/\" \/>\n<meta property=\"article:modified_time\" content=\"2025-08-22T12:05:34+00:00\" \/>\n<meta property=\"og:image\" content=\"https:\/\/www.kassiopeia.fi\/levi-summit\/wp-content\/uploads\/sites\/5\/2025\/08\/hotel-levi-panorama-talvinen-ulkokuva-edited.jpg\" \/>\n\t<meta property=\"og:image:width\" content=\"1322\" \/>\n\t<meta property=\"og:image:height\" content=\"1322\" \/>\n\t<meta property=\"og:image:type\" content=\"image\/jpeg\" \/>\n<meta name=\"twitter:card\" content=\"summary_large_image\" \/>\n<meta name=\"twitter:label1\" content=\"Arvioitu lukuaika\" \/>\n\t<meta name=\"twitter:data1\" content=\"2 minuuttia\" \/>\n<script type=\"application\/ld+json\" class=\"yoast-schema-graph\">{\"@context\":\"https:\/\/schema.org\",\"@graph\":[{\"@type\":\"WebPage\",\"@id\":\"https:\/\/www.kassiopeia.fi\/levi-summit\/kokousmajoitus\/\",\"url\":\"https:\/\/www.kassiopeia.fi\/levi-summit\/kokousmajoitus\/\",\"name\":\"Kokousmajoitus - Levi Summit\",\"isPartOf\":{\"@id\":\"https:\/\/www.kassiopeia.fi\/levi-summit\/#website\"},\"primaryImageOfPage\":{\"@id\":\"https:\/\/www.kassiopeia.fi\/levi-summit\/kokousmajoitus\/#primaryimage\"},\"image\":{\"@id\":\"https:\/\/www.kassiopeia.fi\/levi-summit\/kokousmajoitus\/#primaryimage\"},\"thumbnailUrl\":\"https:\/\/www.kassiopeia.fi\/levi-summit\/wp-content\/uploads\/sites\/5\/2025\/08\/hotel-levi-panorama-talvinen-ulkokuva-edited.jpg\",\"datePublished\":\"2025-08-20T07:58:23+00:00\",\"dateModified\":\"2025-08-22T12:05:34+00:00\",\"description\":\"Tapahtumakeskus Levi Summitin yhteydess\u00e4 sijaitseva Hotel Levi Panorama majoittaa kokousvieraat mukavasti. Lue lis\u00e4\u00e4!\",\"breadcrumb\":{\"@id\":\"https:\/\/www.kassiopeia.fi\/levi-summit\/kokousmajoitus\/#breadcrumb\"},\"inLanguage\":\"fi\",\"potentialAction\":[{\"@type\":\"ReadAction\",\"target\":[\"https:\/\/www.kassiopeia.fi\/levi-summit\/kokousmajoitus\/\"]}]},{\"@type\":\"ImageObject\",\"inLanguage\":\"fi\",\"@id\":\"https:\/\/www.kassiopeia.fi\/levi-summit\/kokousmajoitus\/#primaryimage\",\"url\":\"https:\/\/www.kassiopeia.fi\/levi-summit\/wp-content\/uploads\/sites\/5\/2025\/08\/hotel-levi-panorama-talvinen-ulkokuva-edited.jpg\",\"contentUrl\":\"https:\/\/www.kassiopeia.fi\/levi-summit\/wp-content\/uploads\/sites\/5\/2025\/08\/hotel-levi-panorama-talvinen-ulkokuva-edited.jpg\",\"width\":1322,\"height\":1322,\"caption\":\"Tapahtumakeskus Levi Summit ja Hotel Lei Panorama Levitunturin Koutalalella talvisena iltana.\"},{\"@type\":\"BreadcrumbList\",\"@id\":\"https:\/\/www.kassiopeia.fi\/levi-summit\/kokousmajoitus\/#breadcrumb\",\"itemListElement\":[{\"@type\":\"ListItem\",\"position\":1,\"name\":\"Etusivu\",\"item\":\"https:\/\/www.kassiopeia.fi\/levi-summit\/\"},{\"@type\":\"ListItem\",\"position\":2,\"name\":\"Kokousmajoitus\"}]},{\"@type\":\"WebSite\",\"@id\":\"https:\/\/www.kassiopeia.fi\/levi-summit\/#website\",\"url\":\"https:\/\/www.kassiopeia.fi\/levi-summit\/\",\"name\":\"Levi Summit\",\"description\":\"\",\"potentialAction\":[{\"@type\":\"SearchAction\",\"target\":{\"@type\":\"EntryPoint\",\"urlTemplate\":\"https:\/\/www.kassiopeia.fi\/levi-summit\/?s={search_term_string}\"},\"query-input\":{\"@type\":\"PropertyValueSpecification\",\"valueRequired\":true,\"valueName\":\"search_term_string\"}}],\"inLanguage\":\"fi\"}]}<\/script>\n<!-- \/ Yoast SEO Premium plugin. -->","yoast_head_json":{"title":"Kokousmajoitus - Levi Summit","description":"Tapahtumakeskus Levi Summitin yhteydess\u00e4 sijaitseva Hotel Levi Panorama majoittaa kokousvieraat mukavasti. Lue lis\u00e4\u00e4!","robots":{"index":"index","follow":"follow","max-snippet":"max-snippet:-1","max-image-preview":"max-image-preview:large","max-video-preview":"max-video-preview:-1"},"canonical":"https:\/\/www.kassiopeia.fi\/levi-summit\/kokousmajoitus\/","og_locale":"fi_FI","og_type":"article","og_title":"Kokousmajoitus","og_description":"Tapahtumakeskus Levi Summitin yhteydess\u00e4 sijaitseva Hotel Levi Panorama majoittaa kokousvieraat mukavasti. Lue lis\u00e4\u00e4!","og_url":"https:\/\/www.kassiopeia.fi\/levi-summit\/kokousmajoitus\/","og_site_name":"Levi Summit","article_publisher":"https:\/\/www.facebook.com\/LeviSummitEventCenter\/","article_modified_time":"2025-08-22T12:05:34+00:00","og_image":[{"width":1322,"height":1322,"url":"https:\/\/www.kassiopeia.fi\/levi-summit\/wp-content\/uploads\/sites\/5\/2025\/08\/hotel-levi-panorama-talvinen-ulkokuva-edited.jpg","type":"image\/jpeg"}],"twitter_card":"summary_large_image","twitter_misc":{"Arvioitu lukuaika":"2 minuuttia"},"schema":{"@context":"https:\/\/schema.org","@graph":[{"@type":"WebPage","@id":"https:\/\/www.kassiopeia.fi\/levi-summit\/kokousmajoitus\/","url":"https:\/\/www.kassiopeia.fi\/levi-summit\/kokousmajoitus\/","name":"Kokousmajoitus - Levi Summit","isPartOf":{"@id":"https:\/\/www.kassiopeia.fi\/levi-summit\/#website"},"primaryImageOfPage":{"@id":"https:\/\/www.kassiopeia.fi\/levi-summit\/kokousmajoitus\/#primaryimage"},"image":{"@id":"https:\/\/www.kassiopeia.fi\/levi-summit\/kokousmajoitus\/#primaryimage"},"thumbnailUrl":"https:\/\/www.kassiopeia.fi\/levi-summit\/wp-content\/uploads\/sites\/5\/2025\/08\/hotel-levi-panorama-talvinen-ulkokuva-edited.jpg","datePublished":"2025-08-20T07:58:23+00:00","dateModified":"2025-08-22T12:05:34+00:00","description":"Tapahtumakeskus Levi Summitin yhteydess\u00e4 sijaitseva Hotel Levi Panorama majoittaa kokousvieraat mukavasti. Lue lis\u00e4\u00e4!","breadcrumb":{"@id":"https:\/\/www.kassiopeia.fi\/levi-summit\/kokousmajoitus\/#breadcrumb"},"inLanguage":"fi","potentialAction":[{"@type":"ReadAction","target":["https:\/\/www.kassiopeia.fi\/levi-summit\/kokousmajoitus\/"]}]},{"@type":"ImageObject","inLanguage":"fi","@id":"https:\/\/www.kassiopeia.fi\/levi-summit\/kokousmajoitus\/#primaryimage","url":"https:\/\/www.kassiopeia.fi\/levi-summit\/wp-content\/uploads\/sites\/5\/2025\/08\/hotel-levi-panorama-talvinen-ulkokuva-edited.jpg","contentUrl":"https:\/\/www.kassiopeia.fi\/levi-summit\/wp-content\/uploads\/sites\/5\/2025\/08\/hotel-levi-panorama-talvinen-ulkokuva-edited.jpg","width":1322,"height":1322,"caption":"Tapahtumakeskus Levi Summit ja Hotel Lei Panorama Levitunturin Koutalalella talvisena iltana."},{"@type":"BreadcrumbList","@id":"https:\/\/www.kassiopeia.fi\/levi-summit\/kokousmajoitus\/#breadcrumb","itemListElement":[{"@type":"ListItem","position":1,"name":"Etusivu","item":"https:\/\/www.kassiopeia.fi\/levi-summit\/"},{"@type":"ListItem","position":2,"name":"Kokousmajoitus"}]},{"@type":"WebSite","@id":"https:\/\/www.kassiopeia.fi\/levi-summit\/#website","url":"https:\/\/www.kassiopeia.fi\/levi-summit\/","name":"Levi Summit","description":"","potentialAction":[{"@type":"SearchAction","target":{"@type":"EntryPoint","urlTemplate":"https:\/\/www.kassiopeia.fi\/levi-summit\/?s={search_term_string}"},"query-input":{"@type":"PropertyValueSpecification","valueRequired":true,"valueName":"search_term_string"}}],"inLanguage":"fi"}]}},"lang":"fi","translations":{"fi":1472,"en":1711},"pll_sync_post":[],"_links":{"self":[{"href":"https:\/\/www.kassiopeia.fi\/levi-summit\/wp-json\/wp\/v2\/pages\/1472","targetHints":{"allow":["GET"]}}],"collection":[{"href":"https:\/\/www.kassiopeia.fi\/levi-summit\/wp-json\/wp\/v2\/pages"}],"about":[{"href":"https:\/\/www.kassiopeia.fi\/levi-summit\/wp-json\/wp\/v2\/types\/page"}],"author":[{"embeddable":true,"href":"https:\/\/www.kassiopeia.fi\/levi-summit\/wp-json\/wp\/v2\/users\/4"}],"replies":[{"embeddable":true,"href":"https:\/\/www.kassiopeia.fi\/levi-summit\/wp-json\/wp\/v2\/comments?post=1472"}],"version-history":[{"count":68,"href":"https:\/\/www.kassiopeia.fi\/levi-summit\/wp-json\/wp\/v2\/pages\/1472\/revisions"}],"predecessor-version":[{"id":1728,"href":"https:\/\/www.kassiopeia.fi\/levi-summit\/wp-json\/wp\/v2\/pages\/1472\/revisions\/1728"}],"wp:attachment":[{"href":"https:\/\/www.kassiopeia.fi\/levi-summit\/wp-json\/wp\/v2\/media?parent=1472"}],"curies":[{"name":"wp","href":"https:\/\/api.w.org\/{rel}","templated":true}]}}