{"id":1184,"date":"2025-07-17T14:59:33","date_gmt":"2025-07-17T11:59:33","guid":{"rendered":"https:\/\/www.kassiopeia.fi\/levi-summit\/?page_id=1184"},"modified":"2025-10-22T13:59:36","modified_gmt":"2025-10-22T10:59:36","slug":"samiland-2","status":"publish","type":"page","link":"https:\/\/www.kassiopeia.fi\/levi-summit\/en\/samiland-2\/","title":{"rendered":"Samiland"},"content":{"rendered":"\n<div class=\"wp-block-cover alignfull has-parallax cover-hero wp-duotone-unset-1\" style=\"margin-top:0px;margin-bottom:0px;padding-top:0px;padding-right:0px;padding-bottom:0px;padding-left:0px;min-height:100vh;aspect-ratio:unset;\"><div role=\"img\" aria-label=\"&quot;&quot;\" class=\"wp-block-cover__image-background wp-image-2597 size-full has-parallax\" style=\"background-position:50% 50%;background-image:url(https:\/\/www.kassiopeia.fi\/levi-summit\/wp-content\/uploads\/sites\/5\/2025\/10\/samiland_J28A9608_web.jpg)\"><\/div><span aria-hidden=\"true\" class=\"wp-block-cover__background has-levi-summit-4-background-color has-background-dim-0 has-background-dim\"><\/span><div class=\"wp-block-cover__inner-container is-layout-flow wp-container-core-cover-is-layout-6e17fc20 wp-block-cover-is-layout-flow\">\n<div class=\"wp-block-group is-layout-constrained wp-container-core-group-is-layout-00f579c5 wp-block-group-is-layout-constrained\">\n<h1 class=\"wp-block-heading has-text-align-center has-general-1-color has-text-color has-link-color has-large-font-size wp-elements-0cf344c2efcb6597673067e9b117e259\" id=\"h-\"><\/h1>\n<\/div>\n<\/div><\/div>\n\n\n\n<div class=\"wp-block-group alignfull is-layout-constrained wp-container-core-group-is-layout-67433f71 wp-block-group-is-layout-constrained\" style=\"margin-top:0;margin-bottom:0;padding-top:var(--wp--preset--spacing--70);padding-right:0;padding-bottom:var(--wp--preset--spacing--30);padding-left:0\">\n<div class=\"wp-block-columns are-vertically-aligned-center is-layout-flex wp-container-core-columns-is-layout-28f84493 wp-block-columns-is-layout-flex\">\n<div class=\"wp-block-column is-vertically-aligned-center is-layout-flow wp-block-column-is-layout-flow\">\n<figure class=\"wp-block-image size-full\" style=\"margin-right:var(--wp--preset--spacing--40);margin-left:var(--wp--preset--spacing--40)\"><img loading=\"lazy\" decoding=\"async\" width=\"1000\" height=\"1000\" src=\"https:\/\/www.kassiopeia.fi\/levi-summit\/wp-content\/uploads\/sites\/5\/2025\/05\/samiland-ulkonayttely.jpg\" alt=\"\" class=\"wp-image-561\" srcset=\"https:\/\/www.kassiopeia.fi\/levi-summit\/wp-content\/uploads\/sites\/5\/2025\/05\/samiland-ulkonayttely.jpg 1000w, https:\/\/www.kassiopeia.fi\/levi-summit\/wp-content\/uploads\/sites\/5\/2025\/05\/samiland-ulkonayttely-300x300.jpg 300w, https:\/\/www.kassiopeia.fi\/levi-summit\/wp-content\/uploads\/sites\/5\/2025\/05\/samiland-ulkonayttely-150x150.jpg 150w, https:\/\/www.kassiopeia.fi\/levi-summit\/wp-content\/uploads\/sites\/5\/2025\/05\/samiland-ulkonayttely-768x768.jpg 768w\" sizes=\"auto, (max-width: 1000px) 100vw, 1000px\" \/><\/figure>\n<\/div>\n\n\n\n<div class=\"wp-block-column is-vertically-aligned-center is-layout-flow wp-block-column-is-layout-flow\" style=\"padding-top:var(--wp--preset--spacing--40);padding-right:var(--wp--preset--spacing--60);padding-bottom:var(--wp--preset--spacing--70);padding-left:var(--wp--preset--spacing--60)\">\n<h2 class=\"wp-block-heading has-text-align-left\" id=\"h-samiland-discover-sami-culture-atop-levi-summit\">Samiland &#8211; Discover Sami Culture atop Levi Summit<\/h2>\n\n\n\n<p>Step into Samiland, part of the UNESCO Observatory Cultural Village programme. This immersive exhibition unfolds the rich history, culture and mythology of the Sami people across its 500 m\u00b2 indoor and 10 000 m\u00b2 outdoor areas.<\/p>\n\n\n\n<p>Inside, you\u2019ll learn about the distinct lifestyles of the Skolt and Mountain Sami, ancient mythic characters, and traditional livelihoods. Outdoors, explore authentic Sami buildings and get an up-close look at reindeer herding traditions.<\/p>\n\n\n\n<p>Visit between November and April and experience a true highlight: feed the reindeer by hand. Just buy a bag of lichen from Cafe Spiella.<\/p>\n\n\n\n<p>Your ticket includes a hot drink, and optional guided tours are available. Choose a standard guided tour or enjoy a cultural performance featuring traditional Sami joik singing by guide Ante Aikio.<\/p>\n\n\n\n<p>Read more: <a href=\"https:\/\/www.samiland.fi\" target=\"_blank\" rel=\"noreferrer noopener\">samiland.fi<\/a><\/p>\n<\/div>\n<\/div>\n<\/div>\n\n\n\n<div class=\"wp-block-columns are-vertically-aligned-center is-layout-flex wp-container-core-columns-is-layout-28f84493 wp-block-columns-is-layout-flex\">\n<div class=\"wp-block-column is-vertically-aligned-center is-layout-flow wp-block-column-is-layout-flow\">\n<figure class=\"wp-block-image size-full\" style=\"margin-right:var(--wp--preset--spacing--40);margin-left:var(--wp--preset--spacing--40)\"><img loading=\"lazy\" decoding=\"async\" width=\"1844\" height=\"1198\" src=\"https:\/\/www.kassiopeia.fi\/levi-summit\/wp-content\/uploads\/sites\/5\/2025\/08\/hotel-levi-panorama-levin-talvisessa-rinteessa_2000x1300.jpg\" alt=\"&quot;&quot;\" class=\"wp-image-1449\" style=\"aspect-ratio:1;object-fit:cover\" srcset=\"https:\/\/www.kassiopeia.fi\/levi-summit\/wp-content\/uploads\/sites\/5\/2025\/08\/hotel-levi-panorama-levin-talvisessa-rinteessa_2000x1300.jpg 1844w, https:\/\/www.kassiopeia.fi\/levi-summit\/wp-content\/uploads\/sites\/5\/2025\/08\/hotel-levi-panorama-levin-talvisessa-rinteessa_2000x1300-300x195.jpg 300w, https:\/\/www.kassiopeia.fi\/levi-summit\/wp-content\/uploads\/sites\/5\/2025\/08\/hotel-levi-panorama-levin-talvisessa-rinteessa_2000x1300-1024x665.jpg 1024w, https:\/\/www.kassiopeia.fi\/levi-summit\/wp-content\/uploads\/sites\/5\/2025\/08\/hotel-levi-panorama-levin-talvisessa-rinteessa_2000x1300-768x499.jpg 768w, https:\/\/www.kassiopeia.fi\/levi-summit\/wp-content\/uploads\/sites\/5\/2025\/08\/hotel-levi-panorama-levin-talvisessa-rinteessa_2000x1300-1536x998.jpg 1536w\" sizes=\"auto, (max-width: 1844px) 100vw, 1844px\" \/><\/figure>\n<\/div>\n\n\n\n<div class=\"wp-block-column is-vertically-aligned-center is-layout-flow wp-block-column-is-layout-flow\" style=\"padding-top:var(--wp--preset--spacing--40);padding-right:var(--wp--preset--spacing--60);padding-bottom:var(--wp--preset--spacing--70);padding-left:var(--wp--preset--spacing--60)\">\n<h2 class=\"wp-block-heading has-text-align-left\" id=\"h-opening-hours\">Opening hours<\/h2>\n\n\n\n<p class=\"has-text-align-left\">Check opening hours: <a href=\"https:\/\/samiland.fi\/fi\/hinnat\" target=\"_blank\" rel=\"noreferrer noopener\">Samiland.fi<\/a><\/p>\n\n\n\n<p>Samiland is located at Levi Summit, next to Hotel Levi Panorama.<\/p>\n\n\n\n<h2 class=\"wp-block-heading\" id=\"h-you-can-reach-us\">You can reach us:<\/h2>\n\n\n\n<ul class=\"wp-block-list\">\n<li>By car or winter shuttle bus<\/li>\n\n\n\n<li>On foot via the Front Slope stairs<\/li>\n\n\n\n<li>By Levi Express scenic lift (single tickets from Zero Point)<\/li>\n<\/ul>\n\n\n\n\n<style>\n    #wp-block-acf-tietokentat-1226042389 p {\n        margin: 0px;\n        margin-bottom: 9px;\n        <br \/>\n<b>Warning<\/b>:  Undefined variable $textAlign in <b>\/var\/www\/kassiopeia.fi\/git-repo\/kassiopeia\/kassiopeia-custom-blocks\/blocks\/tietokentat\/block.php<\/b> on line <b>74<\/b><br \/>\n    }\n<\/style>\n\n<div class=\"align wp-block-acf-tietokentat has-text-color has-black-color\" id=\"wp-block-acf-tietokentat-1226042389\"><h3 style=\"text-align: left;\">Levi Express -n\u00e4k\u00f6alahissin liikenn\u00f6inti<\/h3>\n<p><strong>13.4.\u20133.5.2026<br \/>\n<\/strong>P\u00e4ivitt\u00e4in klo 9.30\u201319.00.<\/p>\n<p><em>4.5.-11.6.2026 Kiinni<br \/>\n<\/em><em>12.6.-26.9.2026 10-18<br \/>\n<\/em><em>27.9.-2.10.2026 Kiinni<br \/>\n<\/em><em>3.10.-12.11.2026 9.30-19<\/em><\/p>\n<\/div>\n<\/div>\n<\/div>\n\n\n\n<div class=\"wp-block-columns are-vertically-aligned-center is-layout-flex wp-container-core-columns-is-layout-28f84493 wp-block-columns-is-layout-flex\">\n<div class=\"wp-block-column is-vertically-aligned-center is-layout-flow wp-block-column-is-layout-flow\">\n<figure class=\"wp-block-image size-full\" style=\"margin-right:var(--wp--preset--spacing--40);margin-left:var(--wp--preset--spacing--40)\"><img loading=\"lazy\" decoding=\"async\" width=\"1536\" height=\"1712\" src=\"https:\/\/www.kassiopeia.fi\/levi-summit\/wp-content\/uploads\/sites\/5\/2025\/09\/levi-portaat.jpg\" alt=\"&quot;&quot;\" class=\"wp-image-2383\" style=\"aspect-ratio:1;object-fit:cover\" srcset=\"https:\/\/www.kassiopeia.fi\/levi-summit\/wp-content\/uploads\/sites\/5\/2025\/09\/levi-portaat.jpg 1536w, https:\/\/www.kassiopeia.fi\/levi-summit\/wp-content\/uploads\/sites\/5\/2025\/09\/levi-portaat-269x300.jpg 269w, https:\/\/www.kassiopeia.fi\/levi-summit\/wp-content\/uploads\/sites\/5\/2025\/09\/levi-portaat-919x1024.jpg 919w, https:\/\/www.kassiopeia.fi\/levi-summit\/wp-content\/uploads\/sites\/5\/2025\/09\/levi-portaat-768x856.jpg 768w, https:\/\/www.kassiopeia.fi\/levi-summit\/wp-content\/uploads\/sites\/5\/2025\/09\/levi-portaat-1378x1536.jpg 1378w\" sizes=\"auto, (max-width: 1536px) 100vw, 1536px\" \/><\/figure>\n<\/div>\n\n\n\n<div class=\"wp-block-column is-vertically-aligned-center is-layout-flow wp-block-column-is-layout-flow\" style=\"padding-top:var(--wp--preset--spacing--40);padding-right:var(--wp--preset--spacing--60);padding-bottom:var(--wp--preset--spacing--70);padding-left:var(--wp--preset--spacing--60)\">\n<h2 class=\"wp-block-heading has-text-align-left\" id=\"h-get-active-and-climb-the-766-steps-up-the-front-slopes-of-levi-fell\">Get active and climb the 766 steps up the Front Slopes of Levi Fell!<\/h2>\n\n\n\n<p class=\"has-text-align-left\">The nature trail leading up the fell is full of natural beauty and scenic charm. Along the way, you\u2019ll find rest stops where you can pause, catch your breath and enjoy the stunning views.<\/p>\n<\/div>\n<\/div>\n\n\n\n<figure class=\"wp-block-image aligncenter size-large is-style-default\" style=\"margin-right:0;margin-left:0\"><img loading=\"lazy\" decoding=\"async\" width=\"1024\" height=\"673\" src=\"https:\/\/www.kassiopeia.fi\/levi-summit\/wp-content\/uploads\/sites\/5\/2025\/09\/kartta_summittiin-1-1024x673.jpg\" alt=\"&quot;&quot;\" class=\"wp-image-1893\" srcset=\"https:\/\/www.kassiopeia.fi\/levi-summit\/wp-content\/uploads\/sites\/5\/2025\/09\/kartta_summittiin-1-1024x673.jpg 1024w, https:\/\/www.kassiopeia.fi\/levi-summit\/wp-content\/uploads\/sites\/5\/2025\/09\/kartta_summittiin-1-300x197.jpg 300w, https:\/\/www.kassiopeia.fi\/levi-summit\/wp-content\/uploads\/sites\/5\/2025\/09\/kartta_summittiin-1-768x505.jpg 768w, https:\/\/www.kassiopeia.fi\/levi-summit\/wp-content\/uploads\/sites\/5\/2025\/09\/kartta_summittiin-1-1536x1010.jpg 1536w, https:\/\/www.kassiopeia.fi\/levi-summit\/wp-content\/uploads\/sites\/5\/2025\/09\/kartta_summittiin-1.jpg 1565w\" sizes=\"auto, (max-width: 1024px) 100vw, 1024px\" \/><\/figure>\n\n\n\n<div class=\"wp-block-group alignfull is-layout-constrained wp-container-core-group-is-layout-0c9c989a wp-block-group-is-layout-constrained\" style=\"margin-top:0;margin-bottom:0;padding-top:var(--wp--preset--spacing--70);padding-right:var(--wp--preset--spacing--40);padding-bottom:var(--wp--preset--spacing--70);padding-left:var(--wp--preset--spacing--40)\">\n<div class=\"wp-block-columns is-layout-flex wp-container-core-columns-is-layout-28f84493 wp-block-columns-is-layout-flex\">\n<div class=\"wp-block-column is-layout-flow wp-block-column-is-layout-flow\">\n<figure class=\"wp-block-image size-full openable-image\"><img loading=\"lazy\" decoding=\"async\" width=\"1200\" height=\"1200\" src=\"https:\/\/www.kassiopeia.fi\/levi-summit\/wp-content\/uploads\/sites\/5\/2025\/07\/samiland-nayttely.jpg\" alt=\"&quot;&quot;\" class=\"wp-image-1166\" style=\"aspect-ratio:1;object-fit:cover\" srcset=\"https:\/\/www.kassiopeia.fi\/levi-summit\/wp-content\/uploads\/sites\/5\/2025\/07\/samiland-nayttely.jpg 1200w, https:\/\/www.kassiopeia.fi\/levi-summit\/wp-content\/uploads\/sites\/5\/2025\/07\/samiland-nayttely-300x300.jpg 300w, https:\/\/www.kassiopeia.fi\/levi-summit\/wp-content\/uploads\/sites\/5\/2025\/07\/samiland-nayttely-1024x1024.jpg 1024w, https:\/\/www.kassiopeia.fi\/levi-summit\/wp-content\/uploads\/sites\/5\/2025\/07\/samiland-nayttely-150x150.jpg 150w, https:\/\/www.kassiopeia.fi\/levi-summit\/wp-content\/uploads\/sites\/5\/2025\/07\/samiland-nayttely-768x768.jpg 768w\" sizes=\"auto, (max-width: 1200px) 100vw, 1200px\" \/><\/figure>\n<\/div>\n\n\n\n<div class=\"wp-block-column is-layout-flow wp-block-column-is-layout-flow\">\n<figure class=\"wp-block-image size-full openable-image\"><img loading=\"lazy\" decoding=\"async\" width=\"1200\" height=\"1200\" src=\"https:\/\/www.kassiopeia.fi\/levi-summit\/wp-content\/uploads\/sites\/5\/2025\/07\/samiland-rumpu.jpg\" alt=\"&quot;&quot;\" class=\"wp-image-1167\" style=\"aspect-ratio:1;object-fit:cover\" srcset=\"https:\/\/www.kassiopeia.fi\/levi-summit\/wp-content\/uploads\/sites\/5\/2025\/07\/samiland-rumpu.jpg 1200w, https:\/\/www.kassiopeia.fi\/levi-summit\/wp-content\/uploads\/sites\/5\/2025\/07\/samiland-rumpu-300x300.jpg 300w, https:\/\/www.kassiopeia.fi\/levi-summit\/wp-content\/uploads\/sites\/5\/2025\/07\/samiland-rumpu-1024x1024.jpg 1024w, https:\/\/www.kassiopeia.fi\/levi-summit\/wp-content\/uploads\/sites\/5\/2025\/07\/samiland-rumpu-150x150.jpg 150w, https:\/\/www.kassiopeia.fi\/levi-summit\/wp-content\/uploads\/sites\/5\/2025\/07\/samiland-rumpu-768x768.jpg 768w\" sizes=\"auto, (max-width: 1200px) 100vw, 1200px\" \/><\/figure>\n<\/div>\n\n\n\n<div class=\"wp-block-column is-layout-flow wp-block-column-is-layout-flow\">\n<figure class=\"wp-block-image size-full openable-image\"><img loading=\"lazy\" decoding=\"async\" width=\"1200\" height=\"1200\" src=\"https:\/\/www.kassiopeia.fi\/levi-summit\/wp-content\/uploads\/sites\/5\/2025\/07\/samiland-taulut.jpg\" alt=\"&quot;&quot;\" class=\"wp-image-1168\" style=\"aspect-ratio:1;object-fit:cover\" srcset=\"https:\/\/www.kassiopeia.fi\/levi-summit\/wp-content\/uploads\/sites\/5\/2025\/07\/samiland-taulut.jpg 1200w, https:\/\/www.kassiopeia.fi\/levi-summit\/wp-content\/uploads\/sites\/5\/2025\/07\/samiland-taulut-300x300.jpg 300w, https:\/\/www.kassiopeia.fi\/levi-summit\/wp-content\/uploads\/sites\/5\/2025\/07\/samiland-taulut-1024x1024.jpg 1024w, https:\/\/www.kassiopeia.fi\/levi-summit\/wp-content\/uploads\/sites\/5\/2025\/07\/samiland-taulut-150x150.jpg 150w, https:\/\/www.kassiopeia.fi\/levi-summit\/wp-content\/uploads\/sites\/5\/2025\/07\/samiland-taulut-768x768.jpg 768w\" sizes=\"auto, (max-width: 1200px) 100vw, 1200px\" \/><\/figure>\n<\/div>\n\n\n\n<div class=\"wp-block-column is-layout-flow wp-block-column-is-layout-flow\">\n<figure class=\"wp-block-image size-full openable-image\"><img loading=\"lazy\" decoding=\"async\" width=\"1200\" height=\"1200\" src=\"https:\/\/www.kassiopeia.fi\/levi-summit\/wp-content\/uploads\/sites\/5\/2025\/07\/samiland-puro.jpg\" alt=\"&quot;&quot;\" class=\"wp-image-1169\" style=\"aspect-ratio:1;object-fit:cover\" srcset=\"https:\/\/www.kassiopeia.fi\/levi-summit\/wp-content\/uploads\/sites\/5\/2025\/07\/samiland-puro.jpg 1200w, https:\/\/www.kassiopeia.fi\/levi-summit\/wp-content\/uploads\/sites\/5\/2025\/07\/samiland-puro-300x300.jpg 300w, https:\/\/www.kassiopeia.fi\/levi-summit\/wp-content\/uploads\/sites\/5\/2025\/07\/samiland-puro-1024x1024.jpg 1024w, https:\/\/www.kassiopeia.fi\/levi-summit\/wp-content\/uploads\/sites\/5\/2025\/07\/samiland-puro-150x150.jpg 150w, https:\/\/www.kassiopeia.fi\/levi-summit\/wp-content\/uploads\/sites\/5\/2025\/07\/samiland-puro-768x768.jpg 768w\" sizes=\"auto, (max-width: 1200px) 100vw, 1200px\" \/><\/figure>\n<\/div>\n<\/div>\n<\/div>\n","protected":false},"excerpt":{"rendered":"<p>Samiland &#8211; Discover Sami Culture atop Levi Summit Step into Samiland, part of the UNESCO Observatory Cultural Village programme. This immersive exhibition unfolds the rich history, culture and mythology of the Sami people across its 500 m\u00b2 indoor and 10 000 m\u00b2 outdoor areas. Inside, you\u2019ll learn about the distinct lifestyles of the Skolt and [&hellip;]<\/p>\n","protected":false},"author":4,"featured_media":0,"parent":0,"menu_order":0,"comment_status":"closed","ping_status":"closed","template":"","meta":{"_acf_changed":false,"footnotes":""},"class_list":["post-1184","page","type-page","status-publish","hentry"],"acf":[],"yoast_head":"<!-- This site is optimized with the Yoast SEO Premium plugin v27.2 (Yoast SEO v27.2) - https:\/\/yoast.com\/product\/yoast-seo-premium-wordpress\/ -->\n<title>Samiland - Levi Summit<\/title>\n<meta name=\"robots\" content=\"index, follow, max-snippet:-1, max-image-preview:large, max-video-preview:-1\" \/>\n<link rel=\"canonical\" href=\"https:\/\/www.kassiopeia.fi\/levi-summit\/en\/samiland-2\/\" \/>\n<meta property=\"og:locale\" content=\"fi_FI\" \/>\n<meta property=\"og:type\" content=\"article\" \/>\n<meta property=\"og:title\" content=\"Samiland\" \/>\n<meta property=\"og:description\" content=\"Samiland &#8211; Discover Sami Culture atop Levi Summit Step into Samiland, part of the UNESCO Observatory Cultural Village programme. This immersive exhibition unfolds the rich history, culture and mythology of the Sami people across its 500 m\u00b2 indoor and 10 000 m\u00b2 outdoor areas. Inside, you\u2019ll learn about the distinct lifestyles of the Skolt and [&hellip;]\" \/>\n<meta property=\"og:url\" content=\"https:\/\/www.kassiopeia.fi\/levi-summit\/en\/samiland-2\/\" \/>\n<meta property=\"og:site_name\" content=\"Levi Summit\" \/>\n<meta property=\"article:publisher\" content=\"https:\/\/www.facebook.com\/LeviSummitEventCenter\/\" \/>\n<meta property=\"article:modified_time\" content=\"2025-10-22T10:59:36+00:00\" \/>\n<meta property=\"og:image\" content=\"https:\/\/www.kassiopeia.fi\/levi-summit\/wp-content\/uploads\/sites\/5\/2025\/05\/samiland-ulkonayttely.jpg\" \/>\n\t<meta property=\"og:image:width\" content=\"1000\" \/>\n\t<meta property=\"og:image:height\" content=\"1000\" \/>\n\t<meta property=\"og:image:type\" content=\"image\/jpeg\" \/>\n<meta name=\"twitter:card\" content=\"summary_large_image\" \/>\n<meta name=\"twitter:label1\" content=\"Arvioitu lukuaika\" \/>\n\t<meta name=\"twitter:data1\" content=\"4 minuuttia\" \/>\n<script type=\"application\/ld+json\" class=\"yoast-schema-graph\">{\"@context\":\"https:\/\/schema.org\",\"@graph\":[{\"@type\":\"WebPage\",\"@id\":\"https:\/\/www.kassiopeia.fi\/levi-summit\/en\/samiland-2\/\",\"url\":\"https:\/\/www.kassiopeia.fi\/levi-summit\/en\/samiland-2\/\",\"name\":\"Samiland - Levi Summit\",\"isPartOf\":{\"@id\":\"https:\/\/www.kassiopeia.fi\/levi-summit\/#website\"},\"primaryImageOfPage\":{\"@id\":\"https:\/\/www.kassiopeia.fi\/levi-summit\/en\/samiland-2\/#primaryimage\"},\"image\":{\"@id\":\"https:\/\/www.kassiopeia.fi\/levi-summit\/en\/samiland-2\/#primaryimage\"},\"thumbnailUrl\":\"https:\/\/www.kassiopeia.fi\/levi-summit\/wp-content\/uploads\/sites\/5\/2025\/05\/samiland-ulkonayttely.jpg\",\"datePublished\":\"2025-07-17T11:59:33+00:00\",\"dateModified\":\"2025-10-22T10:59:36+00:00\",\"breadcrumb\":{\"@id\":\"https:\/\/www.kassiopeia.fi\/levi-summit\/en\/samiland-2\/#breadcrumb\"},\"inLanguage\":\"fi\",\"potentialAction\":[{\"@type\":\"ReadAction\",\"target\":[\"https:\/\/www.kassiopeia.fi\/levi-summit\/en\/samiland-2\/\"]}]},{\"@type\":\"ImageObject\",\"inLanguage\":\"fi\",\"@id\":\"https:\/\/www.kassiopeia.fi\/levi-summit\/en\/samiland-2\/#primaryimage\",\"url\":\"https:\/\/www.kassiopeia.fi\/levi-summit\/wp-content\/uploads\/sites\/5\/2025\/05\/samiland-ulkonayttely.jpg\",\"contentUrl\":\"https:\/\/www.kassiopeia.fi\/levi-summit\/wp-content\/uploads\/sites\/5\/2025\/05\/samiland-ulkonayttely.jpg\",\"width\":1000,\"height\":1000},{\"@type\":\"BreadcrumbList\",\"@id\":\"https:\/\/www.kassiopeia.fi\/levi-summit\/en\/samiland-2\/#breadcrumb\",\"itemListElement\":[{\"@type\":\"ListItem\",\"position\":1,\"name\":\"Etusivu\",\"item\":\"https:\/\/www.kassiopeia.fi\/levi-summit\/\"},{\"@type\":\"ListItem\",\"position\":2,\"name\":\"Samiland\"}]},{\"@type\":\"WebSite\",\"@id\":\"https:\/\/www.kassiopeia.fi\/levi-summit\/#website\",\"url\":\"https:\/\/www.kassiopeia.fi\/levi-summit\/\",\"name\":\"Levi Summit\",\"description\":\"\",\"potentialAction\":[{\"@type\":\"SearchAction\",\"target\":{\"@type\":\"EntryPoint\",\"urlTemplate\":\"https:\/\/www.kassiopeia.fi\/levi-summit\/?s={search_term_string}\"},\"query-input\":{\"@type\":\"PropertyValueSpecification\",\"valueRequired\":true,\"valueName\":\"search_term_string\"}}],\"inLanguage\":\"fi\"}]}<\/script>\n<!-- \/ Yoast SEO Premium plugin. -->","yoast_head_json":{"title":"Samiland - Levi Summit","robots":{"index":"index","follow":"follow","max-snippet":"max-snippet:-1","max-image-preview":"max-image-preview:large","max-video-preview":"max-video-preview:-1"},"canonical":"https:\/\/www.kassiopeia.fi\/levi-summit\/en\/samiland-2\/","og_locale":"fi_FI","og_type":"article","og_title":"Samiland","og_description":"Samiland &#8211; Discover Sami Culture atop Levi Summit Step into Samiland, part of the UNESCO Observatory Cultural Village programme. This immersive exhibition unfolds the rich history, culture and mythology of the Sami people across its 500 m\u00b2 indoor and 10 000 m\u00b2 outdoor areas. Inside, you\u2019ll learn about the distinct lifestyles of the Skolt and [&hellip;]","og_url":"https:\/\/www.kassiopeia.fi\/levi-summit\/en\/samiland-2\/","og_site_name":"Levi Summit","article_publisher":"https:\/\/www.facebook.com\/LeviSummitEventCenter\/","article_modified_time":"2025-10-22T10:59:36+00:00","og_image":[{"width":1000,"height":1000,"url":"https:\/\/www.kassiopeia.fi\/levi-summit\/wp-content\/uploads\/sites\/5\/2025\/05\/samiland-ulkonayttely.jpg","type":"image\/jpeg"}],"twitter_card":"summary_large_image","twitter_misc":{"Arvioitu lukuaika":"4 minuuttia"},"schema":{"@context":"https:\/\/schema.org","@graph":[{"@type":"WebPage","@id":"https:\/\/www.kassiopeia.fi\/levi-summit\/en\/samiland-2\/","url":"https:\/\/www.kassiopeia.fi\/levi-summit\/en\/samiland-2\/","name":"Samiland - Levi Summit","isPartOf":{"@id":"https:\/\/www.kassiopeia.fi\/levi-summit\/#website"},"primaryImageOfPage":{"@id":"https:\/\/www.kassiopeia.fi\/levi-summit\/en\/samiland-2\/#primaryimage"},"image":{"@id":"https:\/\/www.kassiopeia.fi\/levi-summit\/en\/samiland-2\/#primaryimage"},"thumbnailUrl":"https:\/\/www.kassiopeia.fi\/levi-summit\/wp-content\/uploads\/sites\/5\/2025\/05\/samiland-ulkonayttely.jpg","datePublished":"2025-07-17T11:59:33+00:00","dateModified":"2025-10-22T10:59:36+00:00","breadcrumb":{"@id":"https:\/\/www.kassiopeia.fi\/levi-summit\/en\/samiland-2\/#breadcrumb"},"inLanguage":"fi","potentialAction":[{"@type":"ReadAction","target":["https:\/\/www.kassiopeia.fi\/levi-summit\/en\/samiland-2\/"]}]},{"@type":"ImageObject","inLanguage":"fi","@id":"https:\/\/www.kassiopeia.fi\/levi-summit\/en\/samiland-2\/#primaryimage","url":"https:\/\/www.kassiopeia.fi\/levi-summit\/wp-content\/uploads\/sites\/5\/2025\/05\/samiland-ulkonayttely.jpg","contentUrl":"https:\/\/www.kassiopeia.fi\/levi-summit\/wp-content\/uploads\/sites\/5\/2025\/05\/samiland-ulkonayttely.jpg","width":1000,"height":1000},{"@type":"BreadcrumbList","@id":"https:\/\/www.kassiopeia.fi\/levi-summit\/en\/samiland-2\/#breadcrumb","itemListElement":[{"@type":"ListItem","position":1,"name":"Etusivu","item":"https:\/\/www.kassiopeia.fi\/levi-summit\/"},{"@type":"ListItem","position":2,"name":"Samiland"}]},{"@type":"WebSite","@id":"https:\/\/www.kassiopeia.fi\/levi-summit\/#website","url":"https:\/\/www.kassiopeia.fi\/levi-summit\/","name":"Levi Summit","description":"","potentialAction":[{"@type":"SearchAction","target":{"@type":"EntryPoint","urlTemplate":"https:\/\/www.kassiopeia.fi\/levi-summit\/?s={search_term_string}"},"query-input":{"@type":"PropertyValueSpecification","valueRequired":true,"valueName":"search_term_string"}}],"inLanguage":"fi"}]}},"lang":"en","translations":{"en":1184,"fi":1155},"pll_sync_post":[],"_links":{"self":[{"href":"https:\/\/www.kassiopeia.fi\/levi-summit\/wp-json\/wp\/v2\/pages\/1184","targetHints":{"allow":["GET"]}}],"collection":[{"href":"https:\/\/www.kassiopeia.fi\/levi-summit\/wp-json\/wp\/v2\/pages"}],"about":[{"href":"https:\/\/www.kassiopeia.fi\/levi-summit\/wp-json\/wp\/v2\/types\/page"}],"author":[{"embeddable":true,"href":"https:\/\/www.kassiopeia.fi\/levi-summit\/wp-json\/wp\/v2\/users\/4"}],"replies":[{"embeddable":true,"href":"https:\/\/www.kassiopeia.fi\/levi-summit\/wp-json\/wp\/v2\/comments?post=1184"}],"version-history":[{"count":32,"href":"https:\/\/www.kassiopeia.fi\/levi-summit\/wp-json\/wp\/v2\/pages\/1184\/revisions"}],"predecessor-version":[{"id":2598,"href":"https:\/\/www.kassiopeia.fi\/levi-summit\/wp-json\/wp\/v2\/pages\/1184\/revisions\/2598"}],"wp:attachment":[{"href":"https:\/\/www.kassiopeia.fi\/levi-summit\/wp-json\/wp\/v2\/media?parent=1184"}],"curies":[{"name":"wp","href":"https:\/\/api.w.org\/{rel}","templated":true}]}}