{"id":1055,"date":"2025-07-17T10:18:29","date_gmt":"2025-07-17T07:18:29","guid":{"rendered":"https:\/\/www.kassiopeia.fi\/levi-summit\/?page_id=1055"},"modified":"2025-08-21T12:58:30","modified_gmt":"2025-08-21T09:58:30","slug":"whats-on","status":"publish","type":"page","link":"https:\/\/www.kassiopeia.fi\/levi-summit\/en\/whats-on\/","title":{"rendered":"Whats on"},"content":{"rendered":"\n<div class=\"wp-block-cover alignfull has-parallax cover-hero wp-duotone-unset-1\" style=\"margin-top:0px;margin-bottom:0px;padding-top:0px;padding-right:0px;padding-bottom:0px;padding-left:0px;min-height:100vh;aspect-ratio:unset;\"><div role=\"img\" aria-label=\"&quot;&quot;\" class=\"wp-block-cover__image-background wp-image-1043 size-full has-parallax\" style=\"background-position:50% 50%;background-image:url(https:\/\/www.kassiopeia.fi\/levi-summit\/wp-content\/uploads\/sites\/5\/2025\/07\/levi-summit-auditorio.jpg)\"><\/div><span aria-hidden=\"true\" class=\"wp-block-cover__background has-levi-summit-4-background-color has-background-dim-0 has-background-dim\"><\/span><div class=\"wp-block-cover__inner-container is-layout-flow wp-container-core-cover-is-layout-6e17fc20 wp-block-cover-is-layout-flow\">\n<p class=\"has-text-align-center has-large-font-size\"><\/p>\n<\/div><\/div>\n\n\n\n<div class=\"wp-block-group alignfull has-background is-layout-constrained wp-container-core-group-is-layout-8657f4d6 wp-block-group-is-layout-constrained\" style=\"background-color:#f7f7f7;margin-top:0;margin-bottom:0;padding-top:var(--wp--preset--spacing--60);padding-right:var(--wp--preset--spacing--40);padding-bottom:var(--wp--preset--spacing--60);padding-left:var(--wp--preset--spacing--40)\">\n<h1 class=\"wp-block-heading has-text-align-center has-large-font-size\">Whats on<\/h1>\n\n\n\n<p class=\"has-text-align-center has-general-2-color has-text-color has-link-color has-large-font-size wp-elements-023171c91ee6498b734d168954df52d4\">Levi Summit is more than just an event center. It\u2019s a destination filled with unforgettable experiences. Here you&#8217;ll find a cinema, a scenic caf\u00e9 and restaurant, as well as a fascinating exhibition showcasing S\u00e1mi culture.<\/p>\n<\/div>\n\n\n\n<div class=\"wp-block-group alignfull is-layout-constrained wp-container-core-group-is-layout-12843e03 wp-block-group-is-layout-constrained\" id=\"spiella\" style=\"margin-top:0;margin-bottom:0;padding-top:var(--wp--preset--spacing--60);padding-right:var(--wp--preset--spacing--40);padding-bottom:var(--wp--preset--spacing--50);padding-left:var(--wp--preset--spacing--40)\">\n<div class=\"wp-block-columns are-vertically-aligned-center is-layout-flex wp-container-core-columns-is-layout-28f84493 wp-block-columns-is-layout-flex\">\n<div class=\"wp-block-column is-vertically-aligned-center is-layout-flow wp-block-column-is-layout-flow\" style=\"flex-basis:55%\">\n<figure class=\"wp-block-image size-full\"><img loading=\"lazy\" decoding=\"async\" width=\"2000\" height=\"1774\" src=\"https:\/\/www.kassiopeia.fi\/levi-summit\/wp-content\/uploads\/sites\/5\/2025\/05\/spiella-1.jpg\" alt=\"\" class=\"wp-image-512\" srcset=\"https:\/\/www.kassiopeia.fi\/levi-summit\/wp-content\/uploads\/sites\/5\/2025\/05\/spiella-1.jpg 2000w, https:\/\/www.kassiopeia.fi\/levi-summit\/wp-content\/uploads\/sites\/5\/2025\/05\/spiella-1-300x266.jpg 300w, https:\/\/www.kassiopeia.fi\/levi-summit\/wp-content\/uploads\/sites\/5\/2025\/05\/spiella-1-1024x908.jpg 1024w, https:\/\/www.kassiopeia.fi\/levi-summit\/wp-content\/uploads\/sites\/5\/2025\/05\/spiella-1-768x681.jpg 768w, https:\/\/www.kassiopeia.fi\/levi-summit\/wp-content\/uploads\/sites\/5\/2025\/05\/spiella-1-1536x1362.jpg 1536w\" sizes=\"auto, (max-width: 2000px) 100vw, 2000px\" \/><\/figure>\n<\/div>\n\n\n\n<div class=\"wp-block-column is-vertically-aligned-center is-layout-flow wp-block-column-is-layout-flow\" style=\"flex-basis:45%\">\n<h2 class=\"wp-block-heading\" id=\"h-scenic-cafe-and-restaurant-spiella\">Scenic Caf\u00e9 and Restaurant Spiella<\/h2>\n\n\n\n<p>Take a break and enjoy sweet and savory treats, or lunch, hot and cold drinks, and breathtaking views at Caf\u00e9 and Restaurant Spiella. In winter, you can also meet real reindeer outside and feed them with their favorite treat, lichen. You can buy a bag of lichen also at Spiella.<\/p>\n\n\n\n<p><a href=\"https:\/\/www.kassiopeia.fi\/levi-summit\/spiella\/\">Learn more about Spiella&#8217;s menu<\/a><\/p>\n<\/div>\n<\/div>\n<\/div>\n\n\n\n<div class=\"wp-block-group alignfull is-layout-constrained wp-container-core-group-is-layout-769e3311 wp-block-group-is-layout-constrained\" id=\"cinema-levi-summit\" style=\"margin-top:0;margin-bottom:0;padding-top:var(--wp--preset--spacing--40);padding-right:var(--wp--preset--spacing--40);padding-bottom:var(--wp--preset--spacing--50);padding-left:var(--wp--preset--spacing--40)\">\n<div class=\"wp-block-columns are-vertically-aligned-center is-layout-flex wp-container-core-columns-is-layout-28f84493 wp-block-columns-is-layout-flex\">\n<div class=\"wp-block-column is-vertically-aligned-center is-layout-flow wp-block-column-is-layout-flow\" style=\"flex-basis:45%\">\n<h2 class=\"wp-block-heading\" id=\"h-cinema-levi-summit\">Cinema Levi Summit<\/h2>\n\n\n\n<p>Catch the latest blockbusters at Levi\u2019s only cinema! Cinema Levi Summit features a massive 12 x 6 meter screen and 436 comfortable seats with front tables. The theatre is also available for private screenings and events.<\/p>\n\n\n\n<p><a href=\"https:\/\/www.kassiopeia.fi\/levi-summit\/cinema\/\">See Cinema&#8217;s movie schedule<\/a><\/p>\n<\/div>\n\n\n\n<div class=\"wp-block-column is-vertically-aligned-center is-layout-flow wp-block-column-is-layout-flow\" style=\"flex-basis:55%\">\n<figure class=\"wp-block-image size-full\"><img loading=\"lazy\" decoding=\"async\" width=\"1024\" height=\"726\" src=\"https:\/\/www.kassiopeia.fi\/levi-summit\/wp-content\/uploads\/sites\/5\/2025\/02\/Summitleffat1-sanomalehteen2-1024x726-1.jpg\" alt=\"\" class=\"wp-image-17\" srcset=\"https:\/\/www.kassiopeia.fi\/levi-summit\/wp-content\/uploads\/sites\/5\/2025\/02\/Summitleffat1-sanomalehteen2-1024x726-1.jpg 1024w, https:\/\/www.kassiopeia.fi\/levi-summit\/wp-content\/uploads\/sites\/5\/2025\/02\/Summitleffat1-sanomalehteen2-1024x726-1-300x213.jpg 300w, https:\/\/www.kassiopeia.fi\/levi-summit\/wp-content\/uploads\/sites\/5\/2025\/02\/Summitleffat1-sanomalehteen2-1024x726-1-768x545.jpg 768w\" sizes=\"auto, (max-width: 1024px) 100vw, 1024px\" \/><\/figure>\n<\/div>\n<\/div>\n<\/div>\n\n\n\n<div class=\"wp-block-group alignfull is-layout-constrained wp-container-core-group-is-layout-769e3311 wp-block-group-is-layout-constrained\" id=\"hotel-levi-panorama\" style=\"margin-top:0;margin-bottom:0;padding-top:var(--wp--preset--spacing--40);padding-right:var(--wp--preset--spacing--40);padding-bottom:var(--wp--preset--spacing--50);padding-left:var(--wp--preset--spacing--40)\">\n<div class=\"wp-block-columns are-vertically-aligned-center is-layout-flex wp-container-core-columns-is-layout-28f84493 wp-block-columns-is-layout-flex\">\n<div class=\"wp-block-column is-vertically-aligned-center is-layout-flow wp-block-column-is-layout-flow\" style=\"flex-basis:55%\">\n<figure class=\"wp-block-image size-full\"><img loading=\"lazy\" decoding=\"async\" width=\"1333\" height=\"915\" src=\"https:\/\/www.kassiopeia.fi\/levi-summit\/wp-content\/uploads\/sites\/5\/2025\/05\/hotel-levi-panorama.jpg\" alt=\"\" class=\"wp-image-466\" srcset=\"https:\/\/www.kassiopeia.fi\/levi-summit\/wp-content\/uploads\/sites\/5\/2025\/05\/hotel-levi-panorama.jpg 1333w, https:\/\/www.kassiopeia.fi\/levi-summit\/wp-content\/uploads\/sites\/5\/2025\/05\/hotel-levi-panorama-300x206.jpg 300w, https:\/\/www.kassiopeia.fi\/levi-summit\/wp-content\/uploads\/sites\/5\/2025\/05\/hotel-levi-panorama-1024x703.jpg 1024w, https:\/\/www.kassiopeia.fi\/levi-summit\/wp-content\/uploads\/sites\/5\/2025\/05\/hotel-levi-panorama-768x527.jpg 768w\" sizes=\"auto, (max-width: 1333px) 100vw, 1333px\" \/><\/figure>\n<\/div>\n\n\n\n<div class=\"wp-block-column is-vertically-aligned-center is-layout-flow wp-block-column-is-layout-flow\" style=\"flex-basis:45%\">\n<h2 class=\"wp-block-heading\" id=\"h-stay-right-next-door-at-hotel-levi-panorama\">Stay Right Next Door at Hotel Levi Panorama<\/h2>\n\n\n\n<p>Hotel Levi Panorama is a stylish slope-side hotel located right next to Levi Summit. Enjoy spacious rooms, top-notch restaurants, panoramic saunas, and the stunning Sky Bar overlooking the Levi village. Both Levi Summit and Hotel Levi Panorama are located high on the front slopes of Levitunturi, more than 300 meters above sea level, offering spectacular scenery and a peaceful atmosphere.<\/p>\n\n\n\n<p><a href=\"https:\/\/www.levipanorama.fi\" target=\"_blank\" rel=\"noreferrer noopener\">Explore Hotel Levi Panorama: levipanorama.fi<\/a><\/p>\n<\/div>\n<\/div>\n<\/div>\n\n\n\n<div class=\"wp-block-group alignfull is-layout-constrained wp-container-core-group-is-layout-769e3311 wp-block-group-is-layout-constrained\" id=\"samiland-exhibition\" style=\"margin-top:0;margin-bottom:0;padding-top:var(--wp--preset--spacing--40);padding-right:var(--wp--preset--spacing--40);padding-bottom:var(--wp--preset--spacing--50);padding-left:var(--wp--preset--spacing--40)\">\n<div class=\"wp-block-columns are-vertically-aligned-center is-layout-flex wp-container-core-columns-is-layout-28f84493 wp-block-columns-is-layout-flex\">\n<div class=\"wp-block-column is-vertically-aligned-center is-layout-flow wp-block-column-is-layout-flow\" style=\"flex-basis:45%\">\n<h2 class=\"wp-block-heading\">Samiland Exhibition<\/h2>\n\n\n\n<p>Discover the rich culture and history of Lapland\u2019s indigenous people at the Samiland Exhibition, located on the lower floor of Levi Summit. The indoor section introduces the different S\u00e1mi groups, traditional livelihoods, and mythical tales. The outdoor area showcases traditional S\u00e1mi buildings and the essentials of reindeer herding including live reindeer during the winter season.<\/p>\n\n\n\n<p><a href=\"https:\/\/www.samiland.fi\" target=\"_blank\" rel=\"noreferrer noopener\">Learn more about the Samiland Exhibition: samiland.fi<\/a><\/p>\n<\/div>\n\n\n\n<div class=\"wp-block-column is-vertically-aligned-center is-layout-flow wp-block-column-is-layout-flow\" style=\"flex-basis:55%\">\n<figure class=\"wp-block-image size-full\"><img loading=\"lazy\" decoding=\"async\" width=\"1166\" height=\"1125\" src=\"https:\/\/www.kassiopeia.fi\/levi-summit\/wp-content\/uploads\/sites\/5\/2025\/05\/samiland-nayttely-1.jpg\" alt=\"\" class=\"wp-image-558\" srcset=\"https:\/\/www.kassiopeia.fi\/levi-summit\/wp-content\/uploads\/sites\/5\/2025\/05\/samiland-nayttely-1.jpg 1166w, https:\/\/www.kassiopeia.fi\/levi-summit\/wp-content\/uploads\/sites\/5\/2025\/05\/samiland-nayttely-1-300x289.jpg 300w, https:\/\/www.kassiopeia.fi\/levi-summit\/wp-content\/uploads\/sites\/5\/2025\/05\/samiland-nayttely-1-1024x988.jpg 1024w, https:\/\/www.kassiopeia.fi\/levi-summit\/wp-content\/uploads\/sites\/5\/2025\/05\/samiland-nayttely-1-768x741.jpg 768w\" sizes=\"auto, (max-width: 1166px) 100vw, 1166px\" \/><\/figure>\n<\/div>\n<\/div>\n<\/div>\n","protected":false},"excerpt":{"rendered":"<p>Whats on Levi Summit is more than just an event center. It\u2019s a destination filled with unforgettable experiences. Here you&#8217;ll find a cinema, a scenic caf\u00e9 and restaurant, as well as a fascinating exhibition showcasing S\u00e1mi culture. Scenic Caf\u00e9 and Restaurant Spiella Take a break and enjoy sweet and savory treats, or lunch, hot and [&hellip;]<\/p>\n","protected":false},"author":4,"featured_media":0,"parent":0,"menu_order":0,"comment_status":"closed","ping_status":"closed","template":"","meta":{"_acf_changed":false,"footnotes":""},"class_list":["post-1055","page","type-page","status-publish","hentry"],"acf":[],"yoast_head":"<!-- This site is optimized with the Yoast SEO Premium plugin v27.2 (Yoast SEO v27.2) - https:\/\/yoast.com\/product\/yoast-seo-premium-wordpress\/ -->\n<title>Whats on - Levi Summit<\/title>\n<meta name=\"description\" content=\"Levi Summit is more than just an event center. It\u2019s a destination filled with unforgettable experiences. Learn more!\" \/>\n<meta name=\"robots\" content=\"index, follow, max-snippet:-1, max-image-preview:large, max-video-preview:-1\" \/>\n<link rel=\"canonical\" href=\"https:\/\/www.kassiopeia.fi\/levi-summit\/en\/whats-on\/\" \/>\n<meta property=\"og:locale\" content=\"fi_FI\" \/>\n<meta property=\"og:type\" content=\"article\" \/>\n<meta property=\"og:title\" content=\"Whats on\" \/>\n<meta property=\"og:description\" content=\"Levi Summit is more than just an event center. It\u2019s a destination filled with unforgettable experiences. Learn more!\" \/>\n<meta property=\"og:url\" content=\"https:\/\/www.kassiopeia.fi\/levi-summit\/en\/whats-on\/\" \/>\n<meta property=\"og:site_name\" content=\"Levi Summit\" \/>\n<meta property=\"article:publisher\" content=\"https:\/\/www.facebook.com\/LeviSummitEventCenter\/\" \/>\n<meta property=\"article:modified_time\" content=\"2025-08-21T09:58:30+00:00\" \/>\n<meta property=\"og:image\" content=\"https:\/\/www.kassiopeia.fi\/levi-summit\/wp-content\/uploads\/sites\/5\/2025\/05\/spiella-1.jpg\" \/>\n\t<meta property=\"og:image:width\" content=\"2000\" \/>\n\t<meta property=\"og:image:height\" content=\"1774\" \/>\n\t<meta property=\"og:image:type\" content=\"image\/jpeg\" \/>\n<meta name=\"twitter:card\" content=\"summary_large_image\" \/>\n<meta name=\"twitter:label1\" content=\"Arvioitu lukuaika\" \/>\n\t<meta name=\"twitter:data1\" content=\"3 minuuttia\" \/>\n<script type=\"application\/ld+json\" class=\"yoast-schema-graph\">{\"@context\":\"https:\/\/schema.org\",\"@graph\":[{\"@type\":\"WebPage\",\"@id\":\"https:\/\/www.kassiopeia.fi\/levi-summit\/en\/whats-on\/\",\"url\":\"https:\/\/www.kassiopeia.fi\/levi-summit\/en\/whats-on\/\",\"name\":\"Whats on - Levi Summit\",\"isPartOf\":{\"@id\":\"https:\/\/www.kassiopeia.fi\/levi-summit\/#website\"},\"primaryImageOfPage\":{\"@id\":\"https:\/\/www.kassiopeia.fi\/levi-summit\/en\/whats-on\/#primaryimage\"},\"image\":{\"@id\":\"https:\/\/www.kassiopeia.fi\/levi-summit\/en\/whats-on\/#primaryimage\"},\"thumbnailUrl\":\"https:\/\/www.kassiopeia.fi\/levi-summit\/wp-content\/uploads\/sites\/5\/2025\/05\/spiella-1.jpg\",\"datePublished\":\"2025-07-17T07:18:29+00:00\",\"dateModified\":\"2025-08-21T09:58:30+00:00\",\"description\":\"Levi Summit is more than just an event center. It\u2019s a destination filled with unforgettable experiences. Learn more!\",\"breadcrumb\":{\"@id\":\"https:\/\/www.kassiopeia.fi\/levi-summit\/en\/whats-on\/#breadcrumb\"},\"inLanguage\":\"fi\",\"potentialAction\":[{\"@type\":\"ReadAction\",\"target\":[\"https:\/\/www.kassiopeia.fi\/levi-summit\/en\/whats-on\/\"]}]},{\"@type\":\"ImageObject\",\"inLanguage\":\"fi\",\"@id\":\"https:\/\/www.kassiopeia.fi\/levi-summit\/en\/whats-on\/#primaryimage\",\"url\":\"https:\/\/www.kassiopeia.fi\/levi-summit\/wp-content\/uploads\/sites\/5\/2025\/05\/spiella-1.jpg\",\"contentUrl\":\"https:\/\/www.kassiopeia.fi\/levi-summit\/wp-content\/uploads\/sites\/5\/2025\/05\/spiella-1.jpg\",\"width\":2000,\"height\":1774,\"caption\":\"Maisemakhavila ja -ravintola Spiellan n\u00e4kym\u00e4.\"},{\"@type\":\"BreadcrumbList\",\"@id\":\"https:\/\/www.kassiopeia.fi\/levi-summit\/en\/whats-on\/#breadcrumb\",\"itemListElement\":[{\"@type\":\"ListItem\",\"position\":1,\"name\":\"Etusivu\",\"item\":\"https:\/\/www.kassiopeia.fi\/levi-summit\/\"},{\"@type\":\"ListItem\",\"position\":2,\"name\":\"Whats on\"}]},{\"@type\":\"WebSite\",\"@id\":\"https:\/\/www.kassiopeia.fi\/levi-summit\/#website\",\"url\":\"https:\/\/www.kassiopeia.fi\/levi-summit\/\",\"name\":\"Levi Summit\",\"description\":\"\",\"potentialAction\":[{\"@type\":\"SearchAction\",\"target\":{\"@type\":\"EntryPoint\",\"urlTemplate\":\"https:\/\/www.kassiopeia.fi\/levi-summit\/?s={search_term_string}\"},\"query-input\":{\"@type\":\"PropertyValueSpecification\",\"valueRequired\":true,\"valueName\":\"search_term_string\"}}],\"inLanguage\":\"fi\"}]}<\/script>\n<!-- \/ Yoast SEO Premium plugin. -->","yoast_head_json":{"title":"Whats on - Levi Summit","description":"Levi Summit is more than just an event center. It\u2019s a destination filled with unforgettable experiences. Learn more!","robots":{"index":"index","follow":"follow","max-snippet":"max-snippet:-1","max-image-preview":"max-image-preview:large","max-video-preview":"max-video-preview:-1"},"canonical":"https:\/\/www.kassiopeia.fi\/levi-summit\/en\/whats-on\/","og_locale":"fi_FI","og_type":"article","og_title":"Whats on","og_description":"Levi Summit is more than just an event center. It\u2019s a destination filled with unforgettable experiences. Learn more!","og_url":"https:\/\/www.kassiopeia.fi\/levi-summit\/en\/whats-on\/","og_site_name":"Levi Summit","article_publisher":"https:\/\/www.facebook.com\/LeviSummitEventCenter\/","article_modified_time":"2025-08-21T09:58:30+00:00","og_image":[{"width":2000,"height":1774,"url":"https:\/\/www.kassiopeia.fi\/levi-summit\/wp-content\/uploads\/sites\/5\/2025\/05\/spiella-1.jpg","type":"image\/jpeg"}],"twitter_card":"summary_large_image","twitter_misc":{"Arvioitu lukuaika":"3 minuuttia"},"schema":{"@context":"https:\/\/schema.org","@graph":[{"@type":"WebPage","@id":"https:\/\/www.kassiopeia.fi\/levi-summit\/en\/whats-on\/","url":"https:\/\/www.kassiopeia.fi\/levi-summit\/en\/whats-on\/","name":"Whats on - Levi Summit","isPartOf":{"@id":"https:\/\/www.kassiopeia.fi\/levi-summit\/#website"},"primaryImageOfPage":{"@id":"https:\/\/www.kassiopeia.fi\/levi-summit\/en\/whats-on\/#primaryimage"},"image":{"@id":"https:\/\/www.kassiopeia.fi\/levi-summit\/en\/whats-on\/#primaryimage"},"thumbnailUrl":"https:\/\/www.kassiopeia.fi\/levi-summit\/wp-content\/uploads\/sites\/5\/2025\/05\/spiella-1.jpg","datePublished":"2025-07-17T07:18:29+00:00","dateModified":"2025-08-21T09:58:30+00:00","description":"Levi Summit is more than just an event center. It\u2019s a destination filled with unforgettable experiences. Learn more!","breadcrumb":{"@id":"https:\/\/www.kassiopeia.fi\/levi-summit\/en\/whats-on\/#breadcrumb"},"inLanguage":"fi","potentialAction":[{"@type":"ReadAction","target":["https:\/\/www.kassiopeia.fi\/levi-summit\/en\/whats-on\/"]}]},{"@type":"ImageObject","inLanguage":"fi","@id":"https:\/\/www.kassiopeia.fi\/levi-summit\/en\/whats-on\/#primaryimage","url":"https:\/\/www.kassiopeia.fi\/levi-summit\/wp-content\/uploads\/sites\/5\/2025\/05\/spiella-1.jpg","contentUrl":"https:\/\/www.kassiopeia.fi\/levi-summit\/wp-content\/uploads\/sites\/5\/2025\/05\/spiella-1.jpg","width":2000,"height":1774,"caption":"Maisemakhavila ja -ravintola Spiellan n\u00e4kym\u00e4."},{"@type":"BreadcrumbList","@id":"https:\/\/www.kassiopeia.fi\/levi-summit\/en\/whats-on\/#breadcrumb","itemListElement":[{"@type":"ListItem","position":1,"name":"Etusivu","item":"https:\/\/www.kassiopeia.fi\/levi-summit\/"},{"@type":"ListItem","position":2,"name":"Whats on"}]},{"@type":"WebSite","@id":"https:\/\/www.kassiopeia.fi\/levi-summit\/#website","url":"https:\/\/www.kassiopeia.fi\/levi-summit\/","name":"Levi Summit","description":"","potentialAction":[{"@type":"SearchAction","target":{"@type":"EntryPoint","urlTemplate":"https:\/\/www.kassiopeia.fi\/levi-summit\/?s={search_term_string}"},"query-input":{"@type":"PropertyValueSpecification","valueRequired":true,"valueName":"search_term_string"}}],"inLanguage":"fi"}]}},"lang":"en","translations":{"en":1055,"fi":375},"pll_sync_post":[],"_links":{"self":[{"href":"https:\/\/www.kassiopeia.fi\/levi-summit\/wp-json\/wp\/v2\/pages\/1055","targetHints":{"allow":["GET"]}}],"collection":[{"href":"https:\/\/www.kassiopeia.fi\/levi-summit\/wp-json\/wp\/v2\/pages"}],"about":[{"href":"https:\/\/www.kassiopeia.fi\/levi-summit\/wp-json\/wp\/v2\/types\/page"}],"author":[{"embeddable":true,"href":"https:\/\/www.kassiopeia.fi\/levi-summit\/wp-json\/wp\/v2\/users\/4"}],"replies":[{"embeddable":true,"href":"https:\/\/www.kassiopeia.fi\/levi-summit\/wp-json\/wp\/v2\/comments?post=1055"}],"version-history":[{"count":14,"href":"https:\/\/www.kassiopeia.fi\/levi-summit\/wp-json\/wp\/v2\/pages\/1055\/revisions"}],"predecessor-version":[{"id":1660,"href":"https:\/\/www.kassiopeia.fi\/levi-summit\/wp-json\/wp\/v2\/pages\/1055\/revisions\/1660"}],"wp:attachment":[{"href":"https:\/\/www.kassiopeia.fi\/levi-summit\/wp-json\/wp\/v2\/media?parent=1055"}],"curies":[{"name":"wp","href":"https:\/\/api.w.org\/{rel}","templated":true}]}}