{"id":998,"date":"2024-09-03T13:33:05","date_gmt":"2024-09-03T13:33:05","guid":{"rendered":"https:\/\/www.kassiopeia.fi\/hotel-matts\/?page_id=998"},"modified":"2025-03-28T14:23:07","modified_gmt":"2025-03-28T14:23:07","slug":"kuntosali","status":"publish","type":"page","link":"https:\/\/www.kassiopeia.fi\/hotel-matts\/etuja-asiakkaille\/kuntosali\/","title":{"rendered":"ELIXIA-kuntosali"},"content":{"rendered":"\n<div class=\"wp-block-cover alignfull is-light cover-hero wp-duotone-unset-1\" style=\"margin-top:0px;margin-bottom:0px;padding-top:0px;padding-right:0px;padding-bottom:0px;padding-left:0px;min-height:30vw;aspect-ratio:unset;\"><span aria-hidden=\"true\" class=\"wp-block-cover__background has-black-background-color has-background-dim-0 has-background-dim\"><\/span><img loading=\"lazy\" decoding=\"async\" width=\"2000\" height=\"1125\" class=\"wp-block-cover__image-background wp-image-3257\" alt=\"&quot;&quot;\" src=\"https:\/\/www.kassiopeia.fi\/hotel-matts\/wp-content\/uploads\/sites\/2\/2024\/10\/elixia-kuntosali-nainen.jpg\" style=\"object-position:61% 23%\" data-object-fit=\"cover\" data-object-position=\"61% 23%\" srcset=\"https:\/\/www.kassiopeia.fi\/hotel-matts\/wp-content\/uploads\/sites\/2\/2024\/10\/elixia-kuntosali-nainen.jpg 2000w, https:\/\/www.kassiopeia.fi\/hotel-matts\/wp-content\/uploads\/sites\/2\/2024\/10\/elixia-kuntosali-nainen-300x169.jpg 300w, https:\/\/www.kassiopeia.fi\/hotel-matts\/wp-content\/uploads\/sites\/2\/2024\/10\/elixia-kuntosali-nainen-1024x576.jpg 1024w, https:\/\/www.kassiopeia.fi\/hotel-matts\/wp-content\/uploads\/sites\/2\/2024\/10\/elixia-kuntosali-nainen-768x432.jpg 768w, https:\/\/www.kassiopeia.fi\/hotel-matts\/wp-content\/uploads\/sites\/2\/2024\/10\/elixia-kuntosali-nainen-1536x864.jpg 1536w\" sizes=\"auto, (max-width: 2000px) 100vw, 2000px\" \/><div class=\"wp-block-cover__inner-container is-layout-flow wp-container-core-cover-is-layout-6e17fc20 wp-block-cover-is-layout-flow\">\n<h1 class=\"wp-block-heading has-text-align-center\" id=\"h-\" style=\"font-size:70px\"><\/h1>\n\n\n\n<p><\/p>\n<\/div><\/div>\n\n\n\n<div class=\"breadcrumb-container\"><ul id=\"breadcrumbs\" class=\"breadcrumbs\"><li class=\"item-home\"><a class=\"bread-link bread-home\" href=\"https:\/\/www.kassiopeia.fi\/hotel-matts\" title=\"Hotel Matts\">Hotel Matts<\/a><\/li><li class=\"separator separator-home\"> \/ <\/li><\/ul><\/div>\n<style>\n    \n<\/style>\n\n\n<div class=\"wp-block-group alignfull is-layout-constrained wp-container-core-group-is-layout-244a2f0a wp-block-group-is-layout-constrained\" style=\"padding-top:var(--wp--preset--spacing--50);padding-right:var(--wp--preset--spacing--40);padding-bottom:var(--wp--preset--spacing--70);padding-left:var(--wp--preset--spacing--40)\">\n<div class=\"wp-block-group alignwide is-layout-constrained wp-container-core-group-is-layout-9517baca wp-block-group-is-layout-constrained\">\n<h1 class=\"wp-block-heading has-text-align-center\" id=\"h-kuntosalille-treenaamaan\" style=\"margin-bottom:var(--wp--preset--spacing--60)\">Kuntosalille treenaamaan<\/h1>\n\n\n\n<p class=\"has-text-align-center has-large-font-size\">Asiakkaamme p\u00e4\u00e4sev\u00e4t veloituksetta treenaamaan vieress\u00e4 sijaitsevalle Iso Omenan&nbsp;ELIXIA-kuntosalille. Kysy lis\u00e4\u00e4 vastaanotostamme!<\/p>\n<\/div>\n<\/div>\n\n\n\n<div class=\"wp-block-group alignfull is-layout-constrained wp-container-core-group-is-layout-82e4aa9c wp-block-group-is-layout-constrained\" style=\"margin-top:0;margin-bottom:0;padding-top:var(--wp--preset--spacing--50);padding-right:var(--wp--preset--spacing--40);padding-bottom:var(--wp--preset--spacing--50);padding-left:var(--wp--preset--spacing--40)\">\n<div class=\"wp-block-media-text is-stacked-on-mobile is-image-fill-element\" style=\"padding-top:0;padding-bottom:0\"><figure class=\"wp-block-media-text__media\"><img loading=\"lazy\" decoding=\"async\" width=\"813\" height=\"600\" src=\"https:\/\/www.kassiopeia.fi\/hotel-matts\/wp-content\/uploads\/sites\/2\/2024\/08\/ELIXIA-kuntosalikeskus_iso-omena.jpg\" alt=\"Mies treenaa ELIXIA Iso Omenassa.\" class=\"wp-image-751 size-full\" style=\"object-position:50% 50%\" srcset=\"https:\/\/www.kassiopeia.fi\/hotel-matts\/wp-content\/uploads\/sites\/2\/2024\/08\/ELIXIA-kuntosalikeskus_iso-omena.jpg 813w, https:\/\/www.kassiopeia.fi\/hotel-matts\/wp-content\/uploads\/sites\/2\/2024\/08\/ELIXIA-kuntosalikeskus_iso-omena-300x221.jpg 300w, https:\/\/www.kassiopeia.fi\/hotel-matts\/wp-content\/uploads\/sites\/2\/2024\/08\/ELIXIA-kuntosalikeskus_iso-omena-768x567.jpg 768w\" sizes=\"auto, (max-width: 813px) 100vw, 813px\" \/><\/figure><div class=\"wp-block-media-text__content\">\n<div class=\"wp-block-group is-layout-constrained wp-block-group-is-layout-constrained\" style=\"padding-top:var(--wp--preset--spacing--60);padding-bottom:var(--wp--preset--spacing--80)\">\n<h3 class=\"wp-block-heading\" id=\"h-elixia-iso-omena\">ELIXIA Iso Omena<\/h3>\n\n\n\n<p>ELIXIA Iso Omena tarjoaa monipuoliset harjoittelumahdollisuudet jokaiselle! Katso kuntosalin yhteystiedot ja aukioloajat <a href=\"https:\/\/www.elixia.fi\/kuntosali\/iso-omena\" target=\"_blank\" rel=\"noreferrer noopener\">ELIXIA Iso Omenan sivuilta<\/a>.<\/p>\n\n\n\n<p>Ryhm\u00e4liikuntatunnit eiv\u00e4t sis\u00e4lly Hotel Mattsin asiakkaiden etuun.<\/p>\n<\/div>\n<\/div><\/div>\n\n\n\n<div class=\"wp-block-media-text has-media-on-the-right is-stacked-on-mobile is-image-fill-element\" style=\"padding-top:0;padding-bottom:0;grid-template-columns:auto 70%\"><div class=\"wp-block-media-text__content\">\n<div class=\"wp-block-group is-layout-constrained wp-block-group-is-layout-constrained\" style=\"padding-top:var(--wp--preset--spacing--60);padding-bottom:var(--wp--preset--spacing--80)\">\n<div style=\"height:90px\" aria-hidden=\"true\" class=\"wp-block-spacer hidden-mobile\"><\/div>\n\n\n\n<h3 class=\"wp-block-heading\" id=\"h-reittiohjeet\">Reittiohjeet<\/h3>\n\n\n\n<p>ELIXIA Iso Omena sijaitsee kauppakeskuksen 1. kerroksessa. L\u00f6yd\u00e4t perille seuraten Clas Ohlsonin ohi kulkevaa k\u00e4yt\u00e4v\u00e4\u00e4 pitkin.<\/p>\n\n\n\n<p><a href=\"https:\/\/www.google.com\/maps\/dir\/Elixia+Iso+Omena,+Piispansilta,+Espoo\/Hotel+Matts,+Tynnyritie+1,+02230+Espoo\/@60.1606938,24.7340012,17z\/data=!3m1!4b1!4m14!4m13!1m5!1m1!1s0x468df506027e1b21:0x695b947763af068c!2m2!1d24.7364527!2d60.1620915!1m5!1m1!1s0x468df51df99e1b67:0x5dd977b8d24d5ed6!2m2!1d24.7358501!2d60.1592909!3e2?entry=ttu&amp;g_ep=EgoyMDI0MTAwMi4xIKXMDSoASAFQAw%3D%3D\" target=\"_blank\" rel=\"noreferrer noopener\">Katso t\u00e4\u00e4lt\u00e4 reitti Google Mapissa \u2192<\/a><\/p>\n\n\n\n<div style=\"height:90px\" aria-hidden=\"true\" class=\"wp-block-spacer hidden-mobile\"><\/div>\n<\/div>\n<\/div><figure class=\"wp-block-media-text__media\"><img loading=\"lazy\" decoding=\"async\" width=\"1024\" height=\"576\" src=\"https:\/\/www.kassiopeia.fi\/hotel-matts\/wp-content\/uploads\/sites\/2\/2024\/10\/opaste-hotellista-Elixiaan-2022-09-1-1024x576.jpg\" alt=\"Ohjeistus kartalla Hotel Mattsin vieress\u00e4 sijaitsevaan ELIXIA Iso Omenaan.\" class=\"wp-image-2605 size-full\" style=\"object-position:0% 52%\" srcset=\"https:\/\/www.kassiopeia.fi\/hotel-matts\/wp-content\/uploads\/sites\/2\/2024\/10\/opaste-hotellista-Elixiaan-2022-09-1-1024x576.jpg 1024w, https:\/\/www.kassiopeia.fi\/hotel-matts\/wp-content\/uploads\/sites\/2\/2024\/10\/opaste-hotellista-Elixiaan-2022-09-1-300x169.jpg 300w, https:\/\/www.kassiopeia.fi\/hotel-matts\/wp-content\/uploads\/sites\/2\/2024\/10\/opaste-hotellista-Elixiaan-2022-09-1-768x432.jpg 768w, https:\/\/www.kassiopeia.fi\/hotel-matts\/wp-content\/uploads\/sites\/2\/2024\/10\/opaste-hotellista-Elixiaan-2022-09-1-1536x864.jpg 1536w, https:\/\/www.kassiopeia.fi\/hotel-matts\/wp-content\/uploads\/sites\/2\/2024\/10\/opaste-hotellista-Elixiaan-2022-09-1.jpg 1920w\" sizes=\"auto, (max-width: 1024px) 100vw, 1024px\" \/><\/figure><\/div>\n<\/div>\n","protected":false},"excerpt":{"rendered":"<p>Kuntosalille treenaamaan Asiakkaamme p\u00e4\u00e4sev\u00e4t veloituksetta treenaamaan vieress\u00e4 sijaitsevalle Iso Omenan&nbsp;ELIXIA-kuntosalille. Kysy lis\u00e4\u00e4 vastaanotostamme! ELIXIA Iso Omena ELIXIA Iso Omena tarjoaa monipuoliset harjoittelumahdollisuudet jokaiselle! Katso kuntosalin yhteystiedot ja aukioloajat ELIXIA Iso Omenan sivuilta. Ryhm\u00e4liikuntatunnit eiv\u00e4t sis\u00e4lly Hotel Mattsin asiakkaiden etuun. Reittiohjeet ELIXIA Iso Omena sijaitsee kauppakeskuksen 1. kerroksessa. L\u00f6yd\u00e4t perille seuraten Clas Ohlsonin ohi kulkevaa k\u00e4yt\u00e4v\u00e4\u00e4 [&hellip;]<\/p>\n","protected":false},"author":8,"featured_media":0,"parent":1102,"menu_order":3,"comment_status":"closed","ping_status":"closed","template":"wp-custom-template-pages-hotel-matts","meta":{"_acf_changed":false,"footnotes":""},"class_list":["post-998","page","type-page","status-publish","hentry"],"acf":[],"yoast_head":"<!-- This site is optimized with the Yoast SEO Premium plugin v27.2 (Yoast SEO v27.2) - https:\/\/yoast.com\/product\/yoast-seo-premium-wordpress\/ -->\n<title>ELIXIA-kuntosali - Hotel Matts | Espoo, Matinkyl\u00e4<\/title>\n<meta name=\"description\" content=\"Asiakkaamme p\u00e4\u00e4sev\u00e4t veloituksetta treenaamaan vieress\u00e4 sijaitsevalle Iso Omenan\u00a0ELIXIA-kuntosalille. Kysy lis\u00e4\u00e4 vastaanotostamme!\" \/>\n<meta name=\"robots\" content=\"index, follow, max-snippet:-1, max-image-preview:large, max-video-preview:-1\" \/>\n<link rel=\"canonical\" href=\"https:\/\/www.kassiopeia.fi\/hotel-matts\/etuja-asiakkaille\/kuntosali\/\" \/>\n<meta property=\"og:locale\" content=\"en_US\" \/>\n<meta property=\"og:type\" content=\"article\" \/>\n<meta property=\"og:title\" content=\"ELIXIA-kuntosali\" \/>\n<meta property=\"og:description\" content=\"Asiakkaamme p\u00e4\u00e4sev\u00e4t veloituksetta treenaamaan vieress\u00e4 sijaitsevalle Iso Omenan\u00a0ELIXIA-kuntosalille. Kysy lis\u00e4\u00e4 vastaanotostamme!\" \/>\n<meta property=\"og:url\" content=\"https:\/\/www.kassiopeia.fi\/hotel-matts\/etuja-asiakkaille\/kuntosali\/\" \/>\n<meta property=\"og:site_name\" content=\"Hotel Matts\" \/>\n<meta property=\"article:modified_time\" content=\"2025-03-28T14:23:07+00:00\" \/>\n<meta property=\"og:image\" content=\"https:\/\/www.kassiopeia.fi\/hotel-matts\/wp-content\/uploads\/sites\/2\/2024\/10\/elixia-kuntosali-nainen.jpg\" \/>\n\t<meta property=\"og:image:width\" content=\"2000\" \/>\n\t<meta property=\"og:image:height\" content=\"1125\" \/>\n\t<meta property=\"og:image:type\" content=\"image\/jpeg\" \/>\n<meta name=\"twitter:card\" content=\"summary_large_image\" \/>\n<meta name=\"twitter:label1\" content=\"Est. reading time\" \/>\n\t<meta name=\"twitter:data1\" content=\"1 minute\" \/>\n<script type=\"application\/ld+json\" class=\"yoast-schema-graph\">{\"@context\":\"https:\/\/schema.org\",\"@graph\":[{\"@type\":\"WebPage\",\"@id\":\"https:\/\/www.kassiopeia.fi\/hotel-matts\/etuja-asiakkaille\/kuntosali\/\",\"url\":\"https:\/\/www.kassiopeia.fi\/hotel-matts\/etuja-asiakkaille\/kuntosali\/\",\"name\":\"ELIXIA-kuntosali - Hotel Matts | Espoo, Matinkyl\u00e4\",\"isPartOf\":{\"@id\":\"https:\/\/www.kassiopeia.fi\/hotel-matts\/#website\"},\"primaryImageOfPage\":{\"@id\":\"https:\/\/www.kassiopeia.fi\/hotel-matts\/etuja-asiakkaille\/kuntosali\/#primaryimage\"},\"image\":{\"@id\":\"https:\/\/www.kassiopeia.fi\/hotel-matts\/etuja-asiakkaille\/kuntosali\/#primaryimage\"},\"thumbnailUrl\":\"https:\/\/www.kassiopeia.fi\/hotel-matts\/wp-content\/uploads\/sites\/2\/2024\/10\/elixia-kuntosali-nainen.jpg\",\"datePublished\":\"2024-09-03T13:33:05+00:00\",\"dateModified\":\"2025-03-28T14:23:07+00:00\",\"description\":\"Asiakkaamme p\u00e4\u00e4sev\u00e4t veloituksetta treenaamaan vieress\u00e4 sijaitsevalle Iso Omenan\u00a0ELIXIA-kuntosalille. Kysy lis\u00e4\u00e4 vastaanotostamme!\",\"breadcrumb\":{\"@id\":\"https:\/\/www.kassiopeia.fi\/hotel-matts\/etuja-asiakkaille\/kuntosali\/#breadcrumb\"},\"inLanguage\":\"en-US\",\"potentialAction\":[{\"@type\":\"ReadAction\",\"target\":[\"https:\/\/www.kassiopeia.fi\/hotel-matts\/etuja-asiakkaille\/kuntosali\/\"]}]},{\"@type\":\"ImageObject\",\"inLanguage\":\"en-US\",\"@id\":\"https:\/\/www.kassiopeia.fi\/hotel-matts\/etuja-asiakkaille\/kuntosali\/#primaryimage\",\"url\":\"https:\/\/www.kassiopeia.fi\/hotel-matts\/wp-content\/uploads\/sites\/2\/2024\/10\/elixia-kuntosali-nainen.jpg\",\"contentUrl\":\"https:\/\/www.kassiopeia.fi\/hotel-matts\/wp-content\/uploads\/sites\/2\/2024\/10\/elixia-kuntosali-nainen.jpg\",\"width\":2000,\"height\":1125,\"caption\":\"Nainen treenaa ELIXIA-kuntosalilla Espoossa.\"},{\"@type\":\"BreadcrumbList\",\"@id\":\"https:\/\/www.kassiopeia.fi\/hotel-matts\/etuja-asiakkaille\/kuntosali\/#breadcrumb\",\"itemListElement\":[{\"@type\":\"ListItem\",\"position\":1,\"name\":\"Home\",\"item\":\"https:\/\/www.kassiopeia.fi\/hotel-matts\/\"},{\"@type\":\"ListItem\",\"position\":2,\"name\":\"Etuja hotellimme asiakkaille\",\"item\":\"https:\/\/www.kassiopeia.fi\/hotel-matts\/etuja-asiakkaille\/\"},{\"@type\":\"ListItem\",\"position\":3,\"name\":\"ELIXIA-kuntosali\"}]},{\"@type\":\"WebSite\",\"@id\":\"https:\/\/www.kassiopeia.fi\/hotel-matts\/#website\",\"url\":\"https:\/\/www.kassiopeia.fi\/hotel-matts\/\",\"name\":\"Hotel Matts\",\"description\":\"\",\"potentialAction\":[{\"@type\":\"SearchAction\",\"target\":{\"@type\":\"EntryPoint\",\"urlTemplate\":\"https:\/\/www.kassiopeia.fi\/hotel-matts\/?s={search_term_string}\"},\"query-input\":{\"@type\":\"PropertyValueSpecification\",\"valueRequired\":true,\"valueName\":\"search_term_string\"}}],\"inLanguage\":\"en-US\"}]}<\/script>\n<!-- \/ Yoast SEO Premium plugin. -->","yoast_head_json":{"title":"ELIXIA-kuntosali - Hotel Matts | Espoo, Matinkyl\u00e4","description":"Asiakkaamme p\u00e4\u00e4sev\u00e4t veloituksetta treenaamaan vieress\u00e4 sijaitsevalle Iso Omenan\u00a0ELIXIA-kuntosalille. Kysy lis\u00e4\u00e4 vastaanotostamme!","robots":{"index":"index","follow":"follow","max-snippet":"max-snippet:-1","max-image-preview":"max-image-preview:large","max-video-preview":"max-video-preview:-1"},"canonical":"https:\/\/www.kassiopeia.fi\/hotel-matts\/etuja-asiakkaille\/kuntosali\/","og_locale":"en_US","og_type":"article","og_title":"ELIXIA-kuntosali","og_description":"Asiakkaamme p\u00e4\u00e4sev\u00e4t veloituksetta treenaamaan vieress\u00e4 sijaitsevalle Iso Omenan\u00a0ELIXIA-kuntosalille. Kysy lis\u00e4\u00e4 vastaanotostamme!","og_url":"https:\/\/www.kassiopeia.fi\/hotel-matts\/etuja-asiakkaille\/kuntosali\/","og_site_name":"Hotel Matts","article_modified_time":"2025-03-28T14:23:07+00:00","og_image":[{"width":2000,"height":1125,"url":"https:\/\/www.kassiopeia.fi\/hotel-matts\/wp-content\/uploads\/sites\/2\/2024\/10\/elixia-kuntosali-nainen.jpg","type":"image\/jpeg"}],"twitter_card":"summary_large_image","twitter_misc":{"Est. reading time":"1 minute"},"schema":{"@context":"https:\/\/schema.org","@graph":[{"@type":"WebPage","@id":"https:\/\/www.kassiopeia.fi\/hotel-matts\/etuja-asiakkaille\/kuntosali\/","url":"https:\/\/www.kassiopeia.fi\/hotel-matts\/etuja-asiakkaille\/kuntosali\/","name":"ELIXIA-kuntosali - Hotel Matts | Espoo, Matinkyl\u00e4","isPartOf":{"@id":"https:\/\/www.kassiopeia.fi\/hotel-matts\/#website"},"primaryImageOfPage":{"@id":"https:\/\/www.kassiopeia.fi\/hotel-matts\/etuja-asiakkaille\/kuntosali\/#primaryimage"},"image":{"@id":"https:\/\/www.kassiopeia.fi\/hotel-matts\/etuja-asiakkaille\/kuntosali\/#primaryimage"},"thumbnailUrl":"https:\/\/www.kassiopeia.fi\/hotel-matts\/wp-content\/uploads\/sites\/2\/2024\/10\/elixia-kuntosali-nainen.jpg","datePublished":"2024-09-03T13:33:05+00:00","dateModified":"2025-03-28T14:23:07+00:00","description":"Asiakkaamme p\u00e4\u00e4sev\u00e4t veloituksetta treenaamaan vieress\u00e4 sijaitsevalle Iso Omenan\u00a0ELIXIA-kuntosalille. Kysy lis\u00e4\u00e4 vastaanotostamme!","breadcrumb":{"@id":"https:\/\/www.kassiopeia.fi\/hotel-matts\/etuja-asiakkaille\/kuntosali\/#breadcrumb"},"inLanguage":"en-US","potentialAction":[{"@type":"ReadAction","target":["https:\/\/www.kassiopeia.fi\/hotel-matts\/etuja-asiakkaille\/kuntosali\/"]}]},{"@type":"ImageObject","inLanguage":"en-US","@id":"https:\/\/www.kassiopeia.fi\/hotel-matts\/etuja-asiakkaille\/kuntosali\/#primaryimage","url":"https:\/\/www.kassiopeia.fi\/hotel-matts\/wp-content\/uploads\/sites\/2\/2024\/10\/elixia-kuntosali-nainen.jpg","contentUrl":"https:\/\/www.kassiopeia.fi\/hotel-matts\/wp-content\/uploads\/sites\/2\/2024\/10\/elixia-kuntosali-nainen.jpg","width":2000,"height":1125,"caption":"Nainen treenaa ELIXIA-kuntosalilla Espoossa."},{"@type":"BreadcrumbList","@id":"https:\/\/www.kassiopeia.fi\/hotel-matts\/etuja-asiakkaille\/kuntosali\/#breadcrumb","itemListElement":[{"@type":"ListItem","position":1,"name":"Home","item":"https:\/\/www.kassiopeia.fi\/hotel-matts\/"},{"@type":"ListItem","position":2,"name":"Etuja hotellimme asiakkaille","item":"https:\/\/www.kassiopeia.fi\/hotel-matts\/etuja-asiakkaille\/"},{"@type":"ListItem","position":3,"name":"ELIXIA-kuntosali"}]},{"@type":"WebSite","@id":"https:\/\/www.kassiopeia.fi\/hotel-matts\/#website","url":"https:\/\/www.kassiopeia.fi\/hotel-matts\/","name":"Hotel Matts","description":"","potentialAction":[{"@type":"SearchAction","target":{"@type":"EntryPoint","urlTemplate":"https:\/\/www.kassiopeia.fi\/hotel-matts\/?s={search_term_string}"},"query-input":{"@type":"PropertyValueSpecification","valueRequired":true,"valueName":"search_term_string"}}],"inLanguage":"en-US"}]}},"lang":"fi","translations":{"fi":998,"en":3261},"pll_sync_post":[],"_links":{"self":[{"href":"https:\/\/www.kassiopeia.fi\/hotel-matts\/wp-json\/wp\/v2\/pages\/998","targetHints":{"allow":["GET"]}}],"collection":[{"href":"https:\/\/www.kassiopeia.fi\/hotel-matts\/wp-json\/wp\/v2\/pages"}],"about":[{"href":"https:\/\/www.kassiopeia.fi\/hotel-matts\/wp-json\/wp\/v2\/types\/page"}],"author":[{"embeddable":true,"href":"https:\/\/www.kassiopeia.fi\/hotel-matts\/wp-json\/wp\/v2\/users\/8"}],"replies":[{"embeddable":true,"href":"https:\/\/www.kassiopeia.fi\/hotel-matts\/wp-json\/wp\/v2\/comments?post=998"}],"version-history":[{"count":29,"href":"https:\/\/www.kassiopeia.fi\/hotel-matts\/wp-json\/wp\/v2\/pages\/998\/revisions"}],"predecessor-version":[{"id":6388,"href":"https:\/\/www.kassiopeia.fi\/hotel-matts\/wp-json\/wp\/v2\/pages\/998\/revisions\/6388"}],"up":[{"embeddable":true,"href":"https:\/\/www.kassiopeia.fi\/hotel-matts\/wp-json\/wp\/v2\/pages\/1102"}],"wp:attachment":[{"href":"https:\/\/www.kassiopeia.fi\/hotel-matts\/wp-json\/wp\/v2\/media?parent=998"}],"curies":[{"name":"wp","href":"https:\/\/api.w.org\/{rel}","templated":true}]}}