{"id":7613,"date":"2026-04-01T12:10:47","date_gmt":"2026-04-01T12:10:47","guid":{"rendered":"https:\/\/www.kassiopeia.fi\/hotel-matts\/?page_id=7613"},"modified":"2026-04-13T13:32:59","modified_gmt":"2026-04-13T13:32:59","slug":"matinkyla-moments","status":"publish","type":"page","link":"https:\/\/www.kassiopeia.fi\/hotel-matts\/matinkyla-moments\/","title":{"rendered":"Matinkyl\u00e4 Moments -valokuvauskilpailu"},"content":{"rendered":"\n<div class=\"wp-block-cover alignfull is-light cover-hero wp-duotone-unset-1\" style=\"margin-top:0px;margin-bottom:0px;padding-top:0px;padding-right:0px;padding-bottom:0px;padding-left:0px;min-height:30vw;aspect-ratio:unset;\"><img loading=\"lazy\" decoding=\"async\" width=\"2000\" height=\"1125\" class=\"wp-block-cover__image-background wp-image-7617 size-full\" alt=\"Matinkyl\u00e4n ilmakuva.\" src=\"https:\/\/www.kassiopeia.fi\/hotel-matts\/wp-content\/uploads\/sites\/2\/2026\/04\/matinkyla-ilmakuva-02.jpg\" style=\"object-position:80% 0%\" data-object-fit=\"cover\" data-object-position=\"80% 0%\" srcset=\"https:\/\/www.kassiopeia.fi\/hotel-matts\/wp-content\/uploads\/sites\/2\/2026\/04\/matinkyla-ilmakuva-02.jpg 2000w, https:\/\/www.kassiopeia.fi\/hotel-matts\/wp-content\/uploads\/sites\/2\/2026\/04\/matinkyla-ilmakuva-02-300x169.jpg 300w, https:\/\/www.kassiopeia.fi\/hotel-matts\/wp-content\/uploads\/sites\/2\/2026\/04\/matinkyla-ilmakuva-02-1024x576.jpg 1024w, https:\/\/www.kassiopeia.fi\/hotel-matts\/wp-content\/uploads\/sites\/2\/2026\/04\/matinkyla-ilmakuva-02-768x432.jpg 768w, https:\/\/www.kassiopeia.fi\/hotel-matts\/wp-content\/uploads\/sites\/2\/2026\/04\/matinkyla-ilmakuva-02-1536x864.jpg 1536w\" sizes=\"auto, (max-width: 2000px) 100vw, 2000px\" \/><span aria-hidden=\"true\" class=\"wp-block-cover__background has-black-background-color has-background-dim-0 has-background-dim\"><\/span><div class=\"wp-block-cover__inner-container is-layout-flow wp-container-core-cover-is-layout-6e17fc20 wp-block-cover-is-layout-flow\">\n<h1 class=\"wp-block-heading has-text-align-center\" id=\"h-\" style=\"font-size:70px\"><\/h1>\n\n\n\n<p><\/p>\n<\/div><\/div>\n\n\n\n<div class=\"breadcrumb-container\"><ul id=\"breadcrumbs\" class=\"breadcrumbs\"><li class=\"item-home\"><a class=\"bread-link bread-home\" href=\"https:\/\/www.kassiopeia.fi\/hotel-matts\" title=\"Hotel Matts\">Hotel Matts<\/a><\/li><li class=\"separator separator-home\"> \/ <\/li><\/ul><\/div>\n<style>\n    \n<\/style>\n\n\n<div class=\"wp-block-group alignfull is-layout-constrained wp-container-core-group-is-layout-244a2f0a wp-block-group-is-layout-constrained\" style=\"padding-top:var(--wp--preset--spacing--50);padding-right:var(--wp--preset--spacing--40);padding-bottom:var(--wp--preset--spacing--70);padding-left:var(--wp--preset--spacing--40)\">\n<div class=\"wp-block-group alignwide ingress is-layout-constrained wp-block-group-is-layout-constrained\">\n<h1 class=\"wp-block-heading has-text-align-center\" id=\"h-matinkyla-moments\" style=\"margin-bottom:0\">Matinkyl\u00e4 Moments<\/h1>\n\n\n\n<p class=\"has-text-align-center\" style=\"padding-top:0;padding-bottom:var(--wp--preset--spacing--60)\"><strong>valokuva- ja videokilpailu<\/strong><\/p>\n\n\n\n<p class=\"has-text-align-center has-large-font-size\">Matinkyl\u00e4 Moments on Matinkyl\u00e4n lukion ja Hotel Mattsin j\u00e4rjest\u00e4m\u00e4 kilpailu, jossa Matinkyl\u00e4n lukion opiskelijat tallentavat oman n\u00e4k\u00f6kulmansa Matinkyl\u00e4st\u00e4 valokuvien ja videoiden kautta. Kilpailun teokset kootaan t\u00e4lle sivulle osaksi digitaalista karttaa, joiden kautta p\u00e4\u00e4set tutustumaan Matinkyl\u00e4n auleeseen ja tunnelmaan.<\/p>\n\n\n\n<p class=\"has-text-align-center has-large-font-size\" style=\"padding-top:var(--wp--preset--spacing--70)\">Kuvat julkaistaan toukokuun aikana.<\/p>\n<\/div>\n<\/div>\n\n\n\n<div class=\"wp-block-group alignfull is-layout-constrained wp-container-core-group-is-layout-fc3172a5 wp-block-group-is-layout-constrained\" style=\"margin-top:0;margin-bottom:0;padding-top:var(--wp--preset--spacing--40);padding-right:var(--wp--preset--spacing--40);padding-bottom:var(--wp--preset--spacing--40);padding-left:var(--wp--preset--spacing--40)\"><script src='https:\/\/api.tiles.mapbox.com\/mapbox-gl-js\/v0.44.2\/mapbox-gl.js'><\/script>\n<link href='https:\/\/api.tiles.mapbox.com\/mapbox-gl-js\/v0.44.2\/mapbox-gl.css' rel='stylesheet' \/>\n\n<style>\n    #mapbox-1596908119 {\n        width: 100%;\n\t\theight: 500px;\n        margin-top: 0px;\n    }\n    .marker{\n        background-image: url('https:\/\/www.kassiopeia.fi\/hotel-matts\/wp-content\/uploads\/sites\/2\/2024\/08\/icon-location-filled.png');\n        background-repeat: no-repeat;\n\t\tbackground-size: cover;\n        width: 50px;\n        height: 50px;\n        \n    }\n    .mapboxgl-popup {\n        max-width: 300px;\n    }\n    .mapboxgl-popup img {\n        width: 80px;\n    }\n    .mapboxgl-popup-content {\n        text-align: left;\n    }\n    .mapboxgl-ctrl-attrib a {\n        font-size: 11px;\n    }\n<\/style>\n\n<div id=\"mapbox-popup-content-1596908119\" style=\"display: none;\">\n    \n<figure class=\"wp-block-image size-full is-resized\"><img loading=\"lazy\" decoding=\"async\" width=\"2000\" height=\"1125\" src=\"https:\/\/www.kassiopeia.fi\/hotel-matts\/wp-content\/uploads\/sites\/2\/2025\/05\/Hotel-Matts-ulkoa-kesa-2.jpg\" alt=\"Hotel Matts rakennus ulkoa kes\u00e4ll\u00e4.\" class=\"wp-image-6658\" style=\"width:160px\" srcset=\"https:\/\/www.kassiopeia.fi\/hotel-matts\/wp-content\/uploads\/sites\/2\/2025\/05\/Hotel-Matts-ulkoa-kesa-2.jpg 2000w, https:\/\/www.kassiopeia.fi\/hotel-matts\/wp-content\/uploads\/sites\/2\/2025\/05\/Hotel-Matts-ulkoa-kesa-2-300x169.jpg 300w, https:\/\/www.kassiopeia.fi\/hotel-matts\/wp-content\/uploads\/sites\/2\/2025\/05\/Hotel-Matts-ulkoa-kesa-2-1024x576.jpg 1024w, https:\/\/www.kassiopeia.fi\/hotel-matts\/wp-content\/uploads\/sites\/2\/2025\/05\/Hotel-Matts-ulkoa-kesa-2-768x432.jpg 768w, https:\/\/www.kassiopeia.fi\/hotel-matts\/wp-content\/uploads\/sites\/2\/2025\/05\/Hotel-Matts-ulkoa-kesa-2-1536x864.jpg 1536w\" sizes=\"auto, (max-width: 2000px) 100vw, 2000px\" \/><\/figure>\n\n<p>Hotel Matts<\/p>\n<\/div>\n\n<div id=\"mapbox-1596908119\" aria-description=\"Karttaupotus hotellin sijainnista (yhteystiedot my\u00f6s sivulla n\u00e4kyviss\u00e4)\"><\/div>\n\n<script>\n    class Map1596908119 {\n        constructor() {\n            this.mapToken = 'pk.eyJ1IjoianVsa2Fpc3Vvc2FzdG90YWZpIiwiYSI6ImNqZ3J1ZXQzcDBrYmEyd3BsbnBueGR3d2QifQ.RL1SSFLcws43EXi0dx_e-Q';\n            this.lat = '60.1594';\n            this.lon = '24.7367';\n            this.zoom = 13;\n            this.showMarker = '1';\n            this.map;\n            this.popupContent = document.getElementById('mapbox-popup-content-1596908119').innerHTML;\n            this.init();\n        }\n\n        init() {\n            console.log('showMapBox');\n            mapboxgl.accessToken = this.mapToken;\n            \n            this.map = new mapboxgl.Map({\n                container: 'mapbox-1596908119',\n                style: 'mapbox:\/\/styles\/mapbox\/bright-v9',\n                center: [this.lon, this.lat],\n                zoom: this.zoom\n            });\n            \n            \/\/Add zoom and rotation controls to the map.\n            this.map.addControl(new mapboxgl.NavigationControl());\n            if (this.showMarker == '1' && this.lat.length > 0 && this.lon.length > 0) this.addMarker(this.map);\n        }\n\n        addMarker(map) {\n            var geojson = {\n                type: 'FeatureCollection',\n                    features: [\n                        {\n                            type: 'Feature',\n                            geometry: {\n                                type: 'Point',\n                                coordinates: [this.lon, this.lat]\n                            },\n                            properties: {\n                                title: '',\n                                description: this.popupContent\n                            }\n                        }\n                    ]\n            };\n            geojson.features.forEach(function(marker) {\n                \/\/ create a HTML element for each feature\n                var el = document.createElement('div');\n                el.className = 'marker';\n                \/\/ make a marker for each feature and add to the map\n                new mapboxgl.Marker(el, {\n                        offset: [0, -20]\n                    })\n                    .setLngLat(marker.geometry.coordinates)\n                    .setPopup(new mapboxgl.Popup({ offset: 25 }) \/\/ add popups\n                    .setHTML('<p>' + marker.properties.description + '<\/p>'))\n                    .addTo(map);\n            });\n        }\n    }\n    new Map1596908119();\n\t\n<\/script><\/div>\n","protected":false},"excerpt":{"rendered":"<p>Matinkyl\u00e4 Moments valokuva- ja videokilpailu Matinkyl\u00e4 Moments on Matinkyl\u00e4n lukion ja Hotel Mattsin j\u00e4rjest\u00e4m\u00e4 kilpailu, jossa Matinkyl\u00e4n lukion opiskelijat tallentavat oman n\u00e4k\u00f6kulmansa Matinkyl\u00e4st\u00e4 valokuvien ja videoiden kautta. Kilpailun teokset kootaan t\u00e4lle sivulle osaksi digitaalista karttaa, joiden kautta p\u00e4\u00e4set tutustumaan Matinkyl\u00e4n auleeseen ja tunnelmaan. Kuvat julkaistaan toukokuun aikana.<\/p>\n","protected":false},"author":7,"featured_media":0,"parent":0,"menu_order":0,"comment_status":"closed","ping_status":"closed","template":"wp-custom-template-pages-hotel-matts","meta":{"_acf_changed":false,"footnotes":""},"class_list":["post-7613","page","type-page","status-publish","hentry"],"acf":[],"yoast_head":"<!-- This site is optimized with the Yoast SEO Premium plugin v27.2 (Yoast SEO v27.2) - https:\/\/yoast.com\/product\/yoast-seo-premium-wordpress\/ -->\n<title>Matinkyl\u00e4 Moments | Valokuva- ja videokilpailu<\/title>\n<meta name=\"description\" content=\"Matinkyl\u00e4 Moments on Matinkyl\u00e4n lukion ja Hotel Mattsin yhteinen kilpailu, jossa Matinkyl\u00e4n lukion opiskelijat tallentavat oman n\u00e4k\u00f6kulmansa Matinkyl\u00e4st\u00e4 valokuvien ja videoiden kautta.\" \/>\n<meta name=\"robots\" content=\"index, follow, max-snippet:-1, max-image-preview:large, max-video-preview:-1\" \/>\n<link rel=\"canonical\" href=\"https:\/\/www.kassiopeia.fi\/hotel-matts\/matinkyla-moments\/\" \/>\n<meta property=\"og:locale\" content=\"en_US\" \/>\n<meta property=\"og:type\" content=\"article\" \/>\n<meta property=\"og:title\" content=\"Matinkyl\u00e4 Moments -valokuvauskilpailu\" \/>\n<meta property=\"og:description\" content=\"Matinkyl\u00e4 Moments on Matinkyl\u00e4n lukion ja Hotel Mattsin yhteinen kilpailu, jossa Matinkyl\u00e4n lukion opiskelijat tallentavat oman n\u00e4k\u00f6kulmansa Matinkyl\u00e4st\u00e4 valokuvien ja videoiden kautta.\" \/>\n<meta property=\"og:url\" content=\"https:\/\/www.kassiopeia.fi\/hotel-matts\/matinkyla-moments\/\" \/>\n<meta property=\"og:site_name\" content=\"Hotel Matts\" \/>\n<meta property=\"article:modified_time\" content=\"2026-04-13T13:32:59+00:00\" \/>\n<meta property=\"og:image\" content=\"https:\/\/www.kassiopeia.fi\/hotel-matts\/wp-content\/uploads\/sites\/2\/2026\/04\/matinkyla-ilmakuva-02.jpg\" \/>\n\t<meta property=\"og:image:width\" content=\"2000\" \/>\n\t<meta property=\"og:image:height\" content=\"1125\" \/>\n\t<meta property=\"og:image:type\" content=\"image\/jpeg\" \/>\n<meta name=\"twitter:card\" content=\"summary_large_image\" \/>\n<script type=\"application\/ld+json\" class=\"yoast-schema-graph\">{\"@context\":\"https:\/\/schema.org\",\"@graph\":[{\"@type\":\"WebPage\",\"@id\":\"https:\/\/www.kassiopeia.fi\/hotel-matts\/matinkyla-moments\/\",\"url\":\"https:\/\/www.kassiopeia.fi\/hotel-matts\/matinkyla-moments\/\",\"name\":\"Matinkyl\u00e4 Moments | Valokuva- ja videokilpailu\",\"isPartOf\":{\"@id\":\"https:\/\/www.kassiopeia.fi\/hotel-matts\/#website\"},\"primaryImageOfPage\":{\"@id\":\"https:\/\/www.kassiopeia.fi\/hotel-matts\/matinkyla-moments\/#primaryimage\"},\"image\":{\"@id\":\"https:\/\/www.kassiopeia.fi\/hotel-matts\/matinkyla-moments\/#primaryimage\"},\"thumbnailUrl\":\"https:\/\/www.kassiopeia.fi\/hotel-matts\/wp-content\/uploads\/sites\/2\/2026\/04\/matinkyla-ilmakuva-02.jpg\",\"datePublished\":\"2026-04-01T12:10:47+00:00\",\"dateModified\":\"2026-04-13T13:32:59+00:00\",\"description\":\"Matinkyl\u00e4 Moments on Matinkyl\u00e4n lukion ja Hotel Mattsin yhteinen kilpailu, jossa Matinkyl\u00e4n lukion opiskelijat tallentavat oman n\u00e4k\u00f6kulmansa Matinkyl\u00e4st\u00e4 valokuvien ja videoiden kautta.\",\"breadcrumb\":{\"@id\":\"https:\/\/www.kassiopeia.fi\/hotel-matts\/matinkyla-moments\/#breadcrumb\"},\"inLanguage\":\"en-US\",\"potentialAction\":[{\"@type\":\"ReadAction\",\"target\":[\"https:\/\/www.kassiopeia.fi\/hotel-matts\/matinkyla-moments\/\"]}]},{\"@type\":\"ImageObject\",\"inLanguage\":\"en-US\",\"@id\":\"https:\/\/www.kassiopeia.fi\/hotel-matts\/matinkyla-moments\/#primaryimage\",\"url\":\"https:\/\/www.kassiopeia.fi\/hotel-matts\/wp-content\/uploads\/sites\/2\/2026\/04\/matinkyla-ilmakuva-02.jpg\",\"contentUrl\":\"https:\/\/www.kassiopeia.fi\/hotel-matts\/wp-content\/uploads\/sites\/2\/2026\/04\/matinkyla-ilmakuva-02.jpg\",\"width\":2000,\"height\":1125,\"caption\":\"Matinkyl\u00e4n ilmakuva.\"},{\"@type\":\"BreadcrumbList\",\"@id\":\"https:\/\/www.kassiopeia.fi\/hotel-matts\/matinkyla-moments\/#breadcrumb\",\"itemListElement\":[{\"@type\":\"ListItem\",\"position\":1,\"name\":\"Home\",\"item\":\"https:\/\/www.kassiopeia.fi\/hotel-matts\/\"},{\"@type\":\"ListItem\",\"position\":2,\"name\":\"Matinkyl\u00e4 Moments -valokuvauskilpailu\"}]},{\"@type\":\"WebSite\",\"@id\":\"https:\/\/www.kassiopeia.fi\/hotel-matts\/#website\",\"url\":\"https:\/\/www.kassiopeia.fi\/hotel-matts\/\",\"name\":\"Hotel Matts\",\"description\":\"\",\"potentialAction\":[{\"@type\":\"SearchAction\",\"target\":{\"@type\":\"EntryPoint\",\"urlTemplate\":\"https:\/\/www.kassiopeia.fi\/hotel-matts\/?s={search_term_string}\"},\"query-input\":{\"@type\":\"PropertyValueSpecification\",\"valueRequired\":true,\"valueName\":\"search_term_string\"}}],\"inLanguage\":\"en-US\"}]}<\/script>\n<!-- \/ Yoast SEO Premium plugin. -->","yoast_head_json":{"title":"Matinkyl\u00e4 Moments | Valokuva- ja videokilpailu","description":"Matinkyl\u00e4 Moments on Matinkyl\u00e4n lukion ja Hotel Mattsin yhteinen kilpailu, jossa Matinkyl\u00e4n lukion opiskelijat tallentavat oman n\u00e4k\u00f6kulmansa Matinkyl\u00e4st\u00e4 valokuvien ja videoiden kautta.","robots":{"index":"index","follow":"follow","max-snippet":"max-snippet:-1","max-image-preview":"max-image-preview:large","max-video-preview":"max-video-preview:-1"},"canonical":"https:\/\/www.kassiopeia.fi\/hotel-matts\/matinkyla-moments\/","og_locale":"en_US","og_type":"article","og_title":"Matinkyl\u00e4 Moments -valokuvauskilpailu","og_description":"Matinkyl\u00e4 Moments on Matinkyl\u00e4n lukion ja Hotel Mattsin yhteinen kilpailu, jossa Matinkyl\u00e4n lukion opiskelijat tallentavat oman n\u00e4k\u00f6kulmansa Matinkyl\u00e4st\u00e4 valokuvien ja videoiden kautta.","og_url":"https:\/\/www.kassiopeia.fi\/hotel-matts\/matinkyla-moments\/","og_site_name":"Hotel Matts","article_modified_time":"2026-04-13T13:32:59+00:00","og_image":[{"width":2000,"height":1125,"url":"https:\/\/www.kassiopeia.fi\/hotel-matts\/wp-content\/uploads\/sites\/2\/2026\/04\/matinkyla-ilmakuva-02.jpg","type":"image\/jpeg"}],"twitter_card":"summary_large_image","schema":{"@context":"https:\/\/schema.org","@graph":[{"@type":"WebPage","@id":"https:\/\/www.kassiopeia.fi\/hotel-matts\/matinkyla-moments\/","url":"https:\/\/www.kassiopeia.fi\/hotel-matts\/matinkyla-moments\/","name":"Matinkyl\u00e4 Moments | Valokuva- ja videokilpailu","isPartOf":{"@id":"https:\/\/www.kassiopeia.fi\/hotel-matts\/#website"},"primaryImageOfPage":{"@id":"https:\/\/www.kassiopeia.fi\/hotel-matts\/matinkyla-moments\/#primaryimage"},"image":{"@id":"https:\/\/www.kassiopeia.fi\/hotel-matts\/matinkyla-moments\/#primaryimage"},"thumbnailUrl":"https:\/\/www.kassiopeia.fi\/hotel-matts\/wp-content\/uploads\/sites\/2\/2026\/04\/matinkyla-ilmakuva-02.jpg","datePublished":"2026-04-01T12:10:47+00:00","dateModified":"2026-04-13T13:32:59+00:00","description":"Matinkyl\u00e4 Moments on Matinkyl\u00e4n lukion ja Hotel Mattsin yhteinen kilpailu, jossa Matinkyl\u00e4n lukion opiskelijat tallentavat oman n\u00e4k\u00f6kulmansa Matinkyl\u00e4st\u00e4 valokuvien ja videoiden kautta.","breadcrumb":{"@id":"https:\/\/www.kassiopeia.fi\/hotel-matts\/matinkyla-moments\/#breadcrumb"},"inLanguage":"en-US","potentialAction":[{"@type":"ReadAction","target":["https:\/\/www.kassiopeia.fi\/hotel-matts\/matinkyla-moments\/"]}]},{"@type":"ImageObject","inLanguage":"en-US","@id":"https:\/\/www.kassiopeia.fi\/hotel-matts\/matinkyla-moments\/#primaryimage","url":"https:\/\/www.kassiopeia.fi\/hotel-matts\/wp-content\/uploads\/sites\/2\/2026\/04\/matinkyla-ilmakuva-02.jpg","contentUrl":"https:\/\/www.kassiopeia.fi\/hotel-matts\/wp-content\/uploads\/sites\/2\/2026\/04\/matinkyla-ilmakuva-02.jpg","width":2000,"height":1125,"caption":"Matinkyl\u00e4n ilmakuva."},{"@type":"BreadcrumbList","@id":"https:\/\/www.kassiopeia.fi\/hotel-matts\/matinkyla-moments\/#breadcrumb","itemListElement":[{"@type":"ListItem","position":1,"name":"Home","item":"https:\/\/www.kassiopeia.fi\/hotel-matts\/"},{"@type":"ListItem","position":2,"name":"Matinkyl\u00e4 Moments -valokuvauskilpailu"}]},{"@type":"WebSite","@id":"https:\/\/www.kassiopeia.fi\/hotel-matts\/#website","url":"https:\/\/www.kassiopeia.fi\/hotel-matts\/","name":"Hotel Matts","description":"","potentialAction":[{"@type":"SearchAction","target":{"@type":"EntryPoint","urlTemplate":"https:\/\/www.kassiopeia.fi\/hotel-matts\/?s={search_term_string}"},"query-input":{"@type":"PropertyValueSpecification","valueRequired":true,"valueName":"search_term_string"}}],"inLanguage":"en-US"}]}},"lang":"fi","translations":{"fi":86,"en":3331},"pll_sync_post":[],"_links":{"self":[{"href":"https:\/\/www.kassiopeia.fi\/hotel-matts\/wp-json\/wp\/v2\/pages\/7613","targetHints":{"allow":["GET"]}}],"collection":[{"href":"https:\/\/www.kassiopeia.fi\/hotel-matts\/wp-json\/wp\/v2\/pages"}],"about":[{"href":"https:\/\/www.kassiopeia.fi\/hotel-matts\/wp-json\/wp\/v2\/types\/page"}],"author":[{"embeddable":true,"href":"https:\/\/www.kassiopeia.fi\/hotel-matts\/wp-json\/wp\/v2\/users\/7"}],"replies":[{"embeddable":true,"href":"https:\/\/www.kassiopeia.fi\/hotel-matts\/wp-json\/wp\/v2\/comments?post=7613"}],"version-history":[{"count":29,"href":"https:\/\/www.kassiopeia.fi\/hotel-matts\/wp-json\/wp\/v2\/pages\/7613\/revisions"}],"predecessor-version":[{"id":7663,"href":"https:\/\/www.kassiopeia.fi\/hotel-matts\/wp-json\/wp\/v2\/pages\/7613\/revisions\/7663"}],"wp:attachment":[{"href":"https:\/\/www.kassiopeia.fi\/hotel-matts\/wp-json\/wp\/v2\/media?parent=7613"}],"curies":[{"name":"wp","href":"https:\/\/api.w.org\/{rel}","templated":true}]}}