{"id":6467,"date":"2025-04-10T10:58:22","date_gmt":"2025-04-10T10:58:22","guid":{"rendered":"https:\/\/www.kassiopeia.fi\/hotel-matts\/?page_id=6467"},"modified":"2025-04-10T10:58:22","modified_gmt":"2025-04-10T10:58:22","slug":"thank-you-for-quote","status":"publish","type":"page","link":"https:\/\/www.kassiopeia.fi\/hotel-matts\/en\/business-travel\/thank-you-for-quote\/","title":{"rendered":"Thank you for quote &#8211; for business"},"content":{"rendered":"\n<div class=\"wp-block-cover alignfull is-light cover-hero wp-duotone-unset-1\" style=\"margin-top:0px;margin-bottom:0px;padding-top:0px;padding-right:0px;padding-bottom:0px;padding-left:0px;min-height:30vw;aspect-ratio:unset;\"><span aria-hidden=\"true\" class=\"wp-block-cover__background has-black-background-color has-background-dim-0 has-background-dim\"><\/span><img loading=\"lazy\" decoding=\"async\" width=\"2000\" height=\"1337\" class=\"wp-block-cover__image-background wp-image-19\" alt=\"Nainen saapuu hotelliin.\" src=\"https:\/\/www.kassiopeia.fi\/hotel-matts\/wp-content\/uploads\/sites\/2\/2024\/08\/Matts_kokemus_Yrityksille.jpg\" style=\"object-position:50% 48%\" data-object-fit=\"cover\" data-object-position=\"50% 48%\" srcset=\"https:\/\/www.kassiopeia.fi\/hotel-matts\/wp-content\/uploads\/sites\/2\/2024\/08\/Matts_kokemus_Yrityksille.jpg 2000w, https:\/\/www.kassiopeia.fi\/hotel-matts\/wp-content\/uploads\/sites\/2\/2024\/08\/Matts_kokemus_Yrityksille-300x201.jpg 300w, https:\/\/www.kassiopeia.fi\/hotel-matts\/wp-content\/uploads\/sites\/2\/2024\/08\/Matts_kokemus_Yrityksille-1024x685.jpg 1024w, https:\/\/www.kassiopeia.fi\/hotel-matts\/wp-content\/uploads\/sites\/2\/2024\/08\/Matts_kokemus_Yrityksille-768x513.jpg 768w, https:\/\/www.kassiopeia.fi\/hotel-matts\/wp-content\/uploads\/sites\/2\/2024\/08\/Matts_kokemus_Yrityksille-1536x1027.jpg 1536w\" sizes=\"auto, (max-width: 2000px) 100vw, 2000px\" \/><div class=\"wp-block-cover__inner-container is-layout-flow wp-container-core-cover-is-layout-6e17fc20 wp-block-cover-is-layout-flow\">\n<h1 class=\"wp-block-heading has-text-align-center\" id=\"h-\" style=\"font-size:70px\"><\/h1>\n\n\n\n<p><\/p>\n<\/div><\/div>\n\n\n\n<div class=\"breadcrumb-container\"><ul id=\"breadcrumbs\" class=\"breadcrumbs\"><li class=\"item-home\"><a class=\"bread-link bread-home\" href=\"https:\/\/www.kassiopeia.fi\/hotel-matts\" title=\"Hotel Matts\">Hotel Matts<\/a><\/li><li class=\"separator separator-home\"> \/ <\/li><\/ul><\/div>\n<style>\n    \n<\/style>\n\n\n<div class=\"wp-block-group alignfull is-layout-constrained wp-container-core-group-is-layout-244a2f0a wp-block-group-is-layout-constrained\" style=\"padding-top:var(--wp--preset--spacing--50);padding-right:var(--wp--preset--spacing--40);padding-bottom:var(--wp--preset--spacing--70);padding-left:var(--wp--preset--spacing--40)\">\n<div class=\"wp-block-group alignwide is-layout-constrained wp-container-core-group-is-layout-9517baca wp-block-group-is-layout-constrained\">\n<h1 class=\"wp-block-heading has-text-align-center\" id=\"h-kiitos-tarjouspyynnostasi\" style=\"margin-bottom:var(--wp--preset--spacing--60)\">Kiitos tarjouspyynn\u00f6st\u00e4si<\/h1>\n\n\n\n<p class=\"has-text-align-center has-large-font-size\">Olemme vastaanottaneet tarjouspyynt\u00f6si ja vastaamme siihen mahdollisimman pian.<\/p>\n<\/div>\n<\/div>\n","protected":false},"excerpt":{"rendered":"<p>Kiitos tarjouspyynn\u00f6st\u00e4si Olemme vastaanottaneet tarjouspyynt\u00f6si ja vastaamme siihen mahdollisimman pian.<\/p>\n","protected":false},"author":2,"featured_media":0,"parent":3681,"menu_order":0,"comment_status":"closed","ping_status":"closed","template":"wp-custom-template-pages-hotel-matts","meta":{"_acf_changed":false,"footnotes":""},"class_list":["post-6467","page","type-page","status-publish","hentry"],"acf":[],"yoast_head":"<!-- This site is optimized with the Yoast SEO Premium plugin v27.2 (Yoast SEO v27.2) - https:\/\/yoast.com\/product\/yoast-seo-premium-wordpress\/ -->\n<title>Thank you for quote - for business - Hotel Matts<\/title>\n<meta name=\"robots\" content=\"index, follow, max-snippet:-1, max-image-preview:large, max-video-preview:-1\" \/>\n<link rel=\"canonical\" href=\"https:\/\/www.kassiopeia.fi\/hotel-matts\/en\/business-travel\/thank-you-for-quote\/\" \/>\n<meta property=\"og:locale\" content=\"en_US\" \/>\n<meta property=\"og:type\" content=\"article\" \/>\n<meta property=\"og:title\" content=\"Thank you for quote - for business\" \/>\n<meta property=\"og:description\" content=\"Kiitos tarjouspyynn\u00f6st\u00e4si Olemme vastaanottaneet tarjouspyynt\u00f6si ja vastaamme siihen mahdollisimman pian.\" \/>\n<meta property=\"og:url\" content=\"https:\/\/www.kassiopeia.fi\/hotel-matts\/en\/business-travel\/thank-you-for-quote\/\" \/>\n<meta property=\"og:site_name\" content=\"Hotel Matts\" \/>\n<meta property=\"og:image\" content=\"https:\/\/www.kassiopeia.fi\/hotel-matts\/wp-content\/uploads\/sites\/2\/2024\/08\/Matts_kokemus_Yrityksille.jpg\" \/>\n\t<meta property=\"og:image:width\" content=\"2000\" \/>\n\t<meta property=\"og:image:height\" content=\"1337\" \/>\n\t<meta property=\"og:image:type\" content=\"image\/jpeg\" \/>\n<meta name=\"twitter:card\" content=\"summary_large_image\" \/>\n<meta name=\"twitter:label1\" content=\"Est. reading time\" \/>\n\t<meta name=\"twitter:data1\" content=\"1 minute\" \/>\n<script type=\"application\/ld+json\" class=\"yoast-schema-graph\">{\"@context\":\"https:\/\/schema.org\",\"@graph\":[{\"@type\":\"WebPage\",\"@id\":\"https:\/\/www.kassiopeia.fi\/hotel-matts\/en\/business-travel\/thank-you-for-quote\/\",\"url\":\"https:\/\/www.kassiopeia.fi\/hotel-matts\/en\/business-travel\/thank-you-for-quote\/\",\"name\":\"Thank you for quote - for business - Hotel Matts\",\"isPartOf\":{\"@id\":\"https:\/\/www.kassiopeia.fi\/hotel-matts\/#website\"},\"primaryImageOfPage\":{\"@id\":\"https:\/\/www.kassiopeia.fi\/hotel-matts\/en\/business-travel\/thank-you-for-quote\/#primaryimage\"},\"image\":{\"@id\":\"https:\/\/www.kassiopeia.fi\/hotel-matts\/en\/business-travel\/thank-you-for-quote\/#primaryimage\"},\"thumbnailUrl\":\"https:\/\/www.kassiopeia.fi\/hotel-matts\/wp-content\/uploads\/sites\/2\/2024\/08\/Matts_kokemus_Yrityksille.jpg\",\"datePublished\":\"2025-04-10T10:58:22+00:00\",\"breadcrumb\":{\"@id\":\"https:\/\/www.kassiopeia.fi\/hotel-matts\/en\/business-travel\/thank-you-for-quote\/#breadcrumb\"},\"inLanguage\":\"en-US\",\"potentialAction\":[{\"@type\":\"ReadAction\",\"target\":[\"https:\/\/www.kassiopeia.fi\/hotel-matts\/en\/business-travel\/thank-you-for-quote\/\"]}]},{\"@type\":\"ImageObject\",\"inLanguage\":\"en-US\",\"@id\":\"https:\/\/www.kassiopeia.fi\/hotel-matts\/en\/business-travel\/thank-you-for-quote\/#primaryimage\",\"url\":\"https:\/\/www.kassiopeia.fi\/hotel-matts\/wp-content\/uploads\/sites\/2\/2024\/08\/Matts_kokemus_Yrityksille.jpg\",\"contentUrl\":\"https:\/\/www.kassiopeia.fi\/hotel-matts\/wp-content\/uploads\/sites\/2\/2024\/08\/Matts_kokemus_Yrityksille.jpg\",\"width\":2000,\"height\":1337},{\"@type\":\"BreadcrumbList\",\"@id\":\"https:\/\/www.kassiopeia.fi\/hotel-matts\/en\/business-travel\/thank-you-for-quote\/#breadcrumb\",\"itemListElement\":[{\"@type\":\"ListItem\",\"position\":1,\"name\":\"Home\",\"item\":\"https:\/\/www.kassiopeia.fi\/hotel-matts\/\"},{\"@type\":\"ListItem\",\"position\":2,\"name\":\"Business Travel\",\"item\":\"https:\/\/www.kassiopeia.fi\/hotel-matts\/en\/business-travel\/\"},{\"@type\":\"ListItem\",\"position\":3,\"name\":\"Thank you for quote &#8211; for business\"}]},{\"@type\":\"WebSite\",\"@id\":\"https:\/\/www.kassiopeia.fi\/hotel-matts\/#website\",\"url\":\"https:\/\/www.kassiopeia.fi\/hotel-matts\/\",\"name\":\"Hotel Matts\",\"description\":\"\",\"potentialAction\":[{\"@type\":\"SearchAction\",\"target\":{\"@type\":\"EntryPoint\",\"urlTemplate\":\"https:\/\/www.kassiopeia.fi\/hotel-matts\/?s={search_term_string}\"},\"query-input\":{\"@type\":\"PropertyValueSpecification\",\"valueRequired\":true,\"valueName\":\"search_term_string\"}}],\"inLanguage\":\"en-US\"}]}<\/script>\n<!-- \/ Yoast SEO Premium plugin. -->","yoast_head_json":{"title":"Thank you for quote - for business - Hotel Matts","robots":{"index":"index","follow":"follow","max-snippet":"max-snippet:-1","max-image-preview":"max-image-preview:large","max-video-preview":"max-video-preview:-1"},"canonical":"https:\/\/www.kassiopeia.fi\/hotel-matts\/en\/business-travel\/thank-you-for-quote\/","og_locale":"en_US","og_type":"article","og_title":"Thank you for quote - for business","og_description":"Kiitos tarjouspyynn\u00f6st\u00e4si Olemme vastaanottaneet tarjouspyynt\u00f6si ja vastaamme siihen mahdollisimman pian.","og_url":"https:\/\/www.kassiopeia.fi\/hotel-matts\/en\/business-travel\/thank-you-for-quote\/","og_site_name":"Hotel Matts","og_image":[{"width":2000,"height":1337,"url":"https:\/\/www.kassiopeia.fi\/hotel-matts\/wp-content\/uploads\/sites\/2\/2024\/08\/Matts_kokemus_Yrityksille.jpg","type":"image\/jpeg"}],"twitter_card":"summary_large_image","twitter_misc":{"Est. reading time":"1 minute"},"schema":{"@context":"https:\/\/schema.org","@graph":[{"@type":"WebPage","@id":"https:\/\/www.kassiopeia.fi\/hotel-matts\/en\/business-travel\/thank-you-for-quote\/","url":"https:\/\/www.kassiopeia.fi\/hotel-matts\/en\/business-travel\/thank-you-for-quote\/","name":"Thank you for quote - for business - Hotel Matts","isPartOf":{"@id":"https:\/\/www.kassiopeia.fi\/hotel-matts\/#website"},"primaryImageOfPage":{"@id":"https:\/\/www.kassiopeia.fi\/hotel-matts\/en\/business-travel\/thank-you-for-quote\/#primaryimage"},"image":{"@id":"https:\/\/www.kassiopeia.fi\/hotel-matts\/en\/business-travel\/thank-you-for-quote\/#primaryimage"},"thumbnailUrl":"https:\/\/www.kassiopeia.fi\/hotel-matts\/wp-content\/uploads\/sites\/2\/2024\/08\/Matts_kokemus_Yrityksille.jpg","datePublished":"2025-04-10T10:58:22+00:00","breadcrumb":{"@id":"https:\/\/www.kassiopeia.fi\/hotel-matts\/en\/business-travel\/thank-you-for-quote\/#breadcrumb"},"inLanguage":"en-US","potentialAction":[{"@type":"ReadAction","target":["https:\/\/www.kassiopeia.fi\/hotel-matts\/en\/business-travel\/thank-you-for-quote\/"]}]},{"@type":"ImageObject","inLanguage":"en-US","@id":"https:\/\/www.kassiopeia.fi\/hotel-matts\/en\/business-travel\/thank-you-for-quote\/#primaryimage","url":"https:\/\/www.kassiopeia.fi\/hotel-matts\/wp-content\/uploads\/sites\/2\/2024\/08\/Matts_kokemus_Yrityksille.jpg","contentUrl":"https:\/\/www.kassiopeia.fi\/hotel-matts\/wp-content\/uploads\/sites\/2\/2024\/08\/Matts_kokemus_Yrityksille.jpg","width":2000,"height":1337},{"@type":"BreadcrumbList","@id":"https:\/\/www.kassiopeia.fi\/hotel-matts\/en\/business-travel\/thank-you-for-quote\/#breadcrumb","itemListElement":[{"@type":"ListItem","position":1,"name":"Home","item":"https:\/\/www.kassiopeia.fi\/hotel-matts\/"},{"@type":"ListItem","position":2,"name":"Business Travel","item":"https:\/\/www.kassiopeia.fi\/hotel-matts\/en\/business-travel\/"},{"@type":"ListItem","position":3,"name":"Thank you for quote &#8211; for business"}]},{"@type":"WebSite","@id":"https:\/\/www.kassiopeia.fi\/hotel-matts\/#website","url":"https:\/\/www.kassiopeia.fi\/hotel-matts\/","name":"Hotel Matts","description":"","potentialAction":[{"@type":"SearchAction","target":{"@type":"EntryPoint","urlTemplate":"https:\/\/www.kassiopeia.fi\/hotel-matts\/?s={search_term_string}"},"query-input":{"@type":"PropertyValueSpecification","valueRequired":true,"valueName":"search_term_string"}}],"inLanguage":"en-US"}]}},"lang":"en","translations":{"en":6467,"fi":5488},"pll_sync_post":[],"_links":{"self":[{"href":"https:\/\/www.kassiopeia.fi\/hotel-matts\/wp-json\/wp\/v2\/pages\/6467","targetHints":{"allow":["GET"]}}],"collection":[{"href":"https:\/\/www.kassiopeia.fi\/hotel-matts\/wp-json\/wp\/v2\/pages"}],"about":[{"href":"https:\/\/www.kassiopeia.fi\/hotel-matts\/wp-json\/wp\/v2\/types\/page"}],"author":[{"embeddable":true,"href":"https:\/\/www.kassiopeia.fi\/hotel-matts\/wp-json\/wp\/v2\/users\/2"}],"replies":[{"embeddable":true,"href":"https:\/\/www.kassiopeia.fi\/hotel-matts\/wp-json\/wp\/v2\/comments?post=6467"}],"version-history":[{"count":1,"href":"https:\/\/www.kassiopeia.fi\/hotel-matts\/wp-json\/wp\/v2\/pages\/6467\/revisions"}],"predecessor-version":[{"id":6468,"href":"https:\/\/www.kassiopeia.fi\/hotel-matts\/wp-json\/wp\/v2\/pages\/6467\/revisions\/6468"}],"up":[{"embeddable":true,"href":"https:\/\/www.kassiopeia.fi\/hotel-matts\/wp-json\/wp\/v2\/pages\/3681"}],"wp:attachment":[{"href":"https:\/\/www.kassiopeia.fi\/hotel-matts\/wp-json\/wp\/v2\/media?parent=6467"}],"curies":[{"name":"wp","href":"https:\/\/api.w.org\/{rel}","templated":true}]}}