{"id":6022,"date":"2025-02-20T06:06:29","date_gmt":"2025-02-20T06:06:29","guid":{"rendered":"https:\/\/www.kassiopeia.fi\/hotel-matts\/?page_id=6022"},"modified":"2025-02-20T06:06:30","modified_gmt":"2025-02-20T06:06:30","slug":"kiitos","status":"publish","type":"page","link":"https:\/\/www.kassiopeia.fi\/hotel-matts\/haat\/kiitos\/","title":{"rendered":"Kiitos tarjouspyynn\u00f6st\u00e4 &#8211; H\u00e4\u00e4t"},"content":{"rendered":"\n<div class=\"wp-block-cover alignfull cover-hero wp-duotone-unset-1\" style=\"margin-top:0px;margin-bottom:0px;padding-top:0px;padding-right:0px;padding-bottom:0px;padding-left:0px;min-height:30vw;aspect-ratio:unset;\"><span aria-hidden=\"true\" class=\"wp-block-cover__background has-black-background-color has-background-dim-0 has-background-dim\"><\/span><img loading=\"lazy\" decoding=\"async\" width=\"1000\" height=\"1400\" class=\"wp-block-cover__image-background wp-image-4676\" alt=\"Juhlakattaus Hotel Mattsin kokoustilassa\" src=\"https:\/\/www.kassiopeia.fi\/hotel-matts\/wp-content\/uploads\/sites\/2\/2024\/11\/matts-haat.jpg\" style=\"object-position:47% 41%\" data-object-fit=\"cover\" data-object-position=\"47% 41%\" srcset=\"https:\/\/www.kassiopeia.fi\/hotel-matts\/wp-content\/uploads\/sites\/2\/2024\/11\/matts-haat.jpg 1000w, https:\/\/www.kassiopeia.fi\/hotel-matts\/wp-content\/uploads\/sites\/2\/2024\/11\/matts-haat-214x300.jpg 214w, https:\/\/www.kassiopeia.fi\/hotel-matts\/wp-content\/uploads\/sites\/2\/2024\/11\/matts-haat-731x1024.jpg 731w, https:\/\/www.kassiopeia.fi\/hotel-matts\/wp-content\/uploads\/sites\/2\/2024\/11\/matts-haat-768x1075.jpg 768w\" sizes=\"auto, (max-width: 1000px) 100vw, 1000px\" \/><div class=\"wp-block-cover__inner-container is-layout-flow wp-container-core-cover-is-layout-6e17fc20 wp-block-cover-is-layout-flow\">\n<h1 class=\"wp-block-heading has-text-align-center\" id=\"h-\" style=\"font-size:70px\"><\/h1>\n\n\n\n<p><\/p>\n<\/div><\/div>\n\n\n\n<div class=\"breadcrumb-container\"><ul id=\"breadcrumbs\" class=\"breadcrumbs\"><li class=\"item-home\"><a class=\"bread-link bread-home\" href=\"https:\/\/www.kassiopeia.fi\/hotel-matts\" title=\"Hotel Matts\">Hotel Matts<\/a><\/li><li class=\"separator separator-home\"> \/ <\/li><\/ul><\/div>\n<style>\n    \n<\/style>\n\n\n<div class=\"wp-block-group alignfull is-layout-constrained wp-container-core-group-is-layout-244a2f0a wp-block-group-is-layout-constrained\" style=\"padding-top:var(--wp--preset--spacing--50);padding-right:var(--wp--preset--spacing--40);padding-bottom:var(--wp--preset--spacing--70);padding-left:var(--wp--preset--spacing--40)\">\n<div class=\"wp-block-group alignwide is-layout-constrained wp-container-core-group-is-layout-9517baca wp-block-group-is-layout-constrained\">\n<h1 class=\"wp-block-heading has-text-align-center\" id=\"h-kiitos-tarjouspyynnostasi\" style=\"margin-bottom:var(--wp--preset--spacing--60)\">Kiitos tarjouspyynn\u00f6st\u00e4si<\/h1>\n\n\n\n<p class=\"has-text-align-center has-large-font-size\">Olemme vastaanottaneet tarjouspyynt\u00f6si ja olemme sinuun pian yhteydess\u00e4.<\/p>\n<\/div>\n<\/div>\n","protected":false},"excerpt":{"rendered":"<p>Kiitos tarjouspyynn\u00f6st\u00e4si Olemme vastaanottaneet tarjouspyynt\u00f6si ja olemme sinuun pian yhteydess\u00e4.<\/p>\n","protected":false},"author":7,"featured_media":0,"parent":5776,"menu_order":0,"comment_status":"closed","ping_status":"closed","template":"wp-custom-template-pages-hotel-matts","meta":{"_acf_changed":false,"footnotes":""},"class_list":["post-6022","page","type-page","status-publish","hentry"],"acf":[],"yoast_head":"<!-- This site is optimized with the Yoast SEO Premium plugin v27.2 (Yoast SEO v27.2) - https:\/\/yoast.com\/product\/yoast-seo-premium-wordpress\/ -->\n<title>Kiitos tarjouspyynn\u00f6st\u00e4 - H\u00e4\u00e4t - Hotel Matts<\/title>\n<meta name=\"robots\" content=\"noindex, nofollow\" \/>\n<meta property=\"og:locale\" content=\"en_US\" \/>\n<meta property=\"og:type\" content=\"article\" \/>\n<meta property=\"og:title\" content=\"Kiitos tarjouspyynn\u00f6st\u00e4 - H\u00e4\u00e4t\" \/>\n<meta property=\"og:description\" content=\"Kiitos tarjouspyynn\u00f6st\u00e4si Olemme vastaanottaneet tarjouspyynt\u00f6si ja olemme sinuun pian yhteydess\u00e4.\" \/>\n<meta property=\"og:url\" content=\"https:\/\/www.kassiopeia.fi\/hotel-matts\/haat\/kiitos\/\" \/>\n<meta property=\"og:site_name\" content=\"Hotel Matts\" \/>\n<meta property=\"article:modified_time\" content=\"2025-02-20T06:06:30+00:00\" \/>\n<meta property=\"og:image\" content=\"https:\/\/www.kassiopeia.fi\/hotel-matts\/wp-content\/uploads\/sites\/2\/2024\/11\/matts-haat.jpg\" \/>\n\t<meta property=\"og:image:width\" content=\"1000\" \/>\n\t<meta property=\"og:image:height\" content=\"1400\" \/>\n\t<meta property=\"og:image:type\" content=\"image\/jpeg\" \/>\n<meta name=\"twitter:card\" content=\"summary_large_image\" \/>\n<meta name=\"twitter:label1\" content=\"Est. reading time\" \/>\n\t<meta name=\"twitter:data1\" content=\"1 minute\" \/>\n<script type=\"application\/ld+json\" class=\"yoast-schema-graph\">{\"@context\":\"https:\/\/schema.org\",\"@graph\":[{\"@type\":\"WebPage\",\"@id\":\"https:\/\/www.kassiopeia.fi\/hotel-matts\/haat\/kiitos\/\",\"url\":\"https:\/\/www.kassiopeia.fi\/hotel-matts\/haat\/kiitos\/\",\"name\":\"Kiitos tarjouspyynn\u00f6st\u00e4 - H\u00e4\u00e4t - Hotel Matts\",\"isPartOf\":{\"@id\":\"https:\/\/www.kassiopeia.fi\/hotel-matts\/#website\"},\"primaryImageOfPage\":{\"@id\":\"https:\/\/www.kassiopeia.fi\/hotel-matts\/haat\/kiitos\/#primaryimage\"},\"image\":{\"@id\":\"https:\/\/www.kassiopeia.fi\/hotel-matts\/haat\/kiitos\/#primaryimage\"},\"thumbnailUrl\":\"https:\/\/www.kassiopeia.fi\/hotel-matts\/wp-content\/uploads\/sites\/2\/2024\/11\/matts-haat.jpg\",\"datePublished\":\"2025-02-20T06:06:29+00:00\",\"dateModified\":\"2025-02-20T06:06:30+00:00\",\"breadcrumb\":{\"@id\":\"https:\/\/www.kassiopeia.fi\/hotel-matts\/haat\/kiitos\/#breadcrumb\"},\"inLanguage\":\"en-US\",\"potentialAction\":[{\"@type\":\"ReadAction\",\"target\":[\"https:\/\/www.kassiopeia.fi\/hotel-matts\/haat\/kiitos\/\"]}]},{\"@type\":\"ImageObject\",\"inLanguage\":\"en-US\",\"@id\":\"https:\/\/www.kassiopeia.fi\/hotel-matts\/haat\/kiitos\/#primaryimage\",\"url\":\"https:\/\/www.kassiopeia.fi\/hotel-matts\/wp-content\/uploads\/sites\/2\/2024\/11\/matts-haat.jpg\",\"contentUrl\":\"https:\/\/www.kassiopeia.fi\/hotel-matts\/wp-content\/uploads\/sites\/2\/2024\/11\/matts-haat.jpg\",\"width\":1000,\"height\":1400,\"caption\":\"Juhlakattaus Hotel Mattsin kokoustilassa.\"},{\"@type\":\"BreadcrumbList\",\"@id\":\"https:\/\/www.kassiopeia.fi\/hotel-matts\/haat\/kiitos\/#breadcrumb\",\"itemListElement\":[{\"@type\":\"ListItem\",\"position\":1,\"name\":\"Home\",\"item\":\"https:\/\/www.kassiopeia.fi\/hotel-matts\/\"},{\"@type\":\"ListItem\",\"position\":2,\"name\":\"H\u00e4\u00e4t\",\"item\":\"https:\/\/www.kassiopeia.fi\/hotel-matts\/haat\/\"},{\"@type\":\"ListItem\",\"position\":3,\"name\":\"Kiitos tarjouspyynn\u00f6st\u00e4 &#8211; H\u00e4\u00e4t\"}]},{\"@type\":\"WebSite\",\"@id\":\"https:\/\/www.kassiopeia.fi\/hotel-matts\/#website\",\"url\":\"https:\/\/www.kassiopeia.fi\/hotel-matts\/\",\"name\":\"Hotel Matts\",\"description\":\"\",\"potentialAction\":[{\"@type\":\"SearchAction\",\"target\":{\"@type\":\"EntryPoint\",\"urlTemplate\":\"https:\/\/www.kassiopeia.fi\/hotel-matts\/?s={search_term_string}\"},\"query-input\":{\"@type\":\"PropertyValueSpecification\",\"valueRequired\":true,\"valueName\":\"search_term_string\"}}],\"inLanguage\":\"en-US\"}]}<\/script>\n<!-- \/ Yoast SEO Premium plugin. -->","yoast_head_json":{"title":"Kiitos tarjouspyynn\u00f6st\u00e4 - H\u00e4\u00e4t - Hotel Matts","robots":{"index":"noindex","follow":"nofollow"},"og_locale":"en_US","og_type":"article","og_title":"Kiitos tarjouspyynn\u00f6st\u00e4 - H\u00e4\u00e4t","og_description":"Kiitos tarjouspyynn\u00f6st\u00e4si Olemme vastaanottaneet tarjouspyynt\u00f6si ja olemme sinuun pian yhteydess\u00e4.","og_url":"https:\/\/www.kassiopeia.fi\/hotel-matts\/haat\/kiitos\/","og_site_name":"Hotel Matts","article_modified_time":"2025-02-20T06:06:30+00:00","og_image":[{"width":1000,"height":1400,"url":"https:\/\/www.kassiopeia.fi\/hotel-matts\/wp-content\/uploads\/sites\/2\/2024\/11\/matts-haat.jpg","type":"image\/jpeg"}],"twitter_card":"summary_large_image","twitter_misc":{"Est. reading time":"1 minute"},"schema":{"@context":"https:\/\/schema.org","@graph":[{"@type":"WebPage","@id":"https:\/\/www.kassiopeia.fi\/hotel-matts\/haat\/kiitos\/","url":"https:\/\/www.kassiopeia.fi\/hotel-matts\/haat\/kiitos\/","name":"Kiitos tarjouspyynn\u00f6st\u00e4 - H\u00e4\u00e4t - Hotel Matts","isPartOf":{"@id":"https:\/\/www.kassiopeia.fi\/hotel-matts\/#website"},"primaryImageOfPage":{"@id":"https:\/\/www.kassiopeia.fi\/hotel-matts\/haat\/kiitos\/#primaryimage"},"image":{"@id":"https:\/\/www.kassiopeia.fi\/hotel-matts\/haat\/kiitos\/#primaryimage"},"thumbnailUrl":"https:\/\/www.kassiopeia.fi\/hotel-matts\/wp-content\/uploads\/sites\/2\/2024\/11\/matts-haat.jpg","datePublished":"2025-02-20T06:06:29+00:00","dateModified":"2025-02-20T06:06:30+00:00","breadcrumb":{"@id":"https:\/\/www.kassiopeia.fi\/hotel-matts\/haat\/kiitos\/#breadcrumb"},"inLanguage":"en-US","potentialAction":[{"@type":"ReadAction","target":["https:\/\/www.kassiopeia.fi\/hotel-matts\/haat\/kiitos\/"]}]},{"@type":"ImageObject","inLanguage":"en-US","@id":"https:\/\/www.kassiopeia.fi\/hotel-matts\/haat\/kiitos\/#primaryimage","url":"https:\/\/www.kassiopeia.fi\/hotel-matts\/wp-content\/uploads\/sites\/2\/2024\/11\/matts-haat.jpg","contentUrl":"https:\/\/www.kassiopeia.fi\/hotel-matts\/wp-content\/uploads\/sites\/2\/2024\/11\/matts-haat.jpg","width":1000,"height":1400,"caption":"Juhlakattaus Hotel Mattsin kokoustilassa."},{"@type":"BreadcrumbList","@id":"https:\/\/www.kassiopeia.fi\/hotel-matts\/haat\/kiitos\/#breadcrumb","itemListElement":[{"@type":"ListItem","position":1,"name":"Home","item":"https:\/\/www.kassiopeia.fi\/hotel-matts\/"},{"@type":"ListItem","position":2,"name":"H\u00e4\u00e4t","item":"https:\/\/www.kassiopeia.fi\/hotel-matts\/haat\/"},{"@type":"ListItem","position":3,"name":"Kiitos tarjouspyynn\u00f6st\u00e4 &#8211; H\u00e4\u00e4t"}]},{"@type":"WebSite","@id":"https:\/\/www.kassiopeia.fi\/hotel-matts\/#website","url":"https:\/\/www.kassiopeia.fi\/hotel-matts\/","name":"Hotel Matts","description":"","potentialAction":[{"@type":"SearchAction","target":{"@type":"EntryPoint","urlTemplate":"https:\/\/www.kassiopeia.fi\/hotel-matts\/?s={search_term_string}"},"query-input":{"@type":"PropertyValueSpecification","valueRequired":true,"valueName":"search_term_string"}}],"inLanguage":"en-US"}]}},"lang":"fi","translations":{"fi":6022},"pll_sync_post":[],"_links":{"self":[{"href":"https:\/\/www.kassiopeia.fi\/hotel-matts\/wp-json\/wp\/v2\/pages\/6022","targetHints":{"allow":["GET"]}}],"collection":[{"href":"https:\/\/www.kassiopeia.fi\/hotel-matts\/wp-json\/wp\/v2\/pages"}],"about":[{"href":"https:\/\/www.kassiopeia.fi\/hotel-matts\/wp-json\/wp\/v2\/types\/page"}],"author":[{"embeddable":true,"href":"https:\/\/www.kassiopeia.fi\/hotel-matts\/wp-json\/wp\/v2\/users\/7"}],"replies":[{"embeddable":true,"href":"https:\/\/www.kassiopeia.fi\/hotel-matts\/wp-json\/wp\/v2\/comments?post=6022"}],"version-history":[{"count":1,"href":"https:\/\/www.kassiopeia.fi\/hotel-matts\/wp-json\/wp\/v2\/pages\/6022\/revisions"}],"predecessor-version":[{"id":6023,"href":"https:\/\/www.kassiopeia.fi\/hotel-matts\/wp-json\/wp\/v2\/pages\/6022\/revisions\/6023"}],"up":[{"embeddable":true,"href":"https:\/\/www.kassiopeia.fi\/hotel-matts\/wp-json\/wp\/v2\/pages\/5776"}],"wp:attachment":[{"href":"https:\/\/www.kassiopeia.fi\/hotel-matts\/wp-json\/wp\/v2\/media?parent=6022"}],"curies":[{"name":"wp","href":"https:\/\/api.w.org\/{rel}","templated":true}]}}