{"id":5518,"date":"2024-12-30T13:34:32","date_gmt":"2024-12-30T13:34:32","guid":{"rendered":"https:\/\/www.kassiopeia.fi\/hotel-matts\/?page_id=5518"},"modified":"2025-01-16T09:46:06","modified_gmt":"2025-01-16T09:46:06","slug":"kiitos-urheilijat","status":"publish","type":"page","link":"https:\/\/www.kassiopeia.fi\/hotel-matts\/urheiluryhmat\/kiitos-urheilijat\/","title":{"rendered":"Kiitos tarjouspyynn\u00f6st\u00e4 &#8211; Urheilijat"},"content":{"rendered":"\n<div class=\"wp-block-cover alignfull is-light cover-hero wp-duotone-unset-1\" style=\"margin-top:0px;margin-bottom:0px;padding-top:0px;padding-right:0px;padding-bottom:0px;padding-left:0px;min-height:30vw;aspect-ratio:unset;\"><span aria-hidden=\"true\" class=\"wp-block-cover__background has-black-background-color has-background-dim-0 has-background-dim\"><\/span><img loading=\"lazy\" decoding=\"async\" width=\"2500\" height=\"1667\" class=\"wp-block-cover__image-background wp-image-3133\" alt=\"Mies on juuri her\u00e4nnyt ja venyttelee hotellin s\u00e4ngyll\u00e4.\" src=\"https:\/\/www.kassiopeia.fi\/hotel-matts\/wp-content\/uploads\/sites\/2\/2024\/10\/matts-kuvitus-huone-sanky.jpg\" style=\"object-position:53% 60%\" data-object-fit=\"cover\" data-object-position=\"53% 60%\" srcset=\"https:\/\/www.kassiopeia.fi\/hotel-matts\/wp-content\/uploads\/sites\/2\/2024\/10\/matts-kuvitus-huone-sanky.jpg 2500w, https:\/\/www.kassiopeia.fi\/hotel-matts\/wp-content\/uploads\/sites\/2\/2024\/10\/matts-kuvitus-huone-sanky-300x200.jpg 300w, https:\/\/www.kassiopeia.fi\/hotel-matts\/wp-content\/uploads\/sites\/2\/2024\/10\/matts-kuvitus-huone-sanky-1024x683.jpg 1024w, https:\/\/www.kassiopeia.fi\/hotel-matts\/wp-content\/uploads\/sites\/2\/2024\/10\/matts-kuvitus-huone-sanky-768x512.jpg 768w, https:\/\/www.kassiopeia.fi\/hotel-matts\/wp-content\/uploads\/sites\/2\/2024\/10\/matts-kuvitus-huone-sanky-1536x1024.jpg 1536w, https:\/\/www.kassiopeia.fi\/hotel-matts\/wp-content\/uploads\/sites\/2\/2024\/10\/matts-kuvitus-huone-sanky-2048x1366.jpg 2048w\" sizes=\"auto, (max-width: 2500px) 100vw, 2500px\" \/><div class=\"wp-block-cover__inner-container is-layout-flow wp-container-core-cover-is-layout-6e17fc20 wp-block-cover-is-layout-flow\">\n<h1 class=\"wp-block-heading has-text-align-center\" id=\"h-\" style=\"font-size:70px\"><\/h1>\n\n\n\n<p><\/p>\n<\/div><\/div>\n\n\n\n<div class=\"breadcrumb-container\"><ul id=\"breadcrumbs\" class=\"breadcrumbs\"><li class=\"item-home\"><a class=\"bread-link bread-home\" href=\"https:\/\/www.kassiopeia.fi\/hotel-matts\" title=\"Hotel Matts\">Hotel Matts<\/a><\/li><li class=\"separator separator-home\"> \/ <\/li><\/ul><\/div>\n<style>\n    \n<\/style>\n\n\n<div class=\"wp-block-group alignfull is-layout-constrained wp-container-core-group-is-layout-244a2f0a wp-block-group-is-layout-constrained\" style=\"padding-top:var(--wp--preset--spacing--50);padding-right:var(--wp--preset--spacing--40);padding-bottom:var(--wp--preset--spacing--70);padding-left:var(--wp--preset--spacing--40)\">\n<div class=\"wp-block-group alignwide is-layout-constrained wp-container-core-group-is-layout-9517baca wp-block-group-is-layout-constrained\">\n<h1 class=\"wp-block-heading has-text-align-center\" id=\"h-kiitos-tarjouspyynnostasi\" style=\"margin-bottom:var(--wp--preset--spacing--60)\">Kiitos tarjouspyynn\u00f6st\u00e4si<\/h1>\n\n\n\n<p class=\"has-text-align-center has-large-font-size\">Olemme vastaanottaneet tarjouspyynt\u00f6si ja vastaamme siihen mahdollisimman pian.<\/p>\n<\/div>\n<\/div>\n","protected":false},"excerpt":{"rendered":"<p>Kiitos tarjouspyynn\u00f6st\u00e4si Olemme vastaanottaneet tarjouspyynt\u00f6si ja vastaamme siihen mahdollisimman pian.<\/p>\n","protected":false},"author":4,"featured_media":0,"parent":94,"menu_order":0,"comment_status":"closed","ping_status":"closed","template":"wp-custom-template-pages-hotel-matts","meta":{"_acf_changed":false,"footnotes":""},"class_list":["post-5518","page","type-page","status-publish","hentry"],"acf":[],"yoast_head":"<!-- This site is optimized with the Yoast SEO Premium plugin v27.2 (Yoast SEO v27.2) - https:\/\/yoast.com\/product\/yoast-seo-premium-wordpress\/ -->\n<title>Kiitos tarjouspyynn\u00f6st\u00e4 - Urheilijat - Hotel Matts<\/title>\n<meta name=\"robots\" content=\"noindex, nofollow\" \/>\n<meta property=\"og:locale\" content=\"en_US\" \/>\n<meta property=\"og:type\" content=\"article\" \/>\n<meta property=\"og:title\" content=\"Kiitos tarjouspyynn\u00f6st\u00e4 - Urheilijat\" \/>\n<meta property=\"og:description\" content=\"Kiitos tarjouspyynn\u00f6st\u00e4si Olemme vastaanottaneet tarjouspyynt\u00f6si ja vastaamme siihen mahdollisimman pian.\" \/>\n<meta property=\"og:url\" content=\"https:\/\/www.kassiopeia.fi\/hotel-matts\/urheiluryhmat\/kiitos-urheilijat\/\" \/>\n<meta property=\"og:site_name\" content=\"Hotel Matts\" \/>\n<meta property=\"article:modified_time\" content=\"2025-01-16T09:46:06+00:00\" \/>\n<meta property=\"og:image\" content=\"https:\/\/www.kassiopeia.fi\/hotel-matts\/wp-content\/uploads\/sites\/2\/2024\/10\/matts-kuvitus-huone-sanky.jpg\" \/>\n\t<meta property=\"og:image:width\" content=\"2500\" \/>\n\t<meta property=\"og:image:height\" content=\"1667\" \/>\n\t<meta property=\"og:image:type\" content=\"image\/jpeg\" \/>\n<meta name=\"twitter:card\" content=\"summary_large_image\" \/>\n<meta name=\"twitter:label1\" content=\"Est. reading time\" \/>\n\t<meta name=\"twitter:data1\" content=\"1 minute\" \/>\n<script type=\"application\/ld+json\" class=\"yoast-schema-graph\">{\"@context\":\"https:\/\/schema.org\",\"@graph\":[{\"@type\":\"WebPage\",\"@id\":\"https:\/\/www.kassiopeia.fi\/hotel-matts\/urheiluryhmat\/kiitos-urheilijat\/\",\"url\":\"https:\/\/www.kassiopeia.fi\/hotel-matts\/urheiluryhmat\/kiitos-urheilijat\/\",\"name\":\"Kiitos tarjouspyynn\u00f6st\u00e4 - Urheilijat - Hotel Matts\",\"isPartOf\":{\"@id\":\"https:\/\/www.kassiopeia.fi\/hotel-matts\/#website\"},\"primaryImageOfPage\":{\"@id\":\"https:\/\/www.kassiopeia.fi\/hotel-matts\/urheiluryhmat\/kiitos-urheilijat\/#primaryimage\"},\"image\":{\"@id\":\"https:\/\/www.kassiopeia.fi\/hotel-matts\/urheiluryhmat\/kiitos-urheilijat\/#primaryimage\"},\"thumbnailUrl\":\"https:\/\/www.kassiopeia.fi\/hotel-matts\/wp-content\/uploads\/sites\/2\/2024\/10\/matts-kuvitus-huone-sanky.jpg\",\"datePublished\":\"2024-12-30T13:34:32+00:00\",\"dateModified\":\"2025-01-16T09:46:06+00:00\",\"breadcrumb\":{\"@id\":\"https:\/\/www.kassiopeia.fi\/hotel-matts\/urheiluryhmat\/kiitos-urheilijat\/#breadcrumb\"},\"inLanguage\":\"en-US\",\"potentialAction\":[{\"@type\":\"ReadAction\",\"target\":[\"https:\/\/www.kassiopeia.fi\/hotel-matts\/urheiluryhmat\/kiitos-urheilijat\/\"]}]},{\"@type\":\"ImageObject\",\"inLanguage\":\"en-US\",\"@id\":\"https:\/\/www.kassiopeia.fi\/hotel-matts\/urheiluryhmat\/kiitos-urheilijat\/#primaryimage\",\"url\":\"https:\/\/www.kassiopeia.fi\/hotel-matts\/wp-content\/uploads\/sites\/2\/2024\/10\/matts-kuvitus-huone-sanky.jpg\",\"contentUrl\":\"https:\/\/www.kassiopeia.fi\/hotel-matts\/wp-content\/uploads\/sites\/2\/2024\/10\/matts-kuvitus-huone-sanky.jpg\",\"width\":2500,\"height\":1667,\"caption\":\"Mies on juuri her\u00e4nnyt ja venyttelee hotellin s\u00e4ngyll\u00e4.\"},{\"@type\":\"BreadcrumbList\",\"@id\":\"https:\/\/www.kassiopeia.fi\/hotel-matts\/urheiluryhmat\/kiitos-urheilijat\/#breadcrumb\",\"itemListElement\":[{\"@type\":\"ListItem\",\"position\":1,\"name\":\"Home\",\"item\":\"https:\/\/www.kassiopeia.fi\/hotel-matts\/\"},{\"@type\":\"ListItem\",\"position\":2,\"name\":\"Urheiluryhm\u00e4t\",\"item\":\"https:\/\/www.kassiopeia.fi\/hotel-matts\/urheiluryhmat\/\"},{\"@type\":\"ListItem\",\"position\":3,\"name\":\"Kiitos tarjouspyynn\u00f6st\u00e4 &#8211; Urheilijat\"}]},{\"@type\":\"WebSite\",\"@id\":\"https:\/\/www.kassiopeia.fi\/hotel-matts\/#website\",\"url\":\"https:\/\/www.kassiopeia.fi\/hotel-matts\/\",\"name\":\"Hotel Matts\",\"description\":\"\",\"potentialAction\":[{\"@type\":\"SearchAction\",\"target\":{\"@type\":\"EntryPoint\",\"urlTemplate\":\"https:\/\/www.kassiopeia.fi\/hotel-matts\/?s={search_term_string}\"},\"query-input\":{\"@type\":\"PropertyValueSpecification\",\"valueRequired\":true,\"valueName\":\"search_term_string\"}}],\"inLanguage\":\"en-US\"}]}<\/script>\n<!-- \/ Yoast SEO Premium plugin. -->","yoast_head_json":{"title":"Kiitos tarjouspyynn\u00f6st\u00e4 - Urheilijat - Hotel Matts","robots":{"index":"noindex","follow":"nofollow"},"og_locale":"en_US","og_type":"article","og_title":"Kiitos tarjouspyynn\u00f6st\u00e4 - Urheilijat","og_description":"Kiitos tarjouspyynn\u00f6st\u00e4si Olemme vastaanottaneet tarjouspyynt\u00f6si ja vastaamme siihen mahdollisimman pian.","og_url":"https:\/\/www.kassiopeia.fi\/hotel-matts\/urheiluryhmat\/kiitos-urheilijat\/","og_site_name":"Hotel Matts","article_modified_time":"2025-01-16T09:46:06+00:00","og_image":[{"width":2500,"height":1667,"url":"https:\/\/www.kassiopeia.fi\/hotel-matts\/wp-content\/uploads\/sites\/2\/2024\/10\/matts-kuvitus-huone-sanky.jpg","type":"image\/jpeg"}],"twitter_card":"summary_large_image","twitter_misc":{"Est. reading time":"1 minute"},"schema":{"@context":"https:\/\/schema.org","@graph":[{"@type":"WebPage","@id":"https:\/\/www.kassiopeia.fi\/hotel-matts\/urheiluryhmat\/kiitos-urheilijat\/","url":"https:\/\/www.kassiopeia.fi\/hotel-matts\/urheiluryhmat\/kiitos-urheilijat\/","name":"Kiitos tarjouspyynn\u00f6st\u00e4 - Urheilijat - Hotel Matts","isPartOf":{"@id":"https:\/\/www.kassiopeia.fi\/hotel-matts\/#website"},"primaryImageOfPage":{"@id":"https:\/\/www.kassiopeia.fi\/hotel-matts\/urheiluryhmat\/kiitos-urheilijat\/#primaryimage"},"image":{"@id":"https:\/\/www.kassiopeia.fi\/hotel-matts\/urheiluryhmat\/kiitos-urheilijat\/#primaryimage"},"thumbnailUrl":"https:\/\/www.kassiopeia.fi\/hotel-matts\/wp-content\/uploads\/sites\/2\/2024\/10\/matts-kuvitus-huone-sanky.jpg","datePublished":"2024-12-30T13:34:32+00:00","dateModified":"2025-01-16T09:46:06+00:00","breadcrumb":{"@id":"https:\/\/www.kassiopeia.fi\/hotel-matts\/urheiluryhmat\/kiitos-urheilijat\/#breadcrumb"},"inLanguage":"en-US","potentialAction":[{"@type":"ReadAction","target":["https:\/\/www.kassiopeia.fi\/hotel-matts\/urheiluryhmat\/kiitos-urheilijat\/"]}]},{"@type":"ImageObject","inLanguage":"en-US","@id":"https:\/\/www.kassiopeia.fi\/hotel-matts\/urheiluryhmat\/kiitos-urheilijat\/#primaryimage","url":"https:\/\/www.kassiopeia.fi\/hotel-matts\/wp-content\/uploads\/sites\/2\/2024\/10\/matts-kuvitus-huone-sanky.jpg","contentUrl":"https:\/\/www.kassiopeia.fi\/hotel-matts\/wp-content\/uploads\/sites\/2\/2024\/10\/matts-kuvitus-huone-sanky.jpg","width":2500,"height":1667,"caption":"Mies on juuri her\u00e4nnyt ja venyttelee hotellin s\u00e4ngyll\u00e4."},{"@type":"BreadcrumbList","@id":"https:\/\/www.kassiopeia.fi\/hotel-matts\/urheiluryhmat\/kiitos-urheilijat\/#breadcrumb","itemListElement":[{"@type":"ListItem","position":1,"name":"Home","item":"https:\/\/www.kassiopeia.fi\/hotel-matts\/"},{"@type":"ListItem","position":2,"name":"Urheiluryhm\u00e4t","item":"https:\/\/www.kassiopeia.fi\/hotel-matts\/urheiluryhmat\/"},{"@type":"ListItem","position":3,"name":"Kiitos tarjouspyynn\u00f6st\u00e4 &#8211; Urheilijat"}]},{"@type":"WebSite","@id":"https:\/\/www.kassiopeia.fi\/hotel-matts\/#website","url":"https:\/\/www.kassiopeia.fi\/hotel-matts\/","name":"Hotel Matts","description":"","potentialAction":[{"@type":"SearchAction","target":{"@type":"EntryPoint","urlTemplate":"https:\/\/www.kassiopeia.fi\/hotel-matts\/?s={search_term_string}"},"query-input":{"@type":"PropertyValueSpecification","valueRequired":true,"valueName":"search_term_string"}}],"inLanguage":"en-US"}]}},"lang":"fi","translations":{"fi":5518,"en":5495},"pll_sync_post":[],"_links":{"self":[{"href":"https:\/\/www.kassiopeia.fi\/hotel-matts\/wp-json\/wp\/v2\/pages\/5518","targetHints":{"allow":["GET"]}}],"collection":[{"href":"https:\/\/www.kassiopeia.fi\/hotel-matts\/wp-json\/wp\/v2\/pages"}],"about":[{"href":"https:\/\/www.kassiopeia.fi\/hotel-matts\/wp-json\/wp\/v2\/types\/page"}],"author":[{"embeddable":true,"href":"https:\/\/www.kassiopeia.fi\/hotel-matts\/wp-json\/wp\/v2\/users\/4"}],"replies":[{"embeddable":true,"href":"https:\/\/www.kassiopeia.fi\/hotel-matts\/wp-json\/wp\/v2\/comments?post=5518"}],"version-history":[{"count":2,"href":"https:\/\/www.kassiopeia.fi\/hotel-matts\/wp-json\/wp\/v2\/pages\/5518\/revisions"}],"predecessor-version":[{"id":5532,"href":"https:\/\/www.kassiopeia.fi\/hotel-matts\/wp-json\/wp\/v2\/pages\/5518\/revisions\/5532"}],"up":[{"embeddable":true,"href":"https:\/\/www.kassiopeia.fi\/hotel-matts\/wp-json\/wp\/v2\/pages\/94"}],"wp:attachment":[{"href":"https:\/\/www.kassiopeia.fi\/hotel-matts\/wp-json\/wp\/v2\/media?parent=5518"}],"curies":[{"name":"wp","href":"https:\/\/api.w.org\/{rel}","templated":true}]}}