{"id":4349,"date":"2024-11-05T10:57:06","date_gmt":"2024-11-05T10:57:06","guid":{"rendered":"https:\/\/www.kassiopeia.fi\/hotel-matts\/?page_id=4349"},"modified":"2025-07-15T06:39:36","modified_gmt":"2025-07-15T06:39:36","slug":"moder-kiitos-varauksestasi","status":"publish","type":"page","link":"https:\/\/www.kassiopeia.fi\/hotel-matts\/moder-kiitos-varauksestasi\/","title":{"rendered":"Moder \u2013 Kiitos varauksestasi!"},"content":{"rendered":"\n<div class=\"wp-block-cover alignfull is-light cover-hero wp-duotone-unset-1\" style=\"margin-top:0px;margin-bottom:0px;padding-top:0px;padding-right:0px;padding-bottom:0px;padding-left:0px;min-height:30vw;aspect-ratio:unset;\"><img loading=\"lazy\" decoding=\"async\" width=\"1024\" height=\"576\" class=\"wp-block-cover__image-background wp-image-6658 size-large\" alt=\"Hotel Matts rakennus ulkoa kes\u00e4ll\u00e4.\" src=\"https:\/\/www.kassiopeia.fi\/hotel-matts\/wp-content\/uploads\/sites\/2\/2025\/05\/Hotel-Matts-ulkoa-kesa-2-1024x576.jpg\" data-object-fit=\"cover\" srcset=\"https:\/\/www.kassiopeia.fi\/hotel-matts\/wp-content\/uploads\/sites\/2\/2025\/05\/Hotel-Matts-ulkoa-kesa-2-1024x576.jpg 1024w, https:\/\/www.kassiopeia.fi\/hotel-matts\/wp-content\/uploads\/sites\/2\/2025\/05\/Hotel-Matts-ulkoa-kesa-2-300x169.jpg 300w, https:\/\/www.kassiopeia.fi\/hotel-matts\/wp-content\/uploads\/sites\/2\/2025\/05\/Hotel-Matts-ulkoa-kesa-2-768x432.jpg 768w, https:\/\/www.kassiopeia.fi\/hotel-matts\/wp-content\/uploads\/sites\/2\/2025\/05\/Hotel-Matts-ulkoa-kesa-2-1536x864.jpg 1536w, https:\/\/www.kassiopeia.fi\/hotel-matts\/wp-content\/uploads\/sites\/2\/2025\/05\/Hotel-Matts-ulkoa-kesa-2.jpg 2000w\" sizes=\"auto, (max-width: 1024px) 100vw, 1024px\" \/><span aria-hidden=\"true\" class=\"wp-block-cover__background has-black-background-color has-background-dim-0 has-background-dim\"><\/span><div class=\"wp-block-cover__inner-container is-layout-flow wp-container-core-cover-is-layout-6e17fc20 wp-block-cover-is-layout-flow\">\n<h1 class=\"wp-block-heading has-text-align-center\" id=\"h-\" style=\"font-size:70px\"><\/h1>\n\n\n\n<p><\/p>\n<\/div><\/div>\n\n\n\n<div class=\"breadcrumb-container\"><ul id=\"breadcrumbs\" class=\"breadcrumbs\"><li class=\"item-home\"><a class=\"bread-link bread-home\" href=\"https:\/\/www.kassiopeia.fi\/hotel-matts\" title=\"Hotel Matts\">Hotel Matts<\/a><\/li><li class=\"separator separator-home\"> \/ <\/li><\/ul><\/div>\n<style>\n    \n<\/style>\n\n\n<div class=\"wp-block-group alignfull hidden is-layout-constrained wp-container-core-group-is-layout-244a2f0a wp-block-group-is-layout-constrained\" style=\"padding-top:var(--wp--preset--spacing--50);padding-right:var(--wp--preset--spacing--40);padding-bottom:var(--wp--preset--spacing--70);padding-left:var(--wp--preset--spacing--40)\">\n<div class=\"wp-block-group alignwide is-layout-constrained wp-container-core-group-is-layout-9517baca wp-block-group-is-layout-constrained\">\n<h1 class=\"wp-block-heading has-text-align-center\" id=\"h-hotellihuoneet\" style=\"margin-bottom:var(--wp--preset--spacing--60)\">Hotellihuoneet<\/h1>\n\n\n\n<div class=\"wp-block-columns is-layout-flex wp-container-core-columns-is-layout-28f84493 wp-block-columns-is-layout-flex\">\n<div class=\"wp-block-column is-layout-flow wp-block-column-is-layout-flow\" style=\"flex-basis:70%\">\n<p class=\"has-large-font-size\">Hotel Mattsissa on 192 huonetta. Majoitut huoneissamme laadukkaasti ja mukavasti nauttien hotellimme\u202flaadukkaista\u202fpalveluista.<\/p>\n<\/div>\n\n\n\n<div class=\"wp-block-column is-layout-flow wp-block-column-is-layout-flow\" style=\"flex-basis:30%\">\n<div class=\"wp-block-group has-border-color has-hotel-matts-5-border-color is-layout-constrained wp-container-core-group-is-layout-24567ffd wp-block-group-is-layout-constrained\" style=\"border-width:1px;border-radius:5px;padding-top:var(--wp--preset--spacing--40);padding-right:var(--wp--preset--spacing--40);padding-bottom:var(--wp--preset--spacing--40);padding-left:var(--wp--preset--spacing--40)\">\n<p>Kun varaat nyt majoituksen Hotel Mattsin omasta verkkokaupasta, saat 1 vrk ilmaiseksi autoparkissamme (1 auto\/varaus).<\/p>\n<\/div>\n<\/div>\n<\/div>\n<\/div>\n<\/div>\n\n\n\n<div class=\"wp-block-group alignfull is-layout-constrained wp-container-core-group-is-layout-244a2f0a wp-block-group-is-layout-constrained\" style=\"padding-top:var(--wp--preset--spacing--50);padding-right:var(--wp--preset--spacing--40);padding-bottom:var(--wp--preset--spacing--70);padding-left:var(--wp--preset--spacing--40)\">\n<div class=\"wp-block-group alignwide is-layout-constrained wp-container-core-group-is-layout-9517baca wp-block-group-is-layout-constrained\">\n<h1 class=\"wp-block-heading has-text-align-center\" id=\"h-kiitos-varauksestasi\" style=\"margin-bottom:var(--wp--preset--spacing--60)\">Kiitos varauksestasi!<\/h1>\n\n\n\n<p class=\"has-text-align-center has-large-font-size\"><strong>Saat pian vahvistuksen s\u00e4hk\u00f6postiisi.<\/strong><\/p>\n\n\n\n<p class=\"has-text-align-center\">Jos sinulla on kysymyksi\u00e4 koskien varustasi, olethan yhteydess\u00e4 myyntipalveluumme.<\/p>\n\n\n\n<p class=\"has-text-align-center has-large-font-size\"><strong>Myyntipalvelu<\/strong><br>+358 40 456 2059<br>sales@kassiopeia.fi<\/p>\n\n\n\n<div style=\"height:50px\" aria-hidden=\"true\" class=\"wp-block-spacer\"><\/div>\n\n\n\n<h1 class=\"wp-block-heading has-text-align-center\" id=\"h-thank-you-for-your-reservation\" style=\"margin-bottom:var(--wp--preset--spacing--60)\">Thank you for your reservation!  <\/h1>\n\n\n\n<p class=\"has-text-align-center has-large-font-size\"><strong>You will soon receive a confirmation in your email.<\/strong><\/p>\n\n\n\n<p class=\"has-text-align-center has-large-font-size\">If you have any questions regarding your reservation, please contact our sales team.<\/p>\n\n\n\n<p class=\"has-text-align-center has-large-font-size\"><strong>Sales Team<\/strong><br>+358 40 456 2059<br>sales@kassiopeia.fi<strong><br><\/strong><\/p>\n<\/div>\n<\/div>\n","protected":false},"excerpt":{"rendered":"<p>Hotellihuoneet Hotel Mattsissa on 192 huonetta. Majoitut huoneissamme laadukkaasti ja mukavasti nauttien hotellimme\u202flaadukkaista\u202fpalveluista. Kun varaat nyt majoituksen Hotel Mattsin omasta verkkokaupasta, saat 1 vrk ilmaiseksi autoparkissamme (1 auto\/varaus). Kiitos varauksestasi! Saat pian vahvistuksen s\u00e4hk\u00f6postiisi. Jos sinulla on kysymyksi\u00e4 koskien varustasi, olethan yhteydess\u00e4 myyntipalveluumme. Myyntipalvelu+358 40 456 2059sales@kassiopeia.fi Thank you for your reservation! You will soon [&hellip;]<\/p>\n","protected":false},"author":7,"featured_media":0,"parent":0,"menu_order":0,"comment_status":"closed","ping_status":"closed","template":"wp-custom-template-pages-hotel-matts","meta":{"_acf_changed":false,"footnotes":""},"class_list":["post-4349","page","type-page","status-publish","hentry"],"acf":[],"yoast_head":"<!-- This site is optimized with the Yoast SEO Premium plugin v27.2 (Yoast SEO v27.2) - https:\/\/yoast.com\/product\/yoast-seo-premium-wordpress\/ -->\n<title>Moder \u2013 Kiitos varauksestasi! - Hotel Matts<\/title>\n<meta name=\"robots\" content=\"noindex, nofollow\" \/>\n<meta property=\"og:locale\" content=\"en_US\" \/>\n<meta property=\"og:type\" content=\"article\" \/>\n<meta property=\"og:title\" content=\"Moder \u2013 Kiitos varauksestasi!\" \/>\n<meta property=\"og:description\" content=\"Hotellihuoneet Hotel Mattsissa on 192 huonetta. Majoitut huoneissamme laadukkaasti ja mukavasti nauttien hotellimme\u202flaadukkaista\u202fpalveluista. Kun varaat nyt majoituksen Hotel Mattsin omasta verkkokaupasta, saat 1 vrk ilmaiseksi autoparkissamme (1 auto\/varaus). Kiitos varauksestasi! Saat pian vahvistuksen s\u00e4hk\u00f6postiisi. Jos sinulla on kysymyksi\u00e4 koskien varustasi, olethan yhteydess\u00e4 myyntipalveluumme. Myyntipalvelu+358 40 456 2059sales@kassiopeia.fi Thank you for your reservation! You will soon [&hellip;]\" \/>\n<meta property=\"og:url\" content=\"https:\/\/www.kassiopeia.fi\/hotel-matts\/moder-kiitos-varauksestasi\/\" \/>\n<meta property=\"og:site_name\" content=\"Hotel Matts\" \/>\n<meta property=\"article:modified_time\" content=\"2025-07-15T06:39:36+00:00\" \/>\n<meta property=\"og:image\" content=\"https:\/\/www.kassiopeia.fi\/hotel-matts\/wp-content\/uploads\/sites\/2\/2025\/05\/Hotel-Matts-ulkoa-kesa-2.jpg\" \/>\n\t<meta property=\"og:image:width\" content=\"2000\" \/>\n\t<meta property=\"og:image:height\" content=\"1125\" \/>\n\t<meta property=\"og:image:type\" content=\"image\/jpeg\" \/>\n<meta name=\"twitter:card\" content=\"summary_large_image\" \/>\n<meta name=\"twitter:label1\" content=\"Est. reading time\" \/>\n\t<meta name=\"twitter:data1\" content=\"1 minute\" \/>\n<script type=\"application\/ld+json\" class=\"yoast-schema-graph\">{\"@context\":\"https:\/\/schema.org\",\"@graph\":[{\"@type\":\"WebPage\",\"@id\":\"https:\/\/www.kassiopeia.fi\/hotel-matts\/moder-kiitos-varauksestasi\/\",\"url\":\"https:\/\/www.kassiopeia.fi\/hotel-matts\/moder-kiitos-varauksestasi\/\",\"name\":\"Moder \u2013 Kiitos varauksestasi! - Hotel Matts\",\"isPartOf\":{\"@id\":\"https:\/\/www.kassiopeia.fi\/hotel-matts\/#website\"},\"primaryImageOfPage\":{\"@id\":\"https:\/\/www.kassiopeia.fi\/hotel-matts\/moder-kiitos-varauksestasi\/#primaryimage\"},\"image\":{\"@id\":\"https:\/\/www.kassiopeia.fi\/hotel-matts\/moder-kiitos-varauksestasi\/#primaryimage\"},\"thumbnailUrl\":\"https:\/\/www.kassiopeia.fi\/hotel-matts\/wp-content\/uploads\/sites\/2\/2025\/05\/Hotel-Matts-ulkoa-kesa-2-1024x576.jpg\",\"datePublished\":\"2024-11-05T10:57:06+00:00\",\"dateModified\":\"2025-07-15T06:39:36+00:00\",\"breadcrumb\":{\"@id\":\"https:\/\/www.kassiopeia.fi\/hotel-matts\/moder-kiitos-varauksestasi\/#breadcrumb\"},\"inLanguage\":\"en-US\",\"potentialAction\":[{\"@type\":\"ReadAction\",\"target\":[\"https:\/\/www.kassiopeia.fi\/hotel-matts\/moder-kiitos-varauksestasi\/\"]}]},{\"@type\":\"ImageObject\",\"inLanguage\":\"en-US\",\"@id\":\"https:\/\/www.kassiopeia.fi\/hotel-matts\/moder-kiitos-varauksestasi\/#primaryimage\",\"url\":\"https:\/\/www.kassiopeia.fi\/hotel-matts\/wp-content\/uploads\/sites\/2\/2025\/05\/Hotel-Matts-ulkoa-kesa-2.jpg\",\"contentUrl\":\"https:\/\/www.kassiopeia.fi\/hotel-matts\/wp-content\/uploads\/sites\/2\/2025\/05\/Hotel-Matts-ulkoa-kesa-2.jpg\",\"width\":2000,\"height\":1125,\"caption\":\"Hotel Matts rakennus ulkoa kes\u00e4ll\u00e4.\"},{\"@type\":\"BreadcrumbList\",\"@id\":\"https:\/\/www.kassiopeia.fi\/hotel-matts\/moder-kiitos-varauksestasi\/#breadcrumb\",\"itemListElement\":[{\"@type\":\"ListItem\",\"position\":1,\"name\":\"Home\",\"item\":\"https:\/\/www.kassiopeia.fi\/hotel-matts\/\"},{\"@type\":\"ListItem\",\"position\":2,\"name\":\"Moder \u2013 Kiitos varauksestasi!\"}]},{\"@type\":\"WebSite\",\"@id\":\"https:\/\/www.kassiopeia.fi\/hotel-matts\/#website\",\"url\":\"https:\/\/www.kassiopeia.fi\/hotel-matts\/\",\"name\":\"Hotel Matts\",\"description\":\"\",\"potentialAction\":[{\"@type\":\"SearchAction\",\"target\":{\"@type\":\"EntryPoint\",\"urlTemplate\":\"https:\/\/www.kassiopeia.fi\/hotel-matts\/?s={search_term_string}\"},\"query-input\":{\"@type\":\"PropertyValueSpecification\",\"valueRequired\":true,\"valueName\":\"search_term_string\"}}],\"inLanguage\":\"en-US\"}]}<\/script>\n<!-- \/ Yoast SEO Premium plugin. -->","yoast_head_json":{"title":"Moder \u2013 Kiitos varauksestasi! - Hotel Matts","robots":{"index":"noindex","follow":"nofollow"},"og_locale":"en_US","og_type":"article","og_title":"Moder \u2013 Kiitos varauksestasi!","og_description":"Hotellihuoneet Hotel Mattsissa on 192 huonetta. Majoitut huoneissamme laadukkaasti ja mukavasti nauttien hotellimme\u202flaadukkaista\u202fpalveluista. Kun varaat nyt majoituksen Hotel Mattsin omasta verkkokaupasta, saat 1 vrk ilmaiseksi autoparkissamme (1 auto\/varaus). Kiitos varauksestasi! Saat pian vahvistuksen s\u00e4hk\u00f6postiisi. Jos sinulla on kysymyksi\u00e4 koskien varustasi, olethan yhteydess\u00e4 myyntipalveluumme. Myyntipalvelu+358 40 456 2059sales@kassiopeia.fi Thank you for your reservation! You will soon [&hellip;]","og_url":"https:\/\/www.kassiopeia.fi\/hotel-matts\/moder-kiitos-varauksestasi\/","og_site_name":"Hotel Matts","article_modified_time":"2025-07-15T06:39:36+00:00","og_image":[{"width":2000,"height":1125,"url":"https:\/\/www.kassiopeia.fi\/hotel-matts\/wp-content\/uploads\/sites\/2\/2025\/05\/Hotel-Matts-ulkoa-kesa-2.jpg","type":"image\/jpeg"}],"twitter_card":"summary_large_image","twitter_misc":{"Est. reading time":"1 minute"},"schema":{"@context":"https:\/\/schema.org","@graph":[{"@type":"WebPage","@id":"https:\/\/www.kassiopeia.fi\/hotel-matts\/moder-kiitos-varauksestasi\/","url":"https:\/\/www.kassiopeia.fi\/hotel-matts\/moder-kiitos-varauksestasi\/","name":"Moder \u2013 Kiitos varauksestasi! - Hotel Matts","isPartOf":{"@id":"https:\/\/www.kassiopeia.fi\/hotel-matts\/#website"},"primaryImageOfPage":{"@id":"https:\/\/www.kassiopeia.fi\/hotel-matts\/moder-kiitos-varauksestasi\/#primaryimage"},"image":{"@id":"https:\/\/www.kassiopeia.fi\/hotel-matts\/moder-kiitos-varauksestasi\/#primaryimage"},"thumbnailUrl":"https:\/\/www.kassiopeia.fi\/hotel-matts\/wp-content\/uploads\/sites\/2\/2025\/05\/Hotel-Matts-ulkoa-kesa-2-1024x576.jpg","datePublished":"2024-11-05T10:57:06+00:00","dateModified":"2025-07-15T06:39:36+00:00","breadcrumb":{"@id":"https:\/\/www.kassiopeia.fi\/hotel-matts\/moder-kiitos-varauksestasi\/#breadcrumb"},"inLanguage":"en-US","potentialAction":[{"@type":"ReadAction","target":["https:\/\/www.kassiopeia.fi\/hotel-matts\/moder-kiitos-varauksestasi\/"]}]},{"@type":"ImageObject","inLanguage":"en-US","@id":"https:\/\/www.kassiopeia.fi\/hotel-matts\/moder-kiitos-varauksestasi\/#primaryimage","url":"https:\/\/www.kassiopeia.fi\/hotel-matts\/wp-content\/uploads\/sites\/2\/2025\/05\/Hotel-Matts-ulkoa-kesa-2.jpg","contentUrl":"https:\/\/www.kassiopeia.fi\/hotel-matts\/wp-content\/uploads\/sites\/2\/2025\/05\/Hotel-Matts-ulkoa-kesa-2.jpg","width":2000,"height":1125,"caption":"Hotel Matts rakennus ulkoa kes\u00e4ll\u00e4."},{"@type":"BreadcrumbList","@id":"https:\/\/www.kassiopeia.fi\/hotel-matts\/moder-kiitos-varauksestasi\/#breadcrumb","itemListElement":[{"@type":"ListItem","position":1,"name":"Home","item":"https:\/\/www.kassiopeia.fi\/hotel-matts\/"},{"@type":"ListItem","position":2,"name":"Moder \u2013 Kiitos varauksestasi!"}]},{"@type":"WebSite","@id":"https:\/\/www.kassiopeia.fi\/hotel-matts\/#website","url":"https:\/\/www.kassiopeia.fi\/hotel-matts\/","name":"Hotel Matts","description":"","potentialAction":[{"@type":"SearchAction","target":{"@type":"EntryPoint","urlTemplate":"https:\/\/www.kassiopeia.fi\/hotel-matts\/?s={search_term_string}"},"query-input":{"@type":"PropertyValueSpecification","valueRequired":true,"valueName":"search_term_string"}}],"inLanguage":"en-US"}]}},"lang":"fi","translations":{"fi":4349},"pll_sync_post":[],"_links":{"self":[{"href":"https:\/\/www.kassiopeia.fi\/hotel-matts\/wp-json\/wp\/v2\/pages\/4349","targetHints":{"allow":["GET"]}}],"collection":[{"href":"https:\/\/www.kassiopeia.fi\/hotel-matts\/wp-json\/wp\/v2\/pages"}],"about":[{"href":"https:\/\/www.kassiopeia.fi\/hotel-matts\/wp-json\/wp\/v2\/types\/page"}],"author":[{"embeddable":true,"href":"https:\/\/www.kassiopeia.fi\/hotel-matts\/wp-json\/wp\/v2\/users\/7"}],"replies":[{"embeddable":true,"href":"https:\/\/www.kassiopeia.fi\/hotel-matts\/wp-json\/wp\/v2\/comments?post=4349"}],"version-history":[{"count":6,"href":"https:\/\/www.kassiopeia.fi\/hotel-matts\/wp-json\/wp\/v2\/pages\/4349\/revisions"}],"predecessor-version":[{"id":6877,"href":"https:\/\/www.kassiopeia.fi\/hotel-matts\/wp-json\/wp\/v2\/pages\/4349\/revisions\/6877"}],"wp:attachment":[{"href":"https:\/\/www.kassiopeia.fi\/hotel-matts\/wp-json\/wp\/v2\/media?parent=4349"}],"curies":[{"name":"wp","href":"https:\/\/api.w.org\/{rel}","templated":true}]}}