{"id":3299,"date":"2024-10-14T10:15:14","date_gmt":"2024-10-14T10:15:14","guid":{"rendered":"https:\/\/www.kassiopeia.fi\/hotel-matts\/?page_id=3299"},"modified":"2025-02-17T12:52:43","modified_gmt":"2025-02-17T12:52:43","slug":"transportation","status":"publish","type":"page","link":"https:\/\/www.kassiopeia.fi\/hotel-matts\/en\/hotel-info\/transportation\/","title":{"rendered":"Hotelli-info Transportation"},"content":{"rendered":"\n<div class=\"wp-block-cover alignfull is-light cover-hero wp-duotone-unset-1\" style=\"margin-top:0px;margin-bottom:0px;padding-top:0px;padding-right:0px;padding-bottom:0px;padding-left:0px;min-height:30vw;aspect-ratio:unset;\"><span aria-hidden=\"true\" class=\"wp-block-cover__background has-black-background-color has-background-dim-0 has-background-dim\"><\/span><img loading=\"lazy\" decoding=\"async\" width=\"2000\" height=\"1100\" class=\"wp-block-cover__image-background wp-image-5927\" alt=\"Hotel Matts ulkokuva, Espoo\" src=\"https:\/\/www.kassiopeia.fi\/hotel-matts\/wp-content\/uploads\/sites\/2\/2025\/02\/hotel-matts-ulkokuva-espoo.jpg\" data-object-fit=\"cover\" srcset=\"https:\/\/www.kassiopeia.fi\/hotel-matts\/wp-content\/uploads\/sites\/2\/2025\/02\/hotel-matts-ulkokuva-espoo.jpg 2000w, https:\/\/www.kassiopeia.fi\/hotel-matts\/wp-content\/uploads\/sites\/2\/2025\/02\/hotel-matts-ulkokuva-espoo-300x165.jpg 300w, https:\/\/www.kassiopeia.fi\/hotel-matts\/wp-content\/uploads\/sites\/2\/2025\/02\/hotel-matts-ulkokuva-espoo-1024x563.jpg 1024w, https:\/\/www.kassiopeia.fi\/hotel-matts\/wp-content\/uploads\/sites\/2\/2025\/02\/hotel-matts-ulkokuva-espoo-768x422.jpg 768w, https:\/\/www.kassiopeia.fi\/hotel-matts\/wp-content\/uploads\/sites\/2\/2025\/02\/hotel-matts-ulkokuva-espoo-1536x845.jpg 1536w\" sizes=\"auto, (max-width: 2000px) 100vw, 2000px\" \/><div class=\"wp-block-cover__inner-container is-layout-flow wp-container-core-cover-is-layout-6e17fc20 wp-block-cover-is-layout-flow\">\n<h1 class=\"wp-block-heading has-text-align-center\" id=\"h-\" style=\"font-size:70px\"><\/h1>\n\n\n\n<p><\/p>\n<\/div><\/div>\n\n\n\n<div class=\"wp-block-group alignfull is-layout-constrained wp-container-core-group-is-layout-35abefa8 wp-block-group-is-layout-constrained\" style=\"margin-top:0;margin-bottom:0;padding-top:var(--wp--preset--spacing--40);padding-right:var(--wp--preset--spacing--40);padding-bottom:0;padding-left:var(--wp--preset--spacing--40)\">\n<p class=\"link-blank has-text-color has-link-color has-small-font-size wp-elements-8506f059e8949f8bc888dd80870be81d\" style=\"color:#929292\"><a href=\"https:\/\/www.kassiopeia.fi\/hotel-matts\/en\/hotel-info\/\">Hotel info<\/a> \/ Transportation<\/p>\n<\/div>\n\n\n\n<div class=\"wp-block-group alignfull is-layout-constrained wp-container-core-group-is-layout-23f40cfd wp-block-group-is-layout-constrained\" style=\"padding-top:var(--wp--preset--spacing--30);padding-right:var(--wp--preset--spacing--40);padding-bottom:var(--wp--preset--spacing--30);padding-left:var(--wp--preset--spacing--40)\">\n<div class=\"wp-block-group alignwide is-layout-constrained wp-container-core-group-is-layout-9517baca wp-block-group-is-layout-constrained\">\n<h1 class=\"wp-block-heading has-text-align-center\" id=\"h-transportation\" style=\"margin-bottom:var(--wp--preset--spacing--60)\">Transportation<\/h1>\n<\/div>\n<\/div>\n\n\n\n<div class=\"wp-block-group alignfull is-layout-constrained wp-container-core-group-is-layout-0c9c989a wp-block-group-is-layout-constrained\" style=\"margin-top:0;margin-bottom:0;padding-top:var(--wp--preset--spacing--70);padding-right:var(--wp--preset--spacing--40);padding-bottom:var(--wp--preset--spacing--70);padding-left:var(--wp--preset--spacing--40)\">\n<div class=\"wp-block-media-text has-media-on-the-right is-stacked-on-mobile is-image-fill\" style=\"padding-top:0;padding-bottom:0\"><div class=\"wp-block-media-text__content\">\n<div class=\"wp-block-group is-layout-constrained wp-block-group-is-layout-constrained\" style=\"padding-top:var(--wp--preset--spacing--60);padding-bottom:var(--wp--preset--spacing--60)\">\n<p>Hotel Matts is located in the center of Matinkyl\u00e4, Espoo, at Tynnyritie 1. The distance from Helsinki-Vantaa Airport to Hotel Matts is approximately 30 kilometers.<\/p>\n\n\n\n<h3 class=\"wp-block-heading\" id=\"h-metro\">Metro<\/h3>\n\n\n\n<p>The metro station is right next to Hotel Matts. The western exit of Matinkyl\u00e4 metro station leads directly to the hotel&#8217;s main entrance.<\/p>\n\n\n\n<h3 class=\"wp-block-heading\" id=\"h-bus\">Bus<\/h3>\n\n\n\n<p>The bus terminal is located in Iso Omena, about 100 meters from the hotel. You can check bus routes and schedules <a href=\"https:\/\/www.hsl.fi\/en\" target=\"_blank\" rel=\"noreferrer noopener\">on the route planner website<\/a>.<\/p>\n<\/div>\n<\/div><figure class=\"wp-block-media-text__media\" style=\"background-image:url(https:\/\/www.kassiopeia.fi\/hotel-matts\/wp-content\/uploads\/sites\/2\/2024\/08\/matinkyla_metroasema_hotel_matts_espoo.jpg);background-position:50% 50%\"><img loading=\"lazy\" decoding=\"async\" width=\"1000\" height=\"667\" src=\"https:\/\/www.kassiopeia.fi\/hotel-matts\/wp-content\/uploads\/sites\/2\/2024\/08\/matinkyla_metroasema_hotel_matts_espoo.jpg\" alt=\"\" class=\"wp-image-789 size-full\" srcset=\"https:\/\/www.kassiopeia.fi\/hotel-matts\/wp-content\/uploads\/sites\/2\/2024\/08\/matinkyla_metroasema_hotel_matts_espoo.jpg 1000w, https:\/\/www.kassiopeia.fi\/hotel-matts\/wp-content\/uploads\/sites\/2\/2024\/08\/matinkyla_metroasema_hotel_matts_espoo-300x200.jpg 300w, https:\/\/www.kassiopeia.fi\/hotel-matts\/wp-content\/uploads\/sites\/2\/2024\/08\/matinkyla_metroasema_hotel_matts_espoo-768x512.jpg 768w\" sizes=\"auto, (max-width: 1000px) 100vw, 1000px\" \/><\/figure><\/div>\n\n\n\n<div class=\"wp-block-media-text is-stacked-on-mobile is-image-fill\" style=\"padding-top:0;padding-bottom:0\"><figure class=\"wp-block-media-text__media\" style=\"background-image:url(https:\/\/www.kassiopeia.fi\/hotel-matts\/wp-content\/uploads\/sites\/2\/2024\/09\/matts-pyorat-1024x598.jpg);background-position:27% 50%\"><img decoding=\"async\" src=\"https:\/\/www.kassiopeia.fi\/hotel-matts\/wp-content\/uploads\/sites\/2\/2024\/09\/matts-pyorat-1024x598.jpg\" alt=\"\" class=\"wp-image-1025 size-full\"\/><\/figure><div class=\"wp-block-media-text__content\">\n<div class=\"wp-block-group is-layout-constrained wp-block-group-is-layout-constrained\" style=\"padding-top:var(--wp--preset--spacing--60);padding-bottom:var(--wp--preset--spacing--60)\">\n<h3 class=\"wp-block-heading\" id=\"h-parking\">Parking<\/h3>\n\n\n\n<p>Hotel Matts is conveniently located near L\u00e4nsiv\u00e4yl\u00e4 and Ring II. If you arrive by car, you can use our parking garage\u2019s customer parking spaces, subject to availability (maximum height 2.4 m).<\/p>\n\n\n\n<p>Parking fees:<br>\u20ac2.5 \/ hour<br>\u20ac17 \/ day<\/p>\n\n\n\n<p>Long-term parking:<br>\u20ac200 \/ month<\/p>\n\n\n\n<p>There is an additional charge for electric vehicle charging. <a href=\"https:\/\/www.kassiopeia.fi\/hotel-matts\/en\/contact\/#electric-vehicle-charging\" target=\"_blank\" rel=\"noreferrer noopener\">See the charging instructions here.<\/a><\/p>\n\n\n\n<h3 class=\"wp-block-heading\" id=\"h-bicycles\">Bicycles<\/h3>\n\n\n\n<p>At Hotel Matts, you can borrow a bicycle free of charge during your stay. A bike is a convenient way to explore the nearby Matinkyl\u00e4 area!<\/p>\n\n\n\n<p>In addition to the bike, we also offer helmets for loan. For more information about borrowing a bicycle, please ask at the hotel reception.<\/p>\n<\/div>\n<\/div><\/div>\n<\/div>\n","protected":false},"excerpt":{"rendered":"<p>Hotel info \/ Transportation Transportation Hotel Matts is located in the center of Matinkyl\u00e4, Espoo, at Tynnyritie 1. The distance from Helsinki-Vantaa Airport to Hotel Matts is approximately 30 kilometers. Metro The metro station is right next to Hotel Matts. The western exit of Matinkyl\u00e4 metro station leads directly to the hotel&#8217;s main entrance. Bus [&hellip;]<\/p>\n","protected":false},"author":7,"featured_media":0,"parent":3274,"menu_order":0,"comment_status":"closed","ping_status":"closed","template":"blank","meta":{"_acf_changed":false,"footnotes":""},"class_list":["post-3299","page","type-page","status-publish","hentry"],"acf":[],"yoast_head":"<!-- This site is optimized with the Yoast SEO Premium plugin v27.2 (Yoast SEO v27.2) - https:\/\/yoast.com\/product\/yoast-seo-premium-wordpress\/ -->\n<title>Hotelli-info Transportation - Hotel Matts<\/title>\n<meta name=\"robots\" content=\"noindex, nofollow\" \/>\n<meta property=\"og:locale\" content=\"en_US\" \/>\n<meta property=\"og:type\" content=\"article\" \/>\n<meta property=\"og:title\" content=\"Hotelli-info Transportation\" \/>\n<meta property=\"og:description\" content=\"Hotel info \/ Transportation Transportation Hotel Matts is located in the center of Matinkyl\u00e4, Espoo, at Tynnyritie 1. The distance from Helsinki-Vantaa Airport to Hotel Matts is approximately 30 kilometers. Metro The metro station is right next to Hotel Matts. The western exit of Matinkyl\u00e4 metro station leads directly to the hotel&#8217;s main entrance. Bus [&hellip;]\" \/>\n<meta property=\"og:url\" content=\"https:\/\/www.kassiopeia.fi\/hotel-matts\/en\/hotel-info\/transportation\/\" \/>\n<meta property=\"og:site_name\" content=\"Hotel Matts\" \/>\n<meta property=\"article:modified_time\" content=\"2025-02-17T12:52:43+00:00\" \/>\n<meta property=\"og:image\" content=\"https:\/\/www.kassiopeia.fi\/hotel-matts\/wp-content\/uploads\/sites\/2\/2025\/02\/hotel-matts-ulkokuva-espoo.jpg\" \/>\n\t<meta property=\"og:image:width\" content=\"2000\" \/>\n\t<meta property=\"og:image:height\" content=\"1100\" \/>\n\t<meta property=\"og:image:type\" content=\"image\/jpeg\" \/>\n<meta name=\"twitter:card\" content=\"summary_large_image\" \/>\n<meta name=\"twitter:label1\" content=\"Est. reading time\" \/>\n\t<meta name=\"twitter:data1\" content=\"2 minutes\" \/>\n<script type=\"application\/ld+json\" class=\"yoast-schema-graph\">{\"@context\":\"https:\/\/schema.org\",\"@graph\":[{\"@type\":\"WebPage\",\"@id\":\"https:\/\/www.kassiopeia.fi\/hotel-matts\/en\/hotel-info\/transportation\/\",\"url\":\"https:\/\/www.kassiopeia.fi\/hotel-matts\/en\/hotel-info\/transportation\/\",\"name\":\"Hotelli-info Transportation - Hotel Matts\",\"isPartOf\":{\"@id\":\"https:\/\/www.kassiopeia.fi\/hotel-matts\/#website\"},\"primaryImageOfPage\":{\"@id\":\"https:\/\/www.kassiopeia.fi\/hotel-matts\/en\/hotel-info\/transportation\/#primaryimage\"},\"image\":{\"@id\":\"https:\/\/www.kassiopeia.fi\/hotel-matts\/en\/hotel-info\/transportation\/#primaryimage\"},\"thumbnailUrl\":\"https:\/\/www.kassiopeia.fi\/hotel-matts\/wp-content\/uploads\/sites\/2\/2025\/02\/hotel-matts-ulkokuva-espoo.jpg\",\"datePublished\":\"2024-10-14T10:15:14+00:00\",\"dateModified\":\"2025-02-17T12:52:43+00:00\",\"breadcrumb\":{\"@id\":\"https:\/\/www.kassiopeia.fi\/hotel-matts\/en\/hotel-info\/transportation\/#breadcrumb\"},\"inLanguage\":\"en-US\",\"potentialAction\":[{\"@type\":\"ReadAction\",\"target\":[\"https:\/\/www.kassiopeia.fi\/hotel-matts\/en\/hotel-info\/transportation\/\"]}]},{\"@type\":\"ImageObject\",\"inLanguage\":\"en-US\",\"@id\":\"https:\/\/www.kassiopeia.fi\/hotel-matts\/en\/hotel-info\/transportation\/#primaryimage\",\"url\":\"https:\/\/www.kassiopeia.fi\/hotel-matts\/wp-content\/uploads\/sites\/2\/2025\/02\/hotel-matts-ulkokuva-espoo.jpg\",\"contentUrl\":\"https:\/\/www.kassiopeia.fi\/hotel-matts\/wp-content\/uploads\/sites\/2\/2025\/02\/hotel-matts-ulkokuva-espoo.jpg\",\"width\":2000,\"height\":1100,\"caption\":\"Hotel Matts ulkokuva, Espoo\"},{\"@type\":\"BreadcrumbList\",\"@id\":\"https:\/\/www.kassiopeia.fi\/hotel-matts\/en\/hotel-info\/transportation\/#breadcrumb\",\"itemListElement\":[{\"@type\":\"ListItem\",\"position\":1,\"name\":\"Home\",\"item\":\"https:\/\/www.kassiopeia.fi\/hotel-matts\/\"},{\"@type\":\"ListItem\",\"position\":2,\"name\":\"Hotel-info\",\"item\":\"https:\/\/www.kassiopeia.fi\/hotel-matts\/en\/hotel-info\/\"},{\"@type\":\"ListItem\",\"position\":3,\"name\":\"Hotelli-info Transportation\"}]},{\"@type\":\"WebSite\",\"@id\":\"https:\/\/www.kassiopeia.fi\/hotel-matts\/#website\",\"url\":\"https:\/\/www.kassiopeia.fi\/hotel-matts\/\",\"name\":\"Hotel Matts\",\"description\":\"\",\"potentialAction\":[{\"@type\":\"SearchAction\",\"target\":{\"@type\":\"EntryPoint\",\"urlTemplate\":\"https:\/\/www.kassiopeia.fi\/hotel-matts\/?s={search_term_string}\"},\"query-input\":{\"@type\":\"PropertyValueSpecification\",\"valueRequired\":true,\"valueName\":\"search_term_string\"}}],\"inLanguage\":\"en-US\"}]}<\/script>\n<!-- \/ Yoast SEO Premium plugin. -->","yoast_head_json":{"title":"Hotelli-info Transportation - Hotel Matts","robots":{"index":"noindex","follow":"nofollow"},"og_locale":"en_US","og_type":"article","og_title":"Hotelli-info Transportation","og_description":"Hotel info \/ Transportation Transportation Hotel Matts is located in the center of Matinkyl\u00e4, Espoo, at Tynnyritie 1. The distance from Helsinki-Vantaa Airport to Hotel Matts is approximately 30 kilometers. Metro The metro station is right next to Hotel Matts. The western exit of Matinkyl\u00e4 metro station leads directly to the hotel&#8217;s main entrance. Bus [&hellip;]","og_url":"https:\/\/www.kassiopeia.fi\/hotel-matts\/en\/hotel-info\/transportation\/","og_site_name":"Hotel Matts","article_modified_time":"2025-02-17T12:52:43+00:00","og_image":[{"width":2000,"height":1100,"url":"https:\/\/www.kassiopeia.fi\/hotel-matts\/wp-content\/uploads\/sites\/2\/2025\/02\/hotel-matts-ulkokuva-espoo.jpg","type":"image\/jpeg"}],"twitter_card":"summary_large_image","twitter_misc":{"Est. reading time":"2 minutes"},"schema":{"@context":"https:\/\/schema.org","@graph":[{"@type":"WebPage","@id":"https:\/\/www.kassiopeia.fi\/hotel-matts\/en\/hotel-info\/transportation\/","url":"https:\/\/www.kassiopeia.fi\/hotel-matts\/en\/hotel-info\/transportation\/","name":"Hotelli-info Transportation - Hotel Matts","isPartOf":{"@id":"https:\/\/www.kassiopeia.fi\/hotel-matts\/#website"},"primaryImageOfPage":{"@id":"https:\/\/www.kassiopeia.fi\/hotel-matts\/en\/hotel-info\/transportation\/#primaryimage"},"image":{"@id":"https:\/\/www.kassiopeia.fi\/hotel-matts\/en\/hotel-info\/transportation\/#primaryimage"},"thumbnailUrl":"https:\/\/www.kassiopeia.fi\/hotel-matts\/wp-content\/uploads\/sites\/2\/2025\/02\/hotel-matts-ulkokuva-espoo.jpg","datePublished":"2024-10-14T10:15:14+00:00","dateModified":"2025-02-17T12:52:43+00:00","breadcrumb":{"@id":"https:\/\/www.kassiopeia.fi\/hotel-matts\/en\/hotel-info\/transportation\/#breadcrumb"},"inLanguage":"en-US","potentialAction":[{"@type":"ReadAction","target":["https:\/\/www.kassiopeia.fi\/hotel-matts\/en\/hotel-info\/transportation\/"]}]},{"@type":"ImageObject","inLanguage":"en-US","@id":"https:\/\/www.kassiopeia.fi\/hotel-matts\/en\/hotel-info\/transportation\/#primaryimage","url":"https:\/\/www.kassiopeia.fi\/hotel-matts\/wp-content\/uploads\/sites\/2\/2025\/02\/hotel-matts-ulkokuva-espoo.jpg","contentUrl":"https:\/\/www.kassiopeia.fi\/hotel-matts\/wp-content\/uploads\/sites\/2\/2025\/02\/hotel-matts-ulkokuva-espoo.jpg","width":2000,"height":1100,"caption":"Hotel Matts ulkokuva, Espoo"},{"@type":"BreadcrumbList","@id":"https:\/\/www.kassiopeia.fi\/hotel-matts\/en\/hotel-info\/transportation\/#breadcrumb","itemListElement":[{"@type":"ListItem","position":1,"name":"Home","item":"https:\/\/www.kassiopeia.fi\/hotel-matts\/"},{"@type":"ListItem","position":2,"name":"Hotel-info","item":"https:\/\/www.kassiopeia.fi\/hotel-matts\/en\/hotel-info\/"},{"@type":"ListItem","position":3,"name":"Hotelli-info Transportation"}]},{"@type":"WebSite","@id":"https:\/\/www.kassiopeia.fi\/hotel-matts\/#website","url":"https:\/\/www.kassiopeia.fi\/hotel-matts\/","name":"Hotel Matts","description":"","potentialAction":[{"@type":"SearchAction","target":{"@type":"EntryPoint","urlTemplate":"https:\/\/www.kassiopeia.fi\/hotel-matts\/?s={search_term_string}"},"query-input":{"@type":"PropertyValueSpecification","valueRequired":true,"valueName":"search_term_string"}}],"inLanguage":"en-US"}]}},"lang":"en","translations":{"en":3299},"pll_sync_post":[],"_links":{"self":[{"href":"https:\/\/www.kassiopeia.fi\/hotel-matts\/wp-json\/wp\/v2\/pages\/3299","targetHints":{"allow":["GET"]}}],"collection":[{"href":"https:\/\/www.kassiopeia.fi\/hotel-matts\/wp-json\/wp\/v2\/pages"}],"about":[{"href":"https:\/\/www.kassiopeia.fi\/hotel-matts\/wp-json\/wp\/v2\/types\/page"}],"author":[{"embeddable":true,"href":"https:\/\/www.kassiopeia.fi\/hotel-matts\/wp-json\/wp\/v2\/users\/7"}],"replies":[{"embeddable":true,"href":"https:\/\/www.kassiopeia.fi\/hotel-matts\/wp-json\/wp\/v2\/comments?post=3299"}],"version-history":[{"count":12,"href":"https:\/\/www.kassiopeia.fi\/hotel-matts\/wp-json\/wp\/v2\/pages\/3299\/revisions"}],"predecessor-version":[{"id":5946,"href":"https:\/\/www.kassiopeia.fi\/hotel-matts\/wp-json\/wp\/v2\/pages\/3299\/revisions\/5946"}],"up":[{"embeddable":true,"href":"https:\/\/www.kassiopeia.fi\/hotel-matts\/wp-json\/wp\/v2\/pages\/3274"}],"wp:attachment":[{"href":"https:\/\/www.kassiopeia.fi\/hotel-matts\/wp-json\/wp\/v2\/media?parent=3299"}],"curies":[{"name":"wp","href":"https:\/\/api.w.org\/{rel}","templated":true}]}}