{"id":3165,"date":"2024-10-10T12:48:47","date_gmt":"2024-10-10T12:48:47","guid":{"rendered":"https:\/\/www.kassiopeia.fi\/hotel-matts\/?page_id=3165"},"modified":"2025-02-17T12:50:25","modified_gmt":"2025-02-17T12:50:25","slug":"kierratys-2","status":"publish","type":"page","link":"https:\/\/www.kassiopeia.fi\/hotel-matts\/hotelli-info\/kierratys-2\/","title":{"rendered":"Hotelli-info Kierr\u00e4tys"},"content":{"rendered":"\n<div class=\"wp-block-cover alignfull is-light cover-hero wp-duotone-unset-1\" style=\"margin-top:0px;margin-bottom:0px;padding-top:0px;padding-right:0px;padding-bottom:0px;padding-left:0px;min-height:30vw;aspect-ratio:unset;\"><span aria-hidden=\"true\" class=\"wp-block-cover__background has-black-background-color has-background-dim-0 has-background-dim\"><\/span><img loading=\"lazy\" decoding=\"async\" width=\"2000\" height=\"1100\" class=\"wp-block-cover__image-background wp-image-5927\" alt=\"Hotel Matts ulkokuva, Espoo\" src=\"https:\/\/www.kassiopeia.fi\/hotel-matts\/wp-content\/uploads\/sites\/2\/2025\/02\/hotel-matts-ulkokuva-espoo.jpg\" data-object-fit=\"cover\" srcset=\"https:\/\/www.kassiopeia.fi\/hotel-matts\/wp-content\/uploads\/sites\/2\/2025\/02\/hotel-matts-ulkokuva-espoo.jpg 2000w, https:\/\/www.kassiopeia.fi\/hotel-matts\/wp-content\/uploads\/sites\/2\/2025\/02\/hotel-matts-ulkokuva-espoo-300x165.jpg 300w, https:\/\/www.kassiopeia.fi\/hotel-matts\/wp-content\/uploads\/sites\/2\/2025\/02\/hotel-matts-ulkokuva-espoo-1024x563.jpg 1024w, https:\/\/www.kassiopeia.fi\/hotel-matts\/wp-content\/uploads\/sites\/2\/2025\/02\/hotel-matts-ulkokuva-espoo-768x422.jpg 768w, https:\/\/www.kassiopeia.fi\/hotel-matts\/wp-content\/uploads\/sites\/2\/2025\/02\/hotel-matts-ulkokuva-espoo-1536x845.jpg 1536w\" sizes=\"auto, (max-width: 2000px) 100vw, 2000px\" \/><div class=\"wp-block-cover__inner-container is-layout-flow wp-container-core-cover-is-layout-6e17fc20 wp-block-cover-is-layout-flow\">\n<h1 class=\"wp-block-heading has-text-align-center\" id=\"h-\" style=\"font-size:70px\"><\/h1>\n\n\n\n<p><\/p>\n<\/div><\/div>\n\n\n\n<div class=\"wp-block-group alignfull is-layout-constrained wp-container-core-group-is-layout-35abefa8 wp-block-group-is-layout-constrained\" style=\"margin-top:0;margin-bottom:0;padding-top:var(--wp--preset--spacing--40);padding-right:var(--wp--preset--spacing--40);padding-bottom:0;padding-left:var(--wp--preset--spacing--40)\">\n<p class=\"link-blank has-text-color has-link-color has-small-font-size wp-elements-630e4d50847d23e5391fe7c39fa9aa3d\" style=\"color:#929292\"><a href=\"https:\/\/www.kassiopeia.fi\/hotel-matts\/hotelli-info\/\">Hotelli-info<\/a> \/ Kierr\u00e4tys<\/p>\n<\/div>\n\n\n\n<div class=\"wp-block-group alignfull is-layout-constrained wp-container-core-group-is-layout-23f40cfd wp-block-group-is-layout-constrained\" style=\"padding-top:var(--wp--preset--spacing--30);padding-right:var(--wp--preset--spacing--40);padding-bottom:var(--wp--preset--spacing--30);padding-left:var(--wp--preset--spacing--40)\">\n<div class=\"wp-block-group alignwide is-layout-constrained wp-container-core-group-is-layout-9517baca wp-block-group-is-layout-constrained\">\n<h1 class=\"wp-block-heading has-text-align-center\" id=\"h-kierratys\" style=\"margin-bottom:var(--wp--preset--spacing--60)\">Kierr\u00e4tys<\/h1>\n<\/div>\n<\/div>\n\n\n\n<div class=\"wp-block-group alignfull is-layout-constrained wp-container-core-group-is-layout-af415cb8 wp-block-group-is-layout-constrained\" style=\"margin-top:0;margin-bottom:0;padding-top:var(--wp--preset--spacing--70);padding-right:var(--wp--preset--spacing--40);padding-bottom:0;padding-left:var(--wp--preset--spacing--40)\">\n<div class=\"wp-block-media-text has-media-on-the-right is-stacked-on-mobile is-image-fill\" style=\"padding-top:0;padding-bottom:0\"><div class=\"wp-block-media-text__content\">\n<div class=\"wp-block-group is-layout-constrained wp-block-group-is-layout-constrained\" style=\"padding-top:var(--wp--preset--spacing--60);padding-bottom:var(--wp--preset--spacing--60)\">\n<p>Huoneissamme on roskien lajittelumahdollisuus ja pyyd\u00e4mme lajittelemaan j\u00e4tteet asianmukaisesti.<\/p>\n\n\n\n<p>Voit j\u00e4tt\u00e4\u00e4 pullot, t\u00f6lkit ja lehdet p\u00f6yd\u00e4lle helpottamaan lajittelua. K\u00e4ytetyt paristot voit tuoda vastaanottoon.<\/p>\n<\/div>\n<\/div><figure class=\"wp-block-media-text__media\" style=\"background-image:url(https:\/\/www.kassiopeia.fi\/hotel-matts\/wp-content\/uploads\/sites\/2\/2024\/10\/kierrattaminen-hotel-matts-1024x683.jpg);background-position:50% 50%\"><img loading=\"lazy\" decoding=\"async\" width=\"1024\" height=\"683\" src=\"https:\/\/www.kassiopeia.fi\/hotel-matts\/wp-content\/uploads\/sites\/2\/2024\/10\/kierrattaminen-hotel-matts-1024x683.jpg\" alt=\"\" class=\"wp-image-2924 size-full\" srcset=\"https:\/\/www.kassiopeia.fi\/hotel-matts\/wp-content\/uploads\/sites\/2\/2024\/10\/kierrattaminen-hotel-matts-1024x683.jpg 1024w, https:\/\/www.kassiopeia.fi\/hotel-matts\/wp-content\/uploads\/sites\/2\/2024\/10\/kierrattaminen-hotel-matts-300x200.jpg 300w, https:\/\/www.kassiopeia.fi\/hotel-matts\/wp-content\/uploads\/sites\/2\/2024\/10\/kierrattaminen-hotel-matts-768x512.jpg 768w, https:\/\/www.kassiopeia.fi\/hotel-matts\/wp-content\/uploads\/sites\/2\/2024\/10\/kierrattaminen-hotel-matts.jpg 1500w\" sizes=\"auto, (max-width: 1024px) 100vw, 1024px\" \/><\/figure><\/div>\n<\/div>\n\n\n\n<div class=\"wp-block-group alignfull is-layout-constrained wp-container-core-group-is-layout-ae46b0c4 wp-block-group-is-layout-constrained\" style=\"padding-top:0;padding-right:var(--wp--preset--spacing--40);padding-bottom:var(--wp--preset--spacing--70);padding-left:var(--wp--preset--spacing--40)\">\n<div class=\"wp-block-columns is-layout-flex wp-container-core-columns-is-layout-28f84493 wp-block-columns-is-layout-flex\">\n<div class=\"wp-block-column is-layout-flow wp-block-column-is-layout-flow\">\n<div class=\"wp-block-group is-layout-constrained wp-block-group-is-layout-constrained\" style=\"padding-top:var(--wp--preset--spacing--60);padding-bottom:0\">\n<figure class=\"wp-block-image size-full\"><img loading=\"lazy\" decoding=\"async\" width=\"99\" height=\"110\" src=\"https:\/\/www.kassiopeia.fi\/hotel-matts\/wp-content\/uploads\/sites\/2\/2024\/10\/vihrea_kierratys.jpg\" alt=\"\" class=\"wp-image-3166\"\/><\/figure>\n\n\n\n<p>Vihre\u00e4\u00e4n pussiin bioj\u00e4te (ruuan t\u00e4hteet, hedelm\u00e4n kuoret, biohajoavat astiat ja ruokailuv\u00e4lineet).<\/p>\n\n\n\n<figure class=\"wp-block-image size-full\"><img loading=\"lazy\" decoding=\"async\" width=\"102\" height=\"112\" src=\"https:\/\/www.kassiopeia.fi\/hotel-matts\/wp-content\/uploads\/sites\/2\/2024\/10\/keltainen_kierratys.jpg\" alt=\"\" class=\"wp-image-3167\"\/><\/figure>\n\n\n\n<p>Keltaiseen lokeroon kierr\u00e4tett\u00e4v\u00e4 muovi (muovipakkaukset ja -k\u00e4\u00e4reet, tuubit ym.).<\/p>\n\n\n\n<figure class=\"wp-block-image size-full\"><img loading=\"lazy\" decoding=\"async\" width=\"102\" height=\"111\" src=\"https:\/\/www.kassiopeia.fi\/hotel-matts\/wp-content\/uploads\/sites\/2\/2024\/10\/musta_kierratys.jpg\" alt=\"\" class=\"wp-image-3168\"\/><\/figure>\n\n\n\n<p>Mustaan pussiin muut lajittelemattomat j\u00e4tteet (sekaj\u00e4te). Roskakorit sekaj\u00e4tteelle l\u00f6ytyv\u00e4t kylpyhuoneesta, makuhuoneesta ja olohuoneesta.<\/p>\n<\/div>\n<\/div>\n\n\n\n<div class=\"wp-block-column is-layout-flow wp-block-column-is-layout-flow\">\n<div class=\"wp-block-group is-layout-constrained wp-block-group-is-layout-constrained\" style=\"padding-top:var(--wp--preset--spacing--60);padding-bottom:var(--wp--preset--spacing--80)\">\n<figure class=\"wp-block-image size-full\"><img loading=\"lazy\" decoding=\"async\" width=\"118\" height=\"96\" src=\"https:\/\/www.kassiopeia.fi\/hotel-matts\/wp-content\/uploads\/sites\/2\/2024\/10\/sanomalehti_kierratys.jpg\" alt=\"\" class=\"wp-image-3169\"\/><\/figure>\n\n\n\n<p>Sanomalehdet ja muut paperij\u00e4tteen voi j\u00e4tt\u00e4\u00e4 ty\u00f6p\u00f6yd\u00e4lle.<\/p>\n\n\n\n<figure class=\"wp-block-image size-full\"><img loading=\"lazy\" decoding=\"async\" width=\"114\" height=\"105\" src=\"https:\/\/www.kassiopeia.fi\/hotel-matts\/wp-content\/uploads\/sites\/2\/2024\/10\/tolkki_kierratys.jpg\" alt=\"\" class=\"wp-image-3170\"\/><\/figure>\n\n\n\n<p>Tyhj\u00e4t pullot ja t\u00f6lkit voi j\u00e4tt\u00e4\u00e4 lattialle roskakorin viereen.<\/p>\n<\/div>\n<\/div>\n<\/div>\n<\/div>\n","protected":false},"excerpt":{"rendered":"<p>Hotelli-info \/ Kierr\u00e4tys Kierr\u00e4tys Huoneissamme on roskien lajittelumahdollisuus ja pyyd\u00e4mme lajittelemaan j\u00e4tteet asianmukaisesti. Voit j\u00e4tt\u00e4\u00e4 pullot, t\u00f6lkit ja lehdet p\u00f6yd\u00e4lle helpottamaan lajittelua. K\u00e4ytetyt paristot voit tuoda vastaanottoon. Vihre\u00e4\u00e4n pussiin bioj\u00e4te (ruuan t\u00e4hteet, hedelm\u00e4n kuoret, biohajoavat astiat ja ruokailuv\u00e4lineet). Keltaiseen lokeroon kierr\u00e4tett\u00e4v\u00e4 muovi (muovipakkaukset ja -k\u00e4\u00e4reet, tuubit ym.). Mustaan pussiin muut lajittelemattomat j\u00e4tteet (sekaj\u00e4te). Roskakorit sekaj\u00e4tteelle [&hellip;]<\/p>\n","protected":false},"author":7,"featured_media":0,"parent":3002,"menu_order":0,"comment_status":"closed","ping_status":"closed","template":"blank","meta":{"_acf_changed":false,"footnotes":""},"class_list":["post-3165","page","type-page","status-publish","hentry"],"acf":[],"yoast_head":"<!-- This site is optimized with the Yoast SEO Premium plugin v27.2 (Yoast SEO v27.2) - https:\/\/yoast.com\/product\/yoast-seo-premium-wordpress\/ -->\n<title>Hotelli-info Kierr\u00e4tys - Hotel Matts<\/title>\n<meta name=\"robots\" content=\"noindex, nofollow\" \/>\n<meta property=\"og:locale\" content=\"en_US\" \/>\n<meta property=\"og:type\" content=\"article\" \/>\n<meta property=\"og:title\" content=\"Hotelli-info Kierr\u00e4tys\" \/>\n<meta property=\"og:description\" content=\"Hotelli-info \/ Kierr\u00e4tys Kierr\u00e4tys Huoneissamme on roskien lajittelumahdollisuus ja pyyd\u00e4mme lajittelemaan j\u00e4tteet asianmukaisesti. Voit j\u00e4tt\u00e4\u00e4 pullot, t\u00f6lkit ja lehdet p\u00f6yd\u00e4lle helpottamaan lajittelua. K\u00e4ytetyt paristot voit tuoda vastaanottoon. Vihre\u00e4\u00e4n pussiin bioj\u00e4te (ruuan t\u00e4hteet, hedelm\u00e4n kuoret, biohajoavat astiat ja ruokailuv\u00e4lineet). Keltaiseen lokeroon kierr\u00e4tett\u00e4v\u00e4 muovi (muovipakkaukset ja -k\u00e4\u00e4reet, tuubit ym.). Mustaan pussiin muut lajittelemattomat j\u00e4tteet (sekaj\u00e4te). Roskakorit sekaj\u00e4tteelle [&hellip;]\" \/>\n<meta property=\"og:url\" content=\"https:\/\/www.kassiopeia.fi\/hotel-matts\/hotelli-info\/kierratys-2\/\" \/>\n<meta property=\"og:site_name\" content=\"Hotel Matts\" \/>\n<meta property=\"article:modified_time\" content=\"2025-02-17T12:50:25+00:00\" \/>\n<meta property=\"og:image\" content=\"https:\/\/www.kassiopeia.fi\/hotel-matts\/wp-content\/uploads\/sites\/2\/2025\/02\/hotel-matts-ulkokuva-espoo.jpg\" \/>\n\t<meta property=\"og:image:width\" content=\"2000\" \/>\n\t<meta property=\"og:image:height\" content=\"1100\" \/>\n\t<meta property=\"og:image:type\" content=\"image\/jpeg\" \/>\n<meta name=\"twitter:card\" content=\"summary_large_image\" \/>\n<meta name=\"twitter:label1\" content=\"Est. reading time\" \/>\n\t<meta name=\"twitter:data1\" content=\"2 minutes\" \/>\n<script type=\"application\/ld+json\" class=\"yoast-schema-graph\">{\"@context\":\"https:\/\/schema.org\",\"@graph\":[{\"@type\":\"WebPage\",\"@id\":\"https:\/\/www.kassiopeia.fi\/hotel-matts\/hotelli-info\/kierratys-2\/\",\"url\":\"https:\/\/www.kassiopeia.fi\/hotel-matts\/hotelli-info\/kierratys-2\/\",\"name\":\"Hotelli-info Kierr\u00e4tys - Hotel Matts\",\"isPartOf\":{\"@id\":\"https:\/\/www.kassiopeia.fi\/hotel-matts\/#website\"},\"primaryImageOfPage\":{\"@id\":\"https:\/\/www.kassiopeia.fi\/hotel-matts\/hotelli-info\/kierratys-2\/#primaryimage\"},\"image\":{\"@id\":\"https:\/\/www.kassiopeia.fi\/hotel-matts\/hotelli-info\/kierratys-2\/#primaryimage\"},\"thumbnailUrl\":\"https:\/\/www.kassiopeia.fi\/hotel-matts\/wp-content\/uploads\/sites\/2\/2025\/02\/hotel-matts-ulkokuva-espoo.jpg\",\"datePublished\":\"2024-10-10T12:48:47+00:00\",\"dateModified\":\"2025-02-17T12:50:25+00:00\",\"breadcrumb\":{\"@id\":\"https:\/\/www.kassiopeia.fi\/hotel-matts\/hotelli-info\/kierratys-2\/#breadcrumb\"},\"inLanguage\":\"en-US\",\"potentialAction\":[{\"@type\":\"ReadAction\",\"target\":[\"https:\/\/www.kassiopeia.fi\/hotel-matts\/hotelli-info\/kierratys-2\/\"]}]},{\"@type\":\"ImageObject\",\"inLanguage\":\"en-US\",\"@id\":\"https:\/\/www.kassiopeia.fi\/hotel-matts\/hotelli-info\/kierratys-2\/#primaryimage\",\"url\":\"https:\/\/www.kassiopeia.fi\/hotel-matts\/wp-content\/uploads\/sites\/2\/2025\/02\/hotel-matts-ulkokuva-espoo.jpg\",\"contentUrl\":\"https:\/\/www.kassiopeia.fi\/hotel-matts\/wp-content\/uploads\/sites\/2\/2025\/02\/hotel-matts-ulkokuva-espoo.jpg\",\"width\":2000,\"height\":1100,\"caption\":\"Hotel Matts ulkokuva, Espoo\"},{\"@type\":\"BreadcrumbList\",\"@id\":\"https:\/\/www.kassiopeia.fi\/hotel-matts\/hotelli-info\/kierratys-2\/#breadcrumb\",\"itemListElement\":[{\"@type\":\"ListItem\",\"position\":1,\"name\":\"Home\",\"item\":\"https:\/\/www.kassiopeia.fi\/hotel-matts\/\"},{\"@type\":\"ListItem\",\"position\":2,\"name\":\"Hotelli-info\",\"item\":\"https:\/\/www.kassiopeia.fi\/hotel-matts\/hotelli-info\/\"},{\"@type\":\"ListItem\",\"position\":3,\"name\":\"Hotelli-info Kierr\u00e4tys\"}]},{\"@type\":\"WebSite\",\"@id\":\"https:\/\/www.kassiopeia.fi\/hotel-matts\/#website\",\"url\":\"https:\/\/www.kassiopeia.fi\/hotel-matts\/\",\"name\":\"Hotel Matts\",\"description\":\"\",\"potentialAction\":[{\"@type\":\"SearchAction\",\"target\":{\"@type\":\"EntryPoint\",\"urlTemplate\":\"https:\/\/www.kassiopeia.fi\/hotel-matts\/?s={search_term_string}\"},\"query-input\":{\"@type\":\"PropertyValueSpecification\",\"valueRequired\":true,\"valueName\":\"search_term_string\"}}],\"inLanguage\":\"en-US\"}]}<\/script>\n<!-- \/ Yoast SEO Premium plugin. -->","yoast_head_json":{"title":"Hotelli-info Kierr\u00e4tys - Hotel Matts","robots":{"index":"noindex","follow":"nofollow"},"og_locale":"en_US","og_type":"article","og_title":"Hotelli-info Kierr\u00e4tys","og_description":"Hotelli-info \/ Kierr\u00e4tys Kierr\u00e4tys Huoneissamme on roskien lajittelumahdollisuus ja pyyd\u00e4mme lajittelemaan j\u00e4tteet asianmukaisesti. Voit j\u00e4tt\u00e4\u00e4 pullot, t\u00f6lkit ja lehdet p\u00f6yd\u00e4lle helpottamaan lajittelua. K\u00e4ytetyt paristot voit tuoda vastaanottoon. Vihre\u00e4\u00e4n pussiin bioj\u00e4te (ruuan t\u00e4hteet, hedelm\u00e4n kuoret, biohajoavat astiat ja ruokailuv\u00e4lineet). Keltaiseen lokeroon kierr\u00e4tett\u00e4v\u00e4 muovi (muovipakkaukset ja -k\u00e4\u00e4reet, tuubit ym.). Mustaan pussiin muut lajittelemattomat j\u00e4tteet (sekaj\u00e4te). Roskakorit sekaj\u00e4tteelle [&hellip;]","og_url":"https:\/\/www.kassiopeia.fi\/hotel-matts\/hotelli-info\/kierratys-2\/","og_site_name":"Hotel Matts","article_modified_time":"2025-02-17T12:50:25+00:00","og_image":[{"width":2000,"height":1100,"url":"https:\/\/www.kassiopeia.fi\/hotel-matts\/wp-content\/uploads\/sites\/2\/2025\/02\/hotel-matts-ulkokuva-espoo.jpg","type":"image\/jpeg"}],"twitter_card":"summary_large_image","twitter_misc":{"Est. reading time":"2 minutes"},"schema":{"@context":"https:\/\/schema.org","@graph":[{"@type":"WebPage","@id":"https:\/\/www.kassiopeia.fi\/hotel-matts\/hotelli-info\/kierratys-2\/","url":"https:\/\/www.kassiopeia.fi\/hotel-matts\/hotelli-info\/kierratys-2\/","name":"Hotelli-info Kierr\u00e4tys - Hotel Matts","isPartOf":{"@id":"https:\/\/www.kassiopeia.fi\/hotel-matts\/#website"},"primaryImageOfPage":{"@id":"https:\/\/www.kassiopeia.fi\/hotel-matts\/hotelli-info\/kierratys-2\/#primaryimage"},"image":{"@id":"https:\/\/www.kassiopeia.fi\/hotel-matts\/hotelli-info\/kierratys-2\/#primaryimage"},"thumbnailUrl":"https:\/\/www.kassiopeia.fi\/hotel-matts\/wp-content\/uploads\/sites\/2\/2025\/02\/hotel-matts-ulkokuva-espoo.jpg","datePublished":"2024-10-10T12:48:47+00:00","dateModified":"2025-02-17T12:50:25+00:00","breadcrumb":{"@id":"https:\/\/www.kassiopeia.fi\/hotel-matts\/hotelli-info\/kierratys-2\/#breadcrumb"},"inLanguage":"en-US","potentialAction":[{"@type":"ReadAction","target":["https:\/\/www.kassiopeia.fi\/hotel-matts\/hotelli-info\/kierratys-2\/"]}]},{"@type":"ImageObject","inLanguage":"en-US","@id":"https:\/\/www.kassiopeia.fi\/hotel-matts\/hotelli-info\/kierratys-2\/#primaryimage","url":"https:\/\/www.kassiopeia.fi\/hotel-matts\/wp-content\/uploads\/sites\/2\/2025\/02\/hotel-matts-ulkokuva-espoo.jpg","contentUrl":"https:\/\/www.kassiopeia.fi\/hotel-matts\/wp-content\/uploads\/sites\/2\/2025\/02\/hotel-matts-ulkokuva-espoo.jpg","width":2000,"height":1100,"caption":"Hotel Matts ulkokuva, Espoo"},{"@type":"BreadcrumbList","@id":"https:\/\/www.kassiopeia.fi\/hotel-matts\/hotelli-info\/kierratys-2\/#breadcrumb","itemListElement":[{"@type":"ListItem","position":1,"name":"Home","item":"https:\/\/www.kassiopeia.fi\/hotel-matts\/"},{"@type":"ListItem","position":2,"name":"Hotelli-info","item":"https:\/\/www.kassiopeia.fi\/hotel-matts\/hotelli-info\/"},{"@type":"ListItem","position":3,"name":"Hotelli-info Kierr\u00e4tys"}]},{"@type":"WebSite","@id":"https:\/\/www.kassiopeia.fi\/hotel-matts\/#website","url":"https:\/\/www.kassiopeia.fi\/hotel-matts\/","name":"Hotel Matts","description":"","potentialAction":[{"@type":"SearchAction","target":{"@type":"EntryPoint","urlTemplate":"https:\/\/www.kassiopeia.fi\/hotel-matts\/?s={search_term_string}"},"query-input":{"@type":"PropertyValueSpecification","valueRequired":true,"valueName":"search_term_string"}}],"inLanguage":"en-US"}]}},"lang":"fi","translations":{"fi":3165,"en":3292},"pll_sync_post":[],"_links":{"self":[{"href":"https:\/\/www.kassiopeia.fi\/hotel-matts\/wp-json\/wp\/v2\/pages\/3165","targetHints":{"allow":["GET"]}}],"collection":[{"href":"https:\/\/www.kassiopeia.fi\/hotel-matts\/wp-json\/wp\/v2\/pages"}],"about":[{"href":"https:\/\/www.kassiopeia.fi\/hotel-matts\/wp-json\/wp\/v2\/types\/page"}],"author":[{"embeddable":true,"href":"https:\/\/www.kassiopeia.fi\/hotel-matts\/wp-json\/wp\/v2\/users\/7"}],"replies":[{"embeddable":true,"href":"https:\/\/www.kassiopeia.fi\/hotel-matts\/wp-json\/wp\/v2\/comments?post=3165"}],"version-history":[{"count":10,"href":"https:\/\/www.kassiopeia.fi\/hotel-matts\/wp-json\/wp\/v2\/pages\/3165\/revisions"}],"predecessor-version":[{"id":5939,"href":"https:\/\/www.kassiopeia.fi\/hotel-matts\/wp-json\/wp\/v2\/pages\/3165\/revisions\/5939"}],"up":[{"embeddable":true,"href":"https:\/\/www.kassiopeia.fi\/hotel-matts\/wp-json\/wp\/v2\/pages\/3002"}],"wp:attachment":[{"href":"https:\/\/www.kassiopeia.fi\/hotel-matts\/wp-json\/wp\/v2\/media?parent=3165"}],"curies":[{"name":"wp","href":"https:\/\/api.w.org\/{rel}","templated":true}]}}