{"id":3107,"date":"2024-10-10T10:02:02","date_gmt":"2024-10-10T10:02:02","guid":{"rendered":"https:\/\/www.kassiopeia.fi\/hotel-matts\/?page_id=3107"},"modified":"2025-02-17T12:49:58","modified_gmt":"2025-02-17T12:49:58","slug":"liikkuminen","status":"publish","type":"page","link":"https:\/\/www.kassiopeia.fi\/hotel-matts\/hotelli-info\/liikkuminen\/","title":{"rendered":"Hotelli-info Liikkuminen"},"content":{"rendered":"\n<div class=\"wp-block-cover alignfull is-light cover-hero wp-duotone-unset-1\" style=\"margin-top:0px;margin-bottom:0px;padding-top:0px;padding-right:0px;padding-bottom:0px;padding-left:0px;min-height:30vw;aspect-ratio:unset;\"><span aria-hidden=\"true\" class=\"wp-block-cover__background has-black-background-color has-background-dim-0 has-background-dim\"><\/span><img loading=\"lazy\" decoding=\"async\" width=\"2000\" height=\"1100\" class=\"wp-block-cover__image-background wp-image-5927\" alt=\"Hotel Matts ulkokuva, Espoo\" src=\"https:\/\/www.kassiopeia.fi\/hotel-matts\/wp-content\/uploads\/sites\/2\/2025\/02\/hotel-matts-ulkokuva-espoo.jpg\" data-object-fit=\"cover\" srcset=\"https:\/\/www.kassiopeia.fi\/hotel-matts\/wp-content\/uploads\/sites\/2\/2025\/02\/hotel-matts-ulkokuva-espoo.jpg 2000w, https:\/\/www.kassiopeia.fi\/hotel-matts\/wp-content\/uploads\/sites\/2\/2025\/02\/hotel-matts-ulkokuva-espoo-300x165.jpg 300w, https:\/\/www.kassiopeia.fi\/hotel-matts\/wp-content\/uploads\/sites\/2\/2025\/02\/hotel-matts-ulkokuva-espoo-1024x563.jpg 1024w, https:\/\/www.kassiopeia.fi\/hotel-matts\/wp-content\/uploads\/sites\/2\/2025\/02\/hotel-matts-ulkokuva-espoo-768x422.jpg 768w, https:\/\/www.kassiopeia.fi\/hotel-matts\/wp-content\/uploads\/sites\/2\/2025\/02\/hotel-matts-ulkokuva-espoo-1536x845.jpg 1536w\" sizes=\"auto, (max-width: 2000px) 100vw, 2000px\" \/><div class=\"wp-block-cover__inner-container is-layout-flow wp-container-core-cover-is-layout-6e17fc20 wp-block-cover-is-layout-flow\">\n<h1 class=\"wp-block-heading has-text-align-center\" id=\"h-\" style=\"font-size:70px\"><\/h1>\n\n\n\n<p><\/p>\n<\/div><\/div>\n\n\n\n<div class=\"wp-block-group alignfull is-layout-constrained wp-container-core-group-is-layout-35abefa8 wp-block-group-is-layout-constrained\" style=\"margin-top:0;margin-bottom:0;padding-top:var(--wp--preset--spacing--40);padding-right:var(--wp--preset--spacing--40);padding-bottom:0;padding-left:var(--wp--preset--spacing--40)\">\n<p class=\"link-blank has-text-color has-link-color has-small-font-size wp-elements-e2a3531b73a43b0b1c5ec5765212f85b\" style=\"color:#929292\"><a href=\"https:\/\/www.kassiopeia.fi\/hotel-matts\/hotelli-info\/\">Hotelli-info<\/a> \/ Liikkuminen<\/p>\n<\/div>\n\n\n\n<div class=\"wp-block-group alignfull is-layout-constrained wp-container-core-group-is-layout-23f40cfd wp-block-group-is-layout-constrained\" style=\"padding-top:var(--wp--preset--spacing--30);padding-right:var(--wp--preset--spacing--40);padding-bottom:var(--wp--preset--spacing--30);padding-left:var(--wp--preset--spacing--40)\">\n<div class=\"wp-block-group alignwide is-layout-constrained wp-container-core-group-is-layout-9517baca wp-block-group-is-layout-constrained\">\n<h1 class=\"wp-block-heading has-text-align-center\" id=\"h-liikkuminen\" style=\"margin-bottom:var(--wp--preset--spacing--60)\">Liikkuminen<\/h1>\n<\/div>\n<\/div>\n\n\n\n<div class=\"wp-block-group alignfull is-layout-constrained wp-container-core-group-is-layout-0c9c989a wp-block-group-is-layout-constrained\" style=\"margin-top:0;margin-bottom:0;padding-top:var(--wp--preset--spacing--70);padding-right:var(--wp--preset--spacing--40);padding-bottom:var(--wp--preset--spacing--70);padding-left:var(--wp--preset--spacing--40)\">\n<div class=\"wp-block-media-text has-media-on-the-right is-stacked-on-mobile is-image-fill\" style=\"padding-top:0;padding-bottom:0\"><div class=\"wp-block-media-text__content\">\n<div class=\"wp-block-group is-layout-constrained wp-block-group-is-layout-constrained\" style=\"padding-top:var(--wp--preset--spacing--60);padding-bottom:var(--wp--preset--spacing--60)\">\n<p>Hotel Matts sijaitsee Espoossa, Matinkyl\u00e4n keskuksessa, osoitteessa Tynnyritie 1. Helsinki-Vantaan lentokent\u00e4lt\u00e4 on matkaa Mattsiin noin 30 kilometri\u00e4.<\/p>\n\n\n\n<h3 class=\"wp-block-heading\" id=\"h-metro\">Metro<\/h3>\n\n\n\n<p>Metroasema sijaitsee aivan Hotel Mattsin vieress\u00e4. Matinkyl\u00e4n metroaseman l\u00e4ntinen ulosk\u00e4ynti tuo suoraan hotellin p\u00e4\u00e4sis\u00e4\u00e4nk\u00e4ynnille.<\/p>\n\n\n\n<h3 class=\"wp-block-heading\" id=\"h-bussi\">Bussi<\/h3>\n\n\n\n<p>Bussiterminaali on Iso Omenassa ja matkaa sinne on hotellilta n.100m. Bussien reitit ja aikataulut voi tarkastaa&nbsp;<a href=\"https:\/\/www.hsl.fi\/\" target=\"_blank\" rel=\"noreferrer noopener\">reittioppaan sivuilta<\/a>.<\/p>\n<\/div>\n<\/div><figure class=\"wp-block-media-text__media\" style=\"background-image:url(https:\/\/www.kassiopeia.fi\/hotel-matts\/wp-content\/uploads\/sites\/2\/2024\/08\/matinkyla_metroasema_hotel_matts_espoo.jpg);background-position:50% 50%\"><img loading=\"lazy\" decoding=\"async\" width=\"1000\" height=\"667\" src=\"https:\/\/www.kassiopeia.fi\/hotel-matts\/wp-content\/uploads\/sites\/2\/2024\/08\/matinkyla_metroasema_hotel_matts_espoo.jpg\" alt=\"\" class=\"wp-image-789 size-full\" srcset=\"https:\/\/www.kassiopeia.fi\/hotel-matts\/wp-content\/uploads\/sites\/2\/2024\/08\/matinkyla_metroasema_hotel_matts_espoo.jpg 1000w, https:\/\/www.kassiopeia.fi\/hotel-matts\/wp-content\/uploads\/sites\/2\/2024\/08\/matinkyla_metroasema_hotel_matts_espoo-300x200.jpg 300w, https:\/\/www.kassiopeia.fi\/hotel-matts\/wp-content\/uploads\/sites\/2\/2024\/08\/matinkyla_metroasema_hotel_matts_espoo-768x512.jpg 768w\" sizes=\"auto, (max-width: 1000px) 100vw, 1000px\" \/><\/figure><\/div>\n\n\n\n<div class=\"wp-block-media-text is-stacked-on-mobile is-image-fill\" style=\"padding-top:0;padding-bottom:0\"><figure class=\"wp-block-media-text__media\" style=\"background-image:url(https:\/\/www.kassiopeia.fi\/hotel-matts\/wp-content\/uploads\/sites\/2\/2024\/09\/matts-pyorat-1024x598.jpg);background-position:27% 50%\"><img decoding=\"async\" src=\"https:\/\/www.kassiopeia.fi\/hotel-matts\/wp-content\/uploads\/sites\/2\/2024\/09\/matts-pyorat-1024x598.jpg\" alt=\"\" class=\"wp-image-1025 size-full\"\/><\/figure><div class=\"wp-block-media-text__content\">\n<div class=\"wp-block-group is-layout-constrained wp-block-group-is-layout-constrained\" style=\"padding-top:var(--wp--preset--spacing--60);padding-bottom:var(--wp--preset--spacing--60)\">\n<h3 class=\"wp-block-heading\" id=\"h-pysakointi\">Pys\u00e4k\u00f6inti<\/h3>\n\n\n\n<p>Hotel Matts sijaitsee L\u00e4nsiv\u00e4yl\u00e4n ja Keh\u00e4 II v\u00e4litt\u00f6m\u00e4ss\u00e4 l\u00e4heisyydess\u00e4. Saapuessasi meille autolla voit hy\u00f6dynt\u00e4\u00e4 parkkihallimme asiakasparkkipaikkoja saatavuuden mukaan (max korkeus 2,4 m).<\/p>\n\n\n\n<p>Pys\u00e4k\u00f6intihinta:<br>2,5 \u20ac \/ h<br>17 \u20ac \/ p\u00e4iv\u00e4<\/p>\n\n\n\n<p>Pitk\u00e4aikaispys\u00e4k\u00f6inti:<br>200 \u20ac \/ kk<\/p>\n\n\n\n<p>S\u00e4hk\u00f6autojen latauksesta erillinen veloitus. <a href=\"https:\/\/www.kassiopeia.fi\/hotel-matts\/info\/#sahkoauton-lataus\" target=\"_blank\" rel=\"noreferrer noopener\">Katso latausohjeet t\u00e4\u00e4lt\u00e4.<\/a><\/p>\n\n\n\n<h3 class=\"wp-block-heading\" id=\"h-pyorat\">Py\u00f6r\u00e4t<\/h3>\n\n\n\n<p>Hotel Mattsista voit varata polkupy\u00f6r\u00e4n veloituksetta k\u00e4ytt\u00f6\u00f6si majoituksen yhteydess\u00e4. Polkupy\u00f6r\u00e4ll\u00e4 p\u00e4\u00e4set helposti tutustumaan Matinkyl\u00e4n l\u00e4hiymp\u00e4rist\u00f6\u00f6n!<\/p>\n\n\n\n<p>Polkupy\u00f6r\u00e4n lis\u00e4ksi meilt\u00e4 saa lainaan my\u00f6s py\u00f6r\u00e4ilykyp\u00e4r\u00e4n. Tarkempia lis\u00e4tietoja py\u00f6r\u00e4n lainaamisesta saat hotellin vastaanotosta.<\/p>\n<\/div>\n<\/div><\/div>\n<\/div>\n","protected":false},"excerpt":{"rendered":"<p>Hotelli-info \/ Liikkuminen Liikkuminen Hotel Matts sijaitsee Espoossa, Matinkyl\u00e4n keskuksessa, osoitteessa Tynnyritie 1. Helsinki-Vantaan lentokent\u00e4lt\u00e4 on matkaa Mattsiin noin 30 kilometri\u00e4. Metro Metroasema sijaitsee aivan Hotel Mattsin vieress\u00e4. Matinkyl\u00e4n metroaseman l\u00e4ntinen ulosk\u00e4ynti tuo suoraan hotellin p\u00e4\u00e4sis\u00e4\u00e4nk\u00e4ynnille. Bussi Bussiterminaali on Iso Omenassa ja matkaa sinne on hotellilta n.100m. Bussien reitit ja aikataulut voi tarkastaa&nbsp;reittioppaan sivuilta. Pys\u00e4k\u00f6inti [&hellip;]<\/p>\n","protected":false},"author":7,"featured_media":0,"parent":3002,"menu_order":0,"comment_status":"closed","ping_status":"closed","template":"blank","meta":{"_acf_changed":false,"footnotes":""},"class_list":["post-3107","page","type-page","status-publish","hentry"],"acf":[],"yoast_head":"<!-- This site is optimized with the Yoast SEO Premium plugin v27.2 (Yoast SEO v27.2) - https:\/\/yoast.com\/product\/yoast-seo-premium-wordpress\/ -->\n<title>Hotelli-info Liikkuminen - Hotel Matts<\/title>\n<meta name=\"robots\" content=\"noindex, nofollow\" \/>\n<meta property=\"og:locale\" content=\"en_US\" \/>\n<meta property=\"og:type\" content=\"article\" \/>\n<meta property=\"og:title\" content=\"Hotelli-info Liikkuminen\" \/>\n<meta property=\"og:description\" content=\"Hotelli-info \/ Liikkuminen Liikkuminen Hotel Matts sijaitsee Espoossa, Matinkyl\u00e4n keskuksessa, osoitteessa Tynnyritie 1. Helsinki-Vantaan lentokent\u00e4lt\u00e4 on matkaa Mattsiin noin 30 kilometri\u00e4. Metro Metroasema sijaitsee aivan Hotel Mattsin vieress\u00e4. Matinkyl\u00e4n metroaseman l\u00e4ntinen ulosk\u00e4ynti tuo suoraan hotellin p\u00e4\u00e4sis\u00e4\u00e4nk\u00e4ynnille. Bussi Bussiterminaali on Iso Omenassa ja matkaa sinne on hotellilta n.100m. Bussien reitit ja aikataulut voi tarkastaa&nbsp;reittioppaan sivuilta. Pys\u00e4k\u00f6inti [&hellip;]\" \/>\n<meta property=\"og:url\" content=\"https:\/\/www.kassiopeia.fi\/hotel-matts\/hotelli-info\/liikkuminen\/\" \/>\n<meta property=\"og:site_name\" content=\"Hotel Matts\" \/>\n<meta property=\"article:modified_time\" content=\"2025-02-17T12:49:58+00:00\" \/>\n<meta property=\"og:image\" content=\"https:\/\/www.kassiopeia.fi\/hotel-matts\/wp-content\/uploads\/sites\/2\/2025\/02\/hotel-matts-ulkokuva-espoo.jpg\" \/>\n\t<meta property=\"og:image:width\" content=\"2000\" \/>\n\t<meta property=\"og:image:height\" content=\"1100\" \/>\n\t<meta property=\"og:image:type\" content=\"image\/jpeg\" \/>\n<meta name=\"twitter:card\" content=\"summary_large_image\" \/>\n<meta name=\"twitter:label1\" content=\"Est. reading time\" \/>\n\t<meta name=\"twitter:data1\" content=\"2 minutes\" \/>\n<script type=\"application\/ld+json\" class=\"yoast-schema-graph\">{\"@context\":\"https:\/\/schema.org\",\"@graph\":[{\"@type\":\"WebPage\",\"@id\":\"https:\/\/www.kassiopeia.fi\/hotel-matts\/hotelli-info\/liikkuminen\/\",\"url\":\"https:\/\/www.kassiopeia.fi\/hotel-matts\/hotelli-info\/liikkuminen\/\",\"name\":\"Hotelli-info Liikkuminen - Hotel Matts\",\"isPartOf\":{\"@id\":\"https:\/\/www.kassiopeia.fi\/hotel-matts\/#website\"},\"primaryImageOfPage\":{\"@id\":\"https:\/\/www.kassiopeia.fi\/hotel-matts\/hotelli-info\/liikkuminen\/#primaryimage\"},\"image\":{\"@id\":\"https:\/\/www.kassiopeia.fi\/hotel-matts\/hotelli-info\/liikkuminen\/#primaryimage\"},\"thumbnailUrl\":\"https:\/\/www.kassiopeia.fi\/hotel-matts\/wp-content\/uploads\/sites\/2\/2025\/02\/hotel-matts-ulkokuva-espoo.jpg\",\"datePublished\":\"2024-10-10T10:02:02+00:00\",\"dateModified\":\"2025-02-17T12:49:58+00:00\",\"breadcrumb\":{\"@id\":\"https:\/\/www.kassiopeia.fi\/hotel-matts\/hotelli-info\/liikkuminen\/#breadcrumb\"},\"inLanguage\":\"en-US\",\"potentialAction\":[{\"@type\":\"ReadAction\",\"target\":[\"https:\/\/www.kassiopeia.fi\/hotel-matts\/hotelli-info\/liikkuminen\/\"]}]},{\"@type\":\"ImageObject\",\"inLanguage\":\"en-US\",\"@id\":\"https:\/\/www.kassiopeia.fi\/hotel-matts\/hotelli-info\/liikkuminen\/#primaryimage\",\"url\":\"https:\/\/www.kassiopeia.fi\/hotel-matts\/wp-content\/uploads\/sites\/2\/2025\/02\/hotel-matts-ulkokuva-espoo.jpg\",\"contentUrl\":\"https:\/\/www.kassiopeia.fi\/hotel-matts\/wp-content\/uploads\/sites\/2\/2025\/02\/hotel-matts-ulkokuva-espoo.jpg\",\"width\":2000,\"height\":1100,\"caption\":\"Hotel Matts ulkokuva, Espoo\"},{\"@type\":\"BreadcrumbList\",\"@id\":\"https:\/\/www.kassiopeia.fi\/hotel-matts\/hotelli-info\/liikkuminen\/#breadcrumb\",\"itemListElement\":[{\"@type\":\"ListItem\",\"position\":1,\"name\":\"Home\",\"item\":\"https:\/\/www.kassiopeia.fi\/hotel-matts\/\"},{\"@type\":\"ListItem\",\"position\":2,\"name\":\"Hotelli-info\",\"item\":\"https:\/\/www.kassiopeia.fi\/hotel-matts\/hotelli-info\/\"},{\"@type\":\"ListItem\",\"position\":3,\"name\":\"Hotelli-info Liikkuminen\"}]},{\"@type\":\"WebSite\",\"@id\":\"https:\/\/www.kassiopeia.fi\/hotel-matts\/#website\",\"url\":\"https:\/\/www.kassiopeia.fi\/hotel-matts\/\",\"name\":\"Hotel Matts\",\"description\":\"\",\"potentialAction\":[{\"@type\":\"SearchAction\",\"target\":{\"@type\":\"EntryPoint\",\"urlTemplate\":\"https:\/\/www.kassiopeia.fi\/hotel-matts\/?s={search_term_string}\"},\"query-input\":{\"@type\":\"PropertyValueSpecification\",\"valueRequired\":true,\"valueName\":\"search_term_string\"}}],\"inLanguage\":\"en-US\"}]}<\/script>\n<!-- \/ Yoast SEO Premium plugin. -->","yoast_head_json":{"title":"Hotelli-info Liikkuminen - Hotel Matts","robots":{"index":"noindex","follow":"nofollow"},"og_locale":"en_US","og_type":"article","og_title":"Hotelli-info Liikkuminen","og_description":"Hotelli-info \/ Liikkuminen Liikkuminen Hotel Matts sijaitsee Espoossa, Matinkyl\u00e4n keskuksessa, osoitteessa Tynnyritie 1. Helsinki-Vantaan lentokent\u00e4lt\u00e4 on matkaa Mattsiin noin 30 kilometri\u00e4. Metro Metroasema sijaitsee aivan Hotel Mattsin vieress\u00e4. Matinkyl\u00e4n metroaseman l\u00e4ntinen ulosk\u00e4ynti tuo suoraan hotellin p\u00e4\u00e4sis\u00e4\u00e4nk\u00e4ynnille. Bussi Bussiterminaali on Iso Omenassa ja matkaa sinne on hotellilta n.100m. Bussien reitit ja aikataulut voi tarkastaa&nbsp;reittioppaan sivuilta. Pys\u00e4k\u00f6inti [&hellip;]","og_url":"https:\/\/www.kassiopeia.fi\/hotel-matts\/hotelli-info\/liikkuminen\/","og_site_name":"Hotel Matts","article_modified_time":"2025-02-17T12:49:58+00:00","og_image":[{"width":2000,"height":1100,"url":"https:\/\/www.kassiopeia.fi\/hotel-matts\/wp-content\/uploads\/sites\/2\/2025\/02\/hotel-matts-ulkokuva-espoo.jpg","type":"image\/jpeg"}],"twitter_card":"summary_large_image","twitter_misc":{"Est. reading time":"2 minutes"},"schema":{"@context":"https:\/\/schema.org","@graph":[{"@type":"WebPage","@id":"https:\/\/www.kassiopeia.fi\/hotel-matts\/hotelli-info\/liikkuminen\/","url":"https:\/\/www.kassiopeia.fi\/hotel-matts\/hotelli-info\/liikkuminen\/","name":"Hotelli-info Liikkuminen - Hotel Matts","isPartOf":{"@id":"https:\/\/www.kassiopeia.fi\/hotel-matts\/#website"},"primaryImageOfPage":{"@id":"https:\/\/www.kassiopeia.fi\/hotel-matts\/hotelli-info\/liikkuminen\/#primaryimage"},"image":{"@id":"https:\/\/www.kassiopeia.fi\/hotel-matts\/hotelli-info\/liikkuminen\/#primaryimage"},"thumbnailUrl":"https:\/\/www.kassiopeia.fi\/hotel-matts\/wp-content\/uploads\/sites\/2\/2025\/02\/hotel-matts-ulkokuva-espoo.jpg","datePublished":"2024-10-10T10:02:02+00:00","dateModified":"2025-02-17T12:49:58+00:00","breadcrumb":{"@id":"https:\/\/www.kassiopeia.fi\/hotel-matts\/hotelli-info\/liikkuminen\/#breadcrumb"},"inLanguage":"en-US","potentialAction":[{"@type":"ReadAction","target":["https:\/\/www.kassiopeia.fi\/hotel-matts\/hotelli-info\/liikkuminen\/"]}]},{"@type":"ImageObject","inLanguage":"en-US","@id":"https:\/\/www.kassiopeia.fi\/hotel-matts\/hotelli-info\/liikkuminen\/#primaryimage","url":"https:\/\/www.kassiopeia.fi\/hotel-matts\/wp-content\/uploads\/sites\/2\/2025\/02\/hotel-matts-ulkokuva-espoo.jpg","contentUrl":"https:\/\/www.kassiopeia.fi\/hotel-matts\/wp-content\/uploads\/sites\/2\/2025\/02\/hotel-matts-ulkokuva-espoo.jpg","width":2000,"height":1100,"caption":"Hotel Matts ulkokuva, Espoo"},{"@type":"BreadcrumbList","@id":"https:\/\/www.kassiopeia.fi\/hotel-matts\/hotelli-info\/liikkuminen\/#breadcrumb","itemListElement":[{"@type":"ListItem","position":1,"name":"Home","item":"https:\/\/www.kassiopeia.fi\/hotel-matts\/"},{"@type":"ListItem","position":2,"name":"Hotelli-info","item":"https:\/\/www.kassiopeia.fi\/hotel-matts\/hotelli-info\/"},{"@type":"ListItem","position":3,"name":"Hotelli-info Liikkuminen"}]},{"@type":"WebSite","@id":"https:\/\/www.kassiopeia.fi\/hotel-matts\/#website","url":"https:\/\/www.kassiopeia.fi\/hotel-matts\/","name":"Hotel Matts","description":"","potentialAction":[{"@type":"SearchAction","target":{"@type":"EntryPoint","urlTemplate":"https:\/\/www.kassiopeia.fi\/hotel-matts\/?s={search_term_string}"},"query-input":{"@type":"PropertyValueSpecification","valueRequired":true,"valueName":"search_term_string"}}],"inLanguage":"en-US"}]}},"lang":"fi","translations":{"fi":3107},"pll_sync_post":[],"_links":{"self":[{"href":"https:\/\/www.kassiopeia.fi\/hotel-matts\/wp-json\/wp\/v2\/pages\/3107","targetHints":{"allow":["GET"]}}],"collection":[{"href":"https:\/\/www.kassiopeia.fi\/hotel-matts\/wp-json\/wp\/v2\/pages"}],"about":[{"href":"https:\/\/www.kassiopeia.fi\/hotel-matts\/wp-json\/wp\/v2\/types\/page"}],"author":[{"embeddable":true,"href":"https:\/\/www.kassiopeia.fi\/hotel-matts\/wp-json\/wp\/v2\/users\/7"}],"replies":[{"embeddable":true,"href":"https:\/\/www.kassiopeia.fi\/hotel-matts\/wp-json\/wp\/v2\/comments?post=3107"}],"version-history":[{"count":9,"href":"https:\/\/www.kassiopeia.fi\/hotel-matts\/wp-json\/wp\/v2\/pages\/3107\/revisions"}],"predecessor-version":[{"id":5938,"href":"https:\/\/www.kassiopeia.fi\/hotel-matts\/wp-json\/wp\/v2\/pages\/3107\/revisions\/5938"}],"up":[{"embeddable":true,"href":"https:\/\/www.kassiopeia.fi\/hotel-matts\/wp-json\/wp\/v2\/pages\/3002"}],"wp:attachment":[{"href":"https:\/\/www.kassiopeia.fi\/hotel-matts\/wp-json\/wp\/v2\/media?parent=3107"}],"curies":[{"name":"wp","href":"https:\/\/api.w.org\/{rel}","templated":true}]}}