{"id":3096,"date":"2024-10-10T06:45:07","date_gmt":"2024-10-10T06:45:07","guid":{"rendered":"https:\/\/www.kassiopeia.fi\/hotel-matts\/?page_id=3096"},"modified":"2025-02-17T12:49:32","modified_gmt":"2025-02-17T12:49:32","slug":"tekemista-espoossa","status":"publish","type":"page","link":"https:\/\/www.kassiopeia.fi\/hotel-matts\/hotelli-info\/tekemista-espoossa\/","title":{"rendered":"Hotelli-info Tekemist\u00e4"},"content":{"rendered":"\n<div class=\"wp-block-cover alignfull is-light cover-hero wp-duotone-unset-1\" style=\"margin-top:0px;margin-bottom:0px;padding-top:0px;padding-right:0px;padding-bottom:0px;padding-left:0px;min-height:30vw;aspect-ratio:unset;\"><span aria-hidden=\"true\" class=\"wp-block-cover__background has-black-background-color has-background-dim-0 has-background-dim\"><\/span><img loading=\"lazy\" decoding=\"async\" width=\"2000\" height=\"1100\" class=\"wp-block-cover__image-background wp-image-5927\" alt=\"Hotel Matts ulkokuva, Espoo\" src=\"https:\/\/www.kassiopeia.fi\/hotel-matts\/wp-content\/uploads\/sites\/2\/2025\/02\/hotel-matts-ulkokuva-espoo.jpg\" data-object-fit=\"cover\" srcset=\"https:\/\/www.kassiopeia.fi\/hotel-matts\/wp-content\/uploads\/sites\/2\/2025\/02\/hotel-matts-ulkokuva-espoo.jpg 2000w, https:\/\/www.kassiopeia.fi\/hotel-matts\/wp-content\/uploads\/sites\/2\/2025\/02\/hotel-matts-ulkokuva-espoo-300x165.jpg 300w, https:\/\/www.kassiopeia.fi\/hotel-matts\/wp-content\/uploads\/sites\/2\/2025\/02\/hotel-matts-ulkokuva-espoo-1024x563.jpg 1024w, https:\/\/www.kassiopeia.fi\/hotel-matts\/wp-content\/uploads\/sites\/2\/2025\/02\/hotel-matts-ulkokuva-espoo-768x422.jpg 768w, https:\/\/www.kassiopeia.fi\/hotel-matts\/wp-content\/uploads\/sites\/2\/2025\/02\/hotel-matts-ulkokuva-espoo-1536x845.jpg 1536w\" sizes=\"auto, (max-width: 2000px) 100vw, 2000px\" \/><div class=\"wp-block-cover__inner-container is-layout-flow wp-container-core-cover-is-layout-6e17fc20 wp-block-cover-is-layout-flow\">\n<h1 class=\"wp-block-heading has-text-align-center\" id=\"h-\" style=\"font-size:70px\"><\/h1>\n\n\n\n<p><\/p>\n<\/div><\/div>\n\n\n\n<div class=\"wp-block-group alignfull is-layout-constrained wp-container-core-group-is-layout-35abefa8 wp-block-group-is-layout-constrained\" style=\"margin-top:0;margin-bottom:0;padding-top:var(--wp--preset--spacing--40);padding-right:var(--wp--preset--spacing--40);padding-bottom:0;padding-left:var(--wp--preset--spacing--40)\">\n<p class=\"link-blank has-text-color has-link-color has-small-font-size wp-elements-27e7877d66ed7e080a834f355b1a11f7\" style=\"color:#929292\"><a href=\"https:\/\/www.kassiopeia.fi\/hotel-matts\/hotelli-info\/\">Hotelli-info<\/a> \/ Tekemist\u00e4 Espoossa<\/p>\n<\/div>\n\n\n\n<div class=\"wp-block-group alignfull is-layout-constrained wp-container-core-group-is-layout-23f40cfd wp-block-group-is-layout-constrained\" style=\"padding-top:var(--wp--preset--spacing--30);padding-right:var(--wp--preset--spacing--40);padding-bottom:var(--wp--preset--spacing--30);padding-left:var(--wp--preset--spacing--40)\">\n<div class=\"wp-block-group alignwide is-layout-constrained wp-container-core-group-is-layout-9517baca wp-block-group-is-layout-constrained\">\n<h1 class=\"wp-block-heading has-text-align-center\" id=\"h-tekemista-espoossa\" style=\"margin-bottom:var(--wp--preset--spacing--60)\">Tekemist\u00e4 Espoossa<\/h1>\n<\/div>\n<\/div>\n\n\n\n<div class=\"wp-block-group alignfull is-layout-constrained wp-container-core-group-is-layout-0c9c989a wp-block-group-is-layout-constrained\" style=\"margin-top:0;margin-bottom:0;padding-top:var(--wp--preset--spacing--70);padding-right:var(--wp--preset--spacing--40);padding-bottom:var(--wp--preset--spacing--70);padding-left:var(--wp--preset--spacing--40)\">\n<div class=\"wp-block-media-text has-media-on-the-right is-stacked-on-mobile is-image-fill\" style=\"padding-top:0;padding-bottom:0\"><div class=\"wp-block-media-text__content\">\n<div class=\"wp-block-group is-layout-constrained wp-block-group-is-layout-constrained\" style=\"padding-top:var(--wp--preset--spacing--60);padding-bottom:var(--wp--preset--spacing--60)\">\n<p>Monipuolista tietoa ja tekemist\u00e4 l\u00f6ytyy&nbsp;<a href=\"https:\/\/www.visitespoo.fi\/\" target=\"_blank\" rel=\"noreferrer noopener\">visit Espoon<\/a>&nbsp;nettisivuilta.<\/p>\n\n\n\n<p>Matinkyl\u00e4n rannassa sijaitsee tunnelmallinen&nbsp;<a href=\"https:\/\/nokkalanmajakka.fi\/\" target=\"_blank\" rel=\"noreferrer noopener\">Nokkalan Majakka.<\/a>&nbsp;Rannasta p\u00e4\u00e4see kes\u00e4isin hypp\u00e4\u00e4m\u00e4\u00e4n my\u00f6s saaristoliikennelautan kyytiin. Katso&nbsp;<a href=\"https:\/\/www.visitespoo.fi\/matkailija\/nae-ja-koe\/meri-ja-saaristo\/saaristoliikenne-ja-aikataulut?gad_source=1&amp;gclid=CjwKCAiAuNGuBhAkEiwAGId4ao0-z4WvJPf2Xzml4qaJq7_bybUGSrRis0CnvlFnBCEmNVqn2SeWNxoCbq0QAvD_BwE\" target=\"_blank\" rel=\"noreferrer noopener\">t\u00e4\u00e4lt\u00e4<\/a>&nbsp;aikataulut.<\/p>\n\n\n\n<p>Vastaanotosta voit varata polkupy\u00f6r\u00e4n veloituksetta k\u00e4ytt\u00f6\u00f6si Meilt\u00e4 saat my\u00f6s kyp\u00e4r\u00e4n lainaan.<\/p>\n<\/div>\n<\/div><figure class=\"wp-block-media-text__media\" style=\"background-image:url(https:\/\/www.kassiopeia.fi\/hotel-matts\/wp-content\/uploads\/sites\/2\/2024\/09\/hotel-matts-pyorat-984x1024.jpg);background-position:50% 50%\"><img loading=\"lazy\" decoding=\"async\" width=\"984\" height=\"1024\" src=\"https:\/\/www.kassiopeia.fi\/hotel-matts\/wp-content\/uploads\/sites\/2\/2024\/09\/hotel-matts-pyorat-984x1024.jpg\" alt=\"\" class=\"wp-image-1030 size-full\" srcset=\"https:\/\/www.kassiopeia.fi\/hotel-matts\/wp-content\/uploads\/sites\/2\/2024\/09\/hotel-matts-pyorat-984x1024.jpg 984w, https:\/\/www.kassiopeia.fi\/hotel-matts\/wp-content\/uploads\/sites\/2\/2024\/09\/hotel-matts-pyorat-288x300.jpg 288w, https:\/\/www.kassiopeia.fi\/hotel-matts\/wp-content\/uploads\/sites\/2\/2024\/09\/hotel-matts-pyorat-768x799.jpg 768w, https:\/\/www.kassiopeia.fi\/hotel-matts\/wp-content\/uploads\/sites\/2\/2024\/09\/hotel-matts-pyorat-1476x1536.jpg 1476w, https:\/\/www.kassiopeia.fi\/hotel-matts\/wp-content\/uploads\/sites\/2\/2024\/09\/hotel-matts-pyorat-1969x2048.jpg 1969w\" sizes=\"auto, (max-width: 984px) 100vw, 984px\" \/><\/figure><\/div>\n\n\n\n<div class=\"wp-block-group alignfull is-layout-constrained wp-container-core-group-is-layout-ffd3354e wp-block-group-is-layout-constrained\" style=\"padding-top:0;padding-right:var(--wp--preset--spacing--40);padding-bottom:0;padding-left:var(--wp--preset--spacing--40)\">\n<div class=\"wp-block-group alignfull is-layout-constrained wp-container-core-group-is-layout-24567ffd wp-block-group-is-layout-constrained\" style=\"padding-top:var(--wp--preset--spacing--40);padding-right:var(--wp--preset--spacing--40);padding-bottom:var(--wp--preset--spacing--40);padding-left:var(--wp--preset--spacing--40)\">\n<div class=\"wp-block-columns is-layout-flex wp-container-core-columns-is-layout-28f84493 wp-block-columns-is-layout-flex\">\n<div class=\"wp-block-column is-layout-flow wp-block-column-is-layout-flow\">\n<p><a href=\"https:\/\/reittiopas.hsl.fi\/linjat\/HSL%3A31M1\/pysakit\/HSL%3A31M1%3A0%3A01\" target=\"_blank\" rel=\"noreferrer noopener\">Matinkyl\u00e4n metroasema<\/a>: 0,1 km<br><a href=\"https:\/\/www.isoomena.fi\/\" target=\"_blank\" rel=\"noreferrer noopener\">Ostoskeskus Iso-Omena<\/a>: 0,3 km<br><a href=\"https:\/\/www.espoo.fi\/fi\/toimipisteet\/68426\" target=\"_blank\" rel=\"noreferrer noopener\">Matinkyl\u00e4n uimahalli<\/a>: 0,1 km<br><a href=\"https:\/\/www.finnkino.fi\/teatterit\/omena\" target=\"_blank\" rel=\"noreferrer noopener\">Elokuvateatteri Finnkino Omena<\/a>: 0,3 km<br><a href=\"https:\/\/www.google.com\/maps\/place\/Matinkyl%C3%A4n+j%C3%A4%C3%A4halli\/@60.1597676,24.7511352,15z\/data=!4m2!3m1!1s0x0:0x7b06550b1502fcb6?sa=X&amp;ved=2ahUKEwis0r-W6tDpAhUs0aYKHVJeC8YQ_BIwDHoECA8QCA\" target=\"_blank\" rel=\"noreferrer noopener\">Matinkyl\u00e4n j\u00e4\u00e4halli<\/a>: 1 km<br><\/p>\n<\/div>\n\n\n\n<div class=\"wp-block-column is-layout-flow wp-block-column-is-layout-flow\">\n<p><a href=\"https:\/\/www.dap.fi\/espoo-iso-omena\" target=\"_blank\" rel=\"noreferrer noopener\">Duudsonit Activity Park<\/a>: 0,3 km<br><a href=\"https:\/\/www.nokkalanmajakka.fi\/index.php\" target=\"_blank\" rel=\"noreferrer noopener\">Merenrantakahvila Nokkalan Majakka<\/a>: 1,8 km<br><a href=\"https:\/\/www.google.com\/search?rlz=1C1GCEU_fiFI836FI836&amp;q=matinkyl%C3%A4n+uimaranta&amp;npsic=0&amp;rflfq=1&amp;rlha=0&amp;rllag=60151224,24757493,188&amp;tbm=lcl&amp;ved=2ahUKEwia3ZzL9tDpAhXSM5oKHdJCDzcQtgN6BAgMEAQ&amp;tbs=lrf:!1m4!1u2!2m2!2m1!1e1!2m1!1e2!3sIAE,lf:1,lf_ui:2&amp;rldoc=1#rlfi=hd:;si:;mv:[[60.152193,24.7607841],[60.15025679999999,24.754202199999998]];tbs:lrf:!1m4!1u2!2m2!2m1!1e1!2m1!1e2!3sIAE,lf:1,lf_ui:2\" target=\"_blank\" rel=\"noreferrer noopener\">Matinkyl\u00e4n uimaranta<\/a>: 1,9 km<br><a href=\"https:\/\/emmamuseum.fi\/\" target=\"_blank\" rel=\"noreferrer noopener\">Espoon modernin taiteen museo EMMA<\/a>: 5,7 km<br><a href=\"https:\/\/www.google.com\/maps\/place\/Otaniemi,+02150+Espoo\/@60.1841494,24.8197841,15z\/data=!3m1!4b1!4m6!3m5!1s0x468df5ed5c13c5f3:0x2600b5523c18ef71!8m2!3d60.1841396!4d24.8300838!16zL20vMGdqMDE?entry=ttu&amp;g_ep=EgoyMDI0MTEyNC4xIKXMDSoASAFQAw%3D%3D\" target=\"_blank\" rel=\"noreferrer noopener\">Otaniemi:<\/a> 7,8 km<\/p>\n<\/div>\n\n\n\n<div class=\"wp-block-column is-layout-flow wp-block-column-is-layout-flow\">\n<p><a href=\"https:\/\/www.metroareena.fi\/\" target=\"_blank\" rel=\"noreferrer noopener\">Espoo Metro Areena<\/a>: 4,8 km<br><a href=\"http:\/\/www.tapiolagolf.fi\/\" target=\"_blank\" rel=\"noreferrer noopener\">Tapiola Golf \u2013 l\u00e4hin golfkentt\u00e4<\/a>: 6,5 km<br><a href=\"https:\/\/www.myhelsinki.fi\/fi\/your-local-guide-to-helsinki\" target=\"_blank\" rel=\"noreferrer noopener\">Helsingin keskusta<\/a>: 13 km<br><a href=\"https:\/\/www.kansallismuseo.fi\/fi\/seurasaarenulkomuseo\" target=\"_blank\" rel=\"noreferrer noopener\">Ulkomuseo Seurasaari<\/a>: 12 km<br><a href=\"https:\/\/www.finavia.fi\/fi\/lentoasemat\/helsinki-vantaa\" target=\"_blank\" rel=\"noreferrer noopener\">Helsinki-Vantaan lentokentt\u00e4<\/a>: 29 km<\/p>\n<\/div>\n<\/div>\n<\/div>\n<\/div>\n\n\n\n<figure class=\"wp-block-image size-full\"><img loading=\"lazy\" decoding=\"async\" width=\"1920\" height=\"1080\" src=\"https:\/\/www.kassiopeia.fi\/hotel-matts\/wp-content\/uploads\/sites\/2\/2024\/08\/matinkyla_kartta.jpg\" alt=\"\" class=\"wp-image-294\" srcset=\"https:\/\/www.kassiopeia.fi\/hotel-matts\/wp-content\/uploads\/sites\/2\/2024\/08\/matinkyla_kartta.jpg 1920w, https:\/\/www.kassiopeia.fi\/hotel-matts\/wp-content\/uploads\/sites\/2\/2024\/08\/matinkyla_kartta-300x169.jpg 300w, https:\/\/www.kassiopeia.fi\/hotel-matts\/wp-content\/uploads\/sites\/2\/2024\/08\/matinkyla_kartta-1024x576.jpg 1024w, https:\/\/www.kassiopeia.fi\/hotel-matts\/wp-content\/uploads\/sites\/2\/2024\/08\/matinkyla_kartta-768x432.jpg 768w, https:\/\/www.kassiopeia.fi\/hotel-matts\/wp-content\/uploads\/sites\/2\/2024\/08\/matinkyla_kartta-1536x864.jpg 1536w\" sizes=\"auto, (max-width: 1920px) 100vw, 1920px\" \/><\/figure>\n<\/div>\n","protected":false},"excerpt":{"rendered":"<p>Hotelli-info \/ Tekemist\u00e4 Espoossa Tekemist\u00e4 Espoossa Monipuolista tietoa ja tekemist\u00e4 l\u00f6ytyy&nbsp;visit Espoon&nbsp;nettisivuilta. Matinkyl\u00e4n rannassa sijaitsee tunnelmallinen&nbsp;Nokkalan Majakka.&nbsp;Rannasta p\u00e4\u00e4see kes\u00e4isin hypp\u00e4\u00e4m\u00e4\u00e4n my\u00f6s saaristoliikennelautan kyytiin. Katso&nbsp;t\u00e4\u00e4lt\u00e4&nbsp;aikataulut. Vastaanotosta voit varata polkupy\u00f6r\u00e4n veloituksetta k\u00e4ytt\u00f6\u00f6si Meilt\u00e4 saat my\u00f6s kyp\u00e4r\u00e4n lainaan.<\/p>\n","protected":false},"author":7,"featured_media":0,"parent":3002,"menu_order":0,"comment_status":"closed","ping_status":"closed","template":"blank","meta":{"_acf_changed":false,"footnotes":""},"class_list":["post-3096","page","type-page","status-publish","hentry"],"acf":[],"yoast_head":"<!-- This site is optimized with the Yoast SEO Premium plugin v27.2 (Yoast SEO v27.2) - https:\/\/yoast.com\/product\/yoast-seo-premium-wordpress\/ -->\n<title>Hotelli-info Tekemist\u00e4 - Hotel Matts<\/title>\n<meta name=\"robots\" content=\"noindex, nofollow\" \/>\n<meta property=\"og:locale\" content=\"en_US\" \/>\n<meta property=\"og:type\" content=\"article\" \/>\n<meta property=\"og:title\" content=\"Hotelli-info Tekemist\u00e4\" \/>\n<meta property=\"og:description\" content=\"Hotelli-info \/ Tekemist\u00e4 Espoossa Tekemist\u00e4 Espoossa Monipuolista tietoa ja tekemist\u00e4 l\u00f6ytyy&nbsp;visit Espoon&nbsp;nettisivuilta. Matinkyl\u00e4n rannassa sijaitsee tunnelmallinen&nbsp;Nokkalan Majakka.&nbsp;Rannasta p\u00e4\u00e4see kes\u00e4isin hypp\u00e4\u00e4m\u00e4\u00e4n my\u00f6s saaristoliikennelautan kyytiin. Katso&nbsp;t\u00e4\u00e4lt\u00e4&nbsp;aikataulut. Vastaanotosta voit varata polkupy\u00f6r\u00e4n veloituksetta k\u00e4ytt\u00f6\u00f6si Meilt\u00e4 saat my\u00f6s kyp\u00e4r\u00e4n lainaan.\" \/>\n<meta property=\"og:url\" content=\"https:\/\/www.kassiopeia.fi\/hotel-matts\/hotelli-info\/tekemista-espoossa\/\" \/>\n<meta property=\"og:site_name\" content=\"Hotel Matts\" \/>\n<meta property=\"article:modified_time\" content=\"2025-02-17T12:49:32+00:00\" \/>\n<meta property=\"og:image\" content=\"https:\/\/www.kassiopeia.fi\/hotel-matts\/wp-content\/uploads\/sites\/2\/2025\/02\/hotel-matts-ulkokuva-espoo.jpg\" \/>\n\t<meta property=\"og:image:width\" content=\"2000\" \/>\n\t<meta property=\"og:image:height\" content=\"1100\" \/>\n\t<meta property=\"og:image:type\" content=\"image\/jpeg\" \/>\n<meta name=\"twitter:card\" content=\"summary_large_image\" \/>\n<meta name=\"twitter:label1\" content=\"Est. reading time\" \/>\n\t<meta name=\"twitter:data1\" content=\"2 minutes\" \/>\n<script type=\"application\/ld+json\" class=\"yoast-schema-graph\">{\"@context\":\"https:\/\/schema.org\",\"@graph\":[{\"@type\":\"WebPage\",\"@id\":\"https:\/\/www.kassiopeia.fi\/hotel-matts\/hotelli-info\/tekemista-espoossa\/\",\"url\":\"https:\/\/www.kassiopeia.fi\/hotel-matts\/hotelli-info\/tekemista-espoossa\/\",\"name\":\"Hotelli-info Tekemist\u00e4 - Hotel Matts\",\"isPartOf\":{\"@id\":\"https:\/\/www.kassiopeia.fi\/hotel-matts\/#website\"},\"primaryImageOfPage\":{\"@id\":\"https:\/\/www.kassiopeia.fi\/hotel-matts\/hotelli-info\/tekemista-espoossa\/#primaryimage\"},\"image\":{\"@id\":\"https:\/\/www.kassiopeia.fi\/hotel-matts\/hotelli-info\/tekemista-espoossa\/#primaryimage\"},\"thumbnailUrl\":\"https:\/\/www.kassiopeia.fi\/hotel-matts\/wp-content\/uploads\/sites\/2\/2025\/02\/hotel-matts-ulkokuva-espoo.jpg\",\"datePublished\":\"2024-10-10T06:45:07+00:00\",\"dateModified\":\"2025-02-17T12:49:32+00:00\",\"breadcrumb\":{\"@id\":\"https:\/\/www.kassiopeia.fi\/hotel-matts\/hotelli-info\/tekemista-espoossa\/#breadcrumb\"},\"inLanguage\":\"en-US\",\"potentialAction\":[{\"@type\":\"ReadAction\",\"target\":[\"https:\/\/www.kassiopeia.fi\/hotel-matts\/hotelli-info\/tekemista-espoossa\/\"]}]},{\"@type\":\"ImageObject\",\"inLanguage\":\"en-US\",\"@id\":\"https:\/\/www.kassiopeia.fi\/hotel-matts\/hotelli-info\/tekemista-espoossa\/#primaryimage\",\"url\":\"https:\/\/www.kassiopeia.fi\/hotel-matts\/wp-content\/uploads\/sites\/2\/2025\/02\/hotel-matts-ulkokuva-espoo.jpg\",\"contentUrl\":\"https:\/\/www.kassiopeia.fi\/hotel-matts\/wp-content\/uploads\/sites\/2\/2025\/02\/hotel-matts-ulkokuva-espoo.jpg\",\"width\":2000,\"height\":1100,\"caption\":\"Hotel Matts ulkokuva, Espoo\"},{\"@type\":\"BreadcrumbList\",\"@id\":\"https:\/\/www.kassiopeia.fi\/hotel-matts\/hotelli-info\/tekemista-espoossa\/#breadcrumb\",\"itemListElement\":[{\"@type\":\"ListItem\",\"position\":1,\"name\":\"Home\",\"item\":\"https:\/\/www.kassiopeia.fi\/hotel-matts\/\"},{\"@type\":\"ListItem\",\"position\":2,\"name\":\"Hotelli-info\",\"item\":\"https:\/\/www.kassiopeia.fi\/hotel-matts\/hotelli-info\/\"},{\"@type\":\"ListItem\",\"position\":3,\"name\":\"Hotelli-info Tekemist\u00e4\"}]},{\"@type\":\"WebSite\",\"@id\":\"https:\/\/www.kassiopeia.fi\/hotel-matts\/#website\",\"url\":\"https:\/\/www.kassiopeia.fi\/hotel-matts\/\",\"name\":\"Hotel Matts\",\"description\":\"\",\"potentialAction\":[{\"@type\":\"SearchAction\",\"target\":{\"@type\":\"EntryPoint\",\"urlTemplate\":\"https:\/\/www.kassiopeia.fi\/hotel-matts\/?s={search_term_string}\"},\"query-input\":{\"@type\":\"PropertyValueSpecification\",\"valueRequired\":true,\"valueName\":\"search_term_string\"}}],\"inLanguage\":\"en-US\"}]}<\/script>\n<!-- \/ Yoast SEO Premium plugin. -->","yoast_head_json":{"title":"Hotelli-info Tekemist\u00e4 - Hotel Matts","robots":{"index":"noindex","follow":"nofollow"},"og_locale":"en_US","og_type":"article","og_title":"Hotelli-info Tekemist\u00e4","og_description":"Hotelli-info \/ Tekemist\u00e4 Espoossa Tekemist\u00e4 Espoossa Monipuolista tietoa ja tekemist\u00e4 l\u00f6ytyy&nbsp;visit Espoon&nbsp;nettisivuilta. Matinkyl\u00e4n rannassa sijaitsee tunnelmallinen&nbsp;Nokkalan Majakka.&nbsp;Rannasta p\u00e4\u00e4see kes\u00e4isin hypp\u00e4\u00e4m\u00e4\u00e4n my\u00f6s saaristoliikennelautan kyytiin. Katso&nbsp;t\u00e4\u00e4lt\u00e4&nbsp;aikataulut. Vastaanotosta voit varata polkupy\u00f6r\u00e4n veloituksetta k\u00e4ytt\u00f6\u00f6si Meilt\u00e4 saat my\u00f6s kyp\u00e4r\u00e4n lainaan.","og_url":"https:\/\/www.kassiopeia.fi\/hotel-matts\/hotelli-info\/tekemista-espoossa\/","og_site_name":"Hotel Matts","article_modified_time":"2025-02-17T12:49:32+00:00","og_image":[{"width":2000,"height":1100,"url":"https:\/\/www.kassiopeia.fi\/hotel-matts\/wp-content\/uploads\/sites\/2\/2025\/02\/hotel-matts-ulkokuva-espoo.jpg","type":"image\/jpeg"}],"twitter_card":"summary_large_image","twitter_misc":{"Est. reading time":"2 minutes"},"schema":{"@context":"https:\/\/schema.org","@graph":[{"@type":"WebPage","@id":"https:\/\/www.kassiopeia.fi\/hotel-matts\/hotelli-info\/tekemista-espoossa\/","url":"https:\/\/www.kassiopeia.fi\/hotel-matts\/hotelli-info\/tekemista-espoossa\/","name":"Hotelli-info Tekemist\u00e4 - Hotel Matts","isPartOf":{"@id":"https:\/\/www.kassiopeia.fi\/hotel-matts\/#website"},"primaryImageOfPage":{"@id":"https:\/\/www.kassiopeia.fi\/hotel-matts\/hotelli-info\/tekemista-espoossa\/#primaryimage"},"image":{"@id":"https:\/\/www.kassiopeia.fi\/hotel-matts\/hotelli-info\/tekemista-espoossa\/#primaryimage"},"thumbnailUrl":"https:\/\/www.kassiopeia.fi\/hotel-matts\/wp-content\/uploads\/sites\/2\/2025\/02\/hotel-matts-ulkokuva-espoo.jpg","datePublished":"2024-10-10T06:45:07+00:00","dateModified":"2025-02-17T12:49:32+00:00","breadcrumb":{"@id":"https:\/\/www.kassiopeia.fi\/hotel-matts\/hotelli-info\/tekemista-espoossa\/#breadcrumb"},"inLanguage":"en-US","potentialAction":[{"@type":"ReadAction","target":["https:\/\/www.kassiopeia.fi\/hotel-matts\/hotelli-info\/tekemista-espoossa\/"]}]},{"@type":"ImageObject","inLanguage":"en-US","@id":"https:\/\/www.kassiopeia.fi\/hotel-matts\/hotelli-info\/tekemista-espoossa\/#primaryimage","url":"https:\/\/www.kassiopeia.fi\/hotel-matts\/wp-content\/uploads\/sites\/2\/2025\/02\/hotel-matts-ulkokuva-espoo.jpg","contentUrl":"https:\/\/www.kassiopeia.fi\/hotel-matts\/wp-content\/uploads\/sites\/2\/2025\/02\/hotel-matts-ulkokuva-espoo.jpg","width":2000,"height":1100,"caption":"Hotel Matts ulkokuva, Espoo"},{"@type":"BreadcrumbList","@id":"https:\/\/www.kassiopeia.fi\/hotel-matts\/hotelli-info\/tekemista-espoossa\/#breadcrumb","itemListElement":[{"@type":"ListItem","position":1,"name":"Home","item":"https:\/\/www.kassiopeia.fi\/hotel-matts\/"},{"@type":"ListItem","position":2,"name":"Hotelli-info","item":"https:\/\/www.kassiopeia.fi\/hotel-matts\/hotelli-info\/"},{"@type":"ListItem","position":3,"name":"Hotelli-info Tekemist\u00e4"}]},{"@type":"WebSite","@id":"https:\/\/www.kassiopeia.fi\/hotel-matts\/#website","url":"https:\/\/www.kassiopeia.fi\/hotel-matts\/","name":"Hotel Matts","description":"","potentialAction":[{"@type":"SearchAction","target":{"@type":"EntryPoint","urlTemplate":"https:\/\/www.kassiopeia.fi\/hotel-matts\/?s={search_term_string}"},"query-input":{"@type":"PropertyValueSpecification","valueRequired":true,"valueName":"search_term_string"}}],"inLanguage":"en-US"}]}},"lang":"fi","translations":{"fi":3096},"pll_sync_post":[],"_links":{"self":[{"href":"https:\/\/www.kassiopeia.fi\/hotel-matts\/wp-json\/wp\/v2\/pages\/3096","targetHints":{"allow":["GET"]}}],"collection":[{"href":"https:\/\/www.kassiopeia.fi\/hotel-matts\/wp-json\/wp\/v2\/pages"}],"about":[{"href":"https:\/\/www.kassiopeia.fi\/hotel-matts\/wp-json\/wp\/v2\/types\/page"}],"author":[{"embeddable":true,"href":"https:\/\/www.kassiopeia.fi\/hotel-matts\/wp-json\/wp\/v2\/users\/7"}],"replies":[{"embeddable":true,"href":"https:\/\/www.kassiopeia.fi\/hotel-matts\/wp-json\/wp\/v2\/comments?post=3096"}],"version-history":[{"count":8,"href":"https:\/\/www.kassiopeia.fi\/hotel-matts\/wp-json\/wp\/v2\/pages\/3096\/revisions"}],"predecessor-version":[{"id":5937,"href":"https:\/\/www.kassiopeia.fi\/hotel-matts\/wp-json\/wp\/v2\/pages\/3096\/revisions\/5937"}],"up":[{"embeddable":true,"href":"https:\/\/www.kassiopeia.fi\/hotel-matts\/wp-json\/wp\/v2\/pages\/3002"}],"wp:attachment":[{"href":"https:\/\/www.kassiopeia.fi\/hotel-matts\/wp-json\/wp\/v2\/media?parent=3096"}],"curies":[{"name":"wp","href":"https:\/\/api.w.org\/{rel}","templated":true}]}}