{"id":3086,"date":"2024-10-10T06:33:27","date_gmt":"2024-10-10T06:33:27","guid":{"rendered":"https:\/\/www.kassiopeia.fi\/hotel-matts\/?page_id=3086"},"modified":"2024-12-30T09:24:11","modified_gmt":"2024-12-30T09:24:11","slug":"lantinen-saaristoreitti","status":"publish","type":"page","link":"https:\/\/www.kassiopeia.fi\/hotel-matts\/hotelli-info\/lantinen-saaristoreitti\/","title":{"rendered":"Hotelli-info L\u00e4ntinen saaristoreitti"},"content":{"rendered":"\n<div class=\"wp-block-cover alignfull is-light cover-hero wp-duotone-unset-1\" style=\"margin-top:0px;margin-bottom:0px;padding-top:0px;padding-right:0px;padding-bottom:0px;padding-left:0px;min-height:30vw;aspect-ratio:unset;\"><span aria-hidden=\"true\" class=\"wp-block-cover__background has-black-background-color has-background-dim-0 has-background-dim\"><\/span><img decoding=\"async\" class=\"wp-block-cover__image-background wp-image-14\" alt=\"Hotel Matts Espoon Matinkyl\u00e4ss\u00e4.\" src=\"https:\/\/www.kassiopeia.fi\/hotel-matts\/wp-content\/uploads\/sites\/2\/2024\/08\/hotel-matts_info_hero.jpg\" data-object-fit=\"cover\"\/><div class=\"wp-block-cover__inner-container is-layout-flow wp-container-core-cover-is-layout-6e17fc20 wp-block-cover-is-layout-flow\">\n<h1 class=\"wp-block-heading has-text-align-center\" style=\"font-size:70px\"><\/h1>\n\n\n\n<p><\/p>\n<\/div><\/div>\n\n\n\n<div class=\"wp-block-group alignfull is-layout-constrained wp-container-core-group-is-layout-35abefa8 wp-block-group-is-layout-constrained\" style=\"margin-top:0;margin-bottom:0;padding-top:var(--wp--preset--spacing--40);padding-right:var(--wp--preset--spacing--40);padding-bottom:0;padding-left:var(--wp--preset--spacing--40)\">\n<p class=\"link-blank has-text-color has-link-color has-small-font-size wp-elements-0077412ed3b2bd3fee615c2f8bdd50f2\" style=\"color:#929292\"><a href=\"https:\/\/www.kassiopeia.fi\/hotel-matts\/hotelli-info\/\">Hotelli-info<\/a> \/ L\u00e4ntinen saaristoreitti<\/p>\n<\/div>\n\n\n\n<div class=\"wp-block-group alignfull is-layout-constrained wp-container-core-group-is-layout-23f40cfd wp-block-group-is-layout-constrained\" style=\"padding-top:var(--wp--preset--spacing--30);padding-right:var(--wp--preset--spacing--40);padding-bottom:var(--wp--preset--spacing--30);padding-left:var(--wp--preset--spacing--40)\">\n<div class=\"wp-block-group alignwide is-layout-constrained wp-container-core-group-is-layout-9517baca wp-block-group-is-layout-constrained\">\n<h1 class=\"wp-block-heading has-text-align-center\" style=\"margin-bottom:var(--wp--preset--spacing--60)\">L\u00e4ntinen saaristoreitti<\/h1>\n<\/div>\n<\/div>\n\n\n\n<div class=\"wp-block-group alignfull is-layout-constrained wp-container-core-group-is-layout-0c9c989a wp-block-group-is-layout-constrained\" style=\"margin-top:0;margin-bottom:0;padding-top:var(--wp--preset--spacing--70);padding-right:var(--wp--preset--spacing--40);padding-bottom:var(--wp--preset--spacing--70);padding-left:var(--wp--preset--spacing--40)\">\n<div class=\"wp-block-media-text has-media-on-the-right is-stacked-on-mobile is-image-fill\" style=\"padding-top:0;padding-bottom:0\"><div class=\"wp-block-media-text__content\">\n<div class=\"wp-block-group is-layout-constrained wp-block-group-is-layout-constrained\" style=\"padding-top:var(--wp--preset--spacing--60);padding-bottom:var(--wp--preset--spacing--80)\">\n<h3 class=\"wp-block-heading\">Koe p\u00e4\u00e4kaupunkiseudun saariston hienoin reitti!<\/h3>\n\n\n\n<p>Hotel Mattsin asiakkaana saat etuhinnan FRS Finlandin L\u00e4ntisen Saaristoreitin lipuista.&nbsp;<a href=\"https:\/\/www.frs-finland.fi\/lantinen\/\" target=\"_blank\" rel=\"noreferrer noopener\">Lue reitist\u00e4!<\/a><\/p>\n\n\n\n<p><strong>Liput ostetaan suoraan FRS Finlandin&nbsp;<a href=\"https:\/\/lantinen.frs-finland.fi\/\" target=\"_blank\" rel=\"noreferrer noopener\">verkkokaupasta<\/a>.<\/strong><br>Lippujen hinnat Hotel Mattsin asiakkaille:<br>\u2013 Aikuisten lippu 20 \u20ac (norm. 25 \u20ac)<br>\u2013 Perhelippu 50 \u20ac (norm. 60 \u20ac)<\/p>\n\n\n\n<p>Paikkoja on rajoitetusti, varaathan paikkasi ajoissa.<\/p>\n\n\n\n<p>Reitin p\u00e4iv\u00e4lipulla asiakas voi hy\u00f6dynt\u00e4\u00e4 my\u00f6s Kauppatorilta kulkevia linjoja Suomenlinnaan, Lonnaan ja Vallisaareen. N\u00e4in voi esimerkiksi matkustaa Espoosta Vallisaareen punaista reitti\u00e4 pitkin ja palata vihre\u00e4ll\u00e4 linjalla Kauppatorille saarivierailun j\u00e4lkeen.<\/p>\n<\/div>\n<\/div><figure class=\"wp-block-media-text__media\" style=\"background-image:url(https:\/\/www.kassiopeia.fi\/hotel-matts\/wp-content\/uploads\/sites\/2\/2024\/09\/FRS-Finland_Lantinen-Saaristoreitti1-800x600-1.jpg);background-position:50% 50%\"><img loading=\"lazy\" decoding=\"async\" width=\"800\" height=\"600\" src=\"https:\/\/www.kassiopeia.fi\/hotel-matts\/wp-content\/uploads\/sites\/2\/2024\/09\/FRS-Finland_Lantinen-Saaristoreitti1-800x600-1.jpg\" alt=\"\" class=\"wp-image-1139 size-full\" srcset=\"https:\/\/www.kassiopeia.fi\/hotel-matts\/wp-content\/uploads\/sites\/2\/2024\/09\/FRS-Finland_Lantinen-Saaristoreitti1-800x600-1.jpg 800w, https:\/\/www.kassiopeia.fi\/hotel-matts\/wp-content\/uploads\/sites\/2\/2024\/09\/FRS-Finland_Lantinen-Saaristoreitti1-800x600-1-300x225.jpg 300w, https:\/\/www.kassiopeia.fi\/hotel-matts\/wp-content\/uploads\/sites\/2\/2024\/09\/FRS-Finland_Lantinen-Saaristoreitti1-800x600-1-768x576.jpg 768w\" sizes=\"auto, (max-width: 800px) 100vw, 800px\" \/><\/figure><\/div>\n\n\n\n<div class=\"wp-block-media-text is-stacked-on-mobile is-image-fill\" style=\"padding-top:0;padding-bottom:0\"><figure class=\"wp-block-media-text__media\" style=\"background-image:url(https:\/\/www.kassiopeia.fi\/hotel-matts\/wp-content\/uploads\/sites\/2\/2024\/10\/Outdoor_shore_HotelMatts-1024x768.jpg);background-position:50% 50%\"><img decoding=\"async\" src=\"https:\/\/www.kassiopeia.fi\/hotel-matts\/wp-content\/uploads\/sites\/2\/2024\/10\/Outdoor_shore_HotelMatts-1024x768.jpg\" alt=\"\" class=\"wp-image-2188 size-full\"\/><\/figure><div class=\"wp-block-media-text__content\">\n<div class=\"wp-block-group is-layout-constrained wp-block-group-is-layout-constrained\" style=\"padding-top:var(--wp--preset--spacing--60);padding-bottom:var(--wp--preset--spacing--80)\">\n<h3 class=\"wp-block-heading\">Ohjeet varaamiseen<\/h3>\n\n\n\n<p>Kun olet valinnut&nbsp;<a href=\"https:\/\/lantinen.frs-finland.fi\/\" target=\"_blank\" rel=\"noreferrer noopener\">verkkokaupasta<\/a>&nbsp;haluaman p\u00e4iv\u00e4n ja l\u00e4ht\u00f6ajan, siirry yhteystieto-osioon, jonka alla on kohta \u201dalennuskoodi\u201d, sinne sy\u00f6tet\u00e4\u00e4n koodi&nbsp;<strong>MATTS24<\/strong><\/p>\n\n\n\n<p>FRS Finlandin varausehdot l\u00f6ytyv\u00e4t sivun ihan alalaidasta. Muutokset ja peruutukset t\u00e4ytyy tehd\u00e4 suoraan FRS Finlandille.<\/p>\n\n\n\n<p>Alennus on voimassa seuraavasti:<br>8.6\u201323.6 LA-SU<br>28.6\u201311.8 TI-SU<br>17.8\u20138.9 LA-SU<\/p>\n\n\n\n<p>Paikkoja on rajoitetusti, varaathan paikkasi ajoissa.<\/p>\n<\/div>\n<\/div><\/div>\n<\/div>\n","protected":false},"excerpt":{"rendered":"<p>Hotelli-info \/ L\u00e4ntinen saaristoreitti L\u00e4ntinen saaristoreitti Koe p\u00e4\u00e4kaupunkiseudun saariston hienoin reitti! Hotel Mattsin asiakkaana saat etuhinnan FRS Finlandin L\u00e4ntisen Saaristoreitin lipuista.&nbsp;Lue reitist\u00e4! Liput ostetaan suoraan FRS Finlandin&nbsp;verkkokaupasta.Lippujen hinnat Hotel Mattsin asiakkaille:\u2013 Aikuisten lippu 20 \u20ac (norm. 25 \u20ac)\u2013 Perhelippu 50 \u20ac (norm. 60 \u20ac) Paikkoja on rajoitetusti, varaathan paikkasi ajoissa. Reitin p\u00e4iv\u00e4lipulla asiakas voi hy\u00f6dynt\u00e4\u00e4 [&hellip;]<\/p>\n","protected":false},"author":7,"featured_media":0,"parent":3002,"menu_order":0,"comment_status":"closed","ping_status":"closed","template":"blank","meta":{"_acf_changed":false,"footnotes":""},"class_list":["post-3086","page","type-page","status-publish","hentry"],"acf":[],"yoast_head":"<!-- This site is optimized with the Yoast SEO Premium plugin v27.2 (Yoast SEO v27.2) - https:\/\/yoast.com\/product\/yoast-seo-premium-wordpress\/ -->\n<title>Hotelli-info L\u00e4ntinen saaristoreitti - Hotel Matts<\/title>\n<meta name=\"robots\" content=\"noindex, nofollow\" \/>\n<meta property=\"og:locale\" content=\"en_US\" \/>\n<meta property=\"og:type\" content=\"article\" \/>\n<meta property=\"og:title\" content=\"Hotelli-info L\u00e4ntinen saaristoreitti\" \/>\n<meta property=\"og:description\" content=\"Hotelli-info \/ L\u00e4ntinen saaristoreitti L\u00e4ntinen saaristoreitti Koe p\u00e4\u00e4kaupunkiseudun saariston hienoin reitti! Hotel Mattsin asiakkaana saat etuhinnan FRS Finlandin L\u00e4ntisen Saaristoreitin lipuista.&nbsp;Lue reitist\u00e4! Liput ostetaan suoraan FRS Finlandin&nbsp;verkkokaupasta.Lippujen hinnat Hotel Mattsin asiakkaille:\u2013 Aikuisten lippu 20 \u20ac (norm. 25 \u20ac)\u2013 Perhelippu 50 \u20ac (norm. 60 \u20ac) Paikkoja on rajoitetusti, varaathan paikkasi ajoissa. Reitin p\u00e4iv\u00e4lipulla asiakas voi hy\u00f6dynt\u00e4\u00e4 [&hellip;]\" \/>\n<meta property=\"og:url\" content=\"https:\/\/www.kassiopeia.fi\/hotel-matts\/hotelli-info\/lantinen-saaristoreitti\/\" \/>\n<meta property=\"og:site_name\" content=\"Hotel Matts\" \/>\n<meta property=\"article:modified_time\" content=\"2024-12-30T09:24:11+00:00\" \/>\n<meta name=\"twitter:card\" content=\"summary_large_image\" \/>\n<meta name=\"twitter:label1\" content=\"Est. reading time\" \/>\n\t<meta name=\"twitter:data1\" content=\"2 minutes\" \/>\n<script type=\"application\/ld+json\" class=\"yoast-schema-graph\">{\"@context\":\"https:\/\/schema.org\",\"@graph\":[{\"@type\":\"WebPage\",\"@id\":\"https:\/\/www.kassiopeia.fi\/hotel-matts\/hotelli-info\/lantinen-saaristoreitti\/\",\"url\":\"https:\/\/www.kassiopeia.fi\/hotel-matts\/hotelli-info\/lantinen-saaristoreitti\/\",\"name\":\"Hotelli-info L\u00e4ntinen saaristoreitti - Hotel Matts\",\"isPartOf\":{\"@id\":\"https:\/\/www.kassiopeia.fi\/hotel-matts\/#website\"},\"primaryImageOfPage\":{\"@id\":\"https:\/\/www.kassiopeia.fi\/hotel-matts\/hotelli-info\/lantinen-saaristoreitti\/#primaryimage\"},\"image\":{\"@id\":\"https:\/\/www.kassiopeia.fi\/hotel-matts\/hotelli-info\/lantinen-saaristoreitti\/#primaryimage\"},\"thumbnailUrl\":\"https:\/\/www.kassiopeia.fi\/hotel-matts\/wp-content\/uploads\/sites\/2\/2024\/08\/hotel-matts_info_hero.jpg\",\"datePublished\":\"2024-10-10T06:33:27+00:00\",\"dateModified\":\"2024-12-30T09:24:11+00:00\",\"breadcrumb\":{\"@id\":\"https:\/\/www.kassiopeia.fi\/hotel-matts\/hotelli-info\/lantinen-saaristoreitti\/#breadcrumb\"},\"inLanguage\":\"en-US\",\"potentialAction\":[{\"@type\":\"ReadAction\",\"target\":[\"https:\/\/www.kassiopeia.fi\/hotel-matts\/hotelli-info\/lantinen-saaristoreitti\/\"]}]},{\"@type\":\"ImageObject\",\"inLanguage\":\"en-US\",\"@id\":\"https:\/\/www.kassiopeia.fi\/hotel-matts\/hotelli-info\/lantinen-saaristoreitti\/#primaryimage\",\"url\":\"\",\"contentUrl\":\"\"},{\"@type\":\"BreadcrumbList\",\"@id\":\"https:\/\/www.kassiopeia.fi\/hotel-matts\/hotelli-info\/lantinen-saaristoreitti\/#breadcrumb\",\"itemListElement\":[{\"@type\":\"ListItem\",\"position\":1,\"name\":\"Home\",\"item\":\"https:\/\/www.kassiopeia.fi\/hotel-matts\/\"},{\"@type\":\"ListItem\",\"position\":2,\"name\":\"Hotelli-info\",\"item\":\"https:\/\/www.kassiopeia.fi\/hotel-matts\/hotelli-info\/\"},{\"@type\":\"ListItem\",\"position\":3,\"name\":\"Hotelli-info L\u00e4ntinen saaristoreitti\"}]},{\"@type\":\"WebSite\",\"@id\":\"https:\/\/www.kassiopeia.fi\/hotel-matts\/#website\",\"url\":\"https:\/\/www.kassiopeia.fi\/hotel-matts\/\",\"name\":\"Hotel Matts\",\"description\":\"\",\"potentialAction\":[{\"@type\":\"SearchAction\",\"target\":{\"@type\":\"EntryPoint\",\"urlTemplate\":\"https:\/\/www.kassiopeia.fi\/hotel-matts\/?s={search_term_string}\"},\"query-input\":{\"@type\":\"PropertyValueSpecification\",\"valueRequired\":true,\"valueName\":\"search_term_string\"}}],\"inLanguage\":\"en-US\"}]}<\/script>\n<!-- \/ Yoast SEO Premium plugin. -->","yoast_head_json":{"title":"Hotelli-info L\u00e4ntinen saaristoreitti - Hotel Matts","robots":{"index":"noindex","follow":"nofollow"},"og_locale":"en_US","og_type":"article","og_title":"Hotelli-info L\u00e4ntinen saaristoreitti","og_description":"Hotelli-info \/ L\u00e4ntinen saaristoreitti L\u00e4ntinen saaristoreitti Koe p\u00e4\u00e4kaupunkiseudun saariston hienoin reitti! Hotel Mattsin asiakkaana saat etuhinnan FRS Finlandin L\u00e4ntisen Saaristoreitin lipuista.&nbsp;Lue reitist\u00e4! Liput ostetaan suoraan FRS Finlandin&nbsp;verkkokaupasta.Lippujen hinnat Hotel Mattsin asiakkaille:\u2013 Aikuisten lippu 20 \u20ac (norm. 25 \u20ac)\u2013 Perhelippu 50 \u20ac (norm. 60 \u20ac) Paikkoja on rajoitetusti, varaathan paikkasi ajoissa. Reitin p\u00e4iv\u00e4lipulla asiakas voi hy\u00f6dynt\u00e4\u00e4 [&hellip;]","og_url":"https:\/\/www.kassiopeia.fi\/hotel-matts\/hotelli-info\/lantinen-saaristoreitti\/","og_site_name":"Hotel Matts","article_modified_time":"2024-12-30T09:24:11+00:00","twitter_card":"summary_large_image","twitter_misc":{"Est. reading time":"2 minutes"},"schema":{"@context":"https:\/\/schema.org","@graph":[{"@type":"WebPage","@id":"https:\/\/www.kassiopeia.fi\/hotel-matts\/hotelli-info\/lantinen-saaristoreitti\/","url":"https:\/\/www.kassiopeia.fi\/hotel-matts\/hotelli-info\/lantinen-saaristoreitti\/","name":"Hotelli-info L\u00e4ntinen saaristoreitti - Hotel Matts","isPartOf":{"@id":"https:\/\/www.kassiopeia.fi\/hotel-matts\/#website"},"primaryImageOfPage":{"@id":"https:\/\/www.kassiopeia.fi\/hotel-matts\/hotelli-info\/lantinen-saaristoreitti\/#primaryimage"},"image":{"@id":"https:\/\/www.kassiopeia.fi\/hotel-matts\/hotelli-info\/lantinen-saaristoreitti\/#primaryimage"},"thumbnailUrl":"https:\/\/www.kassiopeia.fi\/hotel-matts\/wp-content\/uploads\/sites\/2\/2024\/08\/hotel-matts_info_hero.jpg","datePublished":"2024-10-10T06:33:27+00:00","dateModified":"2024-12-30T09:24:11+00:00","breadcrumb":{"@id":"https:\/\/www.kassiopeia.fi\/hotel-matts\/hotelli-info\/lantinen-saaristoreitti\/#breadcrumb"},"inLanguage":"en-US","potentialAction":[{"@type":"ReadAction","target":["https:\/\/www.kassiopeia.fi\/hotel-matts\/hotelli-info\/lantinen-saaristoreitti\/"]}]},{"@type":"ImageObject","inLanguage":"en-US","@id":"https:\/\/www.kassiopeia.fi\/hotel-matts\/hotelli-info\/lantinen-saaristoreitti\/#primaryimage","url":"","contentUrl":""},{"@type":"BreadcrumbList","@id":"https:\/\/www.kassiopeia.fi\/hotel-matts\/hotelli-info\/lantinen-saaristoreitti\/#breadcrumb","itemListElement":[{"@type":"ListItem","position":1,"name":"Home","item":"https:\/\/www.kassiopeia.fi\/hotel-matts\/"},{"@type":"ListItem","position":2,"name":"Hotelli-info","item":"https:\/\/www.kassiopeia.fi\/hotel-matts\/hotelli-info\/"},{"@type":"ListItem","position":3,"name":"Hotelli-info L\u00e4ntinen saaristoreitti"}]},{"@type":"WebSite","@id":"https:\/\/www.kassiopeia.fi\/hotel-matts\/#website","url":"https:\/\/www.kassiopeia.fi\/hotel-matts\/","name":"Hotel Matts","description":"","potentialAction":[{"@type":"SearchAction","target":{"@type":"EntryPoint","urlTemplate":"https:\/\/www.kassiopeia.fi\/hotel-matts\/?s={search_term_string}"},"query-input":{"@type":"PropertyValueSpecification","valueRequired":true,"valueName":"search_term_string"}}],"inLanguage":"en-US"}]}},"lang":"fi","translations":{"fi":3086,"en":3295},"pll_sync_post":[],"_links":{"self":[{"href":"https:\/\/www.kassiopeia.fi\/hotel-matts\/wp-json\/wp\/v2\/pages\/3086","targetHints":{"allow":["GET"]}}],"collection":[{"href":"https:\/\/www.kassiopeia.fi\/hotel-matts\/wp-json\/wp\/v2\/pages"}],"about":[{"href":"https:\/\/www.kassiopeia.fi\/hotel-matts\/wp-json\/wp\/v2\/types\/page"}],"author":[{"embeddable":true,"href":"https:\/\/www.kassiopeia.fi\/hotel-matts\/wp-json\/wp\/v2\/users\/7"}],"replies":[{"embeddable":true,"href":"https:\/\/www.kassiopeia.fi\/hotel-matts\/wp-json\/wp\/v2\/comments?post=3086"}],"version-history":[{"count":4,"href":"https:\/\/www.kassiopeia.fi\/hotel-matts\/wp-json\/wp\/v2\/pages\/3086\/revisions"}],"predecessor-version":[{"id":4342,"href":"https:\/\/www.kassiopeia.fi\/hotel-matts\/wp-json\/wp\/v2\/pages\/3086\/revisions\/4342"}],"up":[{"embeddable":true,"href":"https:\/\/www.kassiopeia.fi\/hotel-matts\/wp-json\/wp\/v2\/pages\/3002"}],"wp:attachment":[{"href":"https:\/\/www.kassiopeia.fi\/hotel-matts\/wp-json\/wp\/v2\/media?parent=3086"}],"curies":[{"name":"wp","href":"https:\/\/api.w.org\/{rel}","templated":true}]}}