{"id":3057,"date":"2024-10-10T05:39:44","date_gmt":"2024-10-10T05:39:44","guid":{"rendered":"https:\/\/www.kassiopeia.fi\/hotel-matts\/?page_id=3057"},"modified":"2025-02-17T12:48:31","modified_gmt":"2025-02-17T12:48:31","slug":"ravintolat","status":"publish","type":"page","link":"https:\/\/www.kassiopeia.fi\/hotel-matts\/hotelli-info\/ravintolat\/","title":{"rendered":"Hotelli-info Ravintolat"},"content":{"rendered":"\n<div class=\"wp-block-cover alignfull is-light cover-hero wp-duotone-unset-1\" style=\"margin-top:0px;margin-bottom:0px;padding-top:0px;padding-right:0px;padding-bottom:0px;padding-left:0px;min-height:30vw;aspect-ratio:unset;\"><span aria-hidden=\"true\" class=\"wp-block-cover__background has-black-background-color has-background-dim-0 has-background-dim\"><\/span><img loading=\"lazy\" decoding=\"async\" width=\"2000\" height=\"1100\" class=\"wp-block-cover__image-background wp-image-5927\" alt=\"Hotel Matts ulkokuva, Espoo\" src=\"https:\/\/www.kassiopeia.fi\/hotel-matts\/wp-content\/uploads\/sites\/2\/2025\/02\/hotel-matts-ulkokuva-espoo.jpg\" data-object-fit=\"cover\" srcset=\"https:\/\/www.kassiopeia.fi\/hotel-matts\/wp-content\/uploads\/sites\/2\/2025\/02\/hotel-matts-ulkokuva-espoo.jpg 2000w, https:\/\/www.kassiopeia.fi\/hotel-matts\/wp-content\/uploads\/sites\/2\/2025\/02\/hotel-matts-ulkokuva-espoo-300x165.jpg 300w, https:\/\/www.kassiopeia.fi\/hotel-matts\/wp-content\/uploads\/sites\/2\/2025\/02\/hotel-matts-ulkokuva-espoo-1024x563.jpg 1024w, https:\/\/www.kassiopeia.fi\/hotel-matts\/wp-content\/uploads\/sites\/2\/2025\/02\/hotel-matts-ulkokuva-espoo-768x422.jpg 768w, https:\/\/www.kassiopeia.fi\/hotel-matts\/wp-content\/uploads\/sites\/2\/2025\/02\/hotel-matts-ulkokuva-espoo-1536x845.jpg 1536w\" sizes=\"auto, (max-width: 2000px) 100vw, 2000px\" \/><div class=\"wp-block-cover__inner-container is-layout-flow wp-container-core-cover-is-layout-6e17fc20 wp-block-cover-is-layout-flow\">\n<h1 class=\"wp-block-heading has-text-align-center\" id=\"h-\" style=\"font-size:70px\"><\/h1>\n\n\n\n<p><\/p>\n<\/div><\/div>\n\n\n\n<div class=\"wp-block-group alignfull is-layout-constrained wp-container-core-group-is-layout-35abefa8 wp-block-group-is-layout-constrained\" style=\"margin-top:0;margin-bottom:0;padding-top:var(--wp--preset--spacing--40);padding-right:var(--wp--preset--spacing--40);padding-bottom:0;padding-left:var(--wp--preset--spacing--40)\">\n<p class=\"link-blank has-text-color has-link-color has-small-font-size wp-elements-c8b5a6705b363707a7522363a0e29aca\" style=\"color:#929292\"><a href=\"https:\/\/www.kassiopeia.fi\/hotel-matts\/hotelli-info\/\">Hotelli-info<\/a> \/ Ravintolat<\/p>\n<\/div>\n\n\n\n<div class=\"wp-block-group alignfull is-layout-constrained wp-container-core-group-is-layout-23f40cfd wp-block-group-is-layout-constrained\" style=\"padding-top:var(--wp--preset--spacing--30);padding-right:var(--wp--preset--spacing--40);padding-bottom:var(--wp--preset--spacing--30);padding-left:var(--wp--preset--spacing--40)\">\n<div class=\"wp-block-group alignwide is-layout-constrained wp-container-core-group-is-layout-9517baca wp-block-group-is-layout-constrained\">\n<h1 class=\"wp-block-heading has-text-align-center\" id=\"h-ravintolat\" style=\"margin-bottom:var(--wp--preset--spacing--60)\">Ravintolat<\/h1>\n<\/div>\n<\/div>\n\n\n\n<div class=\"wp-block-group alignfull is-layout-constrained wp-container-core-group-is-layout-e89cf2bc wp-block-group-is-layout-constrained\" style=\"margin-top:0;margin-bottom:0;padding-top:var(--wp--preset--spacing--50);padding-right:var(--wp--preset--spacing--40);padding-bottom:var(--wp--preset--spacing--70);padding-left:var(--wp--preset--spacing--40)\">\n<div class=\"wp-block-media-text has-media-on-the-right is-stacked-on-mobile is-image-fill\" style=\"padding-top:0;padding-bottom:0\"><div class=\"wp-block-media-text__content\">\n<h3 class=\"wp-block-heading\" id=\"h-ravintola-freja\">Ravintola Freja<\/h3>\n\n\n\n<p>Ravintola Freja sijaitsee Hotel Mattsin ensimm\u00e4isess\u00e4 kerroksessa.<\/p>\n\n\n\n\n<style>\n    #wp-block-acf-tietokentat-1545296444 p {\n        margin: 0px;\n        margin-bottom: 9px;\n        <br \/>\n<b>Warning<\/b>:  Undefined variable $textAlign in <b>\/var\/www\/kassiopeia.fi\/git-repo\/kassiopeia\/kassiopeia-custom-blocks\/blocks\/tietokentat\/block.php<\/b> on line <b>74<\/b><br \/>\n    }\n<\/style>\n\n<div class=\"align wp-block-acf-tietokentat has-text-color has-black-color\" id=\"wp-block-acf-tietokentat-1545296444\"><p style=\"text-align: center;\"><strong>Breakfast<\/strong><br \/>\nMon-Fri 6.30 am\u201310 am<br \/>\nSat-Sun 7.30 am\u201311 am<br \/>\nOn holidays 7.30 am\u201311 am<\/p>\n<p style=\"text-align: center;\"><strong>Brunch<\/strong><br \/>\nSat 12 noon\u20133 pm<\/p>\n<p style=\"text-align: center;\"><strong>Lunch buffet<\/strong><br \/>\nMon-Fri 11 am\u20132 pm<\/p>\n<p style=\"text-align: center;\"><strong>\u00c0 la carte &amp; bar<\/strong><br \/>\nMon-Thur 4 pm\u201310 pm (kitchen 9 pm)<br \/>\nFri-Sat 4 pm\u201311 pm (kitchen 10 pm)<\/p>\n<p style=\"text-align: center;\"><strong>Freja Rooftop<\/strong><br \/>\n<a href=\"https:\/\/ravintolafreja.fi\/en\/rooftop\/\" target=\"_blank\" rel=\"noopener\">See the opening hours<\/a><\/p>\n<\/div>\n\n\n\n<div class=\"wp-block-buttons is-content-justification-center is-layout-flex wp-container-core-buttons-is-layout-a89b3969 wp-block-buttons-is-layout-flex\">\n<div class=\"wp-block-button\"><a class=\"wp-block-button__link wp-element-button\" href=\"https:\/\/ravintolafreja.fi\/\" target=\"_blank\" rel=\"noreferrer noopener\">Ravintola Frejan nettisivut<\/a><\/div>\n<\/div>\n<\/div><figure class=\"wp-block-media-text__media\" style=\"background-image:url(https:\/\/www.kassiopeia.fi\/hotel-matts\/wp-content\/uploads\/sites\/2\/2024\/09\/aamiainen-freja-1-1024x683.jpg);background-position:50% 50%\"><img loading=\"lazy\" decoding=\"async\" width=\"1024\" height=\"683\" src=\"https:\/\/www.kassiopeia.fi\/hotel-matts\/wp-content\/uploads\/sites\/2\/2024\/09\/aamiainen-freja-1-1024x683.jpg\" alt=\"Frejan buffetaamiainen\" class=\"wp-image-2017 size-full\" srcset=\"https:\/\/www.kassiopeia.fi\/hotel-matts\/wp-content\/uploads\/sites\/2\/2024\/09\/aamiainen-freja-1-1024x683.jpg 1024w, https:\/\/www.kassiopeia.fi\/hotel-matts\/wp-content\/uploads\/sites\/2\/2024\/09\/aamiainen-freja-1-300x200.jpg 300w, https:\/\/www.kassiopeia.fi\/hotel-matts\/wp-content\/uploads\/sites\/2\/2024\/09\/aamiainen-freja-1-768x512.jpg 768w, https:\/\/www.kassiopeia.fi\/hotel-matts\/wp-content\/uploads\/sites\/2\/2024\/09\/aamiainen-freja-1.jpg 1200w\" sizes=\"auto, (max-width: 1024px) 100vw, 1024px\" \/><\/figure><\/div>\n\n\n\n<div class=\"wp-block-media-text is-stacked-on-mobile is-image-fill\" style=\"padding-top:0;padding-bottom:0\"><figure class=\"wp-block-media-text__media\" style=\"background-image:url(https:\/\/www.kassiopeia.fi\/hotel-matts\/wp-content\/uploads\/sites\/2\/2024\/08\/Nokkalan-Majakka-ulkokuva.jpg);background-position:50% 50%\"><img loading=\"lazy\" decoding=\"async\" width=\"800\" height=\"450\" src=\"https:\/\/www.kassiopeia.fi\/hotel-matts\/wp-content\/uploads\/sites\/2\/2024\/08\/Nokkalan-Majakka-ulkokuva.jpg\" alt=\"\" class=\"wp-image-580 size-full\" srcset=\"https:\/\/www.kassiopeia.fi\/hotel-matts\/wp-content\/uploads\/sites\/2\/2024\/08\/Nokkalan-Majakka-ulkokuva.jpg 800w, https:\/\/www.kassiopeia.fi\/hotel-matts\/wp-content\/uploads\/sites\/2\/2024\/08\/Nokkalan-Majakka-ulkokuva-300x169.jpg 300w, https:\/\/www.kassiopeia.fi\/hotel-matts\/wp-content\/uploads\/sites\/2\/2024\/08\/Nokkalan-Majakka-ulkokuva-768x432.jpg 768w\" sizes=\"auto, (max-width: 800px) 100vw, 800px\" \/><\/figure><div class=\"wp-block-media-text__content\">\n<h3 class=\"wp-block-heading\" id=\"h-nokkalan-majakka\">Nokkalan Majakka<\/h3>\n\n\n\n<p>Sisarravintolamme Nokkalan Majakka sijaitsee noin 2 km p\u00e4\u00e4ss\u00e4 Hotel Mattsista. Nokkalan Majakassa p\u00e4\u00e4set nauttimaan upeasta merimaisemasta ymp\u00e4ri vuoden. Tarjolla on kahvilatuotteita, lounasta ja Nokkalan menua. Erikoiskahvit, laadukkaat viinit ja muut juomat takaavat rentouttavan hetken meren \u00e4\u00e4rell\u00e4!<\/p>\n\n\n\n<div class=\"wp-block-buttons is-content-justification-center is-layout-flex wp-container-core-buttons-is-layout-a89b3969 wp-block-buttons-is-layout-flex\">\n<div class=\"wp-block-button\"><a class=\"wp-block-button__link wp-element-button\" href=\"https:\/\/nokkalanmajakka.fi\/\" target=\"_blank\" rel=\"noreferrer noopener\">Nokkalan Majakan nettisivut<\/a><\/div>\n<\/div>\n<\/div><\/div>\n<\/div>\n","protected":false},"excerpt":{"rendered":"<p>Hotelli-info \/ Ravintolat Ravintolat Ravintola Freja Ravintola Freja sijaitsee Hotel Mattsin ensimm\u00e4isess\u00e4 kerroksessa. Nokkalan Majakka Sisarravintolamme Nokkalan Majakka sijaitsee noin 2 km p\u00e4\u00e4ss\u00e4 Hotel Mattsista. Nokkalan Majakassa p\u00e4\u00e4set nauttimaan upeasta merimaisemasta ymp\u00e4ri vuoden. Tarjolla on kahvilatuotteita, lounasta ja Nokkalan menua. Erikoiskahvit, laadukkaat viinit ja muut juomat takaavat rentouttavan hetken meren \u00e4\u00e4rell\u00e4!<\/p>\n","protected":false},"author":7,"featured_media":0,"parent":3002,"menu_order":0,"comment_status":"closed","ping_status":"closed","template":"blank","meta":{"_acf_changed":false,"footnotes":""},"class_list":["post-3057","page","type-page","status-publish","hentry"],"acf":[],"yoast_head":"<!-- This site is optimized with the Yoast SEO Premium plugin v27.2 (Yoast SEO v27.2) - https:\/\/yoast.com\/product\/yoast-seo-premium-wordpress\/ -->\n<title>Hotelli-info Ravintolat - Hotel Matts<\/title>\n<meta name=\"robots\" content=\"noindex, nofollow\" \/>\n<meta property=\"og:locale\" content=\"en_US\" \/>\n<meta property=\"og:type\" content=\"article\" \/>\n<meta property=\"og:title\" content=\"Hotelli-info Ravintolat\" \/>\n<meta property=\"og:description\" content=\"Hotelli-info \/ Ravintolat Ravintolat Ravintola Freja Ravintola Freja sijaitsee Hotel Mattsin ensimm\u00e4isess\u00e4 kerroksessa. Nokkalan Majakka Sisarravintolamme Nokkalan Majakka sijaitsee noin 2 km p\u00e4\u00e4ss\u00e4 Hotel Mattsista. Nokkalan Majakassa p\u00e4\u00e4set nauttimaan upeasta merimaisemasta ymp\u00e4ri vuoden. Tarjolla on kahvilatuotteita, lounasta ja Nokkalan menua. Erikoiskahvit, laadukkaat viinit ja muut juomat takaavat rentouttavan hetken meren \u00e4\u00e4rell\u00e4!\" \/>\n<meta property=\"og:url\" content=\"https:\/\/www.kassiopeia.fi\/hotel-matts\/hotelli-info\/ravintolat\/\" \/>\n<meta property=\"og:site_name\" content=\"Hotel Matts\" \/>\n<meta property=\"article:modified_time\" content=\"2025-02-17T12:48:31+00:00\" \/>\n<meta property=\"og:image\" content=\"https:\/\/www.kassiopeia.fi\/hotel-matts\/wp-content\/uploads\/sites\/2\/2025\/02\/hotel-matts-ulkokuva-espoo.jpg\" \/>\n\t<meta property=\"og:image:width\" content=\"2000\" \/>\n\t<meta property=\"og:image:height\" content=\"1100\" \/>\n\t<meta property=\"og:image:type\" content=\"image\/jpeg\" \/>\n<meta name=\"twitter:card\" content=\"summary_large_image\" \/>\n<meta name=\"twitter:label1\" content=\"Est. reading time\" \/>\n\t<meta name=\"twitter:data1\" content=\"1 minute\" \/>\n<script type=\"application\/ld+json\" class=\"yoast-schema-graph\">{\"@context\":\"https:\/\/schema.org\",\"@graph\":[{\"@type\":\"WebPage\",\"@id\":\"https:\/\/www.kassiopeia.fi\/hotel-matts\/hotelli-info\/ravintolat\/\",\"url\":\"https:\/\/www.kassiopeia.fi\/hotel-matts\/hotelli-info\/ravintolat\/\",\"name\":\"Hotelli-info Ravintolat - Hotel Matts\",\"isPartOf\":{\"@id\":\"https:\/\/www.kassiopeia.fi\/hotel-matts\/#website\"},\"primaryImageOfPage\":{\"@id\":\"https:\/\/www.kassiopeia.fi\/hotel-matts\/hotelli-info\/ravintolat\/#primaryimage\"},\"image\":{\"@id\":\"https:\/\/www.kassiopeia.fi\/hotel-matts\/hotelli-info\/ravintolat\/#primaryimage\"},\"thumbnailUrl\":\"https:\/\/www.kassiopeia.fi\/hotel-matts\/wp-content\/uploads\/sites\/2\/2025\/02\/hotel-matts-ulkokuva-espoo.jpg\",\"datePublished\":\"2024-10-10T05:39:44+00:00\",\"dateModified\":\"2025-02-17T12:48:31+00:00\",\"breadcrumb\":{\"@id\":\"https:\/\/www.kassiopeia.fi\/hotel-matts\/hotelli-info\/ravintolat\/#breadcrumb\"},\"inLanguage\":\"en-US\",\"potentialAction\":[{\"@type\":\"ReadAction\",\"target\":[\"https:\/\/www.kassiopeia.fi\/hotel-matts\/hotelli-info\/ravintolat\/\"]}]},{\"@type\":\"ImageObject\",\"inLanguage\":\"en-US\",\"@id\":\"https:\/\/www.kassiopeia.fi\/hotel-matts\/hotelli-info\/ravintolat\/#primaryimage\",\"url\":\"https:\/\/www.kassiopeia.fi\/hotel-matts\/wp-content\/uploads\/sites\/2\/2025\/02\/hotel-matts-ulkokuva-espoo.jpg\",\"contentUrl\":\"https:\/\/www.kassiopeia.fi\/hotel-matts\/wp-content\/uploads\/sites\/2\/2025\/02\/hotel-matts-ulkokuva-espoo.jpg\",\"width\":2000,\"height\":1100,\"caption\":\"Hotel Matts ulkokuva, Espoo\"},{\"@type\":\"BreadcrumbList\",\"@id\":\"https:\/\/www.kassiopeia.fi\/hotel-matts\/hotelli-info\/ravintolat\/#breadcrumb\",\"itemListElement\":[{\"@type\":\"ListItem\",\"position\":1,\"name\":\"Home\",\"item\":\"https:\/\/www.kassiopeia.fi\/hotel-matts\/\"},{\"@type\":\"ListItem\",\"position\":2,\"name\":\"Hotelli-info\",\"item\":\"https:\/\/www.kassiopeia.fi\/hotel-matts\/hotelli-info\/\"},{\"@type\":\"ListItem\",\"position\":3,\"name\":\"Hotelli-info Ravintolat\"}]},{\"@type\":\"WebSite\",\"@id\":\"https:\/\/www.kassiopeia.fi\/hotel-matts\/#website\",\"url\":\"https:\/\/www.kassiopeia.fi\/hotel-matts\/\",\"name\":\"Hotel Matts\",\"description\":\"\",\"potentialAction\":[{\"@type\":\"SearchAction\",\"target\":{\"@type\":\"EntryPoint\",\"urlTemplate\":\"https:\/\/www.kassiopeia.fi\/hotel-matts\/?s={search_term_string}\"},\"query-input\":{\"@type\":\"PropertyValueSpecification\",\"valueRequired\":true,\"valueName\":\"search_term_string\"}}],\"inLanguage\":\"en-US\"}]}<\/script>\n<!-- \/ Yoast SEO Premium plugin. -->","yoast_head_json":{"title":"Hotelli-info Ravintolat - Hotel Matts","robots":{"index":"noindex","follow":"nofollow"},"og_locale":"en_US","og_type":"article","og_title":"Hotelli-info Ravintolat","og_description":"Hotelli-info \/ Ravintolat Ravintolat Ravintola Freja Ravintola Freja sijaitsee Hotel Mattsin ensimm\u00e4isess\u00e4 kerroksessa. Nokkalan Majakka Sisarravintolamme Nokkalan Majakka sijaitsee noin 2 km p\u00e4\u00e4ss\u00e4 Hotel Mattsista. Nokkalan Majakassa p\u00e4\u00e4set nauttimaan upeasta merimaisemasta ymp\u00e4ri vuoden. Tarjolla on kahvilatuotteita, lounasta ja Nokkalan menua. Erikoiskahvit, laadukkaat viinit ja muut juomat takaavat rentouttavan hetken meren \u00e4\u00e4rell\u00e4!","og_url":"https:\/\/www.kassiopeia.fi\/hotel-matts\/hotelli-info\/ravintolat\/","og_site_name":"Hotel Matts","article_modified_time":"2025-02-17T12:48:31+00:00","og_image":[{"width":2000,"height":1100,"url":"https:\/\/www.kassiopeia.fi\/hotel-matts\/wp-content\/uploads\/sites\/2\/2025\/02\/hotel-matts-ulkokuva-espoo.jpg","type":"image\/jpeg"}],"twitter_card":"summary_large_image","twitter_misc":{"Est. reading time":"1 minute"},"schema":{"@context":"https:\/\/schema.org","@graph":[{"@type":"WebPage","@id":"https:\/\/www.kassiopeia.fi\/hotel-matts\/hotelli-info\/ravintolat\/","url":"https:\/\/www.kassiopeia.fi\/hotel-matts\/hotelli-info\/ravintolat\/","name":"Hotelli-info Ravintolat - Hotel Matts","isPartOf":{"@id":"https:\/\/www.kassiopeia.fi\/hotel-matts\/#website"},"primaryImageOfPage":{"@id":"https:\/\/www.kassiopeia.fi\/hotel-matts\/hotelli-info\/ravintolat\/#primaryimage"},"image":{"@id":"https:\/\/www.kassiopeia.fi\/hotel-matts\/hotelli-info\/ravintolat\/#primaryimage"},"thumbnailUrl":"https:\/\/www.kassiopeia.fi\/hotel-matts\/wp-content\/uploads\/sites\/2\/2025\/02\/hotel-matts-ulkokuva-espoo.jpg","datePublished":"2024-10-10T05:39:44+00:00","dateModified":"2025-02-17T12:48:31+00:00","breadcrumb":{"@id":"https:\/\/www.kassiopeia.fi\/hotel-matts\/hotelli-info\/ravintolat\/#breadcrumb"},"inLanguage":"en-US","potentialAction":[{"@type":"ReadAction","target":["https:\/\/www.kassiopeia.fi\/hotel-matts\/hotelli-info\/ravintolat\/"]}]},{"@type":"ImageObject","inLanguage":"en-US","@id":"https:\/\/www.kassiopeia.fi\/hotel-matts\/hotelli-info\/ravintolat\/#primaryimage","url":"https:\/\/www.kassiopeia.fi\/hotel-matts\/wp-content\/uploads\/sites\/2\/2025\/02\/hotel-matts-ulkokuva-espoo.jpg","contentUrl":"https:\/\/www.kassiopeia.fi\/hotel-matts\/wp-content\/uploads\/sites\/2\/2025\/02\/hotel-matts-ulkokuva-espoo.jpg","width":2000,"height":1100,"caption":"Hotel Matts ulkokuva, Espoo"},{"@type":"BreadcrumbList","@id":"https:\/\/www.kassiopeia.fi\/hotel-matts\/hotelli-info\/ravintolat\/#breadcrumb","itemListElement":[{"@type":"ListItem","position":1,"name":"Home","item":"https:\/\/www.kassiopeia.fi\/hotel-matts\/"},{"@type":"ListItem","position":2,"name":"Hotelli-info","item":"https:\/\/www.kassiopeia.fi\/hotel-matts\/hotelli-info\/"},{"@type":"ListItem","position":3,"name":"Hotelli-info Ravintolat"}]},{"@type":"WebSite","@id":"https:\/\/www.kassiopeia.fi\/hotel-matts\/#website","url":"https:\/\/www.kassiopeia.fi\/hotel-matts\/","name":"Hotel Matts","description":"","potentialAction":[{"@type":"SearchAction","target":{"@type":"EntryPoint","urlTemplate":"https:\/\/www.kassiopeia.fi\/hotel-matts\/?s={search_term_string}"},"query-input":{"@type":"PropertyValueSpecification","valueRequired":true,"valueName":"search_term_string"}}],"inLanguage":"en-US"}]}},"lang":"fi","translations":{"fi":3057,"en":3304},"pll_sync_post":[],"_links":{"self":[{"href":"https:\/\/www.kassiopeia.fi\/hotel-matts\/wp-json\/wp\/v2\/pages\/3057","targetHints":{"allow":["GET"]}}],"collection":[{"href":"https:\/\/www.kassiopeia.fi\/hotel-matts\/wp-json\/wp\/v2\/pages"}],"about":[{"href":"https:\/\/www.kassiopeia.fi\/hotel-matts\/wp-json\/wp\/v2\/types\/page"}],"author":[{"embeddable":true,"href":"https:\/\/www.kassiopeia.fi\/hotel-matts\/wp-json\/wp\/v2\/users\/7"}],"replies":[{"embeddable":true,"href":"https:\/\/www.kassiopeia.fi\/hotel-matts\/wp-json\/wp\/v2\/comments?post=3057"}],"version-history":[{"count":26,"href":"https:\/\/www.kassiopeia.fi\/hotel-matts\/wp-json\/wp\/v2\/pages\/3057\/revisions"}],"predecessor-version":[{"id":5935,"href":"https:\/\/www.kassiopeia.fi\/hotel-matts\/wp-json\/wp\/v2\/pages\/3057\/revisions\/5935"}],"up":[{"embeddable":true,"href":"https:\/\/www.kassiopeia.fi\/hotel-matts\/wp-json\/wp\/v2\/pages\/3002"}],"wp:attachment":[{"href":"https:\/\/www.kassiopeia.fi\/hotel-matts\/wp-json\/wp\/v2\/media?parent=3057"}],"curies":[{"name":"wp","href":"https:\/\/api.w.org\/{rel}","templated":true}]}}