{"id":1008,"date":"2024-09-03T14:01:36","date_gmt":"2024-09-03T14:01:36","guid":{"rendered":"https:\/\/www.kassiopeia.fi\/hotel-matts\/?page_id=1008"},"modified":"2026-01-12T11:18:54","modified_gmt":"2026-01-12T11:18:54","slug":"lainaa-pyora","status":"publish","type":"page","link":"https:\/\/www.kassiopeia.fi\/hotel-matts\/etuja-asiakkaille\/lainaa-pyora\/","title":{"rendered":"Lainaa polkupy\u00f6r\u00e4"},"content":{"rendered":"\n<div class=\"wp-block-cover alignfull wp-duotone-unset-1\" style=\"margin-top:0px;margin-bottom:0px;padding-top:0px;padding-right:0px;padding-bottom:0px;padding-left:0px;min-height:30vw;aspect-ratio:unset;\"><img loading=\"lazy\" decoding=\"async\" width=\"1024\" height=\"598\" class=\"wp-block-cover__image-background wp-image-6891 size-large\" alt=\"Py\u00f6r\u00e4t Hotel Mattsin edustalla.\" src=\"https:\/\/www.kassiopeia.fi\/hotel-matts\/wp-content\/uploads\/sites\/2\/2025\/07\/matts-pyorat-hotellin-edessa-1024x598.jpg\" data-object-fit=\"cover\" srcset=\"https:\/\/www.kassiopeia.fi\/hotel-matts\/wp-content\/uploads\/sites\/2\/2025\/07\/matts-pyorat-hotellin-edessa-1024x598.jpg 1024w, https:\/\/www.kassiopeia.fi\/hotel-matts\/wp-content\/uploads\/sites\/2\/2025\/07\/matts-pyorat-hotellin-edessa-300x175.jpg 300w, https:\/\/www.kassiopeia.fi\/hotel-matts\/wp-content\/uploads\/sites\/2\/2025\/07\/matts-pyorat-hotellin-edessa-768x449.jpg 768w, https:\/\/www.kassiopeia.fi\/hotel-matts\/wp-content\/uploads\/sites\/2\/2025\/07\/matts-pyorat-hotellin-edessa-1536x897.jpg 1536w, https:\/\/www.kassiopeia.fi\/hotel-matts\/wp-content\/uploads\/sites\/2\/2025\/07\/matts-pyorat-hotellin-edessa.jpg 1900w\" sizes=\"auto, (max-width: 1024px) 100vw, 1024px\" \/><span aria-hidden=\"true\" class=\"wp-block-cover__background has-black-background-color has-background-dim-0 has-background-dim\"><\/span><div class=\"wp-block-cover__inner-container is-layout-flow wp-container-core-cover-is-layout-6e17fc20 wp-block-cover-is-layout-flow\">\n<h1 class=\"wp-block-heading has-text-align-center\" id=\"h-\" style=\"font-size:70px\"><\/h1>\n\n\n\n<p><\/p>\n<\/div><\/div>\n\n\n\n<div class=\"breadcrumb-container\"><ul id=\"breadcrumbs\" class=\"breadcrumbs\"><li class=\"item-home\"><a class=\"bread-link bread-home\" href=\"https:\/\/www.kassiopeia.fi\/hotel-matts\" title=\"Hotel Matts\">Hotel Matts<\/a><\/li><li class=\"separator separator-home\"> \/ <\/li><\/ul><\/div>\n<style>\n    \n<\/style>\n\n\n<div class=\"wp-block-group alignfull is-layout-constrained wp-container-core-group-is-layout-244a2f0a wp-block-group-is-layout-constrained\" style=\"padding-top:var(--wp--preset--spacing--50);padding-right:var(--wp--preset--spacing--40);padding-bottom:var(--wp--preset--spacing--70);padding-left:var(--wp--preset--spacing--40)\">\n<div class=\"wp-block-group alignwide is-layout-constrained wp-container-core-group-is-layout-9517baca wp-block-group-is-layout-constrained\">\n<h1 class=\"wp-block-heading has-text-align-center\" id=\"h-lainaa-polkupyora\" style=\"margin-bottom:var(--wp--preset--spacing--60)\">Lainaa polkupy\u00f6r\u00e4<\/h1>\n\n\n\n<p class=\"has-text-align-center has-large-font-size\">Hotel Mattsista voit varata polkupy\u00f6r\u00e4n veloituksetta k\u00e4ytt\u00f6\u00f6si majoituksen yhteydess\u00e4! Meilt\u00e4 saat my\u00f6s kyp\u00e4r\u00e4n lainaan. T\u00e4ll\u00e4 hetkell\u00e4 lainattavissa on aikuisten py\u00f6ri\u00e4, rajoitettu m\u00e4\u00e4r\u00e4. Kysy lis\u00e4\u00e4 vastaanotosta. Huomioithan, ett\u00e4 talvikaudella py\u00f6r\u00e4t eiv\u00e4t ole k\u00e4yt\u00f6ss\u00e4. Ne palaavat k\u00e4ytt\u00f6\u00f6n kev\u00e4\u00e4ll\u00e4 ja ovat lainattavissa, kunnes liukkaat syyskelit saapuvat.<\/p>\n<\/div>\n<\/div>\n\n\n\n<div class=\"wp-block-group alignfull has-hotel-matts-12-background-color has-background is-layout-constrained wp-container-core-group-is-layout-0c9c989a wp-block-group-is-layout-constrained\" style=\"margin-top:0;margin-bottom:0;padding-top:var(--wp--preset--spacing--70);padding-right:var(--wp--preset--spacing--40);padding-bottom:var(--wp--preset--spacing--70);padding-left:var(--wp--preset--spacing--40)\">\n<div class=\"wp-block-media-text is-stacked-on-mobile is-image-fill-element has-general-1-background-color has-background\" style=\"padding-top:0;padding-bottom:0\"><figure class=\"wp-block-media-text__media\"><img loading=\"lazy\" decoding=\"async\" width=\"961\" height=\"1000\" src=\"https:\/\/www.kassiopeia.fi\/hotel-matts\/wp-content\/uploads\/sites\/2\/2025\/07\/hotel-matts-pyorailija-kesalla.jpg\" alt=\"Py\u00f6r\u00e4ilij\u00e4 Espoon py\u00f6r\u00e4polulla.\" class=\"wp-image-6889 size-full\" style=\"object-position:50% 50%\" srcset=\"https:\/\/www.kassiopeia.fi\/hotel-matts\/wp-content\/uploads\/sites\/2\/2025\/07\/hotel-matts-pyorailija-kesalla.jpg 961w, https:\/\/www.kassiopeia.fi\/hotel-matts\/wp-content\/uploads\/sites\/2\/2025\/07\/hotel-matts-pyorailija-kesalla-288x300.jpg 288w, https:\/\/www.kassiopeia.fi\/hotel-matts\/wp-content\/uploads\/sites\/2\/2025\/07\/hotel-matts-pyorailija-kesalla-768x799.jpg 768w\" sizes=\"auto, (max-width: 961px) 100vw, 961px\" \/><\/figure><div class=\"wp-block-media-text__content\">\n<div class=\"wp-block-group is-layout-constrained wp-block-group-is-layout-constrained\" style=\"padding-top:var(--wp--preset--spacing--60);padding-bottom:var(--wp--preset--spacing--80)\">\n<h3 class=\"wp-block-heading\" id=\"h-hotellilta-pyoraretkelle\">Hotellilta py\u00f6r\u00e4retkelle<\/h3>\n\n\n\n<p><a href=\"https:\/\/www.visitespoo.fi\/fi\/fillaroiden-espoossa\/\" target=\"_blank\" rel=\"noreferrer noopener\">Espoon useat py\u00f6r\u00e4reitit<\/a>&nbsp;tarjoavat mielenkiintoisia p\u00e4iv\u00e4retki\u00e4 monen tasoisille py\u00f6r\u00e4ilyn harrastajille. Koko perheen helpoksi py\u00f6r\u00e4retkeksi sopii vaikkapa&nbsp;<a href=\"https:\/\/nokkalanmajakka.fi\/\" target=\"_blank\" rel=\"noreferrer noopener\">Nokkalan Majakka,<\/a>&nbsp;josta p\u00e4\u00e4see jatkamaan pidemm\u00e4llekin pitkin&nbsp;<a href=\"https:\/\/www.visitespoo.fi\/fi\/palvelu\/espoon-rantaraitti\/?gclid=Cj0KCQjwpdqDBhCSARIsAEUJ0hMHLQvDTlfnFVGTewcwK2i-sKu5NwWsSc1IMGwcwyI9Ni4-ph3bx6MaAp0bEALw_wcB\" target=\"_blank\" rel=\"noreferrer noopener\">Espoon Rantaraittia<\/a>&nbsp;aina Helsinkiin asti. Hieman vaativampi py\u00f6r\u00e4ilij\u00e4 l\u00f6yt\u00e4\u00e4 monenlaisia matkoja maantieajoon tai maastopy\u00f6r\u00e4reittej\u00e4&nbsp;<a href=\"https:\/\/www.luontoon.fi\/nuuksio\" target=\"_blank\" rel=\"noreferrer noopener\">Nuuksion kansallispuistossa<\/a><strong>.<\/strong><\/p>\n\n\n\n<p>Jos sinulla on oma py\u00f6r\u00e4 mukana, meill\u00e4 on varastotilaa, jonne  saat py\u00f6r\u00e4si turvallisesti parkkiin.<\/p>\n<\/div>\n<\/div><\/div>\n\n\n\n<div class=\"wp-block-media-text has-media-on-the-right is-stacked-on-mobile is-image-fill-element has-general-1-background-color has-background\" style=\"padding-top:0;padding-bottom:0\"><div class=\"wp-block-media-text__content\">\n<div class=\"wp-block-group is-layout-constrained wp-block-group-is-layout-constrained\" style=\"padding-top:var(--wp--preset--spacing--60);padding-bottom:var(--wp--preset--spacing--80)\">\n<h3 class=\"wp-block-heading\" id=\"h-kaupunkipyorat\">Kaupunkipy\u00f6r\u00e4t<\/h3>\n\n\n\n<p>Hotel Mattsista p\u00e4\u00e4set hyvin liikkeelle my\u00f6s <a href=\"https:\/\/www.hsl.fi\/kaupunkipyorat\/helsinki\" target=\"_blank\" rel=\"noreferrer noopener\">kaupunkipy\u00f6rill\u00e4<\/a>, sill\u00e4 kaupunkipy\u00f6r\u00e4parkki l\u00f6ytyy aivan hotellin l\u00e4heisyydest\u00e4.<\/p>\n<\/div>\n<\/div><figure class=\"wp-block-media-text__media\"><img loading=\"lazy\" decoding=\"async\" width=\"1024\" height=\"683\" src=\"https:\/\/www.kassiopeia.fi\/hotel-matts\/wp-content\/uploads\/sites\/2\/2024\/10\/kaupunkipyorat-espoo-1024x683.jpg\" alt=\"Kaupunkipy\u00f6r\u00e4t.\" class=\"wp-image-2618 size-full\" style=\"object-position:50% 50%\" srcset=\"https:\/\/www.kassiopeia.fi\/hotel-matts\/wp-content\/uploads\/sites\/2\/2024\/10\/kaupunkipyorat-espoo-1024x683.jpg 1024w, https:\/\/www.kassiopeia.fi\/hotel-matts\/wp-content\/uploads\/sites\/2\/2024\/10\/kaupunkipyorat-espoo-300x200.jpg 300w, https:\/\/www.kassiopeia.fi\/hotel-matts\/wp-content\/uploads\/sites\/2\/2024\/10\/kaupunkipyorat-espoo-768x512.jpg 768w, https:\/\/www.kassiopeia.fi\/hotel-matts\/wp-content\/uploads\/sites\/2\/2024\/10\/kaupunkipyorat-espoo.jpg 1200w\" sizes=\"auto, (max-width: 1024px) 100vw, 1024px\" \/><\/figure><\/div>\n<\/div>\n","protected":false},"excerpt":{"rendered":"<p>Lainaa polkupy\u00f6r\u00e4 Hotel Mattsista voit varata polkupy\u00f6r\u00e4n veloituksetta k\u00e4ytt\u00f6\u00f6si majoituksen yhteydess\u00e4! Meilt\u00e4 saat my\u00f6s kyp\u00e4r\u00e4n lainaan. T\u00e4ll\u00e4 hetkell\u00e4 lainattavissa on aikuisten py\u00f6ri\u00e4, rajoitettu m\u00e4\u00e4r\u00e4. Kysy lis\u00e4\u00e4 vastaanotosta. Huomioithan, ett\u00e4 talvikaudella py\u00f6r\u00e4t eiv\u00e4t ole k\u00e4yt\u00f6ss\u00e4. Ne palaavat k\u00e4ytt\u00f6\u00f6n kev\u00e4\u00e4ll\u00e4 ja ovat lainattavissa, kunnes liukkaat syyskelit saapuvat. Hotellilta py\u00f6r\u00e4retkelle Espoon useat py\u00f6r\u00e4reitit&nbsp;tarjoavat mielenkiintoisia p\u00e4iv\u00e4retki\u00e4 monen tasoisille py\u00f6r\u00e4ilyn [&hellip;]<\/p>\n","protected":false},"author":8,"featured_media":0,"parent":1102,"menu_order":3,"comment_status":"closed","ping_status":"closed","template":"wp-custom-template-pages-hotel-matts","meta":{"_acf_changed":false,"footnotes":""},"class_list":["post-1008","page","type-page","status-publish","hentry"],"acf":[],"yoast_head":"<!-- This site is optimized with the Yoast SEO Premium plugin v27.2 (Yoast SEO v27.2) - https:\/\/yoast.com\/product\/yoast-seo-premium-wordpress\/ -->\n<title>Lainaa polkupy\u00f6r\u00e4 - Hotel Matts<\/title>\n<meta name=\"description\" content=\"Hotel Mattsista voit varata polkupy\u00f6r\u00e4n veloituksetta k\u00e4ytt\u00f6\u00f6si majoituksen yhteydess\u00e4. Meilt\u00e4 saat my\u00f6s kyp\u00e4r\u00e4n lainaan.\" \/>\n<meta name=\"robots\" content=\"index, follow, max-snippet:-1, max-image-preview:large, max-video-preview:-1\" \/>\n<link rel=\"canonical\" href=\"https:\/\/www.kassiopeia.fi\/hotel-matts\/etuja-asiakkaille\/lainaa-pyora\/\" \/>\n<meta property=\"og:locale\" content=\"en_US\" \/>\n<meta property=\"og:type\" content=\"article\" \/>\n<meta property=\"og:title\" content=\"Lainaa polkupy\u00f6r\u00e4\" \/>\n<meta property=\"og:description\" content=\"Hotel Mattsista voit varata polkupy\u00f6r\u00e4n veloituksetta k\u00e4ytt\u00f6\u00f6si majoituksen yhteydess\u00e4. Meilt\u00e4 saat my\u00f6s kyp\u00e4r\u00e4n lainaan.\" \/>\n<meta property=\"og:url\" content=\"https:\/\/www.kassiopeia.fi\/hotel-matts\/etuja-asiakkaille\/lainaa-pyora\/\" \/>\n<meta property=\"og:site_name\" content=\"Hotel Matts\" \/>\n<meta property=\"article:modified_time\" content=\"2026-01-12T11:18:54+00:00\" \/>\n<meta property=\"og:image\" content=\"https:\/\/www.kassiopeia.fi\/hotel-matts\/wp-content\/uploads\/sites\/2\/2025\/07\/matts-pyorat-hotellin-edessa.jpg\" \/>\n\t<meta property=\"og:image:width\" content=\"1900\" \/>\n\t<meta property=\"og:image:height\" content=\"1110\" \/>\n\t<meta property=\"og:image:type\" content=\"image\/jpeg\" \/>\n<meta name=\"twitter:card\" content=\"summary_large_image\" \/>\n<meta name=\"twitter:label1\" content=\"Est. reading time\" \/>\n\t<meta name=\"twitter:data1\" content=\"2 minutes\" \/>\n<script type=\"application\/ld+json\" class=\"yoast-schema-graph\">{\"@context\":\"https:\/\/schema.org\",\"@graph\":[{\"@type\":\"WebPage\",\"@id\":\"https:\/\/www.kassiopeia.fi\/hotel-matts\/etuja-asiakkaille\/lainaa-pyora\/\",\"url\":\"https:\/\/www.kassiopeia.fi\/hotel-matts\/etuja-asiakkaille\/lainaa-pyora\/\",\"name\":\"Lainaa polkupy\u00f6r\u00e4 - Hotel Matts\",\"isPartOf\":{\"@id\":\"https:\/\/www.kassiopeia.fi\/hotel-matts\/#website\"},\"primaryImageOfPage\":{\"@id\":\"https:\/\/www.kassiopeia.fi\/hotel-matts\/etuja-asiakkaille\/lainaa-pyora\/#primaryimage\"},\"image\":{\"@id\":\"https:\/\/www.kassiopeia.fi\/hotel-matts\/etuja-asiakkaille\/lainaa-pyora\/#primaryimage\"},\"thumbnailUrl\":\"https:\/\/www.kassiopeia.fi\/hotel-matts\/wp-content\/uploads\/sites\/2\/2025\/07\/matts-pyorat-hotellin-edessa-1024x598.jpg\",\"datePublished\":\"2024-09-03T14:01:36+00:00\",\"dateModified\":\"2026-01-12T11:18:54+00:00\",\"description\":\"Hotel Mattsista voit varata polkupy\u00f6r\u00e4n veloituksetta k\u00e4ytt\u00f6\u00f6si majoituksen yhteydess\u00e4. Meilt\u00e4 saat my\u00f6s kyp\u00e4r\u00e4n lainaan.\",\"breadcrumb\":{\"@id\":\"https:\/\/www.kassiopeia.fi\/hotel-matts\/etuja-asiakkaille\/lainaa-pyora\/#breadcrumb\"},\"inLanguage\":\"en-US\",\"potentialAction\":[{\"@type\":\"ReadAction\",\"target\":[\"https:\/\/www.kassiopeia.fi\/hotel-matts\/etuja-asiakkaille\/lainaa-pyora\/\"]}]},{\"@type\":\"ImageObject\",\"inLanguage\":\"en-US\",\"@id\":\"https:\/\/www.kassiopeia.fi\/hotel-matts\/etuja-asiakkaille\/lainaa-pyora\/#primaryimage\",\"url\":\"https:\/\/www.kassiopeia.fi\/hotel-matts\/wp-content\/uploads\/sites\/2\/2025\/07\/matts-pyorat-hotellin-edessa.jpg\",\"contentUrl\":\"https:\/\/www.kassiopeia.fi\/hotel-matts\/wp-content\/uploads\/sites\/2\/2025\/07\/matts-pyorat-hotellin-edessa.jpg\",\"width\":1900,\"height\":1110,\"caption\":\"Py\u00f6r\u00e4t Hotel Mattsin edustalla.\"},{\"@type\":\"BreadcrumbList\",\"@id\":\"https:\/\/www.kassiopeia.fi\/hotel-matts\/etuja-asiakkaille\/lainaa-pyora\/#breadcrumb\",\"itemListElement\":[{\"@type\":\"ListItem\",\"position\":1,\"name\":\"Home\",\"item\":\"https:\/\/www.kassiopeia.fi\/hotel-matts\/\"},{\"@type\":\"ListItem\",\"position\":2,\"name\":\"Etuja hotellimme asiakkaille\",\"item\":\"https:\/\/www.kassiopeia.fi\/hotel-matts\/etuja-asiakkaille\/\"},{\"@type\":\"ListItem\",\"position\":3,\"name\":\"Lainaa polkupy\u00f6r\u00e4\"}]},{\"@type\":\"WebSite\",\"@id\":\"https:\/\/www.kassiopeia.fi\/hotel-matts\/#website\",\"url\":\"https:\/\/www.kassiopeia.fi\/hotel-matts\/\",\"name\":\"Hotel Matts\",\"description\":\"\",\"potentialAction\":[{\"@type\":\"SearchAction\",\"target\":{\"@type\":\"EntryPoint\",\"urlTemplate\":\"https:\/\/www.kassiopeia.fi\/hotel-matts\/?s={search_term_string}\"},\"query-input\":{\"@type\":\"PropertyValueSpecification\",\"valueRequired\":true,\"valueName\":\"search_term_string\"}}],\"inLanguage\":\"en-US\"}]}<\/script>\n<!-- \/ Yoast SEO Premium plugin. -->","yoast_head_json":{"title":"Lainaa polkupy\u00f6r\u00e4 - Hotel Matts","description":"Hotel Mattsista voit varata polkupy\u00f6r\u00e4n veloituksetta k\u00e4ytt\u00f6\u00f6si majoituksen yhteydess\u00e4. Meilt\u00e4 saat my\u00f6s kyp\u00e4r\u00e4n lainaan.","robots":{"index":"index","follow":"follow","max-snippet":"max-snippet:-1","max-image-preview":"max-image-preview:large","max-video-preview":"max-video-preview:-1"},"canonical":"https:\/\/www.kassiopeia.fi\/hotel-matts\/etuja-asiakkaille\/lainaa-pyora\/","og_locale":"en_US","og_type":"article","og_title":"Lainaa polkupy\u00f6r\u00e4","og_description":"Hotel Mattsista voit varata polkupy\u00f6r\u00e4n veloituksetta k\u00e4ytt\u00f6\u00f6si majoituksen yhteydess\u00e4. Meilt\u00e4 saat my\u00f6s kyp\u00e4r\u00e4n lainaan.","og_url":"https:\/\/www.kassiopeia.fi\/hotel-matts\/etuja-asiakkaille\/lainaa-pyora\/","og_site_name":"Hotel Matts","article_modified_time":"2026-01-12T11:18:54+00:00","og_image":[{"width":1900,"height":1110,"url":"https:\/\/www.kassiopeia.fi\/hotel-matts\/wp-content\/uploads\/sites\/2\/2025\/07\/matts-pyorat-hotellin-edessa.jpg","type":"image\/jpeg"}],"twitter_card":"summary_large_image","twitter_misc":{"Est. reading time":"2 minutes"},"schema":{"@context":"https:\/\/schema.org","@graph":[{"@type":"WebPage","@id":"https:\/\/www.kassiopeia.fi\/hotel-matts\/etuja-asiakkaille\/lainaa-pyora\/","url":"https:\/\/www.kassiopeia.fi\/hotel-matts\/etuja-asiakkaille\/lainaa-pyora\/","name":"Lainaa polkupy\u00f6r\u00e4 - Hotel Matts","isPartOf":{"@id":"https:\/\/www.kassiopeia.fi\/hotel-matts\/#website"},"primaryImageOfPage":{"@id":"https:\/\/www.kassiopeia.fi\/hotel-matts\/etuja-asiakkaille\/lainaa-pyora\/#primaryimage"},"image":{"@id":"https:\/\/www.kassiopeia.fi\/hotel-matts\/etuja-asiakkaille\/lainaa-pyora\/#primaryimage"},"thumbnailUrl":"https:\/\/www.kassiopeia.fi\/hotel-matts\/wp-content\/uploads\/sites\/2\/2025\/07\/matts-pyorat-hotellin-edessa-1024x598.jpg","datePublished":"2024-09-03T14:01:36+00:00","dateModified":"2026-01-12T11:18:54+00:00","description":"Hotel Mattsista voit varata polkupy\u00f6r\u00e4n veloituksetta k\u00e4ytt\u00f6\u00f6si majoituksen yhteydess\u00e4. Meilt\u00e4 saat my\u00f6s kyp\u00e4r\u00e4n lainaan.","breadcrumb":{"@id":"https:\/\/www.kassiopeia.fi\/hotel-matts\/etuja-asiakkaille\/lainaa-pyora\/#breadcrumb"},"inLanguage":"en-US","potentialAction":[{"@type":"ReadAction","target":["https:\/\/www.kassiopeia.fi\/hotel-matts\/etuja-asiakkaille\/lainaa-pyora\/"]}]},{"@type":"ImageObject","inLanguage":"en-US","@id":"https:\/\/www.kassiopeia.fi\/hotel-matts\/etuja-asiakkaille\/lainaa-pyora\/#primaryimage","url":"https:\/\/www.kassiopeia.fi\/hotel-matts\/wp-content\/uploads\/sites\/2\/2025\/07\/matts-pyorat-hotellin-edessa.jpg","contentUrl":"https:\/\/www.kassiopeia.fi\/hotel-matts\/wp-content\/uploads\/sites\/2\/2025\/07\/matts-pyorat-hotellin-edessa.jpg","width":1900,"height":1110,"caption":"Py\u00f6r\u00e4t Hotel Mattsin edustalla."},{"@type":"BreadcrumbList","@id":"https:\/\/www.kassiopeia.fi\/hotel-matts\/etuja-asiakkaille\/lainaa-pyora\/#breadcrumb","itemListElement":[{"@type":"ListItem","position":1,"name":"Home","item":"https:\/\/www.kassiopeia.fi\/hotel-matts\/"},{"@type":"ListItem","position":2,"name":"Etuja hotellimme asiakkaille","item":"https:\/\/www.kassiopeia.fi\/hotel-matts\/etuja-asiakkaille\/"},{"@type":"ListItem","position":3,"name":"Lainaa polkupy\u00f6r\u00e4"}]},{"@type":"WebSite","@id":"https:\/\/www.kassiopeia.fi\/hotel-matts\/#website","url":"https:\/\/www.kassiopeia.fi\/hotel-matts\/","name":"Hotel Matts","description":"","potentialAction":[{"@type":"SearchAction","target":{"@type":"EntryPoint","urlTemplate":"https:\/\/www.kassiopeia.fi\/hotel-matts\/?s={search_term_string}"},"query-input":{"@type":"PropertyValueSpecification","valueRequired":true,"valueName":"search_term_string"}}],"inLanguage":"en-US"}]}},"lang":"fi","translations":{"fi":1008,"en":3266},"pll_sync_post":[],"_links":{"self":[{"href":"https:\/\/www.kassiopeia.fi\/hotel-matts\/wp-json\/wp\/v2\/pages\/1008","targetHints":{"allow":["GET"]}}],"collection":[{"href":"https:\/\/www.kassiopeia.fi\/hotel-matts\/wp-json\/wp\/v2\/pages"}],"about":[{"href":"https:\/\/www.kassiopeia.fi\/hotel-matts\/wp-json\/wp\/v2\/types\/page"}],"author":[{"embeddable":true,"href":"https:\/\/www.kassiopeia.fi\/hotel-matts\/wp-json\/wp\/v2\/users\/8"}],"replies":[{"embeddable":true,"href":"https:\/\/www.kassiopeia.fi\/hotel-matts\/wp-json\/wp\/v2\/comments?post=1008"}],"version-history":[{"count":43,"href":"https:\/\/www.kassiopeia.fi\/hotel-matts\/wp-json\/wp\/v2\/pages\/1008\/revisions"}],"predecessor-version":[{"id":7373,"href":"https:\/\/www.kassiopeia.fi\/hotel-matts\/wp-json\/wp\/v2\/pages\/1008\/revisions\/7373"}],"up":[{"embeddable":true,"href":"https:\/\/www.kassiopeia.fi\/hotel-matts\/wp-json\/wp\/v2\/pages\/1102"}],"wp:attachment":[{"href":"https:\/\/www.kassiopeia.fi\/hotel-matts\/wp-json\/wp\/v2\/media?parent=1008"}],"curies":[{"name":"wp","href":"https:\/\/api.w.org\/{rel}","templated":true}]}}