{"id":945,"date":"2024-10-17T11:03:07","date_gmt":"2024-10-17T11:03:07","guid":{"rendered":"https:\/\/www.kassiopeia.fi\/hotel-levi-panorama\/?page_id=945"},"modified":"2025-07-30T11:53:37","modified_gmt":"2025-07-30T11:53:37","slug":"wellness","status":"publish","type":"page","link":"https:\/\/www.kassiopeia.fi\/hotel-levi-panorama\/hotelli-info\/wellness\/","title":{"rendered":"Hotelli-info Wellness"},"content":{"rendered":"\n<div class=\"wp-block-cover alignfull is-light cover-hero wp-duotone-unset-1\" style=\"margin-top:0px;margin-bottom:0px;padding-top:0px;padding-right:0px;padding-bottom:0px;padding-left:0px;min-height:30vw;aspect-ratio:unset;\"><img loading=\"lazy\" decoding=\"async\" width=\"2000\" height=\"1322\" class=\"wp-block-cover__image-background wp-image-435\" alt=\"\" src=\"https:\/\/www.kassiopeia.fi\/hotel-levi-panorama\/wp-content\/uploads\/sites\/3\/2024\/10\/hotel-levi-panorama-talvinen-ulkokuva.jpg\" style=\"object-position:28% 52%\" data-object-fit=\"cover\" data-object-position=\"28% 52%\" srcset=\"https:\/\/www.kassiopeia.fi\/hotel-levi-panorama\/wp-content\/uploads\/sites\/3\/2024\/10\/hotel-levi-panorama-talvinen-ulkokuva.jpg 2000w, https:\/\/www.kassiopeia.fi\/hotel-levi-panorama\/wp-content\/uploads\/sites\/3\/2024\/10\/hotel-levi-panorama-talvinen-ulkokuva-300x198.jpg 300w, https:\/\/www.kassiopeia.fi\/hotel-levi-panorama\/wp-content\/uploads\/sites\/3\/2024\/10\/hotel-levi-panorama-talvinen-ulkokuva-1024x677.jpg 1024w, https:\/\/www.kassiopeia.fi\/hotel-levi-panorama\/wp-content\/uploads\/sites\/3\/2024\/10\/hotel-levi-panorama-talvinen-ulkokuva-768x508.jpg 768w, https:\/\/www.kassiopeia.fi\/hotel-levi-panorama\/wp-content\/uploads\/sites\/3\/2024\/10\/hotel-levi-panorama-talvinen-ulkokuva-1536x1015.jpg 1536w\" sizes=\"auto, (max-width: 2000px) 100vw, 2000px\" \/><span aria-hidden=\"true\" class=\"wp-block-cover__background has-black-background-color has-background-dim-0 has-background-dim\"><\/span><div class=\"wp-block-cover__inner-container is-layout-flow wp-container-core-cover-is-layout-6e17fc20 wp-block-cover-is-layout-flow\">\n<h1 class=\"wp-block-heading has-text-align-center\" id=\"h-\" style=\"font-size:70px\"><\/h1>\n\n\n\n<p><\/p>\n<\/div><\/div>\n\n\n\n<div class=\"wp-block-group alignfull has-panorama-5-background-color has-background is-layout-constrained wp-container-core-group-is-layout-35abefa8 wp-block-group-is-layout-constrained\" style=\"margin-top:0;margin-bottom:0;padding-top:var(--wp--preset--spacing--40);padding-right:var(--wp--preset--spacing--40);padding-bottom:0;padding-left:var(--wp--preset--spacing--40)\">\n<p class=\"link-blank has-text-color has-link-color has-small-font-size wp-elements-901b077e5f6b32bb8c9c7b2c05267332\" style=\"color:#929292\"><a href=\"https:\/\/www.kassiopeia.fi\/hotel-levi-panorama\/hotelli-info\/\">Hotelli-info<\/a> \/ Wellness<\/p>\n<\/div>\n\n\n\n<div class=\"wp-block-group alignfull has-panorama-5-background-color has-background is-layout-constrained wp-container-core-group-is-layout-5d427f71 wp-block-group-is-layout-constrained\" style=\"margin-top:0;margin-bottom:0;padding-top:var(--wp--preset--spacing--40);padding-right:var(--wp--preset--spacing--40);padding-bottom:0;padding-left:var(--wp--preset--spacing--40)\">\n<div class=\"wp-block-group alignwide is-layout-constrained wp-container-core-group-is-layout-9517baca wp-block-group-is-layout-constrained\">\n<h1 class=\"wp-block-heading has-text-align-center\" id=\"h-wellness\" style=\"margin-bottom:0\">Wellness<\/h1>\n<\/div>\n<\/div>\n\n\n\n<div class=\"wp-block-group alignfull has-panorama-5-background-color has-background is-layout-constrained wp-container-core-group-is-layout-07f777bb wp-block-group-is-layout-constrained\" style=\"margin-top:0;margin-bottom:0;padding-top:var(--wp--preset--spacing--60);padding-right:var(--wp--preset--spacing--40);padding-bottom:var(--wp--preset--spacing--60);padding-left:var(--wp--preset--spacing--40)\">\n<div class=\"wp-block-media-text alignwide has-media-on-the-right is-stacked-on-mobile is-vertically-aligned-center is-image-fill-element\" style=\"margin-top:var(--wp--preset--spacing--60);margin-bottom:var(--wp--preset--spacing--60)\"><div class=\"wp-block-media-text__content\">\n<div style=\"height:22px\" aria-hidden=\"true\" class=\"wp-block-spacer\"><\/div>\n\n\n\n<p>Hotellillamme ei ole omia hyvinvointipalveluja mutta hotellimme tiloissa toimii yksityinen hierontapalvelu.<\/p>\n\n\n\n<h3 class=\"wp-block-heading\" id=\"h-hierontapalvelu-hillankukka\">Hierontapalvelu Hillankukka<\/h3>\n\n\n\n<p>Osoite: Tunturitie 205, 99130 Levi (hotellin 2. kerros)<br>Puhelin: <a href=\"tel:0401977887\">0401977887<\/a><br>Varaukset <a href=\"https:\/\/hillankukka.fi\/\" target=\"_blank\" rel=\"noreferrer noopener\">verkkosivuilta<\/a>.<\/p>\n\n\n\n<p><\/p>\n\n\n\n<p>Levin keskustasta l\u00f6ytyy t\u00e4h\u00e4n tarkoitukseen useita hyvi\u00e4 vaihtoehtoja.<\/p>\n\n\n\n<h3 class=\"wp-block-heading\" id=\"h-rela-hierojat\">Rela-hierojat<\/h3>\n\n\n\n<p><strong>Osoite:<\/strong>&nbsp;Myllyjoentie 2, 99130 Levi<br><strong>Puhelin:<\/strong>&nbsp;<a href=\"tel:0600 13811\">0600 13811<\/a>&nbsp;(valtakunnallinen maksullinen numero)<br>Varaukset&nbsp;<a href=\"https:\/\/www.relahierojat.fi\/vastaanotot\/hieronta-levi\/#ajas-ajanvaraus\" target=\"_blank\" rel=\"noreferrer noopener\">verkkosivuilta<\/a>.<\/p>\n\n\n\n<p><\/p>\n\n\n\n<h3 class=\"wp-block-heading\" id=\"h-day-spa-studio-feel-it\">Day Spa Studio Feel It<\/h3>\n\n\n\n<p>Osoite: Levintie 1590 (kylpyl\u00e4n ja Burger Kingin rakennus), 99130 Levi<br>S\u00e4hk\u00f6posti: levi@studiofeelit.fi<br>Puhelin:&nbsp;<a href=\"tel:0404110095\">0404110095<\/a><\/p>\n\n\n\n<p>Wellnesshoidot, jalka- ja k\u00e4sihoidot, kasvohoidot, hieroja, Lappihoidot, hiukset, kynnet ja ripset, sokerointi, meikkaus<\/p>\n\n\n\n<p>Varaukset&nbsp;<a href=\"https:\/\/www.studiofeelit.fi\/hinnasto\/levi\/\" target=\"_blank\" rel=\"noreferrer noopener\">verkkosivuilta<\/a>.<\/p>\n\n\n\n<div style=\"height:40px\" aria-hidden=\"true\" class=\"wp-block-spacer\"><\/div>\n<\/div><figure class=\"wp-block-media-text__media\"><img loading=\"lazy\" decoding=\"async\" width=\"1024\" height=\"576\" src=\"https:\/\/www.kassiopeia.fi\/hotel-levi-panorama\/wp-content\/uploads\/sites\/3\/2024\/10\/wellness-jooga-teemakuva-1024x576.jpg\" alt=\"\" class=\"wp-image-947 size-full\" style=\"object-position:42% 45%\" srcset=\"https:\/\/www.kassiopeia.fi\/hotel-levi-panorama\/wp-content\/uploads\/sites\/3\/2024\/10\/wellness-jooga-teemakuva-1024x576.jpg 1024w, https:\/\/www.kassiopeia.fi\/hotel-levi-panorama\/wp-content\/uploads\/sites\/3\/2024\/10\/wellness-jooga-teemakuva-300x169.jpg 300w, https:\/\/www.kassiopeia.fi\/hotel-levi-panorama\/wp-content\/uploads\/sites\/3\/2024\/10\/wellness-jooga-teemakuva-768x432.jpg 768w, https:\/\/www.kassiopeia.fi\/hotel-levi-panorama\/wp-content\/uploads\/sites\/3\/2024\/10\/wellness-jooga-teemakuva-1536x864.jpg 1536w, https:\/\/www.kassiopeia.fi\/hotel-levi-panorama\/wp-content\/uploads\/sites\/3\/2024\/10\/wellness-jooga-teemakuva.jpg 2000w\" sizes=\"auto, (max-width: 1024px) 100vw, 1024px\" \/><\/figure><\/div>\n\n\n\n<div class=\"wp-block-media-text alignwide is-stacked-on-mobile is-vertically-aligned-center is-image-fill-element\" style=\"margin-top:var(--wp--preset--spacing--60);margin-bottom:var(--wp--preset--spacing--60)\"><figure class=\"wp-block-media-text__media\"><img loading=\"lazy\" decoding=\"async\" width=\"683\" height=\"1024\" src=\"https:\/\/www.kassiopeia.fi\/hotel-levi-panorama\/wp-content\/uploads\/sites\/3\/2024\/10\/hieronta-683x1024.jpg\" alt=\"\" class=\"wp-image-948 size-full\" style=\"object-position:50% 50%\" srcset=\"https:\/\/www.kassiopeia.fi\/hotel-levi-panorama\/wp-content\/uploads\/sites\/3\/2024\/10\/hieronta-683x1024.jpg 683w, https:\/\/www.kassiopeia.fi\/hotel-levi-panorama\/wp-content\/uploads\/sites\/3\/2024\/10\/hieronta-200x300.jpg 200w, https:\/\/www.kassiopeia.fi\/hotel-levi-panorama\/wp-content\/uploads\/sites\/3\/2024\/10\/hieronta-768x1152.jpg 768w, https:\/\/www.kassiopeia.fi\/hotel-levi-panorama\/wp-content\/uploads\/sites\/3\/2024\/10\/hieronta-1024x1536.jpg 1024w, https:\/\/www.kassiopeia.fi\/hotel-levi-panorama\/wp-content\/uploads\/sites\/3\/2024\/10\/hieronta-1365x2048.jpg 1365w, https:\/\/www.kassiopeia.fi\/hotel-levi-panorama\/wp-content\/uploads\/sites\/3\/2024\/10\/hieronta-scaled.jpg 1707w\" sizes=\"auto, (max-width: 683px) 100vw, 683px\" \/><\/figure><div class=\"wp-block-media-text__content\">\n<div style=\"height:22px\" aria-hidden=\"true\" class=\"wp-block-spacer\"><\/div>\n\n\n\n<h3 class=\"wp-block-heading\" id=\"h-relax-center\">Relax Center<\/h3>\n\n\n\n<p><strong>Relax Center Lapland Sensation Spa<\/strong><\/p>\n\n\n\n<p>Hotelli Hullu Porossa sijaitsee Lappi -teemainen toimipiste, jossa palvelevat my\u00f6s koulutetut hierojat, kosmetologit sek\u00e4 Personal Trainer.<\/p>\n\n\n\n<p><strong>Osoite:<\/strong>&nbsp;Rakkavaarantie 3, 99130 Levi.<br><strong>S\u00e4hk\u00f6posti:<\/strong>&nbsp;levi@relaxcenter.fi<br><strong>Puhelin:<\/strong>&nbsp;<a href=\"tel:016 6510 700\">016 6510 700<\/a><\/p>\n\n\n\n<p><strong>Relax Center Beauty and Beyond Levi<\/strong><\/p>\n\n\n\n<p>Levin keskustassa sijaitseva toimipiste on keskittynyt trendeihin ja tehokkaisiin kauneushoitoihin. Sielt\u00e4 l\u00f6yd\u00e4t kampaajat, kosmetologit, ripsi- ja kynsiteknikot sek\u00e4 vierailevat t\u00e4hdet esteettisten hoitojen ja pigmentointien maailmasta.<\/p>\n\n\n\n<p><strong>Osoite:<\/strong>&nbsp;Hiiht\u00e4j\u00e4nkuja 10, 99130 Levi.<br><strong>S\u00e4hk\u00f6posti:<\/strong>&nbsp;levi@relaxcenter.fi<br><strong>Puhelin:<\/strong>&nbsp;<a href=\"tel:016 6510 700\">016 6510 700<\/a><\/p>\n\n\n\n<p><a href=\"https:\/\/relaxcenter.fi\/\" target=\"_blank\" rel=\"noreferrer noopener\">Nettisivuille<\/a><\/p>\n\n\n\n<div style=\"height:40px\" aria-hidden=\"true\" class=\"wp-block-spacer\"><\/div>\n<\/div><\/div>\n<\/div>\n","protected":false},"excerpt":{"rendered":"<p>Hotelli-info \/ Wellness Wellness Hotellillamme ei ole omia hyvinvointipalveluja mutta hotellimme tiloissa toimii yksityinen hierontapalvelu. Hierontapalvelu Hillankukka Osoite: Tunturitie 205, 99130 Levi (hotellin 2. kerros)Puhelin: 0401977887Varaukset verkkosivuilta. Levin keskustasta l\u00f6ytyy t\u00e4h\u00e4n tarkoitukseen useita hyvi\u00e4 vaihtoehtoja. Rela-hierojat Osoite:&nbsp;Myllyjoentie 2, 99130 LeviPuhelin:&nbsp;0600 13811&nbsp;(valtakunnallinen maksullinen numero)Varaukset&nbsp;verkkosivuilta. Day Spa Studio Feel It Osoite: Levintie 1590 (kylpyl\u00e4n ja Burger Kingin [&hellip;]<\/p>\n","protected":false},"author":7,"featured_media":0,"parent":842,"menu_order":0,"comment_status":"closed","ping_status":"closed","template":"blank","meta":{"_acf_changed":false,"footnotes":""},"class_list":["post-945","page","type-page","status-publish","hentry"],"acf":[],"yoast_head":"<!-- This site is optimized with the Yoast SEO Premium plugin v27.2 (Yoast SEO v27.2) - https:\/\/yoast.com\/product\/yoast-seo-premium-wordpress\/ -->\n<title>Hotelli-info Wellness - Hotel Levi Panorama<\/title>\n<meta name=\"robots\" content=\"noindex, nofollow\" \/>\n<meta property=\"og:locale\" content=\"en_US\" \/>\n<meta property=\"og:type\" content=\"article\" \/>\n<meta property=\"og:title\" content=\"Hotelli-info Wellness\" \/>\n<meta property=\"og:description\" content=\"Hotelli-info \/ Wellness Wellness Hotellillamme ei ole omia hyvinvointipalveluja mutta hotellimme tiloissa toimii yksityinen hierontapalvelu. Hierontapalvelu Hillankukka Osoite: Tunturitie 205, 99130 Levi (hotellin 2. kerros)Puhelin: 0401977887Varaukset verkkosivuilta. Levin keskustasta l\u00f6ytyy t\u00e4h\u00e4n tarkoitukseen useita hyvi\u00e4 vaihtoehtoja. Rela-hierojat Osoite:&nbsp;Myllyjoentie 2, 99130 LeviPuhelin:&nbsp;0600 13811&nbsp;(valtakunnallinen maksullinen numero)Varaukset&nbsp;verkkosivuilta. Day Spa Studio Feel It Osoite: Levintie 1590 (kylpyl\u00e4n ja Burger Kingin [&hellip;]\" \/>\n<meta property=\"og:url\" content=\"https:\/\/www.kassiopeia.fi\/hotel-levi-panorama\/hotelli-info\/wellness\/\" \/>\n<meta property=\"og:site_name\" content=\"Hotel Levi Panorama\" \/>\n<meta property=\"article:modified_time\" content=\"2025-07-30T11:53:37+00:00\" \/>\n<meta property=\"og:image\" content=\"https:\/\/www.kassiopeia.fi\/hotel-levi-panorama\/wp-content\/uploads\/sites\/3\/2024\/10\/hotel-levi-panorama-talvinen-ulkokuva.jpg\" \/>\n\t<meta property=\"og:image:width\" content=\"2000\" \/>\n\t<meta property=\"og:image:height\" content=\"1322\" \/>\n\t<meta property=\"og:image:type\" content=\"image\/jpeg\" \/>\n<meta name=\"twitter:card\" content=\"summary_large_image\" \/>\n<script type=\"application\/ld+json\" class=\"yoast-schema-graph\">{\"@context\":\"https:\/\/schema.org\",\"@graph\":[{\"@type\":\"WebPage\",\"@id\":\"https:\/\/www.kassiopeia.fi\/hotel-levi-panorama\/hotelli-info\/wellness\/\",\"url\":\"https:\/\/www.kassiopeia.fi\/hotel-levi-panorama\/hotelli-info\/wellness\/\",\"name\":\"Hotelli-info Wellness - Hotel Levi Panorama\",\"isPartOf\":{\"@id\":\"https:\/\/www.kassiopeia.fi\/hotel-levi-panorama\/#website\"},\"primaryImageOfPage\":{\"@id\":\"https:\/\/www.kassiopeia.fi\/hotel-levi-panorama\/hotelli-info\/wellness\/#primaryimage\"},\"image\":{\"@id\":\"https:\/\/www.kassiopeia.fi\/hotel-levi-panorama\/hotelli-info\/wellness\/#primaryimage\"},\"thumbnailUrl\":\"https:\/\/www.kassiopeia.fi\/hotel-levi-panorama\/wp-content\/uploads\/sites\/3\/2024\/10\/hotel-levi-panorama-talvinen-ulkokuva.jpg\",\"datePublished\":\"2024-10-17T11:03:07+00:00\",\"dateModified\":\"2025-07-30T11:53:37+00:00\",\"breadcrumb\":{\"@id\":\"https:\/\/www.kassiopeia.fi\/hotel-levi-panorama\/hotelli-info\/wellness\/#breadcrumb\"},\"inLanguage\":\"en-US\",\"potentialAction\":[{\"@type\":\"ReadAction\",\"target\":[\"https:\/\/www.kassiopeia.fi\/hotel-levi-panorama\/hotelli-info\/wellness\/\"]}]},{\"@type\":\"ImageObject\",\"inLanguage\":\"en-US\",\"@id\":\"https:\/\/www.kassiopeia.fi\/hotel-levi-panorama\/hotelli-info\/wellness\/#primaryimage\",\"url\":\"https:\/\/www.kassiopeia.fi\/hotel-levi-panorama\/wp-content\/uploads\/sites\/3\/2024\/10\/hotel-levi-panorama-talvinen-ulkokuva.jpg\",\"contentUrl\":\"https:\/\/www.kassiopeia.fi\/hotel-levi-panorama\/wp-content\/uploads\/sites\/3\/2024\/10\/hotel-levi-panorama-talvinen-ulkokuva.jpg\",\"width\":2000,\"height\":1322,\"caption\":\"Hotel Levi Panoraman kuva talvella auringonlaskun aikaan.\"},{\"@type\":\"BreadcrumbList\",\"@id\":\"https:\/\/www.kassiopeia.fi\/hotel-levi-panorama\/hotelli-info\/wellness\/#breadcrumb\",\"itemListElement\":[{\"@type\":\"ListItem\",\"position\":1,\"name\":\"Home\",\"item\":\"https:\/\/www.kassiopeia.fi\/hotel-levi-panorama\/\"},{\"@type\":\"ListItem\",\"position\":2,\"name\":\"Hotelli-info\",\"item\":\"https:\/\/www.kassiopeia.fi\/hotel-levi-panorama\/hotelli-info\/\"},{\"@type\":\"ListItem\",\"position\":3,\"name\":\"Hotelli-info Wellness\"}]},{\"@type\":\"WebSite\",\"@id\":\"https:\/\/www.kassiopeia.fi\/hotel-levi-panorama\/#website\",\"url\":\"https:\/\/www.kassiopeia.fi\/hotel-levi-panorama\/\",\"name\":\"Hotel Levi Panorama\",\"description\":\"\",\"potentialAction\":[{\"@type\":\"SearchAction\",\"target\":{\"@type\":\"EntryPoint\",\"urlTemplate\":\"https:\/\/www.kassiopeia.fi\/hotel-levi-panorama\/?s={search_term_string}\"},\"query-input\":{\"@type\":\"PropertyValueSpecification\",\"valueRequired\":true,\"valueName\":\"search_term_string\"}}],\"inLanguage\":\"en-US\"}]}<\/script>\n<!-- \/ Yoast SEO Premium plugin. -->","yoast_head_json":{"title":"Hotelli-info Wellness - Hotel Levi Panorama","robots":{"index":"noindex","follow":"nofollow"},"og_locale":"en_US","og_type":"article","og_title":"Hotelli-info Wellness","og_description":"Hotelli-info \/ Wellness Wellness Hotellillamme ei ole omia hyvinvointipalveluja mutta hotellimme tiloissa toimii yksityinen hierontapalvelu. Hierontapalvelu Hillankukka Osoite: Tunturitie 205, 99130 Levi (hotellin 2. kerros)Puhelin: 0401977887Varaukset verkkosivuilta. Levin keskustasta l\u00f6ytyy t\u00e4h\u00e4n tarkoitukseen useita hyvi\u00e4 vaihtoehtoja. Rela-hierojat Osoite:&nbsp;Myllyjoentie 2, 99130 LeviPuhelin:&nbsp;0600 13811&nbsp;(valtakunnallinen maksullinen numero)Varaukset&nbsp;verkkosivuilta. Day Spa Studio Feel It Osoite: Levintie 1590 (kylpyl\u00e4n ja Burger Kingin [&hellip;]","og_url":"https:\/\/www.kassiopeia.fi\/hotel-levi-panorama\/hotelli-info\/wellness\/","og_site_name":"Hotel Levi Panorama","article_modified_time":"2025-07-30T11:53:37+00:00","og_image":[{"width":2000,"height":1322,"url":"https:\/\/www.kassiopeia.fi\/hotel-levi-panorama\/wp-content\/uploads\/sites\/3\/2024\/10\/hotel-levi-panorama-talvinen-ulkokuva.jpg","type":"image\/jpeg"}],"twitter_card":"summary_large_image","schema":{"@context":"https:\/\/schema.org","@graph":[{"@type":"WebPage","@id":"https:\/\/www.kassiopeia.fi\/hotel-levi-panorama\/hotelli-info\/wellness\/","url":"https:\/\/www.kassiopeia.fi\/hotel-levi-panorama\/hotelli-info\/wellness\/","name":"Hotelli-info Wellness - Hotel Levi Panorama","isPartOf":{"@id":"https:\/\/www.kassiopeia.fi\/hotel-levi-panorama\/#website"},"primaryImageOfPage":{"@id":"https:\/\/www.kassiopeia.fi\/hotel-levi-panorama\/hotelli-info\/wellness\/#primaryimage"},"image":{"@id":"https:\/\/www.kassiopeia.fi\/hotel-levi-panorama\/hotelli-info\/wellness\/#primaryimage"},"thumbnailUrl":"https:\/\/www.kassiopeia.fi\/hotel-levi-panorama\/wp-content\/uploads\/sites\/3\/2024\/10\/hotel-levi-panorama-talvinen-ulkokuva.jpg","datePublished":"2024-10-17T11:03:07+00:00","dateModified":"2025-07-30T11:53:37+00:00","breadcrumb":{"@id":"https:\/\/www.kassiopeia.fi\/hotel-levi-panorama\/hotelli-info\/wellness\/#breadcrumb"},"inLanguage":"en-US","potentialAction":[{"@type":"ReadAction","target":["https:\/\/www.kassiopeia.fi\/hotel-levi-panorama\/hotelli-info\/wellness\/"]}]},{"@type":"ImageObject","inLanguage":"en-US","@id":"https:\/\/www.kassiopeia.fi\/hotel-levi-panorama\/hotelli-info\/wellness\/#primaryimage","url":"https:\/\/www.kassiopeia.fi\/hotel-levi-panorama\/wp-content\/uploads\/sites\/3\/2024\/10\/hotel-levi-panorama-talvinen-ulkokuva.jpg","contentUrl":"https:\/\/www.kassiopeia.fi\/hotel-levi-panorama\/wp-content\/uploads\/sites\/3\/2024\/10\/hotel-levi-panorama-talvinen-ulkokuva.jpg","width":2000,"height":1322,"caption":"Hotel Levi Panoraman kuva talvella auringonlaskun aikaan."},{"@type":"BreadcrumbList","@id":"https:\/\/www.kassiopeia.fi\/hotel-levi-panorama\/hotelli-info\/wellness\/#breadcrumb","itemListElement":[{"@type":"ListItem","position":1,"name":"Home","item":"https:\/\/www.kassiopeia.fi\/hotel-levi-panorama\/"},{"@type":"ListItem","position":2,"name":"Hotelli-info","item":"https:\/\/www.kassiopeia.fi\/hotel-levi-panorama\/hotelli-info\/"},{"@type":"ListItem","position":3,"name":"Hotelli-info Wellness"}]},{"@type":"WebSite","@id":"https:\/\/www.kassiopeia.fi\/hotel-levi-panorama\/#website","url":"https:\/\/www.kassiopeia.fi\/hotel-levi-panorama\/","name":"Hotel Levi Panorama","description":"","potentialAction":[{"@type":"SearchAction","target":{"@type":"EntryPoint","urlTemplate":"https:\/\/www.kassiopeia.fi\/hotel-levi-panorama\/?s={search_term_string}"},"query-input":{"@type":"PropertyValueSpecification","valueRequired":true,"valueName":"search_term_string"}}],"inLanguage":"en-US"}]}},"lang":"fi","translations":{"fi":945,"en":1056},"pll_sync_post":[],"_links":{"self":[{"href":"https:\/\/www.kassiopeia.fi\/hotel-levi-panorama\/wp-json\/wp\/v2\/pages\/945","targetHints":{"allow":["GET"]}}],"collection":[{"href":"https:\/\/www.kassiopeia.fi\/hotel-levi-panorama\/wp-json\/wp\/v2\/pages"}],"about":[{"href":"https:\/\/www.kassiopeia.fi\/hotel-levi-panorama\/wp-json\/wp\/v2\/types\/page"}],"author":[{"embeddable":true,"href":"https:\/\/www.kassiopeia.fi\/hotel-levi-panorama\/wp-json\/wp\/v2\/users\/7"}],"replies":[{"embeddable":true,"href":"https:\/\/www.kassiopeia.fi\/hotel-levi-panorama\/wp-json\/wp\/v2\/comments?post=945"}],"version-history":[{"count":9,"href":"https:\/\/www.kassiopeia.fi\/hotel-levi-panorama\/wp-json\/wp\/v2\/pages\/945\/revisions"}],"predecessor-version":[{"id":5525,"href":"https:\/\/www.kassiopeia.fi\/hotel-levi-panorama\/wp-json\/wp\/v2\/pages\/945\/revisions\/5525"}],"up":[{"embeddable":true,"href":"https:\/\/www.kassiopeia.fi\/hotel-levi-panorama\/wp-json\/wp\/v2\/pages\/842"}],"wp:attachment":[{"href":"https:\/\/www.kassiopeia.fi\/hotel-levi-panorama\/wp-json\/wp\/v2\/media?parent=945"}],"curies":[{"name":"wp","href":"https:\/\/api.w.org\/{rel}","templated":true}]}}