{"id":861,"date":"2024-10-17T08:17:37","date_gmt":"2024-10-17T08:17:37","guid":{"rendered":"https:\/\/www.kassiopeia.fi\/hotel-levi-panorama\/?page_id=861"},"modified":"2026-04-13T07:55:28","modified_gmt":"2026-04-13T07:55:28","slug":"hotelli","status":"publish","type":"page","link":"https:\/\/www.kassiopeia.fi\/hotel-levi-panorama\/hotelli-info\/hotelli\/","title":{"rendered":"Hotelli-info Hotelli"},"content":{"rendered":"\n<div class=\"wp-block-cover alignfull is-light cover-hero wp-duotone-unset-1\" style=\"margin-top:0px;margin-bottom:0px;padding-top:0px;padding-right:0px;padding-bottom:0px;padding-left:0px;min-height:30vw;aspect-ratio:unset;\"><img loading=\"lazy\" decoding=\"async\" width=\"2000\" height=\"1322\" class=\"wp-block-cover__image-background wp-image-435\" alt=\"\" src=\"https:\/\/www.kassiopeia.fi\/hotel-levi-panorama\/wp-content\/uploads\/sites\/3\/2024\/10\/hotel-levi-panorama-talvinen-ulkokuva.jpg\" style=\"object-position:28% 52%\" data-object-fit=\"cover\" data-object-position=\"28% 52%\" srcset=\"https:\/\/www.kassiopeia.fi\/hotel-levi-panorama\/wp-content\/uploads\/sites\/3\/2024\/10\/hotel-levi-panorama-talvinen-ulkokuva.jpg 2000w, https:\/\/www.kassiopeia.fi\/hotel-levi-panorama\/wp-content\/uploads\/sites\/3\/2024\/10\/hotel-levi-panorama-talvinen-ulkokuva-300x198.jpg 300w, https:\/\/www.kassiopeia.fi\/hotel-levi-panorama\/wp-content\/uploads\/sites\/3\/2024\/10\/hotel-levi-panorama-talvinen-ulkokuva-1024x677.jpg 1024w, https:\/\/www.kassiopeia.fi\/hotel-levi-panorama\/wp-content\/uploads\/sites\/3\/2024\/10\/hotel-levi-panorama-talvinen-ulkokuva-768x508.jpg 768w, https:\/\/www.kassiopeia.fi\/hotel-levi-panorama\/wp-content\/uploads\/sites\/3\/2024\/10\/hotel-levi-panorama-talvinen-ulkokuva-1536x1015.jpg 1536w\" sizes=\"auto, (max-width: 2000px) 100vw, 2000px\" \/><span aria-hidden=\"true\" class=\"wp-block-cover__background has-black-background-color has-background-dim-0 has-background-dim\"><\/span><div class=\"wp-block-cover__inner-container is-layout-flow wp-container-core-cover-is-layout-6e17fc20 wp-block-cover-is-layout-flow\">\n<h1 class=\"wp-block-heading has-text-align-center\" id=\"h-\" style=\"font-size:70px\"><\/h1>\n\n\n\n<p><\/p>\n<\/div><\/div>\n\n\n\n<div class=\"wp-block-group alignfull has-panorama-5-background-color has-background is-layout-constrained wp-container-core-group-is-layout-35abefa8 wp-block-group-is-layout-constrained\" style=\"margin-top:0;margin-bottom:0;padding-top:var(--wp--preset--spacing--40);padding-right:var(--wp--preset--spacing--40);padding-bottom:0;padding-left:var(--wp--preset--spacing--40)\">\n<p class=\"link-blank has-text-color has-link-color has-small-font-size wp-elements-5c77ffca8d003ea177e7e7d32bbeea6e\" style=\"color:#929292\"><a href=\"https:\/\/www.kassiopeia.fi\/hotel-levi-panorama\/hotelli-info\/\">Hotelli-info<\/a> \/ Hotel Levi Panorama<\/p>\n<\/div>\n\n\n\n<div class=\"wp-block-group alignfull has-panorama-5-background-color has-background is-layout-constrained wp-container-core-group-is-layout-5d427f71 wp-block-group-is-layout-constrained\" style=\"margin-top:0;margin-bottom:0;padding-top:var(--wp--preset--spacing--40);padding-right:var(--wp--preset--spacing--40);padding-bottom:0;padding-left:var(--wp--preset--spacing--40)\">\n<div class=\"wp-block-group alignwide is-layout-constrained wp-container-core-group-is-layout-9517baca wp-block-group-is-layout-constrained\">\n<h1 class=\"wp-block-heading has-text-align-center\" id=\"h-hotel-levi-panorama\" style=\"margin-bottom:0\">Hotel Levi Panorama<\/h1>\n<\/div>\n<\/div>\n\n\n\n<div class=\"wp-block-group alignfull has-panorama-5-background-color has-background is-layout-constrained wp-container-core-group-is-layout-07f777bb wp-block-group-is-layout-constrained\" style=\"margin-top:0;margin-bottom:0;padding-top:var(--wp--preset--spacing--60);padding-right:var(--wp--preset--spacing--40);padding-bottom:var(--wp--preset--spacing--60);padding-left:var(--wp--preset--spacing--40)\">\n<div class=\"wp-block-media-text alignwide has-media-on-the-right is-stacked-on-mobile is-vertically-aligned-center is-image-fill-element\" style=\"margin-top:var(--wp--preset--spacing--60);margin-bottom:var(--wp--preset--spacing--60)\"><div class=\"wp-block-media-text__content\">\n<div style=\"height:22px\" aria-hidden=\"true\" class=\"wp-block-spacer\"><\/div>\n\n\n\n<h2 class=\"wp-block-heading\" id=\"h-hotel-levi-panorama-0\">Hotel Levi Panorama<\/h2>\n\n\n\n<p>Vastaanotto on avoinna 24\/7.<\/p>\n\n\n\n<h3 class=\"wp-block-heading\" id=\"h-vastaanoton-puhelinnumero\">Vastaanoton puhelinnumero<\/h3>\n\n\n\n<div class=\"wp-block-columns is-not-stacked-on-mobile is-layout-flex wp-container-core-columns-is-layout-28f84493 wp-block-columns-is-layout-flex\">\n<div class=\"wp-block-column is-layout-flow wp-block-column-is-layout-flow\" style=\"flex-basis:10%\">\n<figure class=\"wp-block-image size-large is-resized\"><a href=\"tel:+358 16 336 3000\"><img decoding=\"async\" src=\"https:\/\/www.kassiopeia.fi\/hotel-matts\/wp-content\/uploads\/sites\/2\/2024\/09\/call_matts.svg\" alt=\"\" class=\"wp-image-869\" style=\"width:50px\" \/><\/a><\/figure>\n<\/div>\n\n\n\n<div class=\"wp-block-column is-layout-flow wp-block-column-is-layout-flow\" style=\"flex-basis:66.66%\">\n<style>\n    \n<\/style>\n\n<span class=\"wp-block-acf-yhteystiedot-tel\"><a class=\"align wp-block-acf-yhteystiedot has-text-color has-black-color\" href=\"tel:+358 16 336 3000\">+358 16 336 3000<\/a><\/span><\/div>\n<\/div>\n\n\n\n<div class=\"wp-block-columns is-not-stacked-on-mobile is-layout-flex wp-container-core-columns-is-layout-28f84493 wp-block-columns-is-layout-flex\">\n<div class=\"wp-block-column is-layout-flow wp-block-column-is-layout-flow\" style=\"flex-basis:10%\">\n<figure class=\"wp-block-image size-large is-resized\"><a href=\"https:\/\/kite.wildix.com\/kassiopeia\/200?autocall\" target=\"_blank\" rel=\"noreferrer noopener\"><img decoding=\"async\" src=\"https:\/\/www.kassiopeia.fi\/hotel-matts\/wp-content\/uploads\/sites\/2\/2025\/02\/webcall_matts.svg\" alt=\"\" class=\"wp-image-6020\" style=\"width:50px\" \/><\/a><\/figure>\n<\/div>\n\n\n\n<div class=\"wp-block-column is-layout-flow wp-block-column-is-layout-flow\" style=\"flex-basis:66.66%\">\n<p><a href=\"https:\/\/kite.wildix.com\/kassiopeia\/200?autocall\" target=\"_blank\" rel=\"noreferrer noopener\">Verkkopuhelu<\/a><\/p>\n<\/div>\n<\/div>\n\n\n\n<h3 class=\"wp-block-heading\" id=\"h-aamiainen\">Aamiainen<\/h3>\n\n\n\n<p>Ma\u2013pe 7.00\u201310.00<br>La\u2013su 7.00\u201310.30<\/p>\n\n\n\n<h3 class=\"wp-block-heading\" id=\"h-uloskirjautuminen\"><strong>Uloskirjautuminen<\/strong><\/h3>\n\n\n\n<p>Uloskirjautuminen on viimeist\u00e4\u00e4n klo 11.00.&nbsp; Mahdollisuutta my\u00f6h\u00e4isemp\u00e4\u00e4n huoneen luovutukseen voi tiedustella vastaanotosta aikaisintaan edellisen\u00e4 p\u00e4iv\u00e4n\u00e4. Vastaanotossa on matkatavaras\u00e4ilytys k\u00e4ytett\u00e4viss\u00e4.<\/p>\n\n\n\n<h3 class=\"wp-block-heading\" id=\"h-wi-fi\"><strong>Wi-Fi<\/strong><\/h3>\n\n\n\n<p>Hotel Levi Panorama Wi-Fi: Panorama<br>Levi Chalets Wi-Fi: chalets \/ chalets1<\/p>\n\n\n\n<h3 class=\"wp-block-heading\" id=\"h-saunat\"><strong>Saunat<\/strong><\/h3>\n\n\n\n<p>Saunat ovat l\u00e4mpimin\u00e4 iltaisin <strong>klo 17.00-22.00.<\/strong><br>Saunatilat l\u00f6ytyv\u00e4t hotellin 7. kerroksesta. Otathan oman pyyhkeen mukaan huoneesta. Saunajuomia voi ostaa vastaanoton shopista.<\/p>\n\n\n\n<div style=\"height:40px\" aria-hidden=\"true\" class=\"wp-block-spacer\"><\/div>\n<\/div><figure class=\"wp-block-media-text__media\"><img loading=\"lazy\" decoding=\"async\" width=\"1024\" height=\"576\" src=\"https:\/\/www.kassiopeia.fi\/hotel-levi-panorama\/wp-content\/uploads\/sites\/3\/2024\/10\/hotelli-vastaanotto-1024x576.jpg\" alt=\"\" class=\"wp-image-890 size-full\" style=\"object-position:68% 52%\" srcset=\"https:\/\/www.kassiopeia.fi\/hotel-levi-panorama\/wp-content\/uploads\/sites\/3\/2024\/10\/hotelli-vastaanotto-1024x576.jpg 1024w, https:\/\/www.kassiopeia.fi\/hotel-levi-panorama\/wp-content\/uploads\/sites\/3\/2024\/10\/hotelli-vastaanotto-300x169.jpg 300w, https:\/\/www.kassiopeia.fi\/hotel-levi-panorama\/wp-content\/uploads\/sites\/3\/2024\/10\/hotelli-vastaanotto-768x432.jpg 768w, https:\/\/www.kassiopeia.fi\/hotel-levi-panorama\/wp-content\/uploads\/sites\/3\/2024\/10\/hotelli-vastaanotto-1536x864.jpg 1536w, https:\/\/www.kassiopeia.fi\/hotel-levi-panorama\/wp-content\/uploads\/sites\/3\/2024\/10\/hotelli-vastaanotto.jpg 2000w\" sizes=\"auto, (max-width: 1024px) 100vw, 1024px\" \/><\/figure><\/div>\n\n\n\n<div class=\"wp-block-media-text alignwide is-stacked-on-mobile is-vertically-aligned-center is-image-fill-element\" style=\"margin-top:var(--wp--preset--spacing--60);margin-bottom:var(--wp--preset--spacing--60)\"><figure class=\"wp-block-media-text__media\"><img loading=\"lazy\" decoding=\"async\" width=\"1024\" height=\"1024\" src=\"https:\/\/www.kassiopeia.fi\/hotel-levi-panorama\/wp-content\/uploads\/sites\/3\/2024\/10\/sukset-1024x1024.jpg\" alt=\"\" class=\"wp-image-902 size-full\" style=\"object-position:50% 50%\" srcset=\"https:\/\/www.kassiopeia.fi\/hotel-levi-panorama\/wp-content\/uploads\/sites\/3\/2024\/10\/sukset-1024x1024.jpg 1024w, https:\/\/www.kassiopeia.fi\/hotel-levi-panorama\/wp-content\/uploads\/sites\/3\/2024\/10\/sukset-300x300.jpg 300w, https:\/\/www.kassiopeia.fi\/hotel-levi-panorama\/wp-content\/uploads\/sites\/3\/2024\/10\/sukset-150x150.jpg 150w, https:\/\/www.kassiopeia.fi\/hotel-levi-panorama\/wp-content\/uploads\/sites\/3\/2024\/10\/sukset-768x768.jpg 768w, https:\/\/www.kassiopeia.fi\/hotel-levi-panorama\/wp-content\/uploads\/sites\/3\/2024\/10\/sukset.jpg 1200w\" sizes=\"auto, (max-width: 1024px) 100vw, 1024px\" \/><\/figure><div class=\"wp-block-media-text__content\">\n<div style=\"height:22px\" aria-hidden=\"true\" class=\"wp-block-spacer\"><\/div>\n\n\n\n<h3 class=\"wp-block-heading\" id=\"h-suksivarasto\"><strong>Suksivarasto<\/strong><\/h3>\n\n\n\n<p><strong>Auki klo 8.00-20.00.<\/strong><br>K\u00e4ynti hissill\u00e4 -1 kerrokseen tai suoraan rinteest\u00e4 avainkortilla. Suksivarastossa on lukollisia kaappeja (toimivat 50snt tai 1\u20ac kolikoilla) sek\u00e4 suksitelineit\u00e4, joihin voi lainata vaijerilukkoa vastaanotosta. Suksivarastossa on my\u00f6s suihkutilat.<\/p>\n\n\n\n<h3 class=\"wp-block-heading\" id=\"h-kuntoiluhuone\"><strong>Kuntoiluhuone<\/strong><\/h3>\n\n\n\n<p>Hotellin kompakti kuntoiluhuone sijaitsee -1 kerroksessa ja on k\u00e4ytett\u00e4viss\u00e4 <strong>klo 6.00-23.00.<\/strong><\/p>\n\n\n\n<h3 class=\"wp-block-heading\" id=\"h-lasketteluliput\"><strong>Lasketteluliput<\/strong><\/h3>\n\n\n\n<p>Levi Ski Resortin laskettelulippuja on mahdollista ostaa suoraan hotellin vastaanotosta. Maksutapoina k\u00e4yv\u00e4t kortti ja k\u00e4teinen.<\/p>\n\n\n\n<h3 class=\"wp-block-heading\" id=\"h-express-gondoli-hissi\">Express Gondoli hissi<\/h3>\n\n\n\n<p>Helppo yhteys hotellin ja Levi kyl\u00e4n v\u00e4lill\u00e4. Auki <strong>klo 9.30-19.00.<\/strong> Liput vastaanotosta.<\/p>\n\n\n\n<h3 class=\"wp-block-heading\" id=\"h-vuokraa-auto\">Vuokraa auto<\/h3>\n\n\n\n<p>Yhteisty\u00f6kumppanimme&nbsp;<strong>Omagon<\/strong>&nbsp;kautta voit helposti vuokrata auton suoraan hotelliltamme \u2013 vaikka vain muutamaksi tunniksi.<\/p>\n\n\n\n<p>Varaa ja avaa auto suoraan Omago-sovelluksella. Lataa sovellus ja varaa auto lomallesi!<br><br><a href=\"https:\/\/omago.fi\/auton-vuokraus\">https:\/\/omago.fi\/auton-vuokraus<\/a><\/p>\n\n\n\n<div style=\"height:40px\" aria-hidden=\"true\" class=\"wp-block-spacer\"><\/div>\n<\/div><\/div>\n\n\n\n<div class=\"wp-block-media-text alignwide has-media-on-the-right is-stacked-on-mobile is-vertically-aligned-center is-image-fill-element\" style=\"margin-top:var(--wp--preset--spacing--60);margin-bottom:var(--wp--preset--spacing--60)\"><div class=\"wp-block-media-text__content\">\n<div style=\"height:22px\" aria-hidden=\"true\" class=\"wp-block-spacer\"><\/div>\n\n\n\n<h3 class=\"wp-block-heading\" id=\"h-siivous\"><strong>Siivous<\/strong><\/h3>\n\n\n\n<p>P\u00e4iv\u00e4siivous tehd\u00e4\u00e4n klo 9.00-16.00 v\u00e4lisen\u00e4 aikana. Jos ette tarvitse p\u00e4iv\u00e4siivousta, niin laittakaa \u00c4l\u00e4 h\u00e4iritse -kyltti oveen. Mik\u00e4li haluatte, ett\u00e4 pyyhkeenne vaihdetaan niin j\u00e4tt\u00e4k\u00e4\u00e4 ne kylpyhuoneen lattialle.<\/p>\n\n\n\n<h3 class=\"wp-block-heading\" id=\"h-pyykkipalvelu\">Pyykkipalvelu<\/h3>\n\n\n\n<p>Kysy lis\u00e4\u00e4 vastaanotosta.<\/p>\n\n\n\n<div style=\"height:40px\" aria-hidden=\"true\" class=\"wp-block-spacer\"><\/div>\n<\/div><figure class=\"wp-block-media-text__media\"><img loading=\"lazy\" decoding=\"async\" width=\"1024\" height=\"576\" src=\"https:\/\/www.kassiopeia.fi\/hotel-levi-panorama\/wp-content\/uploads\/sites\/3\/2024\/09\/hotel-levi-panorama-sisakuva-1024x576.jpg\" alt=\"\" class=\"wp-image-103 size-full\" style=\"object-position:36% 55%\" srcset=\"https:\/\/www.kassiopeia.fi\/hotel-levi-panorama\/wp-content\/uploads\/sites\/3\/2024\/09\/hotel-levi-panorama-sisakuva-1024x576.jpg 1024w, https:\/\/www.kassiopeia.fi\/hotel-levi-panorama\/wp-content\/uploads\/sites\/3\/2024\/09\/hotel-levi-panorama-sisakuva-300x169.jpg 300w, https:\/\/www.kassiopeia.fi\/hotel-levi-panorama\/wp-content\/uploads\/sites\/3\/2024\/09\/hotel-levi-panorama-sisakuva-768x432.jpg 768w, https:\/\/www.kassiopeia.fi\/hotel-levi-panorama\/wp-content\/uploads\/sites\/3\/2024\/09\/hotel-levi-panorama-sisakuva-1536x864.jpg 1536w, https:\/\/www.kassiopeia.fi\/hotel-levi-panorama\/wp-content\/uploads\/sites\/3\/2024\/09\/hotel-levi-panorama-sisakuva.jpg 1920w\" sizes=\"auto, (max-width: 1024px) 100vw, 1024px\" \/><\/figure><\/div>\n<\/div>\n","protected":false},"excerpt":{"rendered":"<p>Hotelli-info \/ Hotel Levi Panorama Hotel Levi Panorama Hotel Levi Panorama Vastaanotto on avoinna 24\/7. Vastaanoton puhelinnumero Verkkopuhelu Aamiainen Ma\u2013pe 7.00\u201310.00La\u2013su 7.00\u201310.30 Uloskirjautuminen Uloskirjautuminen on viimeist\u00e4\u00e4n klo 11.00.&nbsp; Mahdollisuutta my\u00f6h\u00e4isemp\u00e4\u00e4n huoneen luovutukseen voi tiedustella vastaanotosta aikaisintaan edellisen\u00e4 p\u00e4iv\u00e4n\u00e4. Vastaanotossa on matkatavaras\u00e4ilytys k\u00e4ytett\u00e4viss\u00e4. Wi-Fi Hotel Levi Panorama Wi-Fi: PanoramaLevi Chalets Wi-Fi: chalets \/ chalets1 Saunat Saunat [&hellip;]<\/p>\n","protected":false},"author":7,"featured_media":0,"parent":842,"menu_order":0,"comment_status":"closed","ping_status":"closed","template":"blank","meta":{"_acf_changed":false,"footnotes":""},"class_list":["post-861","page","type-page","status-publish","hentry"],"acf":[],"yoast_head":"<!-- This site is optimized with the Yoast SEO Premium plugin v27.2 (Yoast SEO v27.2) - https:\/\/yoast.com\/product\/yoast-seo-premium-wordpress\/ -->\n<title>Hotelli-info Hotelli - Hotel Levi Panorama<\/title>\n<meta name=\"robots\" content=\"noindex, nofollow\" \/>\n<meta property=\"og:locale\" content=\"en_US\" \/>\n<meta property=\"og:type\" content=\"article\" \/>\n<meta property=\"og:title\" content=\"Hotelli-info Hotelli\" \/>\n<meta property=\"og:description\" content=\"Hotelli-info \/ Hotel Levi Panorama Hotel Levi Panorama Hotel Levi Panorama Vastaanotto on avoinna 24\/7. Vastaanoton puhelinnumero Verkkopuhelu Aamiainen Ma\u2013pe 7.00\u201310.00La\u2013su 7.00\u201310.30 Uloskirjautuminen Uloskirjautuminen on viimeist\u00e4\u00e4n klo 11.00.&nbsp; Mahdollisuutta my\u00f6h\u00e4isemp\u00e4\u00e4n huoneen luovutukseen voi tiedustella vastaanotosta aikaisintaan edellisen\u00e4 p\u00e4iv\u00e4n\u00e4. Vastaanotossa on matkatavaras\u00e4ilytys k\u00e4ytett\u00e4viss\u00e4. Wi-Fi Hotel Levi Panorama Wi-Fi: PanoramaLevi Chalets Wi-Fi: chalets \/ chalets1 Saunat Saunat [&hellip;]\" \/>\n<meta property=\"og:url\" content=\"https:\/\/www.kassiopeia.fi\/hotel-levi-panorama\/hotelli-info\/hotelli\/\" \/>\n<meta property=\"og:site_name\" content=\"Hotel Levi Panorama\" \/>\n<meta property=\"article:modified_time\" content=\"2026-04-13T07:55:28+00:00\" \/>\n<meta property=\"og:image\" content=\"https:\/\/www.kassiopeia.fi\/hotel-levi-panorama\/wp-content\/uploads\/sites\/3\/2024\/10\/hotel-levi-panorama-talvinen-ulkokuva.jpg\" \/>\n\t<meta property=\"og:image:width\" content=\"2000\" \/>\n\t<meta property=\"og:image:height\" content=\"1322\" \/>\n\t<meta property=\"og:image:type\" content=\"image\/jpeg\" \/>\n<meta name=\"twitter:card\" content=\"summary_large_image\" \/>\n<meta name=\"twitter:label1\" content=\"Est. reading time\" \/>\n\t<meta name=\"twitter:data1\" content=\"3 minutes\" \/>\n<script type=\"application\/ld+json\" class=\"yoast-schema-graph\">{\"@context\":\"https:\/\/schema.org\",\"@graph\":[{\"@type\":\"WebPage\",\"@id\":\"https:\/\/www.kassiopeia.fi\/hotel-levi-panorama\/hotelli-info\/hotelli\/\",\"url\":\"https:\/\/www.kassiopeia.fi\/hotel-levi-panorama\/hotelli-info\/hotelli\/\",\"name\":\"Hotelli-info Hotelli - Hotel Levi Panorama\",\"isPartOf\":{\"@id\":\"https:\/\/www.kassiopeia.fi\/hotel-levi-panorama\/#website\"},\"primaryImageOfPage\":{\"@id\":\"https:\/\/www.kassiopeia.fi\/hotel-levi-panorama\/hotelli-info\/hotelli\/#primaryimage\"},\"image\":{\"@id\":\"https:\/\/www.kassiopeia.fi\/hotel-levi-panorama\/hotelli-info\/hotelli\/#primaryimage\"},\"thumbnailUrl\":\"https:\/\/www.kassiopeia.fi\/hotel-levi-panorama\/wp-content\/uploads\/sites\/3\/2024\/10\/hotel-levi-panorama-talvinen-ulkokuva.jpg\",\"datePublished\":\"2024-10-17T08:17:37+00:00\",\"dateModified\":\"2026-04-13T07:55:28+00:00\",\"breadcrumb\":{\"@id\":\"https:\/\/www.kassiopeia.fi\/hotel-levi-panorama\/hotelli-info\/hotelli\/#breadcrumb\"},\"inLanguage\":\"en-US\",\"potentialAction\":[{\"@type\":\"ReadAction\",\"target\":[\"https:\/\/www.kassiopeia.fi\/hotel-levi-panorama\/hotelli-info\/hotelli\/\"]}]},{\"@type\":\"ImageObject\",\"inLanguage\":\"en-US\",\"@id\":\"https:\/\/www.kassiopeia.fi\/hotel-levi-panorama\/hotelli-info\/hotelli\/#primaryimage\",\"url\":\"https:\/\/www.kassiopeia.fi\/hotel-levi-panorama\/wp-content\/uploads\/sites\/3\/2024\/10\/hotel-levi-panorama-talvinen-ulkokuva.jpg\",\"contentUrl\":\"https:\/\/www.kassiopeia.fi\/hotel-levi-panorama\/wp-content\/uploads\/sites\/3\/2024\/10\/hotel-levi-panorama-talvinen-ulkokuva.jpg\",\"width\":2000,\"height\":1322,\"caption\":\"Hotel Levi Panoraman kuva talvella auringonlaskun aikaan.\"},{\"@type\":\"BreadcrumbList\",\"@id\":\"https:\/\/www.kassiopeia.fi\/hotel-levi-panorama\/hotelli-info\/hotelli\/#breadcrumb\",\"itemListElement\":[{\"@type\":\"ListItem\",\"position\":1,\"name\":\"Home\",\"item\":\"https:\/\/www.kassiopeia.fi\/hotel-levi-panorama\/\"},{\"@type\":\"ListItem\",\"position\":2,\"name\":\"Hotelli-info\",\"item\":\"https:\/\/www.kassiopeia.fi\/hotel-levi-panorama\/hotelli-info\/\"},{\"@type\":\"ListItem\",\"position\":3,\"name\":\"Hotelli-info Hotelli\"}]},{\"@type\":\"WebSite\",\"@id\":\"https:\/\/www.kassiopeia.fi\/hotel-levi-panorama\/#website\",\"url\":\"https:\/\/www.kassiopeia.fi\/hotel-levi-panorama\/\",\"name\":\"Hotel Levi Panorama\",\"description\":\"\",\"potentialAction\":[{\"@type\":\"SearchAction\",\"target\":{\"@type\":\"EntryPoint\",\"urlTemplate\":\"https:\/\/www.kassiopeia.fi\/hotel-levi-panorama\/?s={search_term_string}\"},\"query-input\":{\"@type\":\"PropertyValueSpecification\",\"valueRequired\":true,\"valueName\":\"search_term_string\"}}],\"inLanguage\":\"en-US\"}]}<\/script>\n<!-- \/ Yoast SEO Premium plugin. -->","yoast_head_json":{"title":"Hotelli-info Hotelli - Hotel Levi Panorama","robots":{"index":"noindex","follow":"nofollow"},"og_locale":"en_US","og_type":"article","og_title":"Hotelli-info Hotelli","og_description":"Hotelli-info \/ Hotel Levi Panorama Hotel Levi Panorama Hotel Levi Panorama Vastaanotto on avoinna 24\/7. Vastaanoton puhelinnumero Verkkopuhelu Aamiainen Ma\u2013pe 7.00\u201310.00La\u2013su 7.00\u201310.30 Uloskirjautuminen Uloskirjautuminen on viimeist\u00e4\u00e4n klo 11.00.&nbsp; Mahdollisuutta my\u00f6h\u00e4isemp\u00e4\u00e4n huoneen luovutukseen voi tiedustella vastaanotosta aikaisintaan edellisen\u00e4 p\u00e4iv\u00e4n\u00e4. Vastaanotossa on matkatavaras\u00e4ilytys k\u00e4ytett\u00e4viss\u00e4. Wi-Fi Hotel Levi Panorama Wi-Fi: PanoramaLevi Chalets Wi-Fi: chalets \/ chalets1 Saunat Saunat [&hellip;]","og_url":"https:\/\/www.kassiopeia.fi\/hotel-levi-panorama\/hotelli-info\/hotelli\/","og_site_name":"Hotel Levi Panorama","article_modified_time":"2026-04-13T07:55:28+00:00","og_image":[{"width":2000,"height":1322,"url":"https:\/\/www.kassiopeia.fi\/hotel-levi-panorama\/wp-content\/uploads\/sites\/3\/2024\/10\/hotel-levi-panorama-talvinen-ulkokuva.jpg","type":"image\/jpeg"}],"twitter_card":"summary_large_image","twitter_misc":{"Est. reading time":"3 minutes"},"schema":{"@context":"https:\/\/schema.org","@graph":[{"@type":"WebPage","@id":"https:\/\/www.kassiopeia.fi\/hotel-levi-panorama\/hotelli-info\/hotelli\/","url":"https:\/\/www.kassiopeia.fi\/hotel-levi-panorama\/hotelli-info\/hotelli\/","name":"Hotelli-info Hotelli - Hotel Levi Panorama","isPartOf":{"@id":"https:\/\/www.kassiopeia.fi\/hotel-levi-panorama\/#website"},"primaryImageOfPage":{"@id":"https:\/\/www.kassiopeia.fi\/hotel-levi-panorama\/hotelli-info\/hotelli\/#primaryimage"},"image":{"@id":"https:\/\/www.kassiopeia.fi\/hotel-levi-panorama\/hotelli-info\/hotelli\/#primaryimage"},"thumbnailUrl":"https:\/\/www.kassiopeia.fi\/hotel-levi-panorama\/wp-content\/uploads\/sites\/3\/2024\/10\/hotel-levi-panorama-talvinen-ulkokuva.jpg","datePublished":"2024-10-17T08:17:37+00:00","dateModified":"2026-04-13T07:55:28+00:00","breadcrumb":{"@id":"https:\/\/www.kassiopeia.fi\/hotel-levi-panorama\/hotelli-info\/hotelli\/#breadcrumb"},"inLanguage":"en-US","potentialAction":[{"@type":"ReadAction","target":["https:\/\/www.kassiopeia.fi\/hotel-levi-panorama\/hotelli-info\/hotelli\/"]}]},{"@type":"ImageObject","inLanguage":"en-US","@id":"https:\/\/www.kassiopeia.fi\/hotel-levi-panorama\/hotelli-info\/hotelli\/#primaryimage","url":"https:\/\/www.kassiopeia.fi\/hotel-levi-panorama\/wp-content\/uploads\/sites\/3\/2024\/10\/hotel-levi-panorama-talvinen-ulkokuva.jpg","contentUrl":"https:\/\/www.kassiopeia.fi\/hotel-levi-panorama\/wp-content\/uploads\/sites\/3\/2024\/10\/hotel-levi-panorama-talvinen-ulkokuva.jpg","width":2000,"height":1322,"caption":"Hotel Levi Panoraman kuva talvella auringonlaskun aikaan."},{"@type":"BreadcrumbList","@id":"https:\/\/www.kassiopeia.fi\/hotel-levi-panorama\/hotelli-info\/hotelli\/#breadcrumb","itemListElement":[{"@type":"ListItem","position":1,"name":"Home","item":"https:\/\/www.kassiopeia.fi\/hotel-levi-panorama\/"},{"@type":"ListItem","position":2,"name":"Hotelli-info","item":"https:\/\/www.kassiopeia.fi\/hotel-levi-panorama\/hotelli-info\/"},{"@type":"ListItem","position":3,"name":"Hotelli-info Hotelli"}]},{"@type":"WebSite","@id":"https:\/\/www.kassiopeia.fi\/hotel-levi-panorama\/#website","url":"https:\/\/www.kassiopeia.fi\/hotel-levi-panorama\/","name":"Hotel Levi Panorama","description":"","potentialAction":[{"@type":"SearchAction","target":{"@type":"EntryPoint","urlTemplate":"https:\/\/www.kassiopeia.fi\/hotel-levi-panorama\/?s={search_term_string}"},"query-input":{"@type":"PropertyValueSpecification","valueRequired":true,"valueName":"search_term_string"}}],"inLanguage":"en-US"}]}},"lang":"fi","translations":{"fi":861,"en":1016},"pll_sync_post":[],"_links":{"self":[{"href":"https:\/\/www.kassiopeia.fi\/hotel-levi-panorama\/wp-json\/wp\/v2\/pages\/861","targetHints":{"allow":["GET"]}}],"collection":[{"href":"https:\/\/www.kassiopeia.fi\/hotel-levi-panorama\/wp-json\/wp\/v2\/pages"}],"about":[{"href":"https:\/\/www.kassiopeia.fi\/hotel-levi-panorama\/wp-json\/wp\/v2\/types\/page"}],"author":[{"embeddable":true,"href":"https:\/\/www.kassiopeia.fi\/hotel-levi-panorama\/wp-json\/wp\/v2\/users\/7"}],"replies":[{"embeddable":true,"href":"https:\/\/www.kassiopeia.fi\/hotel-levi-panorama\/wp-json\/wp\/v2\/comments?post=861"}],"version-history":[{"count":29,"href":"https:\/\/www.kassiopeia.fi\/hotel-levi-panorama\/wp-json\/wp\/v2\/pages\/861\/revisions"}],"predecessor-version":[{"id":7185,"href":"https:\/\/www.kassiopeia.fi\/hotel-levi-panorama\/wp-json\/wp\/v2\/pages\/861\/revisions\/7185"}],"up":[{"embeddable":true,"href":"https:\/\/www.kassiopeia.fi\/hotel-levi-panorama\/wp-json\/wp\/v2\/pages\/842"}],"wp:attachment":[{"href":"https:\/\/www.kassiopeia.fi\/hotel-levi-panorama\/wp-json\/wp\/v2\/media?parent=861"}],"curies":[{"name":"wp","href":"https:\/\/api.w.org\/{rel}","templated":true}]}}