{"id":6634,"date":"2025-12-11T09:14:38","date_gmt":"2025-12-11T09:14:38","guid":{"rendered":"https:\/\/www.kassiopeia.fi\/hotel-levi-panorama\/?page_id=6634"},"modified":"2025-12-11T09:14:38","modified_gmt":"2025-12-11T09:14:38","slug":"gondoli-levi-express","status":"publish","type":"page","link":"https:\/\/www.kassiopeia.fi\/hotel-levi-panorama\/gondoli-levi-express\/","title":{"rendered":"Levi Express gondoli"},"content":{"rendered":"\n<div class=\"wp-block-cover alignfull is-light cover-hero wp-duotone-unset-1\" style=\"margin-top:0px;margin-bottom:0px;padding-top:0px;padding-right:0px;padding-bottom:0px;padding-left:0px;min-height:30vw;aspect-ratio:unset;\"><img loading=\"lazy\" decoding=\"async\" width=\"1024\" height=\"752\" class=\"wp-block-cover__image-background wp-image-533 size-large\" alt=\"\" src=\"https:\/\/www.kassiopeia.fi\/hotel-levi-panorama\/wp-content\/uploads\/sites\/3\/2024\/10\/gondoli-hissit-levi-panorama-1024x752.jpg\" data-object-fit=\"cover\" srcset=\"https:\/\/www.kassiopeia.fi\/hotel-levi-panorama\/wp-content\/uploads\/sites\/3\/2024\/10\/gondoli-hissit-levi-panorama-1024x752.jpg 1024w, https:\/\/www.kassiopeia.fi\/hotel-levi-panorama\/wp-content\/uploads\/sites\/3\/2024\/10\/gondoli-hissit-levi-panorama-300x220.jpg 300w, https:\/\/www.kassiopeia.fi\/hotel-levi-panorama\/wp-content\/uploads\/sites\/3\/2024\/10\/gondoli-hissit-levi-panorama-768x564.jpg 768w, https:\/\/www.kassiopeia.fi\/hotel-levi-panorama\/wp-content\/uploads\/sites\/3\/2024\/10\/gondoli-hissit-levi-panorama.jpg 1090w\" sizes=\"auto, (max-width: 1024px) 100vw, 1024px\" \/><span aria-hidden=\"true\" class=\"wp-block-cover__background has-black-background-color has-background-dim-0 has-background-dim\"><\/span><div class=\"wp-block-cover__inner-container is-layout-flow wp-container-core-cover-is-layout-6e17fc20 wp-block-cover-is-layout-flow\">\n<h1 class=\"wp-block-heading has-text-align-center\" id=\"h-\" style=\"font-size:70px\"><\/h1>\n\n\n\n<p><\/p>\n<\/div><\/div>\n\n\n\n<div class=\"breadcrumb-container\"><ul id=\"breadcrumbs\" class=\"breadcrumbs\"><li class=\"item-home\"><a class=\"bread-link bread-home\" href=\"https:\/\/www.kassiopeia.fi\/hotel-levi-panorama\" title=\"Hotel Levi Panorama\">Hotel Levi Panorama<\/a><\/li><li class=\"separator separator-home\"> \/ <\/li><\/ul><\/div>\n<style>\n    \n<\/style>\n\n\n<div class=\"wp-block-group alignfull is-layout-constrained wp-container-core-group-is-layout-244a2f0a wp-block-group-is-layout-constrained\" style=\"padding-top:var(--wp--preset--spacing--50);padding-right:var(--wp--preset--spacing--40);padding-bottom:var(--wp--preset--spacing--70);padding-left:var(--wp--preset--spacing--40)\">\n<div class=\"wp-block-group alignwide ingress is-layout-constrained wp-block-group-is-layout-constrained\">\n<h1 class=\"wp-block-heading has-text-align-center\" id=\"h-levi-express-gondoli\" style=\"margin-bottom:var(--wp--preset--spacing--60)\">Levi Express gondoli<\/h1>\n\n\n\n<p class=\"has-text-align-center has-large-font-size\">Hotel Levi Panoramaan ja Panoraman ravintoloihin sek\u00e4 tapahtumakeskus Levi Summitiin  p\u00e4\u00e4see helposti  Levi Express -n\u00e4k\u00f6alahissill\u00e4. Hissi  l\u00e4htee Levin kyl\u00e4lt\u00e4  Zero Pointista.<\/p>\n<\/div>\n\n\n\n<div class=\"wp-block-group alignfull is-layout-constrained wp-container-core-group-is-layout-d421addc wp-block-group-is-layout-constrained\" style=\"padding-right:var(--wp--preset--spacing--40);padding-bottom:var(--wp--preset--spacing--70);padding-left:var(--wp--preset--spacing--40)\">\n<div class=\"wp-block-media-text alignwide has-media-on-the-right is-stacked-on-mobile is-vertically-aligned-center is-image-fill-element waves-bottom has-panorama-5-background-color has-background\" style=\"margin-top:var(--wp--preset--spacing--40)\"><div class=\"wp-block-media-text__content\">\n<h3 class=\"wp-block-heading has-text-align-left has-hotel-matts-7-color has-text-color has-link-color has-medium-font-size wp-elements-6dd7018c9e12d5c2569ae1cfd5852e8f\" id=\"h-levi-express-nakoalahissin-aikataulu\">Levi Express -n\u00e4k\u00f6alahissin aikataulu<\/h3>\n\n\n\n\n<style>\n    #wp-block-acf-tietokentat-1863652116 p {\n        margin: 0px;\n        margin-bottom: 9px;\n        <br \/>\n<b>Warning<\/b>:  Undefined variable $textAlign in <b>\/var\/www\/kassiopeia.fi\/git-repo\/kassiopeia\/kassiopeia-custom-blocks\/blocks\/tietokentat\/block.php<\/b> on line <b>74<\/b><br \/>\n    }\n<\/style>\n\n<div class=\"align wp-block-acf-tietokentat has-text-color has-black-color\" id=\"wp-block-acf-tietokentat-1863652116\"><p style=\"text-align: center;\" data-start=\"0\" data-end=\"62\"><strong data-start=\"0\" data-end=\"34\">Schedule 13 April \u2013 3 May 2026<\/strong><br data-start=\"34\" data-end=\"37\" \/>Daily 9:30 AM \u2013 7:00 PM<\/p>\n<p style=\"text-align: center;\" data-start=\"64\" data-end=\"99\"><strong data-start=\"64\" data-end=\"88\">4 May \u2013 11 June 2026<\/strong><br data-start=\"88\" data-end=\"91\" \/>Closed<\/p>\n<p style=\"text-align: center;\" data-start=\"101\" data-end=\"155\"><strong data-start=\"101\" data-end=\"132\">12 June \u2013 26 September 2026<\/strong><br data-start=\"132\" data-end=\"135\" \/>10:00 AM \u2013 6:00 PM<\/p>\n<p style=\"text-align: center;\" data-start=\"157\" data-end=\"201\"><strong data-start=\"157\" data-end=\"190\">27 September \u2013 2 October 2026<\/strong><br data-start=\"190\" data-end=\"193\" \/>Closed<\/p>\n<p style=\"text-align: center;\" data-start=\"203\" data-end=\"257\"><strong data-start=\"203\" data-end=\"235\">3 October \u2013 12 November 2026<\/strong><br data-start=\"235\" data-end=\"238\" \/>9:30 AM \u2013 7:00 PM<\/p>\n<\/div>\n\n\n\n<p>Katso lis\u00e4tietoja n\u00e4k\u00f6alahissist\u00e4 ja poikkeusaikataulut Visit Levin sivuilta:<\/p>\n\n\n\n<div class=\"wp-block-buttons is-layout-flex wp-block-buttons-is-layout-flex\">\n<div class=\"wp-block-button\"><a class=\"wp-block-button__link wp-element-button\" href=\"https:\/\/www.levi.fi\/laskettelu-ja-hiihto\/hiihtokeskus-palvelut\/nakoalahissit\/\" target=\"_blank\" rel=\"noreferrer noopener\">Lue lis\u00e4\u00e4<\/a><\/div>\n<\/div>\n\n\n\n<div style=\"height:40px\" aria-hidden=\"true\" class=\"wp-block-spacer\"><\/div>\n<\/div><figure class=\"wp-block-media-text__media\"><img loading=\"lazy\" decoding=\"async\" width=\"712\" height=\"742\" src=\"https:\/\/www.kassiopeia.fi\/hotel-levi-panorama\/wp-content\/uploads\/sites\/3\/2025\/10\/gondoli-1.jpg\" alt=\"\" class=\"wp-image-6110 size-full\" style=\"object-position:50% 50%\" srcset=\"https:\/\/www.kassiopeia.fi\/hotel-levi-panorama\/wp-content\/uploads\/sites\/3\/2025\/10\/gondoli-1.jpg 712w, https:\/\/www.kassiopeia.fi\/hotel-levi-panorama\/wp-content\/uploads\/sites\/3\/2025\/10\/gondoli-1-288x300.jpg 288w\" sizes=\"auto, (max-width: 712px) 100vw, 712px\" \/><\/figure><\/div>\n<\/div>\n<\/div>\n\n\n\n<p><\/p>\n","protected":false},"excerpt":{"rendered":"<p>Levi Express gondoli Hotel Levi Panoramaan ja Panoraman ravintoloihin sek\u00e4 tapahtumakeskus Levi Summitiin p\u00e4\u00e4see helposti Levi Express -n\u00e4k\u00f6alahissill\u00e4. Hissi l\u00e4htee Levin kyl\u00e4lt\u00e4 Zero Pointista. Levi Express -n\u00e4k\u00f6alahissin aikataulu Katso lis\u00e4tietoja n\u00e4k\u00f6alahissist\u00e4 ja poikkeusaikataulut Visit Levin sivuilta:<\/p>\n","protected":false},"author":8,"featured_media":0,"parent":0,"menu_order":0,"comment_status":"closed","ping_status":"closed","template":"","meta":{"_acf_changed":false,"footnotes":""},"class_list":["post-6634","page","type-page","status-publish","hentry"],"acf":[],"yoast_head":"<!-- This site is optimized with the Yoast SEO Premium plugin v27.2 (Yoast SEO v27.2) - https:\/\/yoast.com\/product\/yoast-seo-premium-wordpress\/ -->\n<title>Levi Express gondoli - Hotel Levi Panorama<\/title>\n<meta name=\"description\" content=\"Hotel Levi Panorama tarjoaa upeat puitteet ikimuistoisille juhlille tunturimaisemissa. Lue lis\u00e4\u00e4 ja pyyd\u00e4 tarjous!\" \/>\n<meta name=\"robots\" content=\"index, follow, max-snippet:-1, max-image-preview:large, max-video-preview:-1\" \/>\n<link rel=\"canonical\" href=\"https:\/\/www.kassiopeia.fi\/hotel-levi-panorama\/gondoli-levi-express\/\" \/>\n<meta property=\"og:locale\" content=\"en_US\" \/>\n<meta property=\"og:type\" content=\"article\" \/>\n<meta property=\"og:title\" content=\"Levi Express gondoli\" \/>\n<meta property=\"og:description\" content=\"Hotel Levi Panorama tarjoaa upeat puitteet ikimuistoisille juhlille tunturimaisemissa. Lue lis\u00e4\u00e4 ja pyyd\u00e4 tarjous!\" \/>\n<meta property=\"og:url\" content=\"https:\/\/www.kassiopeia.fi\/hotel-levi-panorama\/gondoli-levi-express\/\" \/>\n<meta property=\"og:site_name\" content=\"Hotel Levi Panorama\" \/>\n<meta property=\"og:image\" content=\"https:\/\/www.kassiopeia.fi\/hotel-levi-panorama\/wp-content\/uploads\/sites\/3\/2024\/10\/gondoli-hissit-levi-panorama.jpg\" \/>\n\t<meta property=\"og:image:width\" content=\"1090\" \/>\n\t<meta property=\"og:image:height\" content=\"800\" \/>\n\t<meta property=\"og:image:type\" content=\"image\/jpeg\" \/>\n<meta name=\"twitter:card\" content=\"summary_large_image\" \/>\n<meta name=\"twitter:label1\" content=\"Est. reading time\" \/>\n\t<meta name=\"twitter:data1\" content=\"1 minute\" \/>\n<script type=\"application\/ld+json\" class=\"yoast-schema-graph\">{\"@context\":\"https:\/\/schema.org\",\"@graph\":[{\"@type\":\"WebPage\",\"@id\":\"https:\/\/www.kassiopeia.fi\/hotel-levi-panorama\/gondoli-levi-express\/\",\"url\":\"https:\/\/www.kassiopeia.fi\/hotel-levi-panorama\/gondoli-levi-express\/\",\"name\":\"Levi Express gondoli - Hotel Levi Panorama\",\"isPartOf\":{\"@id\":\"https:\/\/www.kassiopeia.fi\/hotel-levi-panorama\/#website\"},\"primaryImageOfPage\":{\"@id\":\"https:\/\/www.kassiopeia.fi\/hotel-levi-panorama\/gondoli-levi-express\/#primaryimage\"},\"image\":{\"@id\":\"https:\/\/www.kassiopeia.fi\/hotel-levi-panorama\/gondoli-levi-express\/#primaryimage\"},\"thumbnailUrl\":\"https:\/\/www.kassiopeia.fi\/hotel-levi-panorama\/wp-content\/uploads\/sites\/3\/2024\/10\/gondoli-hissit-levi-panorama-1024x752.jpg\",\"datePublished\":\"2025-12-11T09:14:38+00:00\",\"description\":\"Hotel Levi Panorama tarjoaa upeat puitteet ikimuistoisille juhlille tunturimaisemissa. Lue lis\u00e4\u00e4 ja pyyd\u00e4 tarjous!\",\"breadcrumb\":{\"@id\":\"https:\/\/www.kassiopeia.fi\/hotel-levi-panorama\/gondoli-levi-express\/#breadcrumb\"},\"inLanguage\":\"en-US\",\"potentialAction\":[{\"@type\":\"ReadAction\",\"target\":[\"https:\/\/www.kassiopeia.fi\/hotel-levi-panorama\/gondoli-levi-express\/\"]}]},{\"@type\":\"ImageObject\",\"inLanguage\":\"en-US\",\"@id\":\"https:\/\/www.kassiopeia.fi\/hotel-levi-panorama\/gondoli-levi-express\/#primaryimage\",\"url\":\"https:\/\/www.kassiopeia.fi\/hotel-levi-panorama\/wp-content\/uploads\/sites\/3\/2024\/10\/gondoli-hissit-levi-panorama.jpg\",\"contentUrl\":\"https:\/\/www.kassiopeia.fi\/hotel-levi-panorama\/wp-content\/uploads\/sites\/3\/2024\/10\/gondoli-hissit-levi-panorama.jpg\",\"width\":1090,\"height\":800},{\"@type\":\"BreadcrumbList\",\"@id\":\"https:\/\/www.kassiopeia.fi\/hotel-levi-panorama\/gondoli-levi-express\/#breadcrumb\",\"itemListElement\":[{\"@type\":\"ListItem\",\"position\":1,\"name\":\"Home\",\"item\":\"https:\/\/www.kassiopeia.fi\/hotel-levi-panorama\/\"},{\"@type\":\"ListItem\",\"position\":2,\"name\":\"Levi Express gondoli\"}]},{\"@type\":\"WebSite\",\"@id\":\"https:\/\/www.kassiopeia.fi\/hotel-levi-panorama\/#website\",\"url\":\"https:\/\/www.kassiopeia.fi\/hotel-levi-panorama\/\",\"name\":\"Hotel Levi Panorama\",\"description\":\"\",\"potentialAction\":[{\"@type\":\"SearchAction\",\"target\":{\"@type\":\"EntryPoint\",\"urlTemplate\":\"https:\/\/www.kassiopeia.fi\/hotel-levi-panorama\/?s={search_term_string}\"},\"query-input\":{\"@type\":\"PropertyValueSpecification\",\"valueRequired\":true,\"valueName\":\"search_term_string\"}}],\"inLanguage\":\"en-US\"}]}<\/script>\n<!-- \/ Yoast SEO Premium plugin. -->","yoast_head_json":{"title":"Levi Express gondoli - Hotel Levi Panorama","description":"Hotel Levi Panorama tarjoaa upeat puitteet ikimuistoisille juhlille tunturimaisemissa. Lue lis\u00e4\u00e4 ja pyyd\u00e4 tarjous!","robots":{"index":"index","follow":"follow","max-snippet":"max-snippet:-1","max-image-preview":"max-image-preview:large","max-video-preview":"max-video-preview:-1"},"canonical":"https:\/\/www.kassiopeia.fi\/hotel-levi-panorama\/gondoli-levi-express\/","og_locale":"en_US","og_type":"article","og_title":"Levi Express gondoli","og_description":"Hotel Levi Panorama tarjoaa upeat puitteet ikimuistoisille juhlille tunturimaisemissa. Lue lis\u00e4\u00e4 ja pyyd\u00e4 tarjous!","og_url":"https:\/\/www.kassiopeia.fi\/hotel-levi-panorama\/gondoli-levi-express\/","og_site_name":"Hotel Levi Panorama","og_image":[{"width":1090,"height":800,"url":"https:\/\/www.kassiopeia.fi\/hotel-levi-panorama\/wp-content\/uploads\/sites\/3\/2024\/10\/gondoli-hissit-levi-panorama.jpg","type":"image\/jpeg"}],"twitter_card":"summary_large_image","twitter_misc":{"Est. reading time":"1 minute"},"schema":{"@context":"https:\/\/schema.org","@graph":[{"@type":"WebPage","@id":"https:\/\/www.kassiopeia.fi\/hotel-levi-panorama\/gondoli-levi-express\/","url":"https:\/\/www.kassiopeia.fi\/hotel-levi-panorama\/gondoli-levi-express\/","name":"Levi Express gondoli - Hotel Levi Panorama","isPartOf":{"@id":"https:\/\/www.kassiopeia.fi\/hotel-levi-panorama\/#website"},"primaryImageOfPage":{"@id":"https:\/\/www.kassiopeia.fi\/hotel-levi-panorama\/gondoli-levi-express\/#primaryimage"},"image":{"@id":"https:\/\/www.kassiopeia.fi\/hotel-levi-panorama\/gondoli-levi-express\/#primaryimage"},"thumbnailUrl":"https:\/\/www.kassiopeia.fi\/hotel-levi-panorama\/wp-content\/uploads\/sites\/3\/2024\/10\/gondoli-hissit-levi-panorama-1024x752.jpg","datePublished":"2025-12-11T09:14:38+00:00","description":"Hotel Levi Panorama tarjoaa upeat puitteet ikimuistoisille juhlille tunturimaisemissa. Lue lis\u00e4\u00e4 ja pyyd\u00e4 tarjous!","breadcrumb":{"@id":"https:\/\/www.kassiopeia.fi\/hotel-levi-panorama\/gondoli-levi-express\/#breadcrumb"},"inLanguage":"en-US","potentialAction":[{"@type":"ReadAction","target":["https:\/\/www.kassiopeia.fi\/hotel-levi-panorama\/gondoli-levi-express\/"]}]},{"@type":"ImageObject","inLanguage":"en-US","@id":"https:\/\/www.kassiopeia.fi\/hotel-levi-panorama\/gondoli-levi-express\/#primaryimage","url":"https:\/\/www.kassiopeia.fi\/hotel-levi-panorama\/wp-content\/uploads\/sites\/3\/2024\/10\/gondoli-hissit-levi-panorama.jpg","contentUrl":"https:\/\/www.kassiopeia.fi\/hotel-levi-panorama\/wp-content\/uploads\/sites\/3\/2024\/10\/gondoli-hissit-levi-panorama.jpg","width":1090,"height":800},{"@type":"BreadcrumbList","@id":"https:\/\/www.kassiopeia.fi\/hotel-levi-panorama\/gondoli-levi-express\/#breadcrumb","itemListElement":[{"@type":"ListItem","position":1,"name":"Home","item":"https:\/\/www.kassiopeia.fi\/hotel-levi-panorama\/"},{"@type":"ListItem","position":2,"name":"Levi Express gondoli"}]},{"@type":"WebSite","@id":"https:\/\/www.kassiopeia.fi\/hotel-levi-panorama\/#website","url":"https:\/\/www.kassiopeia.fi\/hotel-levi-panorama\/","name":"Hotel Levi Panorama","description":"","potentialAction":[{"@type":"SearchAction","target":{"@type":"EntryPoint","urlTemplate":"https:\/\/www.kassiopeia.fi\/hotel-levi-panorama\/?s={search_term_string}"},"query-input":{"@type":"PropertyValueSpecification","valueRequired":true,"valueName":"search_term_string"}}],"inLanguage":"en-US"}]}},"lang":"fi","translations":{"fi":6634,"en":6605},"pll_sync_post":[],"_links":{"self":[{"href":"https:\/\/www.kassiopeia.fi\/hotel-levi-panorama\/wp-json\/wp\/v2\/pages\/6634","targetHints":{"allow":["GET"]}}],"collection":[{"href":"https:\/\/www.kassiopeia.fi\/hotel-levi-panorama\/wp-json\/wp\/v2\/pages"}],"about":[{"href":"https:\/\/www.kassiopeia.fi\/hotel-levi-panorama\/wp-json\/wp\/v2\/types\/page"}],"author":[{"embeddable":true,"href":"https:\/\/www.kassiopeia.fi\/hotel-levi-panorama\/wp-json\/wp\/v2\/users\/8"}],"replies":[{"embeddable":true,"href":"https:\/\/www.kassiopeia.fi\/hotel-levi-panorama\/wp-json\/wp\/v2\/comments?post=6634"}],"version-history":[{"count":2,"href":"https:\/\/www.kassiopeia.fi\/hotel-levi-panorama\/wp-json\/wp\/v2\/pages\/6634\/revisions"}],"predecessor-version":[{"id":6636,"href":"https:\/\/www.kassiopeia.fi\/hotel-levi-panorama\/wp-json\/wp\/v2\/pages\/6634\/revisions\/6636"}],"wp:attachment":[{"href":"https:\/\/www.kassiopeia.fi\/hotel-levi-panorama\/wp-json\/wp\/v2\/media?parent=6634"}],"curies":[{"name":"wp","href":"https:\/\/api.w.org\/{rel}","templated":true}]}}