{"id":6084,"date":"2025-10-01T08:44:22","date_gmt":"2025-10-01T08:44:22","guid":{"rendered":"https:\/\/www.kassiopeia.fi\/hotel-levi-panorama\/?page_id=6084"},"modified":"2025-10-01T08:48:17","modified_gmt":"2025-10-01T08:48:17","slug":"arvonnan-saannot","status":"publish","type":"page","link":"https:\/\/www.kassiopeia.fi\/hotel-levi-panorama\/arvonnan-saannot\/","title":{"rendered":"Arvonnan S\u00e4\u00e4nn\u00f6t"},"content":{"rendered":"\n<div class=\"wp-block-cover alignfull is-light cover-hero wp-duotone-unset-1\" style=\"margin-top:0px;margin-bottom:0px;padding-top:0px;padding-right:0px;padding-bottom:0px;padding-left:0px;min-height:30vw;aspect-ratio:unset;\"><img loading=\"lazy\" decoding=\"async\" width=\"1024\" height=\"520\" class=\"wp-block-cover__image-background wp-image-2377 size-large\" alt=\"Hotel Levi Panorama ulkokuva\" src=\"https:\/\/www.kassiopeia.fi\/hotel-levi-panorama\/wp-content\/uploads\/sites\/3\/2024\/10\/hotelli-levi-hotel-levi-panorama-1024x520.jpg\" data-object-fit=\"cover\" srcset=\"https:\/\/www.kassiopeia.fi\/hotel-levi-panorama\/wp-content\/uploads\/sites\/3\/2024\/10\/hotelli-levi-hotel-levi-panorama-1024x520.jpg 1024w, https:\/\/www.kassiopeia.fi\/hotel-levi-panorama\/wp-content\/uploads\/sites\/3\/2024\/10\/hotelli-levi-hotel-levi-panorama-300x152.jpg 300w, https:\/\/www.kassiopeia.fi\/hotel-levi-panorama\/wp-content\/uploads\/sites\/3\/2024\/10\/hotelli-levi-hotel-levi-panorama-768x390.jpg 768w, https:\/\/www.kassiopeia.fi\/hotel-levi-panorama\/wp-content\/uploads\/sites\/3\/2024\/10\/hotelli-levi-hotel-levi-panorama-1536x780.jpg 1536w, https:\/\/www.kassiopeia.fi\/hotel-levi-panorama\/wp-content\/uploads\/sites\/3\/2024\/10\/hotelli-levi-hotel-levi-panorama-2048x1040.jpg 2048w\" sizes=\"auto, (max-width: 1024px) 100vw, 1024px\" \/><span aria-hidden=\"true\" class=\"wp-block-cover__background has-black-background-color has-background-dim-0 has-background-dim\"><\/span><div class=\"wp-block-cover__inner-container is-layout-flow wp-container-core-cover-is-layout-6e17fc20 wp-block-cover-is-layout-flow\">\n<h1 class=\"wp-block-heading has-text-align-center\" id=\"h-\" style=\"font-size:70px\"><\/h1>\n\n\n\n<p><\/p>\n<\/div><\/div>\n\n\n\n<div class=\"breadcrumb-container\"><ul id=\"breadcrumbs\" class=\"breadcrumbs\"><li class=\"item-home\"><a class=\"bread-link bread-home\" href=\"https:\/\/www.kassiopeia.fi\/hotel-levi-panorama\" title=\"Hotel Levi Panorama\">Hotel Levi Panorama<\/a><\/li><li class=\"separator separator-home\"> \/ <\/li><\/ul><\/div>\n<style>\n    \n<\/style>\n\n\n<div class=\"wp-block-group is-layout-constrained wp-block-group-is-layout-constrained\">\n<h2 class=\"wp-block-heading\" id=\"h-huippupaiva-8-11-2025-arvonnan-saannot-ja-palkinnot-nbsp\">Huippup\u00e4iv\u00e4 8.11.2025 <strong>arvonnan S\u00c4\u00c4NN\u00d6T JA PALKINNOT<\/strong>&nbsp;<\/h2>\n\n\n\n<p>1. Kilpailun j\u00e4rjest\u00e4j\u00e4: Kassiopeia Finland Oy (my\u00f6hemmin Kassiopeia), Knitter Business Park, Kutojantie 6, 02630 Espoo.&nbsp;<\/p>\n\n\n\n<p>2. Osallistumisoikeus: Arvontaan osallistutaan liittym\u00e4ll\u00e4 Kassiopeian Star Member -kanta-asiakkaaksi 8.11.2025. Kanta-asiakkaaksi liittyminen on maksutonta. Osallistuminen ei edellyt\u00e4 tuotteen tai palvelun ostamista. Osallistumisoikeus on kaikilla 18 vuotta t\u00e4ytt\u00e4neill\u00e4 Suomessa asuvilla luonnollisilla henkil\u00f6ill\u00e4. Mik\u00e4li arvonnanvoittaja on menetellyt n\u00e4iden s\u00e4\u00e4nt\u00f6jen vastaisesti tai muutoin lainvastaisesti, t\u00e4m\u00e4 johtaa hylk\u00e4\u00e4miseen. J\u00e4rjest\u00e4j\u00e4ll\u00e4 on oikeus poistaa sellaiset osallistujat arvonnasta, jotka pyrkiv\u00e4t v\u00e4\u00e4rink\u00e4ytt\u00e4m\u00e4\u00e4n arvontaa tulosten tai arpajaistodenn\u00e4k\u00f6isyyksien muuttamiseksi. Arvonnan j\u00e4rjest\u00e4j\u00e4 ei vastaa teknisist\u00e4 syist\u00e4 perille tulemattomista viesteist\u00e4 tai puutteellisista, asiattomista tai lukukelvottomista viesteist\u00e4. Kassiopeian ty\u00f6ntekij\u00e4t eiv\u00e4t voi osallistua kilpailuun.&nbsp;<\/p>\n\n\n\n<p>3. Kilpailuaika: Arvontaan voi osallistua liittym\u00e4ll\u00e4 Kassiopeian Star Member -kanta-asiakkaaksi 8.11.2025 lataamalla kanta-asiakas kortin ilmaiseksi osoitteesta&nbsp;www.cardu.com\/kassiopeia-star-member. P\u00e4\u00e4ttymisajan j\u00e4lkeen vastaanotettuja osallistumisia ei oteta huomioon. Palkinnon arvonta suoritetaan 12.11.2025 menness\u00e4. Kassiopeia pid\u00e4tt\u00e4\u00e4 oikeuden mahdollisiin aikataulumuutoksiin. Mik\u00e4li voittajaa ei ole tavoitettu 7 pv sis\u00e4ll\u00e4 voitosta ilmoittamisesta, voitto mit\u00e4t\u00f6ityy ja j\u00e4rjest\u00e4j\u00e4ll\u00e4 on oikeus arpoa uusi voittaja.&nbsp;<\/p>\n\n\n\n<p>4. Palkinnot: Kassiopeia arpoo kilpailuaikana kilpailuun osallistuneiden kesken seuraavat palkinnot:&nbsp;<\/p>\n\n\n\n<ul class=\"wp-block-list\">\n<li>2vrk y\u00f6pyminen kahdelle Hotel Levi Panoraman Sky Sviitiss\u00e4 (voimassa saatavuuden mukaan 15.5.2026 saakka, arvo noin 600 \u20ac)&nbsp;<\/li>\n\n\n\n<li>Kolmen ruokalajin illallinen viinipaketteineen kahdelle Spiella Caf\u00e9 &amp; Restaurantsiin (voimassa 19.4.2026 saakka, arvo noin 180 \u20ac)&nbsp;<\/li>\n\n\n\n<li>Saamen Kammin illallismenu kahdelle (voimassa 31.3.2026 saakka, arvo noin 138 \u20ac)&nbsp;<\/li>\n\n\n\n<li>2 x 2 kpl elokuvalippuja Cinema Levi Summittiin (voimassa&nbsp; 31.3.2026 saakka, arvo 30 \u20ac\/ palkinto)&nbsp;<\/li>\n\n\n\n<li>2 x 20 \u20ac lahjakortti Caf\u00e9 K\u00e4tk\u00e4\u00e4n (voimassa 31.3.2026 saakka, arvo 20 \u20ac\/palkinto)&nbsp;<\/li>\n<\/ul>\n\n\n\n<p>5. Arpajaisvero: Kassiopeia maksaa arpajaisveron.&nbsp;<\/p>\n\n\n\n<p>6. Kilpailu on k\u00e4ynniss\u00e4: Huippup\u00e4iv\u00e4 8.11.2025 -tapahtumassa Levill\u00e4&nbsp;<\/p>\n\n\n\n<p>7. Voittajille ilmoittaminen: Voittajille ilmoitetaan henkil\u00f6kohtaisesti.&nbsp;<\/p>\n\n\n\n<p>8. J\u00e4rjest\u00e4j\u00e4n vastuu: Mik\u00e4li kilpailusta kertovissa materiaaleissa esiintyy virheit\u00e4, j\u00e4rjest\u00e4j\u00e4 ei ole vastuussa virheen aiheuttamista seuraamuksista.&nbsp;<\/p>\n\n\n\n<p>9. Palkinnon k\u00e4ytt\u00e4miseen liittyv\u00e4 vastuu: Palkinnon voittaja sitoutuu vapauttamaan j\u00e4rjest\u00e4j\u00e4n vastuusta, joka aiheutuu tai v\u00e4itet\u00e4\u00e4n aiheutuneen osallistumisesta t\u00e4h\u00e4n kilpailuun tai palkinnon lunastamisesta tai sen k\u00e4ytt\u00e4misest\u00e4. T\u00e4m\u00e4 vastuuvapaus ei kuitenkaan heikenn\u00e4 kuluttajalle kuluttajansuojalain nojalla kuuluvia oikeuksia. Vastuunrajoitus ei my\u00f6sk\u00e4\u00e4n rajoita j\u00e4rjest\u00e4j\u00e4n vastuuta, mik\u00e4li vahinko johtuu j\u00e4rjest\u00e4j\u00e4n t\u00f6rke\u00e4st\u00e4 huolimattomuudesta tai pakottavan lains\u00e4\u00e4d\u00e4nn\u00f6n mukaisesta vastuusta. Palkinnon voittaja vastaa itse palkinnon k\u00e4ytt\u00e4miseen liittyvist\u00e4 riskeist\u00e4 ja kustannuksista.<\/p>\n\n\n\n<p>10. Palkinnon vaihto: Palkintoja ei vaihdeta rahaksi tai muuhun tavaraan.&nbsp;<\/p>\n\n\n\n<p>11. S\u00e4\u00e4nt\u00f6muutokset ja arvonnan peruuttaminen: J\u00e4rjest\u00e4j\u00e4 pid\u00e4tt\u00e4\u00e4 oikeuden s\u00e4\u00e4nt\u00f6muutoksiin ilmoittamalla niist\u00e4 paikan p\u00e4\u00e4ll\u00e4 ja arvonnan verkkosivulla. J\u00e4rjest\u00e4j\u00e4ll\u00e4 on oikeus peruuttaa koko arvonta ylivoimaisen esteen (force majeure) tai vastaavan tapahtuman johdosta. Kilpailuun osallistumalla hyv\u00e4ksyt n\u00e4m\u00e4 s\u00e4\u00e4nn\u00f6t ja sitoudut noudattamaan j\u00e4rjest\u00e4j\u00e4n p\u00e4\u00e4t\u00f6ksi\u00e4.&nbsp;<\/p>\n\n\n\n<p><\/p>\n<\/div>\n","protected":false},"excerpt":{"rendered":"<p>Huippup\u00e4iv\u00e4 8.11.2025 arvonnan S\u00c4\u00c4NN\u00d6T JA PALKINNOT&nbsp; 1. Kilpailun j\u00e4rjest\u00e4j\u00e4: Kassiopeia Finland Oy (my\u00f6hemmin Kassiopeia), Knitter Business Park, Kutojantie 6, 02630 Espoo.&nbsp; 2. Osallistumisoikeus: Arvontaan osallistutaan liittym\u00e4ll\u00e4 Kassiopeian Star Member -kanta-asiakkaaksi 8.11.2025. Kanta-asiakkaaksi liittyminen on maksutonta. Osallistuminen ei edellyt\u00e4 tuotteen tai palvelun ostamista. Osallistumisoikeus on kaikilla 18 vuotta t\u00e4ytt\u00e4neill\u00e4 Suomessa asuvilla luonnollisilla henkil\u00f6ill\u00e4. Mik\u00e4li arvonnanvoittaja on [&hellip;]<\/p>\n","protected":false},"author":8,"featured_media":0,"parent":0,"menu_order":0,"comment_status":"closed","ping_status":"closed","template":"","meta":{"_acf_changed":false,"footnotes":""},"class_list":["post-6084","page","type-page","status-publish","hentry"],"acf":[],"yoast_head":"<!-- This site is optimized with the Yoast SEO Premium plugin v27.2 (Yoast SEO v27.2) - https:\/\/yoast.com\/product\/yoast-seo-premium-wordpress\/ -->\n<title>Arvonnan S\u00e4\u00e4nn\u00f6t - Hotel Levi Panorama<\/title>\n<meta name=\"robots\" content=\"index, follow, max-snippet:-1, max-image-preview:large, max-video-preview:-1\" \/>\n<link rel=\"canonical\" href=\"https:\/\/www.kassiopeia.fi\/hotel-levi-panorama\/arvonnan-saannot\/\" \/>\n<meta property=\"og:locale\" content=\"en_US\" \/>\n<meta property=\"og:type\" content=\"article\" \/>\n<meta property=\"og:title\" content=\"Arvonnan S\u00e4\u00e4nn\u00f6t\" \/>\n<meta property=\"og:description\" content=\"Huippup\u00e4iv\u00e4 8.11.2025 arvonnan S\u00c4\u00c4NN\u00d6T JA PALKINNOT&nbsp; 1. Kilpailun j\u00e4rjest\u00e4j\u00e4: Kassiopeia Finland Oy (my\u00f6hemmin Kassiopeia), Knitter Business Park, Kutojantie 6, 02630 Espoo.&nbsp; 2. Osallistumisoikeus: Arvontaan osallistutaan liittym\u00e4ll\u00e4 Kassiopeian Star Member -kanta-asiakkaaksi 8.11.2025. Kanta-asiakkaaksi liittyminen on maksutonta. Osallistuminen ei edellyt\u00e4 tuotteen tai palvelun ostamista. Osallistumisoikeus on kaikilla 18 vuotta t\u00e4ytt\u00e4neill\u00e4 Suomessa asuvilla luonnollisilla henkil\u00f6ill\u00e4. Mik\u00e4li arvonnanvoittaja on [&hellip;]\" \/>\n<meta property=\"og:url\" content=\"https:\/\/www.kassiopeia.fi\/hotel-levi-panorama\/arvonnan-saannot\/\" \/>\n<meta property=\"og:site_name\" content=\"Hotel Levi Panorama\" \/>\n<meta property=\"article:modified_time\" content=\"2025-10-01T08:48:17+00:00\" \/>\n<meta property=\"og:image\" content=\"https:\/\/www.kassiopeia.fi\/hotel-levi-panorama\/wp-content\/uploads\/sites\/3\/2024\/10\/hotelli-levi-hotel-levi-panorama.jpg\" \/>\n\t<meta property=\"og:image:width\" content=\"2560\" \/>\n\t<meta property=\"og:image:height\" content=\"1300\" \/>\n\t<meta property=\"og:image:type\" content=\"image\/jpeg\" \/>\n<meta name=\"twitter:card\" content=\"summary_large_image\" \/>\n<meta name=\"twitter:label1\" content=\"Est. reading time\" \/>\n\t<meta name=\"twitter:data1\" content=\"2 minutes\" \/>\n<script type=\"application\/ld+json\" class=\"yoast-schema-graph\">{\"@context\":\"https:\/\/schema.org\",\"@graph\":[{\"@type\":\"WebPage\",\"@id\":\"https:\/\/www.kassiopeia.fi\/hotel-levi-panorama\/arvonnan-saannot\/\",\"url\":\"https:\/\/www.kassiopeia.fi\/hotel-levi-panorama\/arvonnan-saannot\/\",\"name\":\"Arvonnan S\u00e4\u00e4nn\u00f6t - Hotel Levi Panorama\",\"isPartOf\":{\"@id\":\"https:\/\/www.kassiopeia.fi\/hotel-levi-panorama\/#website\"},\"primaryImageOfPage\":{\"@id\":\"https:\/\/www.kassiopeia.fi\/hotel-levi-panorama\/arvonnan-saannot\/#primaryimage\"},\"image\":{\"@id\":\"https:\/\/www.kassiopeia.fi\/hotel-levi-panorama\/arvonnan-saannot\/#primaryimage\"},\"thumbnailUrl\":\"https:\/\/www.kassiopeia.fi\/hotel-levi-panorama\/wp-content\/uploads\/sites\/3\/2024\/10\/hotelli-levi-hotel-levi-panorama-1024x520.jpg\",\"datePublished\":\"2025-10-01T08:44:22+00:00\",\"dateModified\":\"2025-10-01T08:48:17+00:00\",\"breadcrumb\":{\"@id\":\"https:\/\/www.kassiopeia.fi\/hotel-levi-panorama\/arvonnan-saannot\/#breadcrumb\"},\"inLanguage\":\"en-US\",\"potentialAction\":[{\"@type\":\"ReadAction\",\"target\":[\"https:\/\/www.kassiopeia.fi\/hotel-levi-panorama\/arvonnan-saannot\/\"]}]},{\"@type\":\"ImageObject\",\"inLanguage\":\"en-US\",\"@id\":\"https:\/\/www.kassiopeia.fi\/hotel-levi-panorama\/arvonnan-saannot\/#primaryimage\",\"url\":\"https:\/\/www.kassiopeia.fi\/hotel-levi-panorama\/wp-content\/uploads\/sites\/3\/2024\/10\/hotelli-levi-hotel-levi-panorama.jpg\",\"contentUrl\":\"https:\/\/www.kassiopeia.fi\/hotel-levi-panorama\/wp-content\/uploads\/sites\/3\/2024\/10\/hotelli-levi-hotel-levi-panorama.jpg\",\"width\":2560,\"height\":1300,\"caption\":\"Hotel Levi Panorama ulkokuva\"},{\"@type\":\"BreadcrumbList\",\"@id\":\"https:\/\/www.kassiopeia.fi\/hotel-levi-panorama\/arvonnan-saannot\/#breadcrumb\",\"itemListElement\":[{\"@type\":\"ListItem\",\"position\":1,\"name\":\"Home\",\"item\":\"https:\/\/www.kassiopeia.fi\/hotel-levi-panorama\/\"},{\"@type\":\"ListItem\",\"position\":2,\"name\":\"Arvonnan S\u00e4\u00e4nn\u00f6t\"}]},{\"@type\":\"WebSite\",\"@id\":\"https:\/\/www.kassiopeia.fi\/hotel-levi-panorama\/#website\",\"url\":\"https:\/\/www.kassiopeia.fi\/hotel-levi-panorama\/\",\"name\":\"Hotel Levi Panorama\",\"description\":\"\",\"potentialAction\":[{\"@type\":\"SearchAction\",\"target\":{\"@type\":\"EntryPoint\",\"urlTemplate\":\"https:\/\/www.kassiopeia.fi\/hotel-levi-panorama\/?s={search_term_string}\"},\"query-input\":{\"@type\":\"PropertyValueSpecification\",\"valueRequired\":true,\"valueName\":\"search_term_string\"}}],\"inLanguage\":\"en-US\"}]}<\/script>\n<!-- \/ Yoast SEO Premium plugin. -->","yoast_head_json":{"title":"Arvonnan S\u00e4\u00e4nn\u00f6t - Hotel Levi Panorama","robots":{"index":"index","follow":"follow","max-snippet":"max-snippet:-1","max-image-preview":"max-image-preview:large","max-video-preview":"max-video-preview:-1"},"canonical":"https:\/\/www.kassiopeia.fi\/hotel-levi-panorama\/arvonnan-saannot\/","og_locale":"en_US","og_type":"article","og_title":"Arvonnan S\u00e4\u00e4nn\u00f6t","og_description":"Huippup\u00e4iv\u00e4 8.11.2025 arvonnan S\u00c4\u00c4NN\u00d6T JA PALKINNOT&nbsp; 1. Kilpailun j\u00e4rjest\u00e4j\u00e4: Kassiopeia Finland Oy (my\u00f6hemmin Kassiopeia), Knitter Business Park, Kutojantie 6, 02630 Espoo.&nbsp; 2. Osallistumisoikeus: Arvontaan osallistutaan liittym\u00e4ll\u00e4 Kassiopeian Star Member -kanta-asiakkaaksi 8.11.2025. Kanta-asiakkaaksi liittyminen on maksutonta. Osallistuminen ei edellyt\u00e4 tuotteen tai palvelun ostamista. Osallistumisoikeus on kaikilla 18 vuotta t\u00e4ytt\u00e4neill\u00e4 Suomessa asuvilla luonnollisilla henkil\u00f6ill\u00e4. Mik\u00e4li arvonnanvoittaja on [&hellip;]","og_url":"https:\/\/www.kassiopeia.fi\/hotel-levi-panorama\/arvonnan-saannot\/","og_site_name":"Hotel Levi Panorama","article_modified_time":"2025-10-01T08:48:17+00:00","og_image":[{"width":2560,"height":1300,"url":"https:\/\/www.kassiopeia.fi\/hotel-levi-panorama\/wp-content\/uploads\/sites\/3\/2024\/10\/hotelli-levi-hotel-levi-panorama.jpg","type":"image\/jpeg"}],"twitter_card":"summary_large_image","twitter_misc":{"Est. reading time":"2 minutes"},"schema":{"@context":"https:\/\/schema.org","@graph":[{"@type":"WebPage","@id":"https:\/\/www.kassiopeia.fi\/hotel-levi-panorama\/arvonnan-saannot\/","url":"https:\/\/www.kassiopeia.fi\/hotel-levi-panorama\/arvonnan-saannot\/","name":"Arvonnan S\u00e4\u00e4nn\u00f6t - Hotel Levi Panorama","isPartOf":{"@id":"https:\/\/www.kassiopeia.fi\/hotel-levi-panorama\/#website"},"primaryImageOfPage":{"@id":"https:\/\/www.kassiopeia.fi\/hotel-levi-panorama\/arvonnan-saannot\/#primaryimage"},"image":{"@id":"https:\/\/www.kassiopeia.fi\/hotel-levi-panorama\/arvonnan-saannot\/#primaryimage"},"thumbnailUrl":"https:\/\/www.kassiopeia.fi\/hotel-levi-panorama\/wp-content\/uploads\/sites\/3\/2024\/10\/hotelli-levi-hotel-levi-panorama-1024x520.jpg","datePublished":"2025-10-01T08:44:22+00:00","dateModified":"2025-10-01T08:48:17+00:00","breadcrumb":{"@id":"https:\/\/www.kassiopeia.fi\/hotel-levi-panorama\/arvonnan-saannot\/#breadcrumb"},"inLanguage":"en-US","potentialAction":[{"@type":"ReadAction","target":["https:\/\/www.kassiopeia.fi\/hotel-levi-panorama\/arvonnan-saannot\/"]}]},{"@type":"ImageObject","inLanguage":"en-US","@id":"https:\/\/www.kassiopeia.fi\/hotel-levi-panorama\/arvonnan-saannot\/#primaryimage","url":"https:\/\/www.kassiopeia.fi\/hotel-levi-panorama\/wp-content\/uploads\/sites\/3\/2024\/10\/hotelli-levi-hotel-levi-panorama.jpg","contentUrl":"https:\/\/www.kassiopeia.fi\/hotel-levi-panorama\/wp-content\/uploads\/sites\/3\/2024\/10\/hotelli-levi-hotel-levi-panorama.jpg","width":2560,"height":1300,"caption":"Hotel Levi Panorama ulkokuva"},{"@type":"BreadcrumbList","@id":"https:\/\/www.kassiopeia.fi\/hotel-levi-panorama\/arvonnan-saannot\/#breadcrumb","itemListElement":[{"@type":"ListItem","position":1,"name":"Home","item":"https:\/\/www.kassiopeia.fi\/hotel-levi-panorama\/"},{"@type":"ListItem","position":2,"name":"Arvonnan S\u00e4\u00e4nn\u00f6t"}]},{"@type":"WebSite","@id":"https:\/\/www.kassiopeia.fi\/hotel-levi-panorama\/#website","url":"https:\/\/www.kassiopeia.fi\/hotel-levi-panorama\/","name":"Hotel Levi Panorama","description":"","potentialAction":[{"@type":"SearchAction","target":{"@type":"EntryPoint","urlTemplate":"https:\/\/www.kassiopeia.fi\/hotel-levi-panorama\/?s={search_term_string}"},"query-input":{"@type":"PropertyValueSpecification","valueRequired":true,"valueName":"search_term_string"}}],"inLanguage":"en-US"}]}},"lang":"fi","translations":{"fi":6084},"pll_sync_post":[],"_links":{"self":[{"href":"https:\/\/www.kassiopeia.fi\/hotel-levi-panorama\/wp-json\/wp\/v2\/pages\/6084","targetHints":{"allow":["GET"]}}],"collection":[{"href":"https:\/\/www.kassiopeia.fi\/hotel-levi-panorama\/wp-json\/wp\/v2\/pages"}],"about":[{"href":"https:\/\/www.kassiopeia.fi\/hotel-levi-panorama\/wp-json\/wp\/v2\/types\/page"}],"author":[{"embeddable":true,"href":"https:\/\/www.kassiopeia.fi\/hotel-levi-panorama\/wp-json\/wp\/v2\/users\/8"}],"replies":[{"embeddable":true,"href":"https:\/\/www.kassiopeia.fi\/hotel-levi-panorama\/wp-json\/wp\/v2\/comments?post=6084"}],"version-history":[{"count":4,"href":"https:\/\/www.kassiopeia.fi\/hotel-levi-panorama\/wp-json\/wp\/v2\/pages\/6084\/revisions"}],"predecessor-version":[{"id":6089,"href":"https:\/\/www.kassiopeia.fi\/hotel-levi-panorama\/wp-json\/wp\/v2\/pages\/6084\/revisions\/6089"}],"wp:attachment":[{"href":"https:\/\/www.kassiopeia.fi\/hotel-levi-panorama\/wp-json\/wp\/v2\/media?parent=6084"}],"curies":[{"name":"wp","href":"https:\/\/api.w.org\/{rel}","templated":true}]}}