{"id":5761,"date":"2025-08-27T07:54:22","date_gmt":"2025-08-27T07:54:22","guid":{"rendered":"https:\/\/www.kassiopeia.fi\/hotel-levi-panorama\/?page_id=5761"},"modified":"2025-09-16T12:58:39","modified_gmt":"2025-09-16T12:58:39","slug":"autumn-buffet","status":"publish","type":"page","link":"https:\/\/www.kassiopeia.fi\/hotel-levi-panorama\/en\/restaurants\/autumn-buffet\/","title":{"rendered":"Autumn buffet"},"content":{"rendered":"\n<div class=\"wp-block-cover alignfull cover-hero wp-duotone-unset-1\" style=\"margin-top:0px;margin-bottom:0px;padding-top:0px;padding-right:0px;padding-bottom:0px;padding-left:0px;min-height:30vw;aspect-ratio:unset;\"><img loading=\"lazy\" decoding=\"async\" width=\"1800\" height=\"1200\" class=\"wp-block-cover__image-background wp-image-4554\" alt=\"Paistetut juurekset Panorama Buffetin lounaasta.\" src=\"https:\/\/www.kassiopeia.fi\/hotel-levi-panorama\/wp-content\/uploads\/sites\/3\/2025\/02\/levi-lounas-panorama-juurekset.jpg\" data-object-fit=\"cover\" srcset=\"https:\/\/www.kassiopeia.fi\/hotel-levi-panorama\/wp-content\/uploads\/sites\/3\/2025\/02\/levi-lounas-panorama-juurekset.jpg 1800w, https:\/\/www.kassiopeia.fi\/hotel-levi-panorama\/wp-content\/uploads\/sites\/3\/2025\/02\/levi-lounas-panorama-juurekset-300x200.jpg 300w, https:\/\/www.kassiopeia.fi\/hotel-levi-panorama\/wp-content\/uploads\/sites\/3\/2025\/02\/levi-lounas-panorama-juurekset-1024x683.jpg 1024w, https:\/\/www.kassiopeia.fi\/hotel-levi-panorama\/wp-content\/uploads\/sites\/3\/2025\/02\/levi-lounas-panorama-juurekset-768x512.jpg 768w, https:\/\/www.kassiopeia.fi\/hotel-levi-panorama\/wp-content\/uploads\/sites\/3\/2025\/02\/levi-lounas-panorama-juurekset-1536x1024.jpg 1536w\" sizes=\"auto, (max-width: 1800px) 100vw, 1800px\" \/><span aria-hidden=\"true\" class=\"wp-block-cover__background has-black-background-color has-background-dim-0 has-background-dim\"><\/span><div class=\"wp-block-cover__inner-container is-layout-flow wp-container-core-cover-is-layout-6e17fc20 wp-block-cover-is-layout-flow\">\n<h1 class=\"wp-block-heading has-text-align-center\" id=\"h-\" style=\"font-size:70px\"><\/h1>\n\n\n\n<p><\/p>\n<\/div><\/div>\n\n\n\n<div class=\"breadcrumb-container\"><ul id=\"breadcrumbs\" class=\"breadcrumbs\"><li class=\"item-home\"><a class=\"bread-link bread-home\" href=\"https:\/\/www.kassiopeia.fi\/hotel-levi-panorama\" title=\"Hotel Levi Panorama\">Hotel Levi Panorama<\/a><\/li><li class=\"separator separator-home\"> \/ <\/li><\/ul><\/div>\n<style>\n    \n<\/style>\n\n\n<div class=\"wp-block-group alignfull is-layout-constrained wp-container-core-group-is-layout-244a2f0a wp-block-group-is-layout-constrained\" style=\"padding-top:var(--wp--preset--spacing--50);padding-right:var(--wp--preset--spacing--40);padding-bottom:var(--wp--preset--spacing--70);padding-left:var(--wp--preset--spacing--40)\">\n<div class=\"wp-block-group alignwide is-layout-constrained wp-container-core-group-is-layout-9517baca wp-block-group-is-layout-constrained\">\n<h1 class=\"wp-block-heading has-text-align-center\" id=\"h-autumn-buffet-september-13-2025\" style=\"margin-bottom:var(--wp--preset--spacing--60)\">Autumn buffet September 13, 2025<\/h1>\n\n\n\n<div style=\"height:100px\" aria-hidden=\"true\" class=\"wp-block-spacer\"><\/div>\n\n\n\n<p class=\"has-text-align-center has-large-font-size\">The Autumn Buffet invites you to enjoy the flavors of the season!<br>The table is filled with seasonal root vegetables, fresh salads, delicious main courses, as well as cheeses and desserts.<\/p>\n\n\n\n<div style=\"height:100px\" aria-hidden=\"true\" class=\"wp-block-spacer\"><\/div>\n\n\n\n\n<style>\n    #wp-block-acf-tietokentat-572754823 p {\n        margin: 0px;\n        margin-bottom: 9px;\n        <br \/>\n<b>Warning<\/b>:  Undefined variable $textAlign in <b>\/var\/www\/kassiopeia.fi\/git-repo\/kassiopeia\/kassiopeia-custom-blocks\/blocks\/tietokentat\/block.php<\/b> on line <b>74<\/b><br \/>\n    }\n<\/style>\n\n<div class=\"align word-break wp-block-acf-tietokentat has-text-color has-black-color\" id=\"wp-block-acf-tietokentat-572754823\"><p style=\"text-align: center;\"><strong>Panorama\u2019s Restaurants<br \/>\nAddress<\/strong>: Tunturitie 205, 99130 Levi<br \/>\n<strong>Tel<\/strong>: +358 <span data-teams=\"true\">40 5320 569<\/span><br \/>\n<strong>Email<\/strong>: restaurantpanorama@kassiopeia.fi<\/p>\n<\/div>\n<\/div>\n<\/div>\n\n\n\n<div class=\"wp-block-group alignfull hidden is-layout-constrained wp-container-core-group-is-layout-97829e9f wp-block-group-is-layout-constrained\" style=\"padding-right:var(--wp--preset--spacing--40);padding-left:var(--wp--preset--spacing--40)\">\n<div class=\"wp-block-media-text alignwide has-media-on-the-right is-stacked-on-mobile is-vertically-aligned-center is-image-fill-element has-panorama-5-background-color has-background\" style=\"grid-template-columns:auto 37%\"><div class=\"wp-block-media-text__content\">\n<h2 class=\"wp-block-heading has-text-align-left\" id=\"h-restaurant-panorama-s-autumn-buffet\">Restaurant Panorama\u2019s Autumn Buffet<\/h2>\n\n\n\n<p><\/p>\n\n\n\n<ul style=\"margin-top:0;margin-bottom:var(--wp--preset--spacing--60)\" class=\"wp-block-list styled2\">\n<li><strong>September 13, 5:00\u20139:00 PM<\/strong><\/li>\n\n\n\n<li>Restaurant Panorama, 1st floor<\/li>\n\n\n\n<li>Please note that the \u00e0 la carte menu will not be available during the Autumn Buffet.<\/li>\n<\/ul>\n\n\n\n<div class=\"wp-block-columns is-layout-flex wp-container-core-columns-is-layout-28f84493 wp-block-columns-is-layout-flex\">\n<div class=\"wp-block-column is-layout-flow wp-block-column-is-layout-flow\" style=\"flex-basis:30%\">\n<div class=\"wp-block-buttons is-layout-flex wp-block-buttons-is-layout-flex\">\n<div class=\"wp-block-button\"><a class=\"wp-block-button__link wp-element-button\" href=\"https:\/\/v2.tableonline.fi\/instabook\/bookings\/l7vbXwV\/selection?locale=en\" style=\"border-style:none;border-width:0px;border-radius:0px;padding-top:var(--wp--preset--spacing--20);padding-right:var(--wp--preset--spacing--50);padding-bottom:var(--wp--preset--spacing--20);padding-left:var(--wp--preset--spacing--50)\" target=\"_blank\" rel=\"noreferrer noopener\"><strong>Book a table<\/strong><\/a><\/div>\n<\/div>\n<\/div>\n\n\n\n<div class=\"wp-block-column is-layout-flow wp-block-column-is-layout-flow\" style=\"flex-basis:70%\">\n<h4 class=\"wp-block-heading has-panorama-2-color has-text-color has-link-color wp-elements-de173ff3b7b95c458cbedeac34b6ffb4\" id=\"h-39-person\" style=\"margin-top:0;margin-bottom:0;padding-top:0;padding-bottom:0\">\u20ac39 \/ person<\/h4>\n\n\n\n<p class=\"has-small-font-size\" style=\"margin-top:0;margin-bottom:0;padding-top:0;padding-bottom:0\">Children 4\u201312 yrs: \u20ac19.50<br>Under 4 yrs: free<\/p>\n<\/div>\n<\/div>\n\n\n\n<div style=\"height:16px\" aria-hidden=\"true\" class=\"wp-block-spacer\"><\/div>\n<\/div><figure class=\"wp-block-media-text__media\"><img loading=\"lazy\" decoding=\"async\" width=\"768\" height=\"1024\" src=\"https:\/\/www.kassiopeia.fi\/hotel-levi-panorama\/wp-content\/uploads\/sites\/3\/2024\/10\/maaruska-levilla-768x1024.jpg\" alt=\"Maaruskaa Levill\u00e4\" class=\"wp-image-571 size-full\" style=\"object-position:57% 0%\" srcset=\"https:\/\/www.kassiopeia.fi\/hotel-levi-panorama\/wp-content\/uploads\/sites\/3\/2024\/10\/maaruska-levilla-768x1024.jpg 768w, https:\/\/www.kassiopeia.fi\/hotel-levi-panorama\/wp-content\/uploads\/sites\/3\/2024\/10\/maaruska-levilla-225x300.jpg 225w, https:\/\/www.kassiopeia.fi\/hotel-levi-panorama\/wp-content\/uploads\/sites\/3\/2024\/10\/maaruska-levilla.jpg 828w\" sizes=\"auto, (max-width: 768px) 100vw, 768px\" \/><\/figure><\/div>\n<\/div>\n\n\n\n<div class=\"wp-block-group alignfull is-layout-constrained wp-container-core-group-is-layout-bdbbb34e wp-block-group-is-layout-constrained\" style=\"padding-top:var(--wp--preset--spacing--60);padding-right:var(--wp--preset--spacing--40);padding-bottom:var(--wp--preset--spacing--70);padding-left:var(--wp--preset--spacing--40)\">\n<h2 class=\"wp-block-heading has-text-align-center\" id=\"h-autumn-buffet-menu-2025\">Autumn Buffet menu 2025<\/h2>\n\n\n\n<p class=\"has-text-align-center\"><br>Green salad (Df,Gf)<br>Dill cucumber (Df,Gf)<br>Cherry tomatoes &amp; mozzarella (Lf,Gf)<br>Pasta salad (Df)<br>Coleslaw (Df,Gf)<br>Forest mushroom salad (Lf,Gf)<br>Marinated olives (Df,Gf)<br>Marinated red onion (Df,Gf)<br>\u2605\u2605\u2605<br>Fried potatoes (Df,Gf)<br>Oven-roasted autumn root vegetables (Df,Gf)<br>Beef sirloin &amp; red wine sauce (Df,Gf)<br>Rainbow trout with citrus sour cream (Lf,Gf)<br>Vegetable patties and tzatziki (Lf,Gf)<br>\u2605\u2605\u2605<br>Chocolate cake (Lf)<br>Fruits (Df,Gf)<br>Cheese platter (Lf,Gf)<br>Salt crackers (Lf)<br>\u2605\u2605\u2605<br><\/p>\n\n\n\n<p class=\"has-text-align-center\">Df = Dairy free Lf = Lactose free Gf = Gluten free Gf*= Gluten free upon request V = Vegan V*= Vegan upon request&nbsp;<br>You can get more information about food and food allergens from the restaurant staff.<br><br><strong>We recommend booking your table in advance<\/strong><\/p>\n\n\n\n<div class=\"wp-block-group alignfull is-layout-constrained wp-container-core-group-is-layout-941eaaac wp-block-group-is-layout-constrained\" style=\"margin-top:0;margin-bottom:var(--wp--preset--spacing--70);padding-top:var(--wp--preset--spacing--70);padding-right:var(--wp--preset--spacing--40);padding-bottom:var(--wp--preset--spacing--40);padding-left:var(--wp--preset--spacing--40)\">\n<div class=\"wp-block-buttons is-content-justification-center is-layout-flex wp-container-core-buttons-is-layout-a89b3969 wp-block-buttons-is-layout-flex\">\n<div class=\"wp-block-button\"><a class=\"wp-block-button__link has-text-align-center wp-element-button\" href=\"https:\/\/v2.tableonline.fi\/instabook\/bookings\/l7vbXwV\/selection?locale=en\" target=\"_blank\" rel=\"noreferrer noopener\">Book a table<\/a><\/div>\n<\/div>\n\n\n\n<div class=\"block-quandoo-booking\">\n    <div id=\"quandoo-booking-widget\" style=\"padding-right:0;padding-left:0;padding-top:0;padding-bottom:0;margin-top:0;margin-bottom:0;margin-left:0;margin-right:0;\" class=\"aligncenter hidden wp-block-create-block-quandoo-booking\"><\/div>\n<\/div>\n\n<script src=\"https:\/\/booking-widget.quandoo.com\/index.js\" data-merchant-id=\"95104\" data-theme=\"light\" data-primary-color=\"323232\"><\/script><\/div>\n<\/div>\n\n\n\n<div class=\"wp-block-group alignfull hidden has-panorama-5-background-color has-background is-layout-constrained wp-container-core-group-is-layout-0c9c989a wp-block-group-is-layout-constrained\" style=\"margin-top:0;margin-bottom:0;padding-top:var(--wp--preset--spacing--70);padding-right:var(--wp--preset--spacing--40);padding-bottom:var(--wp--preset--spacing--70);padding-left:var(--wp--preset--spacing--40)\">\n<div class=\"wp-block-media-text is-stacked-on-mobile is-image-fill-element has-general-1-background-color has-background\" style=\"padding-top:0;padding-bottom:0\"><figure class=\"wp-block-media-text__media\"><img loading=\"lazy\" decoding=\"async\" width=\"1000\" height=\"668\" src=\"https:\/\/www.kassiopeia.fi\/hotel-levi-panorama\/wp-content\/uploads\/sites\/3\/2024\/10\/lounas-levi-panorama-1000x668-1.jpg\" alt=\"\" class=\"wp-image-740 size-full\" style=\"object-position:50% 50%\" srcset=\"https:\/\/www.kassiopeia.fi\/hotel-levi-panorama\/wp-content\/uploads\/sites\/3\/2024\/10\/lounas-levi-panorama-1000x668-1.jpg 1000w, https:\/\/www.kassiopeia.fi\/hotel-levi-panorama\/wp-content\/uploads\/sites\/3\/2024\/10\/lounas-levi-panorama-1000x668-1-300x200.jpg 300w, https:\/\/www.kassiopeia.fi\/hotel-levi-panorama\/wp-content\/uploads\/sites\/3\/2024\/10\/lounas-levi-panorama-1000x668-1-768x513.jpg 768w\" sizes=\"auto, (max-width: 1000px) 100vw, 1000px\" \/><\/figure><div class=\"wp-block-media-text__content\">\n<h3 class=\"wp-block-heading\" id=\"h-lounas-tauolla\">Lounas tauolla<\/h3>\n\n\n\n<p>Lounaamme on t\u00e4ll\u00e4 hetkell\u00e4 tauolla ja jatkuu j\u00e4lleen 10.2. Tutustu Ravintola Panoraman<a href=\"https:\/\/www.kassiopeia.fi\/hotel-levi-panorama\/ravintolat\/a-la-carte\/\"> <\/a><a href=\"https:\/\/www.kassiopeia.fi\/hotel-levi-panorama\/ravintolat\/bar-menu-ja-pizzat\/\">Bar Menuun ja pizzalistaan<\/a>, sek\u00e4 <a href=\"https:\/\/www.kassiopeia.fi\/hotel-levi-panorama\/ravintolat\/spiella-cafe\/\">Spiella Caf\u00e9n keittolounaaseen<\/a>!<\/p>\n<\/div><\/div>\n<\/div>\n","protected":false},"excerpt":{"rendered":"<p>Autumn buffet September 13, 2025 The Autumn Buffet invites you to enjoy the flavors of the season!The table is filled with seasonal root vegetables, fresh salads, delicious main courses, as well as cheeses and desserts. Restaurant Panorama\u2019s Autumn Buffet \u20ac39 \/ person Children 4\u201312 yrs: \u20ac19.50Under 4 yrs: free Autumn Buffet menu 2025 Green salad [&hellip;]<\/p>\n","protected":false},"author":8,"featured_media":0,"parent":2336,"menu_order":0,"comment_status":"closed","ping_status":"closed","template":"","meta":{"_acf_changed":false,"footnotes":""},"class_list":["post-5761","page","type-page","status-publish","hentry"],"acf":[],"yoast_head":"<!-- This site is optimized with the Yoast SEO Premium plugin v27.2 (Yoast SEO v27.2) - https:\/\/yoast.com\/product\/yoast-seo-premium-wordpress\/ -->\n<title>Autumn buffet - Hotel Levi Panorama<\/title>\n<meta name=\"description\" content=\"A delicious autumn special buffet at Restaurant Panorama in Levi. Check out the menu and book your table!\" \/>\n<meta name=\"robots\" content=\"index, follow, max-snippet:-1, max-image-preview:large, max-video-preview:-1\" \/>\n<link rel=\"canonical\" href=\"https:\/\/www.kassiopeia.fi\/hotel-levi-panorama\/en\/restaurants\/autumn-buffet\/\" \/>\n<meta property=\"og:locale\" content=\"en_US\" \/>\n<meta property=\"og:type\" content=\"article\" \/>\n<meta property=\"og:title\" content=\"Autumn buffet\" \/>\n<meta property=\"og:description\" content=\"A delicious autumn special buffet at Restaurant Panorama in Levi. Check out the menu and book your table!\" \/>\n<meta property=\"og:url\" content=\"https:\/\/www.kassiopeia.fi\/hotel-levi-panorama\/en\/restaurants\/autumn-buffet\/\" \/>\n<meta property=\"og:site_name\" content=\"Hotel Levi Panorama\" \/>\n<meta property=\"article:modified_time\" content=\"2025-09-16T12:58:39+00:00\" \/>\n<meta property=\"og:image\" content=\"https:\/\/www.kassiopeia.fi\/hotel-levi-panorama\/wp-content\/uploads\/sites\/3\/2025\/02\/levi-lounas-panorama-juurekset.jpg\" \/>\n\t<meta property=\"og:image:width\" content=\"1800\" \/>\n\t<meta property=\"og:image:height\" content=\"1200\" \/>\n\t<meta property=\"og:image:type\" content=\"image\/jpeg\" \/>\n<meta name=\"twitter:card\" content=\"summary_large_image\" \/>\n<meta name=\"twitter:label1\" content=\"Est. reading time\" \/>\n\t<meta name=\"twitter:data1\" content=\"2 minutes\" \/>\n<script type=\"application\/ld+json\" class=\"yoast-schema-graph\">{\"@context\":\"https:\/\/schema.org\",\"@graph\":[{\"@type\":\"WebPage\",\"@id\":\"https:\/\/www.kassiopeia.fi\/hotel-levi-panorama\/en\/restaurants\/autumn-buffet\/\",\"url\":\"https:\/\/www.kassiopeia.fi\/hotel-levi-panorama\/en\/restaurants\/autumn-buffet\/\",\"name\":\"Autumn buffet - Hotel Levi Panorama\",\"isPartOf\":{\"@id\":\"https:\/\/www.kassiopeia.fi\/hotel-levi-panorama\/#website\"},\"primaryImageOfPage\":{\"@id\":\"https:\/\/www.kassiopeia.fi\/hotel-levi-panorama\/en\/restaurants\/autumn-buffet\/#primaryimage\"},\"image\":{\"@id\":\"https:\/\/www.kassiopeia.fi\/hotel-levi-panorama\/en\/restaurants\/autumn-buffet\/#primaryimage\"},\"thumbnailUrl\":\"https:\/\/www.kassiopeia.fi\/hotel-levi-panorama\/wp-content\/uploads\/sites\/3\/2025\/02\/levi-lounas-panorama-juurekset.jpg\",\"datePublished\":\"2025-08-27T07:54:22+00:00\",\"dateModified\":\"2025-09-16T12:58:39+00:00\",\"description\":\"A delicious autumn special buffet at Restaurant Panorama in Levi. Check out the menu and book your table!\",\"breadcrumb\":{\"@id\":\"https:\/\/www.kassiopeia.fi\/hotel-levi-panorama\/en\/restaurants\/autumn-buffet\/#breadcrumb\"},\"inLanguage\":\"en-US\",\"potentialAction\":[{\"@type\":\"ReadAction\",\"target\":[\"https:\/\/www.kassiopeia.fi\/hotel-levi-panorama\/en\/restaurants\/autumn-buffet\/\"]}]},{\"@type\":\"ImageObject\",\"inLanguage\":\"en-US\",\"@id\":\"https:\/\/www.kassiopeia.fi\/hotel-levi-panorama\/en\/restaurants\/autumn-buffet\/#primaryimage\",\"url\":\"https:\/\/www.kassiopeia.fi\/hotel-levi-panorama\/wp-content\/uploads\/sites\/3\/2025\/02\/levi-lounas-panorama-juurekset.jpg\",\"contentUrl\":\"https:\/\/www.kassiopeia.fi\/hotel-levi-panorama\/wp-content\/uploads\/sites\/3\/2025\/02\/levi-lounas-panorama-juurekset.jpg\",\"width\":1800,\"height\":1200,\"caption\":\"Paistetut juurekset Panorama Buffetin lounaasta.\"},{\"@type\":\"BreadcrumbList\",\"@id\":\"https:\/\/www.kassiopeia.fi\/hotel-levi-panorama\/en\/restaurants\/autumn-buffet\/#breadcrumb\",\"itemListElement\":[{\"@type\":\"ListItem\",\"position\":1,\"name\":\"Home\",\"item\":\"https:\/\/www.kassiopeia.fi\/hotel-levi-panorama\/\"},{\"@type\":\"ListItem\",\"position\":2,\"name\":\"Restaurants\",\"item\":\"https:\/\/www.kassiopeia.fi\/hotel-levi-panorama\/en\/restaurants\/\"},{\"@type\":\"ListItem\",\"position\":3,\"name\":\"Autumn buffet\"}]},{\"@type\":\"WebSite\",\"@id\":\"https:\/\/www.kassiopeia.fi\/hotel-levi-panorama\/#website\",\"url\":\"https:\/\/www.kassiopeia.fi\/hotel-levi-panorama\/\",\"name\":\"Hotel Levi Panorama\",\"description\":\"\",\"potentialAction\":[{\"@type\":\"SearchAction\",\"target\":{\"@type\":\"EntryPoint\",\"urlTemplate\":\"https:\/\/www.kassiopeia.fi\/hotel-levi-panorama\/?s={search_term_string}\"},\"query-input\":{\"@type\":\"PropertyValueSpecification\",\"valueRequired\":true,\"valueName\":\"search_term_string\"}}],\"inLanguage\":\"en-US\"}]}<\/script>\n<!-- \/ Yoast SEO Premium plugin. -->","yoast_head_json":{"title":"Autumn buffet - Hotel Levi Panorama","description":"A delicious autumn special buffet at Restaurant Panorama in Levi. Check out the menu and book your table!","robots":{"index":"index","follow":"follow","max-snippet":"max-snippet:-1","max-image-preview":"max-image-preview:large","max-video-preview":"max-video-preview:-1"},"canonical":"https:\/\/www.kassiopeia.fi\/hotel-levi-panorama\/en\/restaurants\/autumn-buffet\/","og_locale":"en_US","og_type":"article","og_title":"Autumn buffet","og_description":"A delicious autumn special buffet at Restaurant Panorama in Levi. Check out the menu and book your table!","og_url":"https:\/\/www.kassiopeia.fi\/hotel-levi-panorama\/en\/restaurants\/autumn-buffet\/","og_site_name":"Hotel Levi Panorama","article_modified_time":"2025-09-16T12:58:39+00:00","og_image":[{"width":1800,"height":1200,"url":"https:\/\/www.kassiopeia.fi\/hotel-levi-panorama\/wp-content\/uploads\/sites\/3\/2025\/02\/levi-lounas-panorama-juurekset.jpg","type":"image\/jpeg"}],"twitter_card":"summary_large_image","twitter_misc":{"Est. reading time":"2 minutes"},"schema":{"@context":"https:\/\/schema.org","@graph":[{"@type":"WebPage","@id":"https:\/\/www.kassiopeia.fi\/hotel-levi-panorama\/en\/restaurants\/autumn-buffet\/","url":"https:\/\/www.kassiopeia.fi\/hotel-levi-panorama\/en\/restaurants\/autumn-buffet\/","name":"Autumn buffet - Hotel Levi Panorama","isPartOf":{"@id":"https:\/\/www.kassiopeia.fi\/hotel-levi-panorama\/#website"},"primaryImageOfPage":{"@id":"https:\/\/www.kassiopeia.fi\/hotel-levi-panorama\/en\/restaurants\/autumn-buffet\/#primaryimage"},"image":{"@id":"https:\/\/www.kassiopeia.fi\/hotel-levi-panorama\/en\/restaurants\/autumn-buffet\/#primaryimage"},"thumbnailUrl":"https:\/\/www.kassiopeia.fi\/hotel-levi-panorama\/wp-content\/uploads\/sites\/3\/2025\/02\/levi-lounas-panorama-juurekset.jpg","datePublished":"2025-08-27T07:54:22+00:00","dateModified":"2025-09-16T12:58:39+00:00","description":"A delicious autumn special buffet at Restaurant Panorama in Levi. Check out the menu and book your table!","breadcrumb":{"@id":"https:\/\/www.kassiopeia.fi\/hotel-levi-panorama\/en\/restaurants\/autumn-buffet\/#breadcrumb"},"inLanguage":"en-US","potentialAction":[{"@type":"ReadAction","target":["https:\/\/www.kassiopeia.fi\/hotel-levi-panorama\/en\/restaurants\/autumn-buffet\/"]}]},{"@type":"ImageObject","inLanguage":"en-US","@id":"https:\/\/www.kassiopeia.fi\/hotel-levi-panorama\/en\/restaurants\/autumn-buffet\/#primaryimage","url":"https:\/\/www.kassiopeia.fi\/hotel-levi-panorama\/wp-content\/uploads\/sites\/3\/2025\/02\/levi-lounas-panorama-juurekset.jpg","contentUrl":"https:\/\/www.kassiopeia.fi\/hotel-levi-panorama\/wp-content\/uploads\/sites\/3\/2025\/02\/levi-lounas-panorama-juurekset.jpg","width":1800,"height":1200,"caption":"Paistetut juurekset Panorama Buffetin lounaasta."},{"@type":"BreadcrumbList","@id":"https:\/\/www.kassiopeia.fi\/hotel-levi-panorama\/en\/restaurants\/autumn-buffet\/#breadcrumb","itemListElement":[{"@type":"ListItem","position":1,"name":"Home","item":"https:\/\/www.kassiopeia.fi\/hotel-levi-panorama\/"},{"@type":"ListItem","position":2,"name":"Restaurants","item":"https:\/\/www.kassiopeia.fi\/hotel-levi-panorama\/en\/restaurants\/"},{"@type":"ListItem","position":3,"name":"Autumn buffet"}]},{"@type":"WebSite","@id":"https:\/\/www.kassiopeia.fi\/hotel-levi-panorama\/#website","url":"https:\/\/www.kassiopeia.fi\/hotel-levi-panorama\/","name":"Hotel Levi Panorama","description":"","potentialAction":[{"@type":"SearchAction","target":{"@type":"EntryPoint","urlTemplate":"https:\/\/www.kassiopeia.fi\/hotel-levi-panorama\/?s={search_term_string}"},"query-input":{"@type":"PropertyValueSpecification","valueRequired":true,"valueName":"search_term_string"}}],"inLanguage":"en-US"}]}},"lang":"en","translations":{"en":5761,"fi":5751},"pll_sync_post":[],"_links":{"self":[{"href":"https:\/\/www.kassiopeia.fi\/hotel-levi-panorama\/wp-json\/wp\/v2\/pages\/5761","targetHints":{"allow":["GET"]}}],"collection":[{"href":"https:\/\/www.kassiopeia.fi\/hotel-levi-panorama\/wp-json\/wp\/v2\/pages"}],"about":[{"href":"https:\/\/www.kassiopeia.fi\/hotel-levi-panorama\/wp-json\/wp\/v2\/types\/page"}],"author":[{"embeddable":true,"href":"https:\/\/www.kassiopeia.fi\/hotel-levi-panorama\/wp-json\/wp\/v2\/users\/8"}],"replies":[{"embeddable":true,"href":"https:\/\/www.kassiopeia.fi\/hotel-levi-panorama\/wp-json\/wp\/v2\/comments?post=5761"}],"version-history":[{"count":3,"href":"https:\/\/www.kassiopeia.fi\/hotel-levi-panorama\/wp-json\/wp\/v2\/pages\/5761\/revisions"}],"predecessor-version":[{"id":5848,"href":"https:\/\/www.kassiopeia.fi\/hotel-levi-panorama\/wp-json\/wp\/v2\/pages\/5761\/revisions\/5848"}],"up":[{"embeddable":true,"href":"https:\/\/www.kassiopeia.fi\/hotel-levi-panorama\/wp-json\/wp\/v2\/pages\/2336"}],"wp:attachment":[{"href":"https:\/\/www.kassiopeia.fi\/hotel-levi-panorama\/wp-json\/wp\/v2\/media?parent=5761"}],"curies":[{"name":"wp","href":"https:\/\/api.w.org\/{rel}","templated":true}]}}