{"id":5751,"date":"2025-08-26T14:07:30","date_gmt":"2025-08-26T14:07:30","guid":{"rendered":"https:\/\/www.kassiopeia.fi\/hotel-levi-panorama\/?page_id=5751"},"modified":"2025-09-16T12:58:03","modified_gmt":"2025-09-16T12:58:03","slug":"ruskabuffet","status":"publish","type":"page","link":"https:\/\/www.kassiopeia.fi\/hotel-levi-panorama\/ravintolat\/ruskabuffet\/","title":{"rendered":"Ruskabuffet"},"content":{"rendered":"\n<div class=\"wp-block-cover alignfull cover-hero wp-duotone-unset-1\" style=\"margin-top:0px;margin-bottom:0px;padding-top:0px;padding-right:0px;padding-bottom:0px;padding-left:0px;min-height:30vw;aspect-ratio:unset;\"><img loading=\"lazy\" decoding=\"async\" width=\"1800\" height=\"1200\" class=\"wp-block-cover__image-background wp-image-4554\" alt=\"Paistetut juurekset Panorama Buffetin lounaasta.\" src=\"https:\/\/www.kassiopeia.fi\/hotel-levi-panorama\/wp-content\/uploads\/sites\/3\/2025\/02\/levi-lounas-panorama-juurekset.jpg\" data-object-fit=\"cover\" srcset=\"https:\/\/www.kassiopeia.fi\/hotel-levi-panorama\/wp-content\/uploads\/sites\/3\/2025\/02\/levi-lounas-panorama-juurekset.jpg 1800w, https:\/\/www.kassiopeia.fi\/hotel-levi-panorama\/wp-content\/uploads\/sites\/3\/2025\/02\/levi-lounas-panorama-juurekset-300x200.jpg 300w, https:\/\/www.kassiopeia.fi\/hotel-levi-panorama\/wp-content\/uploads\/sites\/3\/2025\/02\/levi-lounas-panorama-juurekset-1024x683.jpg 1024w, https:\/\/www.kassiopeia.fi\/hotel-levi-panorama\/wp-content\/uploads\/sites\/3\/2025\/02\/levi-lounas-panorama-juurekset-768x512.jpg 768w, https:\/\/www.kassiopeia.fi\/hotel-levi-panorama\/wp-content\/uploads\/sites\/3\/2025\/02\/levi-lounas-panorama-juurekset-1536x1024.jpg 1536w\" sizes=\"auto, (max-width: 1800px) 100vw, 1800px\" \/><span aria-hidden=\"true\" class=\"wp-block-cover__background has-black-background-color has-background-dim-0 has-background-dim\"><\/span><div class=\"wp-block-cover__inner-container is-layout-flow wp-container-core-cover-is-layout-6e17fc20 wp-block-cover-is-layout-flow\">\n<h1 class=\"wp-block-heading has-text-align-center\" id=\"h-\" style=\"font-size:70px\"><\/h1>\n\n\n\n<p><\/p>\n<\/div><\/div>\n\n\n\n<div class=\"breadcrumb-container\"><ul id=\"breadcrumbs\" class=\"breadcrumbs\"><li class=\"item-home\"><a class=\"bread-link bread-home\" href=\"https:\/\/www.kassiopeia.fi\/hotel-levi-panorama\" title=\"Hotel Levi Panorama\">Hotel Levi Panorama<\/a><\/li><li class=\"separator separator-home\"> \/ <\/li><\/ul><\/div>\n<style>\n    \n<\/style>\n\n\n<div class=\"wp-block-group alignfull is-layout-constrained wp-container-core-group-is-layout-244a2f0a wp-block-group-is-layout-constrained\" style=\"padding-top:var(--wp--preset--spacing--50);padding-right:var(--wp--preset--spacing--40);padding-bottom:var(--wp--preset--spacing--70);padding-left:var(--wp--preset--spacing--40)\">\n<div class=\"wp-block-group alignwide is-layout-constrained wp-container-core-group-is-layout-9517baca wp-block-group-is-layout-constrained\">\n<h1 class=\"wp-block-heading has-text-align-center\" id=\"h-ruskabuffet-13-9-2025\" style=\"margin-bottom:var(--wp--preset--spacing--60)\">Ruskabuffet 13.9.2025<\/h1>\n\n\n\n<div style=\"height:100px\" aria-hidden=\"true\" class=\"wp-block-spacer\"><\/div>\n\n\n\n<p class=\"has-text-align-center has-large-font-size\">Ruskabuffet kutsuu nauttimaan syksyn mauista!<br>P\u00f6yd\u00e4st\u00e4 l\u00f6ytyy runsaasti kauden juureksia, raikkaita salaatteja, herkullisia p\u00e4\u00e4ruokavaihtoehtoja sek\u00e4 juustot ja j\u00e4lkiruoka.<\/p>\n\n\n\n<div style=\"height:100px\" aria-hidden=\"true\" class=\"wp-block-spacer\"><\/div>\n\n\n\n\n<style>\n    #wp-block-acf-tietokentat-1417177592 p {\n        margin: 0px;\n        margin-bottom: 9px;\n        <br \/>\n<b>Warning<\/b>:  Undefined variable $textAlign in <b>\/var\/www\/kassiopeia.fi\/git-repo\/kassiopeia\/kassiopeia-custom-blocks\/blocks\/tietokentat\/block.php<\/b> on line <b>74<\/b><br \/>\n    }\n<\/style>\n\n<div class=\"align word-break wp-block-acf-tietokentat has-text-color has-black-color\" id=\"wp-block-acf-tietokentat-1417177592\"><p style=\"text-align: center;\"><strong>Panorama\u2019s Restaurants<br \/>\nAddress<\/strong>: Tunturitie 205, 99130 Levi<br \/>\n<strong>Tel<\/strong>: +358 <span data-teams=\"true\">40 5320 569<\/span><br \/>\n<strong>Email<\/strong>: restaurantpanorama@kassiopeia.fi<\/p>\n<\/div>\n<\/div>\n<\/div>\n\n\n\n<div class=\"wp-block-group alignfull hidden is-layout-constrained wp-container-core-group-is-layout-97829e9f wp-block-group-is-layout-constrained\" style=\"padding-right:var(--wp--preset--spacing--40);padding-left:var(--wp--preset--spacing--40)\">\n<div class=\"wp-block-media-text alignwide has-media-on-the-right is-stacked-on-mobile is-vertically-aligned-center is-image-fill-element has-panorama-5-background-color has-background\" style=\"grid-template-columns:auto 37%\"><div class=\"wp-block-media-text__content\">\n<h2 class=\"wp-block-heading has-text-align-left\" id=\"h-ravintola-panoraman-ruskabuffet\">Ravintola Panoraman Ruskabuffet<\/h2>\n\n\n\n<p><\/p>\n\n\n\n<ul style=\"margin-top:0;margin-bottom:var(--wp--preset--spacing--60)\" class=\"wp-block-list styled2\">\n<li><strong>13.9 klo 17.00-21.00<\/strong><\/li>\n\n\n\n<li>Ravintola Panorama 1.kerros<\/li>\n\n\n\n<li>Huomioithan, ett\u00e4 \u00e0 la carte -lista ei ole tarjolla Ruskabuffetin aikana<\/li>\n<\/ul>\n\n\n\n<div class=\"wp-block-columns is-layout-flex wp-container-core-columns-is-layout-28f84493 wp-block-columns-is-layout-flex\">\n<div class=\"wp-block-column is-layout-flow wp-block-column-is-layout-flow\" style=\"flex-basis:30%\">\n<div class=\"wp-block-buttons is-layout-flex wp-block-buttons-is-layout-flex\">\n<div class=\"wp-block-button\"><a class=\"wp-block-button__link wp-element-button\" href=\"https:\/\/v2.tableonline.fi\/instabook\/bookings\/l7vbXwV\" style=\"border-style:none;border-width:0px;border-radius:0px;padding-top:var(--wp--preset--spacing--20);padding-right:var(--wp--preset--spacing--50);padding-bottom:var(--wp--preset--spacing--20);padding-left:var(--wp--preset--spacing--50)\" target=\"_blank\" rel=\"noreferrer noopener\">Varaa p\u00f6yt\u00e4<\/a><\/div>\n<\/div>\n<\/div>\n\n\n\n<div class=\"wp-block-column is-layout-flow wp-block-column-is-layout-flow\" style=\"flex-basis:70%\">\n<h4 class=\"wp-block-heading has-panorama-2-color has-text-color has-link-color wp-elements-8881cefe0870529ab7922906ff706126\" id=\"h-39-hlo\" style=\"margin-top:0;margin-bottom:0;padding-top:0;padding-bottom:0\">39 \u20ac \/ hl\u00f6<\/h4>\n\n\n\n<p class=\"has-small-font-size\" style=\"margin-top:0;margin-bottom:0;padding-top:0;padding-bottom:0\">lapset 4\u201312-v. 19,50 \u20ac<br>alle 4v. ilmainen<\/p>\n<\/div>\n<\/div>\n\n\n\n<div style=\"height:16px\" aria-hidden=\"true\" class=\"wp-block-spacer\"><\/div>\n<\/div><figure class=\"wp-block-media-text__media\"><img loading=\"lazy\" decoding=\"async\" width=\"768\" height=\"1024\" src=\"https:\/\/www.kassiopeia.fi\/hotel-levi-panorama\/wp-content\/uploads\/sites\/3\/2024\/10\/maaruska-levilla-768x1024.jpg\" alt=\"Maaruskaa Levill\u00e4\" class=\"wp-image-571 size-full\" style=\"object-position:57% 0%\" srcset=\"https:\/\/www.kassiopeia.fi\/hotel-levi-panorama\/wp-content\/uploads\/sites\/3\/2024\/10\/maaruska-levilla-768x1024.jpg 768w, https:\/\/www.kassiopeia.fi\/hotel-levi-panorama\/wp-content\/uploads\/sites\/3\/2024\/10\/maaruska-levilla-225x300.jpg 225w, https:\/\/www.kassiopeia.fi\/hotel-levi-panorama\/wp-content\/uploads\/sites\/3\/2024\/10\/maaruska-levilla.jpg 828w\" sizes=\"auto, (max-width: 768px) 100vw, 768px\" \/><\/figure><\/div>\n<\/div>\n\n\n\n<div class=\"wp-block-group alignfull is-layout-constrained wp-container-core-group-is-layout-bdbbb34e wp-block-group-is-layout-constrained\" style=\"padding-top:var(--wp--preset--spacing--60);padding-right:var(--wp--preset--spacing--40);padding-bottom:var(--wp--preset--spacing--70);padding-left:var(--wp--preset--spacing--40)\">\n<h2 class=\"wp-block-heading has-text-align-center\" id=\"h-ruskabuffet-menu-2025\">Ruskabuffet menu 2025<\/h2>\n\n\n\n<p class=\"has-text-align-center\"><br>Vihersalaattia (M,G)<br>Tillikurkkua (M,G)<br>Kirsikkatomaattia ja mozzarellaa (L,G)<br>Pastasalaattia (M)<br>Coleslaw (M,G)<br>Sienisalaattia (L,G)<br>Marinoituja oliiveja (M,G)<br>Marinoitua punasipulia (M,G)<br>\u2605\u2605\u2605<br>Paistettuja perunoita (M,G)<br>Syksyiset s\u00e4r\u00e4juurekset (M,G)<br>Naudan ulkofileet\u00e4 ja punaviinikastiketta (L,G)<br>Kirjolohta ja sitrussmetanaa (L,G)<br>Kasvispihvej\u00e4 ja tzatzikia (L,G)<br>\u2605\u2605\u2605<br>Suklaakakkua (L)<br>Hedelm\u00e4valikoima (M,G)<br>Juustovalikoima (L,G)<br>Suolakeksej\u00e4 (L)<br><\/p>\n\n\n\n<p class=\"has-text-align-center\">M = maidoton \/ L = laktoositon \/ G = gluteeniton \/ V = vegaaninen\/ G*=gluteeniton pyydett\u00e4ess\u00e4 \/ V*=Vegaaninen pyydett\u00e4ess\u00e4<br><br><strong>Teeth\u00e4n p\u00f6yt\u00e4varauksen ennakkoon! <\/strong><br>Lis\u00e4tietoa ruoista ja ruokien allergeeneist\u00e4 saat ravintolan henkil\u00f6kunnalta.<br>Pid\u00e4t\u00e4mme oikeudet muutoksiin.<\/p>\n\n\n\n<div class=\"wp-block-group alignfull is-layout-constrained wp-container-core-group-is-layout-941eaaac wp-block-group-is-layout-constrained\" style=\"margin-top:0;margin-bottom:var(--wp--preset--spacing--70);padding-top:var(--wp--preset--spacing--70);padding-right:var(--wp--preset--spacing--40);padding-bottom:var(--wp--preset--spacing--40);padding-left:var(--wp--preset--spacing--40)\">\n<div class=\"wp-block-buttons is-content-justification-center is-layout-flex wp-container-core-buttons-is-layout-a89b3969 wp-block-buttons-is-layout-flex\">\n<div class=\"wp-block-button\"><a class=\"wp-block-button__link has-text-align-center wp-element-button\" href=\"https:\/\/v2.tableonline.fi\/instabook\/bookings\/l7vbXwV\" target=\"_blank\" rel=\"noreferrer noopener\">Varaa p\u00f6yt\u00e4<\/a><\/div>\n<\/div>\n\n\n\n<div class=\"block-quandoo-booking\">\n    <div id=\"quandoo-booking-widget\" style=\"padding-right:0;padding-left:0;padding-top:0;padding-bottom:0;margin-top:0;margin-bottom:0;margin-left:0;margin-right:0;\" class=\"aligncenter hidden wp-block-create-block-quandoo-booking\"><\/div>\n<\/div>\n\n<script src=\"https:\/\/booking-widget.quandoo.com\/index.js\" data-merchant-id=\"95104\" data-theme=\"light\" data-primary-color=\"323232\"><\/script><\/div>\n<\/div>\n\n\n\n<div class=\"wp-block-group alignfull hidden has-panorama-5-background-color has-background is-layout-constrained wp-container-core-group-is-layout-0c9c989a wp-block-group-is-layout-constrained\" style=\"margin-top:0;margin-bottom:0;padding-top:var(--wp--preset--spacing--70);padding-right:var(--wp--preset--spacing--40);padding-bottom:var(--wp--preset--spacing--70);padding-left:var(--wp--preset--spacing--40)\">\n<div class=\"wp-block-media-text is-stacked-on-mobile is-image-fill-element has-general-1-background-color has-background\" style=\"padding-top:0;padding-bottom:0\"><figure class=\"wp-block-media-text__media\"><img loading=\"lazy\" decoding=\"async\" width=\"1000\" height=\"668\" src=\"https:\/\/www.kassiopeia.fi\/hotel-levi-panorama\/wp-content\/uploads\/sites\/3\/2024\/10\/lounas-levi-panorama-1000x668-1.jpg\" alt=\"\" class=\"wp-image-740 size-full\" style=\"object-position:50% 50%\" srcset=\"https:\/\/www.kassiopeia.fi\/hotel-levi-panorama\/wp-content\/uploads\/sites\/3\/2024\/10\/lounas-levi-panorama-1000x668-1.jpg 1000w, https:\/\/www.kassiopeia.fi\/hotel-levi-panorama\/wp-content\/uploads\/sites\/3\/2024\/10\/lounas-levi-panorama-1000x668-1-300x200.jpg 300w, https:\/\/www.kassiopeia.fi\/hotel-levi-panorama\/wp-content\/uploads\/sites\/3\/2024\/10\/lounas-levi-panorama-1000x668-1-768x513.jpg 768w\" sizes=\"auto, (max-width: 1000px) 100vw, 1000px\" \/><\/figure><div class=\"wp-block-media-text__content\">\n<h3 class=\"wp-block-heading\" id=\"h-lounas-tauolla\">Lounas tauolla<\/h3>\n\n\n\n<p>Lounaamme on t\u00e4ll\u00e4 hetkell\u00e4 tauolla ja jatkuu j\u00e4lleen 10.2. Tutustu Ravintola Panoraman<a href=\"https:\/\/www.kassiopeia.fi\/hotel-levi-panorama\/ravintolat\/a-la-carte\/\"> <\/a><a href=\"https:\/\/www.kassiopeia.fi\/hotel-levi-panorama\/ravintolat\/bar-menu-ja-pizzat\/\">Bar Menuun ja pizzalistaan<\/a>, sek\u00e4 <a href=\"https:\/\/www.kassiopeia.fi\/hotel-levi-panorama\/ravintolat\/spiella-cafe\/\">Spiella Caf\u00e9n keittolounaaseen<\/a>!<\/p>\n<\/div><\/div>\n<\/div>\n","protected":false},"excerpt":{"rendered":"<p>Ruskabuffet 13.9.2025 Ruskabuffet kutsuu nauttimaan syksyn mauista!P\u00f6yd\u00e4st\u00e4 l\u00f6ytyy runsaasti kauden juureksia, raikkaita salaatteja, herkullisia p\u00e4\u00e4ruokavaihtoehtoja sek\u00e4 juustot ja j\u00e4lkiruoka. Ravintola Panoraman Ruskabuffet 39 \u20ac \/ hl\u00f6 lapset 4\u201312-v. 19,50 \u20acalle 4v. ilmainen Ruskabuffet menu 2025 Vihersalaattia (M,G)Tillikurkkua (M,G)Kirsikkatomaattia ja mozzarellaa (L,G)Pastasalaattia (M)Coleslaw (M,G)Sienisalaattia (L,G)Marinoituja oliiveja (M,G)Marinoitua punasipulia (M,G)\u2605\u2605\u2605Paistettuja perunoita (M,G)Syksyiset s\u00e4r\u00e4juurekset (M,G)Naudan ulkofileet\u00e4 ja punaviinikastiketta [&hellip;]<\/p>\n","protected":false},"author":8,"featured_media":0,"parent":914,"menu_order":0,"comment_status":"closed","ping_status":"closed","template":"","meta":{"_acf_changed":false,"footnotes":""},"class_list":["post-5751","page","type-page","status-publish","hentry"],"acf":[],"yoast_head":"<!-- This site is optimized with the Yoast SEO Premium plugin v27.2 (Yoast SEO v27.2) - https:\/\/yoast.com\/product\/yoast-seo-premium-wordpress\/ -->\n<title>Ruskabuffet - Hotel Levi Panorama<\/title>\n<meta name=\"description\" content=\"Herkullinen syksyn erikoisbuffet Ravintola Panoramassa Levill\u00e4. Katso menu ja varaa p\u00f6yt\u00e4!\" \/>\n<meta name=\"robots\" content=\"index, follow, max-snippet:-1, max-image-preview:large, max-video-preview:-1\" \/>\n<link rel=\"canonical\" href=\"https:\/\/www.kassiopeia.fi\/hotel-levi-panorama\/ravintolat\/ruskabuffet\/\" \/>\n<meta property=\"og:locale\" content=\"en_US\" \/>\n<meta property=\"og:type\" content=\"article\" \/>\n<meta property=\"og:title\" content=\"Ruskabuffet\" \/>\n<meta property=\"og:description\" content=\"Herkullinen syksyn erikoisbuffet Ravintola Panoramassa Levill\u00e4. Katso menu ja varaa p\u00f6yt\u00e4!\" \/>\n<meta property=\"og:url\" content=\"https:\/\/www.kassiopeia.fi\/hotel-levi-panorama\/ravintolat\/ruskabuffet\/\" \/>\n<meta property=\"og:site_name\" content=\"Hotel Levi Panorama\" \/>\n<meta property=\"article:modified_time\" content=\"2025-09-16T12:58:03+00:00\" \/>\n<meta property=\"og:image\" content=\"https:\/\/www.kassiopeia.fi\/hotel-levi-panorama\/wp-content\/uploads\/sites\/3\/2025\/02\/levi-lounas-panorama-juurekset.jpg\" \/>\n\t<meta property=\"og:image:width\" content=\"1800\" \/>\n\t<meta property=\"og:image:height\" content=\"1200\" \/>\n\t<meta property=\"og:image:type\" content=\"image\/jpeg\" \/>\n<meta name=\"twitter:card\" content=\"summary_large_image\" \/>\n<meta name=\"twitter:label1\" content=\"Est. reading time\" \/>\n\t<meta name=\"twitter:data1\" content=\"2 minutes\" \/>\n<script type=\"application\/ld+json\" class=\"yoast-schema-graph\">{\"@context\":\"https:\/\/schema.org\",\"@graph\":[{\"@type\":\"WebPage\",\"@id\":\"https:\/\/www.kassiopeia.fi\/hotel-levi-panorama\/ravintolat\/ruskabuffet\/\",\"url\":\"https:\/\/www.kassiopeia.fi\/hotel-levi-panorama\/ravintolat\/ruskabuffet\/\",\"name\":\"Ruskabuffet - Hotel Levi Panorama\",\"isPartOf\":{\"@id\":\"https:\/\/www.kassiopeia.fi\/hotel-levi-panorama\/#website\"},\"primaryImageOfPage\":{\"@id\":\"https:\/\/www.kassiopeia.fi\/hotel-levi-panorama\/ravintolat\/ruskabuffet\/#primaryimage\"},\"image\":{\"@id\":\"https:\/\/www.kassiopeia.fi\/hotel-levi-panorama\/ravintolat\/ruskabuffet\/#primaryimage\"},\"thumbnailUrl\":\"https:\/\/www.kassiopeia.fi\/hotel-levi-panorama\/wp-content\/uploads\/sites\/3\/2025\/02\/levi-lounas-panorama-juurekset.jpg\",\"datePublished\":\"2025-08-26T14:07:30+00:00\",\"dateModified\":\"2025-09-16T12:58:03+00:00\",\"description\":\"Herkullinen syksyn erikoisbuffet Ravintola Panoramassa Levill\u00e4. Katso menu ja varaa p\u00f6yt\u00e4!\",\"breadcrumb\":{\"@id\":\"https:\/\/www.kassiopeia.fi\/hotel-levi-panorama\/ravintolat\/ruskabuffet\/#breadcrumb\"},\"inLanguage\":\"en-US\",\"potentialAction\":[{\"@type\":\"ReadAction\",\"target\":[\"https:\/\/www.kassiopeia.fi\/hotel-levi-panorama\/ravintolat\/ruskabuffet\/\"]}]},{\"@type\":\"ImageObject\",\"inLanguage\":\"en-US\",\"@id\":\"https:\/\/www.kassiopeia.fi\/hotel-levi-panorama\/ravintolat\/ruskabuffet\/#primaryimage\",\"url\":\"https:\/\/www.kassiopeia.fi\/hotel-levi-panorama\/wp-content\/uploads\/sites\/3\/2025\/02\/levi-lounas-panorama-juurekset.jpg\",\"contentUrl\":\"https:\/\/www.kassiopeia.fi\/hotel-levi-panorama\/wp-content\/uploads\/sites\/3\/2025\/02\/levi-lounas-panorama-juurekset.jpg\",\"width\":1800,\"height\":1200,\"caption\":\"Paistetut juurekset Panorama Buffetin lounaasta.\"},{\"@type\":\"BreadcrumbList\",\"@id\":\"https:\/\/www.kassiopeia.fi\/hotel-levi-panorama\/ravintolat\/ruskabuffet\/#breadcrumb\",\"itemListElement\":[{\"@type\":\"ListItem\",\"position\":1,\"name\":\"Home\",\"item\":\"https:\/\/www.kassiopeia.fi\/hotel-levi-panorama\/\"},{\"@type\":\"ListItem\",\"position\":2,\"name\":\"Ravintolat\",\"item\":\"https:\/\/www.kassiopeia.fi\/hotel-levi-panorama\/ravintolat\/\"},{\"@type\":\"ListItem\",\"position\":3,\"name\":\"Ruskabuffet\"}]},{\"@type\":\"WebSite\",\"@id\":\"https:\/\/www.kassiopeia.fi\/hotel-levi-panorama\/#website\",\"url\":\"https:\/\/www.kassiopeia.fi\/hotel-levi-panorama\/\",\"name\":\"Hotel Levi Panorama\",\"description\":\"\",\"potentialAction\":[{\"@type\":\"SearchAction\",\"target\":{\"@type\":\"EntryPoint\",\"urlTemplate\":\"https:\/\/www.kassiopeia.fi\/hotel-levi-panorama\/?s={search_term_string}\"},\"query-input\":{\"@type\":\"PropertyValueSpecification\",\"valueRequired\":true,\"valueName\":\"search_term_string\"}}],\"inLanguage\":\"en-US\"}]}<\/script>\n<!-- \/ Yoast SEO Premium plugin. -->","yoast_head_json":{"title":"Ruskabuffet - Hotel Levi Panorama","description":"Herkullinen syksyn erikoisbuffet Ravintola Panoramassa Levill\u00e4. Katso menu ja varaa p\u00f6yt\u00e4!","robots":{"index":"index","follow":"follow","max-snippet":"max-snippet:-1","max-image-preview":"max-image-preview:large","max-video-preview":"max-video-preview:-1"},"canonical":"https:\/\/www.kassiopeia.fi\/hotel-levi-panorama\/ravintolat\/ruskabuffet\/","og_locale":"en_US","og_type":"article","og_title":"Ruskabuffet","og_description":"Herkullinen syksyn erikoisbuffet Ravintola Panoramassa Levill\u00e4. Katso menu ja varaa p\u00f6yt\u00e4!","og_url":"https:\/\/www.kassiopeia.fi\/hotel-levi-panorama\/ravintolat\/ruskabuffet\/","og_site_name":"Hotel Levi Panorama","article_modified_time":"2025-09-16T12:58:03+00:00","og_image":[{"width":1800,"height":1200,"url":"https:\/\/www.kassiopeia.fi\/hotel-levi-panorama\/wp-content\/uploads\/sites\/3\/2025\/02\/levi-lounas-panorama-juurekset.jpg","type":"image\/jpeg"}],"twitter_card":"summary_large_image","twitter_misc":{"Est. reading time":"2 minutes"},"schema":{"@context":"https:\/\/schema.org","@graph":[{"@type":"WebPage","@id":"https:\/\/www.kassiopeia.fi\/hotel-levi-panorama\/ravintolat\/ruskabuffet\/","url":"https:\/\/www.kassiopeia.fi\/hotel-levi-panorama\/ravintolat\/ruskabuffet\/","name":"Ruskabuffet - Hotel Levi Panorama","isPartOf":{"@id":"https:\/\/www.kassiopeia.fi\/hotel-levi-panorama\/#website"},"primaryImageOfPage":{"@id":"https:\/\/www.kassiopeia.fi\/hotel-levi-panorama\/ravintolat\/ruskabuffet\/#primaryimage"},"image":{"@id":"https:\/\/www.kassiopeia.fi\/hotel-levi-panorama\/ravintolat\/ruskabuffet\/#primaryimage"},"thumbnailUrl":"https:\/\/www.kassiopeia.fi\/hotel-levi-panorama\/wp-content\/uploads\/sites\/3\/2025\/02\/levi-lounas-panorama-juurekset.jpg","datePublished":"2025-08-26T14:07:30+00:00","dateModified":"2025-09-16T12:58:03+00:00","description":"Herkullinen syksyn erikoisbuffet Ravintola Panoramassa Levill\u00e4. Katso menu ja varaa p\u00f6yt\u00e4!","breadcrumb":{"@id":"https:\/\/www.kassiopeia.fi\/hotel-levi-panorama\/ravintolat\/ruskabuffet\/#breadcrumb"},"inLanguage":"en-US","potentialAction":[{"@type":"ReadAction","target":["https:\/\/www.kassiopeia.fi\/hotel-levi-panorama\/ravintolat\/ruskabuffet\/"]}]},{"@type":"ImageObject","inLanguage":"en-US","@id":"https:\/\/www.kassiopeia.fi\/hotel-levi-panorama\/ravintolat\/ruskabuffet\/#primaryimage","url":"https:\/\/www.kassiopeia.fi\/hotel-levi-panorama\/wp-content\/uploads\/sites\/3\/2025\/02\/levi-lounas-panorama-juurekset.jpg","contentUrl":"https:\/\/www.kassiopeia.fi\/hotel-levi-panorama\/wp-content\/uploads\/sites\/3\/2025\/02\/levi-lounas-panorama-juurekset.jpg","width":1800,"height":1200,"caption":"Paistetut juurekset Panorama Buffetin lounaasta."},{"@type":"BreadcrumbList","@id":"https:\/\/www.kassiopeia.fi\/hotel-levi-panorama\/ravintolat\/ruskabuffet\/#breadcrumb","itemListElement":[{"@type":"ListItem","position":1,"name":"Home","item":"https:\/\/www.kassiopeia.fi\/hotel-levi-panorama\/"},{"@type":"ListItem","position":2,"name":"Ravintolat","item":"https:\/\/www.kassiopeia.fi\/hotel-levi-panorama\/ravintolat\/"},{"@type":"ListItem","position":3,"name":"Ruskabuffet"}]},{"@type":"WebSite","@id":"https:\/\/www.kassiopeia.fi\/hotel-levi-panorama\/#website","url":"https:\/\/www.kassiopeia.fi\/hotel-levi-panorama\/","name":"Hotel Levi Panorama","description":"","potentialAction":[{"@type":"SearchAction","target":{"@type":"EntryPoint","urlTemplate":"https:\/\/www.kassiopeia.fi\/hotel-levi-panorama\/?s={search_term_string}"},"query-input":{"@type":"PropertyValueSpecification","valueRequired":true,"valueName":"search_term_string"}}],"inLanguage":"en-US"}]}},"lang":"fi","translations":{"fi":5751,"en":5761},"pll_sync_post":[],"_links":{"self":[{"href":"https:\/\/www.kassiopeia.fi\/hotel-levi-panorama\/wp-json\/wp\/v2\/pages\/5751","targetHints":{"allow":["GET"]}}],"collection":[{"href":"https:\/\/www.kassiopeia.fi\/hotel-levi-panorama\/wp-json\/wp\/v2\/pages"}],"about":[{"href":"https:\/\/www.kassiopeia.fi\/hotel-levi-panorama\/wp-json\/wp\/v2\/types\/page"}],"author":[{"embeddable":true,"href":"https:\/\/www.kassiopeia.fi\/hotel-levi-panorama\/wp-json\/wp\/v2\/users\/8"}],"replies":[{"embeddable":true,"href":"https:\/\/www.kassiopeia.fi\/hotel-levi-panorama\/wp-json\/wp\/v2\/comments?post=5751"}],"version-history":[{"count":6,"href":"https:\/\/www.kassiopeia.fi\/hotel-levi-panorama\/wp-json\/wp\/v2\/pages\/5751\/revisions"}],"predecessor-version":[{"id":5847,"href":"https:\/\/www.kassiopeia.fi\/hotel-levi-panorama\/wp-json\/wp\/v2\/pages\/5751\/revisions\/5847"}],"up":[{"embeddable":true,"href":"https:\/\/www.kassiopeia.fi\/hotel-levi-panorama\/wp-json\/wp\/v2\/pages\/914"}],"wp:attachment":[{"href":"https:\/\/www.kassiopeia.fi\/hotel-levi-panorama\/wp-json\/wp\/v2\/media?parent=5751"}],"curies":[{"name":"wp","href":"https:\/\/api.w.org\/{rel}","templated":true}]}}