{"id":4983,"date":"2025-03-26T12:45:45","date_gmt":"2025-03-26T12:45:45","guid":{"rendered":"https:\/\/www.kassiopeia.fi\/hotel-levi-panorama\/?page_id=4983"},"modified":"2025-08-05T09:42:26","modified_gmt":"2025-08-05T09:42:26","slug":"grilli-illat","status":"publish","type":"page","link":"https:\/\/www.kassiopeia.fi\/hotel-levi-panorama\/ravintolat\/grilli-illat\/","title":{"rendered":"Grilli-illat kes\u00e4lauantaisin"},"content":{"rendered":"\n<div class=\"wp-block-cover alignfull cover-hero wp-duotone-unset-1\" style=\"margin-top:0px;margin-bottom:0px;padding-top:0px;padding-right:0px;padding-bottom:0px;padding-left:0px;min-height:30vw;aspect-ratio:unset;\"><img loading=\"lazy\" decoding=\"async\" width=\"1920\" height=\"1080\" class=\"wp-block-cover__image-background wp-image-5043\" alt=\"Panorama Grillijuhlat logo.\" src=\"https:\/\/www.kassiopeia.fi\/hotel-levi-panorama\/wp-content\/uploads\/sites\/3\/2025\/04\/Panorama_grilli-illat2025_herokuva-nettisivuille.jpg\" style=\"object-position:51% 5%\" data-object-fit=\"cover\" data-object-position=\"51% 5%\" srcset=\"https:\/\/www.kassiopeia.fi\/hotel-levi-panorama\/wp-content\/uploads\/sites\/3\/2025\/04\/Panorama_grilli-illat2025_herokuva-nettisivuille.jpg 1920w, https:\/\/www.kassiopeia.fi\/hotel-levi-panorama\/wp-content\/uploads\/sites\/3\/2025\/04\/Panorama_grilli-illat2025_herokuva-nettisivuille-300x169.jpg 300w, https:\/\/www.kassiopeia.fi\/hotel-levi-panorama\/wp-content\/uploads\/sites\/3\/2025\/04\/Panorama_grilli-illat2025_herokuva-nettisivuille-1024x576.jpg 1024w, https:\/\/www.kassiopeia.fi\/hotel-levi-panorama\/wp-content\/uploads\/sites\/3\/2025\/04\/Panorama_grilli-illat2025_herokuva-nettisivuille-768x432.jpg 768w, https:\/\/www.kassiopeia.fi\/hotel-levi-panorama\/wp-content\/uploads\/sites\/3\/2025\/04\/Panorama_grilli-illat2025_herokuva-nettisivuille-1536x864.jpg 1536w\" sizes=\"auto, (max-width: 1920px) 100vw, 1920px\" \/><span aria-hidden=\"true\" class=\"wp-block-cover__background has-black-background-color has-background-dim-0 has-background-dim\"><\/span><div class=\"wp-block-cover__inner-container is-layout-flow wp-container-core-cover-is-layout-6e17fc20 wp-block-cover-is-layout-flow\">\n<h1 class=\"wp-block-heading has-text-align-center\" id=\"h-\" style=\"font-size:70px\"><\/h1>\n\n\n\n<p><\/p>\n<\/div><\/div>\n\n\n\n<div class=\"breadcrumb-container\"><ul id=\"breadcrumbs\" class=\"breadcrumbs\"><li class=\"item-home\"><a class=\"bread-link bread-home\" href=\"https:\/\/www.kassiopeia.fi\/hotel-levi-panorama\" title=\"Hotel Levi Panorama\">Hotel Levi Panorama<\/a><\/li><li class=\"separator separator-home\"> \/ <\/li><\/ul><\/div>\n<style>\n    \n<\/style>\n\n\n<div class=\"wp-block-group alignfull is-layout-constrained wp-container-core-group-is-layout-244a2f0a wp-block-group-is-layout-constrained\" style=\"padding-top:var(--wp--preset--spacing--50);padding-right:var(--wp--preset--spacing--40);padding-bottom:var(--wp--preset--spacing--70);padding-left:var(--wp--preset--spacing--40)\">\n<div class=\"wp-block-group alignwide is-layout-constrained wp-container-core-group-is-layout-9517baca wp-block-group-is-layout-constrained\">\n<h1 class=\"wp-block-heading has-text-align-center\" id=\"h-grilli-illat-kesalauantaisin\" style=\"margin-bottom:var(--wp--preset--spacing--60)\">Grilli-illat kes\u00e4lauantaisin<\/h1>\n\n\n\n<p class=\"has-text-align-center has-large-font-size\">Tervetuloa Levin kuumimpiin grillijuhliin! <\/p>\n\n\n\n\n<style>\n    #wp-block-acf-tietokentat-1055052177 p {\n        margin: 0px;\n        margin-bottom: 9px;\n        <br \/>\n<b>Warning<\/b>:  Undefined variable $textAlign in <b>\/var\/www\/kassiopeia.fi\/git-repo\/kassiopeia\/kassiopeia-custom-blocks\/blocks\/tietokentat\/block.php<\/b> on line <b>74<\/b><br \/>\n    }\n<\/style>\n\n<div class=\"align word-break wp-block-acf-tietokentat has-text-color has-black-color\" id=\"wp-block-acf-tietokentat-1055052177\"><p style=\"text-align: center;\"><strong>Panorama\u2019s Restaurants<br \/>\nAddress<\/strong>: Tunturitie 205, 99130 Levi<br \/>\n<strong>Tel<\/strong>: +358 <span data-teams=\"true\">40 5320 569<\/span><br \/>\n<strong>Email<\/strong>: restaurantpanorama@kassiopeia.fi<\/p>\n<\/div>\n<\/div>\n<\/div>\n\n\n\n<div class=\"wp-block-group alignfull is-layout-constrained wp-container-core-group-is-layout-97829e9f wp-block-group-is-layout-constrained\" style=\"padding-right:var(--wp--preset--spacing--40);padding-left:var(--wp--preset--spacing--40)\">\n<div class=\"wp-block-media-text alignwide has-media-on-the-right is-stacked-on-mobile is-vertically-aligned-center is-image-fill-element has-panorama-5-background-color has-background\" style=\"grid-template-columns:auto 37%\"><div class=\"wp-block-media-text__content\">\n<h2 class=\"wp-block-heading has-text-align-left\" id=\"h-ravintola-panoraman-grilli-illat\">Ravintola Panoraman grilli-illat<\/h2>\n\n\n\n<p><\/p>\n\n\n\n<ul style=\"margin-top:0;margin-bottom:var(--wp--preset--spacing--60)\" class=\"wp-block-list styled2\">\n<li>Lauantaisin <strong>21.6.\u20132.8.2025<\/strong> klo 17\u201321 (grilli-iltoina \u00e0 la carte ei ole saatavilla)<\/li>\n<\/ul>\n\n\n\n<div class=\"wp-block-columns is-layout-flex wp-container-core-columns-is-layout-28f84493 wp-block-columns-is-layout-flex\">\n<div class=\"wp-block-column is-layout-flow wp-block-column-is-layout-flow\" style=\"flex-basis:30%\">\n<div class=\"wp-block-buttons is-layout-flex wp-block-buttons-is-layout-flex\">\n<div class=\"wp-block-button\"><a class=\"wp-block-button__link wp-element-button\" href=\"https:\/\/v2.tableonline.fi\/instabook\/bookings\/l7vbXwV\" style=\"border-style:none;border-width:0px;border-radius:0px;padding-top:var(--wp--preset--spacing--20);padding-right:var(--wp--preset--spacing--50);padding-bottom:var(--wp--preset--spacing--20);padding-left:var(--wp--preset--spacing--50)\" target=\"_blank\" rel=\"noreferrer noopener\">Varaa p\u00f6yt\u00e4<\/a><\/div>\n<\/div>\n<\/div>\n\n\n\n<div class=\"wp-block-column hidden is-layout-flow wp-block-column-is-layout-flow\" style=\"flex-basis:70%\">\n<h4 class=\"wp-block-heading has-panorama-2-color has-text-color has-link-color wp-elements-ab33d47827fdea28bc7b63d4969251b2\" id=\"h-31-hlo\" style=\"margin-top:0;margin-bottom:0;padding-top:0;padding-bottom:0\">31 \u20ac \/ hl\u00f6<\/h4>\n\n\n\n<p class=\"has-small-font-size\" style=\"margin-top:0;margin-bottom:0;padding-top:0;padding-bottom:0\">lapset 4\u201312-v. 15,50 \u20ac<\/p>\n<\/div>\n<\/div>\n\n\n\n<div style=\"height:16px\" aria-hidden=\"true\" class=\"wp-block-spacer\"><\/div>\n<\/div><figure class=\"wp-block-media-text__media\"><img loading=\"lazy\" decoding=\"async\" width=\"1024\" height=\"576\" src=\"https:\/\/www.kassiopeia.fi\/hotel-levi-panorama\/wp-content\/uploads\/sites\/3\/2025\/06\/panoraman-grilli-illat-levi-1024x576.jpg\" alt=\"Hotel Levi Panoraman grilli-illan grillailua.\" class=\"wp-image-5404 size-full\" style=\"object-position:50% 50%\" srcset=\"https:\/\/www.kassiopeia.fi\/hotel-levi-panorama\/wp-content\/uploads\/sites\/3\/2025\/06\/panoraman-grilli-illat-levi-1024x576.jpg 1024w, https:\/\/www.kassiopeia.fi\/hotel-levi-panorama\/wp-content\/uploads\/sites\/3\/2025\/06\/panoraman-grilli-illat-levi-300x169.jpg 300w, https:\/\/www.kassiopeia.fi\/hotel-levi-panorama\/wp-content\/uploads\/sites\/3\/2025\/06\/panoraman-grilli-illat-levi-768x432.jpg 768w, https:\/\/www.kassiopeia.fi\/hotel-levi-panorama\/wp-content\/uploads\/sites\/3\/2025\/06\/panoraman-grilli-illat-levi-1536x864.jpg 1536w, https:\/\/www.kassiopeia.fi\/hotel-levi-panorama\/wp-content\/uploads\/sites\/3\/2025\/06\/panoraman-grilli-illat-levi.jpg 2000w\" sizes=\"auto, (max-width: 1024px) 100vw, 1024px\" \/><\/figure><\/div>\n<\/div>\n\n\n\n<div class=\"wp-block-group alignfull is-layout-constrained wp-container-core-group-is-layout-bdbbb34e wp-block-group-is-layout-constrained\" style=\"padding-top:var(--wp--preset--spacing--60);padding-right:var(--wp--preset--spacing--40);padding-bottom:var(--wp--preset--spacing--70);padding-left:var(--wp--preset--spacing--40)\">\n<h2 class=\"wp-block-heading has-text-align-center\" id=\"h-grilli-illan-menu-2025\">Grilli-illan menu 2025<\/h2>\n\n\n\n<p class=\"has-text-align-center\"><br>Vihersalaatti V,G<br>Coleslaw L,G<br>Marinoitua punasipulia &amp; kurkkua V,G<br>Yrttinen sinappiperunasalaatti L,G<br>Punajuuri-aurajuustosalaatti L,G<br>Sitrusparsaa V,G<br>Salsaa V,G<br>Nachoja V,G<br>Meloni-mozzarellasalaattia L,G<br>\u2605\u2605\u2605<br>BBQ ribsit L,G<br>Grillattua kanaa &amp; chimichurria L,G<br>Grillattua maissia L,G<br>Makkaralaijtelma<br>Parmesan-perunaa L,G<br>Sieni-pekonipaistos L,G<br>Grillatut j\u00e4ttikatkaravut chili\u00f6ljyss\u00e4 L,G<br>Panoramalla savustettua kirjolohta L,G<br>\u2605\u2605\u2605<br>Perunarieskaa &amp; maalaispatonkia L<br>Tuorejuustoa &amp; voita L,G<br>\u2605\u2605\u2605<br>J\u00e4\u00e4tel\u00f6 ja sorbettivalikoima<br>Karkkibaari<br>Hedelm\u00e4t V,G<br><\/p>\n\n\n\n<p class=\"has-text-align-center\">M = maidoton \/ L = laktoositon \/ G = gluteeniton \/ V = vegaaninen\/ G*=gluteeniton pyydett\u00e4ess\u00e4 \/ V*=Vegaaninen pyydett\u00e4ess\u00e4<br><br><strong>Teeth\u00e4n p\u00f6yt\u00e4varauksen ennakkoon! <\/strong><br>Lis\u00e4tietoa ruoista ja ruokien allergeeneist\u00e4 saat ravintolan henkil\u00f6kunnalta.<br>Pid\u00e4t\u00e4mme oikeudet muutoksiin.<\/p>\n\n\n\n<div class=\"wp-block-group alignfull is-layout-constrained wp-container-core-group-is-layout-941eaaac wp-block-group-is-layout-constrained\" style=\"margin-top:0;margin-bottom:var(--wp--preset--spacing--70);padding-top:var(--wp--preset--spacing--70);padding-right:var(--wp--preset--spacing--40);padding-bottom:var(--wp--preset--spacing--40);padding-left:var(--wp--preset--spacing--40)\">\n<div class=\"wp-block-buttons is-content-justification-center is-layout-flex wp-container-core-buttons-is-layout-a89b3969 wp-block-buttons-is-layout-flex\">\n<div class=\"wp-block-button\"><a class=\"wp-block-button__link has-text-align-center wp-element-button\" href=\"https:\/\/v2.tableonline.fi\/instabook\/bookings\/l7vbXwV\" target=\"_blank\" rel=\"noreferrer noopener\">Varaa p\u00f6yt\u00e4<\/a><\/div>\n<\/div>\n\n\n\n<div class=\"block-quandoo-booking\">\n    <div id=\"quandoo-booking-widget\" style=\"padding-right:0;padding-left:0;padding-top:0;padding-bottom:0;margin-top:0;margin-bottom:0;margin-left:0;margin-right:0;\" class=\"aligncenter hidden wp-block-create-block-quandoo-booking\"><\/div>\n<\/div>\n\n<script src=\"https:\/\/booking-widget.quandoo.com\/index.js\" data-merchant-id=\"95104\" data-theme=\"light\" data-primary-color=\"323232\"><\/script><\/div>\n<\/div>\n\n\n\n<div class=\"wp-block-group alignfull is-layout-constrained wp-container-core-group-is-layout-0c9c989a wp-block-group-is-layout-constrained\" style=\"margin-top:0;margin-bottom:0;padding-top:var(--wp--preset--spacing--70);padding-right:var(--wp--preset--spacing--40);padding-bottom:var(--wp--preset--spacing--70);padding-left:var(--wp--preset--spacing--40)\">\n<div class=\"wp-block-columns is-layout-flex wp-container-core-columns-is-layout-28f84493 wp-block-columns-is-layout-flex\">\n<div class=\"wp-block-column is-layout-flow wp-block-column-is-layout-flow\">\n<figure class=\"wp-block-image size-full openable-image\"><img loading=\"lazy\" decoding=\"async\" width=\"1200\" height=\"1200\" src=\"https:\/\/www.kassiopeia.fi\/hotel-levi-panorama\/wp-content\/uploads\/sites\/3\/2025\/06\/ravintola-panorama-ruokailukuva_perhe.jpg\" alt=\"Perhe nauttii Panoraman grilliherkuista.\" class=\"wp-image-5406\" style=\"aspect-ratio:1;object-fit:cover\" srcset=\"https:\/\/www.kassiopeia.fi\/hotel-levi-panorama\/wp-content\/uploads\/sites\/3\/2025\/06\/ravintola-panorama-ruokailukuva_perhe.jpg 1200w, https:\/\/www.kassiopeia.fi\/hotel-levi-panorama\/wp-content\/uploads\/sites\/3\/2025\/06\/ravintola-panorama-ruokailukuva_perhe-300x300.jpg 300w, https:\/\/www.kassiopeia.fi\/hotel-levi-panorama\/wp-content\/uploads\/sites\/3\/2025\/06\/ravintola-panorama-ruokailukuva_perhe-1024x1024.jpg 1024w, https:\/\/www.kassiopeia.fi\/hotel-levi-panorama\/wp-content\/uploads\/sites\/3\/2025\/06\/ravintola-panorama-ruokailukuva_perhe-150x150.jpg 150w, https:\/\/www.kassiopeia.fi\/hotel-levi-panorama\/wp-content\/uploads\/sites\/3\/2025\/06\/ravintola-panorama-ruokailukuva_perhe-768x768.jpg 768w\" sizes=\"auto, (max-width: 1200px) 100vw, 1200px\" \/><\/figure>\n<\/div>\n\n\n\n<div class=\"wp-block-column is-layout-flow wp-block-column-is-layout-flow\">\n<figure class=\"wp-block-image size-full openable-image\"><img loading=\"lazy\" decoding=\"async\" width=\"600\" height=\"600\" src=\"https:\/\/www.kassiopeia.fi\/hotel-levi-panorama\/wp-content\/uploads\/sites\/3\/2025\/03\/ravintola-panorama-grilli-ilta-3-salaatit.jpg\" alt=\"Ravintola Panoraman salaatit grilli-illan noutop\u00f6yd\u00e4ss\u00e4.\" class=\"wp-image-4990\" style=\"aspect-ratio:1;object-fit:cover\" srcset=\"https:\/\/www.kassiopeia.fi\/hotel-levi-panorama\/wp-content\/uploads\/sites\/3\/2025\/03\/ravintola-panorama-grilli-ilta-3-salaatit.jpg 600w, https:\/\/www.kassiopeia.fi\/hotel-levi-panorama\/wp-content\/uploads\/sites\/3\/2025\/03\/ravintola-panorama-grilli-ilta-3-salaatit-300x300.jpg 300w, https:\/\/www.kassiopeia.fi\/hotel-levi-panorama\/wp-content\/uploads\/sites\/3\/2025\/03\/ravintola-panorama-grilli-ilta-3-salaatit-150x150.jpg 150w\" sizes=\"auto, (max-width: 600px) 100vw, 600px\" \/><\/figure>\n<\/div>\n\n\n\n<div class=\"wp-block-column is-layout-flow wp-block-column-is-layout-flow\">\n<figure class=\"wp-block-image size-full openable-image\"><img loading=\"lazy\" decoding=\"async\" width=\"600\" height=\"600\" src=\"https:\/\/www.kassiopeia.fi\/hotel-levi-panorama\/wp-content\/uploads\/sites\/3\/2025\/03\/ravintola-panorama-grilli-ilta-2-hedelmia.jpg\" alt=\"Hedelm\u00e4salaatti.\" class=\"wp-image-4991\" style=\"aspect-ratio:1;object-fit:cover\" srcset=\"https:\/\/www.kassiopeia.fi\/hotel-levi-panorama\/wp-content\/uploads\/sites\/3\/2025\/03\/ravintola-panorama-grilli-ilta-2-hedelmia.jpg 600w, https:\/\/www.kassiopeia.fi\/hotel-levi-panorama\/wp-content\/uploads\/sites\/3\/2025\/03\/ravintola-panorama-grilli-ilta-2-hedelmia-300x300.jpg 300w, https:\/\/www.kassiopeia.fi\/hotel-levi-panorama\/wp-content\/uploads\/sites\/3\/2025\/03\/ravintola-panorama-grilli-ilta-2-hedelmia-150x150.jpg 150w\" sizes=\"auto, (max-width: 600px) 100vw, 600px\" \/><\/figure>\n<\/div>\n<\/div>\n<\/div>\n","protected":false},"excerpt":{"rendered":"<p>Grilli-illat kes\u00e4lauantaisin Tervetuloa Levin kuumimpiin grillijuhliin! Ravintola Panoraman grilli-illat 31 \u20ac \/ hl\u00f6 lapset 4\u201312-v. 15,50 \u20ac Grilli-illan menu 2025 Vihersalaatti V,GColeslaw L,GMarinoitua punasipulia &amp; kurkkua V,GYrttinen sinappiperunasalaatti L,GPunajuuri-aurajuustosalaatti L,GSitrusparsaa V,GSalsaa V,GNachoja V,GMeloni-mozzarellasalaattia L,G\u2605\u2605\u2605BBQ ribsit L,GGrillattua kanaa &amp; chimichurria L,GGrillattua maissia L,GMakkaralaijtelmaParmesan-perunaa L,GSieni-pekonipaistos L,GGrillatut j\u00e4ttikatkaravut chili\u00f6ljyss\u00e4 L,GPanoramalla savustettua kirjolohta L,G\u2605\u2605\u2605Perunarieskaa &amp; maalaispatonkia LTuorejuustoa &amp; voita [&hellip;]<\/p>\n","protected":false},"author":8,"featured_media":0,"parent":914,"menu_order":0,"comment_status":"closed","ping_status":"closed","template":"","meta":{"_acf_changed":false,"footnotes":""},"class_list":["post-4983","page","type-page","status-publish","hentry"],"acf":[],"yoast_head":"<!-- This site is optimized with the Yoast SEO Premium plugin v27.2 (Yoast SEO v27.2) - https:\/\/yoast.com\/product\/yoast-seo-premium-wordpress\/ -->\n<title>Grilli-illat kes\u00e4lauantaisin - Hotel Levi Panorama<\/title>\n<meta name=\"description\" content=\"Tervetuloa Ravintola Panoraman grilli-iltoihin! Grilli on kuumana lauantaisin 21.6.\u20132.8.2025. Katso menu ja varaa p\u00f6yt\u00e4!\" \/>\n<meta name=\"robots\" content=\"index, follow, max-snippet:-1, max-image-preview:large, max-video-preview:-1\" \/>\n<link rel=\"canonical\" href=\"https:\/\/www.kassiopeia.fi\/hotel-levi-panorama\/ravintolat\/grilli-illat\/\" \/>\n<meta property=\"og:locale\" content=\"en_US\" \/>\n<meta property=\"og:type\" content=\"article\" \/>\n<meta property=\"og:title\" content=\"Grilli-illat kes\u00e4lauantaisin\" \/>\n<meta property=\"og:description\" content=\"Tervetuloa Ravintola Panoraman grilli-iltoihin! Grilli on kuumana lauantaisin 21.6.\u20132.8.2025. Katso menu ja varaa p\u00f6yt\u00e4!\" \/>\n<meta property=\"og:url\" content=\"https:\/\/www.kassiopeia.fi\/hotel-levi-panorama\/ravintolat\/grilli-illat\/\" \/>\n<meta property=\"og:site_name\" content=\"Hotel Levi Panorama\" \/>\n<meta property=\"article:modified_time\" content=\"2025-08-05T09:42:26+00:00\" \/>\n<meta property=\"og:image\" content=\"https:\/\/www.kassiopeia.fi\/hotel-levi-panorama\/wp-content\/uploads\/sites\/3\/2025\/04\/Panorama_grilli-illat2025_herokuva-nettisivuille.jpg\" \/>\n\t<meta property=\"og:image:width\" content=\"1920\" \/>\n\t<meta property=\"og:image:height\" content=\"1080\" \/>\n\t<meta property=\"og:image:type\" content=\"image\/jpeg\" \/>\n<meta name=\"twitter:card\" content=\"summary_large_image\" \/>\n<meta name=\"twitter:label1\" content=\"Est. reading time\" \/>\n\t<meta name=\"twitter:data1\" content=\"2 minutes\" \/>\n<script type=\"application\/ld+json\" class=\"yoast-schema-graph\">{\"@context\":\"https:\/\/schema.org\",\"@graph\":[{\"@type\":\"WebPage\",\"@id\":\"https:\/\/www.kassiopeia.fi\/hotel-levi-panorama\/ravintolat\/grilli-illat\/\",\"url\":\"https:\/\/www.kassiopeia.fi\/hotel-levi-panorama\/ravintolat\/grilli-illat\/\",\"name\":\"Grilli-illat kes\u00e4lauantaisin - Hotel Levi Panorama\",\"isPartOf\":{\"@id\":\"https:\/\/www.kassiopeia.fi\/hotel-levi-panorama\/#website\"},\"primaryImageOfPage\":{\"@id\":\"https:\/\/www.kassiopeia.fi\/hotel-levi-panorama\/ravintolat\/grilli-illat\/#primaryimage\"},\"image\":{\"@id\":\"https:\/\/www.kassiopeia.fi\/hotel-levi-panorama\/ravintolat\/grilli-illat\/#primaryimage\"},\"thumbnailUrl\":\"https:\/\/www.kassiopeia.fi\/hotel-levi-panorama\/wp-content\/uploads\/sites\/3\/2025\/04\/Panorama_grilli-illat2025_herokuva-nettisivuille.jpg\",\"datePublished\":\"2025-03-26T12:45:45+00:00\",\"dateModified\":\"2025-08-05T09:42:26+00:00\",\"description\":\"Tervetuloa Ravintola Panoraman grilli-iltoihin! Grilli on kuumana lauantaisin 21.6.\u20132.8.2025. Katso menu ja varaa p\u00f6yt\u00e4!\",\"breadcrumb\":{\"@id\":\"https:\/\/www.kassiopeia.fi\/hotel-levi-panorama\/ravintolat\/grilli-illat\/#breadcrumb\"},\"inLanguage\":\"en-US\",\"potentialAction\":[{\"@type\":\"ReadAction\",\"target\":[\"https:\/\/www.kassiopeia.fi\/hotel-levi-panorama\/ravintolat\/grilli-illat\/\"]}]},{\"@type\":\"ImageObject\",\"inLanguage\":\"en-US\",\"@id\":\"https:\/\/www.kassiopeia.fi\/hotel-levi-panorama\/ravintolat\/grilli-illat\/#primaryimage\",\"url\":\"https:\/\/www.kassiopeia.fi\/hotel-levi-panorama\/wp-content\/uploads\/sites\/3\/2025\/04\/Panorama_grilli-illat2025_herokuva-nettisivuille.jpg\",\"contentUrl\":\"https:\/\/www.kassiopeia.fi\/hotel-levi-panorama\/wp-content\/uploads\/sites\/3\/2025\/04\/Panorama_grilli-illat2025_herokuva-nettisivuille.jpg\",\"width\":1920,\"height\":1080,\"caption\":\"Panorama Grillijuhlat logo\"},{\"@type\":\"BreadcrumbList\",\"@id\":\"https:\/\/www.kassiopeia.fi\/hotel-levi-panorama\/ravintolat\/grilli-illat\/#breadcrumb\",\"itemListElement\":[{\"@type\":\"ListItem\",\"position\":1,\"name\":\"Home\",\"item\":\"https:\/\/www.kassiopeia.fi\/hotel-levi-panorama\/\"},{\"@type\":\"ListItem\",\"position\":2,\"name\":\"Ravintolat\",\"item\":\"https:\/\/www.kassiopeia.fi\/hotel-levi-panorama\/ravintolat\/\"},{\"@type\":\"ListItem\",\"position\":3,\"name\":\"Grilli-illat kes\u00e4lauantaisin\"}]},{\"@type\":\"WebSite\",\"@id\":\"https:\/\/www.kassiopeia.fi\/hotel-levi-panorama\/#website\",\"url\":\"https:\/\/www.kassiopeia.fi\/hotel-levi-panorama\/\",\"name\":\"Hotel Levi Panorama\",\"description\":\"\",\"potentialAction\":[{\"@type\":\"SearchAction\",\"target\":{\"@type\":\"EntryPoint\",\"urlTemplate\":\"https:\/\/www.kassiopeia.fi\/hotel-levi-panorama\/?s={search_term_string}\"},\"query-input\":{\"@type\":\"PropertyValueSpecification\",\"valueRequired\":true,\"valueName\":\"search_term_string\"}}],\"inLanguage\":\"en-US\"}]}<\/script>\n<!-- \/ Yoast SEO Premium plugin. -->","yoast_head_json":{"title":"Grilli-illat kes\u00e4lauantaisin - Hotel Levi Panorama","description":"Tervetuloa Ravintola Panoraman grilli-iltoihin! Grilli on kuumana lauantaisin 21.6.\u20132.8.2025. Katso menu ja varaa p\u00f6yt\u00e4!","robots":{"index":"index","follow":"follow","max-snippet":"max-snippet:-1","max-image-preview":"max-image-preview:large","max-video-preview":"max-video-preview:-1"},"canonical":"https:\/\/www.kassiopeia.fi\/hotel-levi-panorama\/ravintolat\/grilli-illat\/","og_locale":"en_US","og_type":"article","og_title":"Grilli-illat kes\u00e4lauantaisin","og_description":"Tervetuloa Ravintola Panoraman grilli-iltoihin! Grilli on kuumana lauantaisin 21.6.\u20132.8.2025. Katso menu ja varaa p\u00f6yt\u00e4!","og_url":"https:\/\/www.kassiopeia.fi\/hotel-levi-panorama\/ravintolat\/grilli-illat\/","og_site_name":"Hotel Levi Panorama","article_modified_time":"2025-08-05T09:42:26+00:00","og_image":[{"width":1920,"height":1080,"url":"https:\/\/www.kassiopeia.fi\/hotel-levi-panorama\/wp-content\/uploads\/sites\/3\/2025\/04\/Panorama_grilli-illat2025_herokuva-nettisivuille.jpg","type":"image\/jpeg"}],"twitter_card":"summary_large_image","twitter_misc":{"Est. reading time":"2 minutes"},"schema":{"@context":"https:\/\/schema.org","@graph":[{"@type":"WebPage","@id":"https:\/\/www.kassiopeia.fi\/hotel-levi-panorama\/ravintolat\/grilli-illat\/","url":"https:\/\/www.kassiopeia.fi\/hotel-levi-panorama\/ravintolat\/grilli-illat\/","name":"Grilli-illat kes\u00e4lauantaisin - Hotel Levi Panorama","isPartOf":{"@id":"https:\/\/www.kassiopeia.fi\/hotel-levi-panorama\/#website"},"primaryImageOfPage":{"@id":"https:\/\/www.kassiopeia.fi\/hotel-levi-panorama\/ravintolat\/grilli-illat\/#primaryimage"},"image":{"@id":"https:\/\/www.kassiopeia.fi\/hotel-levi-panorama\/ravintolat\/grilli-illat\/#primaryimage"},"thumbnailUrl":"https:\/\/www.kassiopeia.fi\/hotel-levi-panorama\/wp-content\/uploads\/sites\/3\/2025\/04\/Panorama_grilli-illat2025_herokuva-nettisivuille.jpg","datePublished":"2025-03-26T12:45:45+00:00","dateModified":"2025-08-05T09:42:26+00:00","description":"Tervetuloa Ravintola Panoraman grilli-iltoihin! Grilli on kuumana lauantaisin 21.6.\u20132.8.2025. Katso menu ja varaa p\u00f6yt\u00e4!","breadcrumb":{"@id":"https:\/\/www.kassiopeia.fi\/hotel-levi-panorama\/ravintolat\/grilli-illat\/#breadcrumb"},"inLanguage":"en-US","potentialAction":[{"@type":"ReadAction","target":["https:\/\/www.kassiopeia.fi\/hotel-levi-panorama\/ravintolat\/grilli-illat\/"]}]},{"@type":"ImageObject","inLanguage":"en-US","@id":"https:\/\/www.kassiopeia.fi\/hotel-levi-panorama\/ravintolat\/grilli-illat\/#primaryimage","url":"https:\/\/www.kassiopeia.fi\/hotel-levi-panorama\/wp-content\/uploads\/sites\/3\/2025\/04\/Panorama_grilli-illat2025_herokuva-nettisivuille.jpg","contentUrl":"https:\/\/www.kassiopeia.fi\/hotel-levi-panorama\/wp-content\/uploads\/sites\/3\/2025\/04\/Panorama_grilli-illat2025_herokuva-nettisivuille.jpg","width":1920,"height":1080,"caption":"Panorama Grillijuhlat logo"},{"@type":"BreadcrumbList","@id":"https:\/\/www.kassiopeia.fi\/hotel-levi-panorama\/ravintolat\/grilli-illat\/#breadcrumb","itemListElement":[{"@type":"ListItem","position":1,"name":"Home","item":"https:\/\/www.kassiopeia.fi\/hotel-levi-panorama\/"},{"@type":"ListItem","position":2,"name":"Ravintolat","item":"https:\/\/www.kassiopeia.fi\/hotel-levi-panorama\/ravintolat\/"},{"@type":"ListItem","position":3,"name":"Grilli-illat kes\u00e4lauantaisin"}]},{"@type":"WebSite","@id":"https:\/\/www.kassiopeia.fi\/hotel-levi-panorama\/#website","url":"https:\/\/www.kassiopeia.fi\/hotel-levi-panorama\/","name":"Hotel Levi Panorama","description":"","potentialAction":[{"@type":"SearchAction","target":{"@type":"EntryPoint","urlTemplate":"https:\/\/www.kassiopeia.fi\/hotel-levi-panorama\/?s={search_term_string}"},"query-input":{"@type":"PropertyValueSpecification","valueRequired":true,"valueName":"search_term_string"}}],"inLanguage":"en-US"}]}},"lang":"fi","translations":{"fi":4983,"en":4995},"pll_sync_post":[],"_links":{"self":[{"href":"https:\/\/www.kassiopeia.fi\/hotel-levi-panorama\/wp-json\/wp\/v2\/pages\/4983","targetHints":{"allow":["GET"]}}],"collection":[{"href":"https:\/\/www.kassiopeia.fi\/hotel-levi-panorama\/wp-json\/wp\/v2\/pages"}],"about":[{"href":"https:\/\/www.kassiopeia.fi\/hotel-levi-panorama\/wp-json\/wp\/v2\/types\/page"}],"author":[{"embeddable":true,"href":"https:\/\/www.kassiopeia.fi\/hotel-levi-panorama\/wp-json\/wp\/v2\/users\/8"}],"replies":[{"embeddable":true,"href":"https:\/\/www.kassiopeia.fi\/hotel-levi-panorama\/wp-json\/wp\/v2\/comments?post=4983"}],"version-history":[{"count":15,"href":"https:\/\/www.kassiopeia.fi\/hotel-levi-panorama\/wp-json\/wp\/v2\/pages\/4983\/revisions"}],"predecessor-version":[{"id":5673,"href":"https:\/\/www.kassiopeia.fi\/hotel-levi-panorama\/wp-json\/wp\/v2\/pages\/4983\/revisions\/5673"}],"up":[{"embeddable":true,"href":"https:\/\/www.kassiopeia.fi\/hotel-levi-panorama\/wp-json\/wp\/v2\/pages\/914"}],"wp:attachment":[{"href":"https:\/\/www.kassiopeia.fi\/hotel-levi-panorama\/wp-json\/wp\/v2\/media?parent=4983"}],"curies":[{"name":"wp","href":"https:\/\/api.w.org\/{rel}","templated":true}]}}