{"id":4783,"date":"2025-03-12T13:01:17","date_gmt":"2025-03-12T13:01:17","guid":{"rendered":"https:\/\/www.kassiopeia.fi\/hotel-levi-panorama\/?page_id=4783"},"modified":"2026-04-07T05:36:55","modified_gmt":"2026-04-07T05:36:55","slug":"easter","status":"publish","type":"page","link":"https:\/\/www.kassiopeia.fi\/hotel-levi-panorama\/en\/restaurants\/easter\/","title":{"rendered":"Easter Brunch"},"content":{"rendered":"\n<div class=\"wp-block-cover alignfull is-light cover-hero wp-duotone-unset-1\" style=\"margin-top:0px;margin-bottom:0px;padding-top:0px;padding-right:0px;padding-bottom:0px;padding-left:0px;min-height:30vw;aspect-ratio:unset;\"><img loading=\"lazy\" decoding=\"async\" width=\"2000\" height=\"1125\" class=\"wp-block-cover__image-background wp-image-4814\" alt=\"Easter table setting at Restaurant Panorama.\" src=\"https:\/\/www.kassiopeia.fi\/hotel-levi-panorama\/wp-content\/uploads\/sites\/3\/2025\/03\/Panorama_paasiainen.jpg\" style=\"object-position:48% 6%\" data-object-fit=\"cover\" data-object-position=\"48% 6%\" srcset=\"https:\/\/www.kassiopeia.fi\/hotel-levi-panorama\/wp-content\/uploads\/sites\/3\/2025\/03\/Panorama_paasiainen.jpg 2000w, https:\/\/www.kassiopeia.fi\/hotel-levi-panorama\/wp-content\/uploads\/sites\/3\/2025\/03\/Panorama_paasiainen-300x169.jpg 300w, https:\/\/www.kassiopeia.fi\/hotel-levi-panorama\/wp-content\/uploads\/sites\/3\/2025\/03\/Panorama_paasiainen-1024x576.jpg 1024w, https:\/\/www.kassiopeia.fi\/hotel-levi-panorama\/wp-content\/uploads\/sites\/3\/2025\/03\/Panorama_paasiainen-768x432.jpg 768w, https:\/\/www.kassiopeia.fi\/hotel-levi-panorama\/wp-content\/uploads\/sites\/3\/2025\/03\/Panorama_paasiainen-1536x864.jpg 1536w\" sizes=\"auto, (max-width: 2000px) 100vw, 2000px\" \/><span aria-hidden=\"true\" class=\"wp-block-cover__background has-black-background-color has-background-dim-0 has-background-dim\"><\/span><div class=\"wp-block-cover__inner-container is-layout-flow wp-container-core-cover-is-layout-6e17fc20 wp-block-cover-is-layout-flow\">\n<h1 class=\"wp-block-heading has-text-align-center\" id=\"h-\" style=\"font-size:70px\"><\/h1>\n\n\n\n<p><\/p>\n<\/div><\/div>\n\n\n\n<div class=\"breadcrumb-container\"><ul id=\"breadcrumbs\" class=\"breadcrumbs\"><li class=\"item-home\"><a class=\"bread-link bread-home\" href=\"https:\/\/www.kassiopeia.fi\/hotel-levi-panorama\" title=\"Hotel Levi Panorama\">Hotel Levi Panorama<\/a><\/li><li class=\"separator separator-home\"> \/ <\/li><\/ul><\/div>\n<style>\n    \n<\/style>\n\n\n<div class=\"wp-block-group alignfull is-layout-constrained wp-container-core-group-is-layout-244a2f0a wp-block-group-is-layout-constrained\" style=\"padding-top:var(--wp--preset--spacing--50);padding-right:var(--wp--preset--spacing--40);padding-bottom:var(--wp--preset--spacing--70);padding-left:var(--wp--preset--spacing--40)\">\n<div class=\"wp-block-group alignwide is-layout-constrained wp-container-core-group-is-layout-9517baca wp-block-group-is-layout-constrained\">\n<h1 class=\"wp-block-heading has-text-align-center\" id=\"h-easter-brunch\" style=\"margin-bottom:var(--wp--preset--spacing--60)\">Easter Brunch<\/h1>\n\n\n\n<p class=\"has-text-align-center has-large-font-size\">Welcome to celebrate Easter at Restaurant Panorama!<\/p>\n\n\n\n\n<style>\n    #wp-block-acf-tietokentat-1320763552 p {\n        margin: 0px;\n        margin-bottom: 9px;\n        <br \/>\n<b>Warning<\/b>:  Undefined variable $textAlign in <b>\/var\/www\/kassiopeia.fi\/git-repo\/kassiopeia\/kassiopeia-custom-blocks\/blocks\/tietokentat\/block.php<\/b> on line <b>74<\/b><br \/>\n    }\n<\/style>\n\n<div class=\"align wp-block-acf-tietokentat has-text-color has-black-color\" id=\"wp-block-acf-tietokentat-1320763552\"><p style=\"text-align: center;\"><strong>Panorama\u2019s Restaurants<br \/>\nAddress<\/strong>: Tunturitie 205, 99130 Levi<br \/>\n<strong>Tel<\/strong>: +358 <span data-teams=\"true\">40 5320 569<\/span><br \/>\n<strong>Email<\/strong>: restaurantpanorama@kassiopeia.fi<\/p>\n<\/div>\n<\/div>\n<\/div>\n\n\n\n<div class=\"wp-block-group alignfull hidden is-layout-constrained wp-container-core-group-is-layout-97829e9f wp-block-group-is-layout-constrained\" style=\"padding-right:var(--wp--preset--spacing--40);padding-left:var(--wp--preset--spacing--40)\">\n<div class=\"wp-block-media-text alignwide has-media-on-the-right is-stacked-on-mobile is-vertically-aligned-center is-image-fill-element has-panorama-5-background-color has-background\" style=\"grid-template-columns:auto 51%\"><div class=\"wp-block-media-text__content\">\n<h2 class=\"wp-block-heading has-text-align-left\" id=\"h-restaurant-panorama-s-easter-brunch\">Restaurant Panorama&#8217;s Easter Brunch<\/h2>\n\n\n\n<p><\/p>\n\n\n\n<ul style=\"margin-top:0;margin-bottom:var(--wp--preset--spacing--60)\" class=\"wp-block-list styled2\">\n<li>April 5, 2026 at 12:00 PM \u2013 4:00 PM<\/li>\n\n\n\n<li>1st floor of Restaurant Panorama<\/li>\n<\/ul>\n\n\n\n<div class=\"wp-block-columns is-layout-flex wp-container-core-columns-is-layout-28f84493 wp-block-columns-is-layout-flex\">\n<div class=\"wp-block-column is-layout-flow wp-block-column-is-layout-flow\" style=\"flex-basis:30%\">\n<div class=\"wp-block-buttons is-layout-flex wp-block-buttons-is-layout-flex\">\n<div class=\"wp-block-button\"><a class=\"wp-block-button__link wp-element-button\" href=\"https:\/\/v2.tableonline.fi\/instabook\/bookings\/l7vbXwV\/selection?locale=en\" style=\"border-style:none;border-width:0px;border-radius:0px;padding-top:var(--wp--preset--spacing--20);padding-right:var(--wp--preset--spacing--50);padding-bottom:var(--wp--preset--spacing--20);padding-left:var(--wp--preset--spacing--50)\" target=\"_blank\" rel=\"noreferrer noopener\">Book a Table<\/a><\/div>\n<\/div>\n<\/div>\n\n\n\n<div class=\"wp-block-column is-layout-flow wp-block-column-is-layout-flow\" style=\"flex-basis:70%\">\n<h4 class=\"wp-block-heading has-panorama-2-color has-text-color has-link-color wp-elements-55b5ebfdf41fdb9dbf820a17261e4155\" id=\"h-35-person\" style=\"margin-top:0;margin-bottom:0;padding-top:0;padding-bottom:0\">\u20ac35  \/ person<\/h4>\n\n\n\n<p class=\"has-small-font-size\" style=\"margin-top:0;margin-bottom:0;padding-top:0;padding-bottom:0\">Children (4\u201312 years): \u20ac17,50<\/p>\n<\/div>\n<\/div>\n\n\n\n<div style=\"height:16px\" aria-hidden=\"true\" class=\"wp-block-spacer\"><\/div>\n<\/div><figure class=\"wp-block-media-text__media\"><img loading=\"lazy\" decoding=\"async\" width=\"400\" height=\"260\" src=\"https:\/\/www.kassiopeia.fi\/hotel-levi-panorama\/wp-content\/uploads\/sites\/3\/2025\/03\/ravintola-panorama-paasiainen-suklaamunat.jpg\" alt=\"Ravintola Panoraman suklaamunia\" class=\"wp-image-4774 size-full\" style=\"object-position:50% 50%\" srcset=\"https:\/\/www.kassiopeia.fi\/hotel-levi-panorama\/wp-content\/uploads\/sites\/3\/2025\/03\/ravintola-panorama-paasiainen-suklaamunat.jpg 400w, https:\/\/www.kassiopeia.fi\/hotel-levi-panorama\/wp-content\/uploads\/sites\/3\/2025\/03\/ravintola-panorama-paasiainen-suklaamunat-300x195.jpg 300w\" sizes=\"auto, (max-width: 400px) 100vw, 400px\" \/><\/figure><\/div>\n<\/div>\n\n\n\n<div class=\"wp-block-group alignfull is-layout-constrained wp-container-core-group-is-layout-bdbbb34e wp-block-group-is-layout-constrained\" style=\"padding-top:var(--wp--preset--spacing--60);padding-right:var(--wp--preset--spacing--40);padding-bottom:var(--wp--preset--spacing--70);padding-left:var(--wp--preset--spacing--40)\">\n<h2 class=\"wp-block-heading has-text-align-center\" id=\"h-easter-brunch-menu-2026\">Easter Brunch Menu 2026<\/h2>\n\n\n\n<p class=\"has-text-align-center\"><br>Green salad with herb vinaigrette (Df,V,Gf)<br>Rosemary marinated cucumber &amp; red onion (Df,V,Gf)<br>Tomato &amp; mozzarella (Lf,Gf)<br>Marinated asparagus (Df,V,Gf)<br>Pasta salad (Df,V,Gf)<br>Bread cheese with arugula &amp; melon (Lf,Gf)<br>Potato salad with herbs (Df,V,Gf)<br>Skagen with archipelago bread (Lf,Gf)<br>Beef pastrami with tzatziki (Lf,Gf)<br>Cured salmon with lingonberry mayonnaise (Df,Gf)<br>Devilled eggs (Lf,Gf)<br>Baguette with cream cheese (Lf, Gf<em>)<\/em> Karelian pies with egg butter (Lf, Gf)<br>Rye bread with whipped butter (Lf, Gf*)<br>Croissants (Lf)<br>\u2605\u2605\u2605<br>Creamy Parmesan potatoes (Lf, Gf)<br>Smoked lamb with gravy (Lf, Gf)<br>Roasted cauliflower (Lf, Gf)<br>Trout with herb &amp; lemon sauce (Lf,Gf)<br>Seitan roast with basil tomato sauce (Df,V)<br>French fries (Df,V,Gf)<br>\u2605\u2605\u2605<br>M\u00e4mmi cake (Lf)<br>Rocky Road (Lf,Gf)<br>Pasha (Lf,Gf)<br>Fresh fruits (Df,V,Gf)<br>Chocolate eggs (Lf)<br>\u2605\u2605\u2605<br>Coffee &amp; tea<\/p>\n\n\n\n<p class=\"has-text-align-center\"><\/p>\n\n\n\n<p class=\"has-text-align-center\">Df = dairy free Lf = lactose free Gf = gluten free V = vegan Gf*=Gluten free upon request<\/p>\n\n\n\n<p class=\"has-text-align-center\"><strong>Please make a table reservation in advance!<br><\/strong> For more information about the dishes and allergens, please consult our restaurant staff.&nbsp;<br>We reserve the right to make changes.<\/p>\n<\/div>\n\n\n\n<div class=\"wp-block-group alignfull hidden is-layout-constrained wp-container-core-group-is-layout-bdbbb34e wp-block-group-is-layout-constrained\" style=\"padding-top:var(--wp--preset--spacing--60);padding-right:var(--wp--preset--spacing--40);padding-bottom:var(--wp--preset--spacing--70);padding-left:var(--wp--preset--spacing--40)\">\n<div class=\"wp-block-buttons is-content-justification-center is-layout-flex wp-container-core-buttons-is-layout-a89b3969 wp-block-buttons-is-layout-flex\">\n<div class=\"wp-block-button\"><a class=\"wp-block-button__link wp-element-button\" href=\"https:\/\/v2.tableonline.fi\/instabook\/bookings\/l7vbXwV\/selection?locale=en\" target=\"_blank\" rel=\"noreferrer noopener\">Book a table<\/a><\/div>\n<\/div>\n<\/div>\n\n\n\n<div class=\"wp-block-group alignfull hidden is-layout-constrained wp-container-core-group-is-layout-0c9c989a wp-block-group-is-layout-constrained\" style=\"margin-top:0;margin-bottom:0;padding-top:var(--wp--preset--spacing--70);padding-right:var(--wp--preset--spacing--40);padding-bottom:var(--wp--preset--spacing--70);padding-left:var(--wp--preset--spacing--40)\">\n<div class=\"wp-block-columns is-layout-flex wp-container-core-columns-is-layout-28f84493 wp-block-columns-is-layout-flex\">\n<div class=\"wp-block-column is-layout-flow wp-block-column-is-layout-flow\">\n<figure class=\"wp-block-image size-full openable-image\"><img loading=\"lazy\" decoding=\"async\" width=\"2000\" height=\"1333\" src=\"https:\/\/www.kassiopeia.fi\/hotel-levi-panorama\/wp-content\/uploads\/sites\/3\/2024\/10\/iStock-1060838790-2000x1333-1.jpg\" alt=\"\" class=\"wp-image-1444\" style=\"aspect-ratio:1;object-fit:cover\" srcset=\"https:\/\/www.kassiopeia.fi\/hotel-levi-panorama\/wp-content\/uploads\/sites\/3\/2024\/10\/iStock-1060838790-2000x1333-1.jpg 2000w, https:\/\/www.kassiopeia.fi\/hotel-levi-panorama\/wp-content\/uploads\/sites\/3\/2024\/10\/iStock-1060838790-2000x1333-1-300x200.jpg 300w, https:\/\/www.kassiopeia.fi\/hotel-levi-panorama\/wp-content\/uploads\/sites\/3\/2024\/10\/iStock-1060838790-2000x1333-1-1024x682.jpg 1024w, https:\/\/www.kassiopeia.fi\/hotel-levi-panorama\/wp-content\/uploads\/sites\/3\/2024\/10\/iStock-1060838790-2000x1333-1-768x512.jpg 768w, https:\/\/www.kassiopeia.fi\/hotel-levi-panorama\/wp-content\/uploads\/sites\/3\/2024\/10\/iStock-1060838790-2000x1333-1-1536x1024.jpg 1536w\" sizes=\"auto, (max-width: 2000px) 100vw, 2000px\" \/><\/figure>\n<\/div>\n\n\n\n<div class=\"wp-block-column is-layout-flow wp-block-column-is-layout-flow\">\n<figure class=\"wp-block-image size-full openable-image\"><img loading=\"lazy\" decoding=\"async\" width=\"2000\" height=\"1125\" src=\"https:\/\/www.kassiopeia.fi\/hotel-levi-panorama\/wp-content\/uploads\/sites\/3\/2024\/10\/visit-levi-talvi-1.jpg\" alt=\"\" class=\"wp-image-1522\" style=\"aspect-ratio:1;object-fit:cover\" srcset=\"https:\/\/www.kassiopeia.fi\/hotel-levi-panorama\/wp-content\/uploads\/sites\/3\/2024\/10\/visit-levi-talvi-1.jpg 2000w, https:\/\/www.kassiopeia.fi\/hotel-levi-panorama\/wp-content\/uploads\/sites\/3\/2024\/10\/visit-levi-talvi-1-300x169.jpg 300w, https:\/\/www.kassiopeia.fi\/hotel-levi-panorama\/wp-content\/uploads\/sites\/3\/2024\/10\/visit-levi-talvi-1-1024x576.jpg 1024w, https:\/\/www.kassiopeia.fi\/hotel-levi-panorama\/wp-content\/uploads\/sites\/3\/2024\/10\/visit-levi-talvi-1-768x432.jpg 768w, https:\/\/www.kassiopeia.fi\/hotel-levi-panorama\/wp-content\/uploads\/sites\/3\/2024\/10\/visit-levi-talvi-1-1536x864.jpg 1536w\" sizes=\"auto, (max-width: 2000px) 100vw, 2000px\" \/><\/figure>\n<\/div>\n\n\n\n<div class=\"wp-block-column is-layout-flow wp-block-column-is-layout-flow\">\n<figure class=\"wp-block-image size-full openable-image\"><img loading=\"lazy\" decoding=\"async\" width=\"800\" height=\"600\" src=\"https:\/\/www.kassiopeia.fi\/hotel-levi-panorama\/wp-content\/uploads\/sites\/3\/2024\/10\/skumppalasit_levi_panorama-1.jpg\" alt=\"\" class=\"wp-image-1530\" style=\"aspect-ratio:1;object-fit:cover\" srcset=\"https:\/\/www.kassiopeia.fi\/hotel-levi-panorama\/wp-content\/uploads\/sites\/3\/2024\/10\/skumppalasit_levi_panorama-1.jpg 800w, https:\/\/www.kassiopeia.fi\/hotel-levi-panorama\/wp-content\/uploads\/sites\/3\/2024\/10\/skumppalasit_levi_panorama-1-300x225.jpg 300w, https:\/\/www.kassiopeia.fi\/hotel-levi-panorama\/wp-content\/uploads\/sites\/3\/2024\/10\/skumppalasit_levi_panorama-1-768x576.jpg 768w\" sizes=\"auto, (max-width: 800px) 100vw, 800px\" \/><\/figure>\n<\/div>\n\n\n\n<div class=\"wp-block-column is-layout-flow wp-block-column-is-layout-flow\">\n<figure class=\"wp-block-image size-full openable-image\"><img loading=\"lazy\" decoding=\"async\" width=\"2000\" height=\"1125\" src=\"https:\/\/www.kassiopeia.fi\/hotel-levi-panorama\/wp-content\/uploads\/sites\/3\/2024\/10\/Uusi-Vuosi-2000x1125-1.jpg\" alt=\"\" class=\"wp-image-1531\" style=\"aspect-ratio:1;object-fit:cover\" srcset=\"https:\/\/www.kassiopeia.fi\/hotel-levi-panorama\/wp-content\/uploads\/sites\/3\/2024\/10\/Uusi-Vuosi-2000x1125-1.jpg 2000w, https:\/\/www.kassiopeia.fi\/hotel-levi-panorama\/wp-content\/uploads\/sites\/3\/2024\/10\/Uusi-Vuosi-2000x1125-1-300x169.jpg 300w, https:\/\/www.kassiopeia.fi\/hotel-levi-panorama\/wp-content\/uploads\/sites\/3\/2024\/10\/Uusi-Vuosi-2000x1125-1-1024x576.jpg 1024w, https:\/\/www.kassiopeia.fi\/hotel-levi-panorama\/wp-content\/uploads\/sites\/3\/2024\/10\/Uusi-Vuosi-2000x1125-1-768x432.jpg 768w, https:\/\/www.kassiopeia.fi\/hotel-levi-panorama\/wp-content\/uploads\/sites\/3\/2024\/10\/Uusi-Vuosi-2000x1125-1-1536x864.jpg 1536w\" sizes=\"auto, (max-width: 2000px) 100vw, 2000px\" \/><\/figure>\n<\/div>\n<\/div>\n<\/div>\n","protected":false},"excerpt":{"rendered":"<p>Easter Brunch Welcome to celebrate Easter at Restaurant Panorama! Restaurant Panorama&#8217;s Easter Brunch \u20ac35 \/ person Children (4\u201312 years): \u20ac17,50 Easter Brunch Menu 2026 Green salad with herb vinaigrette (Df,V,Gf)Rosemary marinated cucumber &amp; red onion (Df,V,Gf)Tomato &amp; mozzarella (Lf,Gf)Marinated asparagus (Df,V,Gf)Pasta salad (Df,V,Gf)Bread cheese with arugula &amp; melon (Lf,Gf)Potato salad with herbs (Df,V,Gf)Skagen with archipelago [&hellip;]<\/p>\n","protected":false},"author":8,"featured_media":0,"parent":2336,"menu_order":0,"comment_status":"closed","ping_status":"closed","template":"","meta":{"_acf_changed":false,"footnotes":""},"class_list":["post-4783","page","type-page","status-publish","hentry"],"acf":[],"yoast_head":"<!-- This site is optimized with the Yoast SEO Premium plugin v27.2 (Yoast SEO v27.2) - https:\/\/yoast.com\/product\/yoast-seo-premium-wordpress\/ -->\n<title>Easter Brunch - Hotel Levi Panorama<\/title>\n<meta name=\"description\" content=\"Welcome to celebrate Easter at Restaurant Panorama! Check out our brunch menu on our website and reserve your table!\" \/>\n<meta name=\"robots\" content=\"index, follow, max-snippet:-1, max-image-preview:large, max-video-preview:-1\" \/>\n<link rel=\"canonical\" href=\"https:\/\/www.kassiopeia.fi\/hotel-levi-panorama\/en\/restaurants\/easter\/\" \/>\n<meta property=\"og:locale\" content=\"en_US\" \/>\n<meta property=\"og:type\" content=\"article\" \/>\n<meta property=\"og:title\" content=\"Easter Brunch\" \/>\n<meta property=\"og:description\" content=\"Welcome to celebrate Easter at Restaurant Panorama! Check out our brunch menu on our website and reserve your table!\" \/>\n<meta property=\"og:url\" content=\"https:\/\/www.kassiopeia.fi\/hotel-levi-panorama\/en\/restaurants\/easter\/\" \/>\n<meta property=\"og:site_name\" content=\"Hotel Levi Panorama\" \/>\n<meta property=\"article:modified_time\" content=\"2026-04-07T05:36:55+00:00\" \/>\n<meta property=\"og:image\" content=\"https:\/\/www.kassiopeia.fi\/hotel-levi-panorama\/wp-content\/uploads\/sites\/3\/2025\/03\/Panorama_paasiainen.jpg\" \/>\n\t<meta property=\"og:image:width\" content=\"2000\" \/>\n\t<meta property=\"og:image:height\" content=\"1125\" \/>\n\t<meta property=\"og:image:type\" content=\"image\/jpeg\" \/>\n<meta name=\"twitter:card\" content=\"summary_large_image\" \/>\n<meta name=\"twitter:label1\" content=\"Est. reading time\" \/>\n\t<meta name=\"twitter:data1\" content=\"3 minutes\" \/>\n<script type=\"application\/ld+json\" class=\"yoast-schema-graph\">{\"@context\":\"https:\/\/schema.org\",\"@graph\":[{\"@type\":\"WebPage\",\"@id\":\"https:\/\/www.kassiopeia.fi\/hotel-levi-panorama\/en\/restaurants\/easter\/\",\"url\":\"https:\/\/www.kassiopeia.fi\/hotel-levi-panorama\/en\/restaurants\/easter\/\",\"name\":\"Easter Brunch - Hotel Levi Panorama\",\"isPartOf\":{\"@id\":\"https:\/\/www.kassiopeia.fi\/hotel-levi-panorama\/#website\"},\"primaryImageOfPage\":{\"@id\":\"https:\/\/www.kassiopeia.fi\/hotel-levi-panorama\/en\/restaurants\/easter\/#primaryimage\"},\"image\":{\"@id\":\"https:\/\/www.kassiopeia.fi\/hotel-levi-panorama\/en\/restaurants\/easter\/#primaryimage\"},\"thumbnailUrl\":\"https:\/\/www.kassiopeia.fi\/hotel-levi-panorama\/wp-content\/uploads\/sites\/3\/2025\/03\/Panorama_paasiainen.jpg\",\"datePublished\":\"2025-03-12T13:01:17+00:00\",\"dateModified\":\"2026-04-07T05:36:55+00:00\",\"description\":\"Welcome to celebrate Easter at Restaurant Panorama! Check out our brunch menu on our website and reserve your table!\",\"breadcrumb\":{\"@id\":\"https:\/\/www.kassiopeia.fi\/hotel-levi-panorama\/en\/restaurants\/easter\/#breadcrumb\"},\"inLanguage\":\"en-US\",\"potentialAction\":[{\"@type\":\"ReadAction\",\"target\":[\"https:\/\/www.kassiopeia.fi\/hotel-levi-panorama\/en\/restaurants\/easter\/\"]}]},{\"@type\":\"ImageObject\",\"inLanguage\":\"en-US\",\"@id\":\"https:\/\/www.kassiopeia.fi\/hotel-levi-panorama\/en\/restaurants\/easter\/#primaryimage\",\"url\":\"https:\/\/www.kassiopeia.fi\/hotel-levi-panorama\/wp-content\/uploads\/sites\/3\/2025\/03\/Panorama_paasiainen.jpg\",\"contentUrl\":\"https:\/\/www.kassiopeia.fi\/hotel-levi-panorama\/wp-content\/uploads\/sites\/3\/2025\/03\/Panorama_paasiainen.jpg\",\"width\":2000,\"height\":1125,\"caption\":\"Ravintola Panorama kattaus p\u00e4\u00e4si\u00e4isen\u00e4\"},{\"@type\":\"BreadcrumbList\",\"@id\":\"https:\/\/www.kassiopeia.fi\/hotel-levi-panorama\/en\/restaurants\/easter\/#breadcrumb\",\"itemListElement\":[{\"@type\":\"ListItem\",\"position\":1,\"name\":\"Home\",\"item\":\"https:\/\/www.kassiopeia.fi\/hotel-levi-panorama\/\"},{\"@type\":\"ListItem\",\"position\":2,\"name\":\"Restaurants\",\"item\":\"https:\/\/www.kassiopeia.fi\/hotel-levi-panorama\/en\/restaurants\/\"},{\"@type\":\"ListItem\",\"position\":3,\"name\":\"Easter Brunch\"}]},{\"@type\":\"WebSite\",\"@id\":\"https:\/\/www.kassiopeia.fi\/hotel-levi-panorama\/#website\",\"url\":\"https:\/\/www.kassiopeia.fi\/hotel-levi-panorama\/\",\"name\":\"Hotel Levi Panorama\",\"description\":\"\",\"potentialAction\":[{\"@type\":\"SearchAction\",\"target\":{\"@type\":\"EntryPoint\",\"urlTemplate\":\"https:\/\/www.kassiopeia.fi\/hotel-levi-panorama\/?s={search_term_string}\"},\"query-input\":{\"@type\":\"PropertyValueSpecification\",\"valueRequired\":true,\"valueName\":\"search_term_string\"}}],\"inLanguage\":\"en-US\"}]}<\/script>\n<!-- \/ Yoast SEO Premium plugin. -->","yoast_head_json":{"title":"Easter Brunch - Hotel Levi Panorama","description":"Welcome to celebrate Easter at Restaurant Panorama! Check out our brunch menu on our website and reserve your table!","robots":{"index":"index","follow":"follow","max-snippet":"max-snippet:-1","max-image-preview":"max-image-preview:large","max-video-preview":"max-video-preview:-1"},"canonical":"https:\/\/www.kassiopeia.fi\/hotel-levi-panorama\/en\/restaurants\/easter\/","og_locale":"en_US","og_type":"article","og_title":"Easter Brunch","og_description":"Welcome to celebrate Easter at Restaurant Panorama! Check out our brunch menu on our website and reserve your table!","og_url":"https:\/\/www.kassiopeia.fi\/hotel-levi-panorama\/en\/restaurants\/easter\/","og_site_name":"Hotel Levi Panorama","article_modified_time":"2026-04-07T05:36:55+00:00","og_image":[{"width":2000,"height":1125,"url":"https:\/\/www.kassiopeia.fi\/hotel-levi-panorama\/wp-content\/uploads\/sites\/3\/2025\/03\/Panorama_paasiainen.jpg","type":"image\/jpeg"}],"twitter_card":"summary_large_image","twitter_misc":{"Est. reading time":"3 minutes"},"schema":{"@context":"https:\/\/schema.org","@graph":[{"@type":"WebPage","@id":"https:\/\/www.kassiopeia.fi\/hotel-levi-panorama\/en\/restaurants\/easter\/","url":"https:\/\/www.kassiopeia.fi\/hotel-levi-panorama\/en\/restaurants\/easter\/","name":"Easter Brunch - Hotel Levi Panorama","isPartOf":{"@id":"https:\/\/www.kassiopeia.fi\/hotel-levi-panorama\/#website"},"primaryImageOfPage":{"@id":"https:\/\/www.kassiopeia.fi\/hotel-levi-panorama\/en\/restaurants\/easter\/#primaryimage"},"image":{"@id":"https:\/\/www.kassiopeia.fi\/hotel-levi-panorama\/en\/restaurants\/easter\/#primaryimage"},"thumbnailUrl":"https:\/\/www.kassiopeia.fi\/hotel-levi-panorama\/wp-content\/uploads\/sites\/3\/2025\/03\/Panorama_paasiainen.jpg","datePublished":"2025-03-12T13:01:17+00:00","dateModified":"2026-04-07T05:36:55+00:00","description":"Welcome to celebrate Easter at Restaurant Panorama! Check out our brunch menu on our website and reserve your table!","breadcrumb":{"@id":"https:\/\/www.kassiopeia.fi\/hotel-levi-panorama\/en\/restaurants\/easter\/#breadcrumb"},"inLanguage":"en-US","potentialAction":[{"@type":"ReadAction","target":["https:\/\/www.kassiopeia.fi\/hotel-levi-panorama\/en\/restaurants\/easter\/"]}]},{"@type":"ImageObject","inLanguage":"en-US","@id":"https:\/\/www.kassiopeia.fi\/hotel-levi-panorama\/en\/restaurants\/easter\/#primaryimage","url":"https:\/\/www.kassiopeia.fi\/hotel-levi-panorama\/wp-content\/uploads\/sites\/3\/2025\/03\/Panorama_paasiainen.jpg","contentUrl":"https:\/\/www.kassiopeia.fi\/hotel-levi-panorama\/wp-content\/uploads\/sites\/3\/2025\/03\/Panorama_paasiainen.jpg","width":2000,"height":1125,"caption":"Ravintola Panorama kattaus p\u00e4\u00e4si\u00e4isen\u00e4"},{"@type":"BreadcrumbList","@id":"https:\/\/www.kassiopeia.fi\/hotel-levi-panorama\/en\/restaurants\/easter\/#breadcrumb","itemListElement":[{"@type":"ListItem","position":1,"name":"Home","item":"https:\/\/www.kassiopeia.fi\/hotel-levi-panorama\/"},{"@type":"ListItem","position":2,"name":"Restaurants","item":"https:\/\/www.kassiopeia.fi\/hotel-levi-panorama\/en\/restaurants\/"},{"@type":"ListItem","position":3,"name":"Easter Brunch"}]},{"@type":"WebSite","@id":"https:\/\/www.kassiopeia.fi\/hotel-levi-panorama\/#website","url":"https:\/\/www.kassiopeia.fi\/hotel-levi-panorama\/","name":"Hotel Levi Panorama","description":"","potentialAction":[{"@type":"SearchAction","target":{"@type":"EntryPoint","urlTemplate":"https:\/\/www.kassiopeia.fi\/hotel-levi-panorama\/?s={search_term_string}"},"query-input":{"@type":"PropertyValueSpecification","valueRequired":true,"valueName":"search_term_string"}}],"inLanguage":"en-US"}]}},"lang":"en","translations":{"en":4783,"fi":4772},"pll_sync_post":[],"_links":{"self":[{"href":"https:\/\/www.kassiopeia.fi\/hotel-levi-panorama\/wp-json\/wp\/v2\/pages\/4783","targetHints":{"allow":["GET"]}}],"collection":[{"href":"https:\/\/www.kassiopeia.fi\/hotel-levi-panorama\/wp-json\/wp\/v2\/pages"}],"about":[{"href":"https:\/\/www.kassiopeia.fi\/hotel-levi-panorama\/wp-json\/wp\/v2\/types\/page"}],"author":[{"embeddable":true,"href":"https:\/\/www.kassiopeia.fi\/hotel-levi-panorama\/wp-json\/wp\/v2\/users\/8"}],"replies":[{"embeddable":true,"href":"https:\/\/www.kassiopeia.fi\/hotel-levi-panorama\/wp-json\/wp\/v2\/comments?post=4783"}],"version-history":[{"count":15,"href":"https:\/\/www.kassiopeia.fi\/hotel-levi-panorama\/wp-json\/wp\/v2\/pages\/4783\/revisions"}],"predecessor-version":[{"id":7169,"href":"https:\/\/www.kassiopeia.fi\/hotel-levi-panorama\/wp-json\/wp\/v2\/pages\/4783\/revisions\/7169"}],"up":[{"embeddable":true,"href":"https:\/\/www.kassiopeia.fi\/hotel-levi-panorama\/wp-json\/wp\/v2\/pages\/2336"}],"wp:attachment":[{"href":"https:\/\/www.kassiopeia.fi\/hotel-levi-panorama\/wp-json\/wp\/v2\/media?parent=4783"}],"curies":[{"name":"wp","href":"https:\/\/api.w.org\/{rel}","templated":true}]}}