{"id":4772,"date":"2025-03-11T12:48:46","date_gmt":"2025-03-11T12:48:46","guid":{"rendered":"https:\/\/www.kassiopeia.fi\/hotel-levi-panorama\/?page_id=4772"},"modified":"2026-04-07T05:38:03","modified_gmt":"2026-04-07T05:38:03","slug":"paasiainen","status":"publish","type":"page","link":"https:\/\/www.kassiopeia.fi\/hotel-levi-panorama\/ravintolat\/paasiainen\/","title":{"rendered":"P\u00e4\u00e4si\u00e4isbrunssi"},"content":{"rendered":"\n<div class=\"wp-block-cover alignfull is-light cover-hero wp-duotone-unset-1\" style=\"margin-top:0px;margin-bottom:0px;padding-top:0px;padding-right:0px;padding-bottom:0px;padding-left:0px;min-height:30vw;aspect-ratio:unset;\"><img loading=\"lazy\" decoding=\"async\" width=\"2000\" height=\"1125\" class=\"wp-block-cover__image-background wp-image-4814\" alt=\"Ravintola Panorama kattaus p\u00e4\u00e4si\u00e4isen\u00e4.\" src=\"https:\/\/www.kassiopeia.fi\/hotel-levi-panorama\/wp-content\/uploads\/sites\/3\/2025\/03\/Panorama_paasiainen.jpg\" style=\"object-position:23% 3%\" data-object-fit=\"cover\" data-object-position=\"23% 3%\" srcset=\"https:\/\/www.kassiopeia.fi\/hotel-levi-panorama\/wp-content\/uploads\/sites\/3\/2025\/03\/Panorama_paasiainen.jpg 2000w, https:\/\/www.kassiopeia.fi\/hotel-levi-panorama\/wp-content\/uploads\/sites\/3\/2025\/03\/Panorama_paasiainen-300x169.jpg 300w, https:\/\/www.kassiopeia.fi\/hotel-levi-panorama\/wp-content\/uploads\/sites\/3\/2025\/03\/Panorama_paasiainen-1024x576.jpg 1024w, https:\/\/www.kassiopeia.fi\/hotel-levi-panorama\/wp-content\/uploads\/sites\/3\/2025\/03\/Panorama_paasiainen-768x432.jpg 768w, https:\/\/www.kassiopeia.fi\/hotel-levi-panorama\/wp-content\/uploads\/sites\/3\/2025\/03\/Panorama_paasiainen-1536x864.jpg 1536w\" sizes=\"auto, (max-width: 2000px) 100vw, 2000px\" \/><span aria-hidden=\"true\" class=\"wp-block-cover__background has-black-background-color has-background-dim-0 has-background-dim\"><\/span><div class=\"wp-block-cover__inner-container is-layout-flow wp-container-core-cover-is-layout-6e17fc20 wp-block-cover-is-layout-flow\">\n<h1 class=\"wp-block-heading has-text-align-center\" id=\"h-\" style=\"font-size:70px\"><\/h1>\n\n\n\n<p><\/p>\n<\/div><\/div>\n\n\n\n<div class=\"breadcrumb-container\"><ul id=\"breadcrumbs\" class=\"breadcrumbs\"><li class=\"item-home\"><a class=\"bread-link bread-home\" href=\"https:\/\/www.kassiopeia.fi\/hotel-levi-panorama\" title=\"Hotel Levi Panorama\">Hotel Levi Panorama<\/a><\/li><li class=\"separator separator-home\"> \/ <\/li><\/ul><\/div>\n<style>\n    \n<\/style>\n\n\n<div class=\"wp-block-group alignfull is-layout-constrained wp-container-core-group-is-layout-244a2f0a wp-block-group-is-layout-constrained\" style=\"padding-top:var(--wp--preset--spacing--50);padding-right:var(--wp--preset--spacing--40);padding-bottom:var(--wp--preset--spacing--70);padding-left:var(--wp--preset--spacing--40)\">\n<div class=\"wp-block-group alignwide is-layout-constrained wp-container-core-group-is-layout-9517baca wp-block-group-is-layout-constrained\">\n<h1 class=\"wp-block-heading has-text-align-center\" id=\"h-paasiaisbrunssi\" style=\"margin-bottom:var(--wp--preset--spacing--60)\">P\u00e4\u00e4si\u00e4isbrunssi <\/h1>\n\n\n\n<p class=\"has-text-align-center has-large-font-size\">Tervetuloa p\u00e4\u00e4si\u00e4isbrunssille Ravintola Panoramaan!<br>Brunssimme tarjoillaan 5.4.2026 klo 12-16.<\/p>\n\n\n\n\n<style>\n    #wp-block-acf-tietokentat-1072259935 p {\n        margin: 0px;\n        margin-bottom: 9px;\n        <br \/>\n<b>Warning<\/b>:  Undefined variable $textAlign in <b>\/var\/www\/kassiopeia.fi\/git-repo\/kassiopeia\/kassiopeia-custom-blocks\/blocks\/tietokentat\/block.php<\/b> on line <b>74<\/b><br \/>\n    }\n<\/style>\n\n<div class=\"align wp-block-acf-tietokentat has-text-color has-black-color\" id=\"wp-block-acf-tietokentat-1072259935\"><p style=\"text-align: center;\"><strong>Panorama\u2019s Restaurants<br \/>\nAddress<\/strong>: Tunturitie 205, 99130 Levi<br \/>\n<strong>Tel<\/strong>: +358 <span data-teams=\"true\">40 5320 569<\/span><br \/>\n<strong>Email<\/strong>: restaurantpanorama@kassiopeia.fi<\/p>\n<\/div>\n<\/div>\n<\/div>\n\n\n\n<div class=\"wp-block-group alignfull hidden is-layout-constrained wp-container-core-group-is-layout-97829e9f wp-block-group-is-layout-constrained\" style=\"padding-right:var(--wp--preset--spacing--40);padding-left:var(--wp--preset--spacing--40)\">\n<div class=\"wp-block-media-text alignwide has-media-on-the-right is-stacked-on-mobile is-vertically-aligned-center is-image-fill-element has-panorama-5-background-color has-background\" style=\"grid-template-columns:auto 51%\"><div class=\"wp-block-media-text__content\">\n<h2 class=\"wp-block-heading has-text-align-left\" id=\"h-ravintola-panoraman-paasiaisbrunssi\">Ravintola Panoraman P\u00e4\u00e4si\u00e4isbrunssi<\/h2>\n\n\n\n<p><\/p>\n\n\n\n<ul style=\"margin-top:0;margin-bottom:var(--wp--preset--spacing--60)\" class=\"wp-block-list styled2\">\n<li>5.4.2026 klo 12\u201316<\/li>\n\n\n\n<li>Ravintola Panoraman 1. kerroksessa<\/li>\n<\/ul>\n\n\n\n<div class=\"wp-block-columns is-layout-flex wp-container-core-columns-is-layout-28f84493 wp-block-columns-is-layout-flex\">\n<div class=\"wp-block-column is-layout-flow wp-block-column-is-layout-flow\" style=\"flex-basis:30%\">\n<div class=\"wp-block-buttons is-layout-flex wp-block-buttons-is-layout-flex\">\n<div class=\"wp-block-button\"><a class=\"wp-block-button__link wp-element-button\" href=\"https:\/\/v2.tableonline.fi\/instabook\/bookings\/l7vbXwV\/selection\" style=\"border-style:none;border-width:0px;border-radius:0px;padding-top:var(--wp--preset--spacing--20);padding-right:var(--wp--preset--spacing--50);padding-bottom:var(--wp--preset--spacing--20);padding-left:var(--wp--preset--spacing--50)\" target=\"_blank\" rel=\"noreferrer noopener\">Varaa p\u00f6yt\u00e4<\/a><\/div>\n<\/div>\n<\/div>\n\n\n\n<div class=\"wp-block-column is-layout-flow wp-block-column-is-layout-flow\" style=\"flex-basis:70%\">\n<h4 class=\"wp-block-heading has-panorama-2-color has-text-color has-link-color wp-elements-4867109d01cac2e47127dd278086f119\" id=\"h-35-hlo\" style=\"margin-top:0;margin-bottom:0;padding-top:0;padding-bottom:0\">35 \u20ac \/ hl\u00f6<\/h4>\n\n\n\n<p class=\"has-small-font-size\" style=\"margin-top:0;margin-bottom:0;padding-top:0;padding-bottom:0\">lapset 4\u201312-v. 17,50 \u20ac<\/p>\n<\/div>\n<\/div>\n\n\n\n<div style=\"height:16px\" aria-hidden=\"true\" class=\"wp-block-spacer\"><\/div>\n<\/div><figure class=\"wp-block-media-text__media\"><img loading=\"lazy\" decoding=\"async\" width=\"400\" height=\"260\" src=\"https:\/\/www.kassiopeia.fi\/hotel-levi-panorama\/wp-content\/uploads\/sites\/3\/2025\/03\/ravintola-panorama-paasiainen-suklaamunat.jpg\" alt=\"Ravintola Panoraman suklaamunia\" class=\"wp-image-4774 size-full\" style=\"object-position:50% 50%\" srcset=\"https:\/\/www.kassiopeia.fi\/hotel-levi-panorama\/wp-content\/uploads\/sites\/3\/2025\/03\/ravintola-panorama-paasiainen-suklaamunat.jpg 400w, https:\/\/www.kassiopeia.fi\/hotel-levi-panorama\/wp-content\/uploads\/sites\/3\/2025\/03\/ravintola-panorama-paasiainen-suklaamunat-300x195.jpg 300w\" sizes=\"auto, (max-width: 400px) 100vw, 400px\" \/><\/figure><\/div>\n<\/div>\n\n\n\n<div style=\"height:47px\" aria-hidden=\"true\" class=\"wp-block-spacer\"><\/div>\n\n\n\n<div class=\"wp-block-group alignfull is-layout-constrained wp-container-core-group-is-layout-bdbbb34e wp-block-group-is-layout-constrained\" style=\"padding-top:var(--wp--preset--spacing--60);padding-right:var(--wp--preset--spacing--40);padding-bottom:var(--wp--preset--spacing--70);padding-left:var(--wp--preset--spacing--40)\">\n<h2 class=\"wp-block-heading has-text-align-center\" id=\"h-paasiaisbrunssin-menu-2026\">P\u00e4\u00e4si\u00e4isbrunssin menu 2026<\/h2>\n\n\n\n<p class=\"has-text-align-center\">Vihersalaattia ja yrttivinegrette (M,V,G)<br>Rosmariinilla marinoitua kurkkua &amp; punasipulia (M,V,G)<br>Tomaattia &amp; Mozzarellaa (L,G)<br>Marinoitua parsaa (M,V,G)<br>Pastasalaattia (M,V,G)<br>Leip\u00e4juustoa, rucolaa ja melonia (L,G)<br>Yrttinen perunasalaatti (M,V,G)<br>Skagen ja saaristolaisleip\u00e4\u00e4 (L,G)<br>Naudan pastramia ja tzatsikia (L,G)<br>Graavilohta ja puolukkamajoneesia (M,G)<br>Paholaisen munia (L,G)<br>Patonkia ja tuorejuustoa (L,G<em>) <\/em>Riisipiirakoita ja munavoita (L,G)<br>Ruisleip\u00e4\u00e4 ja vaahdotettua voita (L,G*)<br>Croissantteja (L)<br>\u2605\u2605\u2605<br>Parmesan-kermaperunaa (L,G)<br>Savustettua karitsaa ja paistikastiketta (L,G)<br>Paahdettua kukkakaalta (L,G)<br>Taimenta ja yrtti-sitruunakastiketta (L,G)<br>Seitanpaistia ja basilika-tomaattikastiketta (M,V)<br>Ranskalaisia perunoita (M,V,G)<br>\u2605\u2605\u2605<br>M\u00e4mmikakku (L)<br>Rocky Road (L,G)<br>Pashaa (L,G)<br>Tuoreita hedelmi\u00e4 (M,V,G)<br>Suklaamunia (L)<br>\u2605\u2605\u2605<br>Kahvia ja teet\u00e4<\/p>\n\n\n\n<div style=\"height:76px\" aria-hidden=\"true\" class=\"wp-block-spacer\"><\/div>\n\n\n\n<p class=\"has-text-align-center\">M = Maidoton L = Laktoositon G = Gluteeniton G*= Gluteeniton pyydett\u00e4ess\u00e4 V = Vegaaninen V*=Vegaaninen pyydett\u00e4ess\u00e4.<br>Lis\u00e4tietoa ruoista ja ruokien allergeeneist\u00e4 saat ravintolan henkil\u00f6kunnalta.<br><strong>Teeth\u00e4n p\u00f6yt\u00e4varauksen etuk\u00e4teen!<\/strong><\/p>\n<\/div>\n\n\n\n<div class=\"wp-block-group alignfull hidden is-layout-constrained wp-container-core-group-is-layout-941eaaac wp-block-group-is-layout-constrained\" style=\"margin-top:0;margin-bottom:var(--wp--preset--spacing--70);padding-top:var(--wp--preset--spacing--70);padding-right:var(--wp--preset--spacing--40);padding-bottom:var(--wp--preset--spacing--40);padding-left:var(--wp--preset--spacing--40)\">\n<div class=\"wp-block-buttons is-content-justification-center is-layout-flex wp-container-core-buttons-is-layout-a89b3969 wp-block-buttons-is-layout-flex\">\n<div class=\"wp-block-button\"><a class=\"wp-block-button__link wp-element-button\" href=\"https:\/\/v2.tableonline.fi\/instabook\/bookings\/l7vbXwV\/selection\" target=\"_blank\" rel=\"noreferrer noopener\">Varaa p\u00f6yt\u00e4<\/a><\/div>\n<\/div>\n\n\n\n<div class=\"wp-block-group alignfull hidden is-layout-constrained wp-container-core-group-is-layout-0c9c989a wp-block-group-is-layout-constrained\" style=\"margin-top:0;margin-bottom:0;padding-top:var(--wp--preset--spacing--70);padding-right:var(--wp--preset--spacing--40);padding-bottom:var(--wp--preset--spacing--70);padding-left:var(--wp--preset--spacing--40)\">\n<div class=\"wp-block-columns is-layout-flex wp-container-core-columns-is-layout-28f84493 wp-block-columns-is-layout-flex\">\n<div class=\"wp-block-column is-layout-flow wp-block-column-is-layout-flow\">\n<figure class=\"wp-block-image size-full openable-image\"><img loading=\"lazy\" decoding=\"async\" width=\"2000\" height=\"1333\" src=\"https:\/\/www.kassiopeia.fi\/hotel-levi-panorama\/wp-content\/uploads\/sites\/3\/2024\/10\/iStock-1060838790-2000x1333-1.jpg\" alt=\"\" class=\"wp-image-1444\" style=\"aspect-ratio:1;object-fit:cover\" srcset=\"https:\/\/www.kassiopeia.fi\/hotel-levi-panorama\/wp-content\/uploads\/sites\/3\/2024\/10\/iStock-1060838790-2000x1333-1.jpg 2000w, https:\/\/www.kassiopeia.fi\/hotel-levi-panorama\/wp-content\/uploads\/sites\/3\/2024\/10\/iStock-1060838790-2000x1333-1-300x200.jpg 300w, https:\/\/www.kassiopeia.fi\/hotel-levi-panorama\/wp-content\/uploads\/sites\/3\/2024\/10\/iStock-1060838790-2000x1333-1-1024x682.jpg 1024w, https:\/\/www.kassiopeia.fi\/hotel-levi-panorama\/wp-content\/uploads\/sites\/3\/2024\/10\/iStock-1060838790-2000x1333-1-768x512.jpg 768w, https:\/\/www.kassiopeia.fi\/hotel-levi-panorama\/wp-content\/uploads\/sites\/3\/2024\/10\/iStock-1060838790-2000x1333-1-1536x1024.jpg 1536w\" sizes=\"auto, (max-width: 2000px) 100vw, 2000px\" \/><\/figure>\n<\/div>\n\n\n\n<div class=\"wp-block-column is-layout-flow wp-block-column-is-layout-flow\">\n<figure class=\"wp-block-image size-full openable-image\"><img loading=\"lazy\" decoding=\"async\" width=\"2000\" height=\"1125\" src=\"https:\/\/www.kassiopeia.fi\/hotel-levi-panorama\/wp-content\/uploads\/sites\/3\/2024\/10\/visit-levi-talvi-1.jpg\" alt=\"\" class=\"wp-image-1522\" style=\"aspect-ratio:1;object-fit:cover\" srcset=\"https:\/\/www.kassiopeia.fi\/hotel-levi-panorama\/wp-content\/uploads\/sites\/3\/2024\/10\/visit-levi-talvi-1.jpg 2000w, https:\/\/www.kassiopeia.fi\/hotel-levi-panorama\/wp-content\/uploads\/sites\/3\/2024\/10\/visit-levi-talvi-1-300x169.jpg 300w, https:\/\/www.kassiopeia.fi\/hotel-levi-panorama\/wp-content\/uploads\/sites\/3\/2024\/10\/visit-levi-talvi-1-1024x576.jpg 1024w, https:\/\/www.kassiopeia.fi\/hotel-levi-panorama\/wp-content\/uploads\/sites\/3\/2024\/10\/visit-levi-talvi-1-768x432.jpg 768w, https:\/\/www.kassiopeia.fi\/hotel-levi-panorama\/wp-content\/uploads\/sites\/3\/2024\/10\/visit-levi-talvi-1-1536x864.jpg 1536w\" sizes=\"auto, (max-width: 2000px) 100vw, 2000px\" \/><\/figure>\n<\/div>\n\n\n\n<div class=\"wp-block-column is-layout-flow wp-block-column-is-layout-flow\">\n<figure class=\"wp-block-image size-full openable-image\"><img loading=\"lazy\" decoding=\"async\" width=\"800\" height=\"600\" src=\"https:\/\/www.kassiopeia.fi\/hotel-levi-panorama\/wp-content\/uploads\/sites\/3\/2024\/10\/skumppalasit_levi_panorama-1.jpg\" alt=\"\" class=\"wp-image-1530\" style=\"aspect-ratio:1;object-fit:cover\" srcset=\"https:\/\/www.kassiopeia.fi\/hotel-levi-panorama\/wp-content\/uploads\/sites\/3\/2024\/10\/skumppalasit_levi_panorama-1.jpg 800w, https:\/\/www.kassiopeia.fi\/hotel-levi-panorama\/wp-content\/uploads\/sites\/3\/2024\/10\/skumppalasit_levi_panorama-1-300x225.jpg 300w, https:\/\/www.kassiopeia.fi\/hotel-levi-panorama\/wp-content\/uploads\/sites\/3\/2024\/10\/skumppalasit_levi_panorama-1-768x576.jpg 768w\" sizes=\"auto, (max-width: 800px) 100vw, 800px\" \/><\/figure>\n<\/div>\n\n\n\n<div class=\"wp-block-column is-layout-flow wp-block-column-is-layout-flow\">\n<figure class=\"wp-block-image size-full openable-image\"><img loading=\"lazy\" decoding=\"async\" width=\"2000\" height=\"1125\" src=\"https:\/\/www.kassiopeia.fi\/hotel-levi-panorama\/wp-content\/uploads\/sites\/3\/2024\/10\/Uusi-Vuosi-2000x1125-1.jpg\" alt=\"\" class=\"wp-image-1531\" style=\"aspect-ratio:1;object-fit:cover\" srcset=\"https:\/\/www.kassiopeia.fi\/hotel-levi-panorama\/wp-content\/uploads\/sites\/3\/2024\/10\/Uusi-Vuosi-2000x1125-1.jpg 2000w, https:\/\/www.kassiopeia.fi\/hotel-levi-panorama\/wp-content\/uploads\/sites\/3\/2024\/10\/Uusi-Vuosi-2000x1125-1-300x169.jpg 300w, https:\/\/www.kassiopeia.fi\/hotel-levi-panorama\/wp-content\/uploads\/sites\/3\/2024\/10\/Uusi-Vuosi-2000x1125-1-1024x576.jpg 1024w, https:\/\/www.kassiopeia.fi\/hotel-levi-panorama\/wp-content\/uploads\/sites\/3\/2024\/10\/Uusi-Vuosi-2000x1125-1-768x432.jpg 768w, https:\/\/www.kassiopeia.fi\/hotel-levi-panorama\/wp-content\/uploads\/sites\/3\/2024\/10\/Uusi-Vuosi-2000x1125-1-1536x864.jpg 1536w\" sizes=\"auto, (max-width: 2000px) 100vw, 2000px\" \/><\/figure>\n<\/div>\n<\/div>\n<\/div>\n<\/div>\n","protected":false},"excerpt":{"rendered":"<p>P\u00e4\u00e4si\u00e4isbrunssi Tervetuloa p\u00e4\u00e4si\u00e4isbrunssille Ravintola Panoramaan!Brunssimme tarjoillaan 5.4.2026 klo 12-16. Ravintola Panoraman P\u00e4\u00e4si\u00e4isbrunssi 35 \u20ac \/ hl\u00f6 lapset 4\u201312-v. 17,50 \u20ac P\u00e4\u00e4si\u00e4isbrunssin menu 2026 Vihersalaattia ja yrttivinegrette (M,V,G)Rosmariinilla marinoitua kurkkua &amp; punasipulia (M,V,G)Tomaattia &amp; Mozzarellaa (L,G)Marinoitua parsaa (M,V,G)Pastasalaattia (M,V,G)Leip\u00e4juustoa, rucolaa ja melonia (L,G)Yrttinen perunasalaatti (M,V,G)Skagen ja saaristolaisleip\u00e4\u00e4 (L,G)Naudan pastramia ja tzatsikia (L,G)Graavilohta ja puolukkamajoneesia (M,G)Paholaisen munia [&hellip;]<\/p>\n","protected":false},"author":8,"featured_media":0,"parent":914,"menu_order":0,"comment_status":"closed","ping_status":"closed","template":"","meta":{"_acf_changed":false,"footnotes":""},"class_list":["post-4772","page","type-page","status-publish","hentry"],"acf":[],"yoast_head":"<!-- This site is optimized with the Yoast SEO Premium plugin v27.2 (Yoast SEO v27.2) - https:\/\/yoast.com\/product\/yoast-seo-premium-wordpress\/ -->\n<title>P\u00e4\u00e4si\u00e4isbrunssi - Hotel Levi Panorama<\/title>\n<meta name=\"description\" content=\"Tervetuloa viett\u00e4m\u00e4\u00e4n p\u00e4\u00e4si\u00e4ist\u00e4 Ravintola Panoramaan Leville. Katso brunssimenu sivuiltamme ja varaa p\u00f6yt\u00e4!\" \/>\n<meta name=\"robots\" content=\"index, follow, max-snippet:-1, max-image-preview:large, max-video-preview:-1\" \/>\n<link rel=\"canonical\" href=\"https:\/\/www.kassiopeia.fi\/hotel-levi-panorama\/ravintolat\/paasiainen\/\" \/>\n<meta property=\"og:locale\" content=\"en_US\" \/>\n<meta property=\"og:type\" content=\"article\" \/>\n<meta property=\"og:title\" content=\"P\u00e4\u00e4si\u00e4isbrunssi\" \/>\n<meta property=\"og:description\" content=\"Tervetuloa viett\u00e4m\u00e4\u00e4n p\u00e4\u00e4si\u00e4ist\u00e4 Ravintola Panoramaan Leville. Katso brunssimenu sivuiltamme ja varaa p\u00f6yt\u00e4!\" \/>\n<meta property=\"og:url\" content=\"https:\/\/www.kassiopeia.fi\/hotel-levi-panorama\/ravintolat\/paasiainen\/\" \/>\n<meta property=\"og:site_name\" content=\"Hotel Levi Panorama\" \/>\n<meta property=\"article:modified_time\" content=\"2026-04-07T05:38:03+00:00\" \/>\n<meta property=\"og:image\" content=\"https:\/\/www.kassiopeia.fi\/hotel-levi-panorama\/wp-content\/uploads\/sites\/3\/2025\/03\/Panorama_paasiainen.jpg\" \/>\n\t<meta property=\"og:image:width\" content=\"2000\" \/>\n\t<meta property=\"og:image:height\" content=\"1125\" \/>\n\t<meta property=\"og:image:type\" content=\"image\/jpeg\" \/>\n<meta name=\"twitter:card\" content=\"summary_large_image\" \/>\n<meta name=\"twitter:label1\" content=\"Est. reading time\" \/>\n\t<meta name=\"twitter:data1\" content=\"2 minutes\" \/>\n<script type=\"application\/ld+json\" class=\"yoast-schema-graph\">{\"@context\":\"https:\/\/schema.org\",\"@graph\":[{\"@type\":\"WebPage\",\"@id\":\"https:\/\/www.kassiopeia.fi\/hotel-levi-panorama\/ravintolat\/paasiainen\/\",\"url\":\"https:\/\/www.kassiopeia.fi\/hotel-levi-panorama\/ravintolat\/paasiainen\/\",\"name\":\"P\u00e4\u00e4si\u00e4isbrunssi - Hotel Levi Panorama\",\"isPartOf\":{\"@id\":\"https:\/\/www.kassiopeia.fi\/hotel-levi-panorama\/#website\"},\"primaryImageOfPage\":{\"@id\":\"https:\/\/www.kassiopeia.fi\/hotel-levi-panorama\/ravintolat\/paasiainen\/#primaryimage\"},\"image\":{\"@id\":\"https:\/\/www.kassiopeia.fi\/hotel-levi-panorama\/ravintolat\/paasiainen\/#primaryimage\"},\"thumbnailUrl\":\"https:\/\/www.kassiopeia.fi\/hotel-levi-panorama\/wp-content\/uploads\/sites\/3\/2025\/03\/Panorama_paasiainen.jpg\",\"datePublished\":\"2025-03-11T12:48:46+00:00\",\"dateModified\":\"2026-04-07T05:38:03+00:00\",\"description\":\"Tervetuloa viett\u00e4m\u00e4\u00e4n p\u00e4\u00e4si\u00e4ist\u00e4 Ravintola Panoramaan Leville. Katso brunssimenu sivuiltamme ja varaa p\u00f6yt\u00e4!\",\"breadcrumb\":{\"@id\":\"https:\/\/www.kassiopeia.fi\/hotel-levi-panorama\/ravintolat\/paasiainen\/#breadcrumb\"},\"inLanguage\":\"en-US\",\"potentialAction\":[{\"@type\":\"ReadAction\",\"target\":[\"https:\/\/www.kassiopeia.fi\/hotel-levi-panorama\/ravintolat\/paasiainen\/\"]}]},{\"@type\":\"ImageObject\",\"inLanguage\":\"en-US\",\"@id\":\"https:\/\/www.kassiopeia.fi\/hotel-levi-panorama\/ravintolat\/paasiainen\/#primaryimage\",\"url\":\"https:\/\/www.kassiopeia.fi\/hotel-levi-panorama\/wp-content\/uploads\/sites\/3\/2025\/03\/Panorama_paasiainen.jpg\",\"contentUrl\":\"https:\/\/www.kassiopeia.fi\/hotel-levi-panorama\/wp-content\/uploads\/sites\/3\/2025\/03\/Panorama_paasiainen.jpg\",\"width\":2000,\"height\":1125,\"caption\":\"Ravintola Panorama kattaus p\u00e4\u00e4si\u00e4isen\u00e4\"},{\"@type\":\"BreadcrumbList\",\"@id\":\"https:\/\/www.kassiopeia.fi\/hotel-levi-panorama\/ravintolat\/paasiainen\/#breadcrumb\",\"itemListElement\":[{\"@type\":\"ListItem\",\"position\":1,\"name\":\"Home\",\"item\":\"https:\/\/www.kassiopeia.fi\/hotel-levi-panorama\/\"},{\"@type\":\"ListItem\",\"position\":2,\"name\":\"Ravintolat\",\"item\":\"https:\/\/www.kassiopeia.fi\/hotel-levi-panorama\/ravintolat\/\"},{\"@type\":\"ListItem\",\"position\":3,\"name\":\"P\u00e4\u00e4si\u00e4isbrunssi\"}]},{\"@type\":\"WebSite\",\"@id\":\"https:\/\/www.kassiopeia.fi\/hotel-levi-panorama\/#website\",\"url\":\"https:\/\/www.kassiopeia.fi\/hotel-levi-panorama\/\",\"name\":\"Hotel Levi Panorama\",\"description\":\"\",\"potentialAction\":[{\"@type\":\"SearchAction\",\"target\":{\"@type\":\"EntryPoint\",\"urlTemplate\":\"https:\/\/www.kassiopeia.fi\/hotel-levi-panorama\/?s={search_term_string}\"},\"query-input\":{\"@type\":\"PropertyValueSpecification\",\"valueRequired\":true,\"valueName\":\"search_term_string\"}}],\"inLanguage\":\"en-US\"}]}<\/script>\n<!-- \/ Yoast SEO Premium plugin. -->","yoast_head_json":{"title":"P\u00e4\u00e4si\u00e4isbrunssi - Hotel Levi Panorama","description":"Tervetuloa viett\u00e4m\u00e4\u00e4n p\u00e4\u00e4si\u00e4ist\u00e4 Ravintola Panoramaan Leville. Katso brunssimenu sivuiltamme ja varaa p\u00f6yt\u00e4!","robots":{"index":"index","follow":"follow","max-snippet":"max-snippet:-1","max-image-preview":"max-image-preview:large","max-video-preview":"max-video-preview:-1"},"canonical":"https:\/\/www.kassiopeia.fi\/hotel-levi-panorama\/ravintolat\/paasiainen\/","og_locale":"en_US","og_type":"article","og_title":"P\u00e4\u00e4si\u00e4isbrunssi","og_description":"Tervetuloa viett\u00e4m\u00e4\u00e4n p\u00e4\u00e4si\u00e4ist\u00e4 Ravintola Panoramaan Leville. Katso brunssimenu sivuiltamme ja varaa p\u00f6yt\u00e4!","og_url":"https:\/\/www.kassiopeia.fi\/hotel-levi-panorama\/ravintolat\/paasiainen\/","og_site_name":"Hotel Levi Panorama","article_modified_time":"2026-04-07T05:38:03+00:00","og_image":[{"width":2000,"height":1125,"url":"https:\/\/www.kassiopeia.fi\/hotel-levi-panorama\/wp-content\/uploads\/sites\/3\/2025\/03\/Panorama_paasiainen.jpg","type":"image\/jpeg"}],"twitter_card":"summary_large_image","twitter_misc":{"Est. reading time":"2 minutes"},"schema":{"@context":"https:\/\/schema.org","@graph":[{"@type":"WebPage","@id":"https:\/\/www.kassiopeia.fi\/hotel-levi-panorama\/ravintolat\/paasiainen\/","url":"https:\/\/www.kassiopeia.fi\/hotel-levi-panorama\/ravintolat\/paasiainen\/","name":"P\u00e4\u00e4si\u00e4isbrunssi - Hotel Levi Panorama","isPartOf":{"@id":"https:\/\/www.kassiopeia.fi\/hotel-levi-panorama\/#website"},"primaryImageOfPage":{"@id":"https:\/\/www.kassiopeia.fi\/hotel-levi-panorama\/ravintolat\/paasiainen\/#primaryimage"},"image":{"@id":"https:\/\/www.kassiopeia.fi\/hotel-levi-panorama\/ravintolat\/paasiainen\/#primaryimage"},"thumbnailUrl":"https:\/\/www.kassiopeia.fi\/hotel-levi-panorama\/wp-content\/uploads\/sites\/3\/2025\/03\/Panorama_paasiainen.jpg","datePublished":"2025-03-11T12:48:46+00:00","dateModified":"2026-04-07T05:38:03+00:00","description":"Tervetuloa viett\u00e4m\u00e4\u00e4n p\u00e4\u00e4si\u00e4ist\u00e4 Ravintola Panoramaan Leville. Katso brunssimenu sivuiltamme ja varaa p\u00f6yt\u00e4!","breadcrumb":{"@id":"https:\/\/www.kassiopeia.fi\/hotel-levi-panorama\/ravintolat\/paasiainen\/#breadcrumb"},"inLanguage":"en-US","potentialAction":[{"@type":"ReadAction","target":["https:\/\/www.kassiopeia.fi\/hotel-levi-panorama\/ravintolat\/paasiainen\/"]}]},{"@type":"ImageObject","inLanguage":"en-US","@id":"https:\/\/www.kassiopeia.fi\/hotel-levi-panorama\/ravintolat\/paasiainen\/#primaryimage","url":"https:\/\/www.kassiopeia.fi\/hotel-levi-panorama\/wp-content\/uploads\/sites\/3\/2025\/03\/Panorama_paasiainen.jpg","contentUrl":"https:\/\/www.kassiopeia.fi\/hotel-levi-panorama\/wp-content\/uploads\/sites\/3\/2025\/03\/Panorama_paasiainen.jpg","width":2000,"height":1125,"caption":"Ravintola Panorama kattaus p\u00e4\u00e4si\u00e4isen\u00e4"},{"@type":"BreadcrumbList","@id":"https:\/\/www.kassiopeia.fi\/hotel-levi-panorama\/ravintolat\/paasiainen\/#breadcrumb","itemListElement":[{"@type":"ListItem","position":1,"name":"Home","item":"https:\/\/www.kassiopeia.fi\/hotel-levi-panorama\/"},{"@type":"ListItem","position":2,"name":"Ravintolat","item":"https:\/\/www.kassiopeia.fi\/hotel-levi-panorama\/ravintolat\/"},{"@type":"ListItem","position":3,"name":"P\u00e4\u00e4si\u00e4isbrunssi"}]},{"@type":"WebSite","@id":"https:\/\/www.kassiopeia.fi\/hotel-levi-panorama\/#website","url":"https:\/\/www.kassiopeia.fi\/hotel-levi-panorama\/","name":"Hotel Levi Panorama","description":"","potentialAction":[{"@type":"SearchAction","target":{"@type":"EntryPoint","urlTemplate":"https:\/\/www.kassiopeia.fi\/hotel-levi-panorama\/?s={search_term_string}"},"query-input":{"@type":"PropertyValueSpecification","valueRequired":true,"valueName":"search_term_string"}}],"inLanguage":"en-US"}]}},"lang":"fi","translations":{"fi":4772,"en":4783},"pll_sync_post":[],"_links":{"self":[{"href":"https:\/\/www.kassiopeia.fi\/hotel-levi-panorama\/wp-json\/wp\/v2\/pages\/4772","targetHints":{"allow":["GET"]}}],"collection":[{"href":"https:\/\/www.kassiopeia.fi\/hotel-levi-panorama\/wp-json\/wp\/v2\/pages"}],"about":[{"href":"https:\/\/www.kassiopeia.fi\/hotel-levi-panorama\/wp-json\/wp\/v2\/types\/page"}],"author":[{"embeddable":true,"href":"https:\/\/www.kassiopeia.fi\/hotel-levi-panorama\/wp-json\/wp\/v2\/users\/8"}],"replies":[{"embeddable":true,"href":"https:\/\/www.kassiopeia.fi\/hotel-levi-panorama\/wp-json\/wp\/v2\/comments?post=4772"}],"version-history":[{"count":34,"href":"https:\/\/www.kassiopeia.fi\/hotel-levi-panorama\/wp-json\/wp\/v2\/pages\/4772\/revisions"}],"predecessor-version":[{"id":7170,"href":"https:\/\/www.kassiopeia.fi\/hotel-levi-panorama\/wp-json\/wp\/v2\/pages\/4772\/revisions\/7170"}],"up":[{"embeddable":true,"href":"https:\/\/www.kassiopeia.fi\/hotel-levi-panorama\/wp-json\/wp\/v2\/pages\/914"}],"wp:attachment":[{"href":"https:\/\/www.kassiopeia.fi\/hotel-levi-panorama\/wp-json\/wp\/v2\/media?parent=4772"}],"curies":[{"name":"wp","href":"https:\/\/api.w.org\/{rel}","templated":true}]}}