{"id":2711,"date":"2024-11-05T11:09:25","date_gmt":"2024-11-05T11:09:25","guid":{"rendered":"https:\/\/www.kassiopeia.fi\/hotel-levi-panorama\/?page_id=2711"},"modified":"2024-11-26T12:01:18","modified_gmt":"2024-11-26T12:01:18","slug":"moder-kiitos-varauksestasi","status":"publish","type":"page","link":"https:\/\/www.kassiopeia.fi\/hotel-levi-panorama\/moder-kiitos-varauksestasi\/","title":{"rendered":"Moder \u2013 Kiitos varauksestasi"},"content":{"rendered":"\n<div class=\"wp-block-cover alignfull is-light cover-hero wp-duotone-unset-1\" style=\"margin-top:0px;margin-bottom:0px;padding-top:0px;padding-right:0px;padding-bottom:0px;padding-left:0px;min-height:30vw;aspect-ratio:unset;\"><span aria-hidden=\"true\" class=\"wp-block-cover__background has-black-background-color has-background-dim-0 has-background-dim\"><\/span><img loading=\"lazy\" decoding=\"async\" width=\"2077\" height=\"1500\" class=\"wp-block-cover__image-background wp-image-814\" alt=\"\" src=\"https:\/\/www.kassiopeia.fi\/hotel-levi-panorama\/wp-content\/uploads\/sites\/3\/2024\/10\/Ilmakuva_hotel-levi-panorama2.jpg\" data-object-fit=\"cover\" srcset=\"https:\/\/www.kassiopeia.fi\/hotel-levi-panorama\/wp-content\/uploads\/sites\/3\/2024\/10\/Ilmakuva_hotel-levi-panorama2.jpg 2077w, https:\/\/www.kassiopeia.fi\/hotel-levi-panorama\/wp-content\/uploads\/sites\/3\/2024\/10\/Ilmakuva_hotel-levi-panorama2-300x217.jpg 300w, https:\/\/www.kassiopeia.fi\/hotel-levi-panorama\/wp-content\/uploads\/sites\/3\/2024\/10\/Ilmakuva_hotel-levi-panorama2-1024x740.jpg 1024w, https:\/\/www.kassiopeia.fi\/hotel-levi-panorama\/wp-content\/uploads\/sites\/3\/2024\/10\/Ilmakuva_hotel-levi-panorama2-768x555.jpg 768w, https:\/\/www.kassiopeia.fi\/hotel-levi-panorama\/wp-content\/uploads\/sites\/3\/2024\/10\/Ilmakuva_hotel-levi-panorama2-1536x1109.jpg 1536w, https:\/\/www.kassiopeia.fi\/hotel-levi-panorama\/wp-content\/uploads\/sites\/3\/2024\/10\/Ilmakuva_hotel-levi-panorama2-2048x1479.jpg 2048w\" sizes=\"auto, (max-width: 2077px) 100vw, 2077px\" \/><div class=\"wp-block-cover__inner-container is-layout-flow wp-container-core-cover-is-layout-6e17fc20 wp-block-cover-is-layout-flow\">\n<h1 class=\"wp-block-heading has-text-align-center\" id=\"h-\" style=\"font-size:70px\"><\/h1>\n\n\n\n<p><\/p>\n<\/div><\/div>\n\n\n\n<div class=\"breadcrumb-container\"><ul id=\"breadcrumbs\" class=\"breadcrumbs\"><li class=\"item-home\"><a class=\"bread-link bread-home\" href=\"https:\/\/www.kassiopeia.fi\/hotel-levi-panorama\" title=\"Hotel Levi Panorama\">Hotel Levi Panorama<\/a><\/li><li class=\"separator separator-home\"> \/ <\/li><\/ul><\/div>\n<style>\n    \n<\/style>\n\n\n<div class=\"wp-block-group alignfull is-layout-constrained wp-container-core-group-is-layout-244a2f0a wp-block-group-is-layout-constrained\" style=\"padding-top:var(--wp--preset--spacing--50);padding-right:var(--wp--preset--spacing--40);padding-bottom:var(--wp--preset--spacing--70);padding-left:var(--wp--preset--spacing--40)\">\n<div class=\"wp-block-group alignwide is-layout-constrained wp-container-core-group-is-layout-9517baca wp-block-group-is-layout-constrained\">\n<h1 class=\"wp-block-heading has-text-align-center\" id=\"h-kiitos-varauksestasi\" style=\"margin-bottom:var(--wp--preset--spacing--60)\">Kiitos varauksestasi!<\/h1>\n\n\n\n<p class=\"has-text-align-center has-large-font-size\"><strong>Saat pian vahvistuksen s\u00e4hk\u00f6postiisi.<\/strong><\/p>\n\n\n\n<p class=\"has-text-align-center\">Jos sinulla on kysymyksi\u00e4 koskien varaustasi, olethan yhteydess\u00e4 myyntipalveluumme.<\/p>\n\n\n\n<p class=\"has-text-align-center\"><strong>Myyntipalvelu<\/strong><br>+358 40 456 2059<br>sales@kassiopeia.fi<\/p>\n\n\n\n<div style=\"height:100px\" aria-hidden=\"true\" class=\"wp-block-spacer\"><\/div>\n\n\n\n<p class=\"has-text-align-center has-large-font-size\"><strong>Thank you for your reservation! You will soon receive a confirmation in your email.<\/strong><\/p>\n\n\n\n<p class=\"has-text-align-center\">If you have any questions regarding your reservation, please contact our sales team.<\/p>\n\n\n\n<p class=\"has-text-align-center\"><strong>Sales Team<\/strong><br>+358 40 456 2059<br>sales@kassiopeia.fi<\/p>\n<\/div>\n<\/div>\n","protected":false},"excerpt":{"rendered":"<p>Kiitos varauksestasi! Saat pian vahvistuksen s\u00e4hk\u00f6postiisi. Jos sinulla on kysymyksi\u00e4 koskien varaustasi, olethan yhteydess\u00e4 myyntipalveluumme. Myyntipalvelu+358 40 456 2059sales@kassiopeia.fi Thank you for your reservation! You will soon receive a confirmation in your email. If you have any questions regarding your reservation, please contact our sales team. Sales Team+358 40 456 2059sales@kassiopeia.fi<\/p>\n","protected":false},"author":7,"featured_media":0,"parent":0,"menu_order":0,"comment_status":"closed","ping_status":"closed","template":"","meta":{"_acf_changed":false,"footnotes":""},"class_list":["post-2711","page","type-page","status-publish","hentry"],"acf":[],"yoast_head":"<!-- This site is optimized with the Yoast SEO Premium plugin v27.2 (Yoast SEO v27.2) - https:\/\/yoast.com\/product\/yoast-seo-premium-wordpress\/ -->\n<title>Moder \u2013 Kiitos varauksestasi - Hotel Levi Panorama<\/title>\n<meta name=\"robots\" content=\"noindex, nofollow\" \/>\n<meta property=\"og:locale\" content=\"en_US\" \/>\n<meta property=\"og:type\" content=\"article\" \/>\n<meta property=\"og:title\" content=\"Moder \u2013 Kiitos varauksestasi\" \/>\n<meta property=\"og:description\" content=\"Kiitos varauksestasi! Saat pian vahvistuksen s\u00e4hk\u00f6postiisi. Jos sinulla on kysymyksi\u00e4 koskien varaustasi, olethan yhteydess\u00e4 myyntipalveluumme. Myyntipalvelu+358 40 456 2059sales@kassiopeia.fi Thank you for your reservation! You will soon receive a confirmation in your email. If you have any questions regarding your reservation, please contact our sales team. Sales Team+358 40 456 2059sales@kassiopeia.fi\" \/>\n<meta property=\"og:url\" content=\"https:\/\/www.kassiopeia.fi\/hotel-levi-panorama\/moder-kiitos-varauksestasi\/\" \/>\n<meta property=\"og:site_name\" content=\"Hotel Levi Panorama\" \/>\n<meta property=\"article:modified_time\" content=\"2024-11-26T12:01:18+00:00\" \/>\n<meta property=\"og:image\" content=\"https:\/\/www.kassiopeia.fi\/hotel-levi-panorama\/wp-content\/uploads\/sites\/3\/2024\/10\/Ilmakuva_hotel-levi-panorama2.jpg\" \/>\n\t<meta property=\"og:image:width\" content=\"2077\" \/>\n\t<meta property=\"og:image:height\" content=\"1500\" \/>\n\t<meta property=\"og:image:type\" content=\"image\/jpeg\" \/>\n<meta name=\"twitter:card\" content=\"summary_large_image\" \/>\n<meta name=\"twitter:label1\" content=\"Est. reading time\" \/>\n\t<meta name=\"twitter:data1\" content=\"1 minute\" \/>\n<script type=\"application\/ld+json\" class=\"yoast-schema-graph\">{\"@context\":\"https:\/\/schema.org\",\"@graph\":[{\"@type\":\"WebPage\",\"@id\":\"https:\/\/www.kassiopeia.fi\/hotel-levi-panorama\/moder-kiitos-varauksestasi\/\",\"url\":\"https:\/\/www.kassiopeia.fi\/hotel-levi-panorama\/moder-kiitos-varauksestasi\/\",\"name\":\"Moder \u2013 Kiitos varauksestasi - Hotel Levi Panorama\",\"isPartOf\":{\"@id\":\"https:\/\/www.kassiopeia.fi\/hotel-levi-panorama\/#website\"},\"primaryImageOfPage\":{\"@id\":\"https:\/\/www.kassiopeia.fi\/hotel-levi-panorama\/moder-kiitos-varauksestasi\/#primaryimage\"},\"image\":{\"@id\":\"https:\/\/www.kassiopeia.fi\/hotel-levi-panorama\/moder-kiitos-varauksestasi\/#primaryimage\"},\"thumbnailUrl\":\"https:\/\/www.kassiopeia.fi\/hotel-levi-panorama\/wp-content\/uploads\/sites\/3\/2024\/10\/Ilmakuva_hotel-levi-panorama2.jpg\",\"datePublished\":\"2024-11-05T11:09:25+00:00\",\"dateModified\":\"2024-11-26T12:01:18+00:00\",\"breadcrumb\":{\"@id\":\"https:\/\/www.kassiopeia.fi\/hotel-levi-panorama\/moder-kiitos-varauksestasi\/#breadcrumb\"},\"inLanguage\":\"en-US\",\"potentialAction\":[{\"@type\":\"ReadAction\",\"target\":[\"https:\/\/www.kassiopeia.fi\/hotel-levi-panorama\/moder-kiitos-varauksestasi\/\"]}]},{\"@type\":\"ImageObject\",\"inLanguage\":\"en-US\",\"@id\":\"https:\/\/www.kassiopeia.fi\/hotel-levi-panorama\/moder-kiitos-varauksestasi\/#primaryimage\",\"url\":\"https:\/\/www.kassiopeia.fi\/hotel-levi-panorama\/wp-content\/uploads\/sites\/3\/2024\/10\/Ilmakuva_hotel-levi-panorama2.jpg\",\"contentUrl\":\"https:\/\/www.kassiopeia.fi\/hotel-levi-panorama\/wp-content\/uploads\/sites\/3\/2024\/10\/Ilmakuva_hotel-levi-panorama2.jpg\",\"width\":2077,\"height\":1500},{\"@type\":\"BreadcrumbList\",\"@id\":\"https:\/\/www.kassiopeia.fi\/hotel-levi-panorama\/moder-kiitos-varauksestasi\/#breadcrumb\",\"itemListElement\":[{\"@type\":\"ListItem\",\"position\":1,\"name\":\"Home\",\"item\":\"https:\/\/www.kassiopeia.fi\/hotel-levi-panorama\/\"},{\"@type\":\"ListItem\",\"position\":2,\"name\":\"Moder \u2013 Kiitos varauksestasi\"}]},{\"@type\":\"WebSite\",\"@id\":\"https:\/\/www.kassiopeia.fi\/hotel-levi-panorama\/#website\",\"url\":\"https:\/\/www.kassiopeia.fi\/hotel-levi-panorama\/\",\"name\":\"Hotel Levi Panorama\",\"description\":\"\",\"potentialAction\":[{\"@type\":\"SearchAction\",\"target\":{\"@type\":\"EntryPoint\",\"urlTemplate\":\"https:\/\/www.kassiopeia.fi\/hotel-levi-panorama\/?s={search_term_string}\"},\"query-input\":{\"@type\":\"PropertyValueSpecification\",\"valueRequired\":true,\"valueName\":\"search_term_string\"}}],\"inLanguage\":\"en-US\"}]}<\/script>\n<!-- \/ Yoast SEO Premium plugin. -->","yoast_head_json":{"title":"Moder \u2013 Kiitos varauksestasi - Hotel Levi Panorama","robots":{"index":"noindex","follow":"nofollow"},"og_locale":"en_US","og_type":"article","og_title":"Moder \u2013 Kiitos varauksestasi","og_description":"Kiitos varauksestasi! Saat pian vahvistuksen s\u00e4hk\u00f6postiisi. Jos sinulla on kysymyksi\u00e4 koskien varaustasi, olethan yhteydess\u00e4 myyntipalveluumme. Myyntipalvelu+358 40 456 2059sales@kassiopeia.fi Thank you for your reservation! You will soon receive a confirmation in your email. If you have any questions regarding your reservation, please contact our sales team. Sales Team+358 40 456 2059sales@kassiopeia.fi","og_url":"https:\/\/www.kassiopeia.fi\/hotel-levi-panorama\/moder-kiitos-varauksestasi\/","og_site_name":"Hotel Levi Panorama","article_modified_time":"2024-11-26T12:01:18+00:00","og_image":[{"width":2077,"height":1500,"url":"https:\/\/www.kassiopeia.fi\/hotel-levi-panorama\/wp-content\/uploads\/sites\/3\/2024\/10\/Ilmakuva_hotel-levi-panorama2.jpg","type":"image\/jpeg"}],"twitter_card":"summary_large_image","twitter_misc":{"Est. reading time":"1 minute"},"schema":{"@context":"https:\/\/schema.org","@graph":[{"@type":"WebPage","@id":"https:\/\/www.kassiopeia.fi\/hotel-levi-panorama\/moder-kiitos-varauksestasi\/","url":"https:\/\/www.kassiopeia.fi\/hotel-levi-panorama\/moder-kiitos-varauksestasi\/","name":"Moder \u2013 Kiitos varauksestasi - Hotel Levi Panorama","isPartOf":{"@id":"https:\/\/www.kassiopeia.fi\/hotel-levi-panorama\/#website"},"primaryImageOfPage":{"@id":"https:\/\/www.kassiopeia.fi\/hotel-levi-panorama\/moder-kiitos-varauksestasi\/#primaryimage"},"image":{"@id":"https:\/\/www.kassiopeia.fi\/hotel-levi-panorama\/moder-kiitos-varauksestasi\/#primaryimage"},"thumbnailUrl":"https:\/\/www.kassiopeia.fi\/hotel-levi-panorama\/wp-content\/uploads\/sites\/3\/2024\/10\/Ilmakuva_hotel-levi-panorama2.jpg","datePublished":"2024-11-05T11:09:25+00:00","dateModified":"2024-11-26T12:01:18+00:00","breadcrumb":{"@id":"https:\/\/www.kassiopeia.fi\/hotel-levi-panorama\/moder-kiitos-varauksestasi\/#breadcrumb"},"inLanguage":"en-US","potentialAction":[{"@type":"ReadAction","target":["https:\/\/www.kassiopeia.fi\/hotel-levi-panorama\/moder-kiitos-varauksestasi\/"]}]},{"@type":"ImageObject","inLanguage":"en-US","@id":"https:\/\/www.kassiopeia.fi\/hotel-levi-panorama\/moder-kiitos-varauksestasi\/#primaryimage","url":"https:\/\/www.kassiopeia.fi\/hotel-levi-panorama\/wp-content\/uploads\/sites\/3\/2024\/10\/Ilmakuva_hotel-levi-panorama2.jpg","contentUrl":"https:\/\/www.kassiopeia.fi\/hotel-levi-panorama\/wp-content\/uploads\/sites\/3\/2024\/10\/Ilmakuva_hotel-levi-panorama2.jpg","width":2077,"height":1500},{"@type":"BreadcrumbList","@id":"https:\/\/www.kassiopeia.fi\/hotel-levi-panorama\/moder-kiitos-varauksestasi\/#breadcrumb","itemListElement":[{"@type":"ListItem","position":1,"name":"Home","item":"https:\/\/www.kassiopeia.fi\/hotel-levi-panorama\/"},{"@type":"ListItem","position":2,"name":"Moder \u2013 Kiitos varauksestasi"}]},{"@type":"WebSite","@id":"https:\/\/www.kassiopeia.fi\/hotel-levi-panorama\/#website","url":"https:\/\/www.kassiopeia.fi\/hotel-levi-panorama\/","name":"Hotel Levi Panorama","description":"","potentialAction":[{"@type":"SearchAction","target":{"@type":"EntryPoint","urlTemplate":"https:\/\/www.kassiopeia.fi\/hotel-levi-panorama\/?s={search_term_string}"},"query-input":{"@type":"PropertyValueSpecification","valueRequired":true,"valueName":"search_term_string"}}],"inLanguage":"en-US"}]}},"lang":"fi","translations":{"fi":2711},"pll_sync_post":[],"_links":{"self":[{"href":"https:\/\/www.kassiopeia.fi\/hotel-levi-panorama\/wp-json\/wp\/v2\/pages\/2711","targetHints":{"allow":["GET"]}}],"collection":[{"href":"https:\/\/www.kassiopeia.fi\/hotel-levi-panorama\/wp-json\/wp\/v2\/pages"}],"about":[{"href":"https:\/\/www.kassiopeia.fi\/hotel-levi-panorama\/wp-json\/wp\/v2\/types\/page"}],"author":[{"embeddable":true,"href":"https:\/\/www.kassiopeia.fi\/hotel-levi-panorama\/wp-json\/wp\/v2\/users\/7"}],"replies":[{"embeddable":true,"href":"https:\/\/www.kassiopeia.fi\/hotel-levi-panorama\/wp-json\/wp\/v2\/comments?post=2711"}],"version-history":[{"count":5,"href":"https:\/\/www.kassiopeia.fi\/hotel-levi-panorama\/wp-json\/wp\/v2\/pages\/2711\/revisions"}],"predecessor-version":[{"id":3811,"href":"https:\/\/www.kassiopeia.fi\/hotel-levi-panorama\/wp-json\/wp\/v2\/pages\/2711\/revisions\/3811"}],"wp:attachment":[{"href":"https:\/\/www.kassiopeia.fi\/hotel-levi-panorama\/wp-json\/wp\/v2\/media?parent=2711"}],"curies":[{"name":"wp","href":"https:\/\/api.w.org\/{rel}","templated":true}]}}