{"id":1502,"date":"2024-10-22T11:10:39","date_gmt":"2024-10-22T11:10:39","guid":{"rendered":"https:\/\/www.kassiopeia.fi\/hotel-levi-panorama\/?page_id=1502"},"modified":"2026-02-09T14:01:08","modified_gmt":"2026-02-09T14:01:08","slug":"uuden-vuoden-illallinen","status":"publish","type":"page","link":"https:\/\/www.kassiopeia.fi\/hotel-levi-panorama\/ravintolat\/uuden-vuoden-illallinen\/","title":{"rendered":"Uuden vuoden illallinen"},"content":{"rendered":"\n<div class=\"wp-block-cover alignfull cover-hero wp-duotone-unset-1\" style=\"margin-top:0px;margin-bottom:0px;padding-top:0px;padding-right:0px;padding-bottom:0px;padding-left:0px;min-height:30vw;aspect-ratio:unset;\"><img loading=\"lazy\" decoding=\"async\" width=\"2000\" height=\"1125\" class=\"wp-block-cover__image-background wp-image-1531\" alt=\"Raketit Levin yll\u00e4 uutenavuotena.\" src=\"https:\/\/www.kassiopeia.fi\/hotel-levi-panorama\/wp-content\/uploads\/sites\/3\/2024\/10\/Uusi-Vuosi-2000x1125-1.jpg\" data-object-fit=\"cover\" srcset=\"https:\/\/www.kassiopeia.fi\/hotel-levi-panorama\/wp-content\/uploads\/sites\/3\/2024\/10\/Uusi-Vuosi-2000x1125-1.jpg 2000w, https:\/\/www.kassiopeia.fi\/hotel-levi-panorama\/wp-content\/uploads\/sites\/3\/2024\/10\/Uusi-Vuosi-2000x1125-1-300x169.jpg 300w, https:\/\/www.kassiopeia.fi\/hotel-levi-panorama\/wp-content\/uploads\/sites\/3\/2024\/10\/Uusi-Vuosi-2000x1125-1-1024x576.jpg 1024w, https:\/\/www.kassiopeia.fi\/hotel-levi-panorama\/wp-content\/uploads\/sites\/3\/2024\/10\/Uusi-Vuosi-2000x1125-1-768x432.jpg 768w, https:\/\/www.kassiopeia.fi\/hotel-levi-panorama\/wp-content\/uploads\/sites\/3\/2024\/10\/Uusi-Vuosi-2000x1125-1-1536x864.jpg 1536w\" sizes=\"auto, (max-width: 2000px) 100vw, 2000px\" \/><span aria-hidden=\"true\" class=\"wp-block-cover__background has-black-background-color has-background-dim-0 has-background-dim\"><\/span><div class=\"wp-block-cover__inner-container is-layout-flow wp-container-core-cover-is-layout-6e17fc20 wp-block-cover-is-layout-flow\">\n<h1 class=\"wp-block-heading has-text-align-center\" id=\"h-\" style=\"font-size:70px\"><\/h1>\n\n\n\n<p><\/p>\n<\/div><\/div>\n\n\n\n<div class=\"breadcrumb-container\"><ul id=\"breadcrumbs\" class=\"breadcrumbs\"><li class=\"item-home\"><a class=\"bread-link bread-home\" href=\"https:\/\/www.kassiopeia.fi\/hotel-levi-panorama\" title=\"Hotel Levi Panorama\">Hotel Levi Panorama<\/a><\/li><li class=\"separator separator-home\"> \/ <\/li><\/ul><\/div>\n<style>\n    \n<\/style>\n\n\n<div class=\"wp-block-group alignfull is-layout-constrained wp-container-core-group-is-layout-244a2f0a wp-block-group-is-layout-constrained\" style=\"padding-top:var(--wp--preset--spacing--50);padding-right:var(--wp--preset--spacing--40);padding-bottom:var(--wp--preset--spacing--70);padding-left:var(--wp--preset--spacing--40)\">\n<div class=\"wp-block-group alignwide is-layout-constrained wp-container-core-group-is-layout-9517baca wp-block-group-is-layout-constrained\">\n<h1 class=\"wp-block-heading has-text-align-center\" id=\"h-uudenvuoden-illallinen\" style=\"margin-bottom:var(--wp--preset--spacing--60)\">Uudenvuoden illallinen<\/h1>\n\n\n\n<p class=\"has-text-align-center has-large-font-size\">Ravintola Panoraman runsas uudenvuoden buffetillallinen sis\u00e4lt\u00e4\u00e4 maukkaita alku-, p\u00e4\u00e4- ja j\u00e4lkiruokavaihtoehtoja. Tervetuloa juhlistamaan uutta vuotta Ravintola Panoramaan!<\/p>\n\n\n\n<p class=\"has-text-align-center\"><strong>Ravintola Panorama<\/strong><br><strong>Osoite<\/strong>&nbsp;: Tunturitie 205, 99130 Levi<br><strong>Puhelin:<\/strong>&nbsp;040 5320 569<\/p>\n<\/div>\n<\/div>\n\n\n\n<div class=\"wp-block-group alignfull hidden is-layout-constrained wp-container-core-group-is-layout-97829e9f wp-block-group-is-layout-constrained\" style=\"padding-right:var(--wp--preset--spacing--40);padding-left:var(--wp--preset--spacing--40)\">\n<div class=\"wp-block-media-text alignwide has-media-on-the-right is-stacked-on-mobile is-vertically-aligned-center is-image-fill-element has-panorama-5-background-color has-background\" style=\"grid-template-columns:auto 51%\"><div class=\"wp-block-media-text__content\">\n<h2 class=\"wp-block-heading has-text-align-left\">ravintola panoraman uudenvuoden illallinen<\/h2>\n\n\n\n<ul style=\"margin-top:0;margin-bottom:var(--wp--preset--spacing--60)\" class=\"wp-block-list styled2\">\n<li>Buffet sis\u00e4lt\u00e4\u00e4 maukkaita alku-, p\u00e4\u00e4- ja j\u00e4lkiruokavaihtoehtoja.<\/li>\n\n\n\n<li>Kattaukset 31.12. klo 18.00 &amp; 20.30<\/li>\n\n\n\n<li>Hintaan sis\u00e4ltyy lasillinen kuohuvaa tai alkoholiton juoma<\/li>\n\n\n\n<li>Pizza ja burger menua ei saatavilla<\/li>\n<\/ul>\n\n\n\n<div class=\"wp-block-columns is-layout-flex wp-container-core-columns-is-layout-28f84493 wp-block-columns-is-layout-flex\">\n<div class=\"wp-block-column is-layout-flow wp-block-column-is-layout-flow\" style=\"flex-basis:30%\">\n<div class=\"wp-block-buttons is-layout-flex wp-block-buttons-is-layout-flex\">\n<div class=\"wp-block-button\"><a class=\"wp-block-button__link wp-element-button\" href=\"https:\/\/v2.tableonline.fi\/instabook\/bookings\/l7vbXwV\/selection\" style=\"border-style:none;border-width:0px;border-radius:0px;padding-top:var(--wp--preset--spacing--20);padding-right:var(--wp--preset--spacing--50);padding-bottom:var(--wp--preset--spacing--20);padding-left:var(--wp--preset--spacing--50)\" target=\"_blank\" rel=\"noreferrer noopener\">Varaa p\u00f6yt\u00e4<\/a><\/div>\n<\/div>\n<\/div>\n\n\n\n<div class=\"wp-block-column is-layout-flow wp-block-column-is-layout-flow\" style=\"flex-basis:70%\">\n<h4 class=\"wp-block-heading has-panorama-2-color has-text-color has-link-color wp-elements-528ebff7f79b67e53124c811c7211736\" style=\"margin-top:0;margin-bottom:0;padding-top:0;padding-bottom:0\">85 \u20ac \/ hl\u00f6<\/h4>\n\n\n\n<p class=\"has-small-font-size\" style=\"margin-top:0;margin-bottom:0;padding-top:0;padding-bottom:0\">lapset 4\u201312-v. 42,50 \u20ac<br>alle 4-vuotiaat ilmaiseksi<\/p>\n<\/div>\n<\/div>\n\n\n\n<div style=\"height:16px\" aria-hidden=\"true\" class=\"wp-block-spacer\"><\/div>\n<\/div><figure class=\"wp-block-media-text__media\"><img loading=\"lazy\" decoding=\"async\" width=\"1024\" height=\"683\" src=\"https:\/\/www.kassiopeia.fi\/hotel-levi-panorama\/wp-content\/uploads\/sites\/3\/2024\/10\/skumppa-levi-panorama-1024x683.jpg\" alt=\"\" class=\"wp-image-1545 size-full\" style=\"object-position:50% 50%\" srcset=\"https:\/\/www.kassiopeia.fi\/hotel-levi-panorama\/wp-content\/uploads\/sites\/3\/2024\/10\/skumppa-levi-panorama-1024x683.jpg 1024w, https:\/\/www.kassiopeia.fi\/hotel-levi-panorama\/wp-content\/uploads\/sites\/3\/2024\/10\/skumppa-levi-panorama-300x200.jpg 300w, https:\/\/www.kassiopeia.fi\/hotel-levi-panorama\/wp-content\/uploads\/sites\/3\/2024\/10\/skumppa-levi-panorama-768x512.jpg 768w, https:\/\/www.kassiopeia.fi\/hotel-levi-panorama\/wp-content\/uploads\/sites\/3\/2024\/10\/skumppa-levi-panorama-1536x1025.jpg 1536w, https:\/\/www.kassiopeia.fi\/hotel-levi-panorama\/wp-content\/uploads\/sites\/3\/2024\/10\/skumppa-levi-panorama.jpg 2000w\" sizes=\"auto, (max-width: 1024px) 100vw, 1024px\" \/><\/figure><\/div>\n<\/div>\n\n\n\n<div class=\"wp-block-group alignfull is-layout-constrained wp-container-core-group-is-layout-bdbbb34e wp-block-group-is-layout-constrained\" style=\"padding-top:var(--wp--preset--spacing--60);padding-right:var(--wp--preset--spacing--40);padding-bottom:var(--wp--preset--spacing--70);padding-left:var(--wp--preset--spacing--40)\">\n<h2 class=\"wp-block-heading has-text-align-center\" id=\"h-uudenvuoden-buffetmenu-2025\">Uudenvuoden buffetmenu 2025<\/h2>\n\n\n\n<p class=\"has-text-align-center\">Vihersalaattia (M,G,V)<br>Samppanjavinegrette\u00e4 (M,G,V)<br>Kurkkua ja tilli\u00e4 (M,G,V)<br>Marinoitua punasipulia (M,G,V)<br>Valkosipuliherkkusieni\u00e4 (M,G,V)<br>Punajuuricarpaccio ja aurajuustoa (L,G)<br>Panoraman perunasalaattia (M,G,V)<br>Tomaattia ja mozzarellaa (L,G)<br>Suolakurkkua ja kaprista (M,G,V)<br>Possupastramia ja sinappikastiketta (M,G)<br>L\u00e4mminsavustettua siikaa (M,G)<br>J\u00e4\u00e4kellarin lohta ja tartarkastiketta (M,G)<br>Katkarapuskagen ja mallascrumble (L,G)<br>\u2605\u2605\u2605<br>Talon leip\u00e4valikoima ja levitteet<br>\u2605\u2605\u2605<br>Naudan petite tenderi\u00e4, bearnaisea ja punaviinikastiketta (L,G)<br>Savustettua nieri\u00e4\u00e4 ja simpukka-valkoviinikastiketta (L,G)<br>Tryffeli-h\u00e4rk\u00e4papumureketta ja sienivoikastiketta (M,G,V)<br>Puikulaperunamuusia (L,G)<br>Ratatouille (M,G,V)<br>Nakki- ja makkaralajitelma (L,G)<br>Lapsille: Ranskalaiset perunat (M,G,V), Paneroitua kanaa (L,G) ja<br>Lihapullia (L,G)<br>\u2605\u2605\u2605<br>T\u00e4ytekakkua (L,G)<br>Juustovalikoima ja hilloja (L,G)<br>Suklaamousse (L,G*)<br>Karkkibuffet<\/p>\n\n\n\n<p class=\"has-text-align-center\">M = maidoton \/ L = laktoositon \/ G = gluteeniton \/ V = vegaaninen G*=gluteeniton pyydett\u00e4ess\u00e4<br><br><strong>Teeth\u00e4n p\u00f6yt\u00e4varauksen ennakkoon! <\/strong><br>K\u00e4yt\u00e4mme vain suomalaista lihaa ja siipikarjaa.&nbsp;Lis\u00e4tietoa ruoista ja ruokien allergeeneist\u00e4 saat ravintolan henkil\u00f6kunnalta.<br>Pid\u00e4t\u00e4mme oikeudet muutoksiin.<\/p>\n<\/div>\n\n\n\n<div class=\"wp-block-group alignfull is-layout-constrained wp-container-core-group-is-layout-941eaaac wp-block-group-is-layout-constrained\" style=\"margin-top:0;margin-bottom:var(--wp--preset--spacing--70);padding-top:var(--wp--preset--spacing--70);padding-right:var(--wp--preset--spacing--40);padding-bottom:var(--wp--preset--spacing--40);padding-left:var(--wp--preset--spacing--40)\">\n<div class=\"wp-block-buttons is-content-justification-center is-layout-flex wp-container-core-buttons-is-layout-a89b3969 wp-block-buttons-is-layout-flex\">\n<div class=\"wp-block-button\"><a class=\"wp-block-button__link has-text-align-center wp-element-button\" href=\"https:\/\/v2.tableonline.fi\/instabook\/bookings\/l7vbXwV\" target=\"_blank\" rel=\"noreferrer noopener\">Varaa p\u00f6yt\u00e4<\/a><\/div>\n<\/div>\n\n\n\n<div class=\"block-quandoo-booking\">\n    <div id=\"quandoo-booking-widget\" style=\"padding-right:0;padding-left:0;padding-top:0;padding-bottom:0;margin-top:0;margin-bottom:0;margin-left:0;margin-right:0;\" class=\"aligncenter hidden wp-block-create-block-quandoo-booking\"><\/div>\n<\/div>\n\n<script src=\"https:\/\/booking-widget.quandoo.com\/index.js\" data-merchant-id=\"95104\" data-theme=\"light\" data-primary-color=\"323232\"><\/script><\/div>\n\n\n\n<div class=\"wp-block-group alignfull is-layout-constrained wp-container-core-group-is-layout-0c9c989a wp-block-group-is-layout-constrained\" style=\"margin-top:0;margin-bottom:0;padding-top:var(--wp--preset--spacing--70);padding-right:var(--wp--preset--spacing--40);padding-bottom:var(--wp--preset--spacing--70);padding-left:var(--wp--preset--spacing--40)\">\n<div class=\"wp-block-columns is-layout-flex wp-container-core-columns-is-layout-28f84493 wp-block-columns-is-layout-flex\">\n<div class=\"wp-block-column is-layout-flow wp-block-column-is-layout-flow\">\n<figure class=\"wp-block-image size-full openable-image\"><img loading=\"lazy\" decoding=\"async\" width=\"2000\" height=\"1333\" src=\"https:\/\/www.kassiopeia.fi\/hotel-levi-panorama\/wp-content\/uploads\/sites\/3\/2024\/10\/iStock-1060838790-2000x1333-1.jpg\" alt=\"\" class=\"wp-image-1444\" style=\"aspect-ratio:1;object-fit:cover\" srcset=\"https:\/\/www.kassiopeia.fi\/hotel-levi-panorama\/wp-content\/uploads\/sites\/3\/2024\/10\/iStock-1060838790-2000x1333-1.jpg 2000w, https:\/\/www.kassiopeia.fi\/hotel-levi-panorama\/wp-content\/uploads\/sites\/3\/2024\/10\/iStock-1060838790-2000x1333-1-300x200.jpg 300w, https:\/\/www.kassiopeia.fi\/hotel-levi-panorama\/wp-content\/uploads\/sites\/3\/2024\/10\/iStock-1060838790-2000x1333-1-1024x682.jpg 1024w, https:\/\/www.kassiopeia.fi\/hotel-levi-panorama\/wp-content\/uploads\/sites\/3\/2024\/10\/iStock-1060838790-2000x1333-1-768x512.jpg 768w, https:\/\/www.kassiopeia.fi\/hotel-levi-panorama\/wp-content\/uploads\/sites\/3\/2024\/10\/iStock-1060838790-2000x1333-1-1536x1024.jpg 1536w\" sizes=\"auto, (max-width: 2000px) 100vw, 2000px\" \/><\/figure>\n<\/div>\n\n\n\n<div class=\"wp-block-column is-layout-flow wp-block-column-is-layout-flow\">\n<figure class=\"wp-block-image size-full openable-image\"><img loading=\"lazy\" decoding=\"async\" width=\"2000\" height=\"1125\" src=\"https:\/\/www.kassiopeia.fi\/hotel-levi-panorama\/wp-content\/uploads\/sites\/3\/2024\/10\/visit-levi-talvi-1.jpg\" alt=\"\" class=\"wp-image-1522\" style=\"aspect-ratio:1;object-fit:cover\" srcset=\"https:\/\/www.kassiopeia.fi\/hotel-levi-panorama\/wp-content\/uploads\/sites\/3\/2024\/10\/visit-levi-talvi-1.jpg 2000w, https:\/\/www.kassiopeia.fi\/hotel-levi-panorama\/wp-content\/uploads\/sites\/3\/2024\/10\/visit-levi-talvi-1-300x169.jpg 300w, https:\/\/www.kassiopeia.fi\/hotel-levi-panorama\/wp-content\/uploads\/sites\/3\/2024\/10\/visit-levi-talvi-1-1024x576.jpg 1024w, https:\/\/www.kassiopeia.fi\/hotel-levi-panorama\/wp-content\/uploads\/sites\/3\/2024\/10\/visit-levi-talvi-1-768x432.jpg 768w, https:\/\/www.kassiopeia.fi\/hotel-levi-panorama\/wp-content\/uploads\/sites\/3\/2024\/10\/visit-levi-talvi-1-1536x864.jpg 1536w\" sizes=\"auto, (max-width: 2000px) 100vw, 2000px\" \/><\/figure>\n<\/div>\n\n\n\n<div class=\"wp-block-column is-layout-flow wp-block-column-is-layout-flow\">\n<figure class=\"wp-block-image size-full openable-image\"><img loading=\"lazy\" decoding=\"async\" width=\"800\" height=\"600\" src=\"https:\/\/www.kassiopeia.fi\/hotel-levi-panorama\/wp-content\/uploads\/sites\/3\/2024\/10\/skumppalasit_levi_panorama-1.jpg\" alt=\"\" class=\"wp-image-1530\" style=\"aspect-ratio:1;object-fit:cover\" srcset=\"https:\/\/www.kassiopeia.fi\/hotel-levi-panorama\/wp-content\/uploads\/sites\/3\/2024\/10\/skumppalasit_levi_panorama-1.jpg 800w, https:\/\/www.kassiopeia.fi\/hotel-levi-panorama\/wp-content\/uploads\/sites\/3\/2024\/10\/skumppalasit_levi_panorama-1-300x225.jpg 300w, https:\/\/www.kassiopeia.fi\/hotel-levi-panorama\/wp-content\/uploads\/sites\/3\/2024\/10\/skumppalasit_levi_panorama-1-768x576.jpg 768w\" sizes=\"auto, (max-width: 800px) 100vw, 800px\" \/><\/figure>\n<\/div>\n\n\n\n<div class=\"wp-block-column is-layout-flow wp-block-column-is-layout-flow\">\n<figure class=\"wp-block-image size-full openable-image\"><img loading=\"lazy\" decoding=\"async\" width=\"2000\" height=\"1125\" src=\"https:\/\/www.kassiopeia.fi\/hotel-levi-panorama\/wp-content\/uploads\/sites\/3\/2024\/10\/Uusi-Vuosi-2000x1125-1.jpg\" alt=\"\" class=\"wp-image-1531\" style=\"aspect-ratio:1;object-fit:cover\" srcset=\"https:\/\/www.kassiopeia.fi\/hotel-levi-panorama\/wp-content\/uploads\/sites\/3\/2024\/10\/Uusi-Vuosi-2000x1125-1.jpg 2000w, https:\/\/www.kassiopeia.fi\/hotel-levi-panorama\/wp-content\/uploads\/sites\/3\/2024\/10\/Uusi-Vuosi-2000x1125-1-300x169.jpg 300w, https:\/\/www.kassiopeia.fi\/hotel-levi-panorama\/wp-content\/uploads\/sites\/3\/2024\/10\/Uusi-Vuosi-2000x1125-1-1024x576.jpg 1024w, https:\/\/www.kassiopeia.fi\/hotel-levi-panorama\/wp-content\/uploads\/sites\/3\/2024\/10\/Uusi-Vuosi-2000x1125-1-768x432.jpg 768w, https:\/\/www.kassiopeia.fi\/hotel-levi-panorama\/wp-content\/uploads\/sites\/3\/2024\/10\/Uusi-Vuosi-2000x1125-1-1536x864.jpg 1536w\" sizes=\"auto, (max-width: 2000px) 100vw, 2000px\" \/><\/figure>\n<\/div>\n<\/div>\n<\/div>\n","protected":false},"excerpt":{"rendered":"<p>Uudenvuoden illallinen Ravintola Panoraman runsas uudenvuoden buffetillallinen sis\u00e4lt\u00e4\u00e4 maukkaita alku-, p\u00e4\u00e4- ja j\u00e4lkiruokavaihtoehtoja. Tervetuloa juhlistamaan uutta vuotta Ravintola Panoramaan! Ravintola PanoramaOsoite&nbsp;: Tunturitie 205, 99130 LeviPuhelin:&nbsp;040 5320 569 ravintola panoraman uudenvuoden illallinen 85 \u20ac \/ hl\u00f6 lapset 4\u201312-v. 42,50 \u20acalle 4-vuotiaat ilmaiseksi Uudenvuoden buffetmenu 2025 Vihersalaattia (M,G,V)Samppanjavinegrette\u00e4 (M,G,V)Kurkkua ja tilli\u00e4 (M,G,V)Marinoitua punasipulia (M,G,V)Valkosipuliherkkusieni\u00e4 (M,G,V)Punajuuricarpaccio ja aurajuustoa [&hellip;]<\/p>\n","protected":false},"author":8,"featured_media":0,"parent":914,"menu_order":0,"comment_status":"closed","ping_status":"closed","template":"","meta":{"_acf_changed":false,"footnotes":""},"class_list":["post-1502","page","type-page","status-publish","hentry"],"acf":[],"yoast_head":"<!-- This site is optimized with the Yoast SEO Premium plugin v27.2 (Yoast SEO v27.2) - https:\/\/yoast.com\/product\/yoast-seo-premium-wordpress\/ -->\n<title>Uuden vuoden illallinen - Hotel Levi Panorama<\/title>\n<meta name=\"description\" content=\"Ravintola Panoraman runsas uudenvuoden buffetillallinen sis\u00e4lt\u00e4\u00e4 maukkaita alku-, p\u00e4\u00e4- ja j\u00e4lkiruokavaihtoehtoja. Varaa p\u00f6yt\u00e4!\" \/>\n<meta name=\"robots\" content=\"index, follow, max-snippet:-1, max-image-preview:large, max-video-preview:-1\" \/>\n<link rel=\"canonical\" href=\"https:\/\/www.kassiopeia.fi\/hotel-levi-panorama\/ravintolat\/uuden-vuoden-illallinen\/\" \/>\n<meta property=\"og:locale\" content=\"en_US\" \/>\n<meta property=\"og:type\" content=\"article\" \/>\n<meta property=\"og:title\" content=\"Uuden vuoden illallinen\" \/>\n<meta property=\"og:description\" content=\"Ravintola Panoraman runsas uudenvuoden buffetillallinen sis\u00e4lt\u00e4\u00e4 maukkaita alku-, p\u00e4\u00e4- ja j\u00e4lkiruokavaihtoehtoja. Varaa p\u00f6yt\u00e4!\" \/>\n<meta property=\"og:url\" content=\"https:\/\/www.kassiopeia.fi\/hotel-levi-panorama\/ravintolat\/uuden-vuoden-illallinen\/\" \/>\n<meta property=\"og:site_name\" content=\"Hotel Levi Panorama\" \/>\n<meta property=\"article:modified_time\" content=\"2026-02-09T14:01:08+00:00\" \/>\n<meta property=\"og:image\" content=\"https:\/\/www.kassiopeia.fi\/hotel-levi-panorama\/wp-content\/uploads\/sites\/3\/2024\/10\/Uusi-Vuosi-2000x1125-1.jpg\" \/>\n\t<meta property=\"og:image:width\" content=\"2000\" \/>\n\t<meta property=\"og:image:height\" content=\"1125\" \/>\n\t<meta property=\"og:image:type\" content=\"image\/jpeg\" \/>\n<meta name=\"twitter:card\" content=\"summary_large_image\" \/>\n<meta name=\"twitter:label1\" content=\"Est. reading time\" \/>\n\t<meta name=\"twitter:data1\" content=\"3 minutes\" \/>\n<script type=\"application\/ld+json\" class=\"yoast-schema-graph\">{\"@context\":\"https:\/\/schema.org\",\"@graph\":[{\"@type\":\"WebPage\",\"@id\":\"https:\/\/www.kassiopeia.fi\/hotel-levi-panorama\/ravintolat\/uuden-vuoden-illallinen\/\",\"url\":\"https:\/\/www.kassiopeia.fi\/hotel-levi-panorama\/ravintolat\/uuden-vuoden-illallinen\/\",\"name\":\"Uuden vuoden illallinen - Hotel Levi Panorama\",\"isPartOf\":{\"@id\":\"https:\/\/www.kassiopeia.fi\/hotel-levi-panorama\/#website\"},\"primaryImageOfPage\":{\"@id\":\"https:\/\/www.kassiopeia.fi\/hotel-levi-panorama\/ravintolat\/uuden-vuoden-illallinen\/#primaryimage\"},\"image\":{\"@id\":\"https:\/\/www.kassiopeia.fi\/hotel-levi-panorama\/ravintolat\/uuden-vuoden-illallinen\/#primaryimage\"},\"thumbnailUrl\":\"https:\/\/www.kassiopeia.fi\/hotel-levi-panorama\/wp-content\/uploads\/sites\/3\/2024\/10\/Uusi-Vuosi-2000x1125-1.jpg\",\"datePublished\":\"2024-10-22T11:10:39+00:00\",\"dateModified\":\"2026-02-09T14:01:08+00:00\",\"description\":\"Ravintola Panoraman runsas uudenvuoden buffetillallinen sis\u00e4lt\u00e4\u00e4 maukkaita alku-, p\u00e4\u00e4- ja j\u00e4lkiruokavaihtoehtoja. Varaa p\u00f6yt\u00e4!\",\"breadcrumb\":{\"@id\":\"https:\/\/www.kassiopeia.fi\/hotel-levi-panorama\/ravintolat\/uuden-vuoden-illallinen\/#breadcrumb\"},\"inLanguage\":\"en-US\",\"potentialAction\":[{\"@type\":\"ReadAction\",\"target\":[\"https:\/\/www.kassiopeia.fi\/hotel-levi-panorama\/ravintolat\/uuden-vuoden-illallinen\/\"]}]},{\"@type\":\"ImageObject\",\"inLanguage\":\"en-US\",\"@id\":\"https:\/\/www.kassiopeia.fi\/hotel-levi-panorama\/ravintolat\/uuden-vuoden-illallinen\/#primaryimage\",\"url\":\"https:\/\/www.kassiopeia.fi\/hotel-levi-panorama\/wp-content\/uploads\/sites\/3\/2024\/10\/Uusi-Vuosi-2000x1125-1.jpg\",\"contentUrl\":\"https:\/\/www.kassiopeia.fi\/hotel-levi-panorama\/wp-content\/uploads\/sites\/3\/2024\/10\/Uusi-Vuosi-2000x1125-1.jpg\",\"width\":2000,\"height\":1125},{\"@type\":\"BreadcrumbList\",\"@id\":\"https:\/\/www.kassiopeia.fi\/hotel-levi-panorama\/ravintolat\/uuden-vuoden-illallinen\/#breadcrumb\",\"itemListElement\":[{\"@type\":\"ListItem\",\"position\":1,\"name\":\"Home\",\"item\":\"https:\/\/www.kassiopeia.fi\/hotel-levi-panorama\/\"},{\"@type\":\"ListItem\",\"position\":2,\"name\":\"Ravintolat\",\"item\":\"https:\/\/www.kassiopeia.fi\/hotel-levi-panorama\/ravintolat\/\"},{\"@type\":\"ListItem\",\"position\":3,\"name\":\"Uuden vuoden illallinen\"}]},{\"@type\":\"WebSite\",\"@id\":\"https:\/\/www.kassiopeia.fi\/hotel-levi-panorama\/#website\",\"url\":\"https:\/\/www.kassiopeia.fi\/hotel-levi-panorama\/\",\"name\":\"Hotel Levi Panorama\",\"description\":\"\",\"potentialAction\":[{\"@type\":\"SearchAction\",\"target\":{\"@type\":\"EntryPoint\",\"urlTemplate\":\"https:\/\/www.kassiopeia.fi\/hotel-levi-panorama\/?s={search_term_string}\"},\"query-input\":{\"@type\":\"PropertyValueSpecification\",\"valueRequired\":true,\"valueName\":\"search_term_string\"}}],\"inLanguage\":\"en-US\"}]}<\/script>\n<!-- \/ Yoast SEO Premium plugin. -->","yoast_head_json":{"title":"Uuden vuoden illallinen - Hotel Levi Panorama","description":"Ravintola Panoraman runsas uudenvuoden buffetillallinen sis\u00e4lt\u00e4\u00e4 maukkaita alku-, p\u00e4\u00e4- ja j\u00e4lkiruokavaihtoehtoja. Varaa p\u00f6yt\u00e4!","robots":{"index":"index","follow":"follow","max-snippet":"max-snippet:-1","max-image-preview":"max-image-preview:large","max-video-preview":"max-video-preview:-1"},"canonical":"https:\/\/www.kassiopeia.fi\/hotel-levi-panorama\/ravintolat\/uuden-vuoden-illallinen\/","og_locale":"en_US","og_type":"article","og_title":"Uuden vuoden illallinen","og_description":"Ravintola Panoraman runsas uudenvuoden buffetillallinen sis\u00e4lt\u00e4\u00e4 maukkaita alku-, p\u00e4\u00e4- ja j\u00e4lkiruokavaihtoehtoja. Varaa p\u00f6yt\u00e4!","og_url":"https:\/\/www.kassiopeia.fi\/hotel-levi-panorama\/ravintolat\/uuden-vuoden-illallinen\/","og_site_name":"Hotel Levi Panorama","article_modified_time":"2026-02-09T14:01:08+00:00","og_image":[{"width":2000,"height":1125,"url":"https:\/\/www.kassiopeia.fi\/hotel-levi-panorama\/wp-content\/uploads\/sites\/3\/2024\/10\/Uusi-Vuosi-2000x1125-1.jpg","type":"image\/jpeg"}],"twitter_card":"summary_large_image","twitter_misc":{"Est. reading time":"3 minutes"},"schema":{"@context":"https:\/\/schema.org","@graph":[{"@type":"WebPage","@id":"https:\/\/www.kassiopeia.fi\/hotel-levi-panorama\/ravintolat\/uuden-vuoden-illallinen\/","url":"https:\/\/www.kassiopeia.fi\/hotel-levi-panorama\/ravintolat\/uuden-vuoden-illallinen\/","name":"Uuden vuoden illallinen - Hotel Levi Panorama","isPartOf":{"@id":"https:\/\/www.kassiopeia.fi\/hotel-levi-panorama\/#website"},"primaryImageOfPage":{"@id":"https:\/\/www.kassiopeia.fi\/hotel-levi-panorama\/ravintolat\/uuden-vuoden-illallinen\/#primaryimage"},"image":{"@id":"https:\/\/www.kassiopeia.fi\/hotel-levi-panorama\/ravintolat\/uuden-vuoden-illallinen\/#primaryimage"},"thumbnailUrl":"https:\/\/www.kassiopeia.fi\/hotel-levi-panorama\/wp-content\/uploads\/sites\/3\/2024\/10\/Uusi-Vuosi-2000x1125-1.jpg","datePublished":"2024-10-22T11:10:39+00:00","dateModified":"2026-02-09T14:01:08+00:00","description":"Ravintola Panoraman runsas uudenvuoden buffetillallinen sis\u00e4lt\u00e4\u00e4 maukkaita alku-, p\u00e4\u00e4- ja j\u00e4lkiruokavaihtoehtoja. Varaa p\u00f6yt\u00e4!","breadcrumb":{"@id":"https:\/\/www.kassiopeia.fi\/hotel-levi-panorama\/ravintolat\/uuden-vuoden-illallinen\/#breadcrumb"},"inLanguage":"en-US","potentialAction":[{"@type":"ReadAction","target":["https:\/\/www.kassiopeia.fi\/hotel-levi-panorama\/ravintolat\/uuden-vuoden-illallinen\/"]}]},{"@type":"ImageObject","inLanguage":"en-US","@id":"https:\/\/www.kassiopeia.fi\/hotel-levi-panorama\/ravintolat\/uuden-vuoden-illallinen\/#primaryimage","url":"https:\/\/www.kassiopeia.fi\/hotel-levi-panorama\/wp-content\/uploads\/sites\/3\/2024\/10\/Uusi-Vuosi-2000x1125-1.jpg","contentUrl":"https:\/\/www.kassiopeia.fi\/hotel-levi-panorama\/wp-content\/uploads\/sites\/3\/2024\/10\/Uusi-Vuosi-2000x1125-1.jpg","width":2000,"height":1125},{"@type":"BreadcrumbList","@id":"https:\/\/www.kassiopeia.fi\/hotel-levi-panorama\/ravintolat\/uuden-vuoden-illallinen\/#breadcrumb","itemListElement":[{"@type":"ListItem","position":1,"name":"Home","item":"https:\/\/www.kassiopeia.fi\/hotel-levi-panorama\/"},{"@type":"ListItem","position":2,"name":"Ravintolat","item":"https:\/\/www.kassiopeia.fi\/hotel-levi-panorama\/ravintolat\/"},{"@type":"ListItem","position":3,"name":"Uuden vuoden illallinen"}]},{"@type":"WebSite","@id":"https:\/\/www.kassiopeia.fi\/hotel-levi-panorama\/#website","url":"https:\/\/www.kassiopeia.fi\/hotel-levi-panorama\/","name":"Hotel Levi Panorama","description":"","potentialAction":[{"@type":"SearchAction","target":{"@type":"EntryPoint","urlTemplate":"https:\/\/www.kassiopeia.fi\/hotel-levi-panorama\/?s={search_term_string}"},"query-input":{"@type":"PropertyValueSpecification","valueRequired":true,"valueName":"search_term_string"}}],"inLanguage":"en-US"}]}},"lang":"fi","translations":{"fi":1502,"en":3101},"pll_sync_post":[],"_links":{"self":[{"href":"https:\/\/www.kassiopeia.fi\/hotel-levi-panorama\/wp-json\/wp\/v2\/pages\/1502","targetHints":{"allow":["GET"]}}],"collection":[{"href":"https:\/\/www.kassiopeia.fi\/hotel-levi-panorama\/wp-json\/wp\/v2\/pages"}],"about":[{"href":"https:\/\/www.kassiopeia.fi\/hotel-levi-panorama\/wp-json\/wp\/v2\/types\/page"}],"author":[{"embeddable":true,"href":"https:\/\/www.kassiopeia.fi\/hotel-levi-panorama\/wp-json\/wp\/v2\/users\/8"}],"replies":[{"embeddable":true,"href":"https:\/\/www.kassiopeia.fi\/hotel-levi-panorama\/wp-json\/wp\/v2\/comments?post=1502"}],"version-history":[{"count":24,"href":"https:\/\/www.kassiopeia.fi\/hotel-levi-panorama\/wp-json\/wp\/v2\/pages\/1502\/revisions"}],"predecessor-version":[{"id":6743,"href":"https:\/\/www.kassiopeia.fi\/hotel-levi-panorama\/wp-json\/wp\/v2\/pages\/1502\/revisions\/6743"}],"up":[{"embeddable":true,"href":"https:\/\/www.kassiopeia.fi\/hotel-levi-panorama\/wp-json\/wp\/v2\/pages\/914"}],"wp:attachment":[{"href":"https:\/\/www.kassiopeia.fi\/hotel-levi-panorama\/wp-json\/wp\/v2\/media?parent=1502"}],"curies":[{"name":"wp","href":"https:\/\/api.w.org\/{rel}","templated":true}]}}