{"id":1439,"date":"2024-10-22T07:53:15","date_gmt":"2024-10-22T07:53:15","guid":{"rendered":"https:\/\/www.kassiopeia.fi\/hotel-levi-panorama\/?page_id=1439"},"modified":"2025-12-29T07:45:52","modified_gmt":"2025-12-29T07:45:52","slug":"joulun-juhlabuffet","status":"publish","type":"page","link":"https:\/\/www.kassiopeia.fi\/hotel-levi-panorama\/ravintolat\/joulun-juhlabuffet\/","title":{"rendered":"Joulun juhlabuffet"},"content":{"rendered":"\n<div class=\"wp-block-cover alignfull is-light cover-hero wp-duotone-unset-1\" style=\"margin-top:0px;margin-bottom:0px;padding-top:0px;padding-right:0px;padding-bottom:0px;padding-left:0px;min-height:30vw;aspect-ratio:unset;\"><img loading=\"lazy\" decoding=\"async\" width=\"2000\" height=\"1333\" class=\"wp-block-cover__image-background wp-image-1444\" alt=\"\" src=\"https:\/\/www.kassiopeia.fi\/hotel-levi-panorama\/wp-content\/uploads\/sites\/3\/2024\/10\/iStock-1060838790-2000x1333-1.jpg\" data-object-fit=\"cover\" srcset=\"https:\/\/www.kassiopeia.fi\/hotel-levi-panorama\/wp-content\/uploads\/sites\/3\/2024\/10\/iStock-1060838790-2000x1333-1.jpg 2000w, https:\/\/www.kassiopeia.fi\/hotel-levi-panorama\/wp-content\/uploads\/sites\/3\/2024\/10\/iStock-1060838790-2000x1333-1-300x200.jpg 300w, https:\/\/www.kassiopeia.fi\/hotel-levi-panorama\/wp-content\/uploads\/sites\/3\/2024\/10\/iStock-1060838790-2000x1333-1-1024x682.jpg 1024w, https:\/\/www.kassiopeia.fi\/hotel-levi-panorama\/wp-content\/uploads\/sites\/3\/2024\/10\/iStock-1060838790-2000x1333-1-768x512.jpg 768w, https:\/\/www.kassiopeia.fi\/hotel-levi-panorama\/wp-content\/uploads\/sites\/3\/2024\/10\/iStock-1060838790-2000x1333-1-1536x1024.jpg 1536w\" sizes=\"auto, (max-width: 2000px) 100vw, 2000px\" \/><span aria-hidden=\"true\" class=\"wp-block-cover__background has-black-background-color has-background-dim-0 has-background-dim\"><\/span><div class=\"wp-block-cover__inner-container is-layout-flow wp-container-core-cover-is-layout-6e17fc20 wp-block-cover-is-layout-flow\">\n<h1 class=\"wp-block-heading has-text-align-center\" id=\"h-\" style=\"font-size:70px\"><\/h1>\n\n\n\n<p><\/p>\n<\/div><\/div>\n\n\n\n<div class=\"breadcrumb-container\"><ul id=\"breadcrumbs\" class=\"breadcrumbs\"><li class=\"item-home\"><a class=\"bread-link bread-home\" href=\"https:\/\/www.kassiopeia.fi\/hotel-levi-panorama\" title=\"Hotel Levi Panorama\">Hotel Levi Panorama<\/a><\/li><li class=\"separator separator-home\"> \/ <\/li><\/ul><\/div>\n<style>\n    \n<\/style>\n\n\n<div class=\"wp-block-group alignfull is-layout-constrained wp-container-core-group-is-layout-244a2f0a wp-block-group-is-layout-constrained\" style=\"padding-top:var(--wp--preset--spacing--50);padding-right:var(--wp--preset--spacing--40);padding-bottom:var(--wp--preset--spacing--70);padding-left:var(--wp--preset--spacing--40)\">\n<div class=\"wp-block-group alignwide is-layout-constrained wp-container-core-group-is-layout-9517baca wp-block-group-is-layout-constrained\">\n<h1 class=\"wp-block-heading has-text-align-center\" style=\"margin-bottom:var(--wp--preset--spacing--60)\">joulun juhlabuffet<\/h1>\n\n\n\n<p class=\"has-text-align-center has-large-font-size\">Ravintola Panoraman runsas joulun juhlabuffet sis\u00e4lt\u00e4\u00e4 maukkaita alku-, p\u00e4\u00e4- ja j\u00e4lkiruokavaihtoehtoja. Tervetuloa juhlimaan joulua kanssamme!<\/p>\n\n\n\n<p class=\"has-text-align-center\"><strong>Ravintola Panorama<\/strong><br><strong>Osoite<\/strong>&nbsp;: Tunturitie 205, 99130 Levi<br><strong>Puhelin:<\/strong>&nbsp;040 5320 569<\/p>\n<\/div>\n<\/div>\n\n\n\n<div class=\"wp-block-group alignfull hidden is-layout-constrained wp-container-core-group-is-layout-97829e9f wp-block-group-is-layout-constrained\" style=\"padding-right:var(--wp--preset--spacing--40);padding-left:var(--wp--preset--spacing--40)\">\n<div class=\"wp-block-media-text alignwide has-media-on-the-right is-stacked-on-mobile is-vertically-aligned-center is-image-fill-element has-panorama-5-background-color has-background\"><div class=\"wp-block-media-text__content\">\n<h2 class=\"wp-block-heading has-text-align-left\" id=\"h-ravintola-panoraman-joulubuffet\">Ravintola Panoraman joulubuffet<\/h2>\n\n\n\n<ul style=\"margin-top:0;margin-bottom:var(--wp--preset--spacing--60)\" class=\"wp-block-list styled2\">\n<li>Joulubuffet sis\u00e4lt\u00e4\u00e4 maukkaita alku-, p\u00e4\u00e4- ja j\u00e4lkiruokavaihtoehtoja.<\/li>\n\n\n\n<li>Kattaukset:<br>24.12. klo 16.00 ja klo 18.30 (ei pizza ja burger menua saatavilla) <br>Joulupukki vierailee 16.00 ja 18.30<\/li>\n\n\n\n<li>25.12. klo&nbsp;17-21 (Pizza ja burger menu saatavilla 12-21.30, ilmoitathan varausta tehdess\u00e4 kumpaan varaat p\u00f6yd\u00e4n.)<\/li>\n<\/ul>\n\n\n\n<div class=\"wp-block-columns is-layout-flex wp-container-core-columns-is-layout-28f84493 wp-block-columns-is-layout-flex\">\n<div class=\"wp-block-column is-layout-flow wp-block-column-is-layout-flow\" style=\"flex-basis:30%\">\n<div class=\"wp-block-buttons is-layout-flex wp-block-buttons-is-layout-flex\">\n<div class=\"wp-block-button\"><a class=\"wp-block-button__link wp-element-button\" href=\"https:\/\/v2.tableonline.fi\/instabook\/bookings\/l7vbXwV\/selection\" style=\"border-style:none;border-width:0px;border-radius:0px;padding-top:var(--wp--preset--spacing--20);padding-right:var(--wp--preset--spacing--50);padding-bottom:var(--wp--preset--spacing--20);padding-left:var(--wp--preset--spacing--50)\" target=\"_blank\" rel=\"noreferrer noopener\">Varaa p\u00f6yt\u00e4<\/a><\/div>\n<\/div>\n<\/div>\n\n\n\n<div class=\"wp-block-column is-layout-flow wp-block-column-is-layout-flow\" style=\"flex-basis:70%\">\n<h4 class=\"wp-block-heading has-panorama-2-color has-text-color has-link-color wp-elements-3d7c2605b4ff287e4531038063e44a92\" style=\"margin-top:0;margin-bottom:0;padding-top:0;padding-bottom:0\">75 \u20ac \/ hl\u00f6<\/h4>\n\n\n\n<p class=\"has-small-font-size\" style=\"margin-top:0;margin-bottom:0;padding-top:0;padding-bottom:0\">lapset 4\u201312-v. 37,50 \u20ac<br>alle 4-vuotiaat ilmaiseksi<\/p>\n<\/div>\n<\/div>\n\n\n\n<div style=\"height:16px\" aria-hidden=\"true\" class=\"wp-block-spacer\"><\/div>\n<\/div><figure class=\"wp-block-media-text__media\"><img loading=\"lazy\" decoding=\"async\" width=\"1000\" height=\"666\" src=\"https:\/\/www.kassiopeia.fi\/hotel-levi-panorama\/wp-content\/uploads\/sites\/3\/2024\/10\/jouluglogit-ravintola-panoramassa-levilla.jpg\" alt=\"Joulugl\u00f6git ja Lapin jouluinen tunnelma Ravintola Panoramassa Levill\u00e4.\" class=\"wp-image-2338 size-full\" style=\"object-position:50% 50%\" srcset=\"https:\/\/www.kassiopeia.fi\/hotel-levi-panorama\/wp-content\/uploads\/sites\/3\/2024\/10\/jouluglogit-ravintola-panoramassa-levilla.jpg 1000w, https:\/\/www.kassiopeia.fi\/hotel-levi-panorama\/wp-content\/uploads\/sites\/3\/2024\/10\/jouluglogit-ravintola-panoramassa-levilla-300x200.jpg 300w, https:\/\/www.kassiopeia.fi\/hotel-levi-panorama\/wp-content\/uploads\/sites\/3\/2024\/10\/jouluglogit-ravintola-panoramassa-levilla-768x511.jpg 768w\" sizes=\"auto, (max-width: 1000px) 100vw, 1000px\" \/><\/figure><\/div>\n<\/div>\n\n\n\n<div class=\"wp-block-group alignfull is-layout-constrained wp-container-core-group-is-layout-bdbbb34e wp-block-group-is-layout-constrained\" style=\"padding-top:var(--wp--preset--spacing--60);padding-right:var(--wp--preset--spacing--40);padding-bottom:var(--wp--preset--spacing--70);padding-left:var(--wp--preset--spacing--40)\">\n<h2 class=\"wp-block-heading has-text-align-center\" id=\"h-joulumenu-2025\"><strong>joulumenu 2025<\/strong><\/h2>\n\n\n\n<p class=\"has-text-align-center\">Vihre\u00e4\u00e4 salaattia ja sinappivinegrette\u00e4 (M,G)<br>Rosollia (M,G) ja punajuurikermaa (L,G)<br>Tillikurkkua (M,G)<br>Kirsikkatomaatteja ja yrttej\u00e4 (M,G)<br>Kevyesti pikkel\u00f6ity\u00e4 punasipulia (M,G)<br>Mets\u00e4sienisalaattia (L,G)<br>Puolukkasilli\u00e4 (M,G)<br>Punajuurigraavattua kirjolohta (M,G)<br>Savustettua siikaa ja tartar-kastiketta (M,G)<br>M\u00e4ti\u00e4, smetanaa, punasipulia ja sitruunaa (L,G)<br>Savuporomoussea ja saaristolaisleip\u00e4\u00e4 (L)<br>Lohimoussea ja saaristolaisleip\u00e4\u00e4 (L) <br>\u2605\u2605\u2605<br>Leip\u00e4p\u00f6yt\u00e4 ja levitteit\u00e4<br>\u2605\u2605\u2605<br>Joulukinkkua ja keitti\u00f6mestarin sinappia (M,G)<br>Savustettua kalkkunaa ja karpaloa (M,G)<br>Sinappiglaseerattua seitanpaistia (V)<br>Keitettyj\u00e4 perunoita ja persiljavoita (L,G)<br>Sitruksista joululohta (M,G)<br>Kananrintaa ja inkiv\u00e4\u00e4ri-gl\u00f6gikastiketta (M,G)<br>Porkkanalaatikkoa (L,G)<br>Perunalaatikkoa (L,G)<br>Lanttulaatikkoa (L,G)<br>Punajuuri-aurajuustogratiinia (L,G)<br>\u2605\u2605\u2605<br>Joulutorttuja (L)<br>Piparkakkuja ja aurajuustoa (L)<br>Valkosuklaa-gl\u00f6gimoussea (L,G)<br>Mokkapaloja ja piparituorejuustoa (L)<br>Hedelm\u00e4valikoima<br>Konvehteja<\/p>\n\n\n\n<p class=\"has-text-align-center\"><\/p>\n\n\n\n<p class=\"has-text-align-center\">G=gluteeniton&nbsp; \/ M=maidoton \/ L=laktoositon&nbsp;V = Vegaaninen<br><br>Teeth\u00e4n p\u00f6yt\u00e4varauksen ennakkoon! Pid\u00e4t\u00e4mme oikeudet muutoksiin.<br>K\u00e4yt\u00e4mme vain suomalaista lihaa ja siipikarjaa.&nbsp;Lis\u00e4tietoa ruoista ja ruokien allergeeneist\u00e4 saat ravintolan henkil\u00f6kunnalta.<\/p>\n<\/div>\n\n\n\n<div class=\"wp-block-group alignfull is-layout-constrained wp-container-core-group-is-layout-941eaaac wp-block-group-is-layout-constrained\" style=\"margin-top:0;margin-bottom:var(--wp--preset--spacing--70);padding-top:var(--wp--preset--spacing--70);padding-right:var(--wp--preset--spacing--40);padding-bottom:var(--wp--preset--spacing--40);padding-left:var(--wp--preset--spacing--40)\">\n<div class=\"wp-block-buttons is-content-justification-center is-layout-flex wp-container-core-buttons-is-layout-a89b3969 wp-block-buttons-is-layout-flex\">\n<div class=\"wp-block-button\"><a class=\"wp-block-button__link has-text-align-center wp-element-button\" href=\"https:\/\/v2.tableonline.fi\/instabook\/bookings\/l7vbXwV\" target=\"_blank\" rel=\"noreferrer noopener\">Varaa p\u00f6yt\u00e4<\/a><\/div>\n<\/div>\n\n\n\n<div class=\"block-quandoo-booking\">\n    <div id=\"quandoo-booking-widget\" style=\"padding-right:0;padding-left:0;padding-top:0;padding-bottom:0;margin-top:0;margin-bottom:0;margin-left:0;margin-right:0;\" class=\"aligncenter hidden wp-block-create-block-quandoo-booking\"><\/div>\n<\/div>\n\n<script src=\"https:\/\/booking-widget.quandoo.com\/index.js\" data-merchant-id=\"95104\" data-theme=\"light\" data-primary-color=\"323232\"><\/script><\/div>\n\n\n\n<div class=\"wp-block-group alignfull is-layout-constrained wp-container-core-group-is-layout-0c9c989a wp-block-group-is-layout-constrained\" style=\"margin-top:0;margin-bottom:0;padding-top:var(--wp--preset--spacing--70);padding-right:var(--wp--preset--spacing--40);padding-bottom:var(--wp--preset--spacing--70);padding-left:var(--wp--preset--spacing--40)\">\n<div class=\"wp-block-columns is-layout-flex wp-container-core-columns-is-layout-28f84493 wp-block-columns-is-layout-flex\">\n<div class=\"wp-block-column is-layout-flow wp-block-column-is-layout-flow\">\n<figure class=\"wp-block-image size-full openable-image\"><img loading=\"lazy\" decoding=\"async\" width=\"2048\" height=\"1365\" src=\"https:\/\/www.kassiopeia.fi\/hotel-levi-panorama\/wp-content\/uploads\/sites\/3\/2024\/10\/joulukuusi-1-2048x1365-1.jpg\" alt=\"Koristeltu joulukuusi.\" class=\"wp-image-1489\" style=\"aspect-ratio:1;object-fit:cover\" srcset=\"https:\/\/www.kassiopeia.fi\/hotel-levi-panorama\/wp-content\/uploads\/sites\/3\/2024\/10\/joulukuusi-1-2048x1365-1.jpg 2048w, https:\/\/www.kassiopeia.fi\/hotel-levi-panorama\/wp-content\/uploads\/sites\/3\/2024\/10\/joulukuusi-1-2048x1365-1-300x200.jpg 300w, https:\/\/www.kassiopeia.fi\/hotel-levi-panorama\/wp-content\/uploads\/sites\/3\/2024\/10\/joulukuusi-1-2048x1365-1-1024x683.jpg 1024w, https:\/\/www.kassiopeia.fi\/hotel-levi-panorama\/wp-content\/uploads\/sites\/3\/2024\/10\/joulukuusi-1-2048x1365-1-768x512.jpg 768w, https:\/\/www.kassiopeia.fi\/hotel-levi-panorama\/wp-content\/uploads\/sites\/3\/2024\/10\/joulukuusi-1-2048x1365-1-1536x1024.jpg 1536w\" sizes=\"auto, (max-width: 2048px) 100vw, 2048px\" \/><\/figure>\n<\/div>\n\n\n\n<div class=\"wp-block-column is-layout-flow wp-block-column-is-layout-flow\">\n<figure class=\"wp-block-image size-full openable-image\"><img loading=\"lazy\" decoding=\"async\" width=\"2000\" height=\"1334\" src=\"https:\/\/www.kassiopeia.fi\/hotel-levi-panorama\/wp-content\/uploads\/sites\/3\/2024\/10\/skumppa-levi-panorama.jpg\" alt=\"Kippistely\u00e4 viinilaseilla.\" class=\"wp-image-1545\" style=\"aspect-ratio:1;object-fit:cover\" srcset=\"https:\/\/www.kassiopeia.fi\/hotel-levi-panorama\/wp-content\/uploads\/sites\/3\/2024\/10\/skumppa-levi-panorama.jpg 2000w, https:\/\/www.kassiopeia.fi\/hotel-levi-panorama\/wp-content\/uploads\/sites\/3\/2024\/10\/skumppa-levi-panorama-300x200.jpg 300w, https:\/\/www.kassiopeia.fi\/hotel-levi-panorama\/wp-content\/uploads\/sites\/3\/2024\/10\/skumppa-levi-panorama-1024x683.jpg 1024w, https:\/\/www.kassiopeia.fi\/hotel-levi-panorama\/wp-content\/uploads\/sites\/3\/2024\/10\/skumppa-levi-panorama-768x512.jpg 768w, https:\/\/www.kassiopeia.fi\/hotel-levi-panorama\/wp-content\/uploads\/sites\/3\/2024\/10\/skumppa-levi-panorama-1536x1025.jpg 1536w\" sizes=\"auto, (max-width: 2000px) 100vw, 2000px\" \/><\/figure>\n<\/div>\n\n\n\n<div class=\"wp-block-column is-layout-flow wp-block-column-is-layout-flow\">\n<figure class=\"wp-block-image size-full openable-image\"><img loading=\"lazy\" decoding=\"async\" width=\"1332\" height=\"1080\" src=\"https:\/\/www.kassiopeia.fi\/hotel-levi-panorama\/wp-content\/uploads\/sites\/3\/2024\/10\/joulupukki-2.jpg\" alt=\"Joulupukki reess\u00e4.\" class=\"wp-image-1492\" style=\"aspect-ratio:1;object-fit:cover\" srcset=\"https:\/\/www.kassiopeia.fi\/hotel-levi-panorama\/wp-content\/uploads\/sites\/3\/2024\/10\/joulupukki-2.jpg 1332w, https:\/\/www.kassiopeia.fi\/hotel-levi-panorama\/wp-content\/uploads\/sites\/3\/2024\/10\/joulupukki-2-300x243.jpg 300w, https:\/\/www.kassiopeia.fi\/hotel-levi-panorama\/wp-content\/uploads\/sites\/3\/2024\/10\/joulupukki-2-1024x830.jpg 1024w, https:\/\/www.kassiopeia.fi\/hotel-levi-panorama\/wp-content\/uploads\/sites\/3\/2024\/10\/joulupukki-2-768x623.jpg 768w\" sizes=\"auto, (max-width: 1332px) 100vw, 1332px\" \/><\/figure>\n<\/div>\n\n\n\n<div class=\"wp-block-column is-layout-flow wp-block-column-is-layout-flow\">\n<figure class=\"wp-block-image size-full openable-image\"><img loading=\"lazy\" decoding=\"async\" width=\"600\" height=\"800\" src=\"https:\/\/www.kassiopeia.fi\/hotel-levi-panorama\/wp-content\/uploads\/sites\/3\/2024\/10\/suklaakonvehdit.jpg\" alt=\"Suklaakonvehdit ravintola Panoramassa Levill\u00e4.\" class=\"wp-image-2353\" style=\"aspect-ratio:1;object-fit:cover\" srcset=\"https:\/\/www.kassiopeia.fi\/hotel-levi-panorama\/wp-content\/uploads\/sites\/3\/2024\/10\/suklaakonvehdit.jpg 600w, https:\/\/www.kassiopeia.fi\/hotel-levi-panorama\/wp-content\/uploads\/sites\/3\/2024\/10\/suklaakonvehdit-225x300.jpg 225w\" sizes=\"auto, (max-width: 600px) 100vw, 600px\" \/><\/figure>\n<\/div>\n<\/div>\n<\/div>\n","protected":false},"excerpt":{"rendered":"<p>joulun juhlabuffet Ravintola Panoraman runsas joulun juhlabuffet sis\u00e4lt\u00e4\u00e4 maukkaita alku-, p\u00e4\u00e4- ja j\u00e4lkiruokavaihtoehtoja. Tervetuloa juhlimaan joulua kanssamme! Ravintola PanoramaOsoite&nbsp;: Tunturitie 205, 99130 LeviPuhelin:&nbsp;040 5320 569 Ravintola Panoraman joulubuffet 75 \u20ac \/ hl\u00f6 lapset 4\u201312-v. 37,50 \u20acalle 4-vuotiaat ilmaiseksi joulumenu 2025 Vihre\u00e4\u00e4 salaattia ja sinappivinegrette\u00e4 (M,G)Rosollia (M,G) ja punajuurikermaa (L,G)Tillikurkkua (M,G)Kirsikkatomaatteja ja yrttej\u00e4 (M,G)Kevyesti pikkel\u00f6ity\u00e4 punasipulia [&hellip;]<\/p>\n","protected":false},"author":8,"featured_media":0,"parent":914,"menu_order":0,"comment_status":"closed","ping_status":"closed","template":"","meta":{"_acf_changed":false,"footnotes":""},"class_list":["post-1439","page","type-page","status-publish","hentry"],"acf":[],"yoast_head":"<!-- This site is optimized with the Yoast SEO Premium plugin v27.2 (Yoast SEO v27.2) - https:\/\/yoast.com\/product\/yoast-seo-premium-wordpress\/ -->\n<title>Joulun juhlabuffet - Hotel Levi Panorama<\/title>\n<meta name=\"description\" content=\"Ravintola Panoraman runsas joulun juhlabuffet sis\u00e4lt\u00e4\u00e4 maukkaita alku-, p\u00e4\u00e4- ja j\u00e4lkiruokavaihtoehtoja. Tervetuloa juhlimaan joulua kanssamme!\" \/>\n<meta name=\"robots\" content=\"index, follow, max-snippet:-1, max-image-preview:large, max-video-preview:-1\" \/>\n<link rel=\"canonical\" href=\"https:\/\/www.kassiopeia.fi\/hotel-levi-panorama\/ravintolat\/joulun-juhlabuffet\/\" \/>\n<meta property=\"og:locale\" content=\"en_US\" \/>\n<meta property=\"og:type\" content=\"article\" \/>\n<meta property=\"og:title\" content=\"Joulun juhlabuffet\" \/>\n<meta property=\"og:description\" content=\"Ravintola Panoraman runsas joulun juhlabuffet sis\u00e4lt\u00e4\u00e4 maukkaita alku-, p\u00e4\u00e4- ja j\u00e4lkiruokavaihtoehtoja. Tervetuloa juhlimaan joulua kanssamme!\" \/>\n<meta property=\"og:url\" content=\"https:\/\/www.kassiopeia.fi\/hotel-levi-panorama\/ravintolat\/joulun-juhlabuffet\/\" \/>\n<meta property=\"og:site_name\" content=\"Hotel Levi Panorama\" \/>\n<meta property=\"article:modified_time\" content=\"2025-12-29T07:45:52+00:00\" \/>\n<meta property=\"og:image\" content=\"https:\/\/www.kassiopeia.fi\/hotel-levi-panorama\/wp-content\/uploads\/sites\/3\/2024\/10\/iStock-1060838790-2000x1333-1.jpg\" \/>\n\t<meta property=\"og:image:width\" content=\"2000\" \/>\n\t<meta property=\"og:image:height\" content=\"1333\" \/>\n\t<meta property=\"og:image:type\" content=\"image\/jpeg\" \/>\n<meta name=\"twitter:card\" content=\"summary_large_image\" \/>\n<meta name=\"twitter:label1\" content=\"Est. reading time\" \/>\n\t<meta name=\"twitter:data1\" content=\"3 minutes\" \/>\n<script type=\"application\/ld+json\" class=\"yoast-schema-graph\">{\"@context\":\"https:\/\/schema.org\",\"@graph\":[{\"@type\":\"WebPage\",\"@id\":\"https:\/\/www.kassiopeia.fi\/hotel-levi-panorama\/ravintolat\/joulun-juhlabuffet\/\",\"url\":\"https:\/\/www.kassiopeia.fi\/hotel-levi-panorama\/ravintolat\/joulun-juhlabuffet\/\",\"name\":\"Joulun juhlabuffet - Hotel Levi Panorama\",\"isPartOf\":{\"@id\":\"https:\/\/www.kassiopeia.fi\/hotel-levi-panorama\/#website\"},\"primaryImageOfPage\":{\"@id\":\"https:\/\/www.kassiopeia.fi\/hotel-levi-panorama\/ravintolat\/joulun-juhlabuffet\/#primaryimage\"},\"image\":{\"@id\":\"https:\/\/www.kassiopeia.fi\/hotel-levi-panorama\/ravintolat\/joulun-juhlabuffet\/#primaryimage\"},\"thumbnailUrl\":\"https:\/\/www.kassiopeia.fi\/hotel-levi-panorama\/wp-content\/uploads\/sites\/3\/2024\/10\/iStock-1060838790-2000x1333-1.jpg\",\"datePublished\":\"2024-10-22T07:53:15+00:00\",\"dateModified\":\"2025-12-29T07:45:52+00:00\",\"description\":\"Ravintola Panoraman runsas joulun juhlabuffet sis\u00e4lt\u00e4\u00e4 maukkaita alku-, p\u00e4\u00e4- ja j\u00e4lkiruokavaihtoehtoja. Tervetuloa juhlimaan joulua kanssamme!\",\"breadcrumb\":{\"@id\":\"https:\/\/www.kassiopeia.fi\/hotel-levi-panorama\/ravintolat\/joulun-juhlabuffet\/#breadcrumb\"},\"inLanguage\":\"en-US\",\"potentialAction\":[{\"@type\":\"ReadAction\",\"target\":[\"https:\/\/www.kassiopeia.fi\/hotel-levi-panorama\/ravintolat\/joulun-juhlabuffet\/\"]}]},{\"@type\":\"ImageObject\",\"inLanguage\":\"en-US\",\"@id\":\"https:\/\/www.kassiopeia.fi\/hotel-levi-panorama\/ravintolat\/joulun-juhlabuffet\/#primaryimage\",\"url\":\"https:\/\/www.kassiopeia.fi\/hotel-levi-panorama\/wp-content\/uploads\/sites\/3\/2024\/10\/iStock-1060838790-2000x1333-1.jpg\",\"contentUrl\":\"https:\/\/www.kassiopeia.fi\/hotel-levi-panorama\/wp-content\/uploads\/sites\/3\/2024\/10\/iStock-1060838790-2000x1333-1.jpg\",\"width\":2000,\"height\":1333},{\"@type\":\"BreadcrumbList\",\"@id\":\"https:\/\/www.kassiopeia.fi\/hotel-levi-panorama\/ravintolat\/joulun-juhlabuffet\/#breadcrumb\",\"itemListElement\":[{\"@type\":\"ListItem\",\"position\":1,\"name\":\"Home\",\"item\":\"https:\/\/www.kassiopeia.fi\/hotel-levi-panorama\/\"},{\"@type\":\"ListItem\",\"position\":2,\"name\":\"Ravintolat\",\"item\":\"https:\/\/www.kassiopeia.fi\/hotel-levi-panorama\/ravintolat\/\"},{\"@type\":\"ListItem\",\"position\":3,\"name\":\"Joulun juhlabuffet\"}]},{\"@type\":\"WebSite\",\"@id\":\"https:\/\/www.kassiopeia.fi\/hotel-levi-panorama\/#website\",\"url\":\"https:\/\/www.kassiopeia.fi\/hotel-levi-panorama\/\",\"name\":\"Hotel Levi Panorama\",\"description\":\"\",\"potentialAction\":[{\"@type\":\"SearchAction\",\"target\":{\"@type\":\"EntryPoint\",\"urlTemplate\":\"https:\/\/www.kassiopeia.fi\/hotel-levi-panorama\/?s={search_term_string}\"},\"query-input\":{\"@type\":\"PropertyValueSpecification\",\"valueRequired\":true,\"valueName\":\"search_term_string\"}}],\"inLanguage\":\"en-US\"}]}<\/script>\n<!-- \/ Yoast SEO Premium plugin. -->","yoast_head_json":{"title":"Joulun juhlabuffet - Hotel Levi Panorama","description":"Ravintola Panoraman runsas joulun juhlabuffet sis\u00e4lt\u00e4\u00e4 maukkaita alku-, p\u00e4\u00e4- ja j\u00e4lkiruokavaihtoehtoja. Tervetuloa juhlimaan joulua kanssamme!","robots":{"index":"index","follow":"follow","max-snippet":"max-snippet:-1","max-image-preview":"max-image-preview:large","max-video-preview":"max-video-preview:-1"},"canonical":"https:\/\/www.kassiopeia.fi\/hotel-levi-panorama\/ravintolat\/joulun-juhlabuffet\/","og_locale":"en_US","og_type":"article","og_title":"Joulun juhlabuffet","og_description":"Ravintola Panoraman runsas joulun juhlabuffet sis\u00e4lt\u00e4\u00e4 maukkaita alku-, p\u00e4\u00e4- ja j\u00e4lkiruokavaihtoehtoja. Tervetuloa juhlimaan joulua kanssamme!","og_url":"https:\/\/www.kassiopeia.fi\/hotel-levi-panorama\/ravintolat\/joulun-juhlabuffet\/","og_site_name":"Hotel Levi Panorama","article_modified_time":"2025-12-29T07:45:52+00:00","og_image":[{"width":2000,"height":1333,"url":"https:\/\/www.kassiopeia.fi\/hotel-levi-panorama\/wp-content\/uploads\/sites\/3\/2024\/10\/iStock-1060838790-2000x1333-1.jpg","type":"image\/jpeg"}],"twitter_card":"summary_large_image","twitter_misc":{"Est. reading time":"3 minutes"},"schema":{"@context":"https:\/\/schema.org","@graph":[{"@type":"WebPage","@id":"https:\/\/www.kassiopeia.fi\/hotel-levi-panorama\/ravintolat\/joulun-juhlabuffet\/","url":"https:\/\/www.kassiopeia.fi\/hotel-levi-panorama\/ravintolat\/joulun-juhlabuffet\/","name":"Joulun juhlabuffet - Hotel Levi Panorama","isPartOf":{"@id":"https:\/\/www.kassiopeia.fi\/hotel-levi-panorama\/#website"},"primaryImageOfPage":{"@id":"https:\/\/www.kassiopeia.fi\/hotel-levi-panorama\/ravintolat\/joulun-juhlabuffet\/#primaryimage"},"image":{"@id":"https:\/\/www.kassiopeia.fi\/hotel-levi-panorama\/ravintolat\/joulun-juhlabuffet\/#primaryimage"},"thumbnailUrl":"https:\/\/www.kassiopeia.fi\/hotel-levi-panorama\/wp-content\/uploads\/sites\/3\/2024\/10\/iStock-1060838790-2000x1333-1.jpg","datePublished":"2024-10-22T07:53:15+00:00","dateModified":"2025-12-29T07:45:52+00:00","description":"Ravintola Panoraman runsas joulun juhlabuffet sis\u00e4lt\u00e4\u00e4 maukkaita alku-, p\u00e4\u00e4- ja j\u00e4lkiruokavaihtoehtoja. Tervetuloa juhlimaan joulua kanssamme!","breadcrumb":{"@id":"https:\/\/www.kassiopeia.fi\/hotel-levi-panorama\/ravintolat\/joulun-juhlabuffet\/#breadcrumb"},"inLanguage":"en-US","potentialAction":[{"@type":"ReadAction","target":["https:\/\/www.kassiopeia.fi\/hotel-levi-panorama\/ravintolat\/joulun-juhlabuffet\/"]}]},{"@type":"ImageObject","inLanguage":"en-US","@id":"https:\/\/www.kassiopeia.fi\/hotel-levi-panorama\/ravintolat\/joulun-juhlabuffet\/#primaryimage","url":"https:\/\/www.kassiopeia.fi\/hotel-levi-panorama\/wp-content\/uploads\/sites\/3\/2024\/10\/iStock-1060838790-2000x1333-1.jpg","contentUrl":"https:\/\/www.kassiopeia.fi\/hotel-levi-panorama\/wp-content\/uploads\/sites\/3\/2024\/10\/iStock-1060838790-2000x1333-1.jpg","width":2000,"height":1333},{"@type":"BreadcrumbList","@id":"https:\/\/www.kassiopeia.fi\/hotel-levi-panorama\/ravintolat\/joulun-juhlabuffet\/#breadcrumb","itemListElement":[{"@type":"ListItem","position":1,"name":"Home","item":"https:\/\/www.kassiopeia.fi\/hotel-levi-panorama\/"},{"@type":"ListItem","position":2,"name":"Ravintolat","item":"https:\/\/www.kassiopeia.fi\/hotel-levi-panorama\/ravintolat\/"},{"@type":"ListItem","position":3,"name":"Joulun juhlabuffet"}]},{"@type":"WebSite","@id":"https:\/\/www.kassiopeia.fi\/hotel-levi-panorama\/#website","url":"https:\/\/www.kassiopeia.fi\/hotel-levi-panorama\/","name":"Hotel Levi Panorama","description":"","potentialAction":[{"@type":"SearchAction","target":{"@type":"EntryPoint","urlTemplate":"https:\/\/www.kassiopeia.fi\/hotel-levi-panorama\/?s={search_term_string}"},"query-input":{"@type":"PropertyValueSpecification","valueRequired":true,"valueName":"search_term_string"}}],"inLanguage":"en-US"}]}},"lang":"fi","translations":{"fi":1439,"en":2919},"pll_sync_post":[],"_links":{"self":[{"href":"https:\/\/www.kassiopeia.fi\/hotel-levi-panorama\/wp-json\/wp\/v2\/pages\/1439","targetHints":{"allow":["GET"]}}],"collection":[{"href":"https:\/\/www.kassiopeia.fi\/hotel-levi-panorama\/wp-json\/wp\/v2\/pages"}],"about":[{"href":"https:\/\/www.kassiopeia.fi\/hotel-levi-panorama\/wp-json\/wp\/v2\/types\/page"}],"author":[{"embeddable":true,"href":"https:\/\/www.kassiopeia.fi\/hotel-levi-panorama\/wp-json\/wp\/v2\/users\/8"}],"replies":[{"embeddable":true,"href":"https:\/\/www.kassiopeia.fi\/hotel-levi-panorama\/wp-json\/wp\/v2\/comments?post=1439"}],"version-history":[{"count":47,"href":"https:\/\/www.kassiopeia.fi\/hotel-levi-panorama\/wp-json\/wp\/v2\/pages\/1439\/revisions"}],"predecessor-version":[{"id":6728,"href":"https:\/\/www.kassiopeia.fi\/hotel-levi-panorama\/wp-json\/wp\/v2\/pages\/1439\/revisions\/6728"}],"up":[{"embeddable":true,"href":"https:\/\/www.kassiopeia.fi\/hotel-levi-panorama\/wp-json\/wp\/v2\/pages\/914"}],"wp:attachment":[{"href":"https:\/\/www.kassiopeia.fi\/hotel-levi-panorama\/wp-json\/wp\/v2\/media?parent=1439"}],"curies":[{"name":"wp","href":"https:\/\/api.w.org\/{rel}","templated":true}]}}