{"id":1365,"date":"2024-10-21T13:09:51","date_gmt":"2024-10-21T13:09:51","guid":{"rendered":"https:\/\/www.kassiopeia.fi\/hotel-levi-panorama\/?page_id=1365"},"modified":"2025-10-23T12:44:00","modified_gmt":"2025-10-23T12:44:00","slug":"edut","status":"publish","type":"page","link":"https:\/\/www.kassiopeia.fi\/hotel-levi-panorama\/edut\/","title":{"rendered":"Etuja hotellimme asiakkaille"},"content":{"rendered":"\n<div class=\"wp-block-cover alignfull is-light cover-hero wp-duotone-unset-1\" style=\"margin-top:0px;margin-bottom:0px;padding-top:0px;padding-right:0px;padding-bottom:0px;padding-left:0px;min-height:30vw;aspect-ratio:unset;\"><img loading=\"lazy\" decoding=\"async\" width=\"2000\" height=\"1125\" class=\"wp-block-cover__image-background wp-image-1222\" alt=\"\" src=\"https:\/\/www.kassiopeia.fi\/hotel-levi-panorama\/wp-content\/uploads\/sites\/3\/2024\/10\/aktiviteetit-levi-hotellevipanorama.jpg\" data-object-fit=\"cover\" srcset=\"https:\/\/www.kassiopeia.fi\/hotel-levi-panorama\/wp-content\/uploads\/sites\/3\/2024\/10\/aktiviteetit-levi-hotellevipanorama.jpg 2000w, https:\/\/www.kassiopeia.fi\/hotel-levi-panorama\/wp-content\/uploads\/sites\/3\/2024\/10\/aktiviteetit-levi-hotellevipanorama-300x169.jpg 300w, https:\/\/www.kassiopeia.fi\/hotel-levi-panorama\/wp-content\/uploads\/sites\/3\/2024\/10\/aktiviteetit-levi-hotellevipanorama-1024x576.jpg 1024w, https:\/\/www.kassiopeia.fi\/hotel-levi-panorama\/wp-content\/uploads\/sites\/3\/2024\/10\/aktiviteetit-levi-hotellevipanorama-768x432.jpg 768w, https:\/\/www.kassiopeia.fi\/hotel-levi-panorama\/wp-content\/uploads\/sites\/3\/2024\/10\/aktiviteetit-levi-hotellevipanorama-1536x864.jpg 1536w\" sizes=\"auto, (max-width: 2000px) 100vw, 2000px\" \/><span aria-hidden=\"true\" class=\"wp-block-cover__background has-black-background-color has-background-dim-0 has-background-dim\"><\/span><div class=\"wp-block-cover__inner-container is-layout-flow wp-container-core-cover-is-layout-6e17fc20 wp-block-cover-is-layout-flow\">\n<h1 class=\"wp-block-heading has-text-align-center\" id=\"h-\" style=\"font-size:70px\"><\/h1>\n\n\n\n<p><\/p>\n<\/div><\/div>\n\n\n\n<div class=\"breadcrumb-container\"><ul id=\"breadcrumbs\" class=\"breadcrumbs\"><li class=\"item-home\"><a class=\"bread-link bread-home\" href=\"https:\/\/www.kassiopeia.fi\/hotel-levi-panorama\" title=\"Hotel Levi Panorama\">Hotel Levi Panorama<\/a><\/li><li class=\"separator separator-home\"> \/ <\/li><\/ul><\/div>\n<style>\n    \n<\/style>\n\n\n<div class=\"wp-block-group alignfull is-layout-constrained wp-container-core-group-is-layout-244a2f0a wp-block-group-is-layout-constrained\" style=\"padding-top:var(--wp--preset--spacing--50);padding-right:var(--wp--preset--spacing--40);padding-bottom:var(--wp--preset--spacing--70);padding-left:var(--wp--preset--spacing--40)\">\n<div class=\"wp-block-group alignwide is-layout-constrained wp-container-core-group-is-layout-9517baca wp-block-group-is-layout-constrained\">\n<h1 class=\"wp-block-heading has-text-align-center\" id=\"h-etuja-hotellimme-asiakkaille\" style=\"margin-bottom:var(--wp--preset--spacing--60)\">Etuja hotellimme asiakkaille<\/h1>\n\n\n\n<p class=\"has-text-align-center has-large-font-size\">Hotel Levi Panoramassa majoittuvat asiakkaamme saavat useita rahanarvoisia etuja!<\/p>\n<\/div>\n<\/div>\n\n\n\n<div class=\"wp-block-group alignfull is-layout-constrained wp-container-core-group-is-layout-0c9c989a wp-block-group-is-layout-constrained\" style=\"margin-top:0;margin-bottom:0;padding-top:var(--wp--preset--spacing--70);padding-right:var(--wp--preset--spacing--40);padding-bottom:var(--wp--preset--spacing--70);padding-left:var(--wp--preset--spacing--40)\">\n<div class=\"wp-block-media-text alignwide has-media-on-the-right is-stacked-on-mobile is-vertically-aligned-center is-image-fill-element hidden\" style=\"margin-top:var(--wp--preset--spacing--60);margin-bottom:var(--wp--preset--spacing--60)\"><div class=\"wp-block-media-text__content\">\n<h3 class=\"wp-block-heading\" id=\"h-levi-ski-resortin-verkkokauppa\">Levi Ski Resortin verkkokauppa<\/h3>\n\n\n\n<p>Hotellimme asiakkaat voivat ostaa aktiviteetteja <strong>-10 % alennuksella<\/strong> <a href=\"https:\/\/levi.skiperformance.com\/fi\/Kes%C3%A4\/store#\/fi\/Kes%C3%A4\/buy?is_promo=1&amp;is_promo_offer=0&amp;promo_connector_id=66\" target=\"_blank\" rel=\"noreferrer noopener\">Ski Resortin verkkokaupasta<\/a> kes\u00e4kaudella (edut ovat voimassa 21.9. saakka). Alennus on seuraaviin aktiviteetteihin:&nbsp;<\/p>\n\n\n\n<ul class=\"wp-block-list styled\">\n<li>N\u00e4k\u00f6alahissit &nbsp;<\/li>\n\n\n\n<li>1\u20135 p\u00e4iv\u00e4n py\u00f6r\u00e4vuokraus<\/li>\n\n\n\n<li>Seikkailuradat<\/li>\n\n\n\n<li>Kes\u00e4kelkkarata<\/li>\n<\/ul>\n\n\n\n<p>Saat alennuskoodin vastaanotostamme!<\/p>\n\n\n\n<div style=\"height:40px\" aria-hidden=\"true\" class=\"wp-block-spacer\"><\/div>\n<\/div><figure class=\"wp-block-media-text__media\"><img loading=\"lazy\" decoding=\"async\" width=\"1000\" height=\"667\" src=\"https:\/\/www.kassiopeia.fi\/hotel-levi-panorama\/wp-content\/uploads\/sites\/3\/2025\/02\/Kesakelkka-levi.jpg\" alt=\"Lapset laskevat Levin kes\u00e4kelkkarasalla.\" class=\"wp-image-4662 size-full\" style=\"object-position:50% 50%\" srcset=\"https:\/\/www.kassiopeia.fi\/hotel-levi-panorama\/wp-content\/uploads\/sites\/3\/2025\/02\/Kesakelkka-levi.jpg 1000w, https:\/\/www.kassiopeia.fi\/hotel-levi-panorama\/wp-content\/uploads\/sites\/3\/2025\/02\/Kesakelkka-levi-300x200.jpg 300w, https:\/\/www.kassiopeia.fi\/hotel-levi-panorama\/wp-content\/uploads\/sites\/3\/2025\/02\/Kesakelkka-levi-768x512.jpg 768w\" sizes=\"auto, (max-width: 1000px) 100vw, 1000px\" \/><\/figure><\/div>\n\n\n\n<div class=\"wp-block-media-text alignwide is-stacked-on-mobile is-vertically-aligned-center is-image-fill-element hidden\" style=\"margin-top:var(--wp--preset--spacing--60);margin-bottom:var(--wp--preset--spacing--60)\"><figure class=\"wp-block-media-text__media\"><img loading=\"lazy\" decoding=\"async\" width=\"683\" height=\"1024\" src=\"https:\/\/www.kassiopeia.fi\/hotel-levi-panorama\/wp-content\/uploads\/sites\/3\/2024\/10\/hieronta-683x1024.jpg\" alt=\"Nainen hieronnassa.\" class=\"wp-image-948 size-full\" style=\"object-position:50% 50%\" srcset=\"https:\/\/www.kassiopeia.fi\/hotel-levi-panorama\/wp-content\/uploads\/sites\/3\/2024\/10\/hieronta-683x1024.jpg 683w, https:\/\/www.kassiopeia.fi\/hotel-levi-panorama\/wp-content\/uploads\/sites\/3\/2024\/10\/hieronta-200x300.jpg 200w, https:\/\/www.kassiopeia.fi\/hotel-levi-panorama\/wp-content\/uploads\/sites\/3\/2024\/10\/hieronta-768x1152.jpg 768w, https:\/\/www.kassiopeia.fi\/hotel-levi-panorama\/wp-content\/uploads\/sites\/3\/2024\/10\/hieronta-1024x1536.jpg 1024w, https:\/\/www.kassiopeia.fi\/hotel-levi-panorama\/wp-content\/uploads\/sites\/3\/2024\/10\/hieronta-1365x2048.jpg 1365w, https:\/\/www.kassiopeia.fi\/hotel-levi-panorama\/wp-content\/uploads\/sites\/3\/2024\/10\/hieronta-scaled.jpg 1707w\" sizes=\"auto, (max-width: 683px) 100vw, 683px\" \/><\/figure><div class=\"wp-block-media-text__content\">\n<div style=\"height:22px\" aria-hidden=\"true\" class=\"wp-block-spacer\"><\/div>\n\n\n\n<h3 class=\"wp-block-heading\" id=\"h-rela-hierojat\">Rela-hierojat<\/h3>\n\n\n\n<p>Hotellimme asiakkaat saavat Rela-hierojien hieronnat tarjoushinnoin kun n\u00e4yt\u00e4t huoneavainta hierojalle paikan p\u00e4\u00e4ll\u00e4. Varaukset&nbsp;<a href=\"https:\/\/www.relahierojat.fi\/vastaanotot\/hieronta-levi\/#ajas-ajanvaraus\" target=\"_blank\" rel=\"noreferrer noopener\">verkkosivuilta<\/a>.&nbsp;<\/p>\n\n\n\n<ul class=\"wp-block-list styled\">\n<li><strong>25 min hieronta 25\u20ac<\/strong>&nbsp;(norm. alk. 33\u20ac)<\/li>\n\n\n\n<li><strong>50 min hieronta 49\u20ac<\/strong>&nbsp;(norm. alk. 65\u20ac)<\/li>\n\n\n\n<li><strong>75 min hieronta 70\u20ac<\/strong>&nbsp;(norm. alk. 98\u20ac)<\/li>\n\n\n\n<li><strong>Kuumakivihieronta 40 min 49\u20ac<\/strong>&nbsp;(norm. alk. 65\u20ac)<\/li>\n<\/ul>\n\n\n\n<div style=\"height:40px\" aria-hidden=\"true\" class=\"wp-block-spacer\"><\/div>\n<\/div><\/div>\n\n\n\n<div class=\"wp-block-media-text alignwide has-media-on-the-right is-stacked-on-mobile is-vertically-aligned-center is-image-fill-element\" style=\"margin-top:var(--wp--preset--spacing--60);margin-bottom:var(--wp--preset--spacing--60)\"><div class=\"wp-block-media-text__content\">\n<h3 class=\"wp-block-heading\" id=\"h-elan-ski-shop-amp-rental\">Elan Ski Shop &amp; Rental<\/h3>\n\n\n\n<p><a href=\"https:\/\/www.elanskishoplevi.fi\/\" target=\"_blank\" rel=\"noreferrer noopener\">Elan Ski Shop &amp; Rentalista <\/a>saat laadukkaat v\u00e4lineet niin rinteeseen, ladulle, kuin vapaa-aikaankin. Vastaanotostamme on saatavissa asiakkaillemme <strong>-15 % alennuskuponkeja<\/strong> v\u00e4linevuokrista.<\/p>\n\n\n\n<p>Alennus ei koske vaatteita eik\u00e4 s\u00e4hk\u00f6py\u00f6ri\u00e4.<\/p>\n\n\n\n<div style=\"height:40px\" aria-hidden=\"true\" class=\"wp-block-spacer\"><\/div>\n<\/div><figure class=\"wp-block-media-text__media\"><img loading=\"lazy\" decoding=\"async\" width=\"1024\" height=\"1024\" src=\"https:\/\/www.kassiopeia.fi\/hotel-levi-panorama\/wp-content\/uploads\/sites\/3\/2024\/10\/sukset-1024x1024.jpg\" alt=\"Sukset sein\u00e4\u00e4 vasten.\" class=\"wp-image-902 size-full\" style=\"object-position:50% 50%\" srcset=\"https:\/\/www.kassiopeia.fi\/hotel-levi-panorama\/wp-content\/uploads\/sites\/3\/2024\/10\/sukset-1024x1024.jpg 1024w, https:\/\/www.kassiopeia.fi\/hotel-levi-panorama\/wp-content\/uploads\/sites\/3\/2024\/10\/sukset-300x300.jpg 300w, https:\/\/www.kassiopeia.fi\/hotel-levi-panorama\/wp-content\/uploads\/sites\/3\/2024\/10\/sukset-150x150.jpg 150w, https:\/\/www.kassiopeia.fi\/hotel-levi-panorama\/wp-content\/uploads\/sites\/3\/2024\/10\/sukset-768x768.jpg 768w, https:\/\/www.kassiopeia.fi\/hotel-levi-panorama\/wp-content\/uploads\/sites\/3\/2024\/10\/sukset.jpg 1200w\" sizes=\"auto, (max-width: 1024px) 100vw, 1024px\" \/><\/figure><\/div>\n<\/div>\n\n\n\n<div class=\"wp-block-group alignfull has-panorama-5-background-color has-background is-layout-constrained wp-container-core-group-is-layout-0c9c989a wp-block-group-is-layout-constrained\" style=\"margin-top:0;margin-bottom:0;padding-top:var(--wp--preset--spacing--70);padding-right:var(--wp--preset--spacing--40);padding-bottom:var(--wp--preset--spacing--70);padding-left:var(--wp--preset--spacing--40)\">\n<h2 class=\"wp-block-heading has-hotel-matts-6-color has-text-color has-link-color wp-elements-2cebac77aa1cc4911f3c52d15531caa8\" id=\"h-tutustu-myos\">Tutustu my\u00f6s<\/h2>\n\n\n\n<div class=\"wp-block-columns is-layout-flex wp-container-core-columns-is-layout-28f84493 wp-block-columns-is-layout-flex\">\n<div class=\"wp-block-column has-white-background-color has-background is-layout-flow wp-block-column-is-layout-flow\">\n<div class=\"wp-block-group is-vertical is-layout-flex wp-container-core-group-is-layout-4b827052 wp-block-group-is-layout-flex\">\n<figure class=\"wp-block-image size-full\"><img loading=\"lazy\" decoding=\"async\" width=\"1132\" height=\"693\" src=\"https:\/\/www.kassiopeia.fi\/hotel-levi-panorama\/wp-content\/uploads\/sites\/3\/2024\/10\/kassiopeia-star-member-kanta-asiakkaita-ruokailemassa-levin-ravintolassa.jpg\" alt=\"Kassiopeian Star Member -kanta-asiakkaita ruokailemassa Levill\u00e4 ravintolassa.\" class=\"wp-image-692\" style=\"aspect-ratio:16\/9;object-fit:cover\" srcset=\"https:\/\/www.kassiopeia.fi\/hotel-levi-panorama\/wp-content\/uploads\/sites\/3\/2024\/10\/kassiopeia-star-member-kanta-asiakkaita-ruokailemassa-levin-ravintolassa.jpg 1132w, https:\/\/www.kassiopeia.fi\/hotel-levi-panorama\/wp-content\/uploads\/sites\/3\/2024\/10\/kassiopeia-star-member-kanta-asiakkaita-ruokailemassa-levin-ravintolassa-300x184.jpg 300w, https:\/\/www.kassiopeia.fi\/hotel-levi-panorama\/wp-content\/uploads\/sites\/3\/2024\/10\/kassiopeia-star-member-kanta-asiakkaita-ruokailemassa-levin-ravintolassa-1024x627.jpg 1024w, https:\/\/www.kassiopeia.fi\/hotel-levi-panorama\/wp-content\/uploads\/sites\/3\/2024\/10\/kassiopeia-star-member-kanta-asiakkaita-ruokailemassa-levin-ravintolassa-768x470.jpg 768w\" sizes=\"auto, (max-width: 1132px) 100vw, 1132px\" \/><\/figure>\n\n\n\n<div class=\"wp-block-group is-layout-constrained wp-container-core-group-is-layout-001e58ec wp-block-group-is-layout-constrained\" style=\"margin-top:0;margin-bottom:0;padding-top:var(--wp--preset--spacing--40);padding-right:var(--wp--preset--spacing--40);padding-bottom:var(--wp--preset--spacing--60);padding-left:var(--wp--preset--spacing--40)\">\n<h3 class=\"wp-block-heading\" id=\"h-liity-star-member-kanta-asiakkaaksi\">Liity Star Member -kanta-asiakkaaksi<\/h3>\n\n\n\n<p>Kassiopeian Star Member -kanta-asiakkaana sinulla on k\u00e4yt\u00f6ss\u00e4si sek\u00e4 pysyvi\u00e4 ett\u00e4 kausittain vaihtuvia etuja hotelleissamme ja ravintoloissamme. Katso edut ja liity nyt!<\/p>\n\n\n\n<p><a href=\"https:\/\/www.kassiopeia.fi\/star-member\/\" target=\"_blank\" rel=\"noreferrer noopener\">Liity maksutta kanta-asiakkaaksi \u2192<\/a><\/p>\n<\/div>\n<\/div>\n<\/div>\n\n\n\n<div class=\"wp-block-column has-white-background-color has-background is-layout-flow wp-block-column-is-layout-flow\">\n<div class=\"wp-block-group is-vertical is-layout-flex wp-container-core-group-is-layout-4b827052 wp-block-group-is-layout-flex\">\n<figure class=\"wp-block-image size-full\"><img loading=\"lazy\" decoding=\"async\" width=\"1200\" height=\"800\" src=\"https:\/\/www.kassiopeia.fi\/hotel-levi-panorama\/wp-content\/uploads\/sites\/3\/2024\/10\/vastaanotto-levi-panorama.jpg\" alt=\"Asiakkaat Hotel Levi Panoraman vastaanotossa.\" class=\"wp-image-1216\" style=\"aspect-ratio:16\/9;object-fit:cover\" srcset=\"https:\/\/www.kassiopeia.fi\/hotel-levi-panorama\/wp-content\/uploads\/sites\/3\/2024\/10\/vastaanotto-levi-panorama.jpg 1200w, https:\/\/www.kassiopeia.fi\/hotel-levi-panorama\/wp-content\/uploads\/sites\/3\/2024\/10\/vastaanotto-levi-panorama-300x200.jpg 300w, https:\/\/www.kassiopeia.fi\/hotel-levi-panorama\/wp-content\/uploads\/sites\/3\/2024\/10\/vastaanotto-levi-panorama-1024x683.jpg 1024w, https:\/\/www.kassiopeia.fi\/hotel-levi-panorama\/wp-content\/uploads\/sites\/3\/2024\/10\/vastaanotto-levi-panorama-768x512.jpg 768w\" sizes=\"auto, (max-width: 1200px) 100vw, 1200px\" \/><\/figure>\n\n\n\n<div class=\"wp-block-group is-layout-constrained wp-container-core-group-is-layout-001e58ec wp-block-group-is-layout-constrained\" style=\"margin-top:0;margin-bottom:0;padding-top:var(--wp--preset--spacing--40);padding-right:var(--wp--preset--spacing--40);padding-bottom:var(--wp--preset--spacing--60);padding-left:var(--wp--preset--spacing--40)\">\n<h3 class=\"wp-block-heading\" id=\"h-miksi-varata-suoraan-meilta\">Miksi varata suoraan meilt\u00e4?<\/h3>\n\n\n\n<p>Varatessasi hotellihuoneen suoraan meilt\u00e4, joko nettisivuilta, puhelimitse tai s\u00e4hk\u00f6postitse, saat k\u00e4ytt\u00f6\u00f6si loistavia etuja!<\/p>\n\n\n\n<p><a href=\"https:\/\/www.kassiopeia.fi\/hotel-levi-panorama\/miksi-varata-suoraan\/\">Lue lis\u00e4\u00e4, miksi kannattaa varata  \u2192<\/a><\/p>\n<\/div>\n<\/div>\n<\/div>\n<\/div>\n<\/div>\n","protected":false},"excerpt":{"rendered":"<p>Etuja hotellimme asiakkaille Hotel Levi Panoramassa majoittuvat asiakkaamme saavat useita rahanarvoisia etuja! Levi Ski Resortin verkkokauppa Hotellimme asiakkaat voivat ostaa aktiviteetteja -10 % alennuksella Ski Resortin verkkokaupasta kes\u00e4kaudella (edut ovat voimassa 21.9. saakka). Alennus on seuraaviin aktiviteetteihin:&nbsp; Saat alennuskoodin vastaanotostamme! Rela-hierojat Hotellimme asiakkaat saavat Rela-hierojien hieronnat tarjoushinnoin kun n\u00e4yt\u00e4t huoneavainta hierojalle paikan p\u00e4\u00e4ll\u00e4. Varaukset&nbsp;verkkosivuilta.&nbsp; Elan [&hellip;]<\/p>\n","protected":false},"author":7,"featured_media":0,"parent":0,"menu_order":0,"comment_status":"closed","ping_status":"closed","template":"","meta":{"_acf_changed":false,"footnotes":""},"class_list":["post-1365","page","type-page","status-publish","hentry"],"acf":[],"yoast_head":"<!-- This site is optimized with the Yoast SEO Premium plugin v27.2 (Yoast SEO v27.2) - https:\/\/yoast.com\/product\/yoast-seo-premium-wordpress\/ -->\n<title>Etuja hotellimme asiakkaille - Hotel Levi Panorama<\/title>\n<meta name=\"description\" content=\"Hotel Levi Panoramassa majoittuvat asiakkaamme saavat useita rahanarvoisia etuja! Katso kaikki edut, kun majoitut meill\u00e4!\" \/>\n<meta name=\"robots\" content=\"index, follow, max-snippet:-1, max-image-preview:large, max-video-preview:-1\" \/>\n<link rel=\"canonical\" href=\"https:\/\/www.kassiopeia.fi\/hotel-levi-panorama\/edut\/\" \/>\n<meta property=\"og:locale\" content=\"en_US\" \/>\n<meta property=\"og:type\" content=\"article\" \/>\n<meta property=\"og:title\" content=\"Etuja hotellimme asiakkaille\" \/>\n<meta property=\"og:description\" content=\"Hotel Levi Panoramassa majoittuvat asiakkaamme saavat useita rahanarvoisia etuja! Katso kaikki edut, kun majoitut meill\u00e4!\" \/>\n<meta property=\"og:url\" content=\"https:\/\/www.kassiopeia.fi\/hotel-levi-panorama\/edut\/\" \/>\n<meta property=\"og:site_name\" content=\"Hotel Levi Panorama\" \/>\n<meta property=\"article:modified_time\" content=\"2025-10-23T12:44:00+00:00\" \/>\n<meta property=\"og:image\" content=\"https:\/\/www.kassiopeia.fi\/hotel-levi-panorama\/wp-content\/uploads\/sites\/3\/2024\/10\/aktiviteetit-levi-hotellevipanorama.jpg\" \/>\n\t<meta property=\"og:image:width\" content=\"2000\" \/>\n\t<meta property=\"og:image:height\" content=\"1125\" \/>\n\t<meta property=\"og:image:type\" content=\"image\/jpeg\" \/>\n<meta name=\"twitter:card\" content=\"summary_large_image\" \/>\n<meta name=\"twitter:label1\" content=\"Est. reading time\" \/>\n\t<meta name=\"twitter:data1\" content=\"2 minutes\" \/>\n<script type=\"application\/ld+json\" class=\"yoast-schema-graph\">{\"@context\":\"https:\/\/schema.org\",\"@graph\":[{\"@type\":\"WebPage\",\"@id\":\"https:\/\/www.kassiopeia.fi\/hotel-levi-panorama\/edut\/\",\"url\":\"https:\/\/www.kassiopeia.fi\/hotel-levi-panorama\/edut\/\",\"name\":\"Etuja hotellimme asiakkaille - Hotel Levi Panorama\",\"isPartOf\":{\"@id\":\"https:\/\/www.kassiopeia.fi\/hotel-levi-panorama\/#website\"},\"primaryImageOfPage\":{\"@id\":\"https:\/\/www.kassiopeia.fi\/hotel-levi-panorama\/edut\/#primaryimage\"},\"image\":{\"@id\":\"https:\/\/www.kassiopeia.fi\/hotel-levi-panorama\/edut\/#primaryimage\"},\"thumbnailUrl\":\"https:\/\/www.kassiopeia.fi\/hotel-levi-panorama\/wp-content\/uploads\/sites\/3\/2024\/10\/aktiviteetit-levi-hotellevipanorama.jpg\",\"datePublished\":\"2024-10-21T13:09:51+00:00\",\"dateModified\":\"2025-10-23T12:44:00+00:00\",\"description\":\"Hotel Levi Panoramassa majoittuvat asiakkaamme saavat useita rahanarvoisia etuja! Katso kaikki edut, kun majoitut meill\u00e4!\",\"breadcrumb\":{\"@id\":\"https:\/\/www.kassiopeia.fi\/hotel-levi-panorama\/edut\/#breadcrumb\"},\"inLanguage\":\"en-US\",\"potentialAction\":[{\"@type\":\"ReadAction\",\"target\":[\"https:\/\/www.kassiopeia.fi\/hotel-levi-panorama\/edut\/\"]}]},{\"@type\":\"ImageObject\",\"inLanguage\":\"en-US\",\"@id\":\"https:\/\/www.kassiopeia.fi\/hotel-levi-panorama\/edut\/#primaryimage\",\"url\":\"https:\/\/www.kassiopeia.fi\/hotel-levi-panorama\/wp-content\/uploads\/sites\/3\/2024\/10\/aktiviteetit-levi-hotellevipanorama.jpg\",\"contentUrl\":\"https:\/\/www.kassiopeia.fi\/hotel-levi-panorama\/wp-content\/uploads\/sites\/3\/2024\/10\/aktiviteetit-levi-hotellevipanorama.jpg\",\"width\":2000,\"height\":1125},{\"@type\":\"BreadcrumbList\",\"@id\":\"https:\/\/www.kassiopeia.fi\/hotel-levi-panorama\/edut\/#breadcrumb\",\"itemListElement\":[{\"@type\":\"ListItem\",\"position\":1,\"name\":\"Home\",\"item\":\"https:\/\/www.kassiopeia.fi\/hotel-levi-panorama\/\"},{\"@type\":\"ListItem\",\"position\":2,\"name\":\"Etuja hotellimme asiakkaille\"}]},{\"@type\":\"WebSite\",\"@id\":\"https:\/\/www.kassiopeia.fi\/hotel-levi-panorama\/#website\",\"url\":\"https:\/\/www.kassiopeia.fi\/hotel-levi-panorama\/\",\"name\":\"Hotel Levi Panorama\",\"description\":\"\",\"potentialAction\":[{\"@type\":\"SearchAction\",\"target\":{\"@type\":\"EntryPoint\",\"urlTemplate\":\"https:\/\/www.kassiopeia.fi\/hotel-levi-panorama\/?s={search_term_string}\"},\"query-input\":{\"@type\":\"PropertyValueSpecification\",\"valueRequired\":true,\"valueName\":\"search_term_string\"}}],\"inLanguage\":\"en-US\"}]}<\/script>\n<!-- \/ Yoast SEO Premium plugin. -->","yoast_head_json":{"title":"Etuja hotellimme asiakkaille - Hotel Levi Panorama","description":"Hotel Levi Panoramassa majoittuvat asiakkaamme saavat useita rahanarvoisia etuja! Katso kaikki edut, kun majoitut meill\u00e4!","robots":{"index":"index","follow":"follow","max-snippet":"max-snippet:-1","max-image-preview":"max-image-preview:large","max-video-preview":"max-video-preview:-1"},"canonical":"https:\/\/www.kassiopeia.fi\/hotel-levi-panorama\/edut\/","og_locale":"en_US","og_type":"article","og_title":"Etuja hotellimme asiakkaille","og_description":"Hotel Levi Panoramassa majoittuvat asiakkaamme saavat useita rahanarvoisia etuja! Katso kaikki edut, kun majoitut meill\u00e4!","og_url":"https:\/\/www.kassiopeia.fi\/hotel-levi-panorama\/edut\/","og_site_name":"Hotel Levi Panorama","article_modified_time":"2025-10-23T12:44:00+00:00","og_image":[{"width":2000,"height":1125,"url":"https:\/\/www.kassiopeia.fi\/hotel-levi-panorama\/wp-content\/uploads\/sites\/3\/2024\/10\/aktiviteetit-levi-hotellevipanorama.jpg","type":"image\/jpeg"}],"twitter_card":"summary_large_image","twitter_misc":{"Est. reading time":"2 minutes"},"schema":{"@context":"https:\/\/schema.org","@graph":[{"@type":"WebPage","@id":"https:\/\/www.kassiopeia.fi\/hotel-levi-panorama\/edut\/","url":"https:\/\/www.kassiopeia.fi\/hotel-levi-panorama\/edut\/","name":"Etuja hotellimme asiakkaille - Hotel Levi Panorama","isPartOf":{"@id":"https:\/\/www.kassiopeia.fi\/hotel-levi-panorama\/#website"},"primaryImageOfPage":{"@id":"https:\/\/www.kassiopeia.fi\/hotel-levi-panorama\/edut\/#primaryimage"},"image":{"@id":"https:\/\/www.kassiopeia.fi\/hotel-levi-panorama\/edut\/#primaryimage"},"thumbnailUrl":"https:\/\/www.kassiopeia.fi\/hotel-levi-panorama\/wp-content\/uploads\/sites\/3\/2024\/10\/aktiviteetit-levi-hotellevipanorama.jpg","datePublished":"2024-10-21T13:09:51+00:00","dateModified":"2025-10-23T12:44:00+00:00","description":"Hotel Levi Panoramassa majoittuvat asiakkaamme saavat useita rahanarvoisia etuja! Katso kaikki edut, kun majoitut meill\u00e4!","breadcrumb":{"@id":"https:\/\/www.kassiopeia.fi\/hotel-levi-panorama\/edut\/#breadcrumb"},"inLanguage":"en-US","potentialAction":[{"@type":"ReadAction","target":["https:\/\/www.kassiopeia.fi\/hotel-levi-panorama\/edut\/"]}]},{"@type":"ImageObject","inLanguage":"en-US","@id":"https:\/\/www.kassiopeia.fi\/hotel-levi-panorama\/edut\/#primaryimage","url":"https:\/\/www.kassiopeia.fi\/hotel-levi-panorama\/wp-content\/uploads\/sites\/3\/2024\/10\/aktiviteetit-levi-hotellevipanorama.jpg","contentUrl":"https:\/\/www.kassiopeia.fi\/hotel-levi-panorama\/wp-content\/uploads\/sites\/3\/2024\/10\/aktiviteetit-levi-hotellevipanorama.jpg","width":2000,"height":1125},{"@type":"BreadcrumbList","@id":"https:\/\/www.kassiopeia.fi\/hotel-levi-panorama\/edut\/#breadcrumb","itemListElement":[{"@type":"ListItem","position":1,"name":"Home","item":"https:\/\/www.kassiopeia.fi\/hotel-levi-panorama\/"},{"@type":"ListItem","position":2,"name":"Etuja hotellimme asiakkaille"}]},{"@type":"WebSite","@id":"https:\/\/www.kassiopeia.fi\/hotel-levi-panorama\/#website","url":"https:\/\/www.kassiopeia.fi\/hotel-levi-panorama\/","name":"Hotel Levi Panorama","description":"","potentialAction":[{"@type":"SearchAction","target":{"@type":"EntryPoint","urlTemplate":"https:\/\/www.kassiopeia.fi\/hotel-levi-panorama\/?s={search_term_string}"},"query-input":{"@type":"PropertyValueSpecification","valueRequired":true,"valueName":"search_term_string"}}],"inLanguage":"en-US"}]}},"lang":"fi","translations":{"fi":1365,"en":1447},"pll_sync_post":[],"_links":{"self":[{"href":"https:\/\/www.kassiopeia.fi\/hotel-levi-panorama\/wp-json\/wp\/v2\/pages\/1365","targetHints":{"allow":["GET"]}}],"collection":[{"href":"https:\/\/www.kassiopeia.fi\/hotel-levi-panorama\/wp-json\/wp\/v2\/pages"}],"about":[{"href":"https:\/\/www.kassiopeia.fi\/hotel-levi-panorama\/wp-json\/wp\/v2\/types\/page"}],"author":[{"embeddable":true,"href":"https:\/\/www.kassiopeia.fi\/hotel-levi-panorama\/wp-json\/wp\/v2\/users\/7"}],"replies":[{"embeddable":true,"href":"https:\/\/www.kassiopeia.fi\/hotel-levi-panorama\/wp-json\/wp\/v2\/comments?post=1365"}],"version-history":[{"count":24,"href":"https:\/\/www.kassiopeia.fi\/hotel-levi-panorama\/wp-json\/wp\/v2\/pages\/1365\/revisions"}],"predecessor-version":[{"id":6365,"href":"https:\/\/www.kassiopeia.fi\/hotel-levi-panorama\/wp-json\/wp\/v2\/pages\/1365\/revisions\/6365"}],"wp:attachment":[{"href":"https:\/\/www.kassiopeia.fi\/hotel-levi-panorama\/wp-json\/wp\/v2\/media?parent=1365"}],"curies":[{"name":"wp","href":"https:\/\/api.w.org\/{rel}","templated":true}]}}