{"id":1182,"date":"2024-10-21T08:15:46","date_gmt":"2024-10-21T08:15:46","guid":{"rendered":"https:\/\/www.kassiopeia.fi\/hotel-levi-panorama\/?page_id=1182"},"modified":"2026-02-11T09:10:50","modified_gmt":"2026-02-11T09:10:50","slug":"aamiainen","status":"publish","type":"page","link":"https:\/\/www.kassiopeia.fi\/hotel-levi-panorama\/ravintolat\/aamiainen\/","title":{"rendered":"Aamiainen"},"content":{"rendered":"\n<div class=\"wp-block-cover alignfull is-light cover-hero wp-duotone-unset-1\" style=\"margin-top:0px;margin-bottom:0px;padding-top:0px;padding-right:0px;padding-bottom:0px;padding-left:0px;min-height:30vw;aspect-ratio:unset;\"><img loading=\"lazy\" decoding=\"async\" width=\"1920\" height=\"1282\" class=\"wp-block-cover__image-background wp-image-1031\" alt=\"Panorama Buffetin aamiainen.\" src=\"https:\/\/www.kassiopeia.fi\/hotel-levi-panorama\/wp-content\/uploads\/sites\/3\/2024\/10\/panorama-aamiainen-1.jpg\" data-object-fit=\"cover\" srcset=\"https:\/\/www.kassiopeia.fi\/hotel-levi-panorama\/wp-content\/uploads\/sites\/3\/2024\/10\/panorama-aamiainen-1.jpg 1920w, https:\/\/www.kassiopeia.fi\/hotel-levi-panorama\/wp-content\/uploads\/sites\/3\/2024\/10\/panorama-aamiainen-1-300x200.jpg 300w, https:\/\/www.kassiopeia.fi\/hotel-levi-panorama\/wp-content\/uploads\/sites\/3\/2024\/10\/panorama-aamiainen-1-1024x684.jpg 1024w, https:\/\/www.kassiopeia.fi\/hotel-levi-panorama\/wp-content\/uploads\/sites\/3\/2024\/10\/panorama-aamiainen-1-768x513.jpg 768w, https:\/\/www.kassiopeia.fi\/hotel-levi-panorama\/wp-content\/uploads\/sites\/3\/2024\/10\/panorama-aamiainen-1-1536x1026.jpg 1536w\" sizes=\"auto, (max-width: 1920px) 100vw, 1920px\" \/><span aria-hidden=\"true\" class=\"wp-block-cover__background has-black-background-color has-background-dim-0 has-background-dim\"><\/span><div class=\"wp-block-cover__inner-container is-layout-flow wp-container-core-cover-is-layout-6e17fc20 wp-block-cover-is-layout-flow\">\n<h1 class=\"wp-block-heading has-text-align-center\" id=\"h-\" style=\"font-size:70px\"><\/h1>\n\n\n\n<p><\/p>\n<\/div><\/div>\n\n\n\n<div class=\"breadcrumb-container\"><ul id=\"breadcrumbs\" class=\"breadcrumbs\"><li class=\"item-home\"><a class=\"bread-link bread-home\" href=\"https:\/\/www.kassiopeia.fi\/hotel-levi-panorama\" title=\"Hotel Levi Panorama\">Hotel Levi Panorama<\/a><\/li><li class=\"separator separator-home\"> \/ <\/li><\/ul><\/div>\n<style>\n    \n<\/style>\n\n\n<div class=\"wp-block-group alignfull is-layout-constrained wp-container-core-group-is-layout-c816cdf9 wp-block-group-is-layout-constrained\" style=\"margin-top:0;margin-bottom:0;padding-top:var(--wp--preset--spacing--40);padding-right:var(--wp--preset--spacing--40);padding-bottom:var(--wp--preset--spacing--40);padding-left:var(--wp--preset--spacing--40)\">\n<figure class=\"wp-block-image aligncenter size-medium\"><a href=\"https:\/\/www.kassiopeia.fi\/hotel-levi-panorama\/ravintolat\/panorama-buffet\/\"><img loading=\"lazy\" decoding=\"async\" width=\"300\" height=\"117\" src=\"https:\/\/www.kassiopeia.fi\/hotel-levi-panorama\/wp-content\/uploads\/sites\/3\/2024\/10\/panoramabuffet_logo_1000px-300x117.png\" alt=\"\" class=\"wp-image-955\" srcset=\"https:\/\/www.kassiopeia.fi\/hotel-levi-panorama\/wp-content\/uploads\/sites\/3\/2024\/10\/panoramabuffet_logo_1000px-300x117.png 300w, https:\/\/www.kassiopeia.fi\/hotel-levi-panorama\/wp-content\/uploads\/sites\/3\/2024\/10\/panoramabuffet_logo_1000px-768x299.png 768w, https:\/\/www.kassiopeia.fi\/hotel-levi-panorama\/wp-content\/uploads\/sites\/3\/2024\/10\/panoramabuffet_logo_1000px.png 1000w\" sizes=\"auto, (max-width: 300px) 100vw, 300px\" \/><\/a><\/figure>\n<\/div>\n\n\n\n<div class=\"wp-block-group alignfull is-layout-constrained wp-container-core-group-is-layout-4d5a0c1e wp-block-group-is-layout-constrained\" style=\"margin-bottom:0;padding-top:var(--wp--preset--spacing--40);padding-right:var(--wp--preset--spacing--40);padding-bottom:var(--wp--preset--spacing--40);padding-left:var(--wp--preset--spacing--40)\">\n<div class=\"wp-block-group alignwide ingress is-layout-constrained wp-block-group-is-layout-constrained\">\n<h1 class=\"wp-block-heading has-text-align-center\" id=\"h-aamiainen\" style=\"margin-bottom:var(--wp--preset--spacing--60)\">aamiainen<\/h1>\n\n\n\n<p class=\"has-text-align-center has-large-font-size\">Panorama Buffetin monipuolisesta ja herkullisesta aamiaisp\u00f6yd\u00e4st\u00e4 l\u00f6ytyy kaikki tarvittava p\u00e4iv\u00e4n hyv\u00e4\u00e4n aloitukseen!<\/p>\n<\/div>\n<\/div>\n\n\n\n<div class=\"wp-block-group alignfull is-layout-constrained wp-container-core-group-is-layout-b4dedcd1 wp-block-group-is-layout-constrained\" style=\"margin-top:0;margin-bottom:0;padding-top:0;padding-right:var(--wp--preset--spacing--40);padding-bottom:var(--wp--preset--spacing--60);padding-left:0\">\n\n<style>\n    #wp-block-acf-tietokentat-555114691 p {\n        margin: 0px;\n        margin-bottom: 9px;\n        <br \/>\n<b>Warning<\/b>:  Undefined variable $textAlign in <b>\/var\/www\/kassiopeia.fi\/git-repo\/kassiopeia\/kassiopeia-custom-blocks\/blocks\/tietokentat\/block.php<\/b> on line <b>74<\/b><br \/>\n    }\n<\/style>\n\n<div class=\"align wp-block-acf-tietokentat has-text-color has-black-color\" id=\"wp-block-acf-tietokentat-555114691\"><p style=\"text-align: center;\"><strong>Opening Hours<br \/>\n<\/strong><br \/>\nMon\u2013Fri 7:00\u201310:00<br \/>\nSat\u2013Sun 7:00\u201310:30<\/p>\n<p style=\"text-align: center;\"><strong>Address<\/strong>: Tunturitie 205, 99130 Levi<br \/>\n<strong>Tel<\/strong>: +358 <span data-teams=\"true\">40 5320 569<\/span><\/p>\n<\/div>\n<\/div>\n\n\n\n<div class=\"wp-block-group alignfull has-panorama-5-background-color has-background is-layout-constrained wp-container-core-group-is-layout-0c9c989a wp-block-group-is-layout-constrained\" style=\"margin-top:0;margin-bottom:0;padding-top:var(--wp--preset--spacing--70);padding-right:var(--wp--preset--spacing--40);padding-bottom:var(--wp--preset--spacing--70);padding-left:var(--wp--preset--spacing--40)\">\n<div class=\"wp-block-media-text has-media-on-the-right is-stacked-on-mobile is-image-fill-element has-general-1-background-color has-background\" style=\"margin-bottom:var(--wp--preset--spacing--70);padding-top:0;padding-bottom:0\"><div class=\"wp-block-media-text__content\">\n<h3 class=\"wp-block-heading\" id=\"h-tervetuloa-aamiaiselle\">Tervetuloa aamiaiselle!<\/h3>\n\n\n\n<p>Hotel Levi Panoramassa majoittuville aamiainen sis\u00e4ltyy huoneen hintaan, mutta hotelliaamiaiselle ovat l\u00e4mpim\u00e4sti tervetulleita my\u00f6s muualla majoittuvat!<br><br>Runsaan aamiaisen hinta ilman y\u00f6pymist\u00e4<br><strong>17 \u20ac\/hl\u00f6 <\/strong>(lapset alle 12 v 8,50 \u20ac).<\/p>\n<\/div><figure class=\"wp-block-media-text__media\"><img loading=\"lazy\" decoding=\"async\" width=\"1024\" height=\"684\" src=\"https:\/\/www.kassiopeia.fi\/hotel-levi-panorama\/wp-content\/uploads\/sites\/3\/2024\/10\/https___www.kassiopeia.fi_wp-content_uploads_2024_01_DSC03609-1024x684.jpg\" alt=\"Panorama Buffetin aamiaiss\u00e4mpyl\u00e4t ja kahvit.\" class=\"wp-image-1248 size-full\" style=\"object-position:50% 50%\" srcset=\"https:\/\/www.kassiopeia.fi\/hotel-levi-panorama\/wp-content\/uploads\/sites\/3\/2024\/10\/https___www.kassiopeia.fi_wp-content_uploads_2024_01_DSC03609-1024x684.jpg 1024w, https:\/\/www.kassiopeia.fi\/hotel-levi-panorama\/wp-content\/uploads\/sites\/3\/2024\/10\/https___www.kassiopeia.fi_wp-content_uploads_2024_01_DSC03609-300x200.jpg 300w, https:\/\/www.kassiopeia.fi\/hotel-levi-panorama\/wp-content\/uploads\/sites\/3\/2024\/10\/https___www.kassiopeia.fi_wp-content_uploads_2024_01_DSC03609-768x513.jpg 768w, https:\/\/www.kassiopeia.fi\/hotel-levi-panorama\/wp-content\/uploads\/sites\/3\/2024\/10\/https___www.kassiopeia.fi_wp-content_uploads_2024_01_DSC03609-1536x1026.jpg 1536w, https:\/\/www.kassiopeia.fi\/hotel-levi-panorama\/wp-content\/uploads\/sites\/3\/2024\/10\/https___www.kassiopeia.fi_wp-content_uploads_2024_01_DSC03609.jpg 1920w\" sizes=\"auto, (max-width: 1024px) 100vw, 1024px\" \/><\/figure><\/div>\n\n\n\n<div class=\"wp-block-media-text is-stacked-on-mobile is-image-fill-element has-general-1-background-color has-background\" style=\"padding-top:0;padding-bottom:0\"><figure class=\"wp-block-media-text__media\"><img loading=\"lazy\" decoding=\"async\" width=\"1024\" height=\"684\" src=\"https:\/\/www.kassiopeia.fi\/hotel-levi-panorama\/wp-content\/uploads\/sites\/3\/2024\/10\/aamiainen-panorama-buffet-1024x684.jpg\" alt=\"Panorama Buffetin aamiainen katettuna.\" class=\"wp-image-1186 size-full\" style=\"object-position:50% 50%\" srcset=\"https:\/\/www.kassiopeia.fi\/hotel-levi-panorama\/wp-content\/uploads\/sites\/3\/2024\/10\/aamiainen-panorama-buffet-1024x684.jpg 1024w, https:\/\/www.kassiopeia.fi\/hotel-levi-panorama\/wp-content\/uploads\/sites\/3\/2024\/10\/aamiainen-panorama-buffet-300x200.jpg 300w, https:\/\/www.kassiopeia.fi\/hotel-levi-panorama\/wp-content\/uploads\/sites\/3\/2024\/10\/aamiainen-panorama-buffet-768x513.jpg 768w, https:\/\/www.kassiopeia.fi\/hotel-levi-panorama\/wp-content\/uploads\/sites\/3\/2024\/10\/aamiainen-panorama-buffet-1536x1026.jpg 1536w, https:\/\/www.kassiopeia.fi\/hotel-levi-panorama\/wp-content\/uploads\/sites\/3\/2024\/10\/aamiainen-panorama-buffet.jpg 2048w\" sizes=\"auto, (max-width: 1024px) 100vw, 1024px\" \/><\/figure><div class=\"wp-block-media-text__content\">\n<h3 class=\"wp-block-heading\" id=\"h-monipuolinen-aamiaispoyta\">Monipuolinen aamiaisp\u00f6yt\u00e4<\/h3>\n\n\n\n<p>Aamiaisp\u00f6yt\u00e4 pit\u00e4\u00e4 sis\u00e4ll\u00e4\u00e4n mm. kylm\u00e4p\u00f6yd\u00e4n, jossa leikkeleit\u00e4, salaattiaineksia ja kaloja, l\u00e4mpim\u00e4n p\u00f6yd\u00e4n, jossa kananmunia, pekonia ja pannukakkuja sek\u00e4 puuroa ja jugurttia, hedelmi\u00e4. Juomavalikoimaan kuuluu kahvi, tee ja mehut. Aamiaisp\u00f6yd\u00e4ss\u00e4 on huomioitu erikoisruokavaliot.<\/p>\n<\/div><\/div>\n<\/div>\n\n\n\n<div style=\"height:30px\" aria-hidden=\"true\" class=\"wp-block-spacer\"><\/div>\n\n\n\n<div class=\"wp-block-group alignfull is-layout-constrained wp-container-core-group-is-layout-82e4aa9c wp-block-group-is-layout-constrained\" style=\"margin-top:0;margin-bottom:0;padding-top:var(--wp--preset--spacing--50);padding-right:var(--wp--preset--spacing--40);padding-bottom:var(--wp--preset--spacing--50);padding-left:var(--wp--preset--spacing--40)\">\n<div class=\"wp-block-media-text has-media-on-the-right is-stacked-on-mobile is-vertically-aligned-center is-image-fill-element\" style=\"padding-top:0;padding-bottom:0;grid-template-columns:auto 60%\"><div class=\"wp-block-media-text__content\">\n<h2 class=\"wp-block-heading hidden-mobile\" id=\"h-tutustu-ravintolatarjontaamme\">tutustu ravintolatarjontaamme<\/h2>\n\n\n\n<h2 class=\"wp-block-heading hidden-desktop\" id=\"h-tutustu-ravintola-tarjontaamme\">tutustu ravintola-tarjontaamme<\/h2>\n\n\n\n<p class=\"hide\">Hotel Levi Panoramasta l\u00f6yd\u00e4t monipuolisen ravintolatarjonnan, jonka \u00e4\u00e4reen p\u00e4\u00e4set suoraan rinteest\u00e4! Olipa mieless\u00e4si rento lounas, \u00e0 la carte illallinen tai virkist\u00e4v\u00e4 juoma after ski -hetkeen, meilt\u00e4 l\u00f6yd\u00e4t varmasti sopivan vaihtoehdon.<\/p>\n\n\n\n<div class=\"wp-block-buttons is-layout-flex wp-block-buttons-is-layout-flex\">\n<div class=\"wp-block-button\"><a class=\"wp-block-button__link wp-element-button\" href=\"https:\/\/www.kassiopeia.fi\/hotel-levi-panorama\/ravintolat\/\">Tutustu ravintoloihin <\/a><\/div>\n<\/div>\n<\/div><figure class=\"wp-block-media-text__media\"><img loading=\"lazy\" decoding=\"async\" width=\"1024\" height=\"683\" src=\"https:\/\/www.kassiopeia.fi\/hotel-levi-panorama\/wp-content\/uploads\/sites\/3\/2024\/10\/Ravintola-Panorama-illallinen-viinin-kera-1024x683.jpg\" alt=\"\" class=\"wp-image-971 size-full\" style=\"object-position:50% 50%\" srcset=\"https:\/\/www.kassiopeia.fi\/hotel-levi-panorama\/wp-content\/uploads\/sites\/3\/2024\/10\/Ravintola-Panorama-illallinen-viinin-kera-1024x683.jpg 1024w, https:\/\/www.kassiopeia.fi\/hotel-levi-panorama\/wp-content\/uploads\/sites\/3\/2024\/10\/Ravintola-Panorama-illallinen-viinin-kera-300x200.jpg 300w, https:\/\/www.kassiopeia.fi\/hotel-levi-panorama\/wp-content\/uploads\/sites\/3\/2024\/10\/Ravintola-Panorama-illallinen-viinin-kera-768x512.jpg 768w, https:\/\/www.kassiopeia.fi\/hotel-levi-panorama\/wp-content\/uploads\/sites\/3\/2024\/10\/Ravintola-Panorama-illallinen-viinin-kera-1536x1024.jpg 1536w, https:\/\/www.kassiopeia.fi\/hotel-levi-panorama\/wp-content\/uploads\/sites\/3\/2024\/10\/Ravintola-Panorama-illallinen-viinin-kera.jpg 2048w\" sizes=\"auto, (max-width: 1024px) 100vw, 1024px\" \/><\/figure><\/div>\n<\/div>\n","protected":false},"excerpt":{"rendered":"<p>aamiainen Panorama Buffetin monipuolisesta ja herkullisesta aamiaisp\u00f6yd\u00e4st\u00e4 l\u00f6ytyy kaikki tarvittava p\u00e4iv\u00e4n hyv\u00e4\u00e4n aloitukseen! Tervetuloa aamiaiselle! Hotel Levi Panoramassa majoittuville aamiainen sis\u00e4ltyy huoneen hintaan, mutta hotelliaamiaiselle ovat l\u00e4mpim\u00e4sti tervetulleita my\u00f6s muualla majoittuvat! Runsaan aamiaisen hinta ilman y\u00f6pymist\u00e417 \u20ac\/hl\u00f6 (lapset alle 12 v 8,50 \u20ac). Monipuolinen aamiaisp\u00f6yt\u00e4 Aamiaisp\u00f6yt\u00e4 pit\u00e4\u00e4 sis\u00e4ll\u00e4\u00e4n mm. kylm\u00e4p\u00f6yd\u00e4n, jossa leikkeleit\u00e4, salaattiaineksia ja kaloja, [&hellip;]<\/p>\n","protected":false},"author":8,"featured_media":0,"parent":914,"menu_order":0,"comment_status":"closed","ping_status":"closed","template":"","meta":{"_acf_changed":false,"footnotes":""},"class_list":["post-1182","page","type-page","status-publish","hentry"],"acf":[],"yoast_head":"<!-- This site is optimized with the Yoast SEO Premium plugin v27.2 (Yoast SEO v27.2) - https:\/\/yoast.com\/product\/yoast-seo-premium-wordpress\/ -->\n<title>Aamiainen - Hotel Levi Panorama<\/title>\n<meta name=\"description\" content=\"Panorama Buffetin monipuolisesta ja herkullisesta aamiaisp\u00f6yd\u00e4st\u00e4 l\u00f6ytyy kaikki tarvittava p\u00e4iv\u00e4n hyv\u00e4\u00e4n aloitukseen!\" \/>\n<meta name=\"robots\" content=\"index, follow, max-snippet:-1, max-image-preview:large, max-video-preview:-1\" \/>\n<link rel=\"canonical\" href=\"https:\/\/www.kassiopeia.fi\/hotel-levi-panorama\/ravintolat\/aamiainen\/\" \/>\n<meta property=\"og:locale\" content=\"en_US\" \/>\n<meta property=\"og:type\" content=\"article\" \/>\n<meta property=\"og:title\" content=\"Aamiainen\" \/>\n<meta property=\"og:description\" content=\"Panorama Buffetin monipuolisesta ja herkullisesta aamiaisp\u00f6yd\u00e4st\u00e4 l\u00f6ytyy kaikki tarvittava p\u00e4iv\u00e4n hyv\u00e4\u00e4n aloitukseen!\" \/>\n<meta property=\"og:url\" content=\"https:\/\/www.kassiopeia.fi\/hotel-levi-panorama\/ravintolat\/aamiainen\/\" \/>\n<meta property=\"og:site_name\" content=\"Hotel Levi Panorama\" \/>\n<meta property=\"article:modified_time\" content=\"2026-02-11T09:10:50+00:00\" \/>\n<meta property=\"og:image\" content=\"https:\/\/www.kassiopeia.fi\/hotel-levi-panorama\/wp-content\/uploads\/sites\/3\/2024\/10\/panorama-aamiainen-1.jpg\" \/>\n\t<meta property=\"og:image:width\" content=\"1920\" \/>\n\t<meta property=\"og:image:height\" content=\"1282\" \/>\n\t<meta property=\"og:image:type\" content=\"image\/jpeg\" \/>\n<meta name=\"twitter:card\" content=\"summary_large_image\" \/>\n<meta name=\"twitter:label1\" content=\"Est. reading time\" \/>\n\t<meta name=\"twitter:data1\" content=\"3 minutes\" \/>\n<script type=\"application\/ld+json\" class=\"yoast-schema-graph\">{\"@context\":\"https:\/\/schema.org\",\"@graph\":[{\"@type\":\"WebPage\",\"@id\":\"https:\/\/www.kassiopeia.fi\/hotel-levi-panorama\/ravintolat\/aamiainen\/\",\"url\":\"https:\/\/www.kassiopeia.fi\/hotel-levi-panorama\/ravintolat\/aamiainen\/\",\"name\":\"Aamiainen - Hotel Levi Panorama\",\"isPartOf\":{\"@id\":\"https:\/\/www.kassiopeia.fi\/hotel-levi-panorama\/#website\"},\"primaryImageOfPage\":{\"@id\":\"https:\/\/www.kassiopeia.fi\/hotel-levi-panorama\/ravintolat\/aamiainen\/#primaryimage\"},\"image\":{\"@id\":\"https:\/\/www.kassiopeia.fi\/hotel-levi-panorama\/ravintolat\/aamiainen\/#primaryimage\"},\"thumbnailUrl\":\"https:\/\/www.kassiopeia.fi\/hotel-levi-panorama\/wp-content\/uploads\/sites\/3\/2024\/10\/panorama-aamiainen-1.jpg\",\"datePublished\":\"2024-10-21T08:15:46+00:00\",\"dateModified\":\"2026-02-11T09:10:50+00:00\",\"description\":\"Panorama Buffetin monipuolisesta ja herkullisesta aamiaisp\u00f6yd\u00e4st\u00e4 l\u00f6ytyy kaikki tarvittava p\u00e4iv\u00e4n hyv\u00e4\u00e4n aloitukseen!\",\"breadcrumb\":{\"@id\":\"https:\/\/www.kassiopeia.fi\/hotel-levi-panorama\/ravintolat\/aamiainen\/#breadcrumb\"},\"inLanguage\":\"en-US\",\"potentialAction\":[{\"@type\":\"ReadAction\",\"target\":[\"https:\/\/www.kassiopeia.fi\/hotel-levi-panorama\/ravintolat\/aamiainen\/\"]}]},{\"@type\":\"ImageObject\",\"inLanguage\":\"en-US\",\"@id\":\"https:\/\/www.kassiopeia.fi\/hotel-levi-panorama\/ravintolat\/aamiainen\/#primaryimage\",\"url\":\"https:\/\/www.kassiopeia.fi\/hotel-levi-panorama\/wp-content\/uploads\/sites\/3\/2024\/10\/panorama-aamiainen-1.jpg\",\"contentUrl\":\"https:\/\/www.kassiopeia.fi\/hotel-levi-panorama\/wp-content\/uploads\/sites\/3\/2024\/10\/panorama-aamiainen-1.jpg\",\"width\":1920,\"height\":1282},{\"@type\":\"BreadcrumbList\",\"@id\":\"https:\/\/www.kassiopeia.fi\/hotel-levi-panorama\/ravintolat\/aamiainen\/#breadcrumb\",\"itemListElement\":[{\"@type\":\"ListItem\",\"position\":1,\"name\":\"Home\",\"item\":\"https:\/\/www.kassiopeia.fi\/hotel-levi-panorama\/\"},{\"@type\":\"ListItem\",\"position\":2,\"name\":\"Ravintolat\",\"item\":\"https:\/\/www.kassiopeia.fi\/hotel-levi-panorama\/ravintolat\/\"},{\"@type\":\"ListItem\",\"position\":3,\"name\":\"Aamiainen\"}]},{\"@type\":\"WebSite\",\"@id\":\"https:\/\/www.kassiopeia.fi\/hotel-levi-panorama\/#website\",\"url\":\"https:\/\/www.kassiopeia.fi\/hotel-levi-panorama\/\",\"name\":\"Hotel Levi Panorama\",\"description\":\"\",\"potentialAction\":[{\"@type\":\"SearchAction\",\"target\":{\"@type\":\"EntryPoint\",\"urlTemplate\":\"https:\/\/www.kassiopeia.fi\/hotel-levi-panorama\/?s={search_term_string}\"},\"query-input\":{\"@type\":\"PropertyValueSpecification\",\"valueRequired\":true,\"valueName\":\"search_term_string\"}}],\"inLanguage\":\"en-US\"}]}<\/script>\n<!-- \/ Yoast SEO Premium plugin. -->","yoast_head_json":{"title":"Aamiainen - Hotel Levi Panorama","description":"Panorama Buffetin monipuolisesta ja herkullisesta aamiaisp\u00f6yd\u00e4st\u00e4 l\u00f6ytyy kaikki tarvittava p\u00e4iv\u00e4n hyv\u00e4\u00e4n aloitukseen!","robots":{"index":"index","follow":"follow","max-snippet":"max-snippet:-1","max-image-preview":"max-image-preview:large","max-video-preview":"max-video-preview:-1"},"canonical":"https:\/\/www.kassiopeia.fi\/hotel-levi-panorama\/ravintolat\/aamiainen\/","og_locale":"en_US","og_type":"article","og_title":"Aamiainen","og_description":"Panorama Buffetin monipuolisesta ja herkullisesta aamiaisp\u00f6yd\u00e4st\u00e4 l\u00f6ytyy kaikki tarvittava p\u00e4iv\u00e4n hyv\u00e4\u00e4n aloitukseen!","og_url":"https:\/\/www.kassiopeia.fi\/hotel-levi-panorama\/ravintolat\/aamiainen\/","og_site_name":"Hotel Levi Panorama","article_modified_time":"2026-02-11T09:10:50+00:00","og_image":[{"width":1920,"height":1282,"url":"https:\/\/www.kassiopeia.fi\/hotel-levi-panorama\/wp-content\/uploads\/sites\/3\/2024\/10\/panorama-aamiainen-1.jpg","type":"image\/jpeg"}],"twitter_card":"summary_large_image","twitter_misc":{"Est. reading time":"3 minutes"},"schema":{"@context":"https:\/\/schema.org","@graph":[{"@type":"WebPage","@id":"https:\/\/www.kassiopeia.fi\/hotel-levi-panorama\/ravintolat\/aamiainen\/","url":"https:\/\/www.kassiopeia.fi\/hotel-levi-panorama\/ravintolat\/aamiainen\/","name":"Aamiainen - Hotel Levi Panorama","isPartOf":{"@id":"https:\/\/www.kassiopeia.fi\/hotel-levi-panorama\/#website"},"primaryImageOfPage":{"@id":"https:\/\/www.kassiopeia.fi\/hotel-levi-panorama\/ravintolat\/aamiainen\/#primaryimage"},"image":{"@id":"https:\/\/www.kassiopeia.fi\/hotel-levi-panorama\/ravintolat\/aamiainen\/#primaryimage"},"thumbnailUrl":"https:\/\/www.kassiopeia.fi\/hotel-levi-panorama\/wp-content\/uploads\/sites\/3\/2024\/10\/panorama-aamiainen-1.jpg","datePublished":"2024-10-21T08:15:46+00:00","dateModified":"2026-02-11T09:10:50+00:00","description":"Panorama Buffetin monipuolisesta ja herkullisesta aamiaisp\u00f6yd\u00e4st\u00e4 l\u00f6ytyy kaikki tarvittava p\u00e4iv\u00e4n hyv\u00e4\u00e4n aloitukseen!","breadcrumb":{"@id":"https:\/\/www.kassiopeia.fi\/hotel-levi-panorama\/ravintolat\/aamiainen\/#breadcrumb"},"inLanguage":"en-US","potentialAction":[{"@type":"ReadAction","target":["https:\/\/www.kassiopeia.fi\/hotel-levi-panorama\/ravintolat\/aamiainen\/"]}]},{"@type":"ImageObject","inLanguage":"en-US","@id":"https:\/\/www.kassiopeia.fi\/hotel-levi-panorama\/ravintolat\/aamiainen\/#primaryimage","url":"https:\/\/www.kassiopeia.fi\/hotel-levi-panorama\/wp-content\/uploads\/sites\/3\/2024\/10\/panorama-aamiainen-1.jpg","contentUrl":"https:\/\/www.kassiopeia.fi\/hotel-levi-panorama\/wp-content\/uploads\/sites\/3\/2024\/10\/panorama-aamiainen-1.jpg","width":1920,"height":1282},{"@type":"BreadcrumbList","@id":"https:\/\/www.kassiopeia.fi\/hotel-levi-panorama\/ravintolat\/aamiainen\/#breadcrumb","itemListElement":[{"@type":"ListItem","position":1,"name":"Home","item":"https:\/\/www.kassiopeia.fi\/hotel-levi-panorama\/"},{"@type":"ListItem","position":2,"name":"Ravintolat","item":"https:\/\/www.kassiopeia.fi\/hotel-levi-panorama\/ravintolat\/"},{"@type":"ListItem","position":3,"name":"Aamiainen"}]},{"@type":"WebSite","@id":"https:\/\/www.kassiopeia.fi\/hotel-levi-panorama\/#website","url":"https:\/\/www.kassiopeia.fi\/hotel-levi-panorama\/","name":"Hotel Levi Panorama","description":"","potentialAction":[{"@type":"SearchAction","target":{"@type":"EntryPoint","urlTemplate":"https:\/\/www.kassiopeia.fi\/hotel-levi-panorama\/?s={search_term_string}"},"query-input":{"@type":"PropertyValueSpecification","valueRequired":true,"valueName":"search_term_string"}}],"inLanguage":"en-US"}]}},"lang":"fi","translations":{"fi":1182,"en":2351},"pll_sync_post":[],"_links":{"self":[{"href":"https:\/\/www.kassiopeia.fi\/hotel-levi-panorama\/wp-json\/wp\/v2\/pages\/1182","targetHints":{"allow":["GET"]}}],"collection":[{"href":"https:\/\/www.kassiopeia.fi\/hotel-levi-panorama\/wp-json\/wp\/v2\/pages"}],"about":[{"href":"https:\/\/www.kassiopeia.fi\/hotel-levi-panorama\/wp-json\/wp\/v2\/types\/page"}],"author":[{"embeddable":true,"href":"https:\/\/www.kassiopeia.fi\/hotel-levi-panorama\/wp-json\/wp\/v2\/users\/8"}],"replies":[{"embeddable":true,"href":"https:\/\/www.kassiopeia.fi\/hotel-levi-panorama\/wp-json\/wp\/v2\/comments?post=1182"}],"version-history":[{"count":35,"href":"https:\/\/www.kassiopeia.fi\/hotel-levi-panorama\/wp-json\/wp\/v2\/pages\/1182\/revisions"}],"predecessor-version":[{"id":6884,"href":"https:\/\/www.kassiopeia.fi\/hotel-levi-panorama\/wp-json\/wp\/v2\/pages\/1182\/revisions\/6884"}],"up":[{"embeddable":true,"href":"https:\/\/www.kassiopeia.fi\/hotel-levi-panorama\/wp-json\/wp\/v2\/pages\/914"}],"wp:attachment":[{"href":"https:\/\/www.kassiopeia.fi\/hotel-levi-panorama\/wp-json\/wp\/v2\/media?parent=1182"}],"curies":[{"name":"wp","href":"https:\/\/api.w.org\/{rel}","templated":true}]}}