{"id":1082,"date":"2024-10-17T12:44:46","date_gmt":"2024-10-17T12:44:46","guid":{"rendered":"https:\/\/www.kassiopeia.fi\/hotel-levi-panorama\/?page_id=1082"},"modified":"2026-03-29T07:55:45","modified_gmt":"2026-03-29T07:55:45","slug":"cafe-panorama-laavu","status":"publish","type":"page","link":"https:\/\/www.kassiopeia.fi\/hotel-levi-panorama\/ravintolat\/cafe-panorama-laavu\/","title":{"rendered":"Caf\u00e9 Panorama Laavu"},"content":{"rendered":"\n<div class=\"wp-block-cover alignfull is-light cover-hero wp-duotone-unset-1\" style=\"margin-top:0px;margin-bottom:0px;padding-top:0px;padding-right:0px;padding-bottom:0px;padding-left:0px;min-height:30vw;aspect-ratio:unset;\"><img loading=\"lazy\" decoding=\"async\" width=\"2048\" height=\"1115\" class=\"wp-block-cover__image-background wp-image-930\" alt=\"Talvinen maisema Caf\u00e9 Panorama Laavusta.\" src=\"https:\/\/www.kassiopeia.fi\/hotel-levi-panorama\/wp-content\/uploads\/sites\/3\/2024\/10\/CafePanoramaLaavu_levi-2048x1115-1.jpg\" data-object-fit=\"cover\" srcset=\"https:\/\/www.kassiopeia.fi\/hotel-levi-panorama\/wp-content\/uploads\/sites\/3\/2024\/10\/CafePanoramaLaavu_levi-2048x1115-1.jpg 2048w, https:\/\/www.kassiopeia.fi\/hotel-levi-panorama\/wp-content\/uploads\/sites\/3\/2024\/10\/CafePanoramaLaavu_levi-2048x1115-1-300x163.jpg 300w, https:\/\/www.kassiopeia.fi\/hotel-levi-panorama\/wp-content\/uploads\/sites\/3\/2024\/10\/CafePanoramaLaavu_levi-2048x1115-1-1024x558.jpg 1024w, https:\/\/www.kassiopeia.fi\/hotel-levi-panorama\/wp-content\/uploads\/sites\/3\/2024\/10\/CafePanoramaLaavu_levi-2048x1115-1-768x418.jpg 768w, https:\/\/www.kassiopeia.fi\/hotel-levi-panorama\/wp-content\/uploads\/sites\/3\/2024\/10\/CafePanoramaLaavu_levi-2048x1115-1-1536x836.jpg 1536w\" sizes=\"auto, (max-width: 2048px) 100vw, 2048px\" \/><span aria-hidden=\"true\" class=\"wp-block-cover__background has-black-background-color has-background-dim-0 has-background-dim\"><\/span><div class=\"wp-block-cover__inner-container is-layout-flow wp-container-core-cover-is-layout-6e17fc20 wp-block-cover-is-layout-flow\">\n<h1 class=\"wp-block-heading has-text-align-center\" id=\"h-\" style=\"font-size:70px\"><\/h1>\n\n\n\n<p><\/p>\n<\/div><\/div>\n\n\n\n<div class=\"breadcrumb-container\"><ul id=\"breadcrumbs\" class=\"breadcrumbs\"><li class=\"item-home\"><a class=\"bread-link bread-home\" href=\"https:\/\/www.kassiopeia.fi\/hotel-levi-panorama\" title=\"Hotel Levi Panorama\">Hotel Levi Panorama<\/a><\/li><li class=\"separator separator-home\"> \/ <\/li><\/ul><\/div>\n<style>\n    \n<\/style>\n\n\n<div class=\"wp-block-group alignfull is-layout-constrained wp-container-core-group-is-layout-294a2ad3 wp-block-group-is-layout-constrained\" style=\"margin-top:0;margin-bottom:0;padding-top:var(--wp--preset--spacing--40);padding-right:var(--wp--preset--spacing--40);padding-bottom:var(--wp--preset--spacing--70);padding-left:var(--wp--preset--spacing--40)\">\n<figure class=\"wp-block-image aligncenter size-medium\"><img loading=\"lazy\" decoding=\"async\" width=\"300\" height=\"131\" src=\"https:\/\/www.kassiopeia.fi\/hotel-levi-panorama\/wp-content\/uploads\/sites\/3\/2024\/10\/cafe-panorama-laavu_mv-300x131.jpg\" alt=\"Cafe Panorama Laavu logo.\" class=\"wp-image-1323\" srcset=\"https:\/\/www.kassiopeia.fi\/hotel-levi-panorama\/wp-content\/uploads\/sites\/3\/2024\/10\/cafe-panorama-laavu_mv-300x131.jpg 300w, https:\/\/www.kassiopeia.fi\/hotel-levi-panorama\/wp-content\/uploads\/sites\/3\/2024\/10\/cafe-panorama-laavu_mv.jpg 650w\" sizes=\"auto, (max-width: 300px) 100vw, 300px\" \/><\/figure>\n<\/div>\n\n\n\n<div class=\"wp-block-group alignfull is-layout-constrained wp-container-core-group-is-layout-244a2f0a wp-block-group-is-layout-constrained\" style=\"padding-top:var(--wp--preset--spacing--50);padding-right:var(--wp--preset--spacing--40);padding-bottom:var(--wp--preset--spacing--70);padding-left:var(--wp--preset--spacing--40)\">\n<div class=\"wp-block-group alignwide is-layout-constrained wp-container-core-group-is-layout-9517baca wp-block-group-is-layout-constrained\">\n<h1 class=\"wp-block-heading has-text-align-center\" id=\"h-cafe-panorama-laavu\" style=\"margin-bottom:var(--wp--preset--spacing--60)\">Caf\u00e9 panorama laavu<\/h1>\n\n\n\n<p class=\"has-text-align-center has-large-font-size\">Caf\u00e9 Panorama Laavu on Levin eturinteen vieress\u00e4 sijaitseva ainutlaatuinen n\u00e4k\u00f6alapaikka.\u00a0Laavulle johtaa 300 metrin mittainen, tunnelmallisesti valaistu maisemapolku Levi Summitin parkkipaikalta. Upeat maisemat kantavat aina Pallakselle asti!<br><\/p>\n\n\n\n<p class=\"has-text-align-center has-large-font-size\">Kaikille majoittujille mahdollisuus varata Laavu k\u00e4ytt\u00f6\u00f6ns\u00e4 veloituksetta.<br>Varaathan aikasi vastaanotosta.<br>Ulkopuoliset voivat varata laavun samalle p\u00e4iv\u00e4lle vastaanoton kautta. 50 \u20ac \/ 2 h.<\/p>\n\n\n\n<p class=\"has-text-align-center has-large-font-size\"><\/p>\n<\/div>\n<\/div>\n\n\n\n<div class=\"wp-block-group alignfull is-layout-constrained wp-container-core-group-is-layout-86b85459 wp-block-group-is-layout-constrained\" style=\"margin-top:0;margin-bottom:0;padding-top:0;padding-right:var(--wp--preset--spacing--40);padding-bottom:var(--wp--preset--spacing--20);padding-left:0\">\n\n<style>\n    #wp-block-acf-tietokentat-353012703 p {\n        margin: 0px;\n        margin-bottom: 9px;\n        <br \/>\n<b>Warning<\/b>:  Undefined variable $textAlign in <b>\/var\/www\/kassiopeia.fi\/git-repo\/kassiopeia\/kassiopeia-custom-blocks\/blocks\/tietokentat\/block.php<\/b> on line <b>74<\/b><br \/>\n    }\n<\/style>\n\n<div class=\"align wp-block-acf-tietokentat has-text-color has-black-color\" id=\"wp-block-acf-tietokentat-353012703\"><p style=\"text-align: center;\"><strong>Opening Hours<br \/>\n<\/strong>Closed.<\/p>\n<p style=\"text-align: center;\"><strong>Address<\/strong>: Tunturitie 205, 99130 Levi<br \/>\n<strong>Tel<\/strong>: +358 <span data-teams=\"true\">40 5320 569<\/span><\/p>\n<\/div>\n<\/div>\n\n\n\n<div class=\"wp-block-group alignfull hidden has-panorama-5-background-color has-background is-layout-constrained wp-container-core-group-is-layout-bdbbb34e wp-block-group-is-layout-constrained\" style=\"padding-top:var(--wp--preset--spacing--60);padding-right:var(--wp--preset--spacing--40);padding-bottom:var(--wp--preset--spacing--70);padding-left:var(--wp--preset--spacing--40)\">\n<h1 class=\"wp-block-heading has-text-align-center\" id=\"h-laavun-valikoima\">laavun valikoima<\/h1>\n\n\n\n<p class=\"has-text-align-center\"><strong>Lettu 8\u20ac <\/strong><br>nutellalla, hillolla tai kermavaahdolla<br><strong>Makkara 4\u20ac<\/strong><br><strong>Vaahtokarkki 3\u20ac<\/strong><br><strong>Kahvi \/ Tee 4\u20ac<\/strong><br><strong>Kaakao 4\u20ac<br>Kuuma mehu 4\u20ac<br>Munkki 4\u20ac<br>Cookies 1\u20ac<\/strong><\/p>\n\n\n\n<p class=\"has-text-align-center\"><strong>Huom! Tuotteita tarjolla saatavuuden mukaan, rajoitettu m\u00e4\u00e4r\u00e4!<\/strong><br><br>Maksutapoina kortti ja k\u00e4teinen. <br><br>Pid\u00e4t\u00e4mme oikeuden muutoksiin.<\/p>\n<\/div>\n\n\n\n<div class=\"wp-block-group alignfull hidden has-panorama-5-background-color has-background is-layout-constrained wp-container-core-group-is-layout-0c9c989a wp-block-group-is-layout-constrained\" style=\"margin-top:0;margin-bottom:0;padding-top:var(--wp--preset--spacing--70);padding-right:var(--wp--preset--spacing--40);padding-bottom:var(--wp--preset--spacing--70);padding-left:var(--wp--preset--spacing--40)\">\n<div class=\"wp-block-media-text is-stacked-on-mobile is-image-fill-element has-general-1-background-color has-background\" style=\"padding-top:0;padding-bottom:0\"><figure class=\"wp-block-media-text__media\"><img loading=\"lazy\" decoding=\"async\" width=\"1000\" height=\"667\" src=\"https:\/\/www.kassiopeia.fi\/hotel-levi-panorama\/wp-content\/uploads\/sites\/3\/2024\/10\/Laavu_antejoiku_levi.jpg\" alt=\"\" class=\"wp-image-1096 size-full\" style=\"object-position:50% 50%\" srcset=\"https:\/\/www.kassiopeia.fi\/hotel-levi-panorama\/wp-content\/uploads\/sites\/3\/2024\/10\/Laavu_antejoiku_levi.jpg 1000w, https:\/\/www.kassiopeia.fi\/hotel-levi-panorama\/wp-content\/uploads\/sites\/3\/2024\/10\/Laavu_antejoiku_levi-300x200.jpg 300w, https:\/\/www.kassiopeia.fi\/hotel-levi-panorama\/wp-content\/uploads\/sites\/3\/2024\/10\/Laavu_antejoiku_levi-768x512.jpg 768w\" sizes=\"auto, (max-width: 1000px) 100vw, 1000px\" \/><\/figure><div class=\"wp-block-media-text__content\">\n<h3 class=\"wp-block-heading\" id=\"h-vuokrattavissa-myos-yksityistilaisuuksia-varten-nbsp\"><strong>Vuokrattavissa my\u00f6s yksityistilaisuuksia varten!&nbsp;<\/strong><\/h3>\n\n\n\n<p>Laavua voi vuokrata my\u00f6s yksityistilaisuuksiin, ja halutessasi voit tilata ruokia suoraan Ravintola Panoraman <a href=\"https:\/\/www.kassiopeia.fi\/hotel-levi-panorama\/ravintolat\/a-la-carte\/\">\u00e0 la carte -listalta<\/a>. Laavussa on 14 asiakaspaikkaa.<br><br>Ota yhteytt\u00e4 myyntipalveluumme ja kysy lis\u00e4\u00e4!<\/p>\n\n\n\n<div class=\"wp-block-group is-content-justification-left is-layout-flex wp-container-core-group-is-layout-866be489 wp-block-group-is-layout-flex\" style=\"margin-top:0;margin-bottom:0;padding-top:0;padding-right:0;padding-bottom:0;padding-left:0\">\n<p style=\"margin-top:0;margin-bottom:0;padding-top:0;padding-bottom:0\">Puh.<\/p>\n\n\n\n<style>\n    \n<\/style>\n\n<span class=\"wp-block-acf-yhteystiedot-tel\"><a style=\"padding-top:0;padding-bottom:0;margin-top:0;margin-bottom:0;\" class=\"align wp-block-acf-yhteystiedot has-text-color has-black-color\" href=\"tel:+358 40 456 2059\">+358 40 456 2059<\/a><\/span>\n\n\n<p style=\"margin-top:0;margin-bottom:0;padding-top:0;padding-bottom:0\"> |<\/p>\n\n\n\n<style>\n    \n<\/style>\n\n<a style=\"padding-top:0;padding-bottom:0;margin-top:0;margin-bottom:0;\" class=\"align wp-block-acf-yhteystiedot has-text-color has-black-color\" href=\"mailto:sales@kassiopeia.fi\">sales@kassiopeia.fi<\/a><\/div>\n<\/div><\/div>\n<\/div>\n\n\n\n<div class=\"wp-block-group alignfull is-layout-constrained wp-container-core-group-is-layout-0c9c989a wp-block-group-is-layout-constrained\" style=\"margin-top:0;margin-bottom:0;padding-top:var(--wp--preset--spacing--70);padding-right:var(--wp--preset--spacing--40);padding-bottom:var(--wp--preset--spacing--70);padding-left:var(--wp--preset--spacing--40)\">\n<div class=\"wp-block-columns is-layout-flex wp-container-core-columns-is-layout-28f84493 wp-block-columns-is-layout-flex\">\n<div class=\"wp-block-column is-layout-flow wp-block-column-is-layout-flow\">\n<figure class=\"wp-block-image size-full openable-image\"><img loading=\"lazy\" decoding=\"async\" width=\"2000\" height=\"1334\" src=\"https:\/\/www.kassiopeia.fi\/hotel-levi-panorama\/wp-content\/uploads\/sites\/3\/2024\/10\/cafe-panorama-laavu-kahvihetki.jpg\" alt=\"Kahvihetki Cafe Panorama Laavulla Levill\u00e4.\" class=\"wp-image-1905\" style=\"aspect-ratio:1;object-fit:cover\" srcset=\"https:\/\/www.kassiopeia.fi\/hotel-levi-panorama\/wp-content\/uploads\/sites\/3\/2024\/10\/cafe-panorama-laavu-kahvihetki.jpg 2000w, https:\/\/www.kassiopeia.fi\/hotel-levi-panorama\/wp-content\/uploads\/sites\/3\/2024\/10\/cafe-panorama-laavu-kahvihetki-300x200.jpg 300w, https:\/\/www.kassiopeia.fi\/hotel-levi-panorama\/wp-content\/uploads\/sites\/3\/2024\/10\/cafe-panorama-laavu-kahvihetki-1024x683.jpg 1024w, https:\/\/www.kassiopeia.fi\/hotel-levi-panorama\/wp-content\/uploads\/sites\/3\/2024\/10\/cafe-panorama-laavu-kahvihetki-768x512.jpg 768w, https:\/\/www.kassiopeia.fi\/hotel-levi-panorama\/wp-content\/uploads\/sites\/3\/2024\/10\/cafe-panorama-laavu-kahvihetki-1536x1025.jpg 1536w\" sizes=\"auto, (max-width: 2000px) 100vw, 2000px\" \/><\/figure>\n<\/div>\n\n\n\n<div class=\"wp-block-column is-layout-flow wp-block-column-is-layout-flow\">\n<figure class=\"wp-block-image size-full openable-image\"><img loading=\"lazy\" decoding=\"async\" width=\"1000\" height=\"750\" src=\"https:\/\/www.kassiopeia.fi\/hotel-levi-panorama\/wp-content\/uploads\/sites\/3\/2025\/02\/laavu-cafe-panorama-levi.jpg\" alt=\"Cafe Laavun rakennus ulkopuolelta Levill\u00e4.\" class=\"wp-image-4574\" style=\"aspect-ratio:1;object-fit:cover\" srcset=\"https:\/\/www.kassiopeia.fi\/hotel-levi-panorama\/wp-content\/uploads\/sites\/3\/2025\/02\/laavu-cafe-panorama-levi.jpg 1000w, https:\/\/www.kassiopeia.fi\/hotel-levi-panorama\/wp-content\/uploads\/sites\/3\/2025\/02\/laavu-cafe-panorama-levi-300x225.jpg 300w, https:\/\/www.kassiopeia.fi\/hotel-levi-panorama\/wp-content\/uploads\/sites\/3\/2025\/02\/laavu-cafe-panorama-levi-768x576.jpg 768w\" sizes=\"auto, (max-width: 1000px) 100vw, 1000px\" \/><\/figure>\n<\/div>\n\n\n\n<div class=\"wp-block-column is-layout-flow wp-block-column-is-layout-flow\">\n<figure class=\"wp-block-image size-full openable-image\"><img loading=\"lazy\" decoding=\"async\" width=\"1000\" height=\"667\" src=\"https:\/\/www.kassiopeia.fi\/hotel-levi-panorama\/wp-content\/uploads\/sites\/3\/2025\/02\/cafe-panorama-laavu-talvi-lapland.jpg\" alt=\"Cafe Laavun tuli ja Levin maisema takana.\" class=\"wp-image-4571\" style=\"aspect-ratio:1;object-fit:cover\" srcset=\"https:\/\/www.kassiopeia.fi\/hotel-levi-panorama\/wp-content\/uploads\/sites\/3\/2025\/02\/cafe-panorama-laavu-talvi-lapland.jpg 1000w, https:\/\/www.kassiopeia.fi\/hotel-levi-panorama\/wp-content\/uploads\/sites\/3\/2025\/02\/cafe-panorama-laavu-talvi-lapland-300x200.jpg 300w, https:\/\/www.kassiopeia.fi\/hotel-levi-panorama\/wp-content\/uploads\/sites\/3\/2025\/02\/cafe-panorama-laavu-talvi-lapland-768x512.jpg 768w\" sizes=\"auto, (max-width: 1000px) 100vw, 1000px\" \/><\/figure>\n<\/div>\n<\/div>\n<\/div>\n\n\n\n<div class=\"wp-block-group alignfull is-layout-constrained wp-container-core-group-is-layout-82e4aa9c wp-block-group-is-layout-constrained\" style=\"margin-top:0;margin-bottom:0;padding-top:var(--wp--preset--spacing--50);padding-right:var(--wp--preset--spacing--40);padding-bottom:var(--wp--preset--spacing--50);padding-left:var(--wp--preset--spacing--40)\">\n<div class=\"wp-block-media-text has-media-on-the-right is-stacked-on-mobile is-vertically-aligned-center is-image-fill-element\" style=\"padding-top:0;padding-bottom:0;grid-template-columns:auto 60%\"><div class=\"wp-block-media-text__content\">\n<h2 class=\"wp-block-heading hidden-mobile\" id=\"h-tutustu-ravintolatarjontaamme\">tutustu ravintolatarjontaamme<\/h2>\n\n\n\n<h2 class=\"wp-block-heading hidden-desktop\" id=\"h-tutustu-ravintola-tarjontaamme\">tutustu ravintola-tarjontaamme<\/h2>\n\n\n\n<p class=\"hide\">Hotel Levi Panoramasta l\u00f6yd\u00e4t monipuolisen ravintolatarjonnan, jonka \u00e4\u00e4reen p\u00e4\u00e4set suoraan rinteest\u00e4! Olipa mieless\u00e4si rento lounas, \u00e0 la carte illallinen tai virkist\u00e4v\u00e4 juoma after ski -hetkeen, meilt\u00e4 l\u00f6yd\u00e4t varmasti sopivan vaihtoehdon.<\/p>\n\n\n\n<div class=\"wp-block-buttons is-layout-flex wp-block-buttons-is-layout-flex\">\n<div class=\"wp-block-button\"><a class=\"wp-block-button__link wp-element-button\" href=\"https:\/\/www.kassiopeia.fi\/hotel-levi-panorama\/ravintolat\/\">Tutustu ravintoloihin <\/a><\/div>\n<\/div>\n<\/div><figure class=\"wp-block-media-text__media\"><img loading=\"lazy\" decoding=\"async\" width=\"1024\" height=\"683\" src=\"https:\/\/www.kassiopeia.fi\/hotel-levi-panorama\/wp-content\/uploads\/sites\/3\/2024\/10\/Ravintola-Panorama-illallinen-viinin-kera-1024x683.jpg\" alt=\"\" class=\"wp-image-971 size-full\" style=\"object-position:50% 50%\" srcset=\"https:\/\/www.kassiopeia.fi\/hotel-levi-panorama\/wp-content\/uploads\/sites\/3\/2024\/10\/Ravintola-Panorama-illallinen-viinin-kera-1024x683.jpg 1024w, https:\/\/www.kassiopeia.fi\/hotel-levi-panorama\/wp-content\/uploads\/sites\/3\/2024\/10\/Ravintola-Panorama-illallinen-viinin-kera-300x200.jpg 300w, https:\/\/www.kassiopeia.fi\/hotel-levi-panorama\/wp-content\/uploads\/sites\/3\/2024\/10\/Ravintola-Panorama-illallinen-viinin-kera-768x512.jpg 768w, https:\/\/www.kassiopeia.fi\/hotel-levi-panorama\/wp-content\/uploads\/sites\/3\/2024\/10\/Ravintola-Panorama-illallinen-viinin-kera-1536x1024.jpg 1536w, https:\/\/www.kassiopeia.fi\/hotel-levi-panorama\/wp-content\/uploads\/sites\/3\/2024\/10\/Ravintola-Panorama-illallinen-viinin-kera.jpg 2048w\" sizes=\"auto, (max-width: 1024px) 100vw, 1024px\" \/><\/figure><\/div>\n<\/div>\n","protected":false},"excerpt":{"rendered":"<p>Caf\u00e9 panorama laavu Caf\u00e9 Panorama Laavu on Levin eturinteen vieress\u00e4 sijaitseva ainutlaatuinen n\u00e4k\u00f6alapaikka.\u00a0Laavulle johtaa 300 metrin mittainen, tunnelmallisesti valaistu maisemapolku Levi Summitin parkkipaikalta. Upeat maisemat kantavat aina Pallakselle asti! Kaikille majoittujille mahdollisuus varata Laavu k\u00e4ytt\u00f6\u00f6ns\u00e4 veloituksetta.Varaathan aikasi vastaanotosta.Ulkopuoliset voivat varata laavun samalle p\u00e4iv\u00e4lle vastaanoton kautta. 50 \u20ac \/ 2 h. laavun valikoima Lettu 8\u20ac nutellalla, [&hellip;]<\/p>\n","protected":false},"author":8,"featured_media":0,"parent":914,"menu_order":0,"comment_status":"closed","ping_status":"closed","template":"","meta":{"_acf_changed":false,"footnotes":""},"class_list":["post-1082","page","type-page","status-publish","hentry"],"acf":[],"yoast_head":"<!-- This site is optimized with the Yoast SEO Premium plugin v27.2 (Yoast SEO v27.2) - https:\/\/yoast.com\/product\/yoast-seo-premium-wordpress\/ -->\n<title>Caf\u00e9 Panorama Laavu - Hotel Levi Panorama<\/title>\n<meta name=\"description\" content=\"Caf\u00e9 Panorama Laavu, &quot;salainen kahvila&quot;, on Levin eturinteen vieress\u00e4 sijaitseva ainutlaatuinen n\u00e4k\u00f6alapaikka.\u00a0Lue lis\u00e4\u00e4!\" \/>\n<meta name=\"robots\" content=\"index, follow, max-snippet:-1, max-image-preview:large, max-video-preview:-1\" \/>\n<link rel=\"canonical\" href=\"https:\/\/www.kassiopeia.fi\/hotel-levi-panorama\/ravintolat\/cafe-panorama-laavu\/\" \/>\n<meta property=\"og:locale\" content=\"en_US\" \/>\n<meta property=\"og:type\" content=\"article\" \/>\n<meta property=\"og:title\" content=\"Caf\u00e9 Panorama Laavu\" \/>\n<meta property=\"og:description\" content=\"Caf\u00e9 Panorama Laavu, &quot;salainen kahvila&quot;, on Levin eturinteen vieress\u00e4 sijaitseva ainutlaatuinen n\u00e4k\u00f6alapaikka.\u00a0Lue lis\u00e4\u00e4!\" \/>\n<meta property=\"og:url\" content=\"https:\/\/www.kassiopeia.fi\/hotel-levi-panorama\/ravintolat\/cafe-panorama-laavu\/\" \/>\n<meta property=\"og:site_name\" content=\"Hotel Levi Panorama\" \/>\n<meta property=\"article:modified_time\" content=\"2026-03-29T07:55:45+00:00\" \/>\n<meta property=\"og:image\" content=\"https:\/\/www.kassiopeia.fi\/hotel-levi-panorama\/wp-content\/uploads\/sites\/3\/2024\/10\/CafePanoramaLaavu_levi-2048x1115-1.jpg\" \/>\n\t<meta property=\"og:image:width\" content=\"2048\" \/>\n\t<meta property=\"og:image:height\" content=\"1115\" \/>\n\t<meta property=\"og:image:type\" content=\"image\/jpeg\" \/>\n<meta name=\"twitter:card\" content=\"summary_large_image\" \/>\n<meta name=\"twitter:label1\" content=\"Est. reading time\" \/>\n\t<meta name=\"twitter:data1\" content=\"3 minutes\" \/>\n<script type=\"application\/ld+json\" class=\"yoast-schema-graph\">{\"@context\":\"https:\/\/schema.org\",\"@graph\":[{\"@type\":\"WebPage\",\"@id\":\"https:\/\/www.kassiopeia.fi\/hotel-levi-panorama\/ravintolat\/cafe-panorama-laavu\/\",\"url\":\"https:\/\/www.kassiopeia.fi\/hotel-levi-panorama\/ravintolat\/cafe-panorama-laavu\/\",\"name\":\"Caf\u00e9 Panorama Laavu - Hotel Levi Panorama\",\"isPartOf\":{\"@id\":\"https:\/\/www.kassiopeia.fi\/hotel-levi-panorama\/#website\"},\"primaryImageOfPage\":{\"@id\":\"https:\/\/www.kassiopeia.fi\/hotel-levi-panorama\/ravintolat\/cafe-panorama-laavu\/#primaryimage\"},\"image\":{\"@id\":\"https:\/\/www.kassiopeia.fi\/hotel-levi-panorama\/ravintolat\/cafe-panorama-laavu\/#primaryimage\"},\"thumbnailUrl\":\"https:\/\/www.kassiopeia.fi\/hotel-levi-panorama\/wp-content\/uploads\/sites\/3\/2024\/10\/CafePanoramaLaavu_levi-2048x1115-1.jpg\",\"datePublished\":\"2024-10-17T12:44:46+00:00\",\"dateModified\":\"2026-03-29T07:55:45+00:00\",\"description\":\"Caf\u00e9 Panorama Laavu, \\\"salainen kahvila\\\", on Levin eturinteen vieress\u00e4 sijaitseva ainutlaatuinen n\u00e4k\u00f6alapaikka.\u00a0Lue lis\u00e4\u00e4!\",\"breadcrumb\":{\"@id\":\"https:\/\/www.kassiopeia.fi\/hotel-levi-panorama\/ravintolat\/cafe-panorama-laavu\/#breadcrumb\"},\"inLanguage\":\"en-US\",\"potentialAction\":[{\"@type\":\"ReadAction\",\"target\":[\"https:\/\/www.kassiopeia.fi\/hotel-levi-panorama\/ravintolat\/cafe-panorama-laavu\/\"]}]},{\"@type\":\"ImageObject\",\"inLanguage\":\"en-US\",\"@id\":\"https:\/\/www.kassiopeia.fi\/hotel-levi-panorama\/ravintolat\/cafe-panorama-laavu\/#primaryimage\",\"url\":\"https:\/\/www.kassiopeia.fi\/hotel-levi-panorama\/wp-content\/uploads\/sites\/3\/2024\/10\/CafePanoramaLaavu_levi-2048x1115-1.jpg\",\"contentUrl\":\"https:\/\/www.kassiopeia.fi\/hotel-levi-panorama\/wp-content\/uploads\/sites\/3\/2024\/10\/CafePanoramaLaavu_levi-2048x1115-1.jpg\",\"width\":2048,\"height\":1115},{\"@type\":\"BreadcrumbList\",\"@id\":\"https:\/\/www.kassiopeia.fi\/hotel-levi-panorama\/ravintolat\/cafe-panorama-laavu\/#breadcrumb\",\"itemListElement\":[{\"@type\":\"ListItem\",\"position\":1,\"name\":\"Home\",\"item\":\"https:\/\/www.kassiopeia.fi\/hotel-levi-panorama\/\"},{\"@type\":\"ListItem\",\"position\":2,\"name\":\"Ravintolat\",\"item\":\"https:\/\/www.kassiopeia.fi\/hotel-levi-panorama\/ravintolat\/\"},{\"@type\":\"ListItem\",\"position\":3,\"name\":\"Caf\u00e9 Panorama Laavu\"}]},{\"@type\":\"WebSite\",\"@id\":\"https:\/\/www.kassiopeia.fi\/hotel-levi-panorama\/#website\",\"url\":\"https:\/\/www.kassiopeia.fi\/hotel-levi-panorama\/\",\"name\":\"Hotel Levi Panorama\",\"description\":\"\",\"potentialAction\":[{\"@type\":\"SearchAction\",\"target\":{\"@type\":\"EntryPoint\",\"urlTemplate\":\"https:\/\/www.kassiopeia.fi\/hotel-levi-panorama\/?s={search_term_string}\"},\"query-input\":{\"@type\":\"PropertyValueSpecification\",\"valueRequired\":true,\"valueName\":\"search_term_string\"}}],\"inLanguage\":\"en-US\"}]}<\/script>\n<!-- \/ Yoast SEO Premium plugin. -->","yoast_head_json":{"title":"Caf\u00e9 Panorama Laavu - Hotel Levi Panorama","description":"Caf\u00e9 Panorama Laavu, \"salainen kahvila\", on Levin eturinteen vieress\u00e4 sijaitseva ainutlaatuinen n\u00e4k\u00f6alapaikka.\u00a0Lue lis\u00e4\u00e4!","robots":{"index":"index","follow":"follow","max-snippet":"max-snippet:-1","max-image-preview":"max-image-preview:large","max-video-preview":"max-video-preview:-1"},"canonical":"https:\/\/www.kassiopeia.fi\/hotel-levi-panorama\/ravintolat\/cafe-panorama-laavu\/","og_locale":"en_US","og_type":"article","og_title":"Caf\u00e9 Panorama Laavu","og_description":"Caf\u00e9 Panorama Laavu, \"salainen kahvila\", on Levin eturinteen vieress\u00e4 sijaitseva ainutlaatuinen n\u00e4k\u00f6alapaikka.\u00a0Lue lis\u00e4\u00e4!","og_url":"https:\/\/www.kassiopeia.fi\/hotel-levi-panorama\/ravintolat\/cafe-panorama-laavu\/","og_site_name":"Hotel Levi Panorama","article_modified_time":"2026-03-29T07:55:45+00:00","og_image":[{"width":2048,"height":1115,"url":"https:\/\/www.kassiopeia.fi\/hotel-levi-panorama\/wp-content\/uploads\/sites\/3\/2024\/10\/CafePanoramaLaavu_levi-2048x1115-1.jpg","type":"image\/jpeg"}],"twitter_card":"summary_large_image","twitter_misc":{"Est. reading time":"3 minutes"},"schema":{"@context":"https:\/\/schema.org","@graph":[{"@type":"WebPage","@id":"https:\/\/www.kassiopeia.fi\/hotel-levi-panorama\/ravintolat\/cafe-panorama-laavu\/","url":"https:\/\/www.kassiopeia.fi\/hotel-levi-panorama\/ravintolat\/cafe-panorama-laavu\/","name":"Caf\u00e9 Panorama Laavu - Hotel Levi Panorama","isPartOf":{"@id":"https:\/\/www.kassiopeia.fi\/hotel-levi-panorama\/#website"},"primaryImageOfPage":{"@id":"https:\/\/www.kassiopeia.fi\/hotel-levi-panorama\/ravintolat\/cafe-panorama-laavu\/#primaryimage"},"image":{"@id":"https:\/\/www.kassiopeia.fi\/hotel-levi-panorama\/ravintolat\/cafe-panorama-laavu\/#primaryimage"},"thumbnailUrl":"https:\/\/www.kassiopeia.fi\/hotel-levi-panorama\/wp-content\/uploads\/sites\/3\/2024\/10\/CafePanoramaLaavu_levi-2048x1115-1.jpg","datePublished":"2024-10-17T12:44:46+00:00","dateModified":"2026-03-29T07:55:45+00:00","description":"Caf\u00e9 Panorama Laavu, \"salainen kahvila\", on Levin eturinteen vieress\u00e4 sijaitseva ainutlaatuinen n\u00e4k\u00f6alapaikka.\u00a0Lue lis\u00e4\u00e4!","breadcrumb":{"@id":"https:\/\/www.kassiopeia.fi\/hotel-levi-panorama\/ravintolat\/cafe-panorama-laavu\/#breadcrumb"},"inLanguage":"en-US","potentialAction":[{"@type":"ReadAction","target":["https:\/\/www.kassiopeia.fi\/hotel-levi-panorama\/ravintolat\/cafe-panorama-laavu\/"]}]},{"@type":"ImageObject","inLanguage":"en-US","@id":"https:\/\/www.kassiopeia.fi\/hotel-levi-panorama\/ravintolat\/cafe-panorama-laavu\/#primaryimage","url":"https:\/\/www.kassiopeia.fi\/hotel-levi-panorama\/wp-content\/uploads\/sites\/3\/2024\/10\/CafePanoramaLaavu_levi-2048x1115-1.jpg","contentUrl":"https:\/\/www.kassiopeia.fi\/hotel-levi-panorama\/wp-content\/uploads\/sites\/3\/2024\/10\/CafePanoramaLaavu_levi-2048x1115-1.jpg","width":2048,"height":1115},{"@type":"BreadcrumbList","@id":"https:\/\/www.kassiopeia.fi\/hotel-levi-panorama\/ravintolat\/cafe-panorama-laavu\/#breadcrumb","itemListElement":[{"@type":"ListItem","position":1,"name":"Home","item":"https:\/\/www.kassiopeia.fi\/hotel-levi-panorama\/"},{"@type":"ListItem","position":2,"name":"Ravintolat","item":"https:\/\/www.kassiopeia.fi\/hotel-levi-panorama\/ravintolat\/"},{"@type":"ListItem","position":3,"name":"Caf\u00e9 Panorama Laavu"}]},{"@type":"WebSite","@id":"https:\/\/www.kassiopeia.fi\/hotel-levi-panorama\/#website","url":"https:\/\/www.kassiopeia.fi\/hotel-levi-panorama\/","name":"Hotel Levi Panorama","description":"","potentialAction":[{"@type":"SearchAction","target":{"@type":"EntryPoint","urlTemplate":"https:\/\/www.kassiopeia.fi\/hotel-levi-panorama\/?s={search_term_string}"},"query-input":{"@type":"PropertyValueSpecification","valueRequired":true,"valueName":"search_term_string"}}],"inLanguage":"en-US"}]}},"lang":"fi","translations":{"fi":1082,"en":2929},"pll_sync_post":[],"_links":{"self":[{"href":"https:\/\/www.kassiopeia.fi\/hotel-levi-panorama\/wp-json\/wp\/v2\/pages\/1082","targetHints":{"allow":["GET"]}}],"collection":[{"href":"https:\/\/www.kassiopeia.fi\/hotel-levi-panorama\/wp-json\/wp\/v2\/pages"}],"about":[{"href":"https:\/\/www.kassiopeia.fi\/hotel-levi-panorama\/wp-json\/wp\/v2\/types\/page"}],"author":[{"embeddable":true,"href":"https:\/\/www.kassiopeia.fi\/hotel-levi-panorama\/wp-json\/wp\/v2\/users\/8"}],"replies":[{"embeddable":true,"href":"https:\/\/www.kassiopeia.fi\/hotel-levi-panorama\/wp-json\/wp\/v2\/comments?post=1082"}],"version-history":[{"count":40,"href":"https:\/\/www.kassiopeia.fi\/hotel-levi-panorama\/wp-json\/wp\/v2\/pages\/1082\/revisions"}],"predecessor-version":[{"id":7125,"href":"https:\/\/www.kassiopeia.fi\/hotel-levi-panorama\/wp-json\/wp\/v2\/pages\/1082\/revisions\/7125"}],"up":[{"embeddable":true,"href":"https:\/\/www.kassiopeia.fi\/hotel-levi-panorama\/wp-json\/wp\/v2\/pages\/914"}],"wp:attachment":[{"href":"https:\/\/www.kassiopeia.fi\/hotel-levi-panorama\/wp-json\/wp\/v2\/media?parent=1082"}],"curies":[{"name":"wp","href":"https:\/\/api.w.org\/{rel}","templated":true}]}}