{"id":1022,"date":"2024-10-17T12:11:03","date_gmt":"2024-10-17T12:11:03","guid":{"rendered":"https:\/\/www.kassiopeia.fi\/hotel-levi-panorama\/?page_id=1022"},"modified":"2026-03-19T11:50:41","modified_gmt":"2026-03-19T11:50:41","slug":"activities","status":"publish","type":"page","link":"https:\/\/www.kassiopeia.fi\/hotel-levi-panorama\/en\/hotel-info\/activities\/","title":{"rendered":"Hotel info Activities"},"content":{"rendered":"\n<div class=\"wp-block-cover alignfull is-light cover-hero wp-duotone-unset-1\" style=\"margin-top:0px;margin-bottom:0px;padding-top:0px;padding-right:0px;padding-bottom:0px;padding-left:0px;min-height:30vw;aspect-ratio:unset;\"><img loading=\"lazy\" decoding=\"async\" width=\"2000\" height=\"1322\" class=\"wp-block-cover__image-background wp-image-435\" alt=\"\" src=\"https:\/\/www.kassiopeia.fi\/hotel-levi-panorama\/wp-content\/uploads\/sites\/3\/2024\/10\/hotel-levi-panorama-talvinen-ulkokuva.jpg\" style=\"object-position:28% 52%\" data-object-fit=\"cover\" data-object-position=\"28% 52%\" srcset=\"https:\/\/www.kassiopeia.fi\/hotel-levi-panorama\/wp-content\/uploads\/sites\/3\/2024\/10\/hotel-levi-panorama-talvinen-ulkokuva.jpg 2000w, https:\/\/www.kassiopeia.fi\/hotel-levi-panorama\/wp-content\/uploads\/sites\/3\/2024\/10\/hotel-levi-panorama-talvinen-ulkokuva-300x198.jpg 300w, https:\/\/www.kassiopeia.fi\/hotel-levi-panorama\/wp-content\/uploads\/sites\/3\/2024\/10\/hotel-levi-panorama-talvinen-ulkokuva-1024x677.jpg 1024w, https:\/\/www.kassiopeia.fi\/hotel-levi-panorama\/wp-content\/uploads\/sites\/3\/2024\/10\/hotel-levi-panorama-talvinen-ulkokuva-768x508.jpg 768w, https:\/\/www.kassiopeia.fi\/hotel-levi-panorama\/wp-content\/uploads\/sites\/3\/2024\/10\/hotel-levi-panorama-talvinen-ulkokuva-1536x1015.jpg 1536w\" sizes=\"auto, (max-width: 2000px) 100vw, 2000px\" \/><span aria-hidden=\"true\" class=\"wp-block-cover__background has-black-background-color has-background-dim-0 has-background-dim\"><\/span><div class=\"wp-block-cover__inner-container is-layout-flow wp-container-core-cover-is-layout-6e17fc20 wp-block-cover-is-layout-flow\">\n<h1 class=\"wp-block-heading has-text-align-center\" id=\"h-\" style=\"font-size:70px\"><\/h1>\n\n\n\n<p><\/p>\n<\/div><\/div>\n\n\n\n<div class=\"wp-block-group alignfull has-panorama-5-background-color has-background is-layout-constrained wp-container-core-group-is-layout-35abefa8 wp-block-group-is-layout-constrained\" style=\"margin-top:0;margin-bottom:0;padding-top:var(--wp--preset--spacing--40);padding-right:var(--wp--preset--spacing--40);padding-bottom:0;padding-left:var(--wp--preset--spacing--40)\">\n<p class=\"link-blank has-text-color has-link-color has-small-font-size wp-elements-fd927e0b5cc1c9b41e4aecd04a546377\" style=\"color:#929292\"><a href=\"https:\/\/www.kassiopeia.fi\/hotel-levi-panorama\/en\/hotel-info\/\">Hotel info<\/a> \/ Activities<\/p>\n<\/div>\n\n\n\n<div class=\"wp-block-group alignfull has-panorama-5-background-color has-background is-layout-constrained wp-container-core-group-is-layout-5d427f71 wp-block-group-is-layout-constrained\" style=\"margin-top:0;margin-bottom:0;padding-top:var(--wp--preset--spacing--40);padding-right:var(--wp--preset--spacing--40);padding-bottom:0;padding-left:var(--wp--preset--spacing--40)\">\n<div class=\"wp-block-group alignwide is-layout-constrained wp-container-core-group-is-layout-9517baca wp-block-group-is-layout-constrained\">\n<h1 class=\"wp-block-heading has-text-align-center\" id=\"h-activities\" style=\"margin-bottom:0\">Activities<\/h1>\n<\/div>\n<\/div>\n\n\n\n<div class=\"wp-block-group alignfull has-panorama-5-background-color has-background is-layout-constrained wp-container-core-group-is-layout-0c9c989a wp-block-group-is-layout-constrained\" style=\"margin-top:0;margin-bottom:0;padding-top:var(--wp--preset--spacing--70);padding-right:var(--wp--preset--spacing--40);padding-bottom:var(--wp--preset--spacing--70);padding-left:var(--wp--preset--spacing--40)\">\n<div class=\"wp-block-media-text alignwide is-stacked-on-mobile is-vertically-aligned-center is-image-fill-element\" style=\"margin-top:var(--wp--preset--spacing--60);margin-bottom:var(--wp--preset--spacing--60)\"><figure class=\"wp-block-media-text__media\"><img loading=\"lazy\" decoding=\"async\" width=\"639\" height=\"426\" src=\"https:\/\/www.kassiopeia.fi\/hotel-levi-panorama\/wp-content\/uploads\/sites\/3\/2024\/11\/hiihto-levilla-Visit-Levi.jpg\" alt=\"Hiiht\u00e4j\u00e4t Levill\u00e4.\" class=\"wp-image-3012 size-full\" style=\"object-position:50% 50%\" srcset=\"https:\/\/www.kassiopeia.fi\/hotel-levi-panorama\/wp-content\/uploads\/sites\/3\/2024\/11\/hiihto-levilla-Visit-Levi.jpg 639w, https:\/\/www.kassiopeia.fi\/hotel-levi-panorama\/wp-content\/uploads\/sites\/3\/2024\/11\/hiihto-levilla-Visit-Levi-300x200.jpg 300w\" sizes=\"auto, (max-width: 639px) 100vw, 639px\" \/><\/figure><div class=\"wp-block-media-text__content\">\n<h3 class=\"wp-block-heading\" id=\"h-maps-and-routes-in-levi\"><strong>Maps and Routes in Levi<\/strong><\/h3>\n\n\n\n<p>Discover Levi\u2019s outdoor trails through the links below!<\/p>\n\n\n\n<ul class=\"wp-block-list styled\">\n<li><a href=\"https:\/\/www.levi.fi\/en\/ski\/slopes-and-lifts\/slope-map\/\">Slope map<\/a><\/li>\n\n\n\n<li><a href=\"https:\/\/www.levi.fi\/en\/ski\/cross-country-skiing\/\" target=\"_blank\" rel=\"noreferrer noopener\">Cross-country skiing tracks<\/a><\/li>\n\n\n\n<li><a href=\"https:\/\/www.levi.fi\/en\/info\/maps-and-routes\/biking-routes\/\" target=\"_blank\" rel=\"noreferrer noopener\">Biking routes<\/a><\/li>\n\n\n\n<li><a href=\"https:\/\/www.levi.fi\/en\/activities\/in-the-nature\/hiking-and-trekking\/\" target=\"_blank\" rel=\"noreferrer noopener\">Hiking and trekking trails<\/a><\/li>\n<\/ul>\n\n\n\n<div style=\"height:40px\" aria-hidden=\"true\" class=\"wp-block-spacer\"><\/div>\n<\/div><\/div>\n\n\n\n<div class=\"wp-block-media-text alignwide has-media-on-the-right is-stacked-on-mobile is-vertically-aligned-center is-image-fill-element hidden\" style=\"margin-top:var(--wp--preset--spacing--60);margin-bottom:var(--wp--preset--spacing--60)\"><div class=\"wp-block-media-text__content\">\n<h3 class=\"wp-block-heading\" id=\"h-summer-activities-at-discounted-price\">Summer activities at discounted price<\/h3>\n\n\n\n<p>Our hotel guests can purchase activities from the <a href=\"https:\/\/levi.skiperformance.com\/en\/Summer\/store#\/en\/Summer\/buy?is_promo=1&amp;is_promo_offer=0&amp;promo_connector_id=66\" target=\"_blank\" rel=\"noreferrer noopener\">Levi Ski Resort online store<\/a> with a <strong>10% discount<\/strong> during the summer season. The discount applies to the following activities:<\/p>\n\n\n\n<ul class=\"wp-block-list styled\">\n<li>Scenic Gondola Rides<\/li>\n\n\n\n<li>1\u20135 Day Bike Rental<\/li>\n\n\n\n<li>Adventure Park<\/li>\n\n\n\n<li>Summer Sled Track<\/li>\n<\/ul>\n\n\n\n<p>You will get the discount by using the code <strong>PANORAMASUMMER<\/strong><\/p>\n\n\n\n<div style=\"height:40px\" aria-hidden=\"true\" class=\"wp-block-spacer\"><\/div>\n<\/div><figure class=\"wp-block-media-text__media\"><img loading=\"lazy\" decoding=\"async\" width=\"1000\" height=\"667\" src=\"https:\/\/www.kassiopeia.fi\/hotel-levi-panorama\/wp-content\/uploads\/sites\/3\/2025\/02\/Kesakelkka-levi.jpg\" alt=\"\" class=\"wp-image-4662 size-full\" style=\"object-position:50% 50%\" srcset=\"https:\/\/www.kassiopeia.fi\/hotel-levi-panorama\/wp-content\/uploads\/sites\/3\/2025\/02\/Kesakelkka-levi.jpg 1000w, https:\/\/www.kassiopeia.fi\/hotel-levi-panorama\/wp-content\/uploads\/sites\/3\/2025\/02\/Kesakelkka-levi-300x200.jpg 300w, https:\/\/www.kassiopeia.fi\/hotel-levi-panorama\/wp-content\/uploads\/sites\/3\/2025\/02\/Kesakelkka-levi-768x512.jpg 768w\" sizes=\"auto, (max-width: 1000px) 100vw, 1000px\" \/><\/figure><\/div>\n\n\n\n<div class=\"wp-block-media-text alignwide has-media-on-the-right is-stacked-on-mobile is-vertically-aligned-center is-image-fill-element\" style=\"margin-top:var(--wp--preset--spacing--60);margin-bottom:var(--wp--preset--spacing--60)\"><div class=\"wp-block-media-text__content\">\n<div style=\"height:22px\" aria-hidden=\"true\" class=\"wp-block-spacer\"><\/div>\n\n\n\n<h3 class=\"wp-block-heading\" id=\"h-rental-shops\">Rental Shops<\/h3>\n\n\n\n<p class=\"hidden\"><a href=\"https:\/\/www.elanskishoplevi.fi\/info-english\" target=\"_blank\" rel=\"noreferrer noopener\"><strong>Elan Ski Shop &amp; Rental<\/strong><\/a>&nbsp;(Address: Keskuskuja 2A) Discount coupons available at reception for a<strong> 20% discount<\/strong> on equipment rentals.<\/p>\n\n\n\n<p><br><a href=\"https:\/\/www.levi.fi\/en\/services\/zero-point-rental\" target=\"_blank\" rel=\"noreferrer noopener\"><strong>Zero Point Rental<\/strong><\/a>&nbsp;(Address: Hissitie 8)<br><a href=\"https:\/\/www.levi.fi\/en\/services\/south-point-rental\" target=\"_blank\" rel=\"noreferrer noopener\"><strong>South Point Rental<\/strong><\/a>&nbsp;(Address: Tievantie 2)<br><a href=\"https:\/\/hillskirent.fi\/en\/\" target=\"_blank\" rel=\"noreferrer noopener\"><strong>Hill Ski Rent<\/strong><\/a>&nbsp;(Address: Keskuskuja 4)<br><a href=\"https:\/\/www.intersport.fi\/fi\/kauppa\/levi-rent\/\" target=\"_blank\" rel=\"noreferrer noopener\"><strong>Intersport Levi Rent<\/strong><\/a>&nbsp;(Address: Torikuja 4)<\/p>\n\n\n\n<div style=\"height:40px\" aria-hidden=\"true\" class=\"wp-block-spacer\"><\/div>\n<\/div><figure class=\"wp-block-media-text__media\"><img loading=\"lazy\" decoding=\"async\" width=\"1024\" height=\"1024\" src=\"https:\/\/www.kassiopeia.fi\/hotel-levi-panorama\/wp-content\/uploads\/sites\/3\/2024\/10\/sukset-1024x1024.jpg\" alt=\"\" class=\"wp-image-902 size-full\" style=\"object-position:50% 50%\" srcset=\"https:\/\/www.kassiopeia.fi\/hotel-levi-panorama\/wp-content\/uploads\/sites\/3\/2024\/10\/sukset-1024x1024.jpg 1024w, https:\/\/www.kassiopeia.fi\/hotel-levi-panorama\/wp-content\/uploads\/sites\/3\/2024\/10\/sukset-300x300.jpg 300w, https:\/\/www.kassiopeia.fi\/hotel-levi-panorama\/wp-content\/uploads\/sites\/3\/2024\/10\/sukset-150x150.jpg 150w, https:\/\/www.kassiopeia.fi\/hotel-levi-panorama\/wp-content\/uploads\/sites\/3\/2024\/10\/sukset-768x768.jpg 768w, https:\/\/www.kassiopeia.fi\/hotel-levi-panorama\/wp-content\/uploads\/sites\/3\/2024\/10\/sukset.jpg 1200w\" sizes=\"auto, (max-width: 1024px) 100vw, 1024px\" \/><\/figure><\/div>\n\n\n\n<div class=\"wp-block-media-text alignwide is-stacked-on-mobile is-vertically-aligned-center is-image-fill-element\" style=\"margin-top:var(--wp--preset--spacing--60);margin-bottom:var(--wp--preset--spacing--60)\"><figure class=\"wp-block-media-text__media\"><img loading=\"lazy\" decoding=\"async\" width=\"1024\" height=\"575\" src=\"https:\/\/www.kassiopeia.fi\/hotel-levi-panorama\/wp-content\/uploads\/sites\/3\/2024\/10\/kelkka-ajo-levi-panorama-1024x575.jpg\" alt=\"\" class=\"wp-image-937 size-full\" style=\"object-position:71% 54%\" srcset=\"https:\/\/www.kassiopeia.fi\/hotel-levi-panorama\/wp-content\/uploads\/sites\/3\/2024\/10\/kelkka-ajo-levi-panorama-1024x575.jpg 1024w, https:\/\/www.kassiopeia.fi\/hotel-levi-panorama\/wp-content\/uploads\/sites\/3\/2024\/10\/kelkka-ajo-levi-panorama-300x169.jpg 300w, https:\/\/www.kassiopeia.fi\/hotel-levi-panorama\/wp-content\/uploads\/sites\/3\/2024\/10\/kelkka-ajo-levi-panorama-768x432.jpg 768w, https:\/\/www.kassiopeia.fi\/hotel-levi-panorama\/wp-content\/uploads\/sites\/3\/2024\/10\/kelkka-ajo-levi-panorama-1536x863.jpg 1536w, https:\/\/www.kassiopeia.fi\/hotel-levi-panorama\/wp-content\/uploads\/sites\/3\/2024\/10\/kelkka-ajo-levi-panorama.jpg 2000w\" sizes=\"auto, (max-width: 1024px) 100vw, 1024px\" \/><\/figure><div class=\"wp-block-media-text__content\">\n<div style=\"height:22px\" aria-hidden=\"true\" class=\"wp-block-spacer\"><\/div>\n\n\n\n<h3 class=\"wp-block-heading\" id=\"h-unforgettable-experiences-on-safari-trips-and-activities\">Unforgettable experiences on safari trips and activities<\/h3>\n\n\n\n<p><a href=\"https:\/\/levipanorama.bookingarea.bokun.io\/booking-area\/view\" target=\"_blank\" rel=\"noreferrer noopener\"><strong>Arctic Circle Snowmobile Park<\/strong><\/a><\/p>\n\n\n\n<p>Snowmobile, husky, and reindeer safaris, northern lights excursions, trips to Santa Claus Village or Snow Village, and much more.<\/p>\n\n\n\n<p>Bookable directly through the link at least 24 hours before the start of the trip. For last-minute bookings and other special requests, please contact the hotel reception or the safari company directly at +358 (0) 40 146 2210.<\/p>\n\n\n\n<p><a href=\"https:\/\/www.safartica.com\/locations\/levi\/\" target=\"_blank\" rel=\"noreferrer noopener\"><strong>Safartica<\/strong><\/a><\/p>\n\n\n\n<p>-10% discount for hotel guests from online bookings: <br>use promo code <strong>SF5988Z<\/strong><\/p>\n\n\n\n<p><a href=\"https:\/\/www.saivowild.com\/\">Saivo Wild<\/a><\/p>\n\n\n\n<p>Experience the authentic magic of Lapland in a remote village. Small-group experiences including transport.<\/p>\n\n\n\n<div style=\"height:40px\" aria-hidden=\"true\" class=\"wp-block-spacer\"><\/div>\n<\/div><\/div>\n\n\n\n<div class=\"wp-block-media-text alignwide has-media-on-the-right is-stacked-on-mobile is-vertically-aligned-center is-image-fill-element\" style=\"margin-top:var(--wp--preset--spacing--60);margin-bottom:var(--wp--preset--spacing--60)\"><div class=\"wp-block-media-text__content\">\n<div style=\"height:22px\" aria-hidden=\"true\" class=\"wp-block-spacer\"><\/div>\n\n\n\n<h3 class=\"wp-block-heading\" id=\"h-there-is-something-for-everyone-in-levi\">There is something for everyone in Levi<\/h3>\n\n\n\n<p><strong><a href=\"https:\/\/www.arcandia-en.com\/\" target=\"_blank\" rel=\"noreferrer noopener\">Adventure Park Arcandia<\/a><\/strong><br><strong>\u201cArcandia is a magical little park full of various fantasy and action experiences.\u201d<\/strong>&nbsp;Navigate through the area without a map, relying on your senses at a leisurely pace.<\/p>\n\n\n\n<p><strong>Address:<\/strong>&nbsp;Kaakkoisrinteentie 2, 99130 Sirkka<br><strong>Email:<\/strong>&nbsp;info@arcandia.fi<br><strong>Phone:<\/strong>&nbsp;+358 (0)50 3234974 (during park opening hours) +358 (0)40 5393764 (outside opening hours)<br>NOTE! Only with a prior reservation can you ensure your entry to the park.<\/p>\n\n\n\n<p><strong><a href=\"https:\/\/www.arcandia-en.com\/\" target=\"_blank\" rel=\"noreferrer noopener\">Ice Karting Levi<\/a><\/strong><br>Free transportation from Levi center at Kotipizza stop.<br><strong>Address:<\/strong>&nbsp;Yritt\u00e4j\u00e4tie 5, 99130 SIRKKA<br><strong>Email:<\/strong>&nbsp;info@icekarting.fi<br><strong>Phone:<\/strong>&nbsp;+358 44 100300<br>NOTE! Ice karting requires a prior reservation.<\/p>\n\n\n\n<p><strong><a href=\"https:\/\/www.arcandia-en.com\/\" target=\"_blank\" rel=\"noreferrer noopener\">BowlCircus Levi<\/a><\/strong><br>BowlCircus Levi has 8 glow bowling lanes, a pool table, and a bar.<br><strong>Address:<\/strong>&nbsp;Torikuja 3, 99130 Sirkka (in Cafe &amp; Bar Koda downstairs)<br><strong>Email:<\/strong>&nbsp;levi@bowlcircus.com<br><strong>Phone:<\/strong>&nbsp;+358 10 841 8861<\/p>\n\n\n\n<p><strong><a href=\"https:\/\/www.minigolflevi.fi\/\" target=\"_blank\" rel=\"noreferrer noopener\">Glow Mini Golf Levi<\/a><\/strong><br>Family-friendly glow mini golf in the center of Levi, downstairs at restaurant Hookin.<br>12 interesting and challenging mini golf courses surrounded by northern mystique and northern lights.<br><strong>Address:<\/strong>&nbsp;Laaksokuja Levinkunkku Talo C, downstairs, 99130 Sirkka<br><strong>Email:<\/strong>&nbsp;hohtogolf@minigolflevi.fi<br><strong>Phone:<\/strong>&nbsp;+358 41 7320610<\/p>\n\n\n\n<p><strong><a href=\"https:\/\/www.levihotelspa.fi\/en\/spa-water-world-levi\/\" target=\"_blank\" rel=\"noreferrer noopener\">Water World Levi<\/a><\/strong><br>Levi Hotel Spa Resort\u2019s spa world for all ages.<br><strong>Address:<\/strong>&nbsp;Levintie 1590, 99130 Sirkka<br><strong>Email:<\/strong>&nbsp;hotelli@levihotelspa.fi<br><strong>Phone:<\/strong>&nbsp;+358 (0)16 646 301<\/p>\n\n\n\n<div style=\"height:40px\" aria-hidden=\"true\" class=\"wp-block-spacer\"><\/div>\n<\/div><figure class=\"wp-block-media-text__media\"><img loading=\"lazy\" decoding=\"async\" width=\"1024\" height=\"641\" src=\"https:\/\/www.kassiopeia.fi\/hotel-levi-panorama\/wp-content\/uploads\/sites\/3\/2024\/10\/four-season_winter-1024x641.jpg\" alt=\"\" class=\"wp-image-498 size-full\" style=\"object-position:84% 46%\" srcset=\"https:\/\/www.kassiopeia.fi\/hotel-levi-panorama\/wp-content\/uploads\/sites\/3\/2024\/10\/four-season_winter-1024x641.jpg 1024w, https:\/\/www.kassiopeia.fi\/hotel-levi-panorama\/wp-content\/uploads\/sites\/3\/2024\/10\/four-season_winter-300x188.jpg 300w, https:\/\/www.kassiopeia.fi\/hotel-levi-panorama\/wp-content\/uploads\/sites\/3\/2024\/10\/four-season_winter-768x480.jpg 768w, https:\/\/www.kassiopeia.fi\/hotel-levi-panorama\/wp-content\/uploads\/sites\/3\/2024\/10\/four-season_winter-1536x961.jpg 1536w, https:\/\/www.kassiopeia.fi\/hotel-levi-panorama\/wp-content\/uploads\/sites\/3\/2024\/10\/four-season_winter.jpg 2000w\" sizes=\"auto, (max-width: 1024px) 100vw, 1024px\" \/><\/figure><\/div>\n<\/div>\n","protected":false},"excerpt":{"rendered":"<p>Hotel info \/ Activities Activities Maps and Routes in Levi Discover Levi\u2019s outdoor trails through the links below! Summer activities at discounted price Our hotel guests can purchase activities from the Levi Ski Resort online store with a 10% discount during the summer season. The discount applies to the following activities: You will get the [&hellip;]<\/p>\n","protected":false},"author":7,"featured_media":0,"parent":1002,"menu_order":0,"comment_status":"closed","ping_status":"closed","template":"blank","meta":{"_acf_changed":false,"footnotes":""},"class_list":["post-1022","page","type-page","status-publish","hentry"],"acf":[],"yoast_head":"<!-- This site is optimized with the Yoast SEO Premium plugin v27.2 (Yoast SEO v27.2) - https:\/\/yoast.com\/product\/yoast-seo-premium-wordpress\/ -->\n<title>Hotel info Activities - Hotel Levi Panorama<\/title>\n<meta name=\"robots\" content=\"noindex, nofollow\" \/>\n<meta property=\"og:locale\" content=\"en_US\" \/>\n<meta property=\"og:type\" content=\"article\" \/>\n<meta property=\"og:title\" content=\"Hotel info Activities\" \/>\n<meta property=\"og:description\" content=\"Hotel info \/ Activities Activities Maps and Routes in Levi Discover Levi\u2019s outdoor trails through the links below! Summer activities at discounted price Our hotel guests can purchase activities from the Levi Ski Resort online store with a 10% discount during the summer season. The discount applies to the following activities: You will get the [&hellip;]\" \/>\n<meta property=\"og:url\" content=\"https:\/\/www.kassiopeia.fi\/hotel-levi-panorama\/en\/hotel-info\/activities\/\" \/>\n<meta property=\"og:site_name\" content=\"Hotel Levi Panorama\" \/>\n<meta property=\"article:modified_time\" content=\"2026-03-19T11:50:41+00:00\" \/>\n<meta property=\"og:image\" content=\"https:\/\/www.kassiopeia.fi\/hotel-levi-panorama\/wp-content\/uploads\/sites\/3\/2024\/10\/hotel-levi-panorama-talvinen-ulkokuva.jpg\" \/>\n\t<meta property=\"og:image:width\" content=\"2000\" \/>\n\t<meta property=\"og:image:height\" content=\"1322\" \/>\n\t<meta property=\"og:image:type\" content=\"image\/jpeg\" \/>\n<meta name=\"twitter:card\" content=\"summary_large_image\" \/>\n<meta name=\"twitter:label1\" content=\"Est. reading time\" \/>\n\t<meta name=\"twitter:data1\" content=\"4 minutes\" \/>\n<script type=\"application\/ld+json\" class=\"yoast-schema-graph\">{\"@context\":\"https:\/\/schema.org\",\"@graph\":[{\"@type\":\"WebPage\",\"@id\":\"https:\/\/www.kassiopeia.fi\/hotel-levi-panorama\/en\/hotel-info\/activities\/\",\"url\":\"https:\/\/www.kassiopeia.fi\/hotel-levi-panorama\/en\/hotel-info\/activities\/\",\"name\":\"Hotel info Activities - Hotel Levi Panorama\",\"isPartOf\":{\"@id\":\"https:\/\/www.kassiopeia.fi\/hotel-levi-panorama\/#website\"},\"primaryImageOfPage\":{\"@id\":\"https:\/\/www.kassiopeia.fi\/hotel-levi-panorama\/en\/hotel-info\/activities\/#primaryimage\"},\"image\":{\"@id\":\"https:\/\/www.kassiopeia.fi\/hotel-levi-panorama\/en\/hotel-info\/activities\/#primaryimage\"},\"thumbnailUrl\":\"https:\/\/www.kassiopeia.fi\/hotel-levi-panorama\/wp-content\/uploads\/sites\/3\/2024\/10\/hotel-levi-panorama-talvinen-ulkokuva.jpg\",\"datePublished\":\"2024-10-17T12:11:03+00:00\",\"dateModified\":\"2026-03-19T11:50:41+00:00\",\"breadcrumb\":{\"@id\":\"https:\/\/www.kassiopeia.fi\/hotel-levi-panorama\/en\/hotel-info\/activities\/#breadcrumb\"},\"inLanguage\":\"en-US\",\"potentialAction\":[{\"@type\":\"ReadAction\",\"target\":[\"https:\/\/www.kassiopeia.fi\/hotel-levi-panorama\/en\/hotel-info\/activities\/\"]}]},{\"@type\":\"ImageObject\",\"inLanguage\":\"en-US\",\"@id\":\"https:\/\/www.kassiopeia.fi\/hotel-levi-panorama\/en\/hotel-info\/activities\/#primaryimage\",\"url\":\"https:\/\/www.kassiopeia.fi\/hotel-levi-panorama\/wp-content\/uploads\/sites\/3\/2024\/10\/hotel-levi-panorama-talvinen-ulkokuva.jpg\",\"contentUrl\":\"https:\/\/www.kassiopeia.fi\/hotel-levi-panorama\/wp-content\/uploads\/sites\/3\/2024\/10\/hotel-levi-panorama-talvinen-ulkokuva.jpg\",\"width\":2000,\"height\":1322,\"caption\":\"Hotel Levi Panoraman kuva talvella auringonlaskun aikaan.\"},{\"@type\":\"BreadcrumbList\",\"@id\":\"https:\/\/www.kassiopeia.fi\/hotel-levi-panorama\/en\/hotel-info\/activities\/#breadcrumb\",\"itemListElement\":[{\"@type\":\"ListItem\",\"position\":1,\"name\":\"Home\",\"item\":\"https:\/\/www.kassiopeia.fi\/hotel-levi-panorama\/\"},{\"@type\":\"ListItem\",\"position\":2,\"name\":\"Hotel Info\",\"item\":\"https:\/\/www.kassiopeia.fi\/hotel-levi-panorama\/en\/hotel-info\/\"},{\"@type\":\"ListItem\",\"position\":3,\"name\":\"Hotel info Activities\"}]},{\"@type\":\"WebSite\",\"@id\":\"https:\/\/www.kassiopeia.fi\/hotel-levi-panorama\/#website\",\"url\":\"https:\/\/www.kassiopeia.fi\/hotel-levi-panorama\/\",\"name\":\"Hotel Levi Panorama\",\"description\":\"\",\"potentialAction\":[{\"@type\":\"SearchAction\",\"target\":{\"@type\":\"EntryPoint\",\"urlTemplate\":\"https:\/\/www.kassiopeia.fi\/hotel-levi-panorama\/?s={search_term_string}\"},\"query-input\":{\"@type\":\"PropertyValueSpecification\",\"valueRequired\":true,\"valueName\":\"search_term_string\"}}],\"inLanguage\":\"en-US\"}]}<\/script>\n<!-- \/ Yoast SEO Premium plugin. -->","yoast_head_json":{"title":"Hotel info Activities - Hotel Levi Panorama","robots":{"index":"noindex","follow":"nofollow"},"og_locale":"en_US","og_type":"article","og_title":"Hotel info Activities","og_description":"Hotel info \/ Activities Activities Maps and Routes in Levi Discover Levi\u2019s outdoor trails through the links below! Summer activities at discounted price Our hotel guests can purchase activities from the Levi Ski Resort online store with a 10% discount during the summer season. The discount applies to the following activities: You will get the [&hellip;]","og_url":"https:\/\/www.kassiopeia.fi\/hotel-levi-panorama\/en\/hotel-info\/activities\/","og_site_name":"Hotel Levi Panorama","article_modified_time":"2026-03-19T11:50:41+00:00","og_image":[{"width":2000,"height":1322,"url":"https:\/\/www.kassiopeia.fi\/hotel-levi-panorama\/wp-content\/uploads\/sites\/3\/2024\/10\/hotel-levi-panorama-talvinen-ulkokuva.jpg","type":"image\/jpeg"}],"twitter_card":"summary_large_image","twitter_misc":{"Est. reading time":"4 minutes"},"schema":{"@context":"https:\/\/schema.org","@graph":[{"@type":"WebPage","@id":"https:\/\/www.kassiopeia.fi\/hotel-levi-panorama\/en\/hotel-info\/activities\/","url":"https:\/\/www.kassiopeia.fi\/hotel-levi-panorama\/en\/hotel-info\/activities\/","name":"Hotel info Activities - Hotel Levi Panorama","isPartOf":{"@id":"https:\/\/www.kassiopeia.fi\/hotel-levi-panorama\/#website"},"primaryImageOfPage":{"@id":"https:\/\/www.kassiopeia.fi\/hotel-levi-panorama\/en\/hotel-info\/activities\/#primaryimage"},"image":{"@id":"https:\/\/www.kassiopeia.fi\/hotel-levi-panorama\/en\/hotel-info\/activities\/#primaryimage"},"thumbnailUrl":"https:\/\/www.kassiopeia.fi\/hotel-levi-panorama\/wp-content\/uploads\/sites\/3\/2024\/10\/hotel-levi-panorama-talvinen-ulkokuva.jpg","datePublished":"2024-10-17T12:11:03+00:00","dateModified":"2026-03-19T11:50:41+00:00","breadcrumb":{"@id":"https:\/\/www.kassiopeia.fi\/hotel-levi-panorama\/en\/hotel-info\/activities\/#breadcrumb"},"inLanguage":"en-US","potentialAction":[{"@type":"ReadAction","target":["https:\/\/www.kassiopeia.fi\/hotel-levi-panorama\/en\/hotel-info\/activities\/"]}]},{"@type":"ImageObject","inLanguage":"en-US","@id":"https:\/\/www.kassiopeia.fi\/hotel-levi-panorama\/en\/hotel-info\/activities\/#primaryimage","url":"https:\/\/www.kassiopeia.fi\/hotel-levi-panorama\/wp-content\/uploads\/sites\/3\/2024\/10\/hotel-levi-panorama-talvinen-ulkokuva.jpg","contentUrl":"https:\/\/www.kassiopeia.fi\/hotel-levi-panorama\/wp-content\/uploads\/sites\/3\/2024\/10\/hotel-levi-panorama-talvinen-ulkokuva.jpg","width":2000,"height":1322,"caption":"Hotel Levi Panoraman kuva talvella auringonlaskun aikaan."},{"@type":"BreadcrumbList","@id":"https:\/\/www.kassiopeia.fi\/hotel-levi-panorama\/en\/hotel-info\/activities\/#breadcrumb","itemListElement":[{"@type":"ListItem","position":1,"name":"Home","item":"https:\/\/www.kassiopeia.fi\/hotel-levi-panorama\/"},{"@type":"ListItem","position":2,"name":"Hotel Info","item":"https:\/\/www.kassiopeia.fi\/hotel-levi-panorama\/en\/hotel-info\/"},{"@type":"ListItem","position":3,"name":"Hotel info Activities"}]},{"@type":"WebSite","@id":"https:\/\/www.kassiopeia.fi\/hotel-levi-panorama\/#website","url":"https:\/\/www.kassiopeia.fi\/hotel-levi-panorama\/","name":"Hotel Levi Panorama","description":"","potentialAction":[{"@type":"SearchAction","target":{"@type":"EntryPoint","urlTemplate":"https:\/\/www.kassiopeia.fi\/hotel-levi-panorama\/?s={search_term_string}"},"query-input":{"@type":"PropertyValueSpecification","valueRequired":true,"valueName":"search_term_string"}}],"inLanguage":"en-US"}]}},"lang":"en","translations":{"en":1022},"pll_sync_post":[],"_links":{"self":[{"href":"https:\/\/www.kassiopeia.fi\/hotel-levi-panorama\/wp-json\/wp\/v2\/pages\/1022","targetHints":{"allow":["GET"]}}],"collection":[{"href":"https:\/\/www.kassiopeia.fi\/hotel-levi-panorama\/wp-json\/wp\/v2\/pages"}],"about":[{"href":"https:\/\/www.kassiopeia.fi\/hotel-levi-panorama\/wp-json\/wp\/v2\/types\/page"}],"author":[{"embeddable":true,"href":"https:\/\/www.kassiopeia.fi\/hotel-levi-panorama\/wp-json\/wp\/v2\/users\/7"}],"replies":[{"embeddable":true,"href":"https:\/\/www.kassiopeia.fi\/hotel-levi-panorama\/wp-json\/wp\/v2\/comments?post=1022"}],"version-history":[{"count":19,"href":"https:\/\/www.kassiopeia.fi\/hotel-levi-panorama\/wp-json\/wp\/v2\/pages\/1022\/revisions"}],"predecessor-version":[{"id":7078,"href":"https:\/\/www.kassiopeia.fi\/hotel-levi-panorama\/wp-json\/wp\/v2\/pages\/1022\/revisions\/7078"}],"up":[{"embeddable":true,"href":"https:\/\/www.kassiopeia.fi\/hotel-levi-panorama\/wp-json\/wp\/v2\/pages\/1002"}],"wp:attachment":[{"href":"https:\/\/www.kassiopeia.fi\/hotel-levi-panorama\/wp-json\/wp\/v2\/media?parent=1022"}],"curies":[{"name":"wp","href":"https:\/\/api.w.org\/{rel}","templated":true}]}}