{"id":972,"date":"2024-11-01T08:49:26","date_gmt":"2024-11-01T08:49:26","guid":{"rendered":"https:\/\/www.kassiopeia.fi\/hotel-k5-levi\/?page_id=972"},"modified":"2024-12-20T10:34:30","modified_gmt":"2024-12-20T10:34:30","slug":"ravintolat","status":"publish","type":"page","link":"https:\/\/www.kassiopeia.fi\/hotel-k5-levi\/hotelli-info\/ravintolat\/","title":{"rendered":"Hotelli-info Ravintolat"},"content":{"rendered":"\n<div class=\"wp-block-cover alignfull is-light cover-hero wp-duotone-unset-1\" style=\"margin-top:0px;margin-bottom:0px;padding-top:0px;padding-right:0px;padding-bottom:0px;padding-left:0px;min-height:30vw;aspect-ratio:unset;\"><span aria-hidden=\"true\" class=\"wp-block-cover__background has-black-background-color has-background-dim-0 has-background-dim\"><\/span><img loading=\"lazy\" decoding=\"async\" width=\"2000\" height=\"1500\" class=\"wp-block-cover__image-background wp-image-28\" alt=\"\" src=\"https:\/\/www.kassiopeia.fi\/hotel-k5-levi\/wp-content\/uploads\/sites\/4\/2024\/10\/Hotel-K5-Levi_hero.jpg\" style=\"object-position:50% 65%\" data-object-fit=\"cover\" data-object-position=\"50% 65%\" srcset=\"https:\/\/www.kassiopeia.fi\/hotel-k5-levi\/wp-content\/uploads\/sites\/4\/2024\/10\/Hotel-K5-Levi_hero.jpg 2000w, https:\/\/www.kassiopeia.fi\/hotel-k5-levi\/wp-content\/uploads\/sites\/4\/2024\/10\/Hotel-K5-Levi_hero-300x225.jpg 300w, https:\/\/www.kassiopeia.fi\/hotel-k5-levi\/wp-content\/uploads\/sites\/4\/2024\/10\/Hotel-K5-Levi_hero-1024x768.jpg 1024w, https:\/\/www.kassiopeia.fi\/hotel-k5-levi\/wp-content\/uploads\/sites\/4\/2024\/10\/Hotel-K5-Levi_hero-768x576.jpg 768w, https:\/\/www.kassiopeia.fi\/hotel-k5-levi\/wp-content\/uploads\/sites\/4\/2024\/10\/Hotel-K5-Levi_hero-1536x1152.jpg 1536w\" sizes=\"auto, (max-width: 2000px) 100vw, 2000px\" \/><div class=\"wp-block-cover__inner-container is-layout-flow wp-container-core-cover-is-layout-6e17fc20 wp-block-cover-is-layout-flow\">\n<h1 class=\"wp-block-heading has-text-align-center\" id=\"h-\" style=\"font-size:70px\"><\/h1>\n\n\n\n<p><\/p>\n<\/div><\/div>\n\n\n\n<div class=\"wp-block-group alignfull has-k-5-levi-9-background-color has-background is-layout-constrained wp-container-core-group-is-layout-35abefa8 wp-block-group-is-layout-constrained\" style=\"margin-top:0;margin-bottom:0;padding-top:var(--wp--preset--spacing--40);padding-right:var(--wp--preset--spacing--40);padding-bottom:0;padding-left:var(--wp--preset--spacing--40)\">\n<p class=\"link-blank has-text-color has-link-color has-small-font-size wp-elements-634bfc993966651d167f49e6630c55e4\" style=\"color:#929292\"><a href=\"https:\/\/www.kassiopeia.fi\/hotel-k5-levi\/hotelli-info\/\">Hotelli-info<\/a> \/ Ravintolat<\/p>\n<\/div>\n\n\n\n<div class=\"wp-block-group alignfull has-k-5-levi-9-background-color has-background is-layout-constrained wp-container-core-group-is-layout-0c9c989a wp-block-group-is-layout-constrained\" style=\"margin-top:0;margin-bottom:0;padding-top:var(--wp--preset--spacing--70);padding-right:var(--wp--preset--spacing--40);padding-bottom:var(--wp--preset--spacing--70);padding-left:var(--wp--preset--spacing--40)\">\n<h2 class=\"wp-block-heading has-hotel-matts-6-color has-text-color has-link-color wp-elements-3c5562a3fb47151ca9f399cbe45b01ec\" id=\"h-ravintolat\">Ravintolat<\/h2>\n\n\n\n<div class=\"wp-block-columns is-layout-flex wp-container-core-columns-is-layout-28232c24 wp-block-columns-is-layout-flex\">\n<div class=\"wp-block-column has-white-background-color has-background is-layout-flow wp-block-column-is-layout-flow\" style=\"flex-basis:49%\">\n<figure class=\"wp-block-image size-full\"><img loading=\"lazy\" decoding=\"async\" width=\"2000\" height=\"1125\" src=\"https:\/\/www.kassiopeia.fi\/hotel-k5-levi\/wp-content\/uploads\/sites\/4\/2024\/10\/BistroK5-ravintola-levi-baari.jpg\" alt=\"\" class=\"wp-image-381\" style=\"aspect-ratio:16\/9;object-fit:cover\" srcset=\"https:\/\/www.kassiopeia.fi\/hotel-k5-levi\/wp-content\/uploads\/sites\/4\/2024\/10\/BistroK5-ravintola-levi-baari.jpg 2000w, https:\/\/www.kassiopeia.fi\/hotel-k5-levi\/wp-content\/uploads\/sites\/4\/2024\/10\/BistroK5-ravintola-levi-baari-300x169.jpg 300w, https:\/\/www.kassiopeia.fi\/hotel-k5-levi\/wp-content\/uploads\/sites\/4\/2024\/10\/BistroK5-ravintola-levi-baari-1024x576.jpg 1024w, https:\/\/www.kassiopeia.fi\/hotel-k5-levi\/wp-content\/uploads\/sites\/4\/2024\/10\/BistroK5-ravintola-levi-baari-768x432.jpg 768w, https:\/\/www.kassiopeia.fi\/hotel-k5-levi\/wp-content\/uploads\/sites\/4\/2024\/10\/BistroK5-ravintola-levi-baari-1536x864.jpg 1536w\" sizes=\"auto, (max-width: 2000px) 100vw, 2000px\" \/><\/figure>\n<\/div>\n\n\n\n<div class=\"wp-block-column has-white-background-color has-background is-layout-flow wp-block-column-is-layout-flow\" style=\"padding-top:var(--wp--preset--spacing--70);padding-right:var(--wp--preset--spacing--70);padding-bottom:var(--wp--preset--spacing--70);padding-left:var(--wp--preset--spacing--70)\">\n<h3 class=\"wp-block-heading has-text-align-center\" id=\"h-ravintola-katka\">Ravintola K\u00e4tk\u00e4<\/h3>\n\n\n\n\n<style>\n    #wp-block-acf-tietokentat-1749130218 p {\n        margin: 0px;\n        margin-bottom: 9px;\n        <br \/>\n<b>Warning<\/b>:  Undefined variable $textAlign in <b>\/var\/www\/kassiopeia.fi\/git-repo\/kassiopeia\/kassiopeia-custom-blocks\/blocks\/tietokentat\/block.php<\/b> on line <b>74<\/b><br \/>\n    }\n<\/style>\n\n<div class=\"align wp-block-acf-tietokentat has-text-color has-black-color\" id=\"wp-block-acf-tietokentat-1749130218\"><p style=\"text-align: center\"><strong><a href=\"https:\/\/www.kassiopeia.fi\/hotel-k5-levi\/en\/restaurant-katka\/breakfast\/\">Breakfast <\/a><\/strong><a href=\"https:\/\/www.kassiopeia.fi\/hotel-k5-levi\/en\/restaurant-katka\/breakfast\/\">\u2794<\/a><br \/>\nMon\u2013Fri 7.00\u201310.00 a.m.<br \/>\nSat\u2013Sun 7.00\u201310.30 a.m.<br \/>\nUntil April 19<\/p>\n<p style=\"text-align: center\"><strong><a href=\"https:\/\/www.kassiopeia.fi\/hotel-k5-levi\/en\/restaurant-katka\/lunch\/\">Lunch <\/a><\/strong><a href=\"https:\/\/www.kassiopeia.fi\/hotel-k5-levi\/en\/restaurant-katka\/lunch\/\">\u2794<\/a><br \/>\nMon\u2013Fri 11am to 2pm<br \/>\nUntil 17.4.<\/p>\n<p style=\"text-align: center\"><strong><a href=\"https:\/\/www.kassiopeia.fi\/hotel-k5-levi\/en\/cafe-katka-2\/\">Caf\u00e9 K\u00e4tk\u00e4 <\/a><\/strong><a href=\"https:\/\/www.kassiopeia.fi\/hotel-k5-levi\/en\/cafe-katka-2\/\">\u2794<\/a><br \/>\n10.00 a.m.\u20136.00 p.m. until April 12<br \/>\n13.4.-18.4. 10am to 4pm<\/p>\n<p style=\"text-align: center\"><strong><a href=\"https:\/\/www.kassiopeia.fi\/hotel-k5-levi\/en\/restaurant-katka\/drinks\/\">Lobby Bar <\/a><\/strong><a href=\"https:\/\/www.kassiopeia.fi\/hotel-k5-levi\/en\/restaurant-katka\/drinks\/\">\u2794<\/a><br \/>\n9:00 a.m. \u2013 1:30 a.m<\/p>\n<p>&nbsp;<\/p>\n<\/div>\n\n\n\n<h3 class=\"wp-block-heading has-text-align-center\" id=\"h-saamen-kammi\">Saamen Kammi<\/h3>\n\n\n\n<p class=\"has-text-align-center\">Saamen Kammi on aitoa lappilaista ruokaa tarjoava ravintola Levill\u00e4. Ravintola on maan alle rakennettu, perinteinen saamelainen turvekammi Hotel K5 Levin pihapiiriss\u00e4.<\/p>\n\n\n\n<p class=\"has-text-align-center\">Aukioloajat ja varaukset&nbsp;<a href=\"https:\/\/www.kammi.fi\/\" target=\"_blank\" rel=\"noreferrer noopener\">Saamen Kammin sivuilta<\/a>.&nbsp;Suljettu kes\u00e4ksi.<\/p>\n<\/div>\n<\/div>\n\n\n\n<div class=\"wp-block-columns is-layout-flex wp-container-core-columns-is-layout-28232c24 wp-block-columns-is-layout-flex\">\n<div class=\"wp-block-column has-white-background-color has-background is-layout-flow wp-block-column-is-layout-flow\" style=\"padding-top:var(--wp--preset--spacing--70);padding-right:var(--wp--preset--spacing--70);padding-bottom:var(--wp--preset--spacing--70);padding-left:var(--wp--preset--spacing--70)\">\n<h3 class=\"wp-block-heading has-text-align-center\" id=\"h-hotel-levi-panoraman-ravintolat\"><strong>Hotel Levi Panoraman ravintolat<\/strong><\/h3>\n\n\n\n<p class=\"has-text-align-center\">Tutustu my\u00f6s&nbsp;<a href=\"https:\/\/www.kassiopeia.fi\/hotel-levi-panorama\/ravintolat\/\" target=\"_blank\" rel=\"noreferrer noopener\">Hotel Levi Panoraman<\/a>&nbsp;ravintolatarjontaan.<\/p>\n\n\n\n<p class=\"has-text-align-center\">Hotel Levi Panoramasta l\u00f6yd\u00e4t monipuolisen ravintolatarjonnan, jonka \u00e4\u00e4reen p\u00e4\u00e4set suoraan rinteest\u00e4!<\/p>\n<\/div>\n\n\n\n<div class=\"wp-block-column has-white-background-color has-background is-layout-flow wp-block-column-is-layout-flow\" style=\"flex-basis:49%\">\n<figure class=\"wp-block-image size-full\"><img loading=\"lazy\" decoding=\"async\" width=\"2048\" height=\"1365\" src=\"https:\/\/www.kassiopeia.fi\/hotel-k5-levi\/wp-content\/uploads\/sites\/4\/2024\/10\/Ravintola-Panorama-illallinen-viinin-kera-muokattu.jpg\" alt=\"\" class=\"wp-image-674\" style=\"aspect-ratio:16\/9;object-fit:cover\" srcset=\"https:\/\/www.kassiopeia.fi\/hotel-k5-levi\/wp-content\/uploads\/sites\/4\/2024\/10\/Ravintola-Panorama-illallinen-viinin-kera-muokattu.jpg 2048w, https:\/\/www.kassiopeia.fi\/hotel-k5-levi\/wp-content\/uploads\/sites\/4\/2024\/10\/Ravintola-Panorama-illallinen-viinin-kera-muokattu-300x200.jpg 300w, https:\/\/www.kassiopeia.fi\/hotel-k5-levi\/wp-content\/uploads\/sites\/4\/2024\/10\/Ravintola-Panorama-illallinen-viinin-kera-muokattu-1024x683.jpg 1024w, https:\/\/www.kassiopeia.fi\/hotel-k5-levi\/wp-content\/uploads\/sites\/4\/2024\/10\/Ravintola-Panorama-illallinen-viinin-kera-muokattu-768x512.jpg 768w, https:\/\/www.kassiopeia.fi\/hotel-k5-levi\/wp-content\/uploads\/sites\/4\/2024\/10\/Ravintola-Panorama-illallinen-viinin-kera-muokattu-1536x1024.jpg 1536w\" sizes=\"auto, (max-width: 2048px) 100vw, 2048px\" \/><\/figure>\n<\/div>\n<\/div>\n<\/div>\n","protected":false},"excerpt":{"rendered":"<p>Hotelli-info \/ Ravintolat Ravintolat Ravintola K\u00e4tk\u00e4 Saamen Kammi Saamen Kammi on aitoa lappilaista ruokaa tarjoava ravintola Levill\u00e4. Ravintola on maan alle rakennettu, perinteinen saamelainen turvekammi Hotel K5 Levin pihapiiriss\u00e4. Aukioloajat ja varaukset&nbsp;Saamen Kammin sivuilta.&nbsp;Suljettu kes\u00e4ksi. Hotel Levi Panoraman ravintolat Tutustu my\u00f6s&nbsp;Hotel Levi Panoraman&nbsp;ravintolatarjontaan. Hotel Levi Panoramasta l\u00f6yd\u00e4t monipuolisen ravintolatarjonnan, jonka \u00e4\u00e4reen p\u00e4\u00e4set suoraan rinteest\u00e4!<\/p>\n","protected":false},"author":7,"featured_media":0,"parent":884,"menu_order":0,"comment_status":"closed","ping_status":"closed","template":"blank","meta":{"_acf_changed":false,"footnotes":""},"class_list":["post-972","page","type-page","status-publish","hentry"],"acf":[],"yoast_head":"<!-- This site is optimized with the Yoast SEO Premium plugin v27.2 (Yoast SEO v27.2) - https:\/\/yoast.com\/product\/yoast-seo-premium-wordpress\/ -->\n<title>Hotelli-info Ravintolat - Hotel K5 Levi<\/title>\n<meta name=\"robots\" content=\"index, follow, max-snippet:-1, max-image-preview:large, max-video-preview:-1\" \/>\n<link rel=\"canonical\" href=\"https:\/\/www.kassiopeia.fi\/hotel-k5-levi\/hotelli-info\/ravintolat\/\" \/>\n<meta property=\"og:locale\" content=\"en_US\" \/>\n<meta property=\"og:type\" content=\"article\" \/>\n<meta property=\"og:title\" content=\"Hotelli-info Ravintolat\" \/>\n<meta property=\"og:description\" content=\"Hotelli-info \/ Ravintolat Ravintolat Ravintola K\u00e4tk\u00e4 Saamen Kammi Saamen Kammi on aitoa lappilaista ruokaa tarjoava ravintola Levill\u00e4. Ravintola on maan alle rakennettu, perinteinen saamelainen turvekammi Hotel K5 Levin pihapiiriss\u00e4. Aukioloajat ja varaukset&nbsp;Saamen Kammin sivuilta.&nbsp;Suljettu kes\u00e4ksi. Hotel Levi Panoraman ravintolat Tutustu my\u00f6s&nbsp;Hotel Levi Panoraman&nbsp;ravintolatarjontaan. Hotel Levi Panoramasta l\u00f6yd\u00e4t monipuolisen ravintolatarjonnan, jonka \u00e4\u00e4reen p\u00e4\u00e4set suoraan rinteest\u00e4!\" \/>\n<meta property=\"og:url\" content=\"https:\/\/www.kassiopeia.fi\/hotel-k5-levi\/hotelli-info\/ravintolat\/\" \/>\n<meta property=\"og:site_name\" content=\"Hotel K5 Levi\" \/>\n<meta property=\"article:modified_time\" content=\"2024-12-20T10:34:30+00:00\" \/>\n<meta property=\"og:image\" content=\"https:\/\/www.kassiopeia.fi\/hotel-k5-levi\/wp-content\/uploads\/sites\/4\/2024\/10\/Hotel-K5-Levi_hero.jpg\" \/>\n\t<meta property=\"og:image:width\" content=\"2000\" \/>\n\t<meta property=\"og:image:height\" content=\"1500\" \/>\n\t<meta property=\"og:image:type\" content=\"image\/jpeg\" \/>\n<meta name=\"twitter:card\" content=\"summary_large_image\" \/>\n<meta name=\"twitter:label1\" content=\"Est. reading time\" \/>\n\t<meta name=\"twitter:data1\" content=\"1 minute\" \/>\n<script type=\"application\/ld+json\" class=\"yoast-schema-graph\">{\"@context\":\"https:\/\/schema.org\",\"@graph\":[{\"@type\":\"WebPage\",\"@id\":\"https:\/\/www.kassiopeia.fi\/hotel-k5-levi\/hotelli-info\/ravintolat\/\",\"url\":\"https:\/\/www.kassiopeia.fi\/hotel-k5-levi\/hotelli-info\/ravintolat\/\",\"name\":\"Hotelli-info Ravintolat - Hotel K5 Levi\",\"isPartOf\":{\"@id\":\"https:\/\/www.kassiopeia.fi\/hotel-k5-levi\/#website\"},\"primaryImageOfPage\":{\"@id\":\"https:\/\/www.kassiopeia.fi\/hotel-k5-levi\/hotelli-info\/ravintolat\/#primaryimage\"},\"image\":{\"@id\":\"https:\/\/www.kassiopeia.fi\/hotel-k5-levi\/hotelli-info\/ravintolat\/#primaryimage\"},\"thumbnailUrl\":\"https:\/\/www.kassiopeia.fi\/hotel-k5-levi\/wp-content\/uploads\/sites\/4\/2024\/10\/Hotel-K5-Levi_hero.jpg\",\"datePublished\":\"2024-11-01T08:49:26+00:00\",\"dateModified\":\"2024-12-20T10:34:30+00:00\",\"breadcrumb\":{\"@id\":\"https:\/\/www.kassiopeia.fi\/hotel-k5-levi\/hotelli-info\/ravintolat\/#breadcrumb\"},\"inLanguage\":\"en-US\",\"potentialAction\":[{\"@type\":\"ReadAction\",\"target\":[\"https:\/\/www.kassiopeia.fi\/hotel-k5-levi\/hotelli-info\/ravintolat\/\"]}]},{\"@type\":\"ImageObject\",\"inLanguage\":\"en-US\",\"@id\":\"https:\/\/www.kassiopeia.fi\/hotel-k5-levi\/hotelli-info\/ravintolat\/#primaryimage\",\"url\":\"https:\/\/www.kassiopeia.fi\/hotel-k5-levi\/wp-content\/uploads\/sites\/4\/2024\/10\/Hotel-K5-Levi_hero.jpg\",\"contentUrl\":\"https:\/\/www.kassiopeia.fi\/hotel-k5-levi\/wp-content\/uploads\/sites\/4\/2024\/10\/Hotel-K5-Levi_hero.jpg\",\"width\":2000,\"height\":1500,\"caption\":\"Hotel K5 Levi ulkoa talvella.\"},{\"@type\":\"BreadcrumbList\",\"@id\":\"https:\/\/www.kassiopeia.fi\/hotel-k5-levi\/hotelli-info\/ravintolat\/#breadcrumb\",\"itemListElement\":[{\"@type\":\"ListItem\",\"position\":1,\"name\":\"Home\",\"item\":\"https:\/\/www.kassiopeia.fi\/hotel-k5-levi\/\"},{\"@type\":\"ListItem\",\"position\":2,\"name\":\"Hotelli-info\",\"item\":\"https:\/\/www.kassiopeia.fi\/hotel-k5-levi\/hotelli-info\/\"},{\"@type\":\"ListItem\",\"position\":3,\"name\":\"Hotelli-info Ravintolat\"}]},{\"@type\":\"WebSite\",\"@id\":\"https:\/\/www.kassiopeia.fi\/hotel-k5-levi\/#website\",\"url\":\"https:\/\/www.kassiopeia.fi\/hotel-k5-levi\/\",\"name\":\"Hotel K5 Levi\",\"description\":\"\",\"potentialAction\":[{\"@type\":\"SearchAction\",\"target\":{\"@type\":\"EntryPoint\",\"urlTemplate\":\"https:\/\/www.kassiopeia.fi\/hotel-k5-levi\/?s={search_term_string}\"},\"query-input\":{\"@type\":\"PropertyValueSpecification\",\"valueRequired\":true,\"valueName\":\"search_term_string\"}}],\"inLanguage\":\"en-US\"}]}<\/script>\n<!-- \/ Yoast SEO Premium plugin. -->","yoast_head_json":{"title":"Hotelli-info Ravintolat - Hotel K5 Levi","robots":{"index":"index","follow":"follow","max-snippet":"max-snippet:-1","max-image-preview":"max-image-preview:large","max-video-preview":"max-video-preview:-1"},"canonical":"https:\/\/www.kassiopeia.fi\/hotel-k5-levi\/hotelli-info\/ravintolat\/","og_locale":"en_US","og_type":"article","og_title":"Hotelli-info Ravintolat","og_description":"Hotelli-info \/ Ravintolat Ravintolat Ravintola K\u00e4tk\u00e4 Saamen Kammi Saamen Kammi on aitoa lappilaista ruokaa tarjoava ravintola Levill\u00e4. Ravintola on maan alle rakennettu, perinteinen saamelainen turvekammi Hotel K5 Levin pihapiiriss\u00e4. Aukioloajat ja varaukset&nbsp;Saamen Kammin sivuilta.&nbsp;Suljettu kes\u00e4ksi. Hotel Levi Panoraman ravintolat Tutustu my\u00f6s&nbsp;Hotel Levi Panoraman&nbsp;ravintolatarjontaan. Hotel Levi Panoramasta l\u00f6yd\u00e4t monipuolisen ravintolatarjonnan, jonka \u00e4\u00e4reen p\u00e4\u00e4set suoraan rinteest\u00e4!","og_url":"https:\/\/www.kassiopeia.fi\/hotel-k5-levi\/hotelli-info\/ravintolat\/","og_site_name":"Hotel K5 Levi","article_modified_time":"2024-12-20T10:34:30+00:00","og_image":[{"width":2000,"height":1500,"url":"https:\/\/www.kassiopeia.fi\/hotel-k5-levi\/wp-content\/uploads\/sites\/4\/2024\/10\/Hotel-K5-Levi_hero.jpg","type":"image\/jpeg"}],"twitter_card":"summary_large_image","twitter_misc":{"Est. reading time":"1 minute"},"schema":{"@context":"https:\/\/schema.org","@graph":[{"@type":"WebPage","@id":"https:\/\/www.kassiopeia.fi\/hotel-k5-levi\/hotelli-info\/ravintolat\/","url":"https:\/\/www.kassiopeia.fi\/hotel-k5-levi\/hotelli-info\/ravintolat\/","name":"Hotelli-info Ravintolat - Hotel K5 Levi","isPartOf":{"@id":"https:\/\/www.kassiopeia.fi\/hotel-k5-levi\/#website"},"primaryImageOfPage":{"@id":"https:\/\/www.kassiopeia.fi\/hotel-k5-levi\/hotelli-info\/ravintolat\/#primaryimage"},"image":{"@id":"https:\/\/www.kassiopeia.fi\/hotel-k5-levi\/hotelli-info\/ravintolat\/#primaryimage"},"thumbnailUrl":"https:\/\/www.kassiopeia.fi\/hotel-k5-levi\/wp-content\/uploads\/sites\/4\/2024\/10\/Hotel-K5-Levi_hero.jpg","datePublished":"2024-11-01T08:49:26+00:00","dateModified":"2024-12-20T10:34:30+00:00","breadcrumb":{"@id":"https:\/\/www.kassiopeia.fi\/hotel-k5-levi\/hotelli-info\/ravintolat\/#breadcrumb"},"inLanguage":"en-US","potentialAction":[{"@type":"ReadAction","target":["https:\/\/www.kassiopeia.fi\/hotel-k5-levi\/hotelli-info\/ravintolat\/"]}]},{"@type":"ImageObject","inLanguage":"en-US","@id":"https:\/\/www.kassiopeia.fi\/hotel-k5-levi\/hotelli-info\/ravintolat\/#primaryimage","url":"https:\/\/www.kassiopeia.fi\/hotel-k5-levi\/wp-content\/uploads\/sites\/4\/2024\/10\/Hotel-K5-Levi_hero.jpg","contentUrl":"https:\/\/www.kassiopeia.fi\/hotel-k5-levi\/wp-content\/uploads\/sites\/4\/2024\/10\/Hotel-K5-Levi_hero.jpg","width":2000,"height":1500,"caption":"Hotel K5 Levi ulkoa talvella."},{"@type":"BreadcrumbList","@id":"https:\/\/www.kassiopeia.fi\/hotel-k5-levi\/hotelli-info\/ravintolat\/#breadcrumb","itemListElement":[{"@type":"ListItem","position":1,"name":"Home","item":"https:\/\/www.kassiopeia.fi\/hotel-k5-levi\/"},{"@type":"ListItem","position":2,"name":"Hotelli-info","item":"https:\/\/www.kassiopeia.fi\/hotel-k5-levi\/hotelli-info\/"},{"@type":"ListItem","position":3,"name":"Hotelli-info Ravintolat"}]},{"@type":"WebSite","@id":"https:\/\/www.kassiopeia.fi\/hotel-k5-levi\/#website","url":"https:\/\/www.kassiopeia.fi\/hotel-k5-levi\/","name":"Hotel K5 Levi","description":"","potentialAction":[{"@type":"SearchAction","target":{"@type":"EntryPoint","urlTemplate":"https:\/\/www.kassiopeia.fi\/hotel-k5-levi\/?s={search_term_string}"},"query-input":{"@type":"PropertyValueSpecification","valueRequired":true,"valueName":"search_term_string"}}],"inLanguage":"en-US"}]}},"lang":"fi","translations":{"fi":972},"pll_sync_post":[],"_links":{"self":[{"href":"https:\/\/www.kassiopeia.fi\/hotel-k5-levi\/wp-json\/wp\/v2\/pages\/972","targetHints":{"allow":["GET"]}}],"collection":[{"href":"https:\/\/www.kassiopeia.fi\/hotel-k5-levi\/wp-json\/wp\/v2\/pages"}],"about":[{"href":"https:\/\/www.kassiopeia.fi\/hotel-k5-levi\/wp-json\/wp\/v2\/types\/page"}],"author":[{"embeddable":true,"href":"https:\/\/www.kassiopeia.fi\/hotel-k5-levi\/wp-json\/wp\/v2\/users\/7"}],"replies":[{"embeddable":true,"href":"https:\/\/www.kassiopeia.fi\/hotel-k5-levi\/wp-json\/wp\/v2\/comments?post=972"}],"version-history":[{"count":6,"href":"https:\/\/www.kassiopeia.fi\/hotel-k5-levi\/wp-json\/wp\/v2\/pages\/972\/revisions"}],"predecessor-version":[{"id":1865,"href":"https:\/\/www.kassiopeia.fi\/hotel-k5-levi\/wp-json\/wp\/v2\/pages\/972\/revisions\/1865"}],"up":[{"embeddable":true,"href":"https:\/\/www.kassiopeia.fi\/hotel-k5-levi\/wp-json\/wp\/v2\/pages\/884"}],"wp:attachment":[{"href":"https:\/\/www.kassiopeia.fi\/hotel-k5-levi\/wp-json\/wp\/v2\/media?parent=972"}],"curies":[{"name":"wp","href":"https:\/\/api.w.org\/{rel}","templated":true}]}}