{"id":964,"date":"2024-11-01T08:50:01","date_gmt":"2024-11-01T08:50:01","guid":{"rendered":"https:\/\/www.kassiopeia.fi\/hotel-k5-levi\/?page_id=964"},"modified":"2025-11-03T10:07:23","modified_gmt":"2025-11-03T10:07:23","slug":"hotelli","status":"publish","type":"page","link":"https:\/\/www.kassiopeia.fi\/hotel-k5-levi\/hotelli-info\/hotelli\/","title":{"rendered":"Hotelli-info Hotelli"},"content":{"rendered":"\n<div class=\"wp-block-cover alignfull is-light cover-hero wp-duotone-unset-1\" style=\"margin-top:0px;margin-bottom:0px;padding-top:0px;padding-right:0px;padding-bottom:0px;padding-left:0px;min-height:30vw;aspect-ratio:unset;\"><img loading=\"lazy\" decoding=\"async\" width=\"2000\" height=\"1500\" class=\"wp-block-cover__image-background wp-image-28\" alt=\"\" src=\"https:\/\/www.kassiopeia.fi\/hotel-k5-levi\/wp-content\/uploads\/sites\/4\/2024\/10\/Hotel-K5-Levi_hero.jpg\" style=\"object-position:50% 65%\" data-object-fit=\"cover\" data-object-position=\"50% 65%\" srcset=\"https:\/\/www.kassiopeia.fi\/hotel-k5-levi\/wp-content\/uploads\/sites\/4\/2024\/10\/Hotel-K5-Levi_hero.jpg 2000w, https:\/\/www.kassiopeia.fi\/hotel-k5-levi\/wp-content\/uploads\/sites\/4\/2024\/10\/Hotel-K5-Levi_hero-300x225.jpg 300w, https:\/\/www.kassiopeia.fi\/hotel-k5-levi\/wp-content\/uploads\/sites\/4\/2024\/10\/Hotel-K5-Levi_hero-1024x768.jpg 1024w, https:\/\/www.kassiopeia.fi\/hotel-k5-levi\/wp-content\/uploads\/sites\/4\/2024\/10\/Hotel-K5-Levi_hero-768x576.jpg 768w, https:\/\/www.kassiopeia.fi\/hotel-k5-levi\/wp-content\/uploads\/sites\/4\/2024\/10\/Hotel-K5-Levi_hero-1536x1152.jpg 1536w\" sizes=\"auto, (max-width: 2000px) 100vw, 2000px\" \/><span aria-hidden=\"true\" class=\"wp-block-cover__background has-black-background-color has-background-dim-0 has-background-dim\"><\/span><div class=\"wp-block-cover__inner-container is-layout-flow wp-container-core-cover-is-layout-6e17fc20 wp-block-cover-is-layout-flow\">\n<h1 class=\"wp-block-heading has-text-align-center\" id=\"h-\" style=\"font-size:70px\"><\/h1>\n\n\n\n<p><\/p>\n<\/div><\/div>\n\n\n\n<div class=\"wp-block-group alignfull has-k-5-levi-9-background-color has-background is-layout-constrained wp-container-core-group-is-layout-35abefa8 wp-block-group-is-layout-constrained\" style=\"margin-top:0;margin-bottom:0;padding-top:var(--wp--preset--spacing--40);padding-right:var(--wp--preset--spacing--40);padding-bottom:0;padding-left:var(--wp--preset--spacing--40)\">\n<p class=\"link-blank has-text-color has-link-color has-small-font-size wp-elements-3524d082e9ec578465f553aae671f428\" style=\"color:#929292\"><a href=\"https:\/\/www.kassiopeia.fi\/hotel-k5-levi\/hotelli-info\/\">Hotelli-info<\/a> \/ Hotel K5 Levi<\/p>\n<\/div>\n\n\n\n<div class=\"wp-block-group alignfull has-k-5-levi-9-background-color has-background is-layout-constrained wp-container-core-group-is-layout-0c9c989a wp-block-group-is-layout-constrained\" style=\"margin-top:0;margin-bottom:0;padding-top:var(--wp--preset--spacing--70);padding-right:var(--wp--preset--spacing--40);padding-bottom:var(--wp--preset--spacing--70);padding-left:var(--wp--preset--spacing--40)\">\n<h2 class=\"wp-block-heading has-hotel-matts-6-color has-text-color has-link-color wp-elements-37a3a9cbd03ee7ee2c3ae1b4c3320594\" id=\"h-hotel-k5-levi\">Hotel K5 Levi<\/h2>\n\n\n\n<div class=\"wp-block-media-text alignwide is-stacked-on-mobile is-vertically-aligned-center is-image-fill-element has-general-1-background-color has-background\"><figure class=\"wp-block-media-text__media\"><img loading=\"lazy\" decoding=\"async\" width=\"1024\" height=\"576\" src=\"https:\/\/www.kassiopeia.fi\/hotel-k5-levi\/wp-content\/uploads\/sites\/4\/2024\/11\/k5-aula-1024x576.jpg\" alt=\"\" class=\"wp-image-843 size-full\" style=\"object-position:50% 50%\" srcset=\"https:\/\/www.kassiopeia.fi\/hotel-k5-levi\/wp-content\/uploads\/sites\/4\/2024\/11\/k5-aula-1024x576.jpg 1024w, https:\/\/www.kassiopeia.fi\/hotel-k5-levi\/wp-content\/uploads\/sites\/4\/2024\/11\/k5-aula-300x169.jpg 300w, https:\/\/www.kassiopeia.fi\/hotel-k5-levi\/wp-content\/uploads\/sites\/4\/2024\/11\/k5-aula-768x432.jpg 768w, https:\/\/www.kassiopeia.fi\/hotel-k5-levi\/wp-content\/uploads\/sites\/4\/2024\/11\/k5-aula-1536x864.jpg 1536w, https:\/\/www.kassiopeia.fi\/hotel-k5-levi\/wp-content\/uploads\/sites\/4\/2024\/11\/k5-aula.jpg 2000w\" sizes=\"auto, (max-width: 1024px) 100vw, 1024px\" \/><\/figure><div class=\"wp-block-media-text__content\">\n<h3 class=\"wp-block-heading\" id=\"h-hotel-k5-vastaanotto\"><strong>Hotel K5 vastaanotto<\/strong><\/h3>\n\n\n\n<style>\n    \n<\/style>\n\n<span class=\"wp-block-acf-yhteystiedot-text\"><div class=\"align wp-block-acf-yhteystiedot has-text-color has-black-color\">Reception 24\/7<\/div><\/span>\n\n\n<p><strong>Vastaanoton puhelinnumero<\/strong><\/p>\n\n\n\n<div class=\"wp-block-columns is-not-stacked-on-mobile is-layout-flex wp-container-core-columns-is-layout-28f84493 wp-block-columns-is-layout-flex\">\n<div class=\"wp-block-column is-layout-flow wp-block-column-is-layout-flow\" style=\"flex-basis:10%\">\n<figure class=\"wp-block-image size-large is-resized\"><a href=\"tel:+358 16 639 1100\"><img decoding=\"async\" src=\"https:\/\/www.kassiopeia.fi\/hotel-matts\/wp-content\/uploads\/sites\/2\/2024\/09\/call_matts.svg\" alt=\"\" class=\"wp-image-869\" style=\"width:50px\"\/><\/a><\/figure>\n<\/div>\n\n\n\n<div class=\"wp-block-column is-layout-flow wp-block-column-is-layout-flow\" style=\"flex-basis:66.66%\">\n<style>\n    \n<\/style>\n\n<span class=\"wp-block-acf-yhteystiedot-tel\"><a class=\"align wp-block-acf-yhteystiedot has-text-color has-black-color\" href=\"tel:+358 16 639 1100\">+358 16 639 1100<\/a><\/span><\/div>\n<\/div>\n\n\n\n<div class=\"wp-block-columns is-not-stacked-on-mobile is-layout-flex wp-container-core-columns-is-layout-28f84493 wp-block-columns-is-layout-flex\">\n<div class=\"wp-block-column is-layout-flow wp-block-column-is-layout-flow\" style=\"flex-basis:10%\">\n<figure class=\"wp-block-image size-large is-resized\"><a href=\"https:\/\/kite.wildix.com\/kassiopeia\/300?autocall\" target=\"_blank\" rel=\"noreferrer noopener\"><img decoding=\"async\" src=\"https:\/\/www.kassiopeia.fi\/hotel-matts\/wp-content\/uploads\/sites\/2\/2025\/02\/webcall_matts.svg\" alt=\"\" class=\"wp-image-6020\" style=\"width:50px\"\/><\/a><\/figure>\n<\/div>\n\n\n\n<div class=\"wp-block-column is-layout-flow wp-block-column-is-layout-flow\" style=\"flex-basis:66.66%\">\n<p><a href=\"https:\/\/kite.wildix.com\/kassiopeia\/300?autocall\" target=\"_blank\" rel=\"noreferrer noopener\">Verkkopuhelu<\/a><\/p>\n<\/div>\n<\/div>\n\n\n\n<p>Hotellin ollessa suljettu yhdistyv\u00e4t puhelut Hotel Levi Panoraman vastaanottoon.<\/p>\n\n\n\n<p><strong>Uloskirjautuminen<\/strong><br>Uloskirjautuminen on viimeist\u00e4\u00e4n klo 11.00.\u202f Mahdollisuutta my\u00f6h\u00e4isemp\u00e4\u00e4n huoneen luovutukseen voi tiedustella vastaanotosta aikaisintaan edellisen\u00e4 p\u00e4iv\u00e4n\u00e4. Vastaanotossa on matkatavaras\u00e4ilytys k\u00e4ytett\u00e4viss\u00e4 (Suljettu kes\u00e4n ajan).<\/p>\n\n\n\n<p><strong>Wi-Fi\u202f<\/strong><br>K5 guest (ei tarvitse salasanaa)<\/p>\n\n\n\n<p><strong>Siivous<\/strong><br>P\u00e4iv\u00e4siivous tehd\u00e4\u00e4n hotellihuoneissa klo 9.00-16.00 v\u00e4lisen\u00e4 aikana. Jos ette tarvitse p\u00e4iv\u00e4siivousta, niin laittakaa \u00c4l\u00e4 h\u00e4iritse -kyltti oveen. Mik\u00e4li haluatte, ett\u00e4 pyyhkeenne vaihdetaan, niin j\u00e4tt\u00e4k\u00e4\u00e4 ne kylpyhuoneen lattialle.<\/p>\n<\/div><\/div>\n\n\n\n<div class=\"wp-block-media-text alignwide has-media-on-the-right is-stacked-on-mobile is-vertically-aligned-center is-image-fill-element has-general-1-background-color has-background\"><div class=\"wp-block-media-text__content\">\n<h3 class=\"wp-block-heading has-text-align-center\" id=\"h-ravintola-katka\"><strong>Ravintola K\u00e4tk\u00e4<\/strong><\/h3>\n\n\n\n\n<style>\n    #wp-block-acf-tietokentat-1236549804 p {\n        margin: 0px;\n        margin-bottom: 9px;\n        <br \/>\n<b>Warning<\/b>:  Undefined variable $textAlign in <b>\/var\/www\/kassiopeia.fi\/git-repo\/kassiopeia\/kassiopeia-custom-blocks\/blocks\/tietokentat\/block.php<\/b> on line <b>74<\/b><br \/>\n    }\n<\/style>\n\n<div class=\"align wp-block-acf-tietokentat has-text-color has-black-color\" id=\"wp-block-acf-tietokentat-1236549804\"><p style=\"text-align: center\"><strong><a href=\"https:\/\/www.kassiopeia.fi\/hotel-k5-levi\/en\/restaurant-katka\/breakfast\/\">Breakfast <\/a><\/strong><a href=\"https:\/\/www.kassiopeia.fi\/hotel-k5-levi\/en\/restaurant-katka\/breakfast\/\">\u2794<\/a><br \/>\nMon\u2013Fri 7.00\u201310.00 a.m.<br \/>\nSat\u2013Sun 7.00\u201310.30 a.m.<br \/>\nUntil April 19<\/p>\n<p style=\"text-align: center\"><strong><a href=\"https:\/\/www.kassiopeia.fi\/hotel-k5-levi\/en\/restaurant-katka\/lunch\/\">Lunch <\/a><\/strong><a href=\"https:\/\/www.kassiopeia.fi\/hotel-k5-levi\/en\/restaurant-katka\/lunch\/\">\u2794<\/a><br \/>\nMon\u2013Fri 11am to 2pm<br \/>\nUntil 17.4.<\/p>\n<p style=\"text-align: center\"><strong><a href=\"https:\/\/www.kassiopeia.fi\/hotel-k5-levi\/en\/cafe-katka-2\/\">Caf\u00e9 K\u00e4tk\u00e4 <\/a><\/strong><a href=\"https:\/\/www.kassiopeia.fi\/hotel-k5-levi\/en\/cafe-katka-2\/\">\u2794<\/a><br \/>\n10.00 a.m.\u20136.00 p.m. until April 12<br \/>\n13.4.-18.4. 10am to 4pm<\/p>\n<p style=\"text-align: center\"><strong><a href=\"https:\/\/www.kassiopeia.fi\/hotel-k5-levi\/en\/restaurant-katka\/drinks\/\">Lobby Bar <\/a><\/strong><a href=\"https:\/\/www.kassiopeia.fi\/hotel-k5-levi\/en\/restaurant-katka\/drinks\/\">\u2794<\/a><br \/>\n9:00 a.m. \u2013 1:30 a.m<\/p>\n<p>&nbsp;<\/p>\n<\/div>\n\n\n\n<h3 class=\"wp-block-heading has-text-align-center\" id=\"h-saamen-kammi\"><strong>Saamen Kammi<\/strong><\/h3>\n\n\n\n<p class=\"has-text-align-center\">Tunnelmallinen lappilaisia herkkuja tarjoava ravintola Hotel K5:n pihapiiriss\u00e4. Aukioloajat ja varaukset\u00a0<a href=\"https:\/\/www.kammi.fi\/\" target=\"_blank\" rel=\"noreferrer noopener\">Saamen Kammin sivuilta<\/a>. <\/p>\n<\/div><figure class=\"wp-block-media-text__media\"><img loading=\"lazy\" decoding=\"async\" width=\"1024\" height=\"683\" src=\"https:\/\/www.kassiopeia.fi\/hotel-k5-levi\/wp-content\/uploads\/sites\/4\/2024\/11\/lihapullat_ravintola_katka-1024x683.jpg\" alt=\"\" class=\"wp-image-864 size-full\" style=\"object-position:50% 50%\" srcset=\"https:\/\/www.kassiopeia.fi\/hotel-k5-levi\/wp-content\/uploads\/sites\/4\/2024\/11\/lihapullat_ravintola_katka-1024x683.jpg 1024w, https:\/\/www.kassiopeia.fi\/hotel-k5-levi\/wp-content\/uploads\/sites\/4\/2024\/11\/lihapullat_ravintola_katka-300x200.jpg 300w, https:\/\/www.kassiopeia.fi\/hotel-k5-levi\/wp-content\/uploads\/sites\/4\/2024\/11\/lihapullat_ravintola_katka-768x512.jpg 768w, https:\/\/www.kassiopeia.fi\/hotel-k5-levi\/wp-content\/uploads\/sites\/4\/2024\/11\/lihapullat_ravintola_katka-1536x1024.jpg 1536w, https:\/\/www.kassiopeia.fi\/hotel-k5-levi\/wp-content\/uploads\/sites\/4\/2024\/11\/lihapullat_ravintola_katka.jpg 1920w\" sizes=\"auto, (max-width: 1024px) 100vw, 1024px\" \/><\/figure><\/div>\n\n\n\n<div class=\"wp-block-media-text alignwide is-stacked-on-mobile is-vertically-aligned-center is-image-fill-element has-general-1-background-color has-background\"><figure class=\"wp-block-media-text__media\"><img loading=\"lazy\" decoding=\"async\" width=\"1024\" height=\"520\" src=\"https:\/\/www.kassiopeia.fi\/hotel-k5-levi\/wp-content\/uploads\/sites\/4\/2024\/10\/hotel-k5-levi-talvella-e1667293574842-1024x520.jpg\" alt=\"\" class=\"wp-image-64 size-full\" style=\"object-position:50% 50%\" srcset=\"https:\/\/www.kassiopeia.fi\/hotel-k5-levi\/wp-content\/uploads\/sites\/4\/2024\/10\/hotel-k5-levi-talvella-e1667293574842-1024x520.jpg 1024w, https:\/\/www.kassiopeia.fi\/hotel-k5-levi\/wp-content\/uploads\/sites\/4\/2024\/10\/hotel-k5-levi-talvella-e1667293574842-300x152.jpg 300w, https:\/\/www.kassiopeia.fi\/hotel-k5-levi\/wp-content\/uploads\/sites\/4\/2024\/10\/hotel-k5-levi-talvella-e1667293574842-768x390.jpg 768w, https:\/\/www.kassiopeia.fi\/hotel-k5-levi\/wp-content\/uploads\/sites\/4\/2024\/10\/hotel-k5-levi-talvella-e1667293574842-1536x780.jpg 1536w, https:\/\/www.kassiopeia.fi\/hotel-k5-levi\/wp-content\/uploads\/sites\/4\/2024\/10\/hotel-k5-levi-talvella-e1667293574842.jpg 2001w\" sizes=\"auto, (max-width: 1024px) 100vw, 1024px\" \/><\/figure><div class=\"wp-block-media-text__content\">\n<h3 class=\"wp-block-heading\" id=\"h-muut-palvelut\">Muut palvelut<\/h3>\n\n\n\n<p><strong>Suksivarasto<\/strong><br>-2 kerros, autotallin per\u00e4ll\u00e4. Suljettu kes\u00e4n ajan.<\/p>\n\n\n\n<p><strong>Kuntosali<\/strong><br>-1. kerroksessa auki klo 7.00-22.00. Suljettu kes\u00e4n ajan.<\/p>\n\n\n\n<p><strong>Pesula<\/strong><br>-2. kerros, itsepalvelu. Suljettu kes\u00e4n ajan.<\/p>\n\n\n\n<p><strong>Kota<\/strong><br>Hotellin takapihalla poroaitauksen vieress\u00e4 oleva kota on asiakkaiden vapaassa k\u00e4yt\u00f6ss\u00e4. Avaimen saa hotellin vastaanotosta. Hotellin ollessa suljettu, avaintiedustelut Hotel Levi Panoraman vastaanotosta puh. 016 336 3000.&nbsp;<\/p>\n\n\n\n<p><strong>K5 Villas polttopuut<\/strong><br>Polttopuut ovat maksullisia ja niit\u00e4 voi ostaa hotellin vastaanotosta. Hotellin ollessa kiinni suosittelemme ostamaan polttopuut l\u00e4himarketeista.<\/p>\n\n\n\n<p><strong>Vuokraa auto<\/strong><br>Yhteisty\u00f6kumppanimme&nbsp;<strong>Omagon<\/strong>&nbsp;kautta voit helposti vuokrata auton suoraan hotelliltamme \u2013 vaikka vain muutamaksi tunniksi.<\/p>\n\n\n\n<p>Varaa ja avaa auto suoraan Omago-sovelluksella. Lataa sovellus ja varaa auto lomallesi!<br><br><a href=\"https:\/\/omago.fi\/auton-vuokraus\" target=\"_blank\" rel=\"noreferrer noopener\">https:\/\/omago.fi\/auton-vuokraus<\/a><\/p>\n<\/div><\/div>\n\n\n\n<div class=\"wp-block-group alignfull has-general-1-background-color has-background is-layout-constrained wp-container-core-group-is-layout-232c5566 wp-block-group-is-layout-constrained\" style=\"padding-top:var(--wp--preset--spacing--70);padding-right:var(--wp--preset--spacing--40);padding-bottom:var(--wp--preset--spacing--70);padding-left:var(--wp--preset--spacing--40)\">\n<figure class=\"wp-block-gallery has-nested-images columns-default is-cropped wp-block-gallery-2 is-layout-flex wp-block-gallery-is-layout-flex\">\n<figure class=\"wp-block-image size-large\"><img loading=\"lazy\" decoding=\"async\" width=\"768\" height=\"687\" data-id=\"528\" src=\"https:\/\/www.kassiopeia.fi\/hotel-k5-levi\/wp-content\/uploads\/sites\/4\/2024\/10\/hotelk5-ravintola-katka-kartta.jpg\" alt=\"Hotel K5 kartta: Hotel K5 Levin yhteydess\u00e4 sijaitsee Ravintola K\u00e4tk\u00e4. Poroaitaus sijaitsee Hotellin sis\u00e4pihalla. K5 Villakset sijaitsevat Hotel K5 pihapiiriss\u00e4.\" class=\"wp-image-528\" srcset=\"https:\/\/www.kassiopeia.fi\/hotel-k5-levi\/wp-content\/uploads\/sites\/4\/2024\/10\/hotelk5-ravintola-katka-kartta.jpg 768w, https:\/\/www.kassiopeia.fi\/hotel-k5-levi\/wp-content\/uploads\/sites\/4\/2024\/10\/hotelk5-ravintola-katka-kartta-300x268.jpg 300w\" sizes=\"auto, (max-width: 768px) 100vw, 768px\" \/><\/figure>\n<\/figure>\n<\/div>\n<\/div>\n","protected":false},"excerpt":{"rendered":"<p>Hotelli-info \/ Hotel K5 Levi Hotel K5 Levi Hotel K5 vastaanotto Vastaanoton puhelinnumero Verkkopuhelu Hotellin ollessa suljettu yhdistyv\u00e4t puhelut Hotel Levi Panoraman vastaanottoon. UloskirjautuminenUloskirjautuminen on viimeist\u00e4\u00e4n klo 11.00.\u202f Mahdollisuutta my\u00f6h\u00e4isemp\u00e4\u00e4n huoneen luovutukseen voi tiedustella vastaanotosta aikaisintaan edellisen\u00e4 p\u00e4iv\u00e4n\u00e4. Vastaanotossa on matkatavaras\u00e4ilytys k\u00e4ytett\u00e4viss\u00e4 (Suljettu kes\u00e4n ajan). Wi-Fi\u202fK5 guest (ei tarvitse salasanaa) SiivousP\u00e4iv\u00e4siivous tehd\u00e4\u00e4n hotellihuoneissa klo 9.00-16.00 [&hellip;]<\/p>\n","protected":false},"author":7,"featured_media":0,"parent":884,"menu_order":0,"comment_status":"closed","ping_status":"closed","template":"blank","meta":{"_acf_changed":false,"footnotes":""},"class_list":["post-964","page","type-page","status-publish","hentry"],"acf":[],"yoast_head":"<!-- This site is optimized with the Yoast SEO Premium plugin v27.2 (Yoast SEO v27.2) - https:\/\/yoast.com\/product\/yoast-seo-premium-wordpress\/ -->\n<title>Hotelli-info Hotelli - Hotel K5 Levi<\/title>\n<meta name=\"robots\" content=\"index, follow, max-snippet:-1, max-image-preview:large, max-video-preview:-1\" \/>\n<link rel=\"canonical\" href=\"https:\/\/www.kassiopeia.fi\/hotel-k5-levi\/hotelli-info\/hotelli\/\" \/>\n<meta property=\"og:locale\" content=\"en_US\" \/>\n<meta property=\"og:type\" content=\"article\" \/>\n<meta property=\"og:title\" content=\"Hotelli-info Hotelli\" \/>\n<meta property=\"og:description\" content=\"Hotelli-info \/ Hotel K5 Levi Hotel K5 Levi Hotel K5 vastaanotto Vastaanoton puhelinnumero Verkkopuhelu Hotellin ollessa suljettu yhdistyv\u00e4t puhelut Hotel Levi Panoraman vastaanottoon. UloskirjautuminenUloskirjautuminen on viimeist\u00e4\u00e4n klo 11.00.\u202f Mahdollisuutta my\u00f6h\u00e4isemp\u00e4\u00e4n huoneen luovutukseen voi tiedustella vastaanotosta aikaisintaan edellisen\u00e4 p\u00e4iv\u00e4n\u00e4. Vastaanotossa on matkatavaras\u00e4ilytys k\u00e4ytett\u00e4viss\u00e4 (Suljettu kes\u00e4n ajan). Wi-Fi\u202fK5 guest (ei tarvitse salasanaa) SiivousP\u00e4iv\u00e4siivous tehd\u00e4\u00e4n hotellihuoneissa klo 9.00-16.00 [&hellip;]\" \/>\n<meta property=\"og:url\" content=\"https:\/\/www.kassiopeia.fi\/hotel-k5-levi\/hotelli-info\/hotelli\/\" \/>\n<meta property=\"og:site_name\" content=\"Hotel K5 Levi\" \/>\n<meta property=\"article:modified_time\" content=\"2025-11-03T10:07:23+00:00\" \/>\n<meta property=\"og:image\" content=\"https:\/\/www.kassiopeia.fi\/hotel-k5-levi\/wp-content\/uploads\/sites\/4\/2024\/10\/Hotel-K5-Levi_hero.jpg\" \/>\n\t<meta property=\"og:image:width\" content=\"2000\" \/>\n\t<meta property=\"og:image:height\" content=\"1500\" \/>\n\t<meta property=\"og:image:type\" content=\"image\/jpeg\" \/>\n<meta name=\"twitter:card\" content=\"summary_large_image\" \/>\n<meta name=\"twitter:label1\" content=\"Est. reading time\" \/>\n\t<meta name=\"twitter:data1\" content=\"3 minutes\" \/>\n<script type=\"application\/ld+json\" class=\"yoast-schema-graph\">{\"@context\":\"https:\/\/schema.org\",\"@graph\":[{\"@type\":\"WebPage\",\"@id\":\"https:\/\/www.kassiopeia.fi\/hotel-k5-levi\/hotelli-info\/hotelli\/\",\"url\":\"https:\/\/www.kassiopeia.fi\/hotel-k5-levi\/hotelli-info\/hotelli\/\",\"name\":\"Hotelli-info Hotelli - Hotel K5 Levi\",\"isPartOf\":{\"@id\":\"https:\/\/www.kassiopeia.fi\/hotel-k5-levi\/#website\"},\"primaryImageOfPage\":{\"@id\":\"https:\/\/www.kassiopeia.fi\/hotel-k5-levi\/hotelli-info\/hotelli\/#primaryimage\"},\"image\":{\"@id\":\"https:\/\/www.kassiopeia.fi\/hotel-k5-levi\/hotelli-info\/hotelli\/#primaryimage\"},\"thumbnailUrl\":\"https:\/\/www.kassiopeia.fi\/hotel-k5-levi\/wp-content\/uploads\/sites\/4\/2024\/10\/Hotel-K5-Levi_hero.jpg\",\"datePublished\":\"2024-11-01T08:50:01+00:00\",\"dateModified\":\"2025-11-03T10:07:23+00:00\",\"breadcrumb\":{\"@id\":\"https:\/\/www.kassiopeia.fi\/hotel-k5-levi\/hotelli-info\/hotelli\/#breadcrumb\"},\"inLanguage\":\"en-US\",\"potentialAction\":[{\"@type\":\"ReadAction\",\"target\":[\"https:\/\/www.kassiopeia.fi\/hotel-k5-levi\/hotelli-info\/hotelli\/\"]}]},{\"@type\":\"ImageObject\",\"inLanguage\":\"en-US\",\"@id\":\"https:\/\/www.kassiopeia.fi\/hotel-k5-levi\/hotelli-info\/hotelli\/#primaryimage\",\"url\":\"https:\/\/www.kassiopeia.fi\/hotel-k5-levi\/wp-content\/uploads\/sites\/4\/2024\/10\/Hotel-K5-Levi_hero.jpg\",\"contentUrl\":\"https:\/\/www.kassiopeia.fi\/hotel-k5-levi\/wp-content\/uploads\/sites\/4\/2024\/10\/Hotel-K5-Levi_hero.jpg\",\"width\":2000,\"height\":1500,\"caption\":\"Hotel K5 Levi ulkoa talvella.\"},{\"@type\":\"BreadcrumbList\",\"@id\":\"https:\/\/www.kassiopeia.fi\/hotel-k5-levi\/hotelli-info\/hotelli\/#breadcrumb\",\"itemListElement\":[{\"@type\":\"ListItem\",\"position\":1,\"name\":\"Home\",\"item\":\"https:\/\/www.kassiopeia.fi\/hotel-k5-levi\/\"},{\"@type\":\"ListItem\",\"position\":2,\"name\":\"Hotelli-info\",\"item\":\"https:\/\/www.kassiopeia.fi\/hotel-k5-levi\/hotelli-info\/\"},{\"@type\":\"ListItem\",\"position\":3,\"name\":\"Hotelli-info Hotelli\"}]},{\"@type\":\"WebSite\",\"@id\":\"https:\/\/www.kassiopeia.fi\/hotel-k5-levi\/#website\",\"url\":\"https:\/\/www.kassiopeia.fi\/hotel-k5-levi\/\",\"name\":\"Hotel K5 Levi\",\"description\":\"\",\"potentialAction\":[{\"@type\":\"SearchAction\",\"target\":{\"@type\":\"EntryPoint\",\"urlTemplate\":\"https:\/\/www.kassiopeia.fi\/hotel-k5-levi\/?s={search_term_string}\"},\"query-input\":{\"@type\":\"PropertyValueSpecification\",\"valueRequired\":true,\"valueName\":\"search_term_string\"}}],\"inLanguage\":\"en-US\"}]}<\/script>\n<!-- \/ Yoast SEO Premium plugin. -->","yoast_head_json":{"title":"Hotelli-info Hotelli - Hotel K5 Levi","robots":{"index":"index","follow":"follow","max-snippet":"max-snippet:-1","max-image-preview":"max-image-preview:large","max-video-preview":"max-video-preview:-1"},"canonical":"https:\/\/www.kassiopeia.fi\/hotel-k5-levi\/hotelli-info\/hotelli\/","og_locale":"en_US","og_type":"article","og_title":"Hotelli-info Hotelli","og_description":"Hotelli-info \/ Hotel K5 Levi Hotel K5 Levi Hotel K5 vastaanotto Vastaanoton puhelinnumero Verkkopuhelu Hotellin ollessa suljettu yhdistyv\u00e4t puhelut Hotel Levi Panoraman vastaanottoon. UloskirjautuminenUloskirjautuminen on viimeist\u00e4\u00e4n klo 11.00.\u202f Mahdollisuutta my\u00f6h\u00e4isemp\u00e4\u00e4n huoneen luovutukseen voi tiedustella vastaanotosta aikaisintaan edellisen\u00e4 p\u00e4iv\u00e4n\u00e4. Vastaanotossa on matkatavaras\u00e4ilytys k\u00e4ytett\u00e4viss\u00e4 (Suljettu kes\u00e4n ajan). Wi-Fi\u202fK5 guest (ei tarvitse salasanaa) SiivousP\u00e4iv\u00e4siivous tehd\u00e4\u00e4n hotellihuoneissa klo 9.00-16.00 [&hellip;]","og_url":"https:\/\/www.kassiopeia.fi\/hotel-k5-levi\/hotelli-info\/hotelli\/","og_site_name":"Hotel K5 Levi","article_modified_time":"2025-11-03T10:07:23+00:00","og_image":[{"width":2000,"height":1500,"url":"https:\/\/www.kassiopeia.fi\/hotel-k5-levi\/wp-content\/uploads\/sites\/4\/2024\/10\/Hotel-K5-Levi_hero.jpg","type":"image\/jpeg"}],"twitter_card":"summary_large_image","twitter_misc":{"Est. reading time":"3 minutes"},"schema":{"@context":"https:\/\/schema.org","@graph":[{"@type":"WebPage","@id":"https:\/\/www.kassiopeia.fi\/hotel-k5-levi\/hotelli-info\/hotelli\/","url":"https:\/\/www.kassiopeia.fi\/hotel-k5-levi\/hotelli-info\/hotelli\/","name":"Hotelli-info Hotelli - Hotel K5 Levi","isPartOf":{"@id":"https:\/\/www.kassiopeia.fi\/hotel-k5-levi\/#website"},"primaryImageOfPage":{"@id":"https:\/\/www.kassiopeia.fi\/hotel-k5-levi\/hotelli-info\/hotelli\/#primaryimage"},"image":{"@id":"https:\/\/www.kassiopeia.fi\/hotel-k5-levi\/hotelli-info\/hotelli\/#primaryimage"},"thumbnailUrl":"https:\/\/www.kassiopeia.fi\/hotel-k5-levi\/wp-content\/uploads\/sites\/4\/2024\/10\/Hotel-K5-Levi_hero.jpg","datePublished":"2024-11-01T08:50:01+00:00","dateModified":"2025-11-03T10:07:23+00:00","breadcrumb":{"@id":"https:\/\/www.kassiopeia.fi\/hotel-k5-levi\/hotelli-info\/hotelli\/#breadcrumb"},"inLanguage":"en-US","potentialAction":[{"@type":"ReadAction","target":["https:\/\/www.kassiopeia.fi\/hotel-k5-levi\/hotelli-info\/hotelli\/"]}]},{"@type":"ImageObject","inLanguage":"en-US","@id":"https:\/\/www.kassiopeia.fi\/hotel-k5-levi\/hotelli-info\/hotelli\/#primaryimage","url":"https:\/\/www.kassiopeia.fi\/hotel-k5-levi\/wp-content\/uploads\/sites\/4\/2024\/10\/Hotel-K5-Levi_hero.jpg","contentUrl":"https:\/\/www.kassiopeia.fi\/hotel-k5-levi\/wp-content\/uploads\/sites\/4\/2024\/10\/Hotel-K5-Levi_hero.jpg","width":2000,"height":1500,"caption":"Hotel K5 Levi ulkoa talvella."},{"@type":"BreadcrumbList","@id":"https:\/\/www.kassiopeia.fi\/hotel-k5-levi\/hotelli-info\/hotelli\/#breadcrumb","itemListElement":[{"@type":"ListItem","position":1,"name":"Home","item":"https:\/\/www.kassiopeia.fi\/hotel-k5-levi\/"},{"@type":"ListItem","position":2,"name":"Hotelli-info","item":"https:\/\/www.kassiopeia.fi\/hotel-k5-levi\/hotelli-info\/"},{"@type":"ListItem","position":3,"name":"Hotelli-info Hotelli"}]},{"@type":"WebSite","@id":"https:\/\/www.kassiopeia.fi\/hotel-k5-levi\/#website","url":"https:\/\/www.kassiopeia.fi\/hotel-k5-levi\/","name":"Hotel K5 Levi","description":"","potentialAction":[{"@type":"SearchAction","target":{"@type":"EntryPoint","urlTemplate":"https:\/\/www.kassiopeia.fi\/hotel-k5-levi\/?s={search_term_string}"},"query-input":{"@type":"PropertyValueSpecification","valueRequired":true,"valueName":"search_term_string"}}],"inLanguage":"en-US"}]}},"lang":"fi","translations":{"fi":964,"en":906},"pll_sync_post":[],"_links":{"self":[{"href":"https:\/\/www.kassiopeia.fi\/hotel-k5-levi\/wp-json\/wp\/v2\/pages\/964","targetHints":{"allow":["GET"]}}],"collection":[{"href":"https:\/\/www.kassiopeia.fi\/hotel-k5-levi\/wp-json\/wp\/v2\/pages"}],"about":[{"href":"https:\/\/www.kassiopeia.fi\/hotel-k5-levi\/wp-json\/wp\/v2\/types\/page"}],"author":[{"embeddable":true,"href":"https:\/\/www.kassiopeia.fi\/hotel-k5-levi\/wp-json\/wp\/v2\/users\/7"}],"replies":[{"embeddable":true,"href":"https:\/\/www.kassiopeia.fi\/hotel-k5-levi\/wp-json\/wp\/v2\/comments?post=964"}],"version-history":[{"count":15,"href":"https:\/\/www.kassiopeia.fi\/hotel-k5-levi\/wp-json\/wp\/v2\/pages\/964\/revisions"}],"predecessor-version":[{"id":2912,"href":"https:\/\/www.kassiopeia.fi\/hotel-k5-levi\/wp-json\/wp\/v2\/pages\/964\/revisions\/2912"}],"up":[{"embeddable":true,"href":"https:\/\/www.kassiopeia.fi\/hotel-k5-levi\/wp-json\/wp\/v2\/pages\/884"}],"wp:attachment":[{"href":"https:\/\/www.kassiopeia.fi\/hotel-k5-levi\/wp-json\/wp\/v2\/media?parent=964"}],"curies":[{"name":"wp","href":"https:\/\/api.w.org\/{rel}","templated":true}]}}