{"id":96,"date":"2024-10-24T13:16:52","date_gmt":"2024-10-24T13:16:52","guid":{"rendered":"https:\/\/www.kassiopeia.fi\/hotel-k5-levi\/?page_id=96"},"modified":"2025-10-22T05:30:36","modified_gmt":"2025-10-22T05:30:36","slug":"aamiainen","status":"publish","type":"page","link":"https:\/\/www.kassiopeia.fi\/hotel-k5-levi\/ravintola-katka\/aamiainen\/","title":{"rendered":"Aamiainen"},"content":{"rendered":"\n<div class=\"wp-block-cover alignfull is-light cover-hero wp-duotone-unset-1\" style=\"margin-top:0px;margin-bottom:0px;padding-top:0px;padding-right:0px;padding-bottom:0px;padding-left:0px;min-height:30vw;aspect-ratio:unset;\"><img loading=\"lazy\" decoding=\"async\" width=\"1000\" height=\"667\" class=\"wp-block-cover__image-background wp-image-2111 size-full\" alt=\"Ravintola K\u00e4tk\u00e4n aamiaisbuffetin tuotteista koottu aamiainen.\" src=\"https:\/\/www.kassiopeia.fi\/hotel-k5-levi\/wp-content\/uploads\/sites\/4\/2025\/02\/ravintola-katkan-aamiaisbuffetin-raikkaat-ruokatuotteet.jpg\" data-object-fit=\"cover\" srcset=\"https:\/\/www.kassiopeia.fi\/hotel-k5-levi\/wp-content\/uploads\/sites\/4\/2025\/02\/ravintola-katkan-aamiaisbuffetin-raikkaat-ruokatuotteet.jpg 1000w, https:\/\/www.kassiopeia.fi\/hotel-k5-levi\/wp-content\/uploads\/sites\/4\/2025\/02\/ravintola-katkan-aamiaisbuffetin-raikkaat-ruokatuotteet-300x200.jpg 300w, https:\/\/www.kassiopeia.fi\/hotel-k5-levi\/wp-content\/uploads\/sites\/4\/2025\/02\/ravintola-katkan-aamiaisbuffetin-raikkaat-ruokatuotteet-768x512.jpg 768w\" sizes=\"auto, (max-width: 1000px) 100vw, 1000px\" \/><span aria-hidden=\"true\" class=\"wp-block-cover__background has-black-background-color has-background-dim-0 has-background-dim\"><\/span><div class=\"wp-block-cover__inner-container is-layout-flow wp-container-core-cover-is-layout-6e17fc20 wp-block-cover-is-layout-flow\">\n<h1 class=\"wp-block-heading has-text-align-center\" id=\"h-\" style=\"font-size:70px\"><\/h1>\n\n\n\n<p><\/p>\n<\/div><\/div>\n\n\n\n<div class=\"breadcrumb-container\"><ul id=\"breadcrumbs\" class=\"breadcrumbs\"><li class=\"item-home\"><a class=\"bread-link bread-home\" href=\"https:\/\/www.kassiopeia.fi\/hotel-k5-levi\" title=\"Hotel K5 Levi\">Hotel K5 Levi<\/a><\/li><li class=\"separator separator-home\"> \/ <\/li><\/ul><\/div>\n<style>\n    \n<\/style>\n\n\n<div class=\"wp-block-group alignfull is-layout-constrained wp-container-core-group-is-layout-294a2ad3 wp-block-group-is-layout-constrained\" style=\"margin-top:0;margin-bottom:0;padding-top:var(--wp--preset--spacing--40);padding-right:var(--wp--preset--spacing--40);padding-bottom:var(--wp--preset--spacing--70);padding-left:var(--wp--preset--spacing--40)\">\n<figure class=\"wp-block-image aligncenter size-medium\"><img loading=\"lazy\" decoding=\"async\" width=\"300\" height=\"108\" src=\"https:\/\/www.kassiopeia.fi\/hotel-k5-levi\/wp-content\/uploads\/sites\/4\/2024\/10\/restaurantkatka_logo_rgb_1000px-300x108.jpg\" alt=\"\" class=\"wp-image-623\" srcset=\"https:\/\/www.kassiopeia.fi\/hotel-k5-levi\/wp-content\/uploads\/sites\/4\/2024\/10\/restaurantkatka_logo_rgb_1000px-300x108.jpg 300w, https:\/\/www.kassiopeia.fi\/hotel-k5-levi\/wp-content\/uploads\/sites\/4\/2024\/10\/restaurantkatka_logo_rgb_1000px-768x277.jpg 768w, https:\/\/www.kassiopeia.fi\/hotel-k5-levi\/wp-content\/uploads\/sites\/4\/2024\/10\/restaurantkatka_logo_rgb_1000px.jpg 1000w\" sizes=\"auto, (max-width: 300px) 100vw, 300px\" \/><\/figure>\n<\/div>\n\n\n\n<div class=\"wp-block-group alignfull is-layout-constrained wp-container-core-group-is-layout-244a2f0a wp-block-group-is-layout-constrained\" style=\"padding-top:var(--wp--preset--spacing--50);padding-right:var(--wp--preset--spacing--40);padding-bottom:var(--wp--preset--spacing--70);padding-left:var(--wp--preset--spacing--40)\">\n<div class=\"wp-block-group alignwide ingress is-layout-constrained wp-block-group-is-layout-constrained\">\n<h1 class=\"wp-block-heading has-text-align-center\" id=\"h-ravintola-katkan-aamiainen\" style=\"margin-bottom:var(--wp--preset--spacing--60)\">ravintola k\u00e4tk\u00e4n aamiainen<\/h1>\n\n\n\n<p class=\"has-text-align-center has-large-font-size\">Aloita aamusi maittavalla ja monipuolisella Ravintola K\u00e4tk\u00e4n aamiaisella poroaitauksen asukkeja ihaillen! <br><\/p>\n<\/div>\n\n\n\n<div class=\"wp-block-group alignfull is-layout-constrained wp-container-core-group-is-layout-af458586 wp-block-group-is-layout-constrained\" style=\"margin-top:0;margin-bottom:0;padding-top:0;padding-right:var(--wp--preset--spacing--40);padding-bottom:0;padding-left:0\">\n\n<style>\n    #wp-block-acf-tietokentat-599414493 p {\n        margin: 0px;\n        margin-bottom: 9px;\n        <br \/>\n<b>Warning<\/b>:  Undefined variable $textAlign in <b>\/var\/www\/kassiopeia.fi\/git-repo\/kassiopeia\/kassiopeia-custom-blocks\/blocks\/tietokentat\/block.php<\/b> on line <b>74<\/b><br \/>\n    }\n<\/style>\n\n<div class=\"align wp-block-acf-tietokentat has-text-color has-black-color\" id=\"wp-block-acf-tietokentat-599414493\"><p style=\"text-align: center;\"><strong>Restaurant K\u00e4tk\u00e4\u00a0<\/strong><\/p>\n<p style=\"text-align: center;\"><em>Restaurant services are closed from April 20 to November 8, 2026.<\/em><\/p>\n<p style=\"text-align: center;\">K\u00e4tk\u00e4nrannantie 2, 99130 Levi<br \/>\n<a href=\"mailto:restaurantkatka@kassiopeia.fi\" target=\"_blank\" rel=\"noreferrer noopener\">restaurantkatka@kassiopeia.fi<\/a><br \/>\n+358 16 639 1100<\/p>\n<\/div>\n<\/div>\n<\/div>\n\n\n\n<div class=\"wp-block-group alignfull has-k-5-levi-9-background-color has-background is-layout-constrained wp-container-core-group-is-layout-0c9c989a wp-block-group-is-layout-constrained\" style=\"margin-top:0;margin-bottom:0;padding-top:var(--wp--preset--spacing--70);padding-right:var(--wp--preset--spacing--40);padding-bottom:var(--wp--preset--spacing--70);padding-left:var(--wp--preset--spacing--40)\">\n<div class=\"wp-block-media-text alignwide is-stacked-on-mobile is-vertically-aligned-center is-image-fill-element has-general-1-background-color has-background\" style=\"margin-bottom:var(--wp--preset--spacing--70)\"><figure class=\"wp-block-media-text__media\"><img loading=\"lazy\" decoding=\"async\" width=\"1024\" height=\"576\" src=\"https:\/\/www.kassiopeia.fi\/hotel-k5-levi\/wp-content\/uploads\/sites\/4\/2024\/11\/levi-aamiainen-hotelk5-1024x576.jpg\" alt=\"Ravintola K\u00e4tk\u00e4n aamiaisbuffet katettuna p\u00f6yt\u00e4\u00e4n.\" class=\"wp-image-860 size-full\" style=\"object-position:50% 50%\" srcset=\"https:\/\/www.kassiopeia.fi\/hotel-k5-levi\/wp-content\/uploads\/sites\/4\/2024\/11\/levi-aamiainen-hotelk5-1024x576.jpg 1024w, https:\/\/www.kassiopeia.fi\/hotel-k5-levi\/wp-content\/uploads\/sites\/4\/2024\/11\/levi-aamiainen-hotelk5-300x169.jpg 300w, https:\/\/www.kassiopeia.fi\/hotel-k5-levi\/wp-content\/uploads\/sites\/4\/2024\/11\/levi-aamiainen-hotelk5-768x432.jpg 768w, https:\/\/www.kassiopeia.fi\/hotel-k5-levi\/wp-content\/uploads\/sites\/4\/2024\/11\/levi-aamiainen-hotelk5-1536x864.jpg 1536w, https:\/\/www.kassiopeia.fi\/hotel-k5-levi\/wp-content\/uploads\/sites\/4\/2024\/11\/levi-aamiainen-hotelk5.jpg 2000w\" sizes=\"auto, (max-width: 1024px) 100vw, 1024px\" \/><\/figure><div class=\"wp-block-media-text__content\">\n<h3 class=\"wp-block-heading\" id=\"h-tervetuloa-aamiaiselle\">Tervetuloa aamiaiselle!<\/h3>\n\n\n\n<p>Hotel K5 Levin majoittuville hotelliasiakkaille aamiainen sis\u00e4ltyy huoneen hintaan, mutta herkulliselle aamiaiselle ovat l\u00e4mpim\u00e4sti tervetulleita my\u00f6s muualla majoittuvat!<br><br>Runsaan aamiaisen hinta ilman y\u00f6pymist\u00e4<br><strong>17 \u20ac\/hl\u00f6&nbsp;<\/strong>(lapset alle 12 v. 8,50 \u20ac).<\/p>\n<\/div><\/div>\n\n\n\n<div class=\"wp-block-media-text alignwide has-media-on-the-right is-stacked-on-mobile is-vertically-aligned-center is-image-fill-element has-general-1-background-color has-background\"><div class=\"wp-block-media-text__content\">\n<h3 class=\"wp-block-heading\" id=\"h-tervehdi-samalla-poroja\">Tervehdi samalla poroja<\/h3>\n\n\n\n<p>Hotellimme edustalla on aitaus, jossa p\u00e4\u00e4set talvella <a href=\"https:\/\/www.kassiopeia.fi\/hotel-k5-levi\/porot\/\">tervehtim\u00e4\u00e4n poroja<\/a>. Hotellin vastaanotossa on myynniss\u00e4 j\u00e4k\u00e4l\u00e4\u00e4, joka on porojen lempiruokaa, ja jolla voit ruokkia ja tutustua poroihimme l\u00e4hemp\u00e4\u00e4.<\/p>\n<\/div><figure class=\"wp-block-media-text__media\"><img loading=\"lazy\" decoding=\"async\" width=\"1024\" height=\"683\" src=\"https:\/\/www.kassiopeia.fi\/hotel-k5-levi\/wp-content\/uploads\/sites\/4\/2024\/10\/poroaitaus-hotelk5levi-1024x683.jpg\" alt=\"Hotel K5 Levin pihapiirin porot.\" class=\"wp-image-72 size-full\" style=\"object-position:50% 50%\" srcset=\"https:\/\/www.kassiopeia.fi\/hotel-k5-levi\/wp-content\/uploads\/sites\/4\/2024\/10\/poroaitaus-hotelk5levi-1024x683.jpg 1024w, https:\/\/www.kassiopeia.fi\/hotel-k5-levi\/wp-content\/uploads\/sites\/4\/2024\/10\/poroaitaus-hotelk5levi-300x200.jpg 300w, https:\/\/www.kassiopeia.fi\/hotel-k5-levi\/wp-content\/uploads\/sites\/4\/2024\/10\/poroaitaus-hotelk5levi-768x512.jpg 768w, https:\/\/www.kassiopeia.fi\/hotel-k5-levi\/wp-content\/uploads\/sites\/4\/2024\/10\/poroaitaus-hotelk5levi-1536x1024.jpg 1536w, https:\/\/www.kassiopeia.fi\/hotel-k5-levi\/wp-content\/uploads\/sites\/4\/2024\/10\/poroaitaus-hotelk5levi.jpg 1920w\" sizes=\"auto, (max-width: 1024px) 100vw, 1024px\" \/><\/figure><\/div>\n<\/div>\n","protected":false},"excerpt":{"rendered":"<p>ravintola k\u00e4tk\u00e4n aamiainen Aloita aamusi maittavalla ja monipuolisella Ravintola K\u00e4tk\u00e4n aamiaisella poroaitauksen asukkeja ihaillen! Tervetuloa aamiaiselle! Hotel K5 Levin majoittuville hotelliasiakkaille aamiainen sis\u00e4ltyy huoneen hintaan, mutta herkulliselle aamiaiselle ovat l\u00e4mpim\u00e4sti tervetulleita my\u00f6s muualla majoittuvat! Runsaan aamiaisen hinta ilman y\u00f6pymist\u00e417 \u20ac\/hl\u00f6&nbsp;(lapset alle 12 v. 8,50 \u20ac). Tervehdi samalla poroja Hotellimme edustalla on aitaus, jossa p\u00e4\u00e4set talvella [&hellip;]<\/p>\n","protected":false},"author":1,"featured_media":0,"parent":94,"menu_order":0,"comment_status":"closed","ping_status":"closed","template":"","meta":{"_acf_changed":false,"footnotes":""},"class_list":["post-96","page","type-page","status-publish","hentry"],"acf":[],"yoast_head":"<!-- This site is optimized with the Yoast SEO Premium plugin v27.2 (Yoast SEO v27.2) - https:\/\/yoast.com\/product\/yoast-seo-premium-wordpress\/ -->\n<title>Aamiainen - Hotel K5 Levi<\/title>\n<meta name=\"description\" content=\"Aloita aamusi maittavalla ja monipuolisella Ravintola K\u00e4tk\u00e4n aamiaisella Hotel K5 Leviss\u00e4 poroaitauksen asukkeja ihaillen!\" \/>\n<meta name=\"robots\" content=\"index, follow, max-snippet:-1, max-image-preview:large, max-video-preview:-1\" \/>\n<link rel=\"canonical\" href=\"https:\/\/www.kassiopeia.fi\/hotel-k5-levi\/ravintola-katka\/aamiainen\/\" \/>\n<meta property=\"og:locale\" content=\"en_US\" \/>\n<meta property=\"og:type\" content=\"article\" \/>\n<meta property=\"og:title\" content=\"Aamiainen\" \/>\n<meta property=\"og:description\" content=\"Aloita aamusi maittavalla ja monipuolisella Ravintola K\u00e4tk\u00e4n aamiaisella Hotel K5 Leviss\u00e4 poroaitauksen asukkeja ihaillen!\" \/>\n<meta property=\"og:url\" content=\"https:\/\/www.kassiopeia.fi\/hotel-k5-levi\/ravintola-katka\/aamiainen\/\" \/>\n<meta property=\"og:site_name\" content=\"Hotel K5 Levi\" \/>\n<meta property=\"article:modified_time\" content=\"2025-10-22T05:30:36+00:00\" \/>\n<meta property=\"og:image\" content=\"https:\/\/www.kassiopeia.fi\/hotel-k5-levi\/wp-content\/uploads\/sites\/4\/2025\/02\/ravintola-katkan-aamiaisbuffetin-raikkaat-ruokatuotteet.jpg\" \/>\n\t<meta property=\"og:image:width\" content=\"1000\" \/>\n\t<meta property=\"og:image:height\" content=\"667\" \/>\n\t<meta property=\"og:image:type\" content=\"image\/jpeg\" \/>\n<meta name=\"twitter:card\" content=\"summary_large_image\" \/>\n<meta name=\"twitter:label1\" content=\"Est. reading time\" \/>\n\t<meta name=\"twitter:data1\" content=\"2 minutes\" \/>\n<script type=\"application\/ld+json\" class=\"yoast-schema-graph\">{\"@context\":\"https:\/\/schema.org\",\"@graph\":[{\"@type\":\"WebPage\",\"@id\":\"https:\/\/www.kassiopeia.fi\/hotel-k5-levi\/ravintola-katka\/aamiainen\/\",\"url\":\"https:\/\/www.kassiopeia.fi\/hotel-k5-levi\/ravintola-katka\/aamiainen\/\",\"name\":\"Aamiainen - Hotel K5 Levi\",\"isPartOf\":{\"@id\":\"https:\/\/www.kassiopeia.fi\/hotel-k5-levi\/#website\"},\"primaryImageOfPage\":{\"@id\":\"https:\/\/www.kassiopeia.fi\/hotel-k5-levi\/ravintola-katka\/aamiainen\/#primaryimage\"},\"image\":{\"@id\":\"https:\/\/www.kassiopeia.fi\/hotel-k5-levi\/ravintola-katka\/aamiainen\/#primaryimage\"},\"thumbnailUrl\":\"https:\/\/www.kassiopeia.fi\/hotel-k5-levi\/wp-content\/uploads\/sites\/4\/2025\/02\/ravintola-katkan-aamiaisbuffetin-raikkaat-ruokatuotteet.jpg\",\"datePublished\":\"2024-10-24T13:16:52+00:00\",\"dateModified\":\"2025-10-22T05:30:36+00:00\",\"description\":\"Aloita aamusi maittavalla ja monipuolisella Ravintola K\u00e4tk\u00e4n aamiaisella Hotel K5 Leviss\u00e4 poroaitauksen asukkeja ihaillen!\",\"breadcrumb\":{\"@id\":\"https:\/\/www.kassiopeia.fi\/hotel-k5-levi\/ravintola-katka\/aamiainen\/#breadcrumb\"},\"inLanguage\":\"en-US\",\"potentialAction\":[{\"@type\":\"ReadAction\",\"target\":[\"https:\/\/www.kassiopeia.fi\/hotel-k5-levi\/ravintola-katka\/aamiainen\/\"]}]},{\"@type\":\"ImageObject\",\"inLanguage\":\"en-US\",\"@id\":\"https:\/\/www.kassiopeia.fi\/hotel-k5-levi\/ravintola-katka\/aamiainen\/#primaryimage\",\"url\":\"https:\/\/www.kassiopeia.fi\/hotel-k5-levi\/wp-content\/uploads\/sites\/4\/2025\/02\/ravintola-katkan-aamiaisbuffetin-raikkaat-ruokatuotteet.jpg\",\"contentUrl\":\"https:\/\/www.kassiopeia.fi\/hotel-k5-levi\/wp-content\/uploads\/sites\/4\/2025\/02\/ravintola-katkan-aamiaisbuffetin-raikkaat-ruokatuotteet.jpg\",\"width\":1000,\"height\":667,\"caption\":\"Ravintola K\u00e4tk\u00e4n aamiaisbuffetin tuotteista koottu aamiainen.\"},{\"@type\":\"BreadcrumbList\",\"@id\":\"https:\/\/www.kassiopeia.fi\/hotel-k5-levi\/ravintola-katka\/aamiainen\/#breadcrumb\",\"itemListElement\":[{\"@type\":\"ListItem\",\"position\":1,\"name\":\"Home\",\"item\":\"https:\/\/www.kassiopeia.fi\/hotel-k5-levi\/\"},{\"@type\":\"ListItem\",\"position\":2,\"name\":\"Ravintola K\u00e4tk\u00e4\",\"item\":\"https:\/\/www.kassiopeia.fi\/hotel-k5-levi\/ravintola-katka\/\"},{\"@type\":\"ListItem\",\"position\":3,\"name\":\"Aamiainen\"}]},{\"@type\":\"WebSite\",\"@id\":\"https:\/\/www.kassiopeia.fi\/hotel-k5-levi\/#website\",\"url\":\"https:\/\/www.kassiopeia.fi\/hotel-k5-levi\/\",\"name\":\"Hotel K5 Levi\",\"description\":\"\",\"potentialAction\":[{\"@type\":\"SearchAction\",\"target\":{\"@type\":\"EntryPoint\",\"urlTemplate\":\"https:\/\/www.kassiopeia.fi\/hotel-k5-levi\/?s={search_term_string}\"},\"query-input\":{\"@type\":\"PropertyValueSpecification\",\"valueRequired\":true,\"valueName\":\"search_term_string\"}}],\"inLanguage\":\"en-US\"}]}<\/script>\n<!-- \/ Yoast SEO Premium plugin. -->","yoast_head_json":{"title":"Aamiainen - Hotel K5 Levi","description":"Aloita aamusi maittavalla ja monipuolisella Ravintola K\u00e4tk\u00e4n aamiaisella Hotel K5 Leviss\u00e4 poroaitauksen asukkeja ihaillen!","robots":{"index":"index","follow":"follow","max-snippet":"max-snippet:-1","max-image-preview":"max-image-preview:large","max-video-preview":"max-video-preview:-1"},"canonical":"https:\/\/www.kassiopeia.fi\/hotel-k5-levi\/ravintola-katka\/aamiainen\/","og_locale":"en_US","og_type":"article","og_title":"Aamiainen","og_description":"Aloita aamusi maittavalla ja monipuolisella Ravintola K\u00e4tk\u00e4n aamiaisella Hotel K5 Leviss\u00e4 poroaitauksen asukkeja ihaillen!","og_url":"https:\/\/www.kassiopeia.fi\/hotel-k5-levi\/ravintola-katka\/aamiainen\/","og_site_name":"Hotel K5 Levi","article_modified_time":"2025-10-22T05:30:36+00:00","og_image":[{"width":1000,"height":667,"url":"https:\/\/www.kassiopeia.fi\/hotel-k5-levi\/wp-content\/uploads\/sites\/4\/2025\/02\/ravintola-katkan-aamiaisbuffetin-raikkaat-ruokatuotteet.jpg","type":"image\/jpeg"}],"twitter_card":"summary_large_image","twitter_misc":{"Est. reading time":"2 minutes"},"schema":{"@context":"https:\/\/schema.org","@graph":[{"@type":"WebPage","@id":"https:\/\/www.kassiopeia.fi\/hotel-k5-levi\/ravintola-katka\/aamiainen\/","url":"https:\/\/www.kassiopeia.fi\/hotel-k5-levi\/ravintola-katka\/aamiainen\/","name":"Aamiainen - Hotel K5 Levi","isPartOf":{"@id":"https:\/\/www.kassiopeia.fi\/hotel-k5-levi\/#website"},"primaryImageOfPage":{"@id":"https:\/\/www.kassiopeia.fi\/hotel-k5-levi\/ravintola-katka\/aamiainen\/#primaryimage"},"image":{"@id":"https:\/\/www.kassiopeia.fi\/hotel-k5-levi\/ravintola-katka\/aamiainen\/#primaryimage"},"thumbnailUrl":"https:\/\/www.kassiopeia.fi\/hotel-k5-levi\/wp-content\/uploads\/sites\/4\/2025\/02\/ravintola-katkan-aamiaisbuffetin-raikkaat-ruokatuotteet.jpg","datePublished":"2024-10-24T13:16:52+00:00","dateModified":"2025-10-22T05:30:36+00:00","description":"Aloita aamusi maittavalla ja monipuolisella Ravintola K\u00e4tk\u00e4n aamiaisella Hotel K5 Leviss\u00e4 poroaitauksen asukkeja ihaillen!","breadcrumb":{"@id":"https:\/\/www.kassiopeia.fi\/hotel-k5-levi\/ravintola-katka\/aamiainen\/#breadcrumb"},"inLanguage":"en-US","potentialAction":[{"@type":"ReadAction","target":["https:\/\/www.kassiopeia.fi\/hotel-k5-levi\/ravintola-katka\/aamiainen\/"]}]},{"@type":"ImageObject","inLanguage":"en-US","@id":"https:\/\/www.kassiopeia.fi\/hotel-k5-levi\/ravintola-katka\/aamiainen\/#primaryimage","url":"https:\/\/www.kassiopeia.fi\/hotel-k5-levi\/wp-content\/uploads\/sites\/4\/2025\/02\/ravintola-katkan-aamiaisbuffetin-raikkaat-ruokatuotteet.jpg","contentUrl":"https:\/\/www.kassiopeia.fi\/hotel-k5-levi\/wp-content\/uploads\/sites\/4\/2025\/02\/ravintola-katkan-aamiaisbuffetin-raikkaat-ruokatuotteet.jpg","width":1000,"height":667,"caption":"Ravintola K\u00e4tk\u00e4n aamiaisbuffetin tuotteista koottu aamiainen."},{"@type":"BreadcrumbList","@id":"https:\/\/www.kassiopeia.fi\/hotel-k5-levi\/ravintola-katka\/aamiainen\/#breadcrumb","itemListElement":[{"@type":"ListItem","position":1,"name":"Home","item":"https:\/\/www.kassiopeia.fi\/hotel-k5-levi\/"},{"@type":"ListItem","position":2,"name":"Ravintola K\u00e4tk\u00e4","item":"https:\/\/www.kassiopeia.fi\/hotel-k5-levi\/ravintola-katka\/"},{"@type":"ListItem","position":3,"name":"Aamiainen"}]},{"@type":"WebSite","@id":"https:\/\/www.kassiopeia.fi\/hotel-k5-levi\/#website","url":"https:\/\/www.kassiopeia.fi\/hotel-k5-levi\/","name":"Hotel K5 Levi","description":"","potentialAction":[{"@type":"SearchAction","target":{"@type":"EntryPoint","urlTemplate":"https:\/\/www.kassiopeia.fi\/hotel-k5-levi\/?s={search_term_string}"},"query-input":{"@type":"PropertyValueSpecification","valueRequired":true,"valueName":"search_term_string"}}],"inLanguage":"en-US"}]}},"lang":"fi","translations":{"fi":96},"pll_sync_post":[],"_links":{"self":[{"href":"https:\/\/www.kassiopeia.fi\/hotel-k5-levi\/wp-json\/wp\/v2\/pages\/96","targetHints":{"allow":["GET"]}}],"collection":[{"href":"https:\/\/www.kassiopeia.fi\/hotel-k5-levi\/wp-json\/wp\/v2\/pages"}],"about":[{"href":"https:\/\/www.kassiopeia.fi\/hotel-k5-levi\/wp-json\/wp\/v2\/types\/page"}],"author":[{"embeddable":true,"href":"https:\/\/www.kassiopeia.fi\/hotel-k5-levi\/wp-json\/wp\/v2\/users\/1"}],"replies":[{"embeddable":true,"href":"https:\/\/www.kassiopeia.fi\/hotel-k5-levi\/wp-json\/wp\/v2\/comments?post=96"}],"version-history":[{"count":24,"href":"https:\/\/www.kassiopeia.fi\/hotel-k5-levi\/wp-json\/wp\/v2\/pages\/96\/revisions"}],"predecessor-version":[{"id":2828,"href":"https:\/\/www.kassiopeia.fi\/hotel-k5-levi\/wp-json\/wp\/v2\/pages\/96\/revisions\/2828"}],"up":[{"embeddable":true,"href":"https:\/\/www.kassiopeia.fi\/hotel-k5-levi\/wp-json\/wp\/v2\/pages\/94"}],"wp:attachment":[{"href":"https:\/\/www.kassiopeia.fi\/hotel-k5-levi\/wp-json\/wp\/v2\/media?parent=96"}],"curies":[{"name":"wp","href":"https:\/\/api.w.org\/{rel}","templated":true}]}}