{"id":952,"date":"2024-11-01T08:20:28","date_gmt":"2024-11-01T08:20:28","guid":{"rendered":"https:\/\/www.kassiopeia.fi\/hotel-k5-levi\/?page_id=952"},"modified":"2025-11-03T10:08:05","modified_gmt":"2025-11-03T10:08:05","slug":"hotel","status":"publish","type":"page","link":"https:\/\/www.kassiopeia.fi\/hotel-k5-levi\/en\/hotel-info\/hotel\/","title":{"rendered":"Hotel Info Hotel"},"content":{"rendered":"\n<div class=\"wp-block-cover alignfull is-light cover-hero wp-duotone-unset-1\" style=\"margin-top:0px;margin-bottom:0px;padding-top:0px;padding-right:0px;padding-bottom:0px;padding-left:0px;min-height:30vw;aspect-ratio:unset;\"><img loading=\"lazy\" decoding=\"async\" width=\"2000\" height=\"1500\" class=\"wp-block-cover__image-background wp-image-28\" alt=\"\" src=\"https:\/\/www.kassiopeia.fi\/hotel-k5-levi\/wp-content\/uploads\/sites\/4\/2024\/10\/Hotel-K5-Levi_hero.jpg\" style=\"object-position:50% 65%\" data-object-fit=\"cover\" data-object-position=\"50% 65%\" srcset=\"https:\/\/www.kassiopeia.fi\/hotel-k5-levi\/wp-content\/uploads\/sites\/4\/2024\/10\/Hotel-K5-Levi_hero.jpg 2000w, https:\/\/www.kassiopeia.fi\/hotel-k5-levi\/wp-content\/uploads\/sites\/4\/2024\/10\/Hotel-K5-Levi_hero-300x225.jpg 300w, https:\/\/www.kassiopeia.fi\/hotel-k5-levi\/wp-content\/uploads\/sites\/4\/2024\/10\/Hotel-K5-Levi_hero-1024x768.jpg 1024w, https:\/\/www.kassiopeia.fi\/hotel-k5-levi\/wp-content\/uploads\/sites\/4\/2024\/10\/Hotel-K5-Levi_hero-768x576.jpg 768w, https:\/\/www.kassiopeia.fi\/hotel-k5-levi\/wp-content\/uploads\/sites\/4\/2024\/10\/Hotel-K5-Levi_hero-1536x1152.jpg 1536w\" sizes=\"auto, (max-width: 2000px) 100vw, 2000px\" \/><span aria-hidden=\"true\" class=\"wp-block-cover__background has-black-background-color has-background-dim-0 has-background-dim\"><\/span><div class=\"wp-block-cover__inner-container is-layout-flow wp-container-core-cover-is-layout-6e17fc20 wp-block-cover-is-layout-flow\">\n<h1 class=\"wp-block-heading has-text-align-center\" id=\"h-\" style=\"font-size:70px\"><\/h1>\n\n\n\n<p><\/p>\n<\/div><\/div>\n\n\n\n<div class=\"wp-block-group alignfull has-k-5-levi-9-background-color has-background is-layout-constrained wp-container-core-group-is-layout-35abefa8 wp-block-group-is-layout-constrained\" style=\"margin-top:0;margin-bottom:0;padding-top:var(--wp--preset--spacing--40);padding-right:var(--wp--preset--spacing--40);padding-bottom:0;padding-left:var(--wp--preset--spacing--40)\">\n<p class=\"link-blank has-text-color has-link-color has-small-font-size wp-elements-69b490b4fe8e76f7c558254e0a227ccb\" style=\"color:#929292\"><a href=\"https:\/\/www.kassiopeia.fi\/hotel-k5-levi\/en\/hotel-info\/\">Hotel info<\/a> \/ Hotel<\/p>\n<\/div>\n\n\n\n<div class=\"wp-block-group alignfull has-k-5-levi-9-background-color has-background is-layout-constrained wp-container-core-group-is-layout-0c9c989a wp-block-group-is-layout-constrained\" style=\"margin-top:0;margin-bottom:0;padding-top:var(--wp--preset--spacing--70);padding-right:var(--wp--preset--spacing--40);padding-bottom:var(--wp--preset--spacing--70);padding-left:var(--wp--preset--spacing--40)\">\n<h2 class=\"wp-block-heading has-blue-color has-text-color has-link-color wp-elements-c2511d5a36ac12f41a504a5e798f8536\" id=\"h-hotel\">Hotel<\/h2>\n\n\n\n<div class=\"wp-block-media-text alignwide has-media-on-the-right is-stacked-on-mobile is-vertically-aligned-center is-image-fill-element\" style=\"margin-top:var(--wp--preset--spacing--60);margin-bottom:var(--wp--preset--spacing--60)\"><div class=\"wp-block-media-text__content\">\n<div style=\"height:22px\" aria-hidden=\"true\" class=\"wp-block-spacer\"><\/div>\n\n\n\n<h3 class=\"wp-block-heading\" id=\"h-hotel-k5-reception\"><strong>Hotel K5 Reception<\/strong><\/h3>\n\n\n\n<style>\n    \n<\/style>\n\n<span class=\"wp-block-acf-yhteystiedot-text\"><div class=\"align wp-block-acf-yhteystiedot has-text-color has-black-color\">Reception 24\/7<\/div><\/span>\n\n\n<p><strong>Phone number of the recepition<\/strong><\/p>\n\n\n\n<div class=\"wp-block-columns is-not-stacked-on-mobile is-layout-flex wp-container-core-columns-is-layout-28f84493 wp-block-columns-is-layout-flex\">\n<div class=\"wp-block-column is-layout-flow wp-block-column-is-layout-flow\" style=\"flex-basis:10%\">\n<figure class=\"wp-block-image size-large is-resized\"><a href=\"tel:+358 16 639 1100\"><img decoding=\"async\" src=\"https:\/\/www.kassiopeia.fi\/hotel-matts\/wp-content\/uploads\/sites\/2\/2024\/09\/call_matts.svg\" alt=\"\" class=\"wp-image-869\" style=\"width:50px\"\/><\/a><\/figure>\n<\/div>\n\n\n\n<div class=\"wp-block-column is-layout-flow wp-block-column-is-layout-flow\" style=\"flex-basis:66.66%\">\n<style>\n    \n<\/style>\n\n<span class=\"wp-block-acf-yhteystiedot-tel\"><a class=\"align wp-block-acf-yhteystiedot has-text-color has-black-color\" href=\"tel:+358 16 639 1100\">+358 16 639 1100<\/a><\/span><\/div>\n<\/div>\n\n\n\n<div class=\"wp-block-columns is-not-stacked-on-mobile is-layout-flex wp-container-core-columns-is-layout-28f84493 wp-block-columns-is-layout-flex\">\n<div class=\"wp-block-column is-layout-flow wp-block-column-is-layout-flow\" style=\"flex-basis:10%\">\n<figure class=\"wp-block-image size-large is-resized\"><a href=\"https:\/\/kite.wildix.com\/kassiopeia\/300?autocall\" target=\"_blank\" rel=\"noreferrer noopener\"><img decoding=\"async\" src=\"https:\/\/www.kassiopeia.fi\/hotel-matts\/wp-content\/uploads\/sites\/2\/2025\/02\/webcall_matts.svg\" alt=\"\" class=\"wp-image-6020\" style=\"width:50px\"\/><\/a><\/figure>\n<\/div>\n\n\n\n<div class=\"wp-block-column is-layout-flow wp-block-column-is-layout-flow\" style=\"flex-basis:66.66%\">\n<p><a href=\"https:\/\/kite.wildix.com\/kassiopeia\/300?autocall\" target=\"_blank\" rel=\"noreferrer noopener\">Online call<\/a><\/p>\n<\/div>\n<\/div>\n\n\n\n<p>In the summer time calls are connected to reception at Hotel Levi Panorama.<\/p>\n\n\n\n<p><strong>Check-out<\/strong><br>Check-out is by 11.00. You can inquiry a possibility for a later check-out (for a fee) at earliest one day before departure. There is a luggage room at the lobby area (Closed for the summer).<\/p>\n\n\n\n<p><strong>Wi-Fi\u202f<\/strong><br>K5 guest (no need for password)<\/p>\n\n\n\n<p><strong>Cleaning<\/strong><br>Stayover cleaning in hotel rooms is done between 9.00 and 16.00. Please, put the Do not disturb -sign on the door, if you wish to skip stayover cleaning. If you wish to get fresh towels during the cleaning, please leave them on the bathroom floor.<\/p>\n\n\n\n<div style=\"height:40px\" aria-hidden=\"true\" class=\"wp-block-spacer\"><\/div>\n<\/div><figure class=\"wp-block-media-text__media\"><img loading=\"lazy\" decoding=\"async\" width=\"1024\" height=\"576\" src=\"https:\/\/www.kassiopeia.fi\/hotel-k5-levi\/wp-content\/uploads\/sites\/4\/2024\/11\/k5-aula-1024x576.jpg\" alt=\"\" class=\"wp-image-843 size-full\" style=\"object-position:59% 52%\" srcset=\"https:\/\/www.kassiopeia.fi\/hotel-k5-levi\/wp-content\/uploads\/sites\/4\/2024\/11\/k5-aula-1024x576.jpg 1024w, https:\/\/www.kassiopeia.fi\/hotel-k5-levi\/wp-content\/uploads\/sites\/4\/2024\/11\/k5-aula-300x169.jpg 300w, https:\/\/www.kassiopeia.fi\/hotel-k5-levi\/wp-content\/uploads\/sites\/4\/2024\/11\/k5-aula-768x432.jpg 768w, https:\/\/www.kassiopeia.fi\/hotel-k5-levi\/wp-content\/uploads\/sites\/4\/2024\/11\/k5-aula-1536x864.jpg 1536w, https:\/\/www.kassiopeia.fi\/hotel-k5-levi\/wp-content\/uploads\/sites\/4\/2024\/11\/k5-aula.jpg 2000w\" sizes=\"auto, (max-width: 1024px) 100vw, 1024px\" \/><\/figure><\/div>\n\n\n\n<div class=\"wp-block-media-text alignwide is-stacked-on-mobile is-vertically-aligned-center is-image-fill-element\" style=\"margin-top:var(--wp--preset--spacing--60);margin-bottom:var(--wp--preset--spacing--60)\"><figure class=\"wp-block-media-text__media\"><img loading=\"lazy\" decoding=\"async\" width=\"1024\" height=\"683\" src=\"https:\/\/www.kassiopeia.fi\/hotel-k5-levi\/wp-content\/uploads\/sites\/4\/2024\/11\/lihapullat_ravintola_katka-1024x683.jpg\" alt=\"\" class=\"wp-image-864 size-full\" style=\"object-position:50% 50%\" srcset=\"https:\/\/www.kassiopeia.fi\/hotel-k5-levi\/wp-content\/uploads\/sites\/4\/2024\/11\/lihapullat_ravintola_katka-1024x683.jpg 1024w, https:\/\/www.kassiopeia.fi\/hotel-k5-levi\/wp-content\/uploads\/sites\/4\/2024\/11\/lihapullat_ravintola_katka-300x200.jpg 300w, https:\/\/www.kassiopeia.fi\/hotel-k5-levi\/wp-content\/uploads\/sites\/4\/2024\/11\/lihapullat_ravintola_katka-768x512.jpg 768w, https:\/\/www.kassiopeia.fi\/hotel-k5-levi\/wp-content\/uploads\/sites\/4\/2024\/11\/lihapullat_ravintola_katka-1536x1024.jpg 1536w, https:\/\/www.kassiopeia.fi\/hotel-k5-levi\/wp-content\/uploads\/sites\/4\/2024\/11\/lihapullat_ravintola_katka.jpg 1920w\" sizes=\"auto, (max-width: 1024px) 100vw, 1024px\" \/><\/figure><div class=\"wp-block-media-text__content\">\n<div style=\"height:22px\" aria-hidden=\"true\" class=\"wp-block-spacer\"><\/div>\n\n\n\n<h3 class=\"wp-block-heading has-text-align-center\" id=\"h-restaurant-katka\"><strong>Restaurant K\u00e4tk\u00e4<\/strong><\/h3>\n\n\n\n\n<style>\n    #wp-block-acf-tietokentat-2139519640 p {\n        margin: 0px;\n        margin-bottom: 9px;\n        <br \/>\n<b>Warning<\/b>:  Undefined variable $textAlign in <b>\/var\/www\/kassiopeia.fi\/git-repo\/kassiopeia\/kassiopeia-custom-blocks\/blocks\/tietokentat\/block.php<\/b> on line <b>74<\/b><br \/>\n    }\n<\/style>\n\n<div class=\"align wp-block-acf-tietokentat has-text-color has-black-color\" id=\"wp-block-acf-tietokentat-2139519640\"><p style=\"text-align: center\"><strong><a href=\"https:\/\/www.kassiopeia.fi\/hotel-k5-levi\/en\/restaurant-katka\/breakfast\/\">Breakfast <\/a><\/strong><a href=\"https:\/\/www.kassiopeia.fi\/hotel-k5-levi\/en\/restaurant-katka\/breakfast\/\">\u2794<\/a><br \/>\nMon\u2013Fri 7.00\u201310.00 a.m.<br \/>\nSat\u2013Sun 7.00\u201310.30 a.m.<br \/>\nUntil April 19<\/p>\n<p style=\"text-align: center\"><strong><a href=\"https:\/\/www.kassiopeia.fi\/hotel-k5-levi\/en\/restaurant-katka\/lunch\/\">Lunch <\/a><\/strong><a href=\"https:\/\/www.kassiopeia.fi\/hotel-k5-levi\/en\/restaurant-katka\/lunch\/\">\u2794<\/a><br \/>\nMon\u2013Fri 11am to 2pm<br \/>\nUntil 17.4.<\/p>\n<p style=\"text-align: center\"><strong><a href=\"https:\/\/www.kassiopeia.fi\/hotel-k5-levi\/en\/cafe-katka-2\/\">Caf\u00e9 K\u00e4tk\u00e4 <\/a><\/strong><a href=\"https:\/\/www.kassiopeia.fi\/hotel-k5-levi\/en\/cafe-katka-2\/\">\u2794<\/a><br \/>\n10.00 a.m.\u20136.00 p.m. until April 12<br \/>\n13.4.-18.4. 10am to 4pm<\/p>\n<p style=\"text-align: center\"><strong><a href=\"https:\/\/www.kassiopeia.fi\/hotel-k5-levi\/en\/restaurant-katka\/drinks\/\">Lobby Bar <\/a><\/strong><a href=\"https:\/\/www.kassiopeia.fi\/hotel-k5-levi\/en\/restaurant-katka\/drinks\/\">\u2794<\/a><br \/>\n9:00 a.m. \u2013 1:30 a.m<\/p>\n<p>&nbsp;<\/p>\n<\/div>\n\n\n\n<h3 class=\"wp-block-heading has-text-align-center\" id=\"h-saamen-kammi\"><strong>Saamen Kammi<\/strong><\/h3>\n\n\n\n<p class=\"has-text-align-center\">Atmospheric restaurant serving Lappish dinner at the backyard of Hotel K5. Menu and table reservations\u00a0<a href=\"https:\/\/www.kammi.fi\/menu-eng.\">here<\/a>\u00a0<\/p>\n\n\n\n<div style=\"height:40px\" aria-hidden=\"true\" class=\"wp-block-spacer\"><\/div>\n<\/div><\/div>\n\n\n\n<div class=\"wp-block-media-text alignwide has-media-on-the-right is-stacked-on-mobile is-vertically-aligned-center is-image-fill-element\" style=\"margin-top:var(--wp--preset--spacing--60);margin-bottom:var(--wp--preset--spacing--60)\"><div class=\"wp-block-media-text__content\">\n<div style=\"height:22px\" aria-hidden=\"true\" class=\"wp-block-spacer\"><\/div>\n\n\n\n<h3 class=\"wp-block-heading\" id=\"h-other-services\">Other Services<\/h3>\n\n\n\n<p><strong>Ski storage&nbsp;<\/strong><br>-2nd floor, at the end of the garage. Closed for the summer.<\/p>\n\n\n\n<p><strong>Gym&nbsp;<\/strong><br>Our gym is located at the -1 floor and is open from 7.00-22.00. Closed for the summer.<\/p>\n\n\n\n<p><strong>Laundry&nbsp;<\/strong><br>-2nd floor, self service. Closed for the summer.<\/p>\n\n\n\n<p><strong>Kota \u2013 Laplander\u2019s hut&nbsp;<\/strong><br>In Kota you can grill sausages and marshmallows on open fire. Guests can use it free of charge. Keys from the reception. When hotel K5 is closed, you can inquire keys from Hotel Levi Panorama tel. +358 (0) 16 336 3000.<\/p>\n\n\n\n<p><strong>K5 Villas Firewood<\/strong><br>Firewood is available for purchase at the hotel reception. If the hotel is closed, we recommend buying firewood from nearby markets.<\/p>\n\n\n\n<p><strong>Rent a Car<\/strong><br>When travelling to Levi, you don\u2019t need to rent a car for your entire holiday! From our partner&nbsp;<strong>Omago,<\/strong>&nbsp;you can easily rent a car from right outside your accommodation \u2013 even just for a few hours.<\/p>\n\n\n\n<p>Book and unlock directly with the Omago app. Perfect for exploring Levi and its surroundings whenever you need a car! Download our app and book your car for your trip today!<br><br><a href=\"https:\/\/omago.fi\/en\/rent\/\" target=\"_blank\" rel=\"noreferrer noopener\">https:\/\/omago.fi\/en\/rent\/<\/a><\/p>\n\n\n\n<div style=\"height:40px\" aria-hidden=\"true\" class=\"wp-block-spacer\"><\/div>\n<\/div><figure class=\"wp-block-media-text__media\"><img loading=\"lazy\" decoding=\"async\" width=\"1024\" height=\"520\" src=\"https:\/\/www.kassiopeia.fi\/hotel-k5-levi\/wp-content\/uploads\/sites\/4\/2024\/10\/hotel-k5-levi-talvella-e1667293574842-1024x520.jpg\" alt=\"\" class=\"wp-image-64 size-full\" style=\"object-position:50% 50%\" srcset=\"https:\/\/www.kassiopeia.fi\/hotel-k5-levi\/wp-content\/uploads\/sites\/4\/2024\/10\/hotel-k5-levi-talvella-e1667293574842-1024x520.jpg 1024w, https:\/\/www.kassiopeia.fi\/hotel-k5-levi\/wp-content\/uploads\/sites\/4\/2024\/10\/hotel-k5-levi-talvella-e1667293574842-300x152.jpg 300w, https:\/\/www.kassiopeia.fi\/hotel-k5-levi\/wp-content\/uploads\/sites\/4\/2024\/10\/hotel-k5-levi-talvella-e1667293574842-768x390.jpg 768w, https:\/\/www.kassiopeia.fi\/hotel-k5-levi\/wp-content\/uploads\/sites\/4\/2024\/10\/hotel-k5-levi-talvella-e1667293574842-1536x780.jpg 1536w, https:\/\/www.kassiopeia.fi\/hotel-k5-levi\/wp-content\/uploads\/sites\/4\/2024\/10\/hotel-k5-levi-talvella-e1667293574842.jpg 2001w\" sizes=\"auto, (max-width: 1024px) 100vw, 1024px\" \/><\/figure><\/div>\n<\/div>\n\n\n\n<div class=\"wp-block-group alignfull has-general-1-background-color has-background is-layout-constrained wp-container-core-group-is-layout-232c5566 wp-block-group-is-layout-constrained\" style=\"padding-top:var(--wp--preset--spacing--70);padding-right:var(--wp--preset--spacing--40);padding-bottom:var(--wp--preset--spacing--70);padding-left:var(--wp--preset--spacing--40)\">\n<figure class=\"wp-block-gallery has-nested-images columns-default is-cropped wp-block-gallery-2 is-layout-flex wp-block-gallery-is-layout-flex\">\n<figure class=\"wp-block-image size-large\"><img loading=\"lazy\" decoding=\"async\" width=\"768\" height=\"687\" data-id=\"528\" src=\"https:\/\/www.kassiopeia.fi\/hotel-k5-levi\/wp-content\/uploads\/sites\/4\/2024\/10\/hotelk5-ravintola-katka-kartta.jpg\" alt=\"Hotel K5 Levi\u00e4s map: Hotel K5 Levi is located K\u00e4tk\u00e4rannantie-road. Restaurant K\u00e4tk\u00e4 is in the same bilding as the hotel. Villas-apartments are located around the area. Reindeer corral is in the couryard.\" class=\"wp-image-528\" srcset=\"https:\/\/www.kassiopeia.fi\/hotel-k5-levi\/wp-content\/uploads\/sites\/4\/2024\/10\/hotelk5-ravintola-katka-kartta.jpg 768w, https:\/\/www.kassiopeia.fi\/hotel-k5-levi\/wp-content\/uploads\/sites\/4\/2024\/10\/hotelk5-ravintola-katka-kartta-300x268.jpg 300w\" sizes=\"auto, (max-width: 768px) 100vw, 768px\" \/><\/figure>\n<\/figure>\n<\/div>\n","protected":false},"excerpt":{"rendered":"<p>Hotel info \/ Hotel Hotel Hotel K5 Reception Phone number of the recepition Online call In the summer time calls are connected to reception at Hotel Levi Panorama. Check-outCheck-out is by 11.00. You can inquiry a possibility for a later check-out (for a fee) at earliest one day before departure. There is a luggage room [&hellip;]<\/p>\n","protected":false},"author":7,"featured_media":0,"parent":906,"menu_order":0,"comment_status":"closed","ping_status":"closed","template":"blank","meta":{"_acf_changed":false,"footnotes":""},"class_list":["post-952","page","type-page","status-publish","hentry"],"acf":[],"yoast_head":"<!-- This site is optimized with the Yoast SEO Premium plugin v27.2 (Yoast SEO v27.2) - https:\/\/yoast.com\/product\/yoast-seo-premium-wordpress\/ -->\n<title>Hotel Info Hotel - Hotel K5 Levi<\/title>\n<meta name=\"robots\" content=\"index, follow, max-snippet:-1, max-image-preview:large, max-video-preview:-1\" \/>\n<link rel=\"canonical\" href=\"https:\/\/www.kassiopeia.fi\/hotel-k5-levi\/en\/hotel-info\/hotel\/\" \/>\n<meta property=\"og:locale\" content=\"en_US\" \/>\n<meta property=\"og:type\" content=\"article\" \/>\n<meta property=\"og:title\" content=\"Hotel Info Hotel\" \/>\n<meta property=\"og:description\" content=\"Hotel info \/ Hotel Hotel Hotel K5 Reception Phone number of the recepition Online call In the summer time calls are connected to reception at Hotel Levi Panorama. Check-outCheck-out is by 11.00. You can inquiry a possibility for a later check-out (for a fee) at earliest one day before departure. There is a luggage room [&hellip;]\" \/>\n<meta property=\"og:url\" content=\"https:\/\/www.kassiopeia.fi\/hotel-k5-levi\/en\/hotel-info\/hotel\/\" \/>\n<meta property=\"og:site_name\" content=\"Hotel K5 Levi\" \/>\n<meta property=\"article:modified_time\" content=\"2025-11-03T10:08:05+00:00\" \/>\n<meta property=\"og:image\" content=\"https:\/\/www.kassiopeia.fi\/hotel-k5-levi\/wp-content\/uploads\/sites\/4\/2024\/10\/Hotel-K5-Levi_hero.jpg\" \/>\n\t<meta property=\"og:image:width\" content=\"2000\" \/>\n\t<meta property=\"og:image:height\" content=\"1500\" \/>\n\t<meta property=\"og:image:type\" content=\"image\/jpeg\" \/>\n<meta name=\"twitter:card\" content=\"summary_large_image\" \/>\n<meta name=\"twitter:label1\" content=\"Est. reading time\" \/>\n\t<meta name=\"twitter:data1\" content=\"3 minutes\" \/>\n<script type=\"application\/ld+json\" class=\"yoast-schema-graph\">{\"@context\":\"https:\/\/schema.org\",\"@graph\":[{\"@type\":\"WebPage\",\"@id\":\"https:\/\/www.kassiopeia.fi\/hotel-k5-levi\/en\/hotel-info\/hotel\/\",\"url\":\"https:\/\/www.kassiopeia.fi\/hotel-k5-levi\/en\/hotel-info\/hotel\/\",\"name\":\"Hotel Info Hotel - Hotel K5 Levi\",\"isPartOf\":{\"@id\":\"https:\/\/www.kassiopeia.fi\/hotel-k5-levi\/#website\"},\"primaryImageOfPage\":{\"@id\":\"https:\/\/www.kassiopeia.fi\/hotel-k5-levi\/en\/hotel-info\/hotel\/#primaryimage\"},\"image\":{\"@id\":\"https:\/\/www.kassiopeia.fi\/hotel-k5-levi\/en\/hotel-info\/hotel\/#primaryimage\"},\"thumbnailUrl\":\"https:\/\/www.kassiopeia.fi\/hotel-k5-levi\/wp-content\/uploads\/sites\/4\/2024\/10\/Hotel-K5-Levi_hero.jpg\",\"datePublished\":\"2024-11-01T08:20:28+00:00\",\"dateModified\":\"2025-11-03T10:08:05+00:00\",\"breadcrumb\":{\"@id\":\"https:\/\/www.kassiopeia.fi\/hotel-k5-levi\/en\/hotel-info\/hotel\/#breadcrumb\"},\"inLanguage\":\"en-US\",\"potentialAction\":[{\"@type\":\"ReadAction\",\"target\":[\"https:\/\/www.kassiopeia.fi\/hotel-k5-levi\/en\/hotel-info\/hotel\/\"]}]},{\"@type\":\"ImageObject\",\"inLanguage\":\"en-US\",\"@id\":\"https:\/\/www.kassiopeia.fi\/hotel-k5-levi\/en\/hotel-info\/hotel\/#primaryimage\",\"url\":\"https:\/\/www.kassiopeia.fi\/hotel-k5-levi\/wp-content\/uploads\/sites\/4\/2024\/10\/Hotel-K5-Levi_hero.jpg\",\"contentUrl\":\"https:\/\/www.kassiopeia.fi\/hotel-k5-levi\/wp-content\/uploads\/sites\/4\/2024\/10\/Hotel-K5-Levi_hero.jpg\",\"width\":2000,\"height\":1500,\"caption\":\"Hotel K5 Levi ulkoa talvella.\"},{\"@type\":\"BreadcrumbList\",\"@id\":\"https:\/\/www.kassiopeia.fi\/hotel-k5-levi\/en\/hotel-info\/hotel\/#breadcrumb\",\"itemListElement\":[{\"@type\":\"ListItem\",\"position\":1,\"name\":\"Home\",\"item\":\"https:\/\/www.kassiopeia.fi\/hotel-k5-levi\/\"},{\"@type\":\"ListItem\",\"position\":2,\"name\":\"Hotel Info\",\"item\":\"https:\/\/www.kassiopeia.fi\/hotel-k5-levi\/en\/hotel-info\/\"},{\"@type\":\"ListItem\",\"position\":3,\"name\":\"Hotel Info Hotel\"}]},{\"@type\":\"WebSite\",\"@id\":\"https:\/\/www.kassiopeia.fi\/hotel-k5-levi\/#website\",\"url\":\"https:\/\/www.kassiopeia.fi\/hotel-k5-levi\/\",\"name\":\"Hotel K5 Levi\",\"description\":\"\",\"potentialAction\":[{\"@type\":\"SearchAction\",\"target\":{\"@type\":\"EntryPoint\",\"urlTemplate\":\"https:\/\/www.kassiopeia.fi\/hotel-k5-levi\/?s={search_term_string}\"},\"query-input\":{\"@type\":\"PropertyValueSpecification\",\"valueRequired\":true,\"valueName\":\"search_term_string\"}}],\"inLanguage\":\"en-US\"}]}<\/script>\n<!-- \/ Yoast SEO Premium plugin. -->","yoast_head_json":{"title":"Hotel Info Hotel - Hotel K5 Levi","robots":{"index":"index","follow":"follow","max-snippet":"max-snippet:-1","max-image-preview":"max-image-preview:large","max-video-preview":"max-video-preview:-1"},"canonical":"https:\/\/www.kassiopeia.fi\/hotel-k5-levi\/en\/hotel-info\/hotel\/","og_locale":"en_US","og_type":"article","og_title":"Hotel Info Hotel","og_description":"Hotel info \/ Hotel Hotel Hotel K5 Reception Phone number of the recepition Online call In the summer time calls are connected to reception at Hotel Levi Panorama. Check-outCheck-out is by 11.00. You can inquiry a possibility for a later check-out (for a fee) at earliest one day before departure. There is a luggage room [&hellip;]","og_url":"https:\/\/www.kassiopeia.fi\/hotel-k5-levi\/en\/hotel-info\/hotel\/","og_site_name":"Hotel K5 Levi","article_modified_time":"2025-11-03T10:08:05+00:00","og_image":[{"width":2000,"height":1500,"url":"https:\/\/www.kassiopeia.fi\/hotel-k5-levi\/wp-content\/uploads\/sites\/4\/2024\/10\/Hotel-K5-Levi_hero.jpg","type":"image\/jpeg"}],"twitter_card":"summary_large_image","twitter_misc":{"Est. reading time":"3 minutes"},"schema":{"@context":"https:\/\/schema.org","@graph":[{"@type":"WebPage","@id":"https:\/\/www.kassiopeia.fi\/hotel-k5-levi\/en\/hotel-info\/hotel\/","url":"https:\/\/www.kassiopeia.fi\/hotel-k5-levi\/en\/hotel-info\/hotel\/","name":"Hotel Info Hotel - Hotel K5 Levi","isPartOf":{"@id":"https:\/\/www.kassiopeia.fi\/hotel-k5-levi\/#website"},"primaryImageOfPage":{"@id":"https:\/\/www.kassiopeia.fi\/hotel-k5-levi\/en\/hotel-info\/hotel\/#primaryimage"},"image":{"@id":"https:\/\/www.kassiopeia.fi\/hotel-k5-levi\/en\/hotel-info\/hotel\/#primaryimage"},"thumbnailUrl":"https:\/\/www.kassiopeia.fi\/hotel-k5-levi\/wp-content\/uploads\/sites\/4\/2024\/10\/Hotel-K5-Levi_hero.jpg","datePublished":"2024-11-01T08:20:28+00:00","dateModified":"2025-11-03T10:08:05+00:00","breadcrumb":{"@id":"https:\/\/www.kassiopeia.fi\/hotel-k5-levi\/en\/hotel-info\/hotel\/#breadcrumb"},"inLanguage":"en-US","potentialAction":[{"@type":"ReadAction","target":["https:\/\/www.kassiopeia.fi\/hotel-k5-levi\/en\/hotel-info\/hotel\/"]}]},{"@type":"ImageObject","inLanguage":"en-US","@id":"https:\/\/www.kassiopeia.fi\/hotel-k5-levi\/en\/hotel-info\/hotel\/#primaryimage","url":"https:\/\/www.kassiopeia.fi\/hotel-k5-levi\/wp-content\/uploads\/sites\/4\/2024\/10\/Hotel-K5-Levi_hero.jpg","contentUrl":"https:\/\/www.kassiopeia.fi\/hotel-k5-levi\/wp-content\/uploads\/sites\/4\/2024\/10\/Hotel-K5-Levi_hero.jpg","width":2000,"height":1500,"caption":"Hotel K5 Levi ulkoa talvella."},{"@type":"BreadcrumbList","@id":"https:\/\/www.kassiopeia.fi\/hotel-k5-levi\/en\/hotel-info\/hotel\/#breadcrumb","itemListElement":[{"@type":"ListItem","position":1,"name":"Home","item":"https:\/\/www.kassiopeia.fi\/hotel-k5-levi\/"},{"@type":"ListItem","position":2,"name":"Hotel Info","item":"https:\/\/www.kassiopeia.fi\/hotel-k5-levi\/en\/hotel-info\/"},{"@type":"ListItem","position":3,"name":"Hotel Info Hotel"}]},{"@type":"WebSite","@id":"https:\/\/www.kassiopeia.fi\/hotel-k5-levi\/#website","url":"https:\/\/www.kassiopeia.fi\/hotel-k5-levi\/","name":"Hotel K5 Levi","description":"","potentialAction":[{"@type":"SearchAction","target":{"@type":"EntryPoint","urlTemplate":"https:\/\/www.kassiopeia.fi\/hotel-k5-levi\/?s={search_term_string}"},"query-input":{"@type":"PropertyValueSpecification","valueRequired":true,"valueName":"search_term_string"}}],"inLanguage":"en-US"}]}},"lang":"en","translations":{"en":952},"pll_sync_post":[],"_links":{"self":[{"href":"https:\/\/www.kassiopeia.fi\/hotel-k5-levi\/wp-json\/wp\/v2\/pages\/952","targetHints":{"allow":["GET"]}}],"collection":[{"href":"https:\/\/www.kassiopeia.fi\/hotel-k5-levi\/wp-json\/wp\/v2\/pages"}],"about":[{"href":"https:\/\/www.kassiopeia.fi\/hotel-k5-levi\/wp-json\/wp\/v2\/types\/page"}],"author":[{"embeddable":true,"href":"https:\/\/www.kassiopeia.fi\/hotel-k5-levi\/wp-json\/wp\/v2\/users\/7"}],"replies":[{"embeddable":true,"href":"https:\/\/www.kassiopeia.fi\/hotel-k5-levi\/wp-json\/wp\/v2\/comments?post=952"}],"version-history":[{"count":21,"href":"https:\/\/www.kassiopeia.fi\/hotel-k5-levi\/wp-json\/wp\/v2\/pages\/952\/revisions"}],"predecessor-version":[{"id":2913,"href":"https:\/\/www.kassiopeia.fi\/hotel-k5-levi\/wp-json\/wp\/v2\/pages\/952\/revisions\/2913"}],"up":[{"embeddable":true,"href":"https:\/\/www.kassiopeia.fi\/hotel-k5-levi\/wp-json\/wp\/v2\/pages\/906"}],"wp:attachment":[{"href":"https:\/\/www.kassiopeia.fi\/hotel-k5-levi\/wp-json\/wp\/v2\/media?parent=952"}],"curies":[{"name":"wp","href":"https:\/\/api.w.org\/{rel}","templated":true}]}}